{"id":9453,"date":"2022-10-18T12:21:12","date_gmt":"2022-10-18T10:21:12","guid":{"rendered":"http:\/\/dev.editorialclaret.cat\/producte\/la-setmana-tragica\/"},"modified":"2024-05-22T13:05:13","modified_gmt":"2024-05-22T11:05:13","slug":"la-setmana-tragica-9788498463163","status":"publish","type":"product","link":"https:\/\/www.editorialclaret.cat\/es\/producto\/la-setmana-tragica-9788498463163\/","title":{"rendered":"LA SETMANA TR\u00c0GICA"},"content":{"rendered":"<p>Del 26 de juliol al 1r d\u2019agost de 1909 es van produir a Barcelona uns fets violents que han passat a la hist\u00f2ria amb el nom de \u00abSetmana Tr\u00e0gica\u00bb. En complir-se\u2019n enguany el centenari, l\u2019historiador Hilari Raguer ha perparat aquest llibre que convida els lectors a fer la relectura, amb la perspectiva d\u2019un segle entremig, dels articles period\u00edstics que ens va deixar un testimoni d\u2019excepci\u00f3: Joan Maragall. Aquests tres articles van ser acollits amb sort desigual pel gran p\u00fablic. Un d\u2019ells articles, fins i tot, no va superar l\u2019autocensura del diari on s\u2019havia de publicar. Hi ha una cosa que destaca per damunt de tot en aquests escrits, i \u00e9s el seu gruix hum\u00e0 i cristi\u00e0. No s\u00f3n escrits superficials. No s\u00f3n cr\u00f2niques de circumst\u00e0ncies, escrites de lluny. S\u00f3n escrits de lluita, no redactats en calent, sin\u00f3 despr\u00e9s d\u2019unes setmanes de reflexi\u00f3. Maragall els volia col\u00b7locar com c\u00e0rregues de profunditat per fer despertar d\u2019una vegada aquella societat i sobretot aquella Esgl\u00e9sia, que ell veia com adormida. Ara que es parla de mem\u00f2ria hist\u00f2rica farem b\u00e9 de rellegir aquestes p\u00e0gines i, sobretot, de prendre\u2019n model: m\u00e9s que no pas al\u00e7ar el dit per assenyalar culpables, Maragall assenyala i denuncia fets i situacions propis que poden explicar \u2013baldament no justifiquin\u2013 la reacci\u00f3 de la viol\u00e8ncia. No sempre els qui reaccionen violentament s\u00f3n els \u00faltims culpables d\u2019aquella viol\u00e8ncia que ells mateixos generen.<\/p>\n","protected":false},"excerpt":{"rendered":"<p>RAGUER<\/p>\n","protected":false},"featured_media":9454,"template":"","meta":{"_acf_changed":false,"rs_blank_template":"","rs_page_bg_color":"","slide_template_v7":"","inline_featured_image":false,"_monsterinsights_skip_tracking":false,"_monsterinsights_sitenote_active":false,"_monsterinsights_sitenote_note":"","_monsterinsights_sitenote_category":0},"product_brand":[],"product_cat":[16],"product_tag":[],"class_list":{"0":"post-9453","1":"product","2":"type-product","3":"status-publish","4":"has-post-thumbnail","6":"product_cat-sense-categoria","8":"first","9":"instock","10":"taxable","11":"shipping-taxable","12":"purchasable","13":"product-type-simple"},"acf":{"autor":"RAGUER","codart":"849846316","libros-coleccion":"","ediciones":"1","encuadernacion":"R\u00fastica","fecha_de_publicacion":"01\/07\/2009","novedad":"0","paginas":"54","subtitulo":"TRES ARTICLES DE JOAN MARAGALL","orden":"999","portada":"0","idioma":"cat","autores-libros":[{"ID":15801,"post_author":"3","post_date":"2022-10-19 01:01:28","post_date_gmt":"2022-10-18 23:01:28","post_content":"","post_title":"HILARI  RAGUER","post_excerpt":"","post_status":"publish","comment_status":"closed","ping_status":"closed","post_password":"","post_name":"hilari-raguer","to_ping":"","pinged":"","post_modified":"2022-10-19 01:01:28","post_modified_gmt":"2022-10-18 23:01:28","post_content_filtered":"","post_parent":0,"guid":"http:\/\/dev.editorialclaret.cat\/autor\/hilari-raguer\/","menu_order":0,"post_type":"autor","post_mime_type":"","comment_count":"0","filter":"raw"}]},"yoast_head":"<!-- This site is optimized with the Yoast SEO plugin v27.3 - https:\/\/yoast.com\/product\/yoast-seo-wordpress\/ -->\n<title>Editorial Claret<\/title>\n<meta name=\"robots\" content=\"noindex, follow, max-snippet:-1, max-image-preview:large, max-video-preview:-1\" \/>\n<meta property=\"og:locale\" content=\"es_ES\" \/>\n<meta property=\"og:type\" content=\"article\" \/>\n<meta property=\"og:title\" content=\"LA SETMANA TR\u00c0GICA - Editorial Claret\" \/>\n<meta property=\"og:description\" content=\"RAGUER\" \/>\n<meta property=\"og:url\" content=\"https:\/\/www.editorialclaret.cat\/producte\/la-setmana-tragica-9788498463163\/\" \/>\n<meta property=\"og:site_name\" content=\"Editorial Claret\" \/>\n<meta property=\"article:modified_time\" content=\"2024-05-22T11:05:13+00:00\" \/>\n<meta property=\"og:image\" content=\"https:\/\/www.editorialclaret.cat\/wp-content\/uploads\/.\/9788498463163.jpg\" \/>\n\t<meta property=\"og:image:width\" content=\"225\" \/>\n\t<meta property=\"og:image:height\" content=\"333\" \/>\n\t<meta property=\"og:image:type\" content=\"image\/jpeg\" \/>\n<meta name=\"twitter:card\" content=\"summary_large_image\" \/>\n<meta name=\"twitter:label1\" content=\"Tiempo de lectura\" \/>\n\t<meta name=\"twitter:data1\" content=\"1 minuto\" \/>\n<script type=\"application\/ld+json\" class=\"yoast-schema-graph\">{\"@context\":\"https:\\\/\\\/schema.org\",\"@graph\":[{\"@type\":\"WebPage\",\"@id\":\"https:\\\/\\\/www.editorialclaret.cat\\\/producte\\\/la-setmana-tragica-9788498463163\\\/\",\"url\":\"https:\\\/\\\/www.editorialclaret.cat\\\/producte\\\/la-setmana-tragica-9788498463163\\\/\",\"name\":\"LA SETMANA TR\u00c0GICA - Editorial Claret\",\"isPartOf\":{\"@id\":\"https:\\\/\\\/www.editorialclaret.cat\\\/#website\"},\"primaryImageOfPage\":{\"@id\":\"https:\\\/\\\/www.editorialclaret.cat\\\/producte\\\/la-setmana-tragica-9788498463163\\\/#primaryimage\"},\"image\":{\"@id\":\"https:\\\/\\\/www.editorialclaret.cat\\\/producte\\\/la-setmana-tragica-9788498463163\\\/#primaryimage\"},\"thumbnailUrl\":\"https:\\\/\\\/www.editorialclaret.cat\\\/wp-content\\\/uploads\\\/.\\\/9788498463163.jpg\",\"datePublished\":\"2022-10-18T10:21:12+00:00\",\"dateModified\":\"2024-05-22T11:05:13+00:00\",\"breadcrumb\":{\"@id\":\"https:\\\/\\\/www.editorialclaret.cat\\\/producte\\\/la-setmana-tragica-9788498463163\\\/#breadcrumb\"},\"inLanguage\":\"es\",\"potentialAction\":[{\"@type\":\"ReadAction\",\"target\":[\"https:\\\/\\\/www.editorialclaret.cat\\\/producte\\\/la-setmana-tragica-9788498463163\\\/\"]}]},{\"@type\":\"ImageObject\",\"inLanguage\":\"es\",\"@id\":\"https:\\\/\\\/www.editorialclaret.cat\\\/producte\\\/la-setmana-tragica-9788498463163\\\/#primaryimage\",\"url\":\"https:\\\/\\\/www.editorialclaret.cat\\\/wp-content\\\/uploads\\\/.\\\/9788498463163.jpg\",\"contentUrl\":\"https:\\\/\\\/www.editorialclaret.cat\\\/wp-content\\\/uploads\\\/.\\\/9788498463163.jpg\",\"width\":225,\"height\":333,\"caption\":\"9788498463163.jpg\"},{\"@type\":\"BreadcrumbList\",\"@id\":\"https:\\\/\\\/www.editorialclaret.cat\\\/producte\\\/la-setmana-tragica-9788498463163\\\/#breadcrumb\",\"itemListElement\":[{\"@type\":\"ListItem\",\"position\":1,\"name\":\"Portada\",\"item\":\"https:\\\/\\\/www.editorialclaret.cat\\\/es\\\/\"},{\"@type\":\"ListItem\",\"position\":2,\"name\":\"Botiga\",\"item\":\"https:\\\/\\\/www.editorialclaret.cat\\\/?page_id=16\"},{\"@type\":\"ListItem\",\"position\":3,\"name\":\"LA SETMANA TR\u00c0GICA\"}]},{\"@type\":\"WebSite\",\"@id\":\"https:\\\/\\\/www.editorialclaret.cat\\\/#website\",\"url\":\"https:\\\/\\\/www.editorialclaret.cat\\\/\",\"name\":\"Editorial Claret\",\"description\":\"\",\"publisher\":{\"@id\":\"https:\\\/\\\/www.editorialclaret.cat\\\/#organization\"},\"potentialAction\":[{\"@type\":\"SearchAction\",\"target\":{\"@type\":\"EntryPoint\",\"urlTemplate\":\"https:\\\/\\\/www.editorialclaret.cat\\\/?s={search_term_string}\"},\"query-input\":{\"@type\":\"PropertyValueSpecification\",\"valueRequired\":true,\"valueName\":\"search_term_string\"}}],\"inLanguage\":\"es\"},{\"@type\":\"Organization\",\"@id\":\"https:\\\/\\\/www.editorialclaret.cat\\\/#organization\",\"name\":\"Editorial Claret\",\"url\":\"https:\\\/\\\/www.editorialclaret.cat\\\/\",\"logo\":{\"@type\":\"ImageObject\",\"inLanguage\":\"es\",\"@id\":\"https:\\\/\\\/www.editorialclaret.cat\\\/#\\\/schema\\\/logo\\\/image\\\/\",\"url\":\"https:\\\/\\\/www.editorialclaret.cat\\\/wp-content\\\/uploads\\\/.\\\/logo-claret.png\",\"contentUrl\":\"https:\\\/\\\/www.editorialclaret.cat\\\/wp-content\\\/uploads\\\/.\\\/logo-claret.png\",\"width\":194,\"height\":79,\"caption\":\"Editorial Claret\"},\"image\":{\"@id\":\"https:\\\/\\\/www.editorialclaret.cat\\\/#\\\/schema\\\/logo\\\/image\\\/\"}}]}<\/script>\n<!-- \/ Yoast SEO plugin. -->","yoast_head_json":{"title":"Editorial Claret","robots":{"index":"noindex","follow":"follow","max-snippet":"max-snippet:-1","max-image-preview":"max-image-preview:large","max-video-preview":"max-video-preview:-1"},"og_locale":"es_ES","og_type":"article","og_title":"LA SETMANA TR\u00c0GICA - Editorial Claret","og_description":"RAGUER","og_url":"https:\/\/www.editorialclaret.cat\/producte\/la-setmana-tragica-9788498463163\/","og_site_name":"Editorial Claret","article_modified_time":"2024-05-22T11:05:13+00:00","og_image":[{"width":225,"height":333,"url":"https:\/\/www.editorialclaret.cat\/wp-content\/uploads\/.\/9788498463163.jpg","type":"image\/jpeg"}],"twitter_card":"summary_large_image","twitter_misc":{"Tiempo de lectura":"1 minuto"},"schema":{"@context":"https:\/\/schema.org","@graph":[{"@type":"WebPage","@id":"https:\/\/www.editorialclaret.cat\/producte\/la-setmana-tragica-9788498463163\/","url":"https:\/\/www.editorialclaret.cat\/producte\/la-setmana-tragica-9788498463163\/","name":"LA SETMANA TR\u00c0GICA - Editorial Claret","isPartOf":{"@id":"https:\/\/www.editorialclaret.cat\/#website"},"primaryImageOfPage":{"@id":"https:\/\/www.editorialclaret.cat\/producte\/la-setmana-tragica-9788498463163\/#primaryimage"},"image":{"@id":"https:\/\/www.editorialclaret.cat\/producte\/la-setmana-tragica-9788498463163\/#primaryimage"},"thumbnailUrl":"https:\/\/www.editorialclaret.cat\/wp-content\/uploads\/.\/9788498463163.jpg","datePublished":"2022-10-18T10:21:12+00:00","dateModified":"2024-05-22T11:05:13+00:00","breadcrumb":{"@id":"https:\/\/www.editorialclaret.cat\/producte\/la-setmana-tragica-9788498463163\/#breadcrumb"},"inLanguage":"es","potentialAction":[{"@type":"ReadAction","target":["https:\/\/www.editorialclaret.cat\/producte\/la-setmana-tragica-9788498463163\/"]}]},{"@type":"ImageObject","inLanguage":"es","@id":"https:\/\/www.editorialclaret.cat\/producte\/la-setmana-tragica-9788498463163\/#primaryimage","url":"https:\/\/www.editorialclaret.cat\/wp-content\/uploads\/.\/9788498463163.jpg","contentUrl":"https:\/\/www.editorialclaret.cat\/wp-content\/uploads\/.\/9788498463163.jpg","width":225,"height":333,"caption":"9788498463163.jpg"},{"@type":"BreadcrumbList","@id":"https:\/\/www.editorialclaret.cat\/producte\/la-setmana-tragica-9788498463163\/#breadcrumb","itemListElement":[{"@type":"ListItem","position":1,"name":"Portada","item":"https:\/\/www.editorialclaret.cat\/es\/"},{"@type":"ListItem","position":2,"name":"Botiga","item":"https:\/\/www.editorialclaret.cat\/?page_id=16"},{"@type":"ListItem","position":3,"name":"LA SETMANA TR\u00c0GICA"}]},{"@type":"WebSite","@id":"https:\/\/www.editorialclaret.cat\/#website","url":"https:\/\/www.editorialclaret.cat\/","name":"Editorial Claret","description":"","publisher":{"@id":"https:\/\/www.editorialclaret.cat\/#organization"},"potentialAction":[{"@type":"SearchAction","target":{"@type":"EntryPoint","urlTemplate":"https:\/\/www.editorialclaret.cat\/?s={search_term_string}"},"query-input":{"@type":"PropertyValueSpecification","valueRequired":true,"valueName":"search_term_string"}}],"inLanguage":"es"},{"@type":"Organization","@id":"https:\/\/www.editorialclaret.cat\/#organization","name":"Editorial Claret","url":"https:\/\/www.editorialclaret.cat\/","logo":{"@type":"ImageObject","inLanguage":"es","@id":"https:\/\/www.editorialclaret.cat\/#\/schema\/logo\/image\/","url":"https:\/\/www.editorialclaret.cat\/wp-content\/uploads\/.\/logo-claret.png","contentUrl":"https:\/\/www.editorialclaret.cat\/wp-content\/uploads\/.\/logo-claret.png","width":194,"height":79,"caption":"Editorial Claret"},"image":{"@id":"https:\/\/www.editorialclaret.cat\/#\/schema\/logo\/image\/"}}]}},"_links":{"self":[{"href":"https:\/\/www.editorialclaret.cat\/es\/wp-json\/wp\/v2\/product\/9453","targetHints":{"allow":["GET"]}}],"collection":[{"href":"https:\/\/www.editorialclaret.cat\/es\/wp-json\/wp\/v2\/product"}],"about":[{"href":"https:\/\/www.editorialclaret.cat\/es\/wp-json\/wp\/v2\/types\/product"}],"wp:featuredmedia":[{"embeddable":true,"href":"https:\/\/www.editorialclaret.cat\/es\/wp-json\/wp\/v2\/media\/9454"}],"wp:attachment":[{"href":"https:\/\/www.editorialclaret.cat\/es\/wp-json\/wp\/v2\/media?parent=9453"}],"wp:term":[{"taxonomy":"product_brand","embeddable":true,"href":"https:\/\/www.editorialclaret.cat\/es\/wp-json\/wp\/v2\/product_brand?post=9453"},{"taxonomy":"product_cat","embeddable":true,"href":"https:\/\/www.editorialclaret.cat\/es\/wp-json\/wp\/v2\/product_cat?post=9453"},{"taxonomy":"product_tag","embeddable":true,"href":"https:\/\/www.editorialclaret.cat\/es\/wp-json\/wp\/v2\/product_tag?post=9453"}],"curies":[{"name":"wp","href":"https:\/\/api.w.org\/{rel}","templated":true}]}}