{"id":9370,"date":"2022-10-18T12:18:47","date_gmt":"2022-10-18T10:18:47","guid":{"rendered":"http:\/\/dev.editorialclaret.cat\/producte\/sol-amb-mi-mateix\/"},"modified":"2024-05-22T12:02:09","modified_gmt":"2024-05-22T10:02:09","slug":"sol-amb-mi-mateix-848297906x","status":"publish","type":"product","link":"https:\/\/www.editorialclaret.cat\/es\/producto\/sol-amb-mi-mateix-848297906x\/","title":{"rendered":"SOL AMB MI MATEIX"},"content":{"rendered":"<p>Ho va descobrir Elies, a dalt de la muntanya de l\u2019Horeb: D\u00e9u no es manifestava ni en el vent impetu\u00f3s que esmicolava les roques; ni en el terratr\u00e8mol, ni en el foc. Elies not\u00e0 la pres\u00e8ncia de D\u00e9u en la brisa suau i tranquil\u00b7la. El llibre que el lector t\u00e9 a les mans m\u2019ha fet pensar que, com el profeta, nosaltres tamb\u00e9 podem sentir la pres\u00e8ncia de D\u00e9u en els petits fets de cada dia. Sempre, \u00e9s clar, que sapiguem copsar-la enmig de les ventades, els terratr\u00e8mols i els incendis paorosos del nostre m\u00f3n contemporani. I \u00e9s que per apreciar l\u2019al\u00e8 de D\u00e9u, per entendre el seu missatge, precisem de la solitud: estar sols amb nosaltres mateixos.<br \/>Joan Bosco Faner ens ofereix a Sol amb mi mateix. Fes revisi\u00f3 de vida, t\u2019hi acompanyo, les seves reflexions a partir de les experi\u00e8ncies de la vida di\u00e0ria. Fets concrets, pensaments, sentiments i accions de la seva vida s\u00f3n presentats al lector en forma de poema. S\u00f3n, tanmateix, el pretext que d\u00f3na peu a la reflexi\u00f3 profunda a la llum de la Paraula de D\u00e9u seguint el senzill, per\u00f2 efectiu, m\u00e8tode de la revisi\u00f3 de vida. Veure, en primer lloc, la situaci\u00f3 concreta ajudat d\u2019interrogants per motivar la reflexi\u00f3. Jutjar el que s\u2019expressa en el poema a la llum de la Paraula de D\u00e9u i de refranys i dites populars amarades de la saviesa acumulada pels menorquins. I, finalment, actuar, \u00e9s a dir, adquirir un comprom\u00eds concret a partir de la reflexi\u00f3 feta preg\u00e0ria.<br \/>La fam\u00edlia, el poble natal i els pobles on ha viscut, la pr\u00f2pia vocaci\u00f3, les etapes de la maduraci\u00f3 personal, l\u2019alegria, el dolor, l\u2019amistat&#8230; Tants i tants petits detalls de l\u2019experi\u00e8ncia vital de l\u2019autor que ens poden donar pautes de reflexi\u00f3 i que ens conviden a cercar en les petites experi\u00e8ncies de la nostra pr\u00f2pia vida, sols amb nosaltres mateixos, com Elies a l\u2019Horeb, la brisa suau i tranquil\u00b7la de l\u2019al\u00e8 de D\u00e9u.<\/p>\n","protected":false},"excerpt":{"rendered":"<p>FANER<\/p>\n","protected":false},"featured_media":9371,"template":"","meta":{"_acf_changed":false,"rs_blank_template":"","rs_page_bg_color":"","slide_template_v7":"","inline_featured_image":false,"_monsterinsights_skip_tracking":false,"_monsterinsights_sitenote_active":false,"_monsterinsights_sitenote_note":"","_monsterinsights_sitenote_category":0},"product_brand":[],"product_cat":[1055,817],"product_tag":[],"class_list":{"0":"post-9370","1":"product","2":"type-product","3":"status-publish","4":"has-post-thumbnail","6":"product_cat-espiritualidad-espiritualidad","7":"product_cat-espiritualitat-espiritualitat","9":"first","10":"instock","11":"taxable","12":"shipping-taxable","13":"purchasable","14":"product-type-simple"},"acf":{"autor":"FANER","codart":"848297906","libros-coleccion":"GRESOL","ediciones":"1","encuadernacion":"R\u00fastica","fecha_de_publicacion":"21\/04\/2006","novedad":"0","paginas":"303","subtitulo":"FES REVISI\u00d3 DE VIDA, T'HI ACOMPANYO","orden":"999","portada":"0","idioma":"cat","autores-libros":[{"ID":16573,"post_author":"3","post_date":"2022-10-19 01:06:43","post_date_gmt":"2022-10-18 23:06:43","post_content":"","post_title":"JOAN BOSCO FANER","post_excerpt":"","post_status":"publish","comment_status":"closed","ping_status":"closed","post_password":"","post_name":"joan-bosco-faner","to_ping":"","pinged":"","post_modified":"2022-10-19 01:06:43","post_modified_gmt":"2022-10-18 23:06:43","post_content_filtered":"","post_parent":0,"guid":"http:\/\/dev.editorialclaret.cat\/autor\/joan-bosco-faner\/","menu_order":0,"post_type":"autor","post_mime_type":"","comment_count":"0","filter":"raw"}]},"yoast_head":"<!-- This site is optimized with the Yoast SEO plugin v27.3 - https:\/\/yoast.com\/product\/yoast-seo-wordpress\/ -->\n<title>Editorial Claret<\/title>\n<meta name=\"robots\" content=\"noindex, follow, max-snippet:-1, max-image-preview:large, max-video-preview:-1\" \/>\n<meta property=\"og:locale\" content=\"es_ES\" \/>\n<meta property=\"og:type\" content=\"article\" \/>\n<meta property=\"og:title\" content=\"SOL AMB MI MATEIX - Editorial Claret\" \/>\n<meta property=\"og:description\" content=\"FANER\" \/>\n<meta property=\"og:url\" content=\"https:\/\/www.editorialclaret.cat\/producte\/sol-amb-mi-mateix-848297906x\/\" \/>\n<meta property=\"og:site_name\" content=\"Editorial Claret\" \/>\n<meta property=\"article:modified_time\" content=\"2024-05-22T10:02:09+00:00\" \/>\n<meta property=\"og:image\" content=\"https:\/\/www.editorialclaret.cat\/wp-content\/uploads\/.\/9788482979069.jpg\" \/>\n\t<meta property=\"og:image:width\" content=\"212\" \/>\n\t<meta property=\"og:image:height\" content=\"345\" \/>\n\t<meta property=\"og:image:type\" content=\"image\/jpeg\" \/>\n<meta name=\"twitter:card\" content=\"summary_large_image\" \/>\n<meta name=\"twitter:label1\" content=\"Tiempo de lectura\" \/>\n\t<meta name=\"twitter:data1\" content=\"2 minutos\" \/>\n<script type=\"application\/ld+json\" class=\"yoast-schema-graph\">{\"@context\":\"https:\\\/\\\/schema.org\",\"@graph\":[{\"@type\":\"WebPage\",\"@id\":\"https:\\\/\\\/www.editorialclaret.cat\\\/producte\\\/sol-amb-mi-mateix-848297906x\\\/\",\"url\":\"https:\\\/\\\/www.editorialclaret.cat\\\/producte\\\/sol-amb-mi-mateix-848297906x\\\/\",\"name\":\"SOL AMB MI MATEIX - Editorial Claret\",\"isPartOf\":{\"@id\":\"https:\\\/\\\/www.editorialclaret.cat\\\/#website\"},\"primaryImageOfPage\":{\"@id\":\"https:\\\/\\\/www.editorialclaret.cat\\\/producte\\\/sol-amb-mi-mateix-848297906x\\\/#primaryimage\"},\"image\":{\"@id\":\"https:\\\/\\\/www.editorialclaret.cat\\\/producte\\\/sol-amb-mi-mateix-848297906x\\\/#primaryimage\"},\"thumbnailUrl\":\"https:\\\/\\\/www.editorialclaret.cat\\\/wp-content\\\/uploads\\\/.\\\/9788482979069.jpg\",\"datePublished\":\"2022-10-18T10:18:47+00:00\",\"dateModified\":\"2024-05-22T10:02:09+00:00\",\"breadcrumb\":{\"@id\":\"https:\\\/\\\/www.editorialclaret.cat\\\/producte\\\/sol-amb-mi-mateix-848297906x\\\/#breadcrumb\"},\"inLanguage\":\"es\",\"potentialAction\":[{\"@type\":\"ReadAction\",\"target\":[\"https:\\\/\\\/www.editorialclaret.cat\\\/producte\\\/sol-amb-mi-mateix-848297906x\\\/\"]}]},{\"@type\":\"ImageObject\",\"inLanguage\":\"es\",\"@id\":\"https:\\\/\\\/www.editorialclaret.cat\\\/producte\\\/sol-amb-mi-mateix-848297906x\\\/#primaryimage\",\"url\":\"https:\\\/\\\/www.editorialclaret.cat\\\/wp-content\\\/uploads\\\/.\\\/9788482979069.jpg\",\"contentUrl\":\"https:\\\/\\\/www.editorialclaret.cat\\\/wp-content\\\/uploads\\\/.\\\/9788482979069.jpg\",\"width\":212,\"height\":345,\"caption\":\"9788482979069.jpg\"},{\"@type\":\"BreadcrumbList\",\"@id\":\"https:\\\/\\\/www.editorialclaret.cat\\\/producte\\\/sol-amb-mi-mateix-848297906x\\\/#breadcrumb\",\"itemListElement\":[{\"@type\":\"ListItem\",\"position\":1,\"name\":\"Portada\",\"item\":\"https:\\\/\\\/www.editorialclaret.cat\\\/es\\\/\"},{\"@type\":\"ListItem\",\"position\":2,\"name\":\"Botiga\",\"item\":\"https:\\\/\\\/www.editorialclaret.cat\\\/?page_id=16\"},{\"@type\":\"ListItem\",\"position\":3,\"name\":\"SOL AMB MI MATEIX\"}]},{\"@type\":\"WebSite\",\"@id\":\"https:\\\/\\\/www.editorialclaret.cat\\\/#website\",\"url\":\"https:\\\/\\\/www.editorialclaret.cat\\\/\",\"name\":\"Editorial Claret\",\"description\":\"\",\"publisher\":{\"@id\":\"https:\\\/\\\/www.editorialclaret.cat\\\/#organization\"},\"potentialAction\":[{\"@type\":\"SearchAction\",\"target\":{\"@type\":\"EntryPoint\",\"urlTemplate\":\"https:\\\/\\\/www.editorialclaret.cat\\\/?s={search_term_string}\"},\"query-input\":{\"@type\":\"PropertyValueSpecification\",\"valueRequired\":true,\"valueName\":\"search_term_string\"}}],\"inLanguage\":\"es\"},{\"@type\":\"Organization\",\"@id\":\"https:\\\/\\\/www.editorialclaret.cat\\\/#organization\",\"name\":\"Editorial Claret\",\"url\":\"https:\\\/\\\/www.editorialclaret.cat\\\/\",\"logo\":{\"@type\":\"ImageObject\",\"inLanguage\":\"es\",\"@id\":\"https:\\\/\\\/www.editorialclaret.cat\\\/#\\\/schema\\\/logo\\\/image\\\/\",\"url\":\"https:\\\/\\\/www.editorialclaret.cat\\\/wp-content\\\/uploads\\\/.\\\/logo-claret.png\",\"contentUrl\":\"https:\\\/\\\/www.editorialclaret.cat\\\/wp-content\\\/uploads\\\/.\\\/logo-claret.png\",\"width\":194,\"height\":79,\"caption\":\"Editorial Claret\"},\"image\":{\"@id\":\"https:\\\/\\\/www.editorialclaret.cat\\\/#\\\/schema\\\/logo\\\/image\\\/\"}}]}<\/script>\n<!-- \/ Yoast SEO plugin. -->","yoast_head_json":{"title":"Editorial Claret","robots":{"index":"noindex","follow":"follow","max-snippet":"max-snippet:-1","max-image-preview":"max-image-preview:large","max-video-preview":"max-video-preview:-1"},"og_locale":"es_ES","og_type":"article","og_title":"SOL AMB MI MATEIX - Editorial Claret","og_description":"FANER","og_url":"https:\/\/www.editorialclaret.cat\/producte\/sol-amb-mi-mateix-848297906x\/","og_site_name":"Editorial Claret","article_modified_time":"2024-05-22T10:02:09+00:00","og_image":[{"width":212,"height":345,"url":"https:\/\/www.editorialclaret.cat\/wp-content\/uploads\/.\/9788482979069.jpg","type":"image\/jpeg"}],"twitter_card":"summary_large_image","twitter_misc":{"Tiempo de lectura":"2 minutos"},"schema":{"@context":"https:\/\/schema.org","@graph":[{"@type":"WebPage","@id":"https:\/\/www.editorialclaret.cat\/producte\/sol-amb-mi-mateix-848297906x\/","url":"https:\/\/www.editorialclaret.cat\/producte\/sol-amb-mi-mateix-848297906x\/","name":"SOL AMB MI MATEIX - Editorial Claret","isPartOf":{"@id":"https:\/\/www.editorialclaret.cat\/#website"},"primaryImageOfPage":{"@id":"https:\/\/www.editorialclaret.cat\/producte\/sol-amb-mi-mateix-848297906x\/#primaryimage"},"image":{"@id":"https:\/\/www.editorialclaret.cat\/producte\/sol-amb-mi-mateix-848297906x\/#primaryimage"},"thumbnailUrl":"https:\/\/www.editorialclaret.cat\/wp-content\/uploads\/.\/9788482979069.jpg","datePublished":"2022-10-18T10:18:47+00:00","dateModified":"2024-05-22T10:02:09+00:00","breadcrumb":{"@id":"https:\/\/www.editorialclaret.cat\/producte\/sol-amb-mi-mateix-848297906x\/#breadcrumb"},"inLanguage":"es","potentialAction":[{"@type":"ReadAction","target":["https:\/\/www.editorialclaret.cat\/producte\/sol-amb-mi-mateix-848297906x\/"]}]},{"@type":"ImageObject","inLanguage":"es","@id":"https:\/\/www.editorialclaret.cat\/producte\/sol-amb-mi-mateix-848297906x\/#primaryimage","url":"https:\/\/www.editorialclaret.cat\/wp-content\/uploads\/.\/9788482979069.jpg","contentUrl":"https:\/\/www.editorialclaret.cat\/wp-content\/uploads\/.\/9788482979069.jpg","width":212,"height":345,"caption":"9788482979069.jpg"},{"@type":"BreadcrumbList","@id":"https:\/\/www.editorialclaret.cat\/producte\/sol-amb-mi-mateix-848297906x\/#breadcrumb","itemListElement":[{"@type":"ListItem","position":1,"name":"Portada","item":"https:\/\/www.editorialclaret.cat\/es\/"},{"@type":"ListItem","position":2,"name":"Botiga","item":"https:\/\/www.editorialclaret.cat\/?page_id=16"},{"@type":"ListItem","position":3,"name":"SOL AMB MI MATEIX"}]},{"@type":"WebSite","@id":"https:\/\/www.editorialclaret.cat\/#website","url":"https:\/\/www.editorialclaret.cat\/","name":"Editorial Claret","description":"","publisher":{"@id":"https:\/\/www.editorialclaret.cat\/#organization"},"potentialAction":[{"@type":"SearchAction","target":{"@type":"EntryPoint","urlTemplate":"https:\/\/www.editorialclaret.cat\/?s={search_term_string}"},"query-input":{"@type":"PropertyValueSpecification","valueRequired":true,"valueName":"search_term_string"}}],"inLanguage":"es"},{"@type":"Organization","@id":"https:\/\/www.editorialclaret.cat\/#organization","name":"Editorial Claret","url":"https:\/\/www.editorialclaret.cat\/","logo":{"@type":"ImageObject","inLanguage":"es","@id":"https:\/\/www.editorialclaret.cat\/#\/schema\/logo\/image\/","url":"https:\/\/www.editorialclaret.cat\/wp-content\/uploads\/.\/logo-claret.png","contentUrl":"https:\/\/www.editorialclaret.cat\/wp-content\/uploads\/.\/logo-claret.png","width":194,"height":79,"caption":"Editorial Claret"},"image":{"@id":"https:\/\/www.editorialclaret.cat\/#\/schema\/logo\/image\/"}}]}},"_links":{"self":[{"href":"https:\/\/www.editorialclaret.cat\/es\/wp-json\/wp\/v2\/product\/9370","targetHints":{"allow":["GET"]}}],"collection":[{"href":"https:\/\/www.editorialclaret.cat\/es\/wp-json\/wp\/v2\/product"}],"about":[{"href":"https:\/\/www.editorialclaret.cat\/es\/wp-json\/wp\/v2\/types\/product"}],"wp:featuredmedia":[{"embeddable":true,"href":"https:\/\/www.editorialclaret.cat\/es\/wp-json\/wp\/v2\/media\/9371"}],"wp:attachment":[{"href":"https:\/\/www.editorialclaret.cat\/es\/wp-json\/wp\/v2\/media?parent=9370"}],"wp:term":[{"taxonomy":"product_brand","embeddable":true,"href":"https:\/\/www.editorialclaret.cat\/es\/wp-json\/wp\/v2\/product_brand?post=9370"},{"taxonomy":"product_cat","embeddable":true,"href":"https:\/\/www.editorialclaret.cat\/es\/wp-json\/wp\/v2\/product_cat?post=9370"},{"taxonomy":"product_tag","embeddable":true,"href":"https:\/\/www.editorialclaret.cat\/es\/wp-json\/wp\/v2\/product_tag?post=9370"}],"curies":[{"name":"wp","href":"https:\/\/api.w.org\/{rel}","templated":true}]}}