{"id":9233,"date":"2022-10-18T12:16:37","date_gmt":"2022-10-18T10:16:37","guid":{"rendered":"http:\/\/dev.editorialclaret.cat\/producte\/disfruta-con-la-biblia\/"},"modified":"2024-05-22T11:53:08","modified_gmt":"2024-05-22T09:53:08","slug":"disfruta-con-la-biblia-8482978152","status":"publish","type":"product","link":"https:\/\/www.editorialclaret.cat\/es\/producto\/disfruta-con-la-biblia-8482978152\/","title":{"rendered":"DISFRUTA CON LA BIBLIA"},"content":{"rendered":"<p>Disfruta con la Biblia comprende 43 episodios: 25 del Antiguo Testamento y 18 del Nuevo. Cada episodio est\u00e1 acompa\u00f1ado de recetas, manualidades, juegos, curiosidades y otras propuestas que refuerzan su mensaje principal. En definitiva, el libro que tienes en tus manos est\u00e1 lleno de ideas originales y divertidas, que resultan muy \u00fatiles para trabajar en familia, en las escuelas, en los centros l\u00fadicos o en la catequesis.<\/p>\n","protected":false},"excerpt":{"rendered":"<p>SEGARRA, ROVIRA<\/p>\n","protected":false},"featured_media":9234,"template":"","meta":{"_acf_changed":false,"rs_blank_template":"","rs_page_bg_color":"","slide_template_v7":"","inline_featured_image":false,"_monsterinsights_skip_tracking":false,"_monsterinsights_sitenote_active":false,"_monsterinsights_sitenote_note":"","_monsterinsights_sitenote_category":0},"product_brand":[],"product_cat":[1196,959,1119,882,961,1198,925,1162,1192,955,1003,1240],"product_tag":[],"class_list":{"0":"post-9233","1":"product","2":"type-product","3":"status-publish","4":"has-post-thumbnail","6":"product_cat-biblias-didacticas","7":"product_cat-biblies-didactiques","8":"product_cat-diccionarios-y-libros-de-consulta","9":"product_cat-diccionaris-i-llibres-de-consulta","10":"product_cat-didactica","11":"product_cat-didactica-catequesis","12":"product_cat-didactica-i-praxi-escolar","13":"product_cat-didactica-y-praxis-escolar","14":"product_cat-infantil-catequesis","15":"product_cat-infantil-catequesi","16":"product_cat-juvenil-pastoral","17":"product_cat-juvenil-pastoral-espiritualidad","19":"first","20":"instock","21":"taxable","22":"shipping-taxable","23":"purchasable","24":"product-type-simple"},"acf":{"autor":"SEGARRA, ROVIRA","codart":"848297815","libros-coleccion":"","ediciones":"1","encuadernacion":"Carton\u00e9","fecha_de_publicacion":"17\/06\/2005","novedad":"0","paginas":"96","subtitulo":"","orden":"999","portada":"0","idioma":"spa","autores-libros":[{"ID":46828,"post_author":"3","post_date":"2022-11-06 20:31:25","post_date_gmt":"2022-11-06 19:31:25","post_content":"","post_title":"FRANCESC ROVIRA","post_excerpt":"","post_status":"publish","comment_status":"closed","ping_status":"closed","post_password":"","post_name":"francesc-rovira","to_ping":"","pinged":"","post_modified":"2022-11-06 20:31:25","post_modified_gmt":"2022-11-06 19:31:25","post_content_filtered":"","post_parent":0,"guid":"http:\/\/dev.editorialclaret.cat\/autor\/francesc-rovira\/","menu_order":0,"post_type":"autor","post_mime_type":"","comment_count":"0","filter":"raw"},{"ID":46995,"post_author":"3","post_date":"2022-11-06 20:32:43","post_date_gmt":"2022-11-06 19:32:43","post_content":"","post_title":"MERC\u00c8 SEGARRA ROS","post_excerpt":"","post_status":"publish","comment_status":"closed","ping_status":"closed","post_password":"","post_name":"merce-segarra-ros","to_ping":"","pinged":"","post_modified":"2022-11-06 20:32:43","post_modified_gmt":"2022-11-06 19:32:43","post_content_filtered":"","post_parent":0,"guid":"http:\/\/dev.editorialclaret.cat\/autor\/merce-segarra-ros\/","menu_order":0,"post_type":"autor","post_mime_type":"","comment_count":"0","filter":"raw"}]},"yoast_head":"<!-- This site is optimized with the Yoast SEO plugin v27.5 - https:\/\/yoast.com\/product\/yoast-seo-wordpress\/ -->\n<title>Editorial Claret<\/title>\n<meta name=\"robots\" content=\"noindex, follow, max-snippet:-1, max-image-preview:large, max-video-preview:-1\" \/>\n<meta property=\"og:locale\" content=\"es_ES\" \/>\n<meta property=\"og:type\" content=\"article\" \/>\n<meta property=\"og:title\" content=\"DISFRUTA CON LA BIBLIA - Editorial Claret\" \/>\n<meta property=\"og:description\" content=\"SEGARRA, ROVIRA\" \/>\n<meta property=\"og:url\" content=\"https:\/\/www.editorialclaret.cat\/producte\/disfruta-con-la-biblia-8482978152\/\" \/>\n<meta property=\"og:site_name\" content=\"Editorial Claret\" \/>\n<meta property=\"article:modified_time\" content=\"2024-05-22T09:53:08+00:00\" \/>\n<meta property=\"og:image\" content=\"https:\/\/www.editorialclaret.cat\/wp-content\/uploads\/.\/9788482978154.jpg\" \/>\n\t<meta property=\"og:image:width\" content=\"137\" \/>\n\t<meta property=\"og:image:height\" content=\"160\" \/>\n\t<meta property=\"og:image:type\" content=\"image\/jpeg\" \/>\n<meta name=\"twitter:card\" content=\"summary_large_image\" \/>\n<script type=\"application\/ld+json\" class=\"yoast-schema-graph\">{\"@context\":\"https:\\\/\\\/schema.org\",\"@graph\":[{\"@type\":\"WebPage\",\"@id\":\"https:\\\/\\\/www.editorialclaret.cat\\\/producte\\\/disfruta-con-la-biblia-8482978152\\\/\",\"url\":\"https:\\\/\\\/www.editorialclaret.cat\\\/producte\\\/disfruta-con-la-biblia-8482978152\\\/\",\"name\":\"DISFRUTA CON LA BIBLIA - Editorial Claret\",\"isPartOf\":{\"@id\":\"https:\\\/\\\/www.editorialclaret.cat\\\/#website\"},\"primaryImageOfPage\":{\"@id\":\"https:\\\/\\\/www.editorialclaret.cat\\\/producte\\\/disfruta-con-la-biblia-8482978152\\\/#primaryimage\"},\"image\":{\"@id\":\"https:\\\/\\\/www.editorialclaret.cat\\\/producte\\\/disfruta-con-la-biblia-8482978152\\\/#primaryimage\"},\"thumbnailUrl\":\"https:\\\/\\\/www.editorialclaret.cat\\\/wp-content\\\/uploads\\\/.\\\/9788482978154.jpg\",\"datePublished\":\"2022-10-18T10:16:37+00:00\",\"dateModified\":\"2024-05-22T09:53:08+00:00\",\"breadcrumb\":{\"@id\":\"https:\\\/\\\/www.editorialclaret.cat\\\/producte\\\/disfruta-con-la-biblia-8482978152\\\/#breadcrumb\"},\"inLanguage\":\"es\",\"potentialAction\":[{\"@type\":\"ReadAction\",\"target\":[\"https:\\\/\\\/www.editorialclaret.cat\\\/producte\\\/disfruta-con-la-biblia-8482978152\\\/\"]}]},{\"@type\":\"ImageObject\",\"inLanguage\":\"es\",\"@id\":\"https:\\\/\\\/www.editorialclaret.cat\\\/producte\\\/disfruta-con-la-biblia-8482978152\\\/#primaryimage\",\"url\":\"https:\\\/\\\/www.editorialclaret.cat\\\/wp-content\\\/uploads\\\/.\\\/9788482978154.jpg\",\"contentUrl\":\"https:\\\/\\\/www.editorialclaret.cat\\\/wp-content\\\/uploads\\\/.\\\/9788482978154.jpg\",\"width\":137,\"height\":160,\"caption\":\"9788482978154.jpg\"},{\"@type\":\"BreadcrumbList\",\"@id\":\"https:\\\/\\\/www.editorialclaret.cat\\\/producte\\\/disfruta-con-la-biblia-8482978152\\\/#breadcrumb\",\"itemListElement\":[{\"@type\":\"ListItem\",\"position\":1,\"name\":\"Portada\",\"item\":\"https:\\\/\\\/www.editorialclaret.cat\\\/es\\\/\"},{\"@type\":\"ListItem\",\"position\":2,\"name\":\"Botiga\",\"item\":\"https:\\\/\\\/www.editorialclaret.cat\\\/?page_id=16\"},{\"@type\":\"ListItem\",\"position\":3,\"name\":\"DISFRUTA CON LA BIBLIA\"}]},{\"@type\":\"WebSite\",\"@id\":\"https:\\\/\\\/www.editorialclaret.cat\\\/#website\",\"url\":\"https:\\\/\\\/www.editorialclaret.cat\\\/\",\"name\":\"Editorial Claret\",\"description\":\"\",\"publisher\":{\"@id\":\"https:\\\/\\\/www.editorialclaret.cat\\\/#organization\"},\"potentialAction\":[{\"@type\":\"SearchAction\",\"target\":{\"@type\":\"EntryPoint\",\"urlTemplate\":\"https:\\\/\\\/www.editorialclaret.cat\\\/?s={search_term_string}\"},\"query-input\":{\"@type\":\"PropertyValueSpecification\",\"valueRequired\":true,\"valueName\":\"search_term_string\"}}],\"inLanguage\":\"es\"},{\"@type\":\"Organization\",\"@id\":\"https:\\\/\\\/www.editorialclaret.cat\\\/#organization\",\"name\":\"Editorial Claret\",\"url\":\"https:\\\/\\\/www.editorialclaret.cat\\\/\",\"logo\":{\"@type\":\"ImageObject\",\"inLanguage\":\"es\",\"@id\":\"https:\\\/\\\/www.editorialclaret.cat\\\/#\\\/schema\\\/logo\\\/image\\\/\",\"url\":\"https:\\\/\\\/www.editorialclaret.cat\\\/wp-content\\\/uploads\\\/.\\\/logo-claret.png\",\"contentUrl\":\"https:\\\/\\\/www.editorialclaret.cat\\\/wp-content\\\/uploads\\\/.\\\/logo-claret.png\",\"width\":194,\"height\":79,\"caption\":\"Editorial Claret\"},\"image\":{\"@id\":\"https:\\\/\\\/www.editorialclaret.cat\\\/#\\\/schema\\\/logo\\\/image\\\/\"}}]}<\/script>\n<!-- \/ Yoast SEO plugin. -->","yoast_head_json":{"title":"Editorial Claret","robots":{"index":"noindex","follow":"follow","max-snippet":"max-snippet:-1","max-image-preview":"max-image-preview:large","max-video-preview":"max-video-preview:-1"},"og_locale":"es_ES","og_type":"article","og_title":"DISFRUTA CON LA BIBLIA - Editorial Claret","og_description":"SEGARRA, ROVIRA","og_url":"https:\/\/www.editorialclaret.cat\/producte\/disfruta-con-la-biblia-8482978152\/","og_site_name":"Editorial Claret","article_modified_time":"2024-05-22T09:53:08+00:00","og_image":[{"width":137,"height":160,"url":"https:\/\/www.editorialclaret.cat\/wp-content\/uploads\/.\/9788482978154.jpg","type":"image\/jpeg"}],"twitter_card":"summary_large_image","schema":{"@context":"https:\/\/schema.org","@graph":[{"@type":"WebPage","@id":"https:\/\/www.editorialclaret.cat\/producte\/disfruta-con-la-biblia-8482978152\/","url":"https:\/\/www.editorialclaret.cat\/producte\/disfruta-con-la-biblia-8482978152\/","name":"DISFRUTA CON LA BIBLIA - Editorial Claret","isPartOf":{"@id":"https:\/\/www.editorialclaret.cat\/#website"},"primaryImageOfPage":{"@id":"https:\/\/www.editorialclaret.cat\/producte\/disfruta-con-la-biblia-8482978152\/#primaryimage"},"image":{"@id":"https:\/\/www.editorialclaret.cat\/producte\/disfruta-con-la-biblia-8482978152\/#primaryimage"},"thumbnailUrl":"https:\/\/www.editorialclaret.cat\/wp-content\/uploads\/.\/9788482978154.jpg","datePublished":"2022-10-18T10:16:37+00:00","dateModified":"2024-05-22T09:53:08+00:00","breadcrumb":{"@id":"https:\/\/www.editorialclaret.cat\/producte\/disfruta-con-la-biblia-8482978152\/#breadcrumb"},"inLanguage":"es","potentialAction":[{"@type":"ReadAction","target":["https:\/\/www.editorialclaret.cat\/producte\/disfruta-con-la-biblia-8482978152\/"]}]},{"@type":"ImageObject","inLanguage":"es","@id":"https:\/\/www.editorialclaret.cat\/producte\/disfruta-con-la-biblia-8482978152\/#primaryimage","url":"https:\/\/www.editorialclaret.cat\/wp-content\/uploads\/.\/9788482978154.jpg","contentUrl":"https:\/\/www.editorialclaret.cat\/wp-content\/uploads\/.\/9788482978154.jpg","width":137,"height":160,"caption":"9788482978154.jpg"},{"@type":"BreadcrumbList","@id":"https:\/\/www.editorialclaret.cat\/producte\/disfruta-con-la-biblia-8482978152\/#breadcrumb","itemListElement":[{"@type":"ListItem","position":1,"name":"Portada","item":"https:\/\/www.editorialclaret.cat\/es\/"},{"@type":"ListItem","position":2,"name":"Botiga","item":"https:\/\/www.editorialclaret.cat\/?page_id=16"},{"@type":"ListItem","position":3,"name":"DISFRUTA CON LA BIBLIA"}]},{"@type":"WebSite","@id":"https:\/\/www.editorialclaret.cat\/#website","url":"https:\/\/www.editorialclaret.cat\/","name":"Editorial Claret","description":"","publisher":{"@id":"https:\/\/www.editorialclaret.cat\/#organization"},"potentialAction":[{"@type":"SearchAction","target":{"@type":"EntryPoint","urlTemplate":"https:\/\/www.editorialclaret.cat\/?s={search_term_string}"},"query-input":{"@type":"PropertyValueSpecification","valueRequired":true,"valueName":"search_term_string"}}],"inLanguage":"es"},{"@type":"Organization","@id":"https:\/\/www.editorialclaret.cat\/#organization","name":"Editorial Claret","url":"https:\/\/www.editorialclaret.cat\/","logo":{"@type":"ImageObject","inLanguage":"es","@id":"https:\/\/www.editorialclaret.cat\/#\/schema\/logo\/image\/","url":"https:\/\/www.editorialclaret.cat\/wp-content\/uploads\/.\/logo-claret.png","contentUrl":"https:\/\/www.editorialclaret.cat\/wp-content\/uploads\/.\/logo-claret.png","width":194,"height":79,"caption":"Editorial Claret"},"image":{"@id":"https:\/\/www.editorialclaret.cat\/#\/schema\/logo\/image\/"}}]}},"_links":{"self":[{"href":"https:\/\/www.editorialclaret.cat\/es\/wp-json\/wp\/v2\/product\/9233","targetHints":{"allow":["GET"]}}],"collection":[{"href":"https:\/\/www.editorialclaret.cat\/es\/wp-json\/wp\/v2\/product"}],"about":[{"href":"https:\/\/www.editorialclaret.cat\/es\/wp-json\/wp\/v2\/types\/product"}],"wp:featuredmedia":[{"embeddable":true,"href":"https:\/\/www.editorialclaret.cat\/es\/wp-json\/wp\/v2\/media\/9234"}],"wp:attachment":[{"href":"https:\/\/www.editorialclaret.cat\/es\/wp-json\/wp\/v2\/media?parent=9233"}],"wp:term":[{"taxonomy":"product_brand","embeddable":true,"href":"https:\/\/www.editorialclaret.cat\/es\/wp-json\/wp\/v2\/product_brand?post=9233"},{"taxonomy":"product_cat","embeddable":true,"href":"https:\/\/www.editorialclaret.cat\/es\/wp-json\/wp\/v2\/product_cat?post=9233"},{"taxonomy":"product_tag","embeddable":true,"href":"https:\/\/www.editorialclaret.cat\/es\/wp-json\/wp\/v2\/product_tag?post=9233"}],"curies":[{"name":"wp","href":"https:\/\/api.w.org\/{rel}","templated":true}]}}