{"id":9150,"date":"2022-10-18T12:14:44","date_gmt":"2022-10-18T10:14:44","guid":{"rendered":"http:\/\/dev.editorialclaret.cat\/producte\/disseny-de-les-intervencions-socioeducatives\/"},"modified":"2024-05-22T12:09:55","modified_gmt":"2024-05-22T10:09:55","slug":"disseny-de-les-intervencions-socioeducatives-8489467242","status":"publish","type":"product","link":"https:\/\/www.editorialclaret.cat\/es\/producto\/disseny-de-les-intervencions-socioeducatives-8489467242\/","title":{"rendered":"DISSENY DE LES INTERVENCIONS SOCIOEDUCATIVES"},"content":{"rendered":"<p>Les accions socioeducatives requereixen un delicat equilibri entre el coneixement dels fen\u00f2mens socials i educatius, els sistemes de valor que orienten la interpretaci\u00f3 de la realitat i la sensibilitat per con\u00e8ixer les persones i l&#8217;entorn.<br \/>Els professionals de l&#8217;acci\u00f3 social tamb\u00e9 de ser uns bons dissenyadors, \u00e9s a dir, han de dominar els elements que permeten traduir el coneixement cient\u00edfic i els prop\u00f2sits inicials en accions precises i medibles.<br \/>En definitiva, assegurar una major precisi\u00f3 en les seves actuacions \u00e9s una q\u00fcesti\u00f3 de responsabilitat professional.<\/p>\n","protected":false},"excerpt":{"rendered":"<p>RIBERAS, GISELA<\/p>\n","protected":false},"featured_media":9151,"template":"","meta":{"_acf_changed":false,"rs_blank_template":"","rs_page_bg_color":"","slide_template_v7":"","inline_featured_image":false,"_monsterinsights_skip_tracking":false,"_monsterinsights_sitenote_active":false,"_monsterinsights_sitenote_note":"","_monsterinsights_sitenote_category":0},"product_brand":[],"product_cat":[924,1161],"product_tag":[],"class_list":{"0":"post-9150","1":"product","2":"type-product","3":"status-publish","4":"has-post-thumbnail","6":"product_cat-psicopedagogia","7":"product_cat-psicopedagogia-pedagogia-humanidades","9":"first","10":"instock","11":"taxable","12":"shipping-taxable","13":"purchasable","14":"product-type-simple"},"acf":{"autor":"RIBERAS, GISELA","codart":"848946724","libros-coleccion":"Animaci\u00f3 Sociocultural","ediciones":"1","encuadernacion":"R\u00fastica","fecha_de_publicacion":"01\/12\/2003","novedad":"0","paginas":"144","subtitulo":"","orden":"999","portada":"0","idioma":"cat","autores-libros":[{"ID":15375,"post_author":"3","post_date":"2022-10-19 00:58:33","post_date_gmt":"2022-10-18 22:58:33","post_content":"","post_title":"GISELA RIBERAS","post_excerpt":"","post_status":"publish","comment_status":"closed","ping_status":"closed","post_password":"","post_name":"gisela-riberas","to_ping":"","pinged":"","post_modified":"2022-10-19 00:58:33","post_modified_gmt":"2022-10-18 22:58:33","post_content_filtered":"","post_parent":0,"guid":"http:\/\/dev.editorialclaret.cat\/autor\/gisela-riberas\/","menu_order":0,"post_type":"autor","post_mime_type":"","comment_count":"0","filter":"raw"},{"ID":20113,"post_author":"3","post_date":"2022-10-19 01:30:34","post_date_gmt":"2022-10-18 23:30:34","post_content":"","post_title":"PILAR PUJOL FURRIOLS","post_excerpt":"","post_status":"publish","comment_status":"closed","ping_status":"closed","post_password":"","post_name":"pilar-pujol-furriols","to_ping":"","pinged":"","post_modified":"2022-10-19 01:30:34","post_modified_gmt":"2022-10-18 23:30:34","post_content_filtered":"","post_parent":0,"guid":"http:\/\/dev.editorialclaret.cat\/autor\/pilar-pujol-furriols\/","menu_order":0,"post_type":"autor","post_mime_type":"","comment_count":"0","filter":"raw"},{"ID":16530,"post_author":"3","post_date":"2022-10-19 01:06:26","post_date_gmt":"2022-10-18 23:06:26","post_content":"","post_title":"JES\u00daS VILAR MART\u00cdN","post_excerpt":"","post_status":"publish","comment_status":"closed","ping_status":"closed","post_password":"","post_name":"jesus-vilar-martin","to_ping":"","pinged":"","post_modified":"2022-10-19 01:06:26","post_modified_gmt":"2022-10-18 23:06:26","post_content_filtered":"","post_parent":0,"guid":"http:\/\/dev.editorialclaret.cat\/autor\/jesus-vilar-martin\/","menu_order":0,"post_type":"autor","post_mime_type":"","comment_count":"0","filter":"raw"}]},"yoast_head":"<!-- This site is optimized with the Yoast SEO plugin v27.3 - https:\/\/yoast.com\/product\/yoast-seo-wordpress\/ -->\n<title>Editorial Claret<\/title>\n<meta name=\"robots\" content=\"noindex, follow, max-snippet:-1, max-image-preview:large, max-video-preview:-1\" \/>\n<meta property=\"og:locale\" content=\"es_ES\" \/>\n<meta property=\"og:type\" content=\"article\" \/>\n<meta property=\"og:title\" content=\"DISSENY DE LES INTERVENCIONS SOCIOEDUCATIVES - Editorial Claret\" \/>\n<meta property=\"og:description\" content=\"RIBERAS, GISELA\" \/>\n<meta property=\"og:url\" content=\"https:\/\/www.editorialclaret.cat\/producte\/disseny-de-les-intervencions-socioeducatives-8489467242\/\" \/>\n<meta property=\"og:site_name\" content=\"Editorial Claret\" \/>\n<meta property=\"article:modified_time\" content=\"2024-05-22T10:09:55+00:00\" \/>\n<meta property=\"og:image\" content=\"https:\/\/www.editorialclaret.cat\/wp-content\/uploads\/.\/9788489467248.jpg\" \/>\n\t<meta property=\"og:image:width\" content=\"225\" \/>\n\t<meta property=\"og:image:height\" content=\"339\" \/>\n\t<meta property=\"og:image:type\" content=\"image\/jpeg\" \/>\n<meta name=\"twitter:card\" content=\"summary_large_image\" \/>\n<script type=\"application\/ld+json\" class=\"yoast-schema-graph\">{\"@context\":\"https:\\\/\\\/schema.org\",\"@graph\":[{\"@type\":\"WebPage\",\"@id\":\"https:\\\/\\\/www.editorialclaret.cat\\\/producte\\\/disseny-de-les-intervencions-socioeducatives-8489467242\\\/\",\"url\":\"https:\\\/\\\/www.editorialclaret.cat\\\/producte\\\/disseny-de-les-intervencions-socioeducatives-8489467242\\\/\",\"name\":\"DISSENY DE LES INTERVENCIONS SOCIOEDUCATIVES - Editorial Claret\",\"isPartOf\":{\"@id\":\"https:\\\/\\\/www.editorialclaret.cat\\\/#website\"},\"primaryImageOfPage\":{\"@id\":\"https:\\\/\\\/www.editorialclaret.cat\\\/producte\\\/disseny-de-les-intervencions-socioeducatives-8489467242\\\/#primaryimage\"},\"image\":{\"@id\":\"https:\\\/\\\/www.editorialclaret.cat\\\/producte\\\/disseny-de-les-intervencions-socioeducatives-8489467242\\\/#primaryimage\"},\"thumbnailUrl\":\"https:\\\/\\\/www.editorialclaret.cat\\\/wp-content\\\/uploads\\\/.\\\/9788489467248.jpg\",\"datePublished\":\"2022-10-18T10:14:44+00:00\",\"dateModified\":\"2024-05-22T10:09:55+00:00\",\"breadcrumb\":{\"@id\":\"https:\\\/\\\/www.editorialclaret.cat\\\/producte\\\/disseny-de-les-intervencions-socioeducatives-8489467242\\\/#breadcrumb\"},\"inLanguage\":\"es\",\"potentialAction\":[{\"@type\":\"ReadAction\",\"target\":[\"https:\\\/\\\/www.editorialclaret.cat\\\/producte\\\/disseny-de-les-intervencions-socioeducatives-8489467242\\\/\"]}]},{\"@type\":\"ImageObject\",\"inLanguage\":\"es\",\"@id\":\"https:\\\/\\\/www.editorialclaret.cat\\\/producte\\\/disseny-de-les-intervencions-socioeducatives-8489467242\\\/#primaryimage\",\"url\":\"https:\\\/\\\/www.editorialclaret.cat\\\/wp-content\\\/uploads\\\/.\\\/9788489467248.jpg\",\"contentUrl\":\"https:\\\/\\\/www.editorialclaret.cat\\\/wp-content\\\/uploads\\\/.\\\/9788489467248.jpg\",\"width\":225,\"height\":339,\"caption\":\"9788489467248.jpg\"},{\"@type\":\"BreadcrumbList\",\"@id\":\"https:\\\/\\\/www.editorialclaret.cat\\\/producte\\\/disseny-de-les-intervencions-socioeducatives-8489467242\\\/#breadcrumb\",\"itemListElement\":[{\"@type\":\"ListItem\",\"position\":1,\"name\":\"Portada\",\"item\":\"https:\\\/\\\/www.editorialclaret.cat\\\/es\\\/\"},{\"@type\":\"ListItem\",\"position\":2,\"name\":\"Botiga\",\"item\":\"https:\\\/\\\/www.editorialclaret.cat\\\/?page_id=16\"},{\"@type\":\"ListItem\",\"position\":3,\"name\":\"DISSENY DE LES INTERVENCIONS SOCIOEDUCATIVES\"}]},{\"@type\":\"WebSite\",\"@id\":\"https:\\\/\\\/www.editorialclaret.cat\\\/#website\",\"url\":\"https:\\\/\\\/www.editorialclaret.cat\\\/\",\"name\":\"Editorial Claret\",\"description\":\"\",\"publisher\":{\"@id\":\"https:\\\/\\\/www.editorialclaret.cat\\\/#organization\"},\"potentialAction\":[{\"@type\":\"SearchAction\",\"target\":{\"@type\":\"EntryPoint\",\"urlTemplate\":\"https:\\\/\\\/www.editorialclaret.cat\\\/?s={search_term_string}\"},\"query-input\":{\"@type\":\"PropertyValueSpecification\",\"valueRequired\":true,\"valueName\":\"search_term_string\"}}],\"inLanguage\":\"es\"},{\"@type\":\"Organization\",\"@id\":\"https:\\\/\\\/www.editorialclaret.cat\\\/#organization\",\"name\":\"Editorial Claret\",\"url\":\"https:\\\/\\\/www.editorialclaret.cat\\\/\",\"logo\":{\"@type\":\"ImageObject\",\"inLanguage\":\"es\",\"@id\":\"https:\\\/\\\/www.editorialclaret.cat\\\/#\\\/schema\\\/logo\\\/image\\\/\",\"url\":\"https:\\\/\\\/www.editorialclaret.cat\\\/wp-content\\\/uploads\\\/.\\\/logo-claret.png\",\"contentUrl\":\"https:\\\/\\\/www.editorialclaret.cat\\\/wp-content\\\/uploads\\\/.\\\/logo-claret.png\",\"width\":194,\"height\":79,\"caption\":\"Editorial Claret\"},\"image\":{\"@id\":\"https:\\\/\\\/www.editorialclaret.cat\\\/#\\\/schema\\\/logo\\\/image\\\/\"}}]}<\/script>\n<!-- \/ Yoast SEO plugin. -->","yoast_head_json":{"title":"Editorial Claret","robots":{"index":"noindex","follow":"follow","max-snippet":"max-snippet:-1","max-image-preview":"max-image-preview:large","max-video-preview":"max-video-preview:-1"},"og_locale":"es_ES","og_type":"article","og_title":"DISSENY DE LES INTERVENCIONS SOCIOEDUCATIVES - Editorial Claret","og_description":"RIBERAS, GISELA","og_url":"https:\/\/www.editorialclaret.cat\/producte\/disseny-de-les-intervencions-socioeducatives-8489467242\/","og_site_name":"Editorial Claret","article_modified_time":"2024-05-22T10:09:55+00:00","og_image":[{"width":225,"height":339,"url":"https:\/\/www.editorialclaret.cat\/wp-content\/uploads\/.\/9788489467248.jpg","type":"image\/jpeg"}],"twitter_card":"summary_large_image","schema":{"@context":"https:\/\/schema.org","@graph":[{"@type":"WebPage","@id":"https:\/\/www.editorialclaret.cat\/producte\/disseny-de-les-intervencions-socioeducatives-8489467242\/","url":"https:\/\/www.editorialclaret.cat\/producte\/disseny-de-les-intervencions-socioeducatives-8489467242\/","name":"DISSENY DE LES INTERVENCIONS SOCIOEDUCATIVES - Editorial Claret","isPartOf":{"@id":"https:\/\/www.editorialclaret.cat\/#website"},"primaryImageOfPage":{"@id":"https:\/\/www.editorialclaret.cat\/producte\/disseny-de-les-intervencions-socioeducatives-8489467242\/#primaryimage"},"image":{"@id":"https:\/\/www.editorialclaret.cat\/producte\/disseny-de-les-intervencions-socioeducatives-8489467242\/#primaryimage"},"thumbnailUrl":"https:\/\/www.editorialclaret.cat\/wp-content\/uploads\/.\/9788489467248.jpg","datePublished":"2022-10-18T10:14:44+00:00","dateModified":"2024-05-22T10:09:55+00:00","breadcrumb":{"@id":"https:\/\/www.editorialclaret.cat\/producte\/disseny-de-les-intervencions-socioeducatives-8489467242\/#breadcrumb"},"inLanguage":"es","potentialAction":[{"@type":"ReadAction","target":["https:\/\/www.editorialclaret.cat\/producte\/disseny-de-les-intervencions-socioeducatives-8489467242\/"]}]},{"@type":"ImageObject","inLanguage":"es","@id":"https:\/\/www.editorialclaret.cat\/producte\/disseny-de-les-intervencions-socioeducatives-8489467242\/#primaryimage","url":"https:\/\/www.editorialclaret.cat\/wp-content\/uploads\/.\/9788489467248.jpg","contentUrl":"https:\/\/www.editorialclaret.cat\/wp-content\/uploads\/.\/9788489467248.jpg","width":225,"height":339,"caption":"9788489467248.jpg"},{"@type":"BreadcrumbList","@id":"https:\/\/www.editorialclaret.cat\/producte\/disseny-de-les-intervencions-socioeducatives-8489467242\/#breadcrumb","itemListElement":[{"@type":"ListItem","position":1,"name":"Portada","item":"https:\/\/www.editorialclaret.cat\/es\/"},{"@type":"ListItem","position":2,"name":"Botiga","item":"https:\/\/www.editorialclaret.cat\/?page_id=16"},{"@type":"ListItem","position":3,"name":"DISSENY DE LES INTERVENCIONS SOCIOEDUCATIVES"}]},{"@type":"WebSite","@id":"https:\/\/www.editorialclaret.cat\/#website","url":"https:\/\/www.editorialclaret.cat\/","name":"Editorial Claret","description":"","publisher":{"@id":"https:\/\/www.editorialclaret.cat\/#organization"},"potentialAction":[{"@type":"SearchAction","target":{"@type":"EntryPoint","urlTemplate":"https:\/\/www.editorialclaret.cat\/?s={search_term_string}"},"query-input":{"@type":"PropertyValueSpecification","valueRequired":true,"valueName":"search_term_string"}}],"inLanguage":"es"},{"@type":"Organization","@id":"https:\/\/www.editorialclaret.cat\/#organization","name":"Editorial Claret","url":"https:\/\/www.editorialclaret.cat\/","logo":{"@type":"ImageObject","inLanguage":"es","@id":"https:\/\/www.editorialclaret.cat\/#\/schema\/logo\/image\/","url":"https:\/\/www.editorialclaret.cat\/wp-content\/uploads\/.\/logo-claret.png","contentUrl":"https:\/\/www.editorialclaret.cat\/wp-content\/uploads\/.\/logo-claret.png","width":194,"height":79,"caption":"Editorial Claret"},"image":{"@id":"https:\/\/www.editorialclaret.cat\/#\/schema\/logo\/image\/"}}]}},"_links":{"self":[{"href":"https:\/\/www.editorialclaret.cat\/es\/wp-json\/wp\/v2\/product\/9150","targetHints":{"allow":["GET"]}}],"collection":[{"href":"https:\/\/www.editorialclaret.cat\/es\/wp-json\/wp\/v2\/product"}],"about":[{"href":"https:\/\/www.editorialclaret.cat\/es\/wp-json\/wp\/v2\/types\/product"}],"wp:featuredmedia":[{"embeddable":true,"href":"https:\/\/www.editorialclaret.cat\/es\/wp-json\/wp\/v2\/media\/9151"}],"wp:attachment":[{"href":"https:\/\/www.editorialclaret.cat\/es\/wp-json\/wp\/v2\/media?parent=9150"}],"wp:term":[{"taxonomy":"product_brand","embeddable":true,"href":"https:\/\/www.editorialclaret.cat\/es\/wp-json\/wp\/v2\/product_brand?post=9150"},{"taxonomy":"product_cat","embeddable":true,"href":"https:\/\/www.editorialclaret.cat\/es\/wp-json\/wp\/v2\/product_cat?post=9150"},{"taxonomy":"product_tag","embeddable":true,"href":"https:\/\/www.editorialclaret.cat\/es\/wp-json\/wp\/v2\/product_tag?post=9150"}],"curies":[{"name":"wp","href":"https:\/\/api.w.org\/{rel}","templated":true}]}}