{"id":8878,"date":"2022-10-18T09:06:01","date_gmt":"2022-10-18T07:06:01","guid":{"rendered":"http:\/\/dev.editorialclaret.cat\/producte\/tecniques-de-grup-jocs-i-altres-histories\/"},"modified":"2025-12-23T10:31:28","modified_gmt":"2025-12-23T09:31:28","slug":"tecniques-de-grup-jocs-i-altres-histories-9788498467765","status":"publish","type":"product","link":"https:\/\/www.editorialclaret.cat\/es\/producto\/tecniques-de-grup-jocs-i-altres-histories-9788498467765\/","title":{"rendered":"T\u00c8CNIQUES DE GRUP, JOCS I ALTRES HIST\u00d2RIES"},"content":{"rendered":"<p>T\u00e8cniques de grup, jocs i altres hist\u00f2ries, vol ser un manual que tingui un car\u00e0cter eminentment pr\u00e0ctic. Si b\u00e9 la idea original era la de fer un recull de t\u00e8cniques i activitats per a nois\/es de 12 a 18 anys, amb les quals el tutor pogu\u00e9s acompanyar la marxa del seu grup, a la fi, pensem que es pot estendre a l\u2019alumnat del cicle superior de prim\u00e0ria, aix\u00ed com tamb\u00e9 a espalis, grups escoltes, escola de pares i, per qu\u00e8 no, poden ser d\u2019un bon ajut per a les t\u00e8cniques de coaching.<br \/>Hi ha una primera part en qu\u00e8 es poden trobar m\u00e9s d\u2019una quarantena de t\u00e8cniques de grup, repartides en diferents conceptes: De presentaci\u00f3, de coneixement dels companys, de reflexi\u00f3&#8230; Totes amb la mateixa estructura: \u00abDurada\u00bb, \u00abNecessitats\u00bb, \u00abObjetius\u00bb, \u00abMecanisme\u00bb, \u00abFem-la petar\u00bb i \u00abObservacions\u00bb si s\u2019escauen.<br \/>Una segona part, que d\u00f3na unes pautes per fer xerrades amb els tutoritzats, que depenent dels grups, caldr\u00e0 retocar, aix\u00f2 si, sempre fent preguntes i \u00abxerrant\u00bb d\u2019altres coses que no siguin nom\u00e9s les notes.<br \/>La tercera ja es centraria una mica en les activitats a realitzar si el grup fa sortides, excursions o conviv\u00e8ncies, on s\u2019hi poden trobar un recull de m\u00e9s de 30 jocs de tota la vida.<br \/>La quarta recull una s\u00e8rie d\u2019activitats amb pares. Pensem que pot ser d\u2019un gran ajut per treballar amb grups de pares interessats en l\u2019educaci\u00f3 i la manera de fer dels seus fills.<br \/>Tanquem amb el que vindrien a ser unes pautes per a l\u2019organitzaci\u00f3 de l\u2019estudi, amb algunes reflexions i comentaris, sobre com fer un horari, resums, preparar un examen, entre d\u2019altres.<\/p>\n","protected":false},"excerpt":{"rendered":"<p>CARBONELL, LLU\u00cdS<\/p>\n","protected":false},"featured_media":8879,"template":"","meta":{"_acf_changed":false,"rs_blank_template":"","rs_page_bg_color":"","slide_template_v7":"","inline_featured_image":false,"_monsterinsights_skip_tracking":false,"_monsterinsights_sitenote_active":false,"_monsterinsights_sitenote_note":"","_monsterinsights_sitenote_category":0},"product_brand":[],"product_cat":[16],"product_tag":[],"class_list":{"0":"post-8878","1":"product","2":"type-product","3":"status-publish","4":"has-post-thumbnail","6":"product_cat-sense-categoria","8":"first","9":"instock","10":"taxable","11":"shipping-taxable","12":"purchasable","13":"product-type-simple"},"acf":{"autor":"CARBONELL, LLU\u00cdS","codart":"849846776","libros-coleccion":"","ediciones":"1","encuadernacion":"R\u00fastica","fecha_de_publicacion":"04\/10\/2013","novedad":"0","paginas":"188","subtitulo":"","orden":"999","portada":"0","idioma":"cat","autores-libros":[{"ID":46589,"post_author":"3","post_date":"2022-10-24 13:04:04","post_date_gmt":"2022-10-24 11:04:04","post_content":"","post_title":"LLU\u00cdS CARBONELL","post_excerpt":"","post_status":"publish","comment_status":"closed","ping_status":"closed","post_password":"","post_name":"lluis-carbonell","to_ping":"","pinged":"","post_modified":"2022-10-24 13:04:04","post_modified_gmt":"2022-10-24 11:04:04","post_content_filtered":"","post_parent":0,"guid":"http:\/\/dev.editorialclaret.cat\/autor\/lluis-carbonell\/","menu_order":0,"post_type":"autor","post_mime_type":"","comment_count":"0","filter":"raw"}],"booktrailer":"","resenas":""},"yoast_head":"<!-- This site is optimized with the Yoast SEO plugin v27.3 - https:\/\/yoast.com\/product\/yoast-seo-wordpress\/ -->\n<title>Editorial Claret<\/title>\n<meta name=\"robots\" content=\"noindex, follow, max-snippet:-1, max-image-preview:large, max-video-preview:-1\" \/>\n<meta property=\"og:locale\" content=\"es_ES\" \/>\n<meta property=\"og:type\" content=\"article\" \/>\n<meta property=\"og:title\" content=\"T\u00c8CNIQUES DE GRUP, JOCS I ALTRES HIST\u00d2RIES - Editorial Claret\" \/>\n<meta property=\"og:description\" content=\"CARBONELL, LLU\u00cdS\" \/>\n<meta property=\"og:url\" content=\"https:\/\/www.editorialclaret.cat\/producte\/tecniques-de-grup-jocs-i-altres-histories-9788498467765\/\" \/>\n<meta property=\"og:site_name\" content=\"Editorial Claret\" \/>\n<meta property=\"article:modified_time\" content=\"2025-12-23T09:31:28+00:00\" \/>\n<meta property=\"og:image\" content=\"https:\/\/www.editorialclaret.cat\/wp-content\/uploads\/.\/9788498467765.jpg\" \/>\n\t<meta property=\"og:image:width\" content=\"225\" \/>\n\t<meta property=\"og:image:height\" content=\"337\" \/>\n\t<meta property=\"og:image:type\" content=\"image\/jpeg\" \/>\n<meta name=\"twitter:card\" content=\"summary_large_image\" \/>\n<meta name=\"twitter:label1\" content=\"Tiempo de lectura\" \/>\n\t<meta name=\"twitter:data1\" content=\"1 minuto\" \/>\n<script type=\"application\/ld+json\" class=\"yoast-schema-graph\">{\"@context\":\"https:\\\/\\\/schema.org\",\"@graph\":[{\"@type\":\"WebPage\",\"@id\":\"https:\\\/\\\/www.editorialclaret.cat\\\/producte\\\/tecniques-de-grup-jocs-i-altres-histories-9788498467765\\\/\",\"url\":\"https:\\\/\\\/www.editorialclaret.cat\\\/producte\\\/tecniques-de-grup-jocs-i-altres-histories-9788498467765\\\/\",\"name\":\"T\u00c8CNIQUES DE GRUP, JOCS I ALTRES HIST\u00d2RIES - Editorial Claret\",\"isPartOf\":{\"@id\":\"https:\\\/\\\/www.editorialclaret.cat\\\/#website\"},\"primaryImageOfPage\":{\"@id\":\"https:\\\/\\\/www.editorialclaret.cat\\\/producte\\\/tecniques-de-grup-jocs-i-altres-histories-9788498467765\\\/#primaryimage\"},\"image\":{\"@id\":\"https:\\\/\\\/www.editorialclaret.cat\\\/producte\\\/tecniques-de-grup-jocs-i-altres-histories-9788498467765\\\/#primaryimage\"},\"thumbnailUrl\":\"https:\\\/\\\/www.editorialclaret.cat\\\/wp-content\\\/uploads\\\/.\\\/9788498467765.jpg\",\"datePublished\":\"2022-10-18T07:06:01+00:00\",\"dateModified\":\"2025-12-23T09:31:28+00:00\",\"breadcrumb\":{\"@id\":\"https:\\\/\\\/www.editorialclaret.cat\\\/producte\\\/tecniques-de-grup-jocs-i-altres-histories-9788498467765\\\/#breadcrumb\"},\"inLanguage\":\"es\",\"potentialAction\":[{\"@type\":\"ReadAction\",\"target\":[\"https:\\\/\\\/www.editorialclaret.cat\\\/producte\\\/tecniques-de-grup-jocs-i-altres-histories-9788498467765\\\/\"]}]},{\"@type\":\"ImageObject\",\"inLanguage\":\"es\",\"@id\":\"https:\\\/\\\/www.editorialclaret.cat\\\/producte\\\/tecniques-de-grup-jocs-i-altres-histories-9788498467765\\\/#primaryimage\",\"url\":\"https:\\\/\\\/www.editorialclaret.cat\\\/wp-content\\\/uploads\\\/.\\\/9788498467765.jpg\",\"contentUrl\":\"https:\\\/\\\/www.editorialclaret.cat\\\/wp-content\\\/uploads\\\/.\\\/9788498467765.jpg\",\"width\":225,\"height\":337,\"caption\":\"9788498467765.jpg\"},{\"@type\":\"BreadcrumbList\",\"@id\":\"https:\\\/\\\/www.editorialclaret.cat\\\/producte\\\/tecniques-de-grup-jocs-i-altres-histories-9788498467765\\\/#breadcrumb\",\"itemListElement\":[{\"@type\":\"ListItem\",\"position\":1,\"name\":\"Portada\",\"item\":\"https:\\\/\\\/www.editorialclaret.cat\\\/es\\\/\"},{\"@type\":\"ListItem\",\"position\":2,\"name\":\"Botiga\",\"item\":\"https:\\\/\\\/www.editorialclaret.cat\\\/?page_id=16\"},{\"@type\":\"ListItem\",\"position\":3,\"name\":\"T\u00c8CNIQUES DE GRUP, JOCS I ALTRES HIST\u00d2RIES\"}]},{\"@type\":\"WebSite\",\"@id\":\"https:\\\/\\\/www.editorialclaret.cat\\\/#website\",\"url\":\"https:\\\/\\\/www.editorialclaret.cat\\\/\",\"name\":\"Editorial Claret\",\"description\":\"\",\"publisher\":{\"@id\":\"https:\\\/\\\/www.editorialclaret.cat\\\/#organization\"},\"potentialAction\":[{\"@type\":\"SearchAction\",\"target\":{\"@type\":\"EntryPoint\",\"urlTemplate\":\"https:\\\/\\\/www.editorialclaret.cat\\\/?s={search_term_string}\"},\"query-input\":{\"@type\":\"PropertyValueSpecification\",\"valueRequired\":true,\"valueName\":\"search_term_string\"}}],\"inLanguage\":\"es\"},{\"@type\":\"Organization\",\"@id\":\"https:\\\/\\\/www.editorialclaret.cat\\\/#organization\",\"name\":\"Editorial Claret\",\"url\":\"https:\\\/\\\/www.editorialclaret.cat\\\/\",\"logo\":{\"@type\":\"ImageObject\",\"inLanguage\":\"es\",\"@id\":\"https:\\\/\\\/www.editorialclaret.cat\\\/#\\\/schema\\\/logo\\\/image\\\/\",\"url\":\"https:\\\/\\\/www.editorialclaret.cat\\\/wp-content\\\/uploads\\\/.\\\/logo-claret.png\",\"contentUrl\":\"https:\\\/\\\/www.editorialclaret.cat\\\/wp-content\\\/uploads\\\/.\\\/logo-claret.png\",\"width\":194,\"height\":79,\"caption\":\"Editorial Claret\"},\"image\":{\"@id\":\"https:\\\/\\\/www.editorialclaret.cat\\\/#\\\/schema\\\/logo\\\/image\\\/\"}}]}<\/script>\n<!-- \/ Yoast SEO plugin. -->","yoast_head_json":{"title":"Editorial Claret","robots":{"index":"noindex","follow":"follow","max-snippet":"max-snippet:-1","max-image-preview":"max-image-preview:large","max-video-preview":"max-video-preview:-1"},"og_locale":"es_ES","og_type":"article","og_title":"T\u00c8CNIQUES DE GRUP, JOCS I ALTRES HIST\u00d2RIES - Editorial Claret","og_description":"CARBONELL, LLU\u00cdS","og_url":"https:\/\/www.editorialclaret.cat\/producte\/tecniques-de-grup-jocs-i-altres-histories-9788498467765\/","og_site_name":"Editorial Claret","article_modified_time":"2025-12-23T09:31:28+00:00","og_image":[{"width":225,"height":337,"url":"https:\/\/www.editorialclaret.cat\/wp-content\/uploads\/.\/9788498467765.jpg","type":"image\/jpeg"}],"twitter_card":"summary_large_image","twitter_misc":{"Tiempo de lectura":"1 minuto"},"schema":{"@context":"https:\/\/schema.org","@graph":[{"@type":"WebPage","@id":"https:\/\/www.editorialclaret.cat\/producte\/tecniques-de-grup-jocs-i-altres-histories-9788498467765\/","url":"https:\/\/www.editorialclaret.cat\/producte\/tecniques-de-grup-jocs-i-altres-histories-9788498467765\/","name":"T\u00c8CNIQUES DE GRUP, JOCS I ALTRES HIST\u00d2RIES - Editorial Claret","isPartOf":{"@id":"https:\/\/www.editorialclaret.cat\/#website"},"primaryImageOfPage":{"@id":"https:\/\/www.editorialclaret.cat\/producte\/tecniques-de-grup-jocs-i-altres-histories-9788498467765\/#primaryimage"},"image":{"@id":"https:\/\/www.editorialclaret.cat\/producte\/tecniques-de-grup-jocs-i-altres-histories-9788498467765\/#primaryimage"},"thumbnailUrl":"https:\/\/www.editorialclaret.cat\/wp-content\/uploads\/.\/9788498467765.jpg","datePublished":"2022-10-18T07:06:01+00:00","dateModified":"2025-12-23T09:31:28+00:00","breadcrumb":{"@id":"https:\/\/www.editorialclaret.cat\/producte\/tecniques-de-grup-jocs-i-altres-histories-9788498467765\/#breadcrumb"},"inLanguage":"es","potentialAction":[{"@type":"ReadAction","target":["https:\/\/www.editorialclaret.cat\/producte\/tecniques-de-grup-jocs-i-altres-histories-9788498467765\/"]}]},{"@type":"ImageObject","inLanguage":"es","@id":"https:\/\/www.editorialclaret.cat\/producte\/tecniques-de-grup-jocs-i-altres-histories-9788498467765\/#primaryimage","url":"https:\/\/www.editorialclaret.cat\/wp-content\/uploads\/.\/9788498467765.jpg","contentUrl":"https:\/\/www.editorialclaret.cat\/wp-content\/uploads\/.\/9788498467765.jpg","width":225,"height":337,"caption":"9788498467765.jpg"},{"@type":"BreadcrumbList","@id":"https:\/\/www.editorialclaret.cat\/producte\/tecniques-de-grup-jocs-i-altres-histories-9788498467765\/#breadcrumb","itemListElement":[{"@type":"ListItem","position":1,"name":"Portada","item":"https:\/\/www.editorialclaret.cat\/es\/"},{"@type":"ListItem","position":2,"name":"Botiga","item":"https:\/\/www.editorialclaret.cat\/?page_id=16"},{"@type":"ListItem","position":3,"name":"T\u00c8CNIQUES DE GRUP, JOCS I ALTRES HIST\u00d2RIES"}]},{"@type":"WebSite","@id":"https:\/\/www.editorialclaret.cat\/#website","url":"https:\/\/www.editorialclaret.cat\/","name":"Editorial Claret","description":"","publisher":{"@id":"https:\/\/www.editorialclaret.cat\/#organization"},"potentialAction":[{"@type":"SearchAction","target":{"@type":"EntryPoint","urlTemplate":"https:\/\/www.editorialclaret.cat\/?s={search_term_string}"},"query-input":{"@type":"PropertyValueSpecification","valueRequired":true,"valueName":"search_term_string"}}],"inLanguage":"es"},{"@type":"Organization","@id":"https:\/\/www.editorialclaret.cat\/#organization","name":"Editorial Claret","url":"https:\/\/www.editorialclaret.cat\/","logo":{"@type":"ImageObject","inLanguage":"es","@id":"https:\/\/www.editorialclaret.cat\/#\/schema\/logo\/image\/","url":"https:\/\/www.editorialclaret.cat\/wp-content\/uploads\/.\/logo-claret.png","contentUrl":"https:\/\/www.editorialclaret.cat\/wp-content\/uploads\/.\/logo-claret.png","width":194,"height":79,"caption":"Editorial Claret"},"image":{"@id":"https:\/\/www.editorialclaret.cat\/#\/schema\/logo\/image\/"}}]}},"_links":{"self":[{"href":"https:\/\/www.editorialclaret.cat\/es\/wp-json\/wp\/v2\/product\/8878","targetHints":{"allow":["GET"]}}],"collection":[{"href":"https:\/\/www.editorialclaret.cat\/es\/wp-json\/wp\/v2\/product"}],"about":[{"href":"https:\/\/www.editorialclaret.cat\/es\/wp-json\/wp\/v2\/types\/product"}],"wp:featuredmedia":[{"embeddable":true,"href":"https:\/\/www.editorialclaret.cat\/es\/wp-json\/wp\/v2\/media\/8879"}],"wp:attachment":[{"href":"https:\/\/www.editorialclaret.cat\/es\/wp-json\/wp\/v2\/media?parent=8878"}],"wp:term":[{"taxonomy":"product_brand","embeddable":true,"href":"https:\/\/www.editorialclaret.cat\/es\/wp-json\/wp\/v2\/product_brand?post=8878"},{"taxonomy":"product_cat","embeddable":true,"href":"https:\/\/www.editorialclaret.cat\/es\/wp-json\/wp\/v2\/product_cat?post=8878"},{"taxonomy":"product_tag","embeddable":true,"href":"https:\/\/www.editorialclaret.cat\/es\/wp-json\/wp\/v2\/product_tag?post=8878"}],"curies":[{"name":"wp","href":"https:\/\/api.w.org\/{rel}","templated":true}]}}