{"id":8866,"date":"2022-10-18T09:05:53","date_gmt":"2022-10-18T07:05:53","guid":{"rendered":"http:\/\/dev.editorialclaret.cat\/producte\/esperances-davant-dincerteses\/"},"modified":"2025-11-18T16:15:48","modified_gmt":"2025-11-18T15:15:48","slug":"esperances-davant-dincerteses-9788498468496","status":"publish","type":"product","link":"https:\/\/www.editorialclaret.cat\/es\/producto\/esperances-davant-dincerteses-9788498468496\/","title":{"rendered":"ESPERANCES DAVANT D&#8217;INCERTESES"},"content":{"rendered":"<p>Aquest cicle vol examinar aspectes concrets de l\u2019esperan\u00e7a davant les crisis<br \/>actuals de la nostra societat, que atorguen un relleu i una urg\u00e8ncia especials<br \/>a la reflexi\u00f3 sobre el futur. En concret, volem considerar tres facetes de<br \/>l\u2019esperan\u00e7a \u2013tecnol\u00f2gica, human\u00edstica i cristiana\u2013 i quina mena<br \/>d\u2019interaccions entre elles podrien fer m\u00e9s fecunda la seva acci\u00f3. De fet, les<br \/>promeses m\u00e8diques, aliment\u00e0ries, comunicatives, socials i culturals de la<br \/>tecnologia constitueixen una esperan\u00e7a ben viva per a molta gent d\u2019avui,<br \/>per\u00f2 no s\u00f3n suficients per a donar resposta als neguits vitals m\u00e9s profunds.<br \/>En aquest context, intentarem examinar la vig\u00e8ncia i fecunditat de les<br \/>propostes humanistes i cristianes: una esperan\u00e7a tecnol\u00f2gica efica\u00e7 i<br \/>innovadora, una esperan\u00e7a human\u00edstica cr\u00edtica i alliberadora, i una<br \/>esperan\u00e7a cristiana m\u00edstica i prof\u00e8tica.<\/p>\n","protected":false},"excerpt":{"rendered":"<p>JOU, DAVID<\/p>\n","protected":false},"featured_media":8867,"template":"","meta":{"_acf_changed":false,"rs_blank_template":"","rs_page_bg_color":"","slide_template_v7":"","inline_featured_image":false,"_monsterinsights_skip_tracking":false,"_monsterinsights_sitenote_active":false,"_monsterinsights_sitenote_note":"","_monsterinsights_sitenote_category":0},"product_brand":[],"product_cat":[16],"product_tag":[],"class_list":{"0":"post-8866","1":"product","2":"type-product","3":"status-publish","4":"has-post-thumbnail","6":"product_cat-sense-categoria","8":"first","9":"instock","10":"taxable","11":"shipping-taxable","12":"purchasable","13":"product-type-simple"},"acf":{"autor":"JOU, DAVID","codart":"849846849","libros-coleccion":"FUNDACIO JOAN MARAGALL","ediciones":"1","encuadernacion":"R\u00fastica","fecha_de_publicacion":"22\/04\/2014","novedad":"0","paginas":"32","subtitulo":"TECNOLOGIA, HUMANITATS I CRISTIANISME EN LES CRISIS D'AVUI","orden":"999","portada":"0","idioma":"cat","autores-libros":[{"ID":13813,"post_author":"3","post_date":"2022-10-19 00:48:04","post_date_gmt":"2022-10-18 22:48:04","post_content":"<strong>David Jou i Mirabent<\/strong> (Sitges, 1953) \u00e9s f\u00edsic, poeta i assagista. Catedr\u00e0tic de F\u00edsica a la Universitat Aut\u00f2noma de Barcelona durant m\u00e9s de trenta anys, \u00e9s autor d\u2019una obra de recerca en termodin\u00e0mica fora de l\u2019equilibri reconeguda internacionalment. Ha publicat una \u00e0mplia obra po\u00e8tica de tem\u00e0tica cient\u00edfica i religiosa. Els seus assaigs combinen ci\u00e8ncia, humanisme i religi\u00f3. Ha estat membre del Patronat de la Fundaci\u00f3 Joan Maragall (Cristianisme i cultura) durant uns trenta anys.","post_title":"DAVID JOU","post_excerpt":"","post_status":"publish","comment_status":"closed","ping_status":"closed","post_password":"","post_name":"david-jou","to_ping":"","pinged":"","post_modified":"2026-01-14 12:24:23","post_modified_gmt":"2026-01-14 11:24:23","post_content_filtered":"","post_parent":0,"guid":"http:\/\/dev.editorialclaret.cat\/autor\/david-jou\/","menu_order":0,"post_type":"autor","post_mime_type":"","comment_count":"0","filter":"raw"}],"booktrailer":"","resenas":""},"yoast_head":"<!-- This site is optimized with the Yoast SEO plugin v27.3 - https:\/\/yoast.com\/product\/yoast-seo-wordpress\/ -->\n<title>Editorial Claret<\/title>\n<meta name=\"robots\" content=\"noindex, follow, max-snippet:-1, max-image-preview:large, max-video-preview:-1\" \/>\n<meta property=\"og:locale\" content=\"es_ES\" \/>\n<meta property=\"og:type\" content=\"article\" \/>\n<meta property=\"og:title\" content=\"ESPERANCES DAVANT D&#039;INCERTESES - Editorial Claret\" \/>\n<meta property=\"og:description\" content=\"JOU, DAVID\" \/>\n<meta property=\"og:url\" content=\"https:\/\/www.editorialclaret.cat\/producte\/esperances-davant-dincerteses-9788498468496\/\" \/>\n<meta property=\"og:site_name\" content=\"Editorial Claret\" \/>\n<meta property=\"article:modified_time\" content=\"2025-11-18T15:15:48+00:00\" \/>\n<meta property=\"og:image\" content=\"https:\/\/www.editorialclaret.cat\/wp-content\/uploads\/.\/9788498468496.jpg\" \/>\n\t<meta property=\"og:image:width\" content=\"225\" \/>\n\t<meta property=\"og:image:height\" content=\"311\" \/>\n\t<meta property=\"og:image:type\" content=\"image\/jpeg\" \/>\n<meta name=\"twitter:card\" content=\"summary_large_image\" \/>\n<meta name=\"twitter:label1\" content=\"Tiempo de lectura\" \/>\n\t<meta name=\"twitter:data1\" content=\"1 minuto\" \/>\n<script type=\"application\/ld+json\" class=\"yoast-schema-graph\">{\"@context\":\"https:\\\/\\\/schema.org\",\"@graph\":[{\"@type\":\"WebPage\",\"@id\":\"https:\\\/\\\/www.editorialclaret.cat\\\/producte\\\/esperances-davant-dincerteses-9788498468496\\\/\",\"url\":\"https:\\\/\\\/www.editorialclaret.cat\\\/producte\\\/esperances-davant-dincerteses-9788498468496\\\/\",\"name\":\"ESPERANCES DAVANT D'INCERTESES - Editorial Claret\",\"isPartOf\":{\"@id\":\"https:\\\/\\\/www.editorialclaret.cat\\\/#website\"},\"primaryImageOfPage\":{\"@id\":\"https:\\\/\\\/www.editorialclaret.cat\\\/producte\\\/esperances-davant-dincerteses-9788498468496\\\/#primaryimage\"},\"image\":{\"@id\":\"https:\\\/\\\/www.editorialclaret.cat\\\/producte\\\/esperances-davant-dincerteses-9788498468496\\\/#primaryimage\"},\"thumbnailUrl\":\"https:\\\/\\\/www.editorialclaret.cat\\\/wp-content\\\/uploads\\\/.\\\/9788498468496.jpg\",\"datePublished\":\"2022-10-18T07:05:53+00:00\",\"dateModified\":\"2025-11-18T15:15:48+00:00\",\"breadcrumb\":{\"@id\":\"https:\\\/\\\/www.editorialclaret.cat\\\/producte\\\/esperances-davant-dincerteses-9788498468496\\\/#breadcrumb\"},\"inLanguage\":\"es\",\"potentialAction\":[{\"@type\":\"ReadAction\",\"target\":[\"https:\\\/\\\/www.editorialclaret.cat\\\/producte\\\/esperances-davant-dincerteses-9788498468496\\\/\"]}]},{\"@type\":\"ImageObject\",\"inLanguage\":\"es\",\"@id\":\"https:\\\/\\\/www.editorialclaret.cat\\\/producte\\\/esperances-davant-dincerteses-9788498468496\\\/#primaryimage\",\"url\":\"https:\\\/\\\/www.editorialclaret.cat\\\/wp-content\\\/uploads\\\/.\\\/9788498468496.jpg\",\"contentUrl\":\"https:\\\/\\\/www.editorialclaret.cat\\\/wp-content\\\/uploads\\\/.\\\/9788498468496.jpg\",\"width\":225,\"height\":311,\"caption\":\"9788498468496.jpg\"},{\"@type\":\"BreadcrumbList\",\"@id\":\"https:\\\/\\\/www.editorialclaret.cat\\\/producte\\\/esperances-davant-dincerteses-9788498468496\\\/#breadcrumb\",\"itemListElement\":[{\"@type\":\"ListItem\",\"position\":1,\"name\":\"Portada\",\"item\":\"https:\\\/\\\/www.editorialclaret.cat\\\/es\\\/\"},{\"@type\":\"ListItem\",\"position\":2,\"name\":\"Botiga\",\"item\":\"https:\\\/\\\/www.editorialclaret.cat\\\/?page_id=16\"},{\"@type\":\"ListItem\",\"position\":3,\"name\":\"ESPERANCES DAVANT D&#8217;INCERTESES\"}]},{\"@type\":\"WebSite\",\"@id\":\"https:\\\/\\\/www.editorialclaret.cat\\\/#website\",\"url\":\"https:\\\/\\\/www.editorialclaret.cat\\\/\",\"name\":\"Editorial Claret\",\"description\":\"\",\"publisher\":{\"@id\":\"https:\\\/\\\/www.editorialclaret.cat\\\/#organization\"},\"potentialAction\":[{\"@type\":\"SearchAction\",\"target\":{\"@type\":\"EntryPoint\",\"urlTemplate\":\"https:\\\/\\\/www.editorialclaret.cat\\\/?s={search_term_string}\"},\"query-input\":{\"@type\":\"PropertyValueSpecification\",\"valueRequired\":true,\"valueName\":\"search_term_string\"}}],\"inLanguage\":\"es\"},{\"@type\":\"Organization\",\"@id\":\"https:\\\/\\\/www.editorialclaret.cat\\\/#organization\",\"name\":\"Editorial Claret\",\"url\":\"https:\\\/\\\/www.editorialclaret.cat\\\/\",\"logo\":{\"@type\":\"ImageObject\",\"inLanguage\":\"es\",\"@id\":\"https:\\\/\\\/www.editorialclaret.cat\\\/#\\\/schema\\\/logo\\\/image\\\/\",\"url\":\"https:\\\/\\\/www.editorialclaret.cat\\\/wp-content\\\/uploads\\\/.\\\/logo-claret.png\",\"contentUrl\":\"https:\\\/\\\/www.editorialclaret.cat\\\/wp-content\\\/uploads\\\/.\\\/logo-claret.png\",\"width\":194,\"height\":79,\"caption\":\"Editorial Claret\"},\"image\":{\"@id\":\"https:\\\/\\\/www.editorialclaret.cat\\\/#\\\/schema\\\/logo\\\/image\\\/\"}}]}<\/script>\n<!-- \/ Yoast SEO plugin. -->","yoast_head_json":{"title":"Editorial Claret","robots":{"index":"noindex","follow":"follow","max-snippet":"max-snippet:-1","max-image-preview":"max-image-preview:large","max-video-preview":"max-video-preview:-1"},"og_locale":"es_ES","og_type":"article","og_title":"ESPERANCES DAVANT D'INCERTESES - Editorial Claret","og_description":"JOU, DAVID","og_url":"https:\/\/www.editorialclaret.cat\/producte\/esperances-davant-dincerteses-9788498468496\/","og_site_name":"Editorial Claret","article_modified_time":"2025-11-18T15:15:48+00:00","og_image":[{"width":225,"height":311,"url":"https:\/\/www.editorialclaret.cat\/wp-content\/uploads\/.\/9788498468496.jpg","type":"image\/jpeg"}],"twitter_card":"summary_large_image","twitter_misc":{"Tiempo de lectura":"1 minuto"},"schema":{"@context":"https:\/\/schema.org","@graph":[{"@type":"WebPage","@id":"https:\/\/www.editorialclaret.cat\/producte\/esperances-davant-dincerteses-9788498468496\/","url":"https:\/\/www.editorialclaret.cat\/producte\/esperances-davant-dincerteses-9788498468496\/","name":"ESPERANCES DAVANT D'INCERTESES - Editorial Claret","isPartOf":{"@id":"https:\/\/www.editorialclaret.cat\/#website"},"primaryImageOfPage":{"@id":"https:\/\/www.editorialclaret.cat\/producte\/esperances-davant-dincerteses-9788498468496\/#primaryimage"},"image":{"@id":"https:\/\/www.editorialclaret.cat\/producte\/esperances-davant-dincerteses-9788498468496\/#primaryimage"},"thumbnailUrl":"https:\/\/www.editorialclaret.cat\/wp-content\/uploads\/.\/9788498468496.jpg","datePublished":"2022-10-18T07:05:53+00:00","dateModified":"2025-11-18T15:15:48+00:00","breadcrumb":{"@id":"https:\/\/www.editorialclaret.cat\/producte\/esperances-davant-dincerteses-9788498468496\/#breadcrumb"},"inLanguage":"es","potentialAction":[{"@type":"ReadAction","target":["https:\/\/www.editorialclaret.cat\/producte\/esperances-davant-dincerteses-9788498468496\/"]}]},{"@type":"ImageObject","inLanguage":"es","@id":"https:\/\/www.editorialclaret.cat\/producte\/esperances-davant-dincerteses-9788498468496\/#primaryimage","url":"https:\/\/www.editorialclaret.cat\/wp-content\/uploads\/.\/9788498468496.jpg","contentUrl":"https:\/\/www.editorialclaret.cat\/wp-content\/uploads\/.\/9788498468496.jpg","width":225,"height":311,"caption":"9788498468496.jpg"},{"@type":"BreadcrumbList","@id":"https:\/\/www.editorialclaret.cat\/producte\/esperances-davant-dincerteses-9788498468496\/#breadcrumb","itemListElement":[{"@type":"ListItem","position":1,"name":"Portada","item":"https:\/\/www.editorialclaret.cat\/es\/"},{"@type":"ListItem","position":2,"name":"Botiga","item":"https:\/\/www.editorialclaret.cat\/?page_id=16"},{"@type":"ListItem","position":3,"name":"ESPERANCES DAVANT D&#8217;INCERTESES"}]},{"@type":"WebSite","@id":"https:\/\/www.editorialclaret.cat\/#website","url":"https:\/\/www.editorialclaret.cat\/","name":"Editorial Claret","description":"","publisher":{"@id":"https:\/\/www.editorialclaret.cat\/#organization"},"potentialAction":[{"@type":"SearchAction","target":{"@type":"EntryPoint","urlTemplate":"https:\/\/www.editorialclaret.cat\/?s={search_term_string}"},"query-input":{"@type":"PropertyValueSpecification","valueRequired":true,"valueName":"search_term_string"}}],"inLanguage":"es"},{"@type":"Organization","@id":"https:\/\/www.editorialclaret.cat\/#organization","name":"Editorial Claret","url":"https:\/\/www.editorialclaret.cat\/","logo":{"@type":"ImageObject","inLanguage":"es","@id":"https:\/\/www.editorialclaret.cat\/#\/schema\/logo\/image\/","url":"https:\/\/www.editorialclaret.cat\/wp-content\/uploads\/.\/logo-claret.png","contentUrl":"https:\/\/www.editorialclaret.cat\/wp-content\/uploads\/.\/logo-claret.png","width":194,"height":79,"caption":"Editorial Claret"},"image":{"@id":"https:\/\/www.editorialclaret.cat\/#\/schema\/logo\/image\/"}}]}},"_links":{"self":[{"href":"https:\/\/www.editorialclaret.cat\/es\/wp-json\/wp\/v2\/product\/8866","targetHints":{"allow":["GET"]}}],"collection":[{"href":"https:\/\/www.editorialclaret.cat\/es\/wp-json\/wp\/v2\/product"}],"about":[{"href":"https:\/\/www.editorialclaret.cat\/es\/wp-json\/wp\/v2\/types\/product"}],"wp:featuredmedia":[{"embeddable":true,"href":"https:\/\/www.editorialclaret.cat\/es\/wp-json\/wp\/v2\/media\/8867"}],"wp:attachment":[{"href":"https:\/\/www.editorialclaret.cat\/es\/wp-json\/wp\/v2\/media?parent=8866"}],"wp:term":[{"taxonomy":"product_brand","embeddable":true,"href":"https:\/\/www.editorialclaret.cat\/es\/wp-json\/wp\/v2\/product_brand?post=8866"},{"taxonomy":"product_cat","embeddable":true,"href":"https:\/\/www.editorialclaret.cat\/es\/wp-json\/wp\/v2\/product_cat?post=8866"},{"taxonomy":"product_tag","embeddable":true,"href":"https:\/\/www.editorialclaret.cat\/es\/wp-json\/wp\/v2\/product_tag?post=8866"}],"curies":[{"name":"wp","href":"https:\/\/api.w.org\/{rel}","templated":true}]}}