{"id":8854,"date":"2022-10-18T09:05:46","date_gmt":"2022-10-18T07:05:46","guid":{"rendered":"http:\/\/dev.editorialclaret.cat\/producte\/via-crucis-any-de-la-misericordia\/"},"modified":"2025-03-28T11:37:10","modified_gmt":"2025-03-28T10:37:10","slug":"via-crucis-any-de-la-misericordia-9788498465983","status":"publish","type":"product","link":"https:\/\/www.editorialclaret.cat\/es\/producto\/via-crucis-any-de-la-misericordia-9788498465983\/","title":{"rendered":"VIA CRUCIS ANY DE LA MISERIC\u00d2RDIA"},"content":{"rendered":"<p><\/p>\n<p>El Via Crucis no &eacute;s solament una devoci&oacute; popular, en un recorregut simb&ograve;lic per les catorze estacions, sin&oacute; una meditaci&oacute; pausada i profunda d&rsquo;aquells passos que els evangelistes ens narren en diferents moments de la seva ignominiosa mort. Jes&uacute;s va ser condemnat pels poders f&agrave;ctics del moment perqu&egrave; van voler esborrar de les seves vides i del seu poble Aquell que era una pura den&uacute;ncia amb les seves paraules i la seva conducta. Per&ograve; teol&ograve;gicament encara hi ha m&eacute;s: hi ha l&rsquo;amor immens de D&eacute;u Pare que lliura el seu Fill estimat per la redempci&oacute; de la Humanitat: &laquo;Perqu&egrave; D&eacute;u estim&agrave; tant el m&oacute;n, que don&agrave; el seu Fill Unig&egrave;nit a fi que tot el qui creu en ell no es perdi, sin&oacute; que tingui vida eterna&raquo; (Joan 3,16).<\/p>\n","protected":false},"excerpt":{"rendered":"<p>MOLINS, VICT\u00d2RIA.M<\/p>\n","protected":false},"featured_media":8855,"template":"","meta":{"_acf_changed":false,"rs_blank_template":"","rs_page_bg_color":"","slide_template_v7":"","inline_featured_image":false,"_monsterinsights_skip_tracking":false,"_monsterinsights_sitenote_active":false,"_monsterinsights_sitenote_note":"","_monsterinsights_sitenote_category":0},"product_brand":[],"product_cat":[1055,817,818,1056,1054,816],"product_tag":[],"class_list":{"0":"post-8854","1":"product","2":"type-product","3":"status-publish","4":"has-post-thumbnail","6":"product_cat-espiritualidad-espiritualidad","7":"product_cat-espiritualitat-espiritualitat","8":"product_cat-liturgia","9":"product_cat-liturgia-espiritualidad","10":"product_cat-pastoral-espiritualidad","11":"product_cat-pastoral","13":"first","14":"outofstock","15":"taxable","16":"shipping-taxable","17":"purchasable","18":"product-type-simple"},"acf":{"autor":"MOLINS, VICT\u00d2RIA.M","codart":"849846598","libros-coleccion":"","ediciones":"1","encuadernacion":"R\u00fastica","fecha_de_publicacion":"17\/02\/2016","novedad":"0","paginas":"39","subtitulo":"","orden":"0","portada":"0","idioma":"cat","autores-libros":[{"ID":21775,"post_author":"3","post_date":"2022-10-19 01:41:35","post_date_gmt":"2022-10-18 23:41:35","post_content":"M. Vict\u00f2ria Molins neix el 1936 a Barcelona. \u00c9s la cinquena de mou germans.\u00a0Despr\u00e9s d\u2019ingressar a la Companyia de\u00a0Santa Teresa de Jes\u00fas, es va llicenciar\u00a0en Filosofia i Lletres, i va ser professora\u00a0de filosofia i literatura i directora en una escola teresiana.\u00a0Va ser directora de l\u2019Editorial STJ, ha fet cr\u00edtica de llibres\u00a0i pel\u00b7l\u00edcules i \u00e9s autora de m\u00e9s de seixanta obres sobre\u00a0q\u00fcestions d\u2019educaci\u00f3, pastoral i sobre pobresa i marginaci\u00f3. Actualment segueix dedicant-se plenament als\u00a0marginats del barri del Raval de Barcelona, sense abandonar la seva vocaci\u00f3 d\u2019escriptora de llibre i articles.\u00a0El 2015 fou investida Doctora Honoris Causa per la\u00a0Universitat Ramon Llull. Ha rebut tamb\u00e9 el 32\u00e8 Premi\u00a0Internacional Alfons Com\u00edn, la creu de Sant Jordi de la\u00a0Generalitat de Catalunya i el premi Persona i Democr\u00e0cia Joaquim Xicoy.","post_title":"VICT\u00d2RIA.M MOLINS","post_excerpt":"","post_status":"publish","comment_status":"closed","ping_status":"closed","post_password":"","post_name":"victoria-m-molins","to_ping":"","pinged":"","post_modified":"2023-11-08 11:18:52","post_modified_gmt":"2023-11-08 10:18:52","post_content_filtered":"","post_parent":0,"guid":"http:\/\/dev.editorialclaret.cat\/autor\/victoria-m-molins\/","menu_order":0,"post_type":"autor","post_mime_type":"","comment_count":"0","filter":"raw"}]},"yoast_head":"<!-- This site is optimized with the Yoast SEO plugin v27.3 - https:\/\/yoast.com\/product\/yoast-seo-wordpress\/ -->\n<title>Editorial Claret<\/title>\n<meta name=\"robots\" content=\"noindex, follow, max-snippet:-1, max-image-preview:large, max-video-preview:-1\" \/>\n<meta property=\"og:locale\" content=\"es_ES\" \/>\n<meta property=\"og:type\" content=\"article\" \/>\n<meta property=\"og:title\" content=\"VIA CRUCIS ANY DE LA MISERIC\u00d2RDIA - Editorial Claret\" \/>\n<meta property=\"og:description\" content=\"MOLINS, VICT\u00d2RIA.M\" \/>\n<meta property=\"og:url\" content=\"https:\/\/www.editorialclaret.cat\/producte\/via-crucis-any-de-la-misericordia-9788498465983\/\" \/>\n<meta property=\"og:site_name\" content=\"Editorial Claret\" \/>\n<meta property=\"article:modified_time\" content=\"2025-03-28T10:37:10+00:00\" \/>\n<meta property=\"og:image\" content=\"https:\/\/www.editorialclaret.cat\/wp-content\/uploads\/.\/9788498465983.jpg\" \/>\n\t<meta property=\"og:image:width\" content=\"217\" \/>\n\t<meta property=\"og:image:height\" content=\"345\" \/>\n\t<meta property=\"og:image:type\" content=\"image\/jpeg\" \/>\n<meta name=\"twitter:card\" content=\"summary_large_image\" \/>\n<meta name=\"twitter:label1\" content=\"Tiempo de lectura\" \/>\n\t<meta name=\"twitter:data1\" content=\"1 minuto\" \/>\n<script type=\"application\/ld+json\" class=\"yoast-schema-graph\">{\"@context\":\"https:\\\/\\\/schema.org\",\"@graph\":[{\"@type\":\"WebPage\",\"@id\":\"https:\\\/\\\/www.editorialclaret.cat\\\/producte\\\/via-crucis-any-de-la-misericordia-9788498465983\\\/\",\"url\":\"https:\\\/\\\/www.editorialclaret.cat\\\/producte\\\/via-crucis-any-de-la-misericordia-9788498465983\\\/\",\"name\":\"VIA CRUCIS ANY DE LA MISERIC\u00d2RDIA - Editorial Claret\",\"isPartOf\":{\"@id\":\"https:\\\/\\\/www.editorialclaret.cat\\\/#website\"},\"primaryImageOfPage\":{\"@id\":\"https:\\\/\\\/www.editorialclaret.cat\\\/producte\\\/via-crucis-any-de-la-misericordia-9788498465983\\\/#primaryimage\"},\"image\":{\"@id\":\"https:\\\/\\\/www.editorialclaret.cat\\\/producte\\\/via-crucis-any-de-la-misericordia-9788498465983\\\/#primaryimage\"},\"thumbnailUrl\":\"https:\\\/\\\/www.editorialclaret.cat\\\/wp-content\\\/uploads\\\/.\\\/9788498465983.jpg\",\"datePublished\":\"2022-10-18T07:05:46+00:00\",\"dateModified\":\"2025-03-28T10:37:10+00:00\",\"breadcrumb\":{\"@id\":\"https:\\\/\\\/www.editorialclaret.cat\\\/producte\\\/via-crucis-any-de-la-misericordia-9788498465983\\\/#breadcrumb\"},\"inLanguage\":\"es\",\"potentialAction\":[{\"@type\":\"ReadAction\",\"target\":[\"https:\\\/\\\/www.editorialclaret.cat\\\/producte\\\/via-crucis-any-de-la-misericordia-9788498465983\\\/\"]}]},{\"@type\":\"ImageObject\",\"inLanguage\":\"es\",\"@id\":\"https:\\\/\\\/www.editorialclaret.cat\\\/producte\\\/via-crucis-any-de-la-misericordia-9788498465983\\\/#primaryimage\",\"url\":\"https:\\\/\\\/www.editorialclaret.cat\\\/wp-content\\\/uploads\\\/.\\\/9788498465983.jpg\",\"contentUrl\":\"https:\\\/\\\/www.editorialclaret.cat\\\/wp-content\\\/uploads\\\/.\\\/9788498465983.jpg\",\"width\":217,\"height\":345,\"caption\":\"9788498465983.jpg\"},{\"@type\":\"BreadcrumbList\",\"@id\":\"https:\\\/\\\/www.editorialclaret.cat\\\/producte\\\/via-crucis-any-de-la-misericordia-9788498465983\\\/#breadcrumb\",\"itemListElement\":[{\"@type\":\"ListItem\",\"position\":1,\"name\":\"Portada\",\"item\":\"https:\\\/\\\/www.editorialclaret.cat\\\/es\\\/\"},{\"@type\":\"ListItem\",\"position\":2,\"name\":\"Botiga\",\"item\":\"https:\\\/\\\/www.editorialclaret.cat\\\/?page_id=16\"},{\"@type\":\"ListItem\",\"position\":3,\"name\":\"VIA CRUCIS ANY DE LA MISERIC\u00d2RDIA\"}]},{\"@type\":\"WebSite\",\"@id\":\"https:\\\/\\\/www.editorialclaret.cat\\\/#website\",\"url\":\"https:\\\/\\\/www.editorialclaret.cat\\\/\",\"name\":\"Editorial Claret\",\"description\":\"\",\"publisher\":{\"@id\":\"https:\\\/\\\/www.editorialclaret.cat\\\/#organization\"},\"potentialAction\":[{\"@type\":\"SearchAction\",\"target\":{\"@type\":\"EntryPoint\",\"urlTemplate\":\"https:\\\/\\\/www.editorialclaret.cat\\\/?s={search_term_string}\"},\"query-input\":{\"@type\":\"PropertyValueSpecification\",\"valueRequired\":true,\"valueName\":\"search_term_string\"}}],\"inLanguage\":\"es\"},{\"@type\":\"Organization\",\"@id\":\"https:\\\/\\\/www.editorialclaret.cat\\\/#organization\",\"name\":\"Editorial Claret\",\"url\":\"https:\\\/\\\/www.editorialclaret.cat\\\/\",\"logo\":{\"@type\":\"ImageObject\",\"inLanguage\":\"es\",\"@id\":\"https:\\\/\\\/www.editorialclaret.cat\\\/#\\\/schema\\\/logo\\\/image\\\/\",\"url\":\"https:\\\/\\\/www.editorialclaret.cat\\\/wp-content\\\/uploads\\\/.\\\/logo-claret.png\",\"contentUrl\":\"https:\\\/\\\/www.editorialclaret.cat\\\/wp-content\\\/uploads\\\/.\\\/logo-claret.png\",\"width\":194,\"height\":79,\"caption\":\"Editorial Claret\"},\"image\":{\"@id\":\"https:\\\/\\\/www.editorialclaret.cat\\\/#\\\/schema\\\/logo\\\/image\\\/\"}}]}<\/script>\n<!-- \/ Yoast SEO plugin. -->","yoast_head_json":{"title":"Editorial Claret","robots":{"index":"noindex","follow":"follow","max-snippet":"max-snippet:-1","max-image-preview":"max-image-preview:large","max-video-preview":"max-video-preview:-1"},"og_locale":"es_ES","og_type":"article","og_title":"VIA CRUCIS ANY DE LA MISERIC\u00d2RDIA - Editorial Claret","og_description":"MOLINS, VICT\u00d2RIA.M","og_url":"https:\/\/www.editorialclaret.cat\/producte\/via-crucis-any-de-la-misericordia-9788498465983\/","og_site_name":"Editorial Claret","article_modified_time":"2025-03-28T10:37:10+00:00","og_image":[{"width":217,"height":345,"url":"https:\/\/www.editorialclaret.cat\/wp-content\/uploads\/.\/9788498465983.jpg","type":"image\/jpeg"}],"twitter_card":"summary_large_image","twitter_misc":{"Tiempo de lectura":"1 minuto"},"schema":{"@context":"https:\/\/schema.org","@graph":[{"@type":"WebPage","@id":"https:\/\/www.editorialclaret.cat\/producte\/via-crucis-any-de-la-misericordia-9788498465983\/","url":"https:\/\/www.editorialclaret.cat\/producte\/via-crucis-any-de-la-misericordia-9788498465983\/","name":"VIA CRUCIS ANY DE LA MISERIC\u00d2RDIA - Editorial Claret","isPartOf":{"@id":"https:\/\/www.editorialclaret.cat\/#website"},"primaryImageOfPage":{"@id":"https:\/\/www.editorialclaret.cat\/producte\/via-crucis-any-de-la-misericordia-9788498465983\/#primaryimage"},"image":{"@id":"https:\/\/www.editorialclaret.cat\/producte\/via-crucis-any-de-la-misericordia-9788498465983\/#primaryimage"},"thumbnailUrl":"https:\/\/www.editorialclaret.cat\/wp-content\/uploads\/.\/9788498465983.jpg","datePublished":"2022-10-18T07:05:46+00:00","dateModified":"2025-03-28T10:37:10+00:00","breadcrumb":{"@id":"https:\/\/www.editorialclaret.cat\/producte\/via-crucis-any-de-la-misericordia-9788498465983\/#breadcrumb"},"inLanguage":"es","potentialAction":[{"@type":"ReadAction","target":["https:\/\/www.editorialclaret.cat\/producte\/via-crucis-any-de-la-misericordia-9788498465983\/"]}]},{"@type":"ImageObject","inLanguage":"es","@id":"https:\/\/www.editorialclaret.cat\/producte\/via-crucis-any-de-la-misericordia-9788498465983\/#primaryimage","url":"https:\/\/www.editorialclaret.cat\/wp-content\/uploads\/.\/9788498465983.jpg","contentUrl":"https:\/\/www.editorialclaret.cat\/wp-content\/uploads\/.\/9788498465983.jpg","width":217,"height":345,"caption":"9788498465983.jpg"},{"@type":"BreadcrumbList","@id":"https:\/\/www.editorialclaret.cat\/producte\/via-crucis-any-de-la-misericordia-9788498465983\/#breadcrumb","itemListElement":[{"@type":"ListItem","position":1,"name":"Portada","item":"https:\/\/www.editorialclaret.cat\/es\/"},{"@type":"ListItem","position":2,"name":"Botiga","item":"https:\/\/www.editorialclaret.cat\/?page_id=16"},{"@type":"ListItem","position":3,"name":"VIA CRUCIS ANY DE LA MISERIC\u00d2RDIA"}]},{"@type":"WebSite","@id":"https:\/\/www.editorialclaret.cat\/#website","url":"https:\/\/www.editorialclaret.cat\/","name":"Editorial Claret","description":"","publisher":{"@id":"https:\/\/www.editorialclaret.cat\/#organization"},"potentialAction":[{"@type":"SearchAction","target":{"@type":"EntryPoint","urlTemplate":"https:\/\/www.editorialclaret.cat\/?s={search_term_string}"},"query-input":{"@type":"PropertyValueSpecification","valueRequired":true,"valueName":"search_term_string"}}],"inLanguage":"es"},{"@type":"Organization","@id":"https:\/\/www.editorialclaret.cat\/#organization","name":"Editorial Claret","url":"https:\/\/www.editorialclaret.cat\/","logo":{"@type":"ImageObject","inLanguage":"es","@id":"https:\/\/www.editorialclaret.cat\/#\/schema\/logo\/image\/","url":"https:\/\/www.editorialclaret.cat\/wp-content\/uploads\/.\/logo-claret.png","contentUrl":"https:\/\/www.editorialclaret.cat\/wp-content\/uploads\/.\/logo-claret.png","width":194,"height":79,"caption":"Editorial Claret"},"image":{"@id":"https:\/\/www.editorialclaret.cat\/#\/schema\/logo\/image\/"}}]}},"_links":{"self":[{"href":"https:\/\/www.editorialclaret.cat\/es\/wp-json\/wp\/v2\/product\/8854","targetHints":{"allow":["GET"]}}],"collection":[{"href":"https:\/\/www.editorialclaret.cat\/es\/wp-json\/wp\/v2\/product"}],"about":[{"href":"https:\/\/www.editorialclaret.cat\/es\/wp-json\/wp\/v2\/types\/product"}],"wp:featuredmedia":[{"embeddable":true,"href":"https:\/\/www.editorialclaret.cat\/es\/wp-json\/wp\/v2\/media\/8855"}],"wp:attachment":[{"href":"https:\/\/www.editorialclaret.cat\/es\/wp-json\/wp\/v2\/media?parent=8854"}],"wp:term":[{"taxonomy":"product_brand","embeddable":true,"href":"https:\/\/www.editorialclaret.cat\/es\/wp-json\/wp\/v2\/product_brand?post=8854"},{"taxonomy":"product_cat","embeddable":true,"href":"https:\/\/www.editorialclaret.cat\/es\/wp-json\/wp\/v2\/product_cat?post=8854"},{"taxonomy":"product_tag","embeddable":true,"href":"https:\/\/www.editorialclaret.cat\/es\/wp-json\/wp\/v2\/product_tag?post=8854"}],"curies":[{"name":"wp","href":"https:\/\/api.w.org\/{rel}","templated":true}]}}