{"id":8785,"date":"2022-10-18T09:05:01","date_gmt":"2022-10-18T07:05:01","guid":{"rendered":"http:\/\/dev.editorialclaret.cat\/producte\/donant-un-xic-de-felicitat\/"},"modified":"2024-05-22T13:17:49","modified_gmt":"2024-05-22T11:17:49","slug":"donant-un-xic-de-felicitat-9788498465549","status":"publish","type":"product","link":"https:\/\/www.editorialclaret.cat\/es\/producto\/donant-un-xic-de-felicitat-9788498465549\/","title":{"rendered":"DONANT UN XIC DE FELICITAT"},"content":{"rendered":"<p>Aquestes p&agrave;gines demostren que tot t&eacute; un sentit si ens ho proposem. Que de tot en podem aprendre. Que cada maltempsada la podem convertir en una oportunitat. Que la felicitat es pot rebre i es pot donar. Perqu&egrave; la felicitat est&agrave; en les coses petites, i la clau de la felicitat, en saber valorar les coses i els moments en la seva justa mesura. Comprant aquest llibre es col&middot;labora a l&rsquo;aven&ccedil; de la investigaci&oacute; en Ictus al Vall d&rsquo;Hebron Institut de Recerca (VHIR). Un llibre que explica l&#039;experi&egrave;ncia personal de l&#039;autora, Josepa Forns, davant la ferotge lluita contra les seq&uuml;eles d&#039;un ictus.<\/p>\n","protected":false},"excerpt":{"rendered":"<p>FORNS PUJOL, JOSEPA<\/p>\n","protected":false},"featured_media":65402,"template":"","meta":{"_acf_changed":false,"rs_blank_template":"","rs_page_bg_color":"","slide_template_v7":"","inline_featured_image":false,"_monsterinsights_skip_tracking":false,"_monsterinsights_sitenote_active":false,"_monsterinsights_sitenote_note":"","_monsterinsights_sitenote_category":0},"product_brand":[],"product_cat":[1057,819,1072,835],"product_tag":[],"class_list":{"0":"post-8785","1":"product","2":"type-product","3":"status-publish","4":"has-post-thumbnail","6":"product_cat-psicologia-humanidades","7":"product_cat-psicologia","8":"product_cat-salud","9":"product_cat-salut","11":"first","12":"instock","13":"taxable","14":"shipping-taxable","15":"purchasable","16":"product-type-simple"},"acf":{"autor":"FORNS PUJOL, JOSEPA","codart":"849846554","libros-coleccion":"","ediciones":"1","encuadernacion":"R\u00fastica","fecha_de_publicacion":"15\/12\/2016","novedad":"0","paginas":"144","subtitulo":"","orden":"0","portada":"0","idioma":"cat","autores-libros":[{"ID":46582,"post_author":"3","post_date":"2022-10-24 13:04:00","post_date_gmt":"2022-10-24 11:04:00","post_content":"Va estudiar Psicologia i Logop\u00e8dia. Durant prop de quaranta anys s\u2019ha dedicat a l\u2019Educaci\u00f3 Especial, treballant, estimant i educant, formant molts alumnes perqu\u00e8 fossin persones aut\u00f2nomes, solid\u00e0ries i joioses dins la societat, per preparar-los per un ofici i millorar la seva formaci\u00f3. Tamb\u00e9 ha dirigit els gabinets psicopedag\u00f2gics de dues escoles.\r\nJunt amb altres mestres, psic\u00f2legs i pedagogs, va crear un Centre dedicat a l\u2019Educaci\u00f3 Especial, amb programes de garantia social i d\u2019inserci\u00f3 laboral. \u00c9s autora dels llibres\u00a0<em>Com reeducar: exercicis pr\u00e0ctics<\/em>,\u00a0<em>Treballem i aprenem amb el cos<\/em>,\u00a0<em>Reptes, amb motiu dels vinc-i-cinc anys de professi\u00f3<\/em>, i\u00a0<em>Donant un xic de felicitat<\/em>.\r\nDespr\u00e9s de jubilar-se prematurament a causa d\u2019un ictus \u2013que va superar amb una gran for\u00e7a de voluntat i il\u00b7lusi\u00f3 per viure\u2013 ha fet xerrades explicant aquesta experi\u00e8ncia, i tamb\u00e9 sobre \u00abbenestar personal\u00bb i \u00abeines per gaudir de la saviesa\u00bb.","post_title":"JOSEPA FORNS PUJOL","post_excerpt":"","post_status":"publish","comment_status":"closed","ping_status":"closed","post_password":"","post_name":"josepa-forns-pujol","to_ping":"","pinged":"","post_modified":"2024-03-07 13:42:10","post_modified_gmt":"2024-03-07 12:42:10","post_content_filtered":"","post_parent":0,"guid":"http:\/\/dev.editorialclaret.cat\/autor\/josepa-forns-pujol\/","menu_order":0,"post_type":"autor","post_mime_type":"","comment_count":"0","filter":"raw"}],"booktrailer":"","linkebook":"","ficha":"849846554_1688550671.pdf","muestra":"","precioebook":"0","presentacion":"","resenas":""},"yoast_head":"<!-- This site is optimized with the Yoast SEO plugin v27.3 - https:\/\/yoast.com\/product\/yoast-seo-wordpress\/ -->\n<title>Editorial Claret<\/title>\n<meta name=\"robots\" content=\"noindex, follow, max-snippet:-1, max-image-preview:large, max-video-preview:-1\" \/>\n<meta property=\"og:locale\" content=\"es_ES\" \/>\n<meta property=\"og:type\" content=\"article\" \/>\n<meta property=\"og:title\" content=\"DONANT UN XIC DE FELICITAT - Editorial Claret\" \/>\n<meta property=\"og:description\" content=\"FORNS PUJOL, JOSEPA\" \/>\n<meta property=\"og:url\" content=\"https:\/\/www.editorialclaret.cat\/producte\/donant-un-xic-de-felicitat-9788498465549\/\" \/>\n<meta property=\"og:site_name\" content=\"Editorial Claret\" \/>\n<meta property=\"article:modified_time\" content=\"2024-05-22T11:17:49+00:00\" \/>\n<meta property=\"og:image\" content=\"https:\/\/www.editorialclaret.cat\/wp-content\/uploads\/.\/9788498465549-1.jpg\" \/>\n\t<meta property=\"og:image:width\" content=\"250\" \/>\n\t<meta property=\"og:image:height\" content=\"389\" \/>\n\t<meta property=\"og:image:type\" content=\"image\/jpeg\" \/>\n<meta name=\"twitter:card\" content=\"summary_large_image\" \/>\n<meta name=\"twitter:label1\" content=\"Tiempo de lectura\" \/>\n\t<meta name=\"twitter:data1\" content=\"1 minuto\" \/>\n<script type=\"application\/ld+json\" class=\"yoast-schema-graph\">{\"@context\":\"https:\\\/\\\/schema.org\",\"@graph\":[{\"@type\":\"WebPage\",\"@id\":\"https:\\\/\\\/www.editorialclaret.cat\\\/producte\\\/donant-un-xic-de-felicitat-9788498465549\\\/\",\"url\":\"https:\\\/\\\/www.editorialclaret.cat\\\/producte\\\/donant-un-xic-de-felicitat-9788498465549\\\/\",\"name\":\"DONANT UN XIC DE FELICITAT - Editorial Claret\",\"isPartOf\":{\"@id\":\"https:\\\/\\\/www.editorialclaret.cat\\\/#website\"},\"primaryImageOfPage\":{\"@id\":\"https:\\\/\\\/www.editorialclaret.cat\\\/producte\\\/donant-un-xic-de-felicitat-9788498465549\\\/#primaryimage\"},\"image\":{\"@id\":\"https:\\\/\\\/www.editorialclaret.cat\\\/producte\\\/donant-un-xic-de-felicitat-9788498465549\\\/#primaryimage\"},\"thumbnailUrl\":\"https:\\\/\\\/www.editorialclaret.cat\\\/wp-content\\\/uploads\\\/.\\\/9788498465549-1.jpg\",\"datePublished\":\"2022-10-18T07:05:01+00:00\",\"dateModified\":\"2024-05-22T11:17:49+00:00\",\"breadcrumb\":{\"@id\":\"https:\\\/\\\/www.editorialclaret.cat\\\/producte\\\/donant-un-xic-de-felicitat-9788498465549\\\/#breadcrumb\"},\"inLanguage\":\"es\",\"potentialAction\":[{\"@type\":\"ReadAction\",\"target\":[\"https:\\\/\\\/www.editorialclaret.cat\\\/producte\\\/donant-un-xic-de-felicitat-9788498465549\\\/\"]}]},{\"@type\":\"ImageObject\",\"inLanguage\":\"es\",\"@id\":\"https:\\\/\\\/www.editorialclaret.cat\\\/producte\\\/donant-un-xic-de-felicitat-9788498465549\\\/#primaryimage\",\"url\":\"https:\\\/\\\/www.editorialclaret.cat\\\/wp-content\\\/uploads\\\/.\\\/9788498465549-1.jpg\",\"contentUrl\":\"https:\\\/\\\/www.editorialclaret.cat\\\/wp-content\\\/uploads\\\/.\\\/9788498465549-1.jpg\",\"width\":250,\"height\":389,\"caption\":\"9788498465549.jpg\"},{\"@type\":\"BreadcrumbList\",\"@id\":\"https:\\\/\\\/www.editorialclaret.cat\\\/producte\\\/donant-un-xic-de-felicitat-9788498465549\\\/#breadcrumb\",\"itemListElement\":[{\"@type\":\"ListItem\",\"position\":1,\"name\":\"Portada\",\"item\":\"https:\\\/\\\/www.editorialclaret.cat\\\/es\\\/\"},{\"@type\":\"ListItem\",\"position\":2,\"name\":\"Botiga\",\"item\":\"https:\\\/\\\/www.editorialclaret.cat\\\/?page_id=16\"},{\"@type\":\"ListItem\",\"position\":3,\"name\":\"DONANT UN XIC DE FELICITAT\"}]},{\"@type\":\"WebSite\",\"@id\":\"https:\\\/\\\/www.editorialclaret.cat\\\/#website\",\"url\":\"https:\\\/\\\/www.editorialclaret.cat\\\/\",\"name\":\"Editorial Claret\",\"description\":\"\",\"publisher\":{\"@id\":\"https:\\\/\\\/www.editorialclaret.cat\\\/#organization\"},\"potentialAction\":[{\"@type\":\"SearchAction\",\"target\":{\"@type\":\"EntryPoint\",\"urlTemplate\":\"https:\\\/\\\/www.editorialclaret.cat\\\/?s={search_term_string}\"},\"query-input\":{\"@type\":\"PropertyValueSpecification\",\"valueRequired\":true,\"valueName\":\"search_term_string\"}}],\"inLanguage\":\"es\"},{\"@type\":\"Organization\",\"@id\":\"https:\\\/\\\/www.editorialclaret.cat\\\/#organization\",\"name\":\"Editorial Claret\",\"url\":\"https:\\\/\\\/www.editorialclaret.cat\\\/\",\"logo\":{\"@type\":\"ImageObject\",\"inLanguage\":\"es\",\"@id\":\"https:\\\/\\\/www.editorialclaret.cat\\\/#\\\/schema\\\/logo\\\/image\\\/\",\"url\":\"https:\\\/\\\/www.editorialclaret.cat\\\/wp-content\\\/uploads\\\/.\\\/logo-claret.png\",\"contentUrl\":\"https:\\\/\\\/www.editorialclaret.cat\\\/wp-content\\\/uploads\\\/.\\\/logo-claret.png\",\"width\":194,\"height\":79,\"caption\":\"Editorial Claret\"},\"image\":{\"@id\":\"https:\\\/\\\/www.editorialclaret.cat\\\/#\\\/schema\\\/logo\\\/image\\\/\"}}]}<\/script>\n<!-- \/ Yoast SEO plugin. -->","yoast_head_json":{"title":"Editorial Claret","robots":{"index":"noindex","follow":"follow","max-snippet":"max-snippet:-1","max-image-preview":"max-image-preview:large","max-video-preview":"max-video-preview:-1"},"og_locale":"es_ES","og_type":"article","og_title":"DONANT UN XIC DE FELICITAT - Editorial Claret","og_description":"FORNS PUJOL, JOSEPA","og_url":"https:\/\/www.editorialclaret.cat\/producte\/donant-un-xic-de-felicitat-9788498465549\/","og_site_name":"Editorial Claret","article_modified_time":"2024-05-22T11:17:49+00:00","og_image":[{"width":250,"height":389,"url":"https:\/\/www.editorialclaret.cat\/wp-content\/uploads\/.\/9788498465549-1.jpg","type":"image\/jpeg"}],"twitter_card":"summary_large_image","twitter_misc":{"Tiempo de lectura":"1 minuto"},"schema":{"@context":"https:\/\/schema.org","@graph":[{"@type":"WebPage","@id":"https:\/\/www.editorialclaret.cat\/producte\/donant-un-xic-de-felicitat-9788498465549\/","url":"https:\/\/www.editorialclaret.cat\/producte\/donant-un-xic-de-felicitat-9788498465549\/","name":"DONANT UN XIC DE FELICITAT - Editorial Claret","isPartOf":{"@id":"https:\/\/www.editorialclaret.cat\/#website"},"primaryImageOfPage":{"@id":"https:\/\/www.editorialclaret.cat\/producte\/donant-un-xic-de-felicitat-9788498465549\/#primaryimage"},"image":{"@id":"https:\/\/www.editorialclaret.cat\/producte\/donant-un-xic-de-felicitat-9788498465549\/#primaryimage"},"thumbnailUrl":"https:\/\/www.editorialclaret.cat\/wp-content\/uploads\/.\/9788498465549-1.jpg","datePublished":"2022-10-18T07:05:01+00:00","dateModified":"2024-05-22T11:17:49+00:00","breadcrumb":{"@id":"https:\/\/www.editorialclaret.cat\/producte\/donant-un-xic-de-felicitat-9788498465549\/#breadcrumb"},"inLanguage":"es","potentialAction":[{"@type":"ReadAction","target":["https:\/\/www.editorialclaret.cat\/producte\/donant-un-xic-de-felicitat-9788498465549\/"]}]},{"@type":"ImageObject","inLanguage":"es","@id":"https:\/\/www.editorialclaret.cat\/producte\/donant-un-xic-de-felicitat-9788498465549\/#primaryimage","url":"https:\/\/www.editorialclaret.cat\/wp-content\/uploads\/.\/9788498465549-1.jpg","contentUrl":"https:\/\/www.editorialclaret.cat\/wp-content\/uploads\/.\/9788498465549-1.jpg","width":250,"height":389,"caption":"9788498465549.jpg"},{"@type":"BreadcrumbList","@id":"https:\/\/www.editorialclaret.cat\/producte\/donant-un-xic-de-felicitat-9788498465549\/#breadcrumb","itemListElement":[{"@type":"ListItem","position":1,"name":"Portada","item":"https:\/\/www.editorialclaret.cat\/es\/"},{"@type":"ListItem","position":2,"name":"Botiga","item":"https:\/\/www.editorialclaret.cat\/?page_id=16"},{"@type":"ListItem","position":3,"name":"DONANT UN XIC DE FELICITAT"}]},{"@type":"WebSite","@id":"https:\/\/www.editorialclaret.cat\/#website","url":"https:\/\/www.editorialclaret.cat\/","name":"Editorial Claret","description":"","publisher":{"@id":"https:\/\/www.editorialclaret.cat\/#organization"},"potentialAction":[{"@type":"SearchAction","target":{"@type":"EntryPoint","urlTemplate":"https:\/\/www.editorialclaret.cat\/?s={search_term_string}"},"query-input":{"@type":"PropertyValueSpecification","valueRequired":true,"valueName":"search_term_string"}}],"inLanguage":"es"},{"@type":"Organization","@id":"https:\/\/www.editorialclaret.cat\/#organization","name":"Editorial Claret","url":"https:\/\/www.editorialclaret.cat\/","logo":{"@type":"ImageObject","inLanguage":"es","@id":"https:\/\/www.editorialclaret.cat\/#\/schema\/logo\/image\/","url":"https:\/\/www.editorialclaret.cat\/wp-content\/uploads\/.\/logo-claret.png","contentUrl":"https:\/\/www.editorialclaret.cat\/wp-content\/uploads\/.\/logo-claret.png","width":194,"height":79,"caption":"Editorial Claret"},"image":{"@id":"https:\/\/www.editorialclaret.cat\/#\/schema\/logo\/image\/"}}]}},"_links":{"self":[{"href":"https:\/\/www.editorialclaret.cat\/es\/wp-json\/wp\/v2\/product\/8785","targetHints":{"allow":["GET"]}}],"collection":[{"href":"https:\/\/www.editorialclaret.cat\/es\/wp-json\/wp\/v2\/product"}],"about":[{"href":"https:\/\/www.editorialclaret.cat\/es\/wp-json\/wp\/v2\/types\/product"}],"wp:featuredmedia":[{"embeddable":true,"href":"https:\/\/www.editorialclaret.cat\/es\/wp-json\/wp\/v2\/media\/65402"}],"wp:attachment":[{"href":"https:\/\/www.editorialclaret.cat\/es\/wp-json\/wp\/v2\/media?parent=8785"}],"wp:term":[{"taxonomy":"product_brand","embeddable":true,"href":"https:\/\/www.editorialclaret.cat\/es\/wp-json\/wp\/v2\/product_brand?post=8785"},{"taxonomy":"product_cat","embeddable":true,"href":"https:\/\/www.editorialclaret.cat\/es\/wp-json\/wp\/v2\/product_cat?post=8785"},{"taxonomy":"product_tag","embeddable":true,"href":"https:\/\/www.editorialclaret.cat\/es\/wp-json\/wp\/v2\/product_tag?post=8785"}],"curies":[{"name":"wp","href":"https:\/\/api.w.org\/{rel}","templated":true}]}}