{"id":8767,"date":"2022-10-18T09:04:49","date_gmt":"2022-10-18T07:04:49","guid":{"rendered":"http:\/\/dev.editorialclaret.cat\/producte\/de-cor-a-cor-2\/"},"modified":"2024-05-22T12:13:01","modified_gmt":"2024-05-22T10:13:01","slug":"de-cor-a-cor-reflexions-personals-per-compartir-9788491360155","status":"publish","type":"product","link":"https:\/\/www.editorialclaret.cat\/es\/producto\/de-cor-a-cor-reflexions-personals-per-compartir-9788491360155\/","title":{"rendered":"DE COR A COR. REFLEXIONS PERSONALS PER COMPARTIR"},"content":{"rendered":"<p>El cor &eacute;s la seu dels sentiments interiors, de tots els sentiments interiors: l&#039;&agrave;nim, l&#039;alegria, l&#039;afecte&#8230;, per&ograve; tamb&eacute; la preocupaci&oacute;, l&#039;angoixa, la por&#8230; Tot plegat afai&ccedil;ona la nostra vida humana. Ella, la Maria Teresa, els tenia, aquests sentiments en el seu cor, i ens els va oferir per fer-los CORals, perqu&egrave; tots hi particip&eacute;ssim. De cor a cor, &eacute;s el t&iacute;tol del nou llibre que ara ens ofereix. La seva CORada (l&#8217;impuls amb qu&egrave; hom es llan&ccedil;a a executar el que el cor li diu de fer, que ens diu el diccionari) ens la vol transmetre ben al dedins. I ara podrem contemplar de nou la natura: aquest parad&iacute;s anomenat Terra, la llum, els animals, el rellotge de sol, el temps. Podrem tamb&eacute; viatjar a la muntanya de Montserrat, a les illes d&#039;Eivissa i de Tenerife, a la ciutat de Londres, a la regi&oacute; de la Toscana.<\/p>\n","protected":false},"excerpt":{"rendered":"<p>QUINTANA RIERA, M\u00aa TERESA<\/p>\n","protected":false},"featured_media":8768,"template":"","meta":{"_acf_changed":false,"rs_blank_template":"","rs_page_bg_color":"","slide_template_v7":"","inline_featured_image":false,"_monsterinsights_skip_tracking":false,"_monsterinsights_sitenote_active":false,"_monsterinsights_sitenote_note":"","_monsterinsights_sitenote_category":0},"product_brand":[],"product_cat":[1290,1293,1055,817],"product_tag":[],"class_list":{"0":"post-8767","1":"product","2":"type-product","3":"status-publish","4":"has-post-thumbnail","6":"product_cat-a-cel-obert","7":"product_cat-a-cielo-abierto","8":"product_cat-espiritualidad-espiritualidad","9":"product_cat-espiritualitat-espiritualitat","11":"first","12":"instock","13":"taxable","14":"shipping-taxable","15":"purchasable","16":"product-type-simple"},"acf":{"autor":"QUINTANA RIERA, M\u00aa TERESA","codart":"849136015","libros-coleccion":"A cel obert","ediciones":"1","encuadernacion":"R\u00fastica","fecha_de_publicacion":"14\/03\/2017","novedad":"0","paginas":"166","subtitulo":"REFLEXIONS PERSONALS PER COMPARTIR","orden":"0","portada":"0","idioma":"cat","autores-libros":[{"ID":18357,"post_author":"3","post_date":"2022-10-19 01:18:43","post_date_gmt":"2022-10-18 23:18:43","post_content":"Nascuda a Arenys de Mar l\u2019any\u00a01944. Estudis primaris i secundaris\u00a0al col\u00b7legi de la Presentaci\u00f3 d\u2019Arenys. Carrera a l\u2019Institut del Teatre, i\r\nllicenciada en Filosofia i Lletres a la\u00a0Universitaris de Barcelona. Estades\u00a0llargues a Par\u00eds, Dubl\u00edn i Londres. Als anys 60 pertanyia als grups de la Nova Can\u00e7\u00f3, component les seves\u00a0pr\u00f2pies can\u00e7ons, que cantava i tocava amb la guitarra.\u00a0Professora d\u2019angl\u00e8s durant vint anys a l\u2019escola Isabel\u00a0de Villena, de Barcelona. Despr\u00e9s de les oposicions,\u00a0va treballar vint anys a instituts p\u00fablics d\u2019ensenyament\u00a0secundari. Es jubila a l\u2019Institut Valldemossa. Casada i t\u00e9\u00a0dos fills. Actualment, per a la seva formaci\u00f3 permanent,\u00a0assiteix a cursos de diferents cosmovions i espiritualitat\u00a0en general.","post_title":"M\u00aa TERESA QUINTANA RIERA","post_excerpt":"","post_status":"publish","comment_status":"closed","ping_status":"closed","post_password":"","post_name":"ma-teresa-quintana-riera","to_ping":"","pinged":"","post_modified":"2023-11-08 11:29:26","post_modified_gmt":"2023-11-08 10:29:26","post_content_filtered":"","post_parent":0,"guid":"http:\/\/dev.editorialclaret.cat\/autor\/ma-teresa-quintana-riera\/","menu_order":0,"post_type":"autor","post_mime_type":"","comment_count":"0","filter":"raw"}],"booktrailer":"","linkebook":"","ficha":"849136015_1688476095.pdf","muestra":"","precioebook":"0","presentacion":"","resenas":""},"yoast_head":"<!-- This site is optimized with the Yoast SEO plugin v27.3 - https:\/\/yoast.com\/product\/yoast-seo-wordpress\/ -->\n<title>Editorial Claret<\/title>\n<meta name=\"robots\" content=\"noindex, follow, max-snippet:-1, max-image-preview:large, max-video-preview:-1\" \/>\n<meta property=\"og:locale\" content=\"es_ES\" \/>\n<meta property=\"og:type\" content=\"article\" \/>\n<meta property=\"og:title\" content=\"DE COR A COR. REFLEXIONS PERSONALS PER COMPARTIR - Editorial Claret\" \/>\n<meta property=\"og:description\" content=\"QUINTANA RIERA, M\u00aa TERESA\" \/>\n<meta property=\"og:url\" content=\"https:\/\/www.editorialclaret.cat\/producte\/de-cor-a-cor-reflexions-personals-per-compartir-9788491360155\/\" \/>\n<meta property=\"og:site_name\" content=\"Editorial Claret\" \/>\n<meta property=\"article:modified_time\" content=\"2024-05-22T10:13:01+00:00\" \/>\n<meta property=\"og:image\" content=\"https:\/\/www.editorialclaret.cat\/wp-content\/uploads\/.\/9788491360155.jpg\" \/>\n\t<meta property=\"og:image:width\" content=\"225\" \/>\n\t<meta property=\"og:image:height\" content=\"333\" \/>\n\t<meta property=\"og:image:type\" content=\"image\/jpeg\" \/>\n<meta name=\"twitter:card\" content=\"summary_large_image\" \/>\n<meta name=\"twitter:label1\" content=\"Tiempo de lectura\" \/>\n\t<meta name=\"twitter:data1\" content=\"1 minuto\" \/>\n<script type=\"application\/ld+json\" class=\"yoast-schema-graph\">{\"@context\":\"https:\\\/\\\/schema.org\",\"@graph\":[{\"@type\":\"WebPage\",\"@id\":\"https:\\\/\\\/www.editorialclaret.cat\\\/producte\\\/de-cor-a-cor-reflexions-personals-per-compartir-9788491360155\\\/\",\"url\":\"https:\\\/\\\/www.editorialclaret.cat\\\/producte\\\/de-cor-a-cor-reflexions-personals-per-compartir-9788491360155\\\/\",\"name\":\"DE COR A COR. REFLEXIONS PERSONALS PER COMPARTIR - Editorial Claret\",\"isPartOf\":{\"@id\":\"https:\\\/\\\/www.editorialclaret.cat\\\/#website\"},\"primaryImageOfPage\":{\"@id\":\"https:\\\/\\\/www.editorialclaret.cat\\\/producte\\\/de-cor-a-cor-reflexions-personals-per-compartir-9788491360155\\\/#primaryimage\"},\"image\":{\"@id\":\"https:\\\/\\\/www.editorialclaret.cat\\\/producte\\\/de-cor-a-cor-reflexions-personals-per-compartir-9788491360155\\\/#primaryimage\"},\"thumbnailUrl\":\"https:\\\/\\\/www.editorialclaret.cat\\\/wp-content\\\/uploads\\\/.\\\/9788491360155.jpg\",\"datePublished\":\"2022-10-18T07:04:49+00:00\",\"dateModified\":\"2024-05-22T10:13:01+00:00\",\"breadcrumb\":{\"@id\":\"https:\\\/\\\/www.editorialclaret.cat\\\/producte\\\/de-cor-a-cor-reflexions-personals-per-compartir-9788491360155\\\/#breadcrumb\"},\"inLanguage\":\"es\",\"potentialAction\":[{\"@type\":\"ReadAction\",\"target\":[\"https:\\\/\\\/www.editorialclaret.cat\\\/producte\\\/de-cor-a-cor-reflexions-personals-per-compartir-9788491360155\\\/\"]}]},{\"@type\":\"ImageObject\",\"inLanguage\":\"es\",\"@id\":\"https:\\\/\\\/www.editorialclaret.cat\\\/producte\\\/de-cor-a-cor-reflexions-personals-per-compartir-9788491360155\\\/#primaryimage\",\"url\":\"https:\\\/\\\/www.editorialclaret.cat\\\/wp-content\\\/uploads\\\/.\\\/9788491360155.jpg\",\"contentUrl\":\"https:\\\/\\\/www.editorialclaret.cat\\\/wp-content\\\/uploads\\\/.\\\/9788491360155.jpg\",\"width\":225,\"height\":333,\"caption\":\"9788491360155.jpg\"},{\"@type\":\"BreadcrumbList\",\"@id\":\"https:\\\/\\\/www.editorialclaret.cat\\\/producte\\\/de-cor-a-cor-reflexions-personals-per-compartir-9788491360155\\\/#breadcrumb\",\"itemListElement\":[{\"@type\":\"ListItem\",\"position\":1,\"name\":\"Portada\",\"item\":\"https:\\\/\\\/www.editorialclaret.cat\\\/es\\\/\"},{\"@type\":\"ListItem\",\"position\":2,\"name\":\"Botiga\",\"item\":\"https:\\\/\\\/www.editorialclaret.cat\\\/?page_id=16\"},{\"@type\":\"ListItem\",\"position\":3,\"name\":\"DE COR A COR. REFLEXIONS PERSONALS PER COMPARTIR\"}]},{\"@type\":\"WebSite\",\"@id\":\"https:\\\/\\\/www.editorialclaret.cat\\\/#website\",\"url\":\"https:\\\/\\\/www.editorialclaret.cat\\\/\",\"name\":\"Editorial Claret\",\"description\":\"\",\"publisher\":{\"@id\":\"https:\\\/\\\/www.editorialclaret.cat\\\/#organization\"},\"potentialAction\":[{\"@type\":\"SearchAction\",\"target\":{\"@type\":\"EntryPoint\",\"urlTemplate\":\"https:\\\/\\\/www.editorialclaret.cat\\\/?s={search_term_string}\"},\"query-input\":{\"@type\":\"PropertyValueSpecification\",\"valueRequired\":true,\"valueName\":\"search_term_string\"}}],\"inLanguage\":\"es\"},{\"@type\":\"Organization\",\"@id\":\"https:\\\/\\\/www.editorialclaret.cat\\\/#organization\",\"name\":\"Editorial Claret\",\"url\":\"https:\\\/\\\/www.editorialclaret.cat\\\/\",\"logo\":{\"@type\":\"ImageObject\",\"inLanguage\":\"es\",\"@id\":\"https:\\\/\\\/www.editorialclaret.cat\\\/#\\\/schema\\\/logo\\\/image\\\/\",\"url\":\"https:\\\/\\\/www.editorialclaret.cat\\\/wp-content\\\/uploads\\\/.\\\/logo-claret.png\",\"contentUrl\":\"https:\\\/\\\/www.editorialclaret.cat\\\/wp-content\\\/uploads\\\/.\\\/logo-claret.png\",\"width\":194,\"height\":79,\"caption\":\"Editorial Claret\"},\"image\":{\"@id\":\"https:\\\/\\\/www.editorialclaret.cat\\\/#\\\/schema\\\/logo\\\/image\\\/\"}}]}<\/script>\n<!-- \/ Yoast SEO plugin. -->","yoast_head_json":{"title":"Editorial Claret","robots":{"index":"noindex","follow":"follow","max-snippet":"max-snippet:-1","max-image-preview":"max-image-preview:large","max-video-preview":"max-video-preview:-1"},"og_locale":"es_ES","og_type":"article","og_title":"DE COR A COR. REFLEXIONS PERSONALS PER COMPARTIR - Editorial Claret","og_description":"QUINTANA RIERA, M\u00aa TERESA","og_url":"https:\/\/www.editorialclaret.cat\/producte\/de-cor-a-cor-reflexions-personals-per-compartir-9788491360155\/","og_site_name":"Editorial Claret","article_modified_time":"2024-05-22T10:13:01+00:00","og_image":[{"width":225,"height":333,"url":"https:\/\/www.editorialclaret.cat\/wp-content\/uploads\/.\/9788491360155.jpg","type":"image\/jpeg"}],"twitter_card":"summary_large_image","twitter_misc":{"Tiempo de lectura":"1 minuto"},"schema":{"@context":"https:\/\/schema.org","@graph":[{"@type":"WebPage","@id":"https:\/\/www.editorialclaret.cat\/producte\/de-cor-a-cor-reflexions-personals-per-compartir-9788491360155\/","url":"https:\/\/www.editorialclaret.cat\/producte\/de-cor-a-cor-reflexions-personals-per-compartir-9788491360155\/","name":"DE COR A COR. REFLEXIONS PERSONALS PER COMPARTIR - Editorial Claret","isPartOf":{"@id":"https:\/\/www.editorialclaret.cat\/#website"},"primaryImageOfPage":{"@id":"https:\/\/www.editorialclaret.cat\/producte\/de-cor-a-cor-reflexions-personals-per-compartir-9788491360155\/#primaryimage"},"image":{"@id":"https:\/\/www.editorialclaret.cat\/producte\/de-cor-a-cor-reflexions-personals-per-compartir-9788491360155\/#primaryimage"},"thumbnailUrl":"https:\/\/www.editorialclaret.cat\/wp-content\/uploads\/.\/9788491360155.jpg","datePublished":"2022-10-18T07:04:49+00:00","dateModified":"2024-05-22T10:13:01+00:00","breadcrumb":{"@id":"https:\/\/www.editorialclaret.cat\/producte\/de-cor-a-cor-reflexions-personals-per-compartir-9788491360155\/#breadcrumb"},"inLanguage":"es","potentialAction":[{"@type":"ReadAction","target":["https:\/\/www.editorialclaret.cat\/producte\/de-cor-a-cor-reflexions-personals-per-compartir-9788491360155\/"]}]},{"@type":"ImageObject","inLanguage":"es","@id":"https:\/\/www.editorialclaret.cat\/producte\/de-cor-a-cor-reflexions-personals-per-compartir-9788491360155\/#primaryimage","url":"https:\/\/www.editorialclaret.cat\/wp-content\/uploads\/.\/9788491360155.jpg","contentUrl":"https:\/\/www.editorialclaret.cat\/wp-content\/uploads\/.\/9788491360155.jpg","width":225,"height":333,"caption":"9788491360155.jpg"},{"@type":"BreadcrumbList","@id":"https:\/\/www.editorialclaret.cat\/producte\/de-cor-a-cor-reflexions-personals-per-compartir-9788491360155\/#breadcrumb","itemListElement":[{"@type":"ListItem","position":1,"name":"Portada","item":"https:\/\/www.editorialclaret.cat\/es\/"},{"@type":"ListItem","position":2,"name":"Botiga","item":"https:\/\/www.editorialclaret.cat\/?page_id=16"},{"@type":"ListItem","position":3,"name":"DE COR A COR. REFLEXIONS PERSONALS PER COMPARTIR"}]},{"@type":"WebSite","@id":"https:\/\/www.editorialclaret.cat\/#website","url":"https:\/\/www.editorialclaret.cat\/","name":"Editorial Claret","description":"","publisher":{"@id":"https:\/\/www.editorialclaret.cat\/#organization"},"potentialAction":[{"@type":"SearchAction","target":{"@type":"EntryPoint","urlTemplate":"https:\/\/www.editorialclaret.cat\/?s={search_term_string}"},"query-input":{"@type":"PropertyValueSpecification","valueRequired":true,"valueName":"search_term_string"}}],"inLanguage":"es"},{"@type":"Organization","@id":"https:\/\/www.editorialclaret.cat\/#organization","name":"Editorial Claret","url":"https:\/\/www.editorialclaret.cat\/","logo":{"@type":"ImageObject","inLanguage":"es","@id":"https:\/\/www.editorialclaret.cat\/#\/schema\/logo\/image\/","url":"https:\/\/www.editorialclaret.cat\/wp-content\/uploads\/.\/logo-claret.png","contentUrl":"https:\/\/www.editorialclaret.cat\/wp-content\/uploads\/.\/logo-claret.png","width":194,"height":79,"caption":"Editorial Claret"},"image":{"@id":"https:\/\/www.editorialclaret.cat\/#\/schema\/logo\/image\/"}}]}},"_links":{"self":[{"href":"https:\/\/www.editorialclaret.cat\/es\/wp-json\/wp\/v2\/product\/8767","targetHints":{"allow":["GET"]}}],"collection":[{"href":"https:\/\/www.editorialclaret.cat\/es\/wp-json\/wp\/v2\/product"}],"about":[{"href":"https:\/\/www.editorialclaret.cat\/es\/wp-json\/wp\/v2\/types\/product"}],"wp:featuredmedia":[{"embeddable":true,"href":"https:\/\/www.editorialclaret.cat\/es\/wp-json\/wp\/v2\/media\/8768"}],"wp:attachment":[{"href":"https:\/\/www.editorialclaret.cat\/es\/wp-json\/wp\/v2\/media?parent=8767"}],"wp:term":[{"taxonomy":"product_brand","embeddable":true,"href":"https:\/\/www.editorialclaret.cat\/es\/wp-json\/wp\/v2\/product_brand?post=8767"},{"taxonomy":"product_cat","embeddable":true,"href":"https:\/\/www.editorialclaret.cat\/es\/wp-json\/wp\/v2\/product_cat?post=8767"},{"taxonomy":"product_tag","embeddable":true,"href":"https:\/\/www.editorialclaret.cat\/es\/wp-json\/wp\/v2\/product_tag?post=8767"}],"curies":[{"name":"wp","href":"https:\/\/api.w.org\/{rel}","templated":true}]}}