{"id":8758,"date":"2022-10-18T09:04:43","date_gmt":"2022-10-18T07:04:43","guid":{"rendered":"http:\/\/dev.editorialclaret.cat\/producte\/el-do-de-la-vocacio-presbiteral\/"},"modified":"2024-05-22T12:15:44","modified_gmt":"2024-05-22T10:15:44","slug":"el-do-de-la-vocacio-presbiteral-9788491360322","status":"publish","type":"product","link":"https:\/\/www.editorialclaret.cat\/es\/producto\/el-do-de-la-vocacio-presbiteral-9788491360322\/","title":{"rendered":"EL DO DE LA VOCACI\u00d3 PRESBITERAL"},"content":{"rendered":"<p>El DO DE LA VOCACI\u00d3 al presbiterat, sembrat per D\u00e9u al cor d\u2019alguns homes, exigeix a l\u2019Esgl\u00e9sia proposar un seri\u00f3s cam\u00ed de formaci\u00f3, com ha recordat el papa Francesc, amb motiu del discurs a l\u2019Assamblea Plen\u00e0ria de la Congregaci\u00f3 per al Clergat (3 d\u2019octubre de 2014): \u00abEs tracta de custodiar i cultivar les vocacions, perqu\u00e8 donin fruits madurs. Elles s\u00f3n un \u201cdiamant en brut\u201d, que cal treballar amb atenci\u00f3, paci\u00e8ncia i respecte a la consci\u00e8ncia de les persones, perqu\u00e8 brillin enmig del poble de D\u00e9u\u00bb.<\/p>\n","protected":false},"excerpt":{"rendered":"<p>CONGREGACI\u00d3 PER AL CLERGAT(CLARET)<\/p>\n","protected":false},"featured_media":65319,"template":"","meta":{"_acf_changed":false,"rs_blank_template":"","rs_page_bg_color":"","slide_template_v7":"","inline_featured_image":false,"_monsterinsights_skip_tracking":false,"_monsterinsights_sitenote_active":false,"_monsterinsights_sitenote_note":"","_monsterinsights_sitenote_category":0},"product_brand":[],"product_cat":[1288],"product_tag":[],"class_list":{"0":"post-8758","1":"product","2":"type-product","3":"status-publish","4":"has-post-thumbnail","6":"product_cat-documents-dels-masgisteri","8":"first","9":"outofstock","10":"taxable","11":"shipping-taxable","12":"purchasable","13":"product-type-simple"},"acf":{"autor":"CONGREGACI\u00d3 PER AL CLERGAT(CLARET)","codart":"849136032","libros-coleccion":"DOCUMENTS DEL MAGISTERI","ediciones":"1","encuadernacion":"R\u00fastica","fecha_de_publicacion":"13\/03\/2017","novedad":"0","paginas":"184","subtitulo":"RATIO FUNDAMENTALIS INSTITUTIONIS SACERDOTALIS","orden":"0","portada":"0","idioma":"cat","autores-libros":[{"ID":11685,"post_author":"3","post_date":"2022-10-18 21:43:40","post_date_gmt":"2022-10-18 19:43:40","post_content":"","post_title":"CONGREGACI\u00d3 PER AL CLERGAT(CLARET)","post_excerpt":"","post_status":"publish","comment_status":"closed","ping_status":"closed","post_password":"","post_name":"congregacio-per-al-clergatclaret","to_ping":"","pinged":"","post_modified":"2022-10-18 21:43:40","post_modified_gmt":"2022-10-18 19:43:40","post_content_filtered":"","post_parent":0,"guid":"http:\/\/dev.editorialclaret.cat\/autor\/congregacio-per-al-clergatclaret\/","menu_order":0,"post_type":"autor","post_mime_type":"","comment_count":"0","filter":"raw"}]},"yoast_head":"<!-- This site is optimized with the Yoast SEO plugin v27.3 - https:\/\/yoast.com\/product\/yoast-seo-wordpress\/ -->\n<title>Editorial Claret<\/title>\n<meta name=\"robots\" content=\"noindex, follow, max-snippet:-1, max-image-preview:large, max-video-preview:-1\" \/>\n<meta property=\"og:locale\" content=\"es_ES\" \/>\n<meta property=\"og:type\" content=\"article\" \/>\n<meta property=\"og:title\" content=\"EL DO DE LA VOCACI\u00d3 PRESBITERAL - Editorial Claret\" \/>\n<meta property=\"og:description\" content=\"CONGREGACI\u00d3 PER AL CLERGAT(CLARET)\" \/>\n<meta property=\"og:url\" content=\"https:\/\/www.editorialclaret.cat\/producte\/el-do-de-la-vocacio-presbiteral-9788491360322\/\" \/>\n<meta property=\"og:site_name\" content=\"Editorial Claret\" \/>\n<meta property=\"article:modified_time\" content=\"2024-05-22T10:15:44+00:00\" \/>\n<meta property=\"og:image\" content=\"https:\/\/www.editorialclaret.cat\/wp-content\/uploads\/.\/9788491360322-1.jpg\" \/>\n\t<meta property=\"og:image:width\" content=\"350\" \/>\n\t<meta property=\"og:image:height\" content=\"600\" \/>\n\t<meta property=\"og:image:type\" content=\"image\/jpeg\" \/>\n<meta name=\"twitter:card\" content=\"summary_large_image\" \/>\n<script type=\"application\/ld+json\" class=\"yoast-schema-graph\">{\"@context\":\"https:\\\/\\\/schema.org\",\"@graph\":[{\"@type\":\"WebPage\",\"@id\":\"https:\\\/\\\/www.editorialclaret.cat\\\/producte\\\/el-do-de-la-vocacio-presbiteral-9788491360322\\\/\",\"url\":\"https:\\\/\\\/www.editorialclaret.cat\\\/producte\\\/el-do-de-la-vocacio-presbiteral-9788491360322\\\/\",\"name\":\"EL DO DE LA VOCACI\u00d3 PRESBITERAL - Editorial Claret\",\"isPartOf\":{\"@id\":\"https:\\\/\\\/www.editorialclaret.cat\\\/#website\"},\"primaryImageOfPage\":{\"@id\":\"https:\\\/\\\/www.editorialclaret.cat\\\/producte\\\/el-do-de-la-vocacio-presbiteral-9788491360322\\\/#primaryimage\"},\"image\":{\"@id\":\"https:\\\/\\\/www.editorialclaret.cat\\\/producte\\\/el-do-de-la-vocacio-presbiteral-9788491360322\\\/#primaryimage\"},\"thumbnailUrl\":\"https:\\\/\\\/www.editorialclaret.cat\\\/wp-content\\\/uploads\\\/.\\\/9788491360322-1.jpg\",\"datePublished\":\"2022-10-18T07:04:43+00:00\",\"dateModified\":\"2024-05-22T10:15:44+00:00\",\"breadcrumb\":{\"@id\":\"https:\\\/\\\/www.editorialclaret.cat\\\/producte\\\/el-do-de-la-vocacio-presbiteral-9788491360322\\\/#breadcrumb\"},\"inLanguage\":\"es\",\"potentialAction\":[{\"@type\":\"ReadAction\",\"target\":[\"https:\\\/\\\/www.editorialclaret.cat\\\/producte\\\/el-do-de-la-vocacio-presbiteral-9788491360322\\\/\"]}]},{\"@type\":\"ImageObject\",\"inLanguage\":\"es\",\"@id\":\"https:\\\/\\\/www.editorialclaret.cat\\\/producte\\\/el-do-de-la-vocacio-presbiteral-9788491360322\\\/#primaryimage\",\"url\":\"https:\\\/\\\/www.editorialclaret.cat\\\/wp-content\\\/uploads\\\/.\\\/9788491360322-1.jpg\",\"contentUrl\":\"https:\\\/\\\/www.editorialclaret.cat\\\/wp-content\\\/uploads\\\/.\\\/9788491360322-1.jpg\",\"width\":350,\"height\":600,\"caption\":\"9788491360322.jpg\"},{\"@type\":\"BreadcrumbList\",\"@id\":\"https:\\\/\\\/www.editorialclaret.cat\\\/producte\\\/el-do-de-la-vocacio-presbiteral-9788491360322\\\/#breadcrumb\",\"itemListElement\":[{\"@type\":\"ListItem\",\"position\":1,\"name\":\"Portada\",\"item\":\"https:\\\/\\\/www.editorialclaret.cat\\\/es\\\/\"},{\"@type\":\"ListItem\",\"position\":2,\"name\":\"Botiga\",\"item\":\"https:\\\/\\\/www.editorialclaret.cat\\\/?page_id=16\"},{\"@type\":\"ListItem\",\"position\":3,\"name\":\"EL DO DE LA VOCACI\u00d3 PRESBITERAL\"}]},{\"@type\":\"WebSite\",\"@id\":\"https:\\\/\\\/www.editorialclaret.cat\\\/#website\",\"url\":\"https:\\\/\\\/www.editorialclaret.cat\\\/\",\"name\":\"Editorial Claret\",\"description\":\"\",\"publisher\":{\"@id\":\"https:\\\/\\\/www.editorialclaret.cat\\\/#organization\"},\"potentialAction\":[{\"@type\":\"SearchAction\",\"target\":{\"@type\":\"EntryPoint\",\"urlTemplate\":\"https:\\\/\\\/www.editorialclaret.cat\\\/?s={search_term_string}\"},\"query-input\":{\"@type\":\"PropertyValueSpecification\",\"valueRequired\":true,\"valueName\":\"search_term_string\"}}],\"inLanguage\":\"es\"},{\"@type\":\"Organization\",\"@id\":\"https:\\\/\\\/www.editorialclaret.cat\\\/#organization\",\"name\":\"Editorial Claret\",\"url\":\"https:\\\/\\\/www.editorialclaret.cat\\\/\",\"logo\":{\"@type\":\"ImageObject\",\"inLanguage\":\"es\",\"@id\":\"https:\\\/\\\/www.editorialclaret.cat\\\/#\\\/schema\\\/logo\\\/image\\\/\",\"url\":\"https:\\\/\\\/www.editorialclaret.cat\\\/wp-content\\\/uploads\\\/.\\\/logo-claret.png\",\"contentUrl\":\"https:\\\/\\\/www.editorialclaret.cat\\\/wp-content\\\/uploads\\\/.\\\/logo-claret.png\",\"width\":194,\"height\":79,\"caption\":\"Editorial Claret\"},\"image\":{\"@id\":\"https:\\\/\\\/www.editorialclaret.cat\\\/#\\\/schema\\\/logo\\\/image\\\/\"}}]}<\/script>\n<!-- \/ Yoast SEO plugin. -->","yoast_head_json":{"title":"Editorial Claret","robots":{"index":"noindex","follow":"follow","max-snippet":"max-snippet:-1","max-image-preview":"max-image-preview:large","max-video-preview":"max-video-preview:-1"},"og_locale":"es_ES","og_type":"article","og_title":"EL DO DE LA VOCACI\u00d3 PRESBITERAL - Editorial Claret","og_description":"CONGREGACI\u00d3 PER AL CLERGAT(CLARET)","og_url":"https:\/\/www.editorialclaret.cat\/producte\/el-do-de-la-vocacio-presbiteral-9788491360322\/","og_site_name":"Editorial Claret","article_modified_time":"2024-05-22T10:15:44+00:00","og_image":[{"width":350,"height":600,"url":"https:\/\/www.editorialclaret.cat\/wp-content\/uploads\/.\/9788491360322-1.jpg","type":"image\/jpeg"}],"twitter_card":"summary_large_image","schema":{"@context":"https:\/\/schema.org","@graph":[{"@type":"WebPage","@id":"https:\/\/www.editorialclaret.cat\/producte\/el-do-de-la-vocacio-presbiteral-9788491360322\/","url":"https:\/\/www.editorialclaret.cat\/producte\/el-do-de-la-vocacio-presbiteral-9788491360322\/","name":"EL DO DE LA VOCACI\u00d3 PRESBITERAL - Editorial Claret","isPartOf":{"@id":"https:\/\/www.editorialclaret.cat\/#website"},"primaryImageOfPage":{"@id":"https:\/\/www.editorialclaret.cat\/producte\/el-do-de-la-vocacio-presbiteral-9788491360322\/#primaryimage"},"image":{"@id":"https:\/\/www.editorialclaret.cat\/producte\/el-do-de-la-vocacio-presbiteral-9788491360322\/#primaryimage"},"thumbnailUrl":"https:\/\/www.editorialclaret.cat\/wp-content\/uploads\/.\/9788491360322-1.jpg","datePublished":"2022-10-18T07:04:43+00:00","dateModified":"2024-05-22T10:15:44+00:00","breadcrumb":{"@id":"https:\/\/www.editorialclaret.cat\/producte\/el-do-de-la-vocacio-presbiteral-9788491360322\/#breadcrumb"},"inLanguage":"es","potentialAction":[{"@type":"ReadAction","target":["https:\/\/www.editorialclaret.cat\/producte\/el-do-de-la-vocacio-presbiteral-9788491360322\/"]}]},{"@type":"ImageObject","inLanguage":"es","@id":"https:\/\/www.editorialclaret.cat\/producte\/el-do-de-la-vocacio-presbiteral-9788491360322\/#primaryimage","url":"https:\/\/www.editorialclaret.cat\/wp-content\/uploads\/.\/9788491360322-1.jpg","contentUrl":"https:\/\/www.editorialclaret.cat\/wp-content\/uploads\/.\/9788491360322-1.jpg","width":350,"height":600,"caption":"9788491360322.jpg"},{"@type":"BreadcrumbList","@id":"https:\/\/www.editorialclaret.cat\/producte\/el-do-de-la-vocacio-presbiteral-9788491360322\/#breadcrumb","itemListElement":[{"@type":"ListItem","position":1,"name":"Portada","item":"https:\/\/www.editorialclaret.cat\/es\/"},{"@type":"ListItem","position":2,"name":"Botiga","item":"https:\/\/www.editorialclaret.cat\/?page_id=16"},{"@type":"ListItem","position":3,"name":"EL DO DE LA VOCACI\u00d3 PRESBITERAL"}]},{"@type":"WebSite","@id":"https:\/\/www.editorialclaret.cat\/#website","url":"https:\/\/www.editorialclaret.cat\/","name":"Editorial Claret","description":"","publisher":{"@id":"https:\/\/www.editorialclaret.cat\/#organization"},"potentialAction":[{"@type":"SearchAction","target":{"@type":"EntryPoint","urlTemplate":"https:\/\/www.editorialclaret.cat\/?s={search_term_string}"},"query-input":{"@type":"PropertyValueSpecification","valueRequired":true,"valueName":"search_term_string"}}],"inLanguage":"es"},{"@type":"Organization","@id":"https:\/\/www.editorialclaret.cat\/#organization","name":"Editorial Claret","url":"https:\/\/www.editorialclaret.cat\/","logo":{"@type":"ImageObject","inLanguage":"es","@id":"https:\/\/www.editorialclaret.cat\/#\/schema\/logo\/image\/","url":"https:\/\/www.editorialclaret.cat\/wp-content\/uploads\/.\/logo-claret.png","contentUrl":"https:\/\/www.editorialclaret.cat\/wp-content\/uploads\/.\/logo-claret.png","width":194,"height":79,"caption":"Editorial Claret"},"image":{"@id":"https:\/\/www.editorialclaret.cat\/#\/schema\/logo\/image\/"}}]}},"_links":{"self":[{"href":"https:\/\/www.editorialclaret.cat\/es\/wp-json\/wp\/v2\/product\/8758","targetHints":{"allow":["GET"]}}],"collection":[{"href":"https:\/\/www.editorialclaret.cat\/es\/wp-json\/wp\/v2\/product"}],"about":[{"href":"https:\/\/www.editorialclaret.cat\/es\/wp-json\/wp\/v2\/types\/product"}],"wp:featuredmedia":[{"embeddable":true,"href":"https:\/\/www.editorialclaret.cat\/es\/wp-json\/wp\/v2\/media\/65319"}],"wp:attachment":[{"href":"https:\/\/www.editorialclaret.cat\/es\/wp-json\/wp\/v2\/media?parent=8758"}],"wp:term":[{"taxonomy":"product_brand","embeddable":true,"href":"https:\/\/www.editorialclaret.cat\/es\/wp-json\/wp\/v2\/product_brand?post=8758"},{"taxonomy":"product_cat","embeddable":true,"href":"https:\/\/www.editorialclaret.cat\/es\/wp-json\/wp\/v2\/product_cat?post=8758"},{"taxonomy":"product_tag","embeddable":true,"href":"https:\/\/www.editorialclaret.cat\/es\/wp-json\/wp\/v2\/product_tag?post=8758"}],"curies":[{"name":"wp","href":"https:\/\/api.w.org\/{rel}","templated":true}]}}