{"id":8743,"date":"2022-10-18T09:04:33","date_gmt":"2022-10-18T07:04:33","guid":{"rendered":"http:\/\/dev.editorialclaret.cat\/producte\/per-una-vellesa-positiva-i-amb-sentit\/"},"modified":"2024-05-22T12:15:32","modified_gmt":"2024-05-22T10:15:32","slug":"per-una-vellesa-positiva-i-amb-sentit-9788491360315","status":"publish","type":"product","link":"https:\/\/www.editorialclaret.cat\/es\/producto\/per-una-vellesa-positiva-i-amb-sentit-9788491360315\/","title":{"rendered":"PER UNA VELLESA POSITIVA I AMB SENTIT"},"content":{"rendered":"<p>Quan arribem a l\u2019edat de la vellesa, ja podem mirar la vida amb una certa perspectiva i contemplar el que hem viscut i el que estem vivint. Hem anat envellint i aquesta experi\u00e8ncia l\u2019hem pogut assimilar cada dia, per\u00f2 sense veure encara el que ens prepara el futur.<br \/>Si miro enrere, veig la meva inf\u00e0ncia, l\u2019adolesc\u00e8ncia, la joventut i un llarg recorregut de maduresa que ara encara m\u2019empeny i em motiva. S\u00f3n etapes que he deixat i que vaig deixant enrere; viv\u00e8ncies que m\u2019han marcat i em permeten ser el qui s\u00f3c ara i aqu\u00ed, i imaginar, d\u2019alguna manera, el que m\u2019espera.<br \/>Amb aquest llibre, hem volgut oferir una doble reflexi\u00f3. Hem mirat el passat, que ja hem viscut, i el present, que estem vivint; per\u00f2 tamb\u00e9, hem entrat en la visi\u00f3 que Jes\u00fas ens ha donat de cara al futur.<\/p>\n","protected":false},"excerpt":{"rendered":"<p>CODINA &#8211; FARR\u00c9S, JOSEP<\/p>\n","protected":false},"featured_media":8744,"template":"","meta":{"_acf_changed":false,"rs_blank_template":"","rs_page_bg_color":"","slide_template_v7":"","inline_featured_image":false,"_monsterinsights_skip_tracking":false,"_monsterinsights_sitenote_active":false,"_monsterinsights_sitenote_note":"","_monsterinsights_sitenote_category":0},"product_brand":[],"product_cat":[1290,1293,1055,817],"product_tag":[],"class_list":{"0":"post-8743","1":"product","2":"type-product","3":"status-publish","4":"has-post-thumbnail","6":"product_cat-a-cel-obert","7":"product_cat-a-cielo-abierto","8":"product_cat-espiritualidad-espiritualidad","9":"product_cat-espiritualitat-espiritualitat","11":"first","12":"instock","13":"taxable","14":"shipping-taxable","15":"purchasable","16":"product-type-simple"},"acf":{"autor":"CODINA - FARR\u00c9S, JOSEP","codart":"849136031","libros-coleccion":"","ediciones":"1","encuadernacion":"R\u00fastica","fecha_de_publicacion":"12\/04\/2017","novedad":"0","paginas":"78","subtitulo":"","orden":"0","portada":"0","idioma":"cat","autores-libros":[{"ID":17321,"post_author":"3","post_date":"2022-10-19 01:11:43","post_date_gmt":"2022-10-18 23:11:43","post_content":"","post_title":"JOSEP CODINA - FARR\u00c9S","post_excerpt":"","post_status":"publish","comment_status":"closed","ping_status":"closed","post_password":"","post_name":"josep-codina-farres","to_ping":"","pinged":"","post_modified":"2022-10-19 01:11:43","post_modified_gmt":"2022-10-18 23:11:43","post_content_filtered":"","post_parent":0,"guid":"http:\/\/dev.editorialclaret.cat\/autor\/josep-codina-farres\/","menu_order":0,"post_type":"autor","post_mime_type":"","comment_count":"0","filter":"raw"}]},"yoast_head":"<!-- This site is optimized with the Yoast SEO plugin v27.3 - https:\/\/yoast.com\/product\/yoast-seo-wordpress\/ -->\n<title>Editorial Claret<\/title>\n<meta name=\"robots\" content=\"noindex, follow, max-snippet:-1, max-image-preview:large, max-video-preview:-1\" \/>\n<meta property=\"og:locale\" content=\"es_ES\" \/>\n<meta property=\"og:type\" content=\"article\" \/>\n<meta property=\"og:title\" content=\"PER UNA VELLESA POSITIVA I AMB SENTIT - Editorial Claret\" \/>\n<meta property=\"og:description\" content=\"CODINA - FARR\u00c9S, JOSEP\" \/>\n<meta property=\"og:url\" content=\"https:\/\/www.editorialclaret.cat\/producte\/per-una-vellesa-positiva-i-amb-sentit-9788491360315\/\" \/>\n<meta property=\"og:site_name\" content=\"Editorial Claret\" \/>\n<meta property=\"article:modified_time\" content=\"2024-05-22T10:15:32+00:00\" \/>\n<meta property=\"og:image\" content=\"https:\/\/www.editorialclaret.cat\/wp-content\/uploads\/.\/9788491360315.jpg\" \/>\n\t<meta property=\"og:image:width\" content=\"225\" \/>\n\t<meta property=\"og:image:height\" content=\"333\" \/>\n\t<meta property=\"og:image:type\" content=\"image\/jpeg\" \/>\n<meta name=\"twitter:card\" content=\"summary_large_image\" \/>\n<meta name=\"twitter:label1\" content=\"Tiempo de lectura\" \/>\n\t<meta name=\"twitter:data1\" content=\"1 minuto\" \/>\n<script type=\"application\/ld+json\" class=\"yoast-schema-graph\">{\"@context\":\"https:\\\/\\\/schema.org\",\"@graph\":[{\"@type\":\"WebPage\",\"@id\":\"https:\\\/\\\/www.editorialclaret.cat\\\/producte\\\/per-una-vellesa-positiva-i-amb-sentit-9788491360315\\\/\",\"url\":\"https:\\\/\\\/www.editorialclaret.cat\\\/producte\\\/per-una-vellesa-positiva-i-amb-sentit-9788491360315\\\/\",\"name\":\"PER UNA VELLESA POSITIVA I AMB SENTIT - Editorial Claret\",\"isPartOf\":{\"@id\":\"https:\\\/\\\/www.editorialclaret.cat\\\/#website\"},\"primaryImageOfPage\":{\"@id\":\"https:\\\/\\\/www.editorialclaret.cat\\\/producte\\\/per-una-vellesa-positiva-i-amb-sentit-9788491360315\\\/#primaryimage\"},\"image\":{\"@id\":\"https:\\\/\\\/www.editorialclaret.cat\\\/producte\\\/per-una-vellesa-positiva-i-amb-sentit-9788491360315\\\/#primaryimage\"},\"thumbnailUrl\":\"https:\\\/\\\/www.editorialclaret.cat\\\/wp-content\\\/uploads\\\/.\\\/9788491360315.jpg\",\"datePublished\":\"2022-10-18T07:04:33+00:00\",\"dateModified\":\"2024-05-22T10:15:32+00:00\",\"breadcrumb\":{\"@id\":\"https:\\\/\\\/www.editorialclaret.cat\\\/producte\\\/per-una-vellesa-positiva-i-amb-sentit-9788491360315\\\/#breadcrumb\"},\"inLanguage\":\"es\",\"potentialAction\":[{\"@type\":\"ReadAction\",\"target\":[\"https:\\\/\\\/www.editorialclaret.cat\\\/producte\\\/per-una-vellesa-positiva-i-amb-sentit-9788491360315\\\/\"]}]},{\"@type\":\"ImageObject\",\"inLanguage\":\"es\",\"@id\":\"https:\\\/\\\/www.editorialclaret.cat\\\/producte\\\/per-una-vellesa-positiva-i-amb-sentit-9788491360315\\\/#primaryimage\",\"url\":\"https:\\\/\\\/www.editorialclaret.cat\\\/wp-content\\\/uploads\\\/.\\\/9788491360315.jpg\",\"contentUrl\":\"https:\\\/\\\/www.editorialclaret.cat\\\/wp-content\\\/uploads\\\/.\\\/9788491360315.jpg\",\"width\":225,\"height\":333,\"caption\":\"9788491360315.jpg\"},{\"@type\":\"BreadcrumbList\",\"@id\":\"https:\\\/\\\/www.editorialclaret.cat\\\/producte\\\/per-una-vellesa-positiva-i-amb-sentit-9788491360315\\\/#breadcrumb\",\"itemListElement\":[{\"@type\":\"ListItem\",\"position\":1,\"name\":\"Portada\",\"item\":\"https:\\\/\\\/www.editorialclaret.cat\\\/es\\\/\"},{\"@type\":\"ListItem\",\"position\":2,\"name\":\"Botiga\",\"item\":\"https:\\\/\\\/www.editorialclaret.cat\\\/?page_id=16\"},{\"@type\":\"ListItem\",\"position\":3,\"name\":\"PER UNA VELLESA POSITIVA I AMB SENTIT\"}]},{\"@type\":\"WebSite\",\"@id\":\"https:\\\/\\\/www.editorialclaret.cat\\\/#website\",\"url\":\"https:\\\/\\\/www.editorialclaret.cat\\\/\",\"name\":\"Editorial Claret\",\"description\":\"\",\"publisher\":{\"@id\":\"https:\\\/\\\/www.editorialclaret.cat\\\/#organization\"},\"potentialAction\":[{\"@type\":\"SearchAction\",\"target\":{\"@type\":\"EntryPoint\",\"urlTemplate\":\"https:\\\/\\\/www.editorialclaret.cat\\\/?s={search_term_string}\"},\"query-input\":{\"@type\":\"PropertyValueSpecification\",\"valueRequired\":true,\"valueName\":\"search_term_string\"}}],\"inLanguage\":\"es\"},{\"@type\":\"Organization\",\"@id\":\"https:\\\/\\\/www.editorialclaret.cat\\\/#organization\",\"name\":\"Editorial Claret\",\"url\":\"https:\\\/\\\/www.editorialclaret.cat\\\/\",\"logo\":{\"@type\":\"ImageObject\",\"inLanguage\":\"es\",\"@id\":\"https:\\\/\\\/www.editorialclaret.cat\\\/#\\\/schema\\\/logo\\\/image\\\/\",\"url\":\"https:\\\/\\\/www.editorialclaret.cat\\\/wp-content\\\/uploads\\\/.\\\/logo-claret.png\",\"contentUrl\":\"https:\\\/\\\/www.editorialclaret.cat\\\/wp-content\\\/uploads\\\/.\\\/logo-claret.png\",\"width\":194,\"height\":79,\"caption\":\"Editorial Claret\"},\"image\":{\"@id\":\"https:\\\/\\\/www.editorialclaret.cat\\\/#\\\/schema\\\/logo\\\/image\\\/\"}}]}<\/script>\n<!-- \/ Yoast SEO plugin. -->","yoast_head_json":{"title":"Editorial Claret","robots":{"index":"noindex","follow":"follow","max-snippet":"max-snippet:-1","max-image-preview":"max-image-preview:large","max-video-preview":"max-video-preview:-1"},"og_locale":"es_ES","og_type":"article","og_title":"PER UNA VELLESA POSITIVA I AMB SENTIT - Editorial Claret","og_description":"CODINA - FARR\u00c9S, JOSEP","og_url":"https:\/\/www.editorialclaret.cat\/producte\/per-una-vellesa-positiva-i-amb-sentit-9788491360315\/","og_site_name":"Editorial Claret","article_modified_time":"2024-05-22T10:15:32+00:00","og_image":[{"width":225,"height":333,"url":"https:\/\/www.editorialclaret.cat\/wp-content\/uploads\/.\/9788491360315.jpg","type":"image\/jpeg"}],"twitter_card":"summary_large_image","twitter_misc":{"Tiempo de lectura":"1 minuto"},"schema":{"@context":"https:\/\/schema.org","@graph":[{"@type":"WebPage","@id":"https:\/\/www.editorialclaret.cat\/producte\/per-una-vellesa-positiva-i-amb-sentit-9788491360315\/","url":"https:\/\/www.editorialclaret.cat\/producte\/per-una-vellesa-positiva-i-amb-sentit-9788491360315\/","name":"PER UNA VELLESA POSITIVA I AMB SENTIT - Editorial Claret","isPartOf":{"@id":"https:\/\/www.editorialclaret.cat\/#website"},"primaryImageOfPage":{"@id":"https:\/\/www.editorialclaret.cat\/producte\/per-una-vellesa-positiva-i-amb-sentit-9788491360315\/#primaryimage"},"image":{"@id":"https:\/\/www.editorialclaret.cat\/producte\/per-una-vellesa-positiva-i-amb-sentit-9788491360315\/#primaryimage"},"thumbnailUrl":"https:\/\/www.editorialclaret.cat\/wp-content\/uploads\/.\/9788491360315.jpg","datePublished":"2022-10-18T07:04:33+00:00","dateModified":"2024-05-22T10:15:32+00:00","breadcrumb":{"@id":"https:\/\/www.editorialclaret.cat\/producte\/per-una-vellesa-positiva-i-amb-sentit-9788491360315\/#breadcrumb"},"inLanguage":"es","potentialAction":[{"@type":"ReadAction","target":["https:\/\/www.editorialclaret.cat\/producte\/per-una-vellesa-positiva-i-amb-sentit-9788491360315\/"]}]},{"@type":"ImageObject","inLanguage":"es","@id":"https:\/\/www.editorialclaret.cat\/producte\/per-una-vellesa-positiva-i-amb-sentit-9788491360315\/#primaryimage","url":"https:\/\/www.editorialclaret.cat\/wp-content\/uploads\/.\/9788491360315.jpg","contentUrl":"https:\/\/www.editorialclaret.cat\/wp-content\/uploads\/.\/9788491360315.jpg","width":225,"height":333,"caption":"9788491360315.jpg"},{"@type":"BreadcrumbList","@id":"https:\/\/www.editorialclaret.cat\/producte\/per-una-vellesa-positiva-i-amb-sentit-9788491360315\/#breadcrumb","itemListElement":[{"@type":"ListItem","position":1,"name":"Portada","item":"https:\/\/www.editorialclaret.cat\/es\/"},{"@type":"ListItem","position":2,"name":"Botiga","item":"https:\/\/www.editorialclaret.cat\/?page_id=16"},{"@type":"ListItem","position":3,"name":"PER UNA VELLESA POSITIVA I AMB SENTIT"}]},{"@type":"WebSite","@id":"https:\/\/www.editorialclaret.cat\/#website","url":"https:\/\/www.editorialclaret.cat\/","name":"Editorial Claret","description":"","publisher":{"@id":"https:\/\/www.editorialclaret.cat\/#organization"},"potentialAction":[{"@type":"SearchAction","target":{"@type":"EntryPoint","urlTemplate":"https:\/\/www.editorialclaret.cat\/?s={search_term_string}"},"query-input":{"@type":"PropertyValueSpecification","valueRequired":true,"valueName":"search_term_string"}}],"inLanguage":"es"},{"@type":"Organization","@id":"https:\/\/www.editorialclaret.cat\/#organization","name":"Editorial Claret","url":"https:\/\/www.editorialclaret.cat\/","logo":{"@type":"ImageObject","inLanguage":"es","@id":"https:\/\/www.editorialclaret.cat\/#\/schema\/logo\/image\/","url":"https:\/\/www.editorialclaret.cat\/wp-content\/uploads\/.\/logo-claret.png","contentUrl":"https:\/\/www.editorialclaret.cat\/wp-content\/uploads\/.\/logo-claret.png","width":194,"height":79,"caption":"Editorial Claret"},"image":{"@id":"https:\/\/www.editorialclaret.cat\/#\/schema\/logo\/image\/"}}]}},"_links":{"self":[{"href":"https:\/\/www.editorialclaret.cat\/es\/wp-json\/wp\/v2\/product\/8743","targetHints":{"allow":["GET"]}}],"collection":[{"href":"https:\/\/www.editorialclaret.cat\/es\/wp-json\/wp\/v2\/product"}],"about":[{"href":"https:\/\/www.editorialclaret.cat\/es\/wp-json\/wp\/v2\/types\/product"}],"wp:featuredmedia":[{"embeddable":true,"href":"https:\/\/www.editorialclaret.cat\/es\/wp-json\/wp\/v2\/media\/8744"}],"wp:attachment":[{"href":"https:\/\/www.editorialclaret.cat\/es\/wp-json\/wp\/v2\/media?parent=8743"}],"wp:term":[{"taxonomy":"product_brand","embeddable":true,"href":"https:\/\/www.editorialclaret.cat\/es\/wp-json\/wp\/v2\/product_brand?post=8743"},{"taxonomy":"product_cat","embeddable":true,"href":"https:\/\/www.editorialclaret.cat\/es\/wp-json\/wp\/v2\/product_cat?post=8743"},{"taxonomy":"product_tag","embeddable":true,"href":"https:\/\/www.editorialclaret.cat\/es\/wp-json\/wp\/v2\/product_tag?post=8743"}],"curies":[{"name":"wp","href":"https:\/\/api.w.org\/{rel}","templated":true}]}}