{"id":8695,"date":"2022-10-18T09:04:01","date_gmt":"2022-10-18T07:04:01","guid":{"rendered":"http:\/\/dev.editorialclaret.cat\/producte\/dios-en-la-calle\/"},"modified":"2025-02-24T14:25:18","modified_gmt":"2025-02-24T13:25:18","slug":"dios-en-la-calle-9788491360797","status":"publish","type":"product","link":"https:\/\/www.editorialclaret.cat\/es\/producto\/dios-en-la-calle-9788491360797\/","title":{"rendered":"DIOS EN LA CALLE"},"content":{"rendered":"<p>Este libro alg\u00fan disc\u00edpulo de Cicer\u00f3n lo podr\u00eda haber titulado De senectute, Acerca de la vejez. Lo cierto es que sus autores, ambos, pasan de 80 a\u00f1os pero no son precisamente dos jubilados de sof\u00e1 y sopitas. \u00c1ngel tiene por casa el mundo y resulta dif\u00edcil seguirle la pista por el mapamundi tan ancho como su coraz\u00f3n. <\/p>\n<p><\/p>\n<p><strong>Viqui Molins <\/strong>vive cada d\u00eda peregrina de visitaciones cantando a Dios que derriba del trono a los poderosos y enaltece a los humildes, a los hambrientos los colma de bienes y a los ricos los despide vac\u00edos. Cuando los le\u00e1is ver\u00e9is como hay viejos que nos ense\u00f1an a ser j\u00f3venes. Ambos adem\u00e1s suelen citar a otro abuelo de su misma quinta, el papa Francisco, otro viejoven. <\/p>\n<p><\/p>\n<p>\u00c1ngel y Viqui, amigos en el atardecer, sois una par\u00e1bola viva del Evangelio de los sencillos. En vosotros vemos como los c\u00e1lculos son menos importantes que las ilusiones y que las dificultades son m\u00e1s d\u00e9biles que las oportunidades. <\/p>\n<p><\/p>\n<p>Cada vez que uno de los m\u00e1s vulnerables se acerca a vosotros algo ilumina vuestro rostro y esa luz se refleja en ellos como esperanza. Esta irradiaci\u00f3n es una alegr\u00eda que nadie nos puede quitar y que resplandece en vuestra cartas.<\/p>\n","protected":false},"excerpt":{"rendered":"<p>MOLINS, M. VICT\u00d2RIA<\/p>\n","protected":false},"featured_media":68229,"template":"","meta":{"_acf_changed":false,"rs_blank_template":"","rs_page_bg_color":"","slide_template_v7":"","inline_featured_image":false,"_monsterinsights_skip_tracking":false,"_monsterinsights_sitenote_active":false,"_monsterinsights_sitenote_note":"","_monsterinsights_sitenote_category":0},"product_brand":[],"product_cat":[822,1060],"product_tag":[],"class_list":{"0":"post-8695","1":"product","2":"type-product","3":"status-publish","4":"has-post-thumbnail","6":"product_cat-sociologia","7":"product_cat-sociologia-humanidades","9":"first","10":"instock","11":"taxable","12":"shipping-taxable","13":"purchasable","14":"product-type-simple"},"acf":{"autor":"MOLINS, M. VICT\u00d2RIA","codart":"849136079","libros-coleccion":"","ediciones":"1","encuadernacion":"R\u00fastica","fecha_de_publicacion":"09\/11\/2017","novedad":"0","paginas":"102","subtitulo":"CARTAS CRUZADAS ENTRE VIQUI MOLINS Y EL PADRE \u00c1NGEL","orden":"0","portada":"0","idioma":"spa","autores-libros":[{"ID":19727,"post_author":"3","post_date":"2022-10-19 01:27:55","post_date_gmt":"2022-10-18 23:27:55","post_content":"","post_title":"PADRE \u00c1NGEL GARC\u00cdA","post_excerpt":"","post_status":"publish","comment_status":"closed","ping_status":"closed","post_password":"","post_name":"padre-angel-garcia","to_ping":"","pinged":"","post_modified":"2022-10-19 01:27:55","post_modified_gmt":"2022-10-18 23:27:55","post_content_filtered":"","post_parent":0,"guid":"http:\/\/dev.editorialclaret.cat\/autor\/padre-angel-garcia\/","menu_order":0,"post_type":"autor","post_mime_type":"","comment_count":"0","filter":"raw"},{"ID":46594,"post_author":"3","post_date":"2022-10-24 13:04:08","post_date_gmt":"2022-10-24 11:04:08","post_content":"M. Vict\u00f2ria Molins neix el 1936 a Barcelona. \u00c9s la cinquena de mou germans.\u00a0Despr\u00e9s d\u2019ingressar a la Companyia de\u00a0Santa Teresa de Jes\u00fas, es va llicenciar\u00a0en Filosofia i Lletres, i va ser professora\u00a0de filosofia i literatura i directora en una escola teresiana.\u00a0Va ser directora de l\u2019Editorial STJ, ha fet cr\u00edtica de llibres\u00a0i pel\u00b7l\u00edcules i \u00e9s autora de m\u00e9s de seixanta obres sobre\u00a0q\u00fcestions d\u2019educaci\u00f3, pastoral i sobre pobresa i marginaci\u00f3. Actualment segueix dedicant-se plenament als\u00a0marginats del barri del Raval de Barcelona, sense abandonar la seva vocaci\u00f3 d\u2019escriptora de llibre i articles.\u00a0El 2015 fou investida Doctora Honoris Causa per la\u00a0Universitat Ramon Llull. Ha rebut tamb\u00e9 el 32\u00e8 Premi\u00a0Internacional Alfons Com\u00edn, la creu de Sant Jordi de la\u00a0Generalitat de Catalunya i el premi Persona i Democr\u00e0cia Joaquim Xicoy.","post_title":"M. VICT\u00d2RIA MOLINS","post_excerpt":"","post_status":"publish","comment_status":"closed","ping_status":"closed","post_password":"","post_name":"m-victoria-molins","to_ping":"","pinged":"","post_modified":"2023-06-28 12:08:44","post_modified_gmt":"2023-06-28 10:08:44","post_content_filtered":"","post_parent":0,"guid":"http:\/\/dev.editorialclaret.cat\/autor\/m-victoria-molins\/","menu_order":0,"post_type":"autor","post_mime_type":"","comment_count":"0","filter":"raw"}],"booktrailer":"<iframe width=\"949\" height=\"433\" src=\"https:\/\/www.youtube.com\/embed\/uYdn3T1JG3Q?si=ANBgnVD8EXPHjfam\" title=\"YouTube video player\" frameborder=\"0\" allow=\"accelerometer; autoplay; clipboard-write; encrypted-media; gyroscope; picture-in-picture; web-share\" referrerpolicy=\"strict-origin-when-cross-origin\" allowfullscreen><\/iframe>","linkebook":"","ficha":"849136079_1688649427.pdf","muestra":"","precioebook":"0","presentacion":"","resenas":""},"yoast_head":"<!-- This site is optimized with the Yoast SEO plugin v27.3 - https:\/\/yoast.com\/product\/yoast-seo-wordpress\/ -->\n<title>Editorial Claret<\/title>\n<meta name=\"robots\" content=\"noindex, follow, max-snippet:-1, max-image-preview:large, max-video-preview:-1\" \/>\n<meta property=\"og:locale\" content=\"es_ES\" \/>\n<meta property=\"og:type\" content=\"article\" \/>\n<meta property=\"og:title\" content=\"DIOS EN LA CALLE - Editorial Claret\" \/>\n<meta property=\"og:description\" content=\"MOLINS, M. VICT\u00d2RIA\" \/>\n<meta property=\"og:url\" content=\"https:\/\/www.editorialclaret.cat\/producte\/dios-en-la-calle-9788491360797\/\" \/>\n<meta property=\"og:site_name\" content=\"Editorial Claret\" \/>\n<meta property=\"article:modified_time\" content=\"2025-02-24T13:25:18+00:00\" \/>\n<meta property=\"og:image\" content=\"https:\/\/www.editorialclaret.cat\/wp-content\/uploads\/9788491360797-1.jpg\" \/>\n\t<meta property=\"og:image:width\" content=\"462\" \/>\n\t<meta property=\"og:image:height\" content=\"711\" \/>\n\t<meta property=\"og:image:type\" content=\"image\/jpeg\" \/>\n<meta name=\"twitter:card\" content=\"summary_large_image\" \/>\n<meta name=\"twitter:label1\" content=\"Tiempo de lectura\" \/>\n\t<meta name=\"twitter:data1\" content=\"1 minuto\" \/>\n<script type=\"application\/ld+json\" class=\"yoast-schema-graph\">{\"@context\":\"https:\\\/\\\/schema.org\",\"@graph\":[{\"@type\":\"WebPage\",\"@id\":\"https:\\\/\\\/www.editorialclaret.cat\\\/producte\\\/dios-en-la-calle-9788491360797\\\/\",\"url\":\"https:\\\/\\\/www.editorialclaret.cat\\\/producte\\\/dios-en-la-calle-9788491360797\\\/\",\"name\":\"DIOS EN LA CALLE - Editorial Claret\",\"isPartOf\":{\"@id\":\"https:\\\/\\\/www.editorialclaret.cat\\\/#website\"},\"primaryImageOfPage\":{\"@id\":\"https:\\\/\\\/www.editorialclaret.cat\\\/producte\\\/dios-en-la-calle-9788491360797\\\/#primaryimage\"},\"image\":{\"@id\":\"https:\\\/\\\/www.editorialclaret.cat\\\/producte\\\/dios-en-la-calle-9788491360797\\\/#primaryimage\"},\"thumbnailUrl\":\"https:\\\/\\\/www.editorialclaret.cat\\\/wp-content\\\/uploads\\\/9788491360797-1.jpg\",\"datePublished\":\"2022-10-18T07:04:01+00:00\",\"dateModified\":\"2025-02-24T13:25:18+00:00\",\"breadcrumb\":{\"@id\":\"https:\\\/\\\/www.editorialclaret.cat\\\/producte\\\/dios-en-la-calle-9788491360797\\\/#breadcrumb\"},\"inLanguage\":\"es\",\"potentialAction\":[{\"@type\":\"ReadAction\",\"target\":[\"https:\\\/\\\/www.editorialclaret.cat\\\/producte\\\/dios-en-la-calle-9788491360797\\\/\"]}]},{\"@type\":\"ImageObject\",\"inLanguage\":\"es\",\"@id\":\"https:\\\/\\\/www.editorialclaret.cat\\\/producte\\\/dios-en-la-calle-9788491360797\\\/#primaryimage\",\"url\":\"https:\\\/\\\/www.editorialclaret.cat\\\/wp-content\\\/uploads\\\/9788491360797-1.jpg\",\"contentUrl\":\"https:\\\/\\\/www.editorialclaret.cat\\\/wp-content\\\/uploads\\\/9788491360797-1.jpg\",\"width\":462,\"height\":711,\"caption\":\"9788491360797.jpg\"},{\"@type\":\"BreadcrumbList\",\"@id\":\"https:\\\/\\\/www.editorialclaret.cat\\\/producte\\\/dios-en-la-calle-9788491360797\\\/#breadcrumb\",\"itemListElement\":[{\"@type\":\"ListItem\",\"position\":1,\"name\":\"Portada\",\"item\":\"https:\\\/\\\/www.editorialclaret.cat\\\/es\\\/\"},{\"@type\":\"ListItem\",\"position\":2,\"name\":\"Botiga\",\"item\":\"https:\\\/\\\/www.editorialclaret.cat\\\/?page_id=16\"},{\"@type\":\"ListItem\",\"position\":3,\"name\":\"DIOS EN LA CALLE\"}]},{\"@type\":\"WebSite\",\"@id\":\"https:\\\/\\\/www.editorialclaret.cat\\\/#website\",\"url\":\"https:\\\/\\\/www.editorialclaret.cat\\\/\",\"name\":\"Editorial Claret\",\"description\":\"\",\"publisher\":{\"@id\":\"https:\\\/\\\/www.editorialclaret.cat\\\/#organization\"},\"potentialAction\":[{\"@type\":\"SearchAction\",\"target\":{\"@type\":\"EntryPoint\",\"urlTemplate\":\"https:\\\/\\\/www.editorialclaret.cat\\\/?s={search_term_string}\"},\"query-input\":{\"@type\":\"PropertyValueSpecification\",\"valueRequired\":true,\"valueName\":\"search_term_string\"}}],\"inLanguage\":\"es\"},{\"@type\":\"Organization\",\"@id\":\"https:\\\/\\\/www.editorialclaret.cat\\\/#organization\",\"name\":\"Editorial Claret\",\"url\":\"https:\\\/\\\/www.editorialclaret.cat\\\/\",\"logo\":{\"@type\":\"ImageObject\",\"inLanguage\":\"es\",\"@id\":\"https:\\\/\\\/www.editorialclaret.cat\\\/#\\\/schema\\\/logo\\\/image\\\/\",\"url\":\"https:\\\/\\\/www.editorialclaret.cat\\\/wp-content\\\/uploads\\\/.\\\/logo-claret.png\",\"contentUrl\":\"https:\\\/\\\/www.editorialclaret.cat\\\/wp-content\\\/uploads\\\/.\\\/logo-claret.png\",\"width\":194,\"height\":79,\"caption\":\"Editorial Claret\"},\"image\":{\"@id\":\"https:\\\/\\\/www.editorialclaret.cat\\\/#\\\/schema\\\/logo\\\/image\\\/\"}}]}<\/script>\n<!-- \/ Yoast SEO plugin. -->","yoast_head_json":{"title":"Editorial Claret","robots":{"index":"noindex","follow":"follow","max-snippet":"max-snippet:-1","max-image-preview":"max-image-preview:large","max-video-preview":"max-video-preview:-1"},"og_locale":"es_ES","og_type":"article","og_title":"DIOS EN LA CALLE - Editorial Claret","og_description":"MOLINS, M. VICT\u00d2RIA","og_url":"https:\/\/www.editorialclaret.cat\/producte\/dios-en-la-calle-9788491360797\/","og_site_name":"Editorial Claret","article_modified_time":"2025-02-24T13:25:18+00:00","og_image":[{"width":462,"height":711,"url":"https:\/\/www.editorialclaret.cat\/wp-content\/uploads\/9788491360797-1.jpg","type":"image\/jpeg"}],"twitter_card":"summary_large_image","twitter_misc":{"Tiempo de lectura":"1 minuto"},"schema":{"@context":"https:\/\/schema.org","@graph":[{"@type":"WebPage","@id":"https:\/\/www.editorialclaret.cat\/producte\/dios-en-la-calle-9788491360797\/","url":"https:\/\/www.editorialclaret.cat\/producte\/dios-en-la-calle-9788491360797\/","name":"DIOS EN LA CALLE - Editorial Claret","isPartOf":{"@id":"https:\/\/www.editorialclaret.cat\/#website"},"primaryImageOfPage":{"@id":"https:\/\/www.editorialclaret.cat\/producte\/dios-en-la-calle-9788491360797\/#primaryimage"},"image":{"@id":"https:\/\/www.editorialclaret.cat\/producte\/dios-en-la-calle-9788491360797\/#primaryimage"},"thumbnailUrl":"https:\/\/www.editorialclaret.cat\/wp-content\/uploads\/9788491360797-1.jpg","datePublished":"2022-10-18T07:04:01+00:00","dateModified":"2025-02-24T13:25:18+00:00","breadcrumb":{"@id":"https:\/\/www.editorialclaret.cat\/producte\/dios-en-la-calle-9788491360797\/#breadcrumb"},"inLanguage":"es","potentialAction":[{"@type":"ReadAction","target":["https:\/\/www.editorialclaret.cat\/producte\/dios-en-la-calle-9788491360797\/"]}]},{"@type":"ImageObject","inLanguage":"es","@id":"https:\/\/www.editorialclaret.cat\/producte\/dios-en-la-calle-9788491360797\/#primaryimage","url":"https:\/\/www.editorialclaret.cat\/wp-content\/uploads\/9788491360797-1.jpg","contentUrl":"https:\/\/www.editorialclaret.cat\/wp-content\/uploads\/9788491360797-1.jpg","width":462,"height":711,"caption":"9788491360797.jpg"},{"@type":"BreadcrumbList","@id":"https:\/\/www.editorialclaret.cat\/producte\/dios-en-la-calle-9788491360797\/#breadcrumb","itemListElement":[{"@type":"ListItem","position":1,"name":"Portada","item":"https:\/\/www.editorialclaret.cat\/es\/"},{"@type":"ListItem","position":2,"name":"Botiga","item":"https:\/\/www.editorialclaret.cat\/?page_id=16"},{"@type":"ListItem","position":3,"name":"DIOS EN LA CALLE"}]},{"@type":"WebSite","@id":"https:\/\/www.editorialclaret.cat\/#website","url":"https:\/\/www.editorialclaret.cat\/","name":"Editorial Claret","description":"","publisher":{"@id":"https:\/\/www.editorialclaret.cat\/#organization"},"potentialAction":[{"@type":"SearchAction","target":{"@type":"EntryPoint","urlTemplate":"https:\/\/www.editorialclaret.cat\/?s={search_term_string}"},"query-input":{"@type":"PropertyValueSpecification","valueRequired":true,"valueName":"search_term_string"}}],"inLanguage":"es"},{"@type":"Organization","@id":"https:\/\/www.editorialclaret.cat\/#organization","name":"Editorial Claret","url":"https:\/\/www.editorialclaret.cat\/","logo":{"@type":"ImageObject","inLanguage":"es","@id":"https:\/\/www.editorialclaret.cat\/#\/schema\/logo\/image\/","url":"https:\/\/www.editorialclaret.cat\/wp-content\/uploads\/.\/logo-claret.png","contentUrl":"https:\/\/www.editorialclaret.cat\/wp-content\/uploads\/.\/logo-claret.png","width":194,"height":79,"caption":"Editorial Claret"},"image":{"@id":"https:\/\/www.editorialclaret.cat\/#\/schema\/logo\/image\/"}}]}},"_links":{"self":[{"href":"https:\/\/www.editorialclaret.cat\/es\/wp-json\/wp\/v2\/product\/8695","targetHints":{"allow":["GET"]}}],"collection":[{"href":"https:\/\/www.editorialclaret.cat\/es\/wp-json\/wp\/v2\/product"}],"about":[{"href":"https:\/\/www.editorialclaret.cat\/es\/wp-json\/wp\/v2\/types\/product"}],"wp:featuredmedia":[{"embeddable":true,"href":"https:\/\/www.editorialclaret.cat\/es\/wp-json\/wp\/v2\/media\/68229"}],"wp:attachment":[{"href":"https:\/\/www.editorialclaret.cat\/es\/wp-json\/wp\/v2\/media?parent=8695"}],"wp:term":[{"taxonomy":"product_brand","embeddable":true,"href":"https:\/\/www.editorialclaret.cat\/es\/wp-json\/wp\/v2\/product_brand?post=8695"},{"taxonomy":"product_cat","embeddable":true,"href":"https:\/\/www.editorialclaret.cat\/es\/wp-json\/wp\/v2\/product_cat?post=8695"},{"taxonomy":"product_tag","embeddable":true,"href":"https:\/\/www.editorialclaret.cat\/es\/wp-json\/wp\/v2\/product_tag?post=8695"}],"curies":[{"name":"wp","href":"https:\/\/api.w.org\/{rel}","templated":true}]}}