{"id":8686,"date":"2022-10-18T09:03:54","date_gmt":"2022-10-18T07:03:54","guid":{"rendered":"http:\/\/dev.editorialclaret.cat\/producte\/lectio-divina-adviento-navidad\/"},"modified":"2024-05-22T12:18:37","modified_gmt":"2024-05-22T10:18:37","slug":"lectio-divina-adviento-navidad-20172018-9788491360810","status":"publish","type":"product","link":"https:\/\/www.editorialclaret.cat\/es\/producto\/lectio-divina-adviento-navidad-20172018-9788491360810\/","title":{"rendered":"LECTIO DIVINA, ADVIENTO &#8211; NAVIDAD 2017-2018"},"content":{"rendered":"<p>La lectio divina es un m\u00e9todo \u2013experimentado por la Tradici\u00f3n de la Iglesia\u2013 para acercarnos a la Palabra de Dios y penetrar mejor en su significado. Se dice que es como una escalera para subir de la tierra al cielo. Sin embargo, lo importante no es el m\u00e9todo, sino conseguir una lectura orante de la Palabra. Se trata de acercarte a Dios a trav\u00e9s de su Palabra y dejar que te muestre su voluntad.<br \/> Es un m\u00e9todo sencillo que nos propone seguir diversos pasos. Los monjes distinguieron hasta diez pasos diferentes, aunque hoy se han simplificado. Con todo, hay que reservar tiempo para su pr\u00e1ctica. No puede hacerse en dos minutos. Poco a poco percibir\u00e1s que te gusta dedicarle cada vez m\u00e1s espacio.<\/p>\n","protected":false},"excerpt":{"rendered":"<p>ROCA, JOSEP, CMF<\/p>\n","protected":false},"featured_media":8687,"template":"","meta":{"_acf_changed":false,"rs_blank_template":"","rs_page_bg_color":"","slide_template_v7":"","inline_featured_image":false,"_monsterinsights_skip_tracking":false,"_monsterinsights_sitenote_active":false,"_monsterinsights_sitenote_note":"","_monsterinsights_sitenote_category":0},"product_brand":[],"product_cat":[1055,817,818,1056,1054,816],"product_tag":[],"class_list":{"0":"post-8686","1":"product","2":"type-product","3":"status-publish","4":"has-post-thumbnail","6":"product_cat-espiritualidad-espiritualidad","7":"product_cat-espiritualitat-espiritualitat","8":"product_cat-liturgia","9":"product_cat-liturgia-espiritualidad","10":"product_cat-pastoral-espiritualidad","11":"product_cat-pastoral","13":"first","14":"outofstock","15":"taxable","16":"shipping-taxable","17":"purchasable","18":"product-type-simple"},"acf":{"autor":"ROCA, JOSEP, CMF","codart":"849136081","libros-coleccion":"FORA DE COL.LECCI\u00d3","ediciones":"1","encuadernacion":"R\u00fastica","fecha_de_publicacion":"13\/11\/2017","novedad":"0","paginas":"90","subtitulo":"","orden":"0","portada":"0","idioma":"spa","autores-libros":[{"ID":17462,"post_author":"3","post_date":"2022-10-19 01:12:39","post_date_gmt":"2022-10-18 23:12:39","post_content":"","post_title":"JOSEP ROCA, CMF","post_excerpt":"","post_status":"publish","comment_status":"closed","ping_status":"closed","post_password":"","post_name":"josep-roca-cmf","to_ping":"","pinged":"","post_modified":"2022-10-19 01:12:39","post_modified_gmt":"2022-10-18 23:12:39","post_content_filtered":"","post_parent":0,"guid":"http:\/\/dev.editorialclaret.cat\/autor\/josep-roca-cmf\/","menu_order":0,"post_type":"autor","post_mime_type":"","comment_count":"0","filter":"raw"}]},"yoast_head":"<!-- This site is optimized with the Yoast SEO plugin v27.3 - https:\/\/yoast.com\/product\/yoast-seo-wordpress\/ -->\n<title>Editorial Claret<\/title>\n<meta name=\"robots\" content=\"noindex, follow, max-snippet:-1, max-image-preview:large, max-video-preview:-1\" \/>\n<meta property=\"og:locale\" content=\"es_ES\" \/>\n<meta property=\"og:type\" content=\"article\" \/>\n<meta property=\"og:title\" content=\"LECTIO DIVINA, ADVIENTO - NAVIDAD 2017-2018 - Editorial Claret\" \/>\n<meta property=\"og:description\" content=\"ROCA, JOSEP, CMF\" \/>\n<meta property=\"og:url\" content=\"https:\/\/www.editorialclaret.cat\/producte\/lectio-divina-adviento-navidad-20172018-9788491360810\/\" \/>\n<meta property=\"og:site_name\" content=\"Editorial Claret\" \/>\n<meta property=\"article:modified_time\" content=\"2024-05-22T10:18:37+00:00\" \/>\n<meta property=\"og:image\" content=\"https:\/\/www.editorialclaret.cat\/wp-content\/uploads\/.\/9788491360810.jpg\" \/>\n\t<meta property=\"og:image:width\" content=\"217\" \/>\n\t<meta property=\"og:image:height\" content=\"345\" \/>\n\t<meta property=\"og:image:type\" content=\"image\/jpeg\" \/>\n<meta name=\"twitter:card\" content=\"summary_large_image\" \/>\n<meta name=\"twitter:label1\" content=\"Tiempo de lectura\" \/>\n\t<meta name=\"twitter:data1\" content=\"1 minuto\" \/>\n<script type=\"application\/ld+json\" class=\"yoast-schema-graph\">{\"@context\":\"https:\\\/\\\/schema.org\",\"@graph\":[{\"@type\":\"WebPage\",\"@id\":\"https:\\\/\\\/www.editorialclaret.cat\\\/producte\\\/lectio-divina-adviento-navidad-20172018-9788491360810\\\/\",\"url\":\"https:\\\/\\\/www.editorialclaret.cat\\\/producte\\\/lectio-divina-adviento-navidad-20172018-9788491360810\\\/\",\"name\":\"LECTIO DIVINA, ADVIENTO - NAVIDAD 2017-2018 - Editorial Claret\",\"isPartOf\":{\"@id\":\"https:\\\/\\\/www.editorialclaret.cat\\\/#website\"},\"primaryImageOfPage\":{\"@id\":\"https:\\\/\\\/www.editorialclaret.cat\\\/producte\\\/lectio-divina-adviento-navidad-20172018-9788491360810\\\/#primaryimage\"},\"image\":{\"@id\":\"https:\\\/\\\/www.editorialclaret.cat\\\/producte\\\/lectio-divina-adviento-navidad-20172018-9788491360810\\\/#primaryimage\"},\"thumbnailUrl\":\"https:\\\/\\\/www.editorialclaret.cat\\\/wp-content\\\/uploads\\\/.\\\/9788491360810.jpg\",\"datePublished\":\"2022-10-18T07:03:54+00:00\",\"dateModified\":\"2024-05-22T10:18:37+00:00\",\"breadcrumb\":{\"@id\":\"https:\\\/\\\/www.editorialclaret.cat\\\/producte\\\/lectio-divina-adviento-navidad-20172018-9788491360810\\\/#breadcrumb\"},\"inLanguage\":\"es\",\"potentialAction\":[{\"@type\":\"ReadAction\",\"target\":[\"https:\\\/\\\/www.editorialclaret.cat\\\/producte\\\/lectio-divina-adviento-navidad-20172018-9788491360810\\\/\"]}]},{\"@type\":\"ImageObject\",\"inLanguage\":\"es\",\"@id\":\"https:\\\/\\\/www.editorialclaret.cat\\\/producte\\\/lectio-divina-adviento-navidad-20172018-9788491360810\\\/#primaryimage\",\"url\":\"https:\\\/\\\/www.editorialclaret.cat\\\/wp-content\\\/uploads\\\/.\\\/9788491360810.jpg\",\"contentUrl\":\"https:\\\/\\\/www.editorialclaret.cat\\\/wp-content\\\/uploads\\\/.\\\/9788491360810.jpg\",\"width\":217,\"height\":345,\"caption\":\"9788491360810.jpg\"},{\"@type\":\"BreadcrumbList\",\"@id\":\"https:\\\/\\\/www.editorialclaret.cat\\\/producte\\\/lectio-divina-adviento-navidad-20172018-9788491360810\\\/#breadcrumb\",\"itemListElement\":[{\"@type\":\"ListItem\",\"position\":1,\"name\":\"Portada\",\"item\":\"https:\\\/\\\/www.editorialclaret.cat\\\/es\\\/\"},{\"@type\":\"ListItem\",\"position\":2,\"name\":\"Botiga\",\"item\":\"https:\\\/\\\/www.editorialclaret.cat\\\/?page_id=16\"},{\"@type\":\"ListItem\",\"position\":3,\"name\":\"LECTIO DIVINA, ADVIENTO &#8211; NAVIDAD 2017-2018\"}]},{\"@type\":\"WebSite\",\"@id\":\"https:\\\/\\\/www.editorialclaret.cat\\\/#website\",\"url\":\"https:\\\/\\\/www.editorialclaret.cat\\\/\",\"name\":\"Editorial Claret\",\"description\":\"\",\"publisher\":{\"@id\":\"https:\\\/\\\/www.editorialclaret.cat\\\/#organization\"},\"potentialAction\":[{\"@type\":\"SearchAction\",\"target\":{\"@type\":\"EntryPoint\",\"urlTemplate\":\"https:\\\/\\\/www.editorialclaret.cat\\\/?s={search_term_string}\"},\"query-input\":{\"@type\":\"PropertyValueSpecification\",\"valueRequired\":true,\"valueName\":\"search_term_string\"}}],\"inLanguage\":\"es\"},{\"@type\":\"Organization\",\"@id\":\"https:\\\/\\\/www.editorialclaret.cat\\\/#organization\",\"name\":\"Editorial Claret\",\"url\":\"https:\\\/\\\/www.editorialclaret.cat\\\/\",\"logo\":{\"@type\":\"ImageObject\",\"inLanguage\":\"es\",\"@id\":\"https:\\\/\\\/www.editorialclaret.cat\\\/#\\\/schema\\\/logo\\\/image\\\/\",\"url\":\"https:\\\/\\\/www.editorialclaret.cat\\\/wp-content\\\/uploads\\\/.\\\/logo-claret.png\",\"contentUrl\":\"https:\\\/\\\/www.editorialclaret.cat\\\/wp-content\\\/uploads\\\/.\\\/logo-claret.png\",\"width\":194,\"height\":79,\"caption\":\"Editorial Claret\"},\"image\":{\"@id\":\"https:\\\/\\\/www.editorialclaret.cat\\\/#\\\/schema\\\/logo\\\/image\\\/\"}}]}<\/script>\n<!-- \/ Yoast SEO plugin. -->","yoast_head_json":{"title":"Editorial Claret","robots":{"index":"noindex","follow":"follow","max-snippet":"max-snippet:-1","max-image-preview":"max-image-preview:large","max-video-preview":"max-video-preview:-1"},"og_locale":"es_ES","og_type":"article","og_title":"LECTIO DIVINA, ADVIENTO - NAVIDAD 2017-2018 - Editorial Claret","og_description":"ROCA, JOSEP, CMF","og_url":"https:\/\/www.editorialclaret.cat\/producte\/lectio-divina-adviento-navidad-20172018-9788491360810\/","og_site_name":"Editorial Claret","article_modified_time":"2024-05-22T10:18:37+00:00","og_image":[{"width":217,"height":345,"url":"https:\/\/www.editorialclaret.cat\/wp-content\/uploads\/.\/9788491360810.jpg","type":"image\/jpeg"}],"twitter_card":"summary_large_image","twitter_misc":{"Tiempo de lectura":"1 minuto"},"schema":{"@context":"https:\/\/schema.org","@graph":[{"@type":"WebPage","@id":"https:\/\/www.editorialclaret.cat\/producte\/lectio-divina-adviento-navidad-20172018-9788491360810\/","url":"https:\/\/www.editorialclaret.cat\/producte\/lectio-divina-adviento-navidad-20172018-9788491360810\/","name":"LECTIO DIVINA, ADVIENTO - NAVIDAD 2017-2018 - Editorial Claret","isPartOf":{"@id":"https:\/\/www.editorialclaret.cat\/#website"},"primaryImageOfPage":{"@id":"https:\/\/www.editorialclaret.cat\/producte\/lectio-divina-adviento-navidad-20172018-9788491360810\/#primaryimage"},"image":{"@id":"https:\/\/www.editorialclaret.cat\/producte\/lectio-divina-adviento-navidad-20172018-9788491360810\/#primaryimage"},"thumbnailUrl":"https:\/\/www.editorialclaret.cat\/wp-content\/uploads\/.\/9788491360810.jpg","datePublished":"2022-10-18T07:03:54+00:00","dateModified":"2024-05-22T10:18:37+00:00","breadcrumb":{"@id":"https:\/\/www.editorialclaret.cat\/producte\/lectio-divina-adviento-navidad-20172018-9788491360810\/#breadcrumb"},"inLanguage":"es","potentialAction":[{"@type":"ReadAction","target":["https:\/\/www.editorialclaret.cat\/producte\/lectio-divina-adviento-navidad-20172018-9788491360810\/"]}]},{"@type":"ImageObject","inLanguage":"es","@id":"https:\/\/www.editorialclaret.cat\/producte\/lectio-divina-adviento-navidad-20172018-9788491360810\/#primaryimage","url":"https:\/\/www.editorialclaret.cat\/wp-content\/uploads\/.\/9788491360810.jpg","contentUrl":"https:\/\/www.editorialclaret.cat\/wp-content\/uploads\/.\/9788491360810.jpg","width":217,"height":345,"caption":"9788491360810.jpg"},{"@type":"BreadcrumbList","@id":"https:\/\/www.editorialclaret.cat\/producte\/lectio-divina-adviento-navidad-20172018-9788491360810\/#breadcrumb","itemListElement":[{"@type":"ListItem","position":1,"name":"Portada","item":"https:\/\/www.editorialclaret.cat\/es\/"},{"@type":"ListItem","position":2,"name":"Botiga","item":"https:\/\/www.editorialclaret.cat\/?page_id=16"},{"@type":"ListItem","position":3,"name":"LECTIO DIVINA, ADVIENTO &#8211; NAVIDAD 2017-2018"}]},{"@type":"WebSite","@id":"https:\/\/www.editorialclaret.cat\/#website","url":"https:\/\/www.editorialclaret.cat\/","name":"Editorial Claret","description":"","publisher":{"@id":"https:\/\/www.editorialclaret.cat\/#organization"},"potentialAction":[{"@type":"SearchAction","target":{"@type":"EntryPoint","urlTemplate":"https:\/\/www.editorialclaret.cat\/?s={search_term_string}"},"query-input":{"@type":"PropertyValueSpecification","valueRequired":true,"valueName":"search_term_string"}}],"inLanguage":"es"},{"@type":"Organization","@id":"https:\/\/www.editorialclaret.cat\/#organization","name":"Editorial Claret","url":"https:\/\/www.editorialclaret.cat\/","logo":{"@type":"ImageObject","inLanguage":"es","@id":"https:\/\/www.editorialclaret.cat\/#\/schema\/logo\/image\/","url":"https:\/\/www.editorialclaret.cat\/wp-content\/uploads\/.\/logo-claret.png","contentUrl":"https:\/\/www.editorialclaret.cat\/wp-content\/uploads\/.\/logo-claret.png","width":194,"height":79,"caption":"Editorial Claret"},"image":{"@id":"https:\/\/www.editorialclaret.cat\/#\/schema\/logo\/image\/"}}]}},"_links":{"self":[{"href":"https:\/\/www.editorialclaret.cat\/es\/wp-json\/wp\/v2\/product\/8686","targetHints":{"allow":["GET"]}}],"collection":[{"href":"https:\/\/www.editorialclaret.cat\/es\/wp-json\/wp\/v2\/product"}],"about":[{"href":"https:\/\/www.editorialclaret.cat\/es\/wp-json\/wp\/v2\/types\/product"}],"wp:featuredmedia":[{"embeddable":true,"href":"https:\/\/www.editorialclaret.cat\/es\/wp-json\/wp\/v2\/media\/8687"}],"wp:attachment":[{"href":"https:\/\/www.editorialclaret.cat\/es\/wp-json\/wp\/v2\/media?parent=8686"}],"wp:term":[{"taxonomy":"product_brand","embeddable":true,"href":"https:\/\/www.editorialclaret.cat\/es\/wp-json\/wp\/v2\/product_brand?post=8686"},{"taxonomy":"product_cat","embeddable":true,"href":"https:\/\/www.editorialclaret.cat\/es\/wp-json\/wp\/v2\/product_cat?post=8686"},{"taxonomy":"product_tag","embeddable":true,"href":"https:\/\/www.editorialclaret.cat\/es\/wp-json\/wp\/v2\/product_tag?post=8686"}],"curies":[{"name":"wp","href":"https:\/\/api.w.org\/{rel}","templated":true}]}}