{"id":8656,"date":"2022-10-18T09:03:35","date_gmt":"2022-10-18T07:03:35","guid":{"rendered":"http:\/\/dev.editorialclaret.cat\/producte\/casar-se-no-fora-res-si-despres-no-fossim-tres\/"},"modified":"2024-05-22T12:20:07","modified_gmt":"2024-05-22T10:20:07","slug":"casarse-no-fora-res-si-despres-no-fossim-tres-9788491360926","status":"publish","type":"product","link":"https:\/\/www.editorialclaret.cat\/es\/producto\/casarse-no-fora-res-si-despres-no-fossim-tres-9788491360926\/","title":{"rendered":"CASAR-SE NO F\u00d3RA RES SI DESPR\u00c9S NO F\u00d3SSIM TRES"},"content":{"rendered":"<p>Exercir durant cinquanta anys de pediatre i psiquiatre infanto-juvenil ofereix la possibilitat de captar situacions de tota mena, viscudes com a conseq\u00fc\u00e8ncia de la relaci\u00f3 oberta entre el metge i les fam\u00edlies.<br \/>He procurat relatar els fets des de la pura observaci\u00f3, defugint, en general, les valoracions personals, deixant que sigui el lector qui faci la seva pr\u00f2pia interpretaci\u00f3, si b\u00e9 en determinats cap\u00edtols m&#8217;he perm\u00e8s fer alguns comentaris.<\/p>\n","protected":false},"excerpt":{"rendered":"<p>AMIG\u00d3 PAL\u00c9S, ESTEVE<\/p>\n","protected":false},"featured_media":8657,"template":"","meta":{"_acf_changed":false,"rs_blank_template":"","rs_page_bg_color":"","slide_template_v7":"","inline_featured_image":false,"_monsterinsights_skip_tracking":false,"_monsterinsights_sitenote_active":false,"_monsterinsights_sitenote_note":"","_monsterinsights_sitenote_category":0},"product_brand":[],"product_cat":[838,1075],"product_tag":[],"class_list":{"0":"post-8656","1":"product","2":"type-product","3":"status-publish","4":"has-post-thumbnail","6":"product_cat-escola-de-pares","7":"product_cat-escuela-de-padres","9":"first","10":"instock","11":"taxable","12":"shipping-taxable","13":"purchasable","14":"product-type-simple"},"acf":{"autor":"AMIG\u00d3 PAL\u00c9S, ESTEVE","codart":"849136092","libros-coleccion":"","ediciones":"1","encuadernacion":"R\u00fastica","fecha_de_publicacion":"19\/12\/2017","novedad":"0","paginas":"170","subtitulo":"","orden":"0","portada":"0","idioma":"cat","autores-libros":[{"ID":14591,"post_author":"3","post_date":"2022-10-19 00:53:16","post_date_gmt":"2022-10-18 22:53:16","post_content":"","post_title":"ESTEVE AMIG\u00d3 PAL\u00c9S","post_excerpt":"","post_status":"publish","comment_status":"closed","ping_status":"closed","post_password":"","post_name":"esteve-amigo-pales","to_ping":"","pinged":"","post_modified":"2022-10-19 00:53:16","post_modified_gmt":"2022-10-18 22:53:16","post_content_filtered":"","post_parent":0,"guid":"http:\/\/dev.editorialclaret.cat\/autor\/esteve-amigo-pales\/","menu_order":0,"post_type":"autor","post_mime_type":"","comment_count":"0","filter":"raw"}],"booktrailer":"","linkebook":"","ficha":"849136092_1688648766.pdf","muestra":"","precioebook":"0","presentacion":"","resenas":""},"yoast_head":"<!-- This site is optimized with the Yoast SEO plugin v27.3 - https:\/\/yoast.com\/product\/yoast-seo-wordpress\/ -->\n<title>Editorial Claret<\/title>\n<meta name=\"robots\" content=\"noindex, follow, max-snippet:-1, max-image-preview:large, max-video-preview:-1\" \/>\n<meta property=\"og:locale\" content=\"es_ES\" \/>\n<meta property=\"og:type\" content=\"article\" \/>\n<meta property=\"og:title\" content=\"CASAR-SE NO F\u00d3RA RES SI DESPR\u00c9S NO F\u00d3SSIM TRES - Editorial Claret\" \/>\n<meta property=\"og:description\" content=\"AMIG\u00d3 PAL\u00c9S, ESTEVE\" \/>\n<meta property=\"og:url\" content=\"https:\/\/www.editorialclaret.cat\/producte\/casarse-no-fora-res-si-despres-no-fossim-tres-9788491360926\/\" \/>\n<meta property=\"og:site_name\" content=\"Editorial Claret\" \/>\n<meta property=\"article:modified_time\" content=\"2024-05-22T10:20:07+00:00\" \/>\n<meta property=\"og:image\" content=\"https:\/\/www.editorialclaret.cat\/wp-content\/uploads\/.\/9788491360926.jpg\" \/>\n\t<meta property=\"og:image:width\" content=\"225\" \/>\n\t<meta property=\"og:image:height\" content=\"333\" \/>\n\t<meta property=\"og:image:type\" content=\"image\/jpeg\" \/>\n<meta name=\"twitter:card\" content=\"summary_large_image\" \/>\n<script type=\"application\/ld+json\" class=\"yoast-schema-graph\">{\"@context\":\"https:\\\/\\\/schema.org\",\"@graph\":[{\"@type\":\"WebPage\",\"@id\":\"https:\\\/\\\/www.editorialclaret.cat\\\/producte\\\/casarse-no-fora-res-si-despres-no-fossim-tres-9788491360926\\\/\",\"url\":\"https:\\\/\\\/www.editorialclaret.cat\\\/producte\\\/casarse-no-fora-res-si-despres-no-fossim-tres-9788491360926\\\/\",\"name\":\"CASAR-SE NO F\u00d3RA RES SI DESPR\u00c9S NO F\u00d3SSIM TRES - Editorial Claret\",\"isPartOf\":{\"@id\":\"https:\\\/\\\/www.editorialclaret.cat\\\/#website\"},\"primaryImageOfPage\":{\"@id\":\"https:\\\/\\\/www.editorialclaret.cat\\\/producte\\\/casarse-no-fora-res-si-despres-no-fossim-tres-9788491360926\\\/#primaryimage\"},\"image\":{\"@id\":\"https:\\\/\\\/www.editorialclaret.cat\\\/producte\\\/casarse-no-fora-res-si-despres-no-fossim-tres-9788491360926\\\/#primaryimage\"},\"thumbnailUrl\":\"https:\\\/\\\/www.editorialclaret.cat\\\/wp-content\\\/uploads\\\/.\\\/9788491360926.jpg\",\"datePublished\":\"2022-10-18T07:03:35+00:00\",\"dateModified\":\"2024-05-22T10:20:07+00:00\",\"breadcrumb\":{\"@id\":\"https:\\\/\\\/www.editorialclaret.cat\\\/producte\\\/casarse-no-fora-res-si-despres-no-fossim-tres-9788491360926\\\/#breadcrumb\"},\"inLanguage\":\"es\",\"potentialAction\":[{\"@type\":\"ReadAction\",\"target\":[\"https:\\\/\\\/www.editorialclaret.cat\\\/producte\\\/casarse-no-fora-res-si-despres-no-fossim-tres-9788491360926\\\/\"]}]},{\"@type\":\"ImageObject\",\"inLanguage\":\"es\",\"@id\":\"https:\\\/\\\/www.editorialclaret.cat\\\/producte\\\/casarse-no-fora-res-si-despres-no-fossim-tres-9788491360926\\\/#primaryimage\",\"url\":\"https:\\\/\\\/www.editorialclaret.cat\\\/wp-content\\\/uploads\\\/.\\\/9788491360926.jpg\",\"contentUrl\":\"https:\\\/\\\/www.editorialclaret.cat\\\/wp-content\\\/uploads\\\/.\\\/9788491360926.jpg\",\"width\":225,\"height\":333,\"caption\":\"9788491360926.jpg\"},{\"@type\":\"BreadcrumbList\",\"@id\":\"https:\\\/\\\/www.editorialclaret.cat\\\/producte\\\/casarse-no-fora-res-si-despres-no-fossim-tres-9788491360926\\\/#breadcrumb\",\"itemListElement\":[{\"@type\":\"ListItem\",\"position\":1,\"name\":\"Portada\",\"item\":\"https:\\\/\\\/www.editorialclaret.cat\\\/es\\\/\"},{\"@type\":\"ListItem\",\"position\":2,\"name\":\"Botiga\",\"item\":\"https:\\\/\\\/www.editorialclaret.cat\\\/?page_id=16\"},{\"@type\":\"ListItem\",\"position\":3,\"name\":\"CASAR-SE NO F\u00d3RA RES SI DESPR\u00c9S NO F\u00d3SSIM TRES\"}]},{\"@type\":\"WebSite\",\"@id\":\"https:\\\/\\\/www.editorialclaret.cat\\\/#website\",\"url\":\"https:\\\/\\\/www.editorialclaret.cat\\\/\",\"name\":\"Editorial Claret\",\"description\":\"\",\"publisher\":{\"@id\":\"https:\\\/\\\/www.editorialclaret.cat\\\/#organization\"},\"potentialAction\":[{\"@type\":\"SearchAction\",\"target\":{\"@type\":\"EntryPoint\",\"urlTemplate\":\"https:\\\/\\\/www.editorialclaret.cat\\\/?s={search_term_string}\"},\"query-input\":{\"@type\":\"PropertyValueSpecification\",\"valueRequired\":true,\"valueName\":\"search_term_string\"}}],\"inLanguage\":\"es\"},{\"@type\":\"Organization\",\"@id\":\"https:\\\/\\\/www.editorialclaret.cat\\\/#organization\",\"name\":\"Editorial Claret\",\"url\":\"https:\\\/\\\/www.editorialclaret.cat\\\/\",\"logo\":{\"@type\":\"ImageObject\",\"inLanguage\":\"es\",\"@id\":\"https:\\\/\\\/www.editorialclaret.cat\\\/#\\\/schema\\\/logo\\\/image\\\/\",\"url\":\"https:\\\/\\\/www.editorialclaret.cat\\\/wp-content\\\/uploads\\\/.\\\/logo-claret.png\",\"contentUrl\":\"https:\\\/\\\/www.editorialclaret.cat\\\/wp-content\\\/uploads\\\/.\\\/logo-claret.png\",\"width\":194,\"height\":79,\"caption\":\"Editorial Claret\"},\"image\":{\"@id\":\"https:\\\/\\\/www.editorialclaret.cat\\\/#\\\/schema\\\/logo\\\/image\\\/\"}}]}<\/script>\n<!-- \/ Yoast SEO plugin. -->","yoast_head_json":{"title":"Editorial Claret","robots":{"index":"noindex","follow":"follow","max-snippet":"max-snippet:-1","max-image-preview":"max-image-preview:large","max-video-preview":"max-video-preview:-1"},"og_locale":"es_ES","og_type":"article","og_title":"CASAR-SE NO F\u00d3RA RES SI DESPR\u00c9S NO F\u00d3SSIM TRES - Editorial Claret","og_description":"AMIG\u00d3 PAL\u00c9S, ESTEVE","og_url":"https:\/\/www.editorialclaret.cat\/producte\/casarse-no-fora-res-si-despres-no-fossim-tres-9788491360926\/","og_site_name":"Editorial Claret","article_modified_time":"2024-05-22T10:20:07+00:00","og_image":[{"width":225,"height":333,"url":"https:\/\/www.editorialclaret.cat\/wp-content\/uploads\/.\/9788491360926.jpg","type":"image\/jpeg"}],"twitter_card":"summary_large_image","schema":{"@context":"https:\/\/schema.org","@graph":[{"@type":"WebPage","@id":"https:\/\/www.editorialclaret.cat\/producte\/casarse-no-fora-res-si-despres-no-fossim-tres-9788491360926\/","url":"https:\/\/www.editorialclaret.cat\/producte\/casarse-no-fora-res-si-despres-no-fossim-tres-9788491360926\/","name":"CASAR-SE NO F\u00d3RA RES SI DESPR\u00c9S NO F\u00d3SSIM TRES - Editorial Claret","isPartOf":{"@id":"https:\/\/www.editorialclaret.cat\/#website"},"primaryImageOfPage":{"@id":"https:\/\/www.editorialclaret.cat\/producte\/casarse-no-fora-res-si-despres-no-fossim-tres-9788491360926\/#primaryimage"},"image":{"@id":"https:\/\/www.editorialclaret.cat\/producte\/casarse-no-fora-res-si-despres-no-fossim-tres-9788491360926\/#primaryimage"},"thumbnailUrl":"https:\/\/www.editorialclaret.cat\/wp-content\/uploads\/.\/9788491360926.jpg","datePublished":"2022-10-18T07:03:35+00:00","dateModified":"2024-05-22T10:20:07+00:00","breadcrumb":{"@id":"https:\/\/www.editorialclaret.cat\/producte\/casarse-no-fora-res-si-despres-no-fossim-tres-9788491360926\/#breadcrumb"},"inLanguage":"es","potentialAction":[{"@type":"ReadAction","target":["https:\/\/www.editorialclaret.cat\/producte\/casarse-no-fora-res-si-despres-no-fossim-tres-9788491360926\/"]}]},{"@type":"ImageObject","inLanguage":"es","@id":"https:\/\/www.editorialclaret.cat\/producte\/casarse-no-fora-res-si-despres-no-fossim-tres-9788491360926\/#primaryimage","url":"https:\/\/www.editorialclaret.cat\/wp-content\/uploads\/.\/9788491360926.jpg","contentUrl":"https:\/\/www.editorialclaret.cat\/wp-content\/uploads\/.\/9788491360926.jpg","width":225,"height":333,"caption":"9788491360926.jpg"},{"@type":"BreadcrumbList","@id":"https:\/\/www.editorialclaret.cat\/producte\/casarse-no-fora-res-si-despres-no-fossim-tres-9788491360926\/#breadcrumb","itemListElement":[{"@type":"ListItem","position":1,"name":"Portada","item":"https:\/\/www.editorialclaret.cat\/es\/"},{"@type":"ListItem","position":2,"name":"Botiga","item":"https:\/\/www.editorialclaret.cat\/?page_id=16"},{"@type":"ListItem","position":3,"name":"CASAR-SE NO F\u00d3RA RES SI DESPR\u00c9S NO F\u00d3SSIM TRES"}]},{"@type":"WebSite","@id":"https:\/\/www.editorialclaret.cat\/#website","url":"https:\/\/www.editorialclaret.cat\/","name":"Editorial Claret","description":"","publisher":{"@id":"https:\/\/www.editorialclaret.cat\/#organization"},"potentialAction":[{"@type":"SearchAction","target":{"@type":"EntryPoint","urlTemplate":"https:\/\/www.editorialclaret.cat\/?s={search_term_string}"},"query-input":{"@type":"PropertyValueSpecification","valueRequired":true,"valueName":"search_term_string"}}],"inLanguage":"es"},{"@type":"Organization","@id":"https:\/\/www.editorialclaret.cat\/#organization","name":"Editorial Claret","url":"https:\/\/www.editorialclaret.cat\/","logo":{"@type":"ImageObject","inLanguage":"es","@id":"https:\/\/www.editorialclaret.cat\/#\/schema\/logo\/image\/","url":"https:\/\/www.editorialclaret.cat\/wp-content\/uploads\/.\/logo-claret.png","contentUrl":"https:\/\/www.editorialclaret.cat\/wp-content\/uploads\/.\/logo-claret.png","width":194,"height":79,"caption":"Editorial Claret"},"image":{"@id":"https:\/\/www.editorialclaret.cat\/#\/schema\/logo\/image\/"}}]}},"_links":{"self":[{"href":"https:\/\/www.editorialclaret.cat\/es\/wp-json\/wp\/v2\/product\/8656","targetHints":{"allow":["GET"]}}],"collection":[{"href":"https:\/\/www.editorialclaret.cat\/es\/wp-json\/wp\/v2\/product"}],"about":[{"href":"https:\/\/www.editorialclaret.cat\/es\/wp-json\/wp\/v2\/types\/product"}],"wp:featuredmedia":[{"embeddable":true,"href":"https:\/\/www.editorialclaret.cat\/es\/wp-json\/wp\/v2\/media\/8657"}],"wp:attachment":[{"href":"https:\/\/www.editorialclaret.cat\/es\/wp-json\/wp\/v2\/media?parent=8656"}],"wp:term":[{"taxonomy":"product_brand","embeddable":true,"href":"https:\/\/www.editorialclaret.cat\/es\/wp-json\/wp\/v2\/product_brand?post=8656"},{"taxonomy":"product_cat","embeddable":true,"href":"https:\/\/www.editorialclaret.cat\/es\/wp-json\/wp\/v2\/product_cat?post=8656"},{"taxonomy":"product_tag","embeddable":true,"href":"https:\/\/www.editorialclaret.cat\/es\/wp-json\/wp\/v2\/product_tag?post=8656"}],"curies":[{"name":"wp","href":"https:\/\/api.w.org\/{rel}","templated":true}]}}