{"id":8629,"date":"2022-10-18T09:03:17","date_gmt":"2022-10-18T07:03:17","guid":{"rendered":"http:\/\/dev.editorialclaret.cat\/producte\/maria-trenta-un-santuaris\/"},"modified":"2025-05-07T10:46:02","modified_gmt":"2025-05-07T08:46:02","slug":"maria-trentaun-santuaris-9788491360216","status":"publish","type":"product","link":"https:\/\/www.editorialclaret.cat\/es\/producto\/maria-trentaun-santuaris-9788491360216\/","title":{"rendered":"MARIA. TRENTA-UN SANTUARIS"},"content":{"rendered":"<p>Aquest llibre pret&eacute;n mostrar la devoci&oacute; a Maria a trav&eacute;s de les advocacions que es veneren arreu de les di&ograve;cesis amb seu a Catalunya. S&rsquo;ha fet una tria intentant que fossin llocs amb prestigi en quan a la hist&ograve;ria i a la devoci&oacute;, i que representessin a cada una de les deu di&ograve;cesis. Tamb&eacute; hi trobareu tradicions populars que els envolten. &Eacute;s una publicaci&oacute; per no ser llegida de cop; sin&oacute; per anar-la degustant de mica en mica. Si ens trobem en el mes de maig, res millor que poder-li dedicar aquest mes a Maria llegint un cap&iacute;tol cada dia. M&egrave;tode que tamb&eacute; &eacute;s v&agrave;lid per a qualsevol altre mes de l&rsquo;any. Ens pot servir fins i tot de gu&iacute;a tur&iacute;stica per visitar-los els caps de setmana o en temps de vacances. I &#8230; tamb&eacute; pot ser &uacute;til a la nostra biblioteca per llegir-lo quan volem estar, liter&agrave;riament i devotament, a prop de la nostra Mare.<\/p>\n<p>El 18 d&#039;abril a les 19h es va fer la presentaci&oacute; del llibre a la Sala Pere Casald&agrave;liga de la Llibreria Claret, pots descarregar-te la invitaci&oacute; fent clic <a href='https:\/\/fundacioclaret-my.sharepoint.com\/:b:\/g\/personal\/xmartinez_claret_cat\/EeJVX3Qnjh9KpYtn1o7YI6YBS0cj08t0bdnbqX9M5BrVHQ?e=8Ni5tq'>aqu&iacute;<\/a>.<\/p>\n<p>Tamb&eacute; pots descarregar-te la nota de premsa de l&#039;acte fent clic en aquest <a href='https:\/\/fundacioclaret-my.sharepoint.com\/:b:\/g\/personal\/xmartinez_claret_cat\/EWm8-l3zGT5GiwVN9GGF8qwBrUwRlQL-6B-zrwatlq3_6g?e=DgzvSI'>enlla&ccedil;<\/a>.<\/p>\n<p>Pots veure el v&iacute;deo de la presentaci&oacute; fent clic <a href='https:\/\/www.youtube.com\/watch?v=DMOe15Bd7BE'>aqu&iacute;<\/a>.<\/p>\n","protected":false},"excerpt":{"rendered":"<p>RODR\u00cdGUEZ VILAGRAN, \u00c0NGEL<\/p>\n","protected":false},"featured_media":66675,"template":"","meta":{"_acf_changed":false,"rs_blank_template":"","rs_page_bg_color":"","slide_template_v7":"","inline_featured_image":false,"_monsterinsights_skip_tracking":false,"_monsterinsights_sitenote_active":false,"_monsterinsights_sitenote_note":"","_monsterinsights_sitenote_category":0},"product_brand":[],"product_cat":[1068,831,1055,817],"product_tag":[],"class_list":{"0":"post-8629","1":"product","2":"type-product","3":"status-publish","4":"has-post-thumbnail","6":"product_cat-eclesiologia-espiritualidad","7":"product_cat-eclesiologia","8":"product_cat-espiritualidad-espiritualidad","9":"product_cat-espiritualitat-espiritualitat","11":"first","12":"instock","13":"taxable","14":"shipping-taxable","15":"purchasable","16":"product-type-simple"},"acf":{"autor":"RODR\u00cdGUEZ VILAGRAN, \u00c0NGEL","codart":"849136021","libros-coleccion":"","ediciones":"1","encuadernacion":"R\u00fastica","fecha_de_publicacion":"12\/03\/2018","novedad":"0","paginas":"146","subtitulo":"TRENTA-UN SANTUARIS ","orden":"0","portada":"0","idioma":"cat","autores-libros":[{"ID":46521,"post_author":"3","post_date":"2022-10-24 13:03:17","post_date_gmt":"2022-10-24 11:03:17","post_content":"","post_title":"\u00c0NGEL RODR\u00cdGUEZ VILAGRAN","post_excerpt":"","post_status":"publish","comment_status":"closed","ping_status":"closed","post_password":"","post_name":"angel-rodriguez-vilagran","to_ping":"","pinged":"","post_modified":"2022-10-24 13:03:17","post_modified_gmt":"2022-10-24 11:03:17","post_content_filtered":"","post_parent":0,"guid":"http:\/\/dev.editorialclaret.cat\/autor\/angel-rodriguez-vilagran\/","menu_order":0,"post_type":"autor","post_mime_type":"","comment_count":"0","filter":"raw"}],"booktrailer":"","linkebook":"","ficha":"849136021_1688382236.pdf","muestra":"","precioebook":"0","presentacion":"","resenas":"<p>Ag\u00e8ncia Flama, 20\/04\/2023<\/p>\n<p><a href=\"https:\/\/www.agenciaflama.cat\/angel-rodriguez-els-aplecs-les-festes-majors-i-els-mercats-eren-el-tinder-o-el-badoo-dara\/\" rel=\"noopener noreferrer\" target=\"_blank\">https:\/\/www.agenciaflama.cat\/angel-rodriguez-els-aplecs-les-festes-majors-i-els-mercats-eren-el-tinder-o-el-badoo-dara\/<\/a><\/p>\n<p><\/p>\n<p>El Nacional, 07\/08\/2022<\/p>\n<p><a href=\"https:\/\/www.elnacional.cat\/ca\/opinio\/santuaris-miriam-diez_797829_102.html\" rel=\"noopener noreferrer\" target=\"_blank\">https:\/\/www.elnacional.cat\/ca\/opinio\/santuaris-miriam-diez_797829_102.html<\/a><\/p>\n<p><\/p>\n"},"yoast_head":"<!-- This site is optimized with the Yoast SEO plugin v27.3 - https:\/\/yoast.com\/product\/yoast-seo-wordpress\/ -->\n<title>Editorial Claret<\/title>\n<meta name=\"robots\" content=\"noindex, follow, max-snippet:-1, max-image-preview:large, max-video-preview:-1\" \/>\n<meta property=\"og:locale\" content=\"es_ES\" \/>\n<meta property=\"og:type\" content=\"article\" \/>\n<meta property=\"og:title\" content=\"MARIA. TRENTA-UN SANTUARIS - Editorial Claret\" \/>\n<meta property=\"og:description\" content=\"RODR\u00cdGUEZ VILAGRAN, \u00c0NGEL\" \/>\n<meta property=\"og:url\" content=\"https:\/\/www.editorialclaret.cat\/producte\/maria-trentaun-santuaris-9788491360216\/\" \/>\n<meta property=\"og:site_name\" content=\"Editorial Claret\" \/>\n<meta property=\"article:modified_time\" content=\"2025-05-07T08:46:02+00:00\" \/>\n<meta property=\"og:image\" content=\"https:\/\/www.editorialclaret.cat\/wp-content\/uploads\/9788491360216-1.jpg\" \/>\n\t<meta property=\"og:image:width\" content=\"287\" \/>\n\t<meta property=\"og:image:height\" content=\"447\" \/>\n\t<meta property=\"og:image:type\" content=\"image\/jpeg\" \/>\n<meta name=\"twitter:card\" content=\"summary_large_image\" \/>\n<meta name=\"twitter:label1\" content=\"Tiempo de lectura\" \/>\n\t<meta name=\"twitter:data1\" content=\"1 minuto\" \/>\n<script type=\"application\/ld+json\" class=\"yoast-schema-graph\">{\"@context\":\"https:\\\/\\\/schema.org\",\"@graph\":[{\"@type\":\"WebPage\",\"@id\":\"https:\\\/\\\/www.editorialclaret.cat\\\/producte\\\/maria-trentaun-santuaris-9788491360216\\\/\",\"url\":\"https:\\\/\\\/www.editorialclaret.cat\\\/producte\\\/maria-trentaun-santuaris-9788491360216\\\/\",\"name\":\"MARIA. TRENTA-UN SANTUARIS - Editorial Claret\",\"isPartOf\":{\"@id\":\"https:\\\/\\\/www.editorialclaret.cat\\\/#website\"},\"primaryImageOfPage\":{\"@id\":\"https:\\\/\\\/www.editorialclaret.cat\\\/producte\\\/maria-trentaun-santuaris-9788491360216\\\/#primaryimage\"},\"image\":{\"@id\":\"https:\\\/\\\/www.editorialclaret.cat\\\/producte\\\/maria-trentaun-santuaris-9788491360216\\\/#primaryimage\"},\"thumbnailUrl\":\"https:\\\/\\\/www.editorialclaret.cat\\\/wp-content\\\/uploads\\\/9788491360216-1.jpg\",\"datePublished\":\"2022-10-18T07:03:17+00:00\",\"dateModified\":\"2025-05-07T08:46:02+00:00\",\"breadcrumb\":{\"@id\":\"https:\\\/\\\/www.editorialclaret.cat\\\/producte\\\/maria-trentaun-santuaris-9788491360216\\\/#breadcrumb\"},\"inLanguage\":\"es\",\"potentialAction\":[{\"@type\":\"ReadAction\",\"target\":[\"https:\\\/\\\/www.editorialclaret.cat\\\/producte\\\/maria-trentaun-santuaris-9788491360216\\\/\"]}]},{\"@type\":\"ImageObject\",\"inLanguage\":\"es\",\"@id\":\"https:\\\/\\\/www.editorialclaret.cat\\\/producte\\\/maria-trentaun-santuaris-9788491360216\\\/#primaryimage\",\"url\":\"https:\\\/\\\/www.editorialclaret.cat\\\/wp-content\\\/uploads\\\/9788491360216-1.jpg\",\"contentUrl\":\"https:\\\/\\\/www.editorialclaret.cat\\\/wp-content\\\/uploads\\\/9788491360216-1.jpg\",\"width\":287,\"height\":447,\"caption\":\"9788491360216.jpg\"},{\"@type\":\"BreadcrumbList\",\"@id\":\"https:\\\/\\\/www.editorialclaret.cat\\\/producte\\\/maria-trentaun-santuaris-9788491360216\\\/#breadcrumb\",\"itemListElement\":[{\"@type\":\"ListItem\",\"position\":1,\"name\":\"Portada\",\"item\":\"https:\\\/\\\/www.editorialclaret.cat\\\/es\\\/\"},{\"@type\":\"ListItem\",\"position\":2,\"name\":\"Botiga\",\"item\":\"https:\\\/\\\/www.editorialclaret.cat\\\/?page_id=16\"},{\"@type\":\"ListItem\",\"position\":3,\"name\":\"MARIA. TRENTA-UN SANTUARIS\"}]},{\"@type\":\"WebSite\",\"@id\":\"https:\\\/\\\/www.editorialclaret.cat\\\/#website\",\"url\":\"https:\\\/\\\/www.editorialclaret.cat\\\/\",\"name\":\"Editorial Claret\",\"description\":\"\",\"publisher\":{\"@id\":\"https:\\\/\\\/www.editorialclaret.cat\\\/#organization\"},\"potentialAction\":[{\"@type\":\"SearchAction\",\"target\":{\"@type\":\"EntryPoint\",\"urlTemplate\":\"https:\\\/\\\/www.editorialclaret.cat\\\/?s={search_term_string}\"},\"query-input\":{\"@type\":\"PropertyValueSpecification\",\"valueRequired\":true,\"valueName\":\"search_term_string\"}}],\"inLanguage\":\"es\"},{\"@type\":\"Organization\",\"@id\":\"https:\\\/\\\/www.editorialclaret.cat\\\/#organization\",\"name\":\"Editorial Claret\",\"url\":\"https:\\\/\\\/www.editorialclaret.cat\\\/\",\"logo\":{\"@type\":\"ImageObject\",\"inLanguage\":\"es\",\"@id\":\"https:\\\/\\\/www.editorialclaret.cat\\\/#\\\/schema\\\/logo\\\/image\\\/\",\"url\":\"https:\\\/\\\/www.editorialclaret.cat\\\/wp-content\\\/uploads\\\/.\\\/logo-claret.png\",\"contentUrl\":\"https:\\\/\\\/www.editorialclaret.cat\\\/wp-content\\\/uploads\\\/.\\\/logo-claret.png\",\"width\":194,\"height\":79,\"caption\":\"Editorial Claret\"},\"image\":{\"@id\":\"https:\\\/\\\/www.editorialclaret.cat\\\/#\\\/schema\\\/logo\\\/image\\\/\"}}]}<\/script>\n<!-- \/ Yoast SEO plugin. -->","yoast_head_json":{"title":"Editorial Claret","robots":{"index":"noindex","follow":"follow","max-snippet":"max-snippet:-1","max-image-preview":"max-image-preview:large","max-video-preview":"max-video-preview:-1"},"og_locale":"es_ES","og_type":"article","og_title":"MARIA. TRENTA-UN SANTUARIS - Editorial Claret","og_description":"RODR\u00cdGUEZ VILAGRAN, \u00c0NGEL","og_url":"https:\/\/www.editorialclaret.cat\/producte\/maria-trentaun-santuaris-9788491360216\/","og_site_name":"Editorial Claret","article_modified_time":"2025-05-07T08:46:02+00:00","og_image":[{"width":287,"height":447,"url":"https:\/\/www.editorialclaret.cat\/wp-content\/uploads\/9788491360216-1.jpg","type":"image\/jpeg"}],"twitter_card":"summary_large_image","twitter_misc":{"Tiempo de lectura":"1 minuto"},"schema":{"@context":"https:\/\/schema.org","@graph":[{"@type":"WebPage","@id":"https:\/\/www.editorialclaret.cat\/producte\/maria-trentaun-santuaris-9788491360216\/","url":"https:\/\/www.editorialclaret.cat\/producte\/maria-trentaun-santuaris-9788491360216\/","name":"MARIA. TRENTA-UN SANTUARIS - Editorial Claret","isPartOf":{"@id":"https:\/\/www.editorialclaret.cat\/#website"},"primaryImageOfPage":{"@id":"https:\/\/www.editorialclaret.cat\/producte\/maria-trentaun-santuaris-9788491360216\/#primaryimage"},"image":{"@id":"https:\/\/www.editorialclaret.cat\/producte\/maria-trentaun-santuaris-9788491360216\/#primaryimage"},"thumbnailUrl":"https:\/\/www.editorialclaret.cat\/wp-content\/uploads\/9788491360216-1.jpg","datePublished":"2022-10-18T07:03:17+00:00","dateModified":"2025-05-07T08:46:02+00:00","breadcrumb":{"@id":"https:\/\/www.editorialclaret.cat\/producte\/maria-trentaun-santuaris-9788491360216\/#breadcrumb"},"inLanguage":"es","potentialAction":[{"@type":"ReadAction","target":["https:\/\/www.editorialclaret.cat\/producte\/maria-trentaun-santuaris-9788491360216\/"]}]},{"@type":"ImageObject","inLanguage":"es","@id":"https:\/\/www.editorialclaret.cat\/producte\/maria-trentaun-santuaris-9788491360216\/#primaryimage","url":"https:\/\/www.editorialclaret.cat\/wp-content\/uploads\/9788491360216-1.jpg","contentUrl":"https:\/\/www.editorialclaret.cat\/wp-content\/uploads\/9788491360216-1.jpg","width":287,"height":447,"caption":"9788491360216.jpg"},{"@type":"BreadcrumbList","@id":"https:\/\/www.editorialclaret.cat\/producte\/maria-trentaun-santuaris-9788491360216\/#breadcrumb","itemListElement":[{"@type":"ListItem","position":1,"name":"Portada","item":"https:\/\/www.editorialclaret.cat\/es\/"},{"@type":"ListItem","position":2,"name":"Botiga","item":"https:\/\/www.editorialclaret.cat\/?page_id=16"},{"@type":"ListItem","position":3,"name":"MARIA. TRENTA-UN SANTUARIS"}]},{"@type":"WebSite","@id":"https:\/\/www.editorialclaret.cat\/#website","url":"https:\/\/www.editorialclaret.cat\/","name":"Editorial Claret","description":"","publisher":{"@id":"https:\/\/www.editorialclaret.cat\/#organization"},"potentialAction":[{"@type":"SearchAction","target":{"@type":"EntryPoint","urlTemplate":"https:\/\/www.editorialclaret.cat\/?s={search_term_string}"},"query-input":{"@type":"PropertyValueSpecification","valueRequired":true,"valueName":"search_term_string"}}],"inLanguage":"es"},{"@type":"Organization","@id":"https:\/\/www.editorialclaret.cat\/#organization","name":"Editorial Claret","url":"https:\/\/www.editorialclaret.cat\/","logo":{"@type":"ImageObject","inLanguage":"es","@id":"https:\/\/www.editorialclaret.cat\/#\/schema\/logo\/image\/","url":"https:\/\/www.editorialclaret.cat\/wp-content\/uploads\/.\/logo-claret.png","contentUrl":"https:\/\/www.editorialclaret.cat\/wp-content\/uploads\/.\/logo-claret.png","width":194,"height":79,"caption":"Editorial Claret"},"image":{"@id":"https:\/\/www.editorialclaret.cat\/#\/schema\/logo\/image\/"}}]}},"_links":{"self":[{"href":"https:\/\/www.editorialclaret.cat\/es\/wp-json\/wp\/v2\/product\/8629","targetHints":{"allow":["GET"]}}],"collection":[{"href":"https:\/\/www.editorialclaret.cat\/es\/wp-json\/wp\/v2\/product"}],"about":[{"href":"https:\/\/www.editorialclaret.cat\/es\/wp-json\/wp\/v2\/types\/product"}],"wp:featuredmedia":[{"embeddable":true,"href":"https:\/\/www.editorialclaret.cat\/es\/wp-json\/wp\/v2\/media\/66675"}],"wp:attachment":[{"href":"https:\/\/www.editorialclaret.cat\/es\/wp-json\/wp\/v2\/media?parent=8629"}],"wp:term":[{"taxonomy":"product_brand","embeddable":true,"href":"https:\/\/www.editorialclaret.cat\/es\/wp-json\/wp\/v2\/product_brand?post=8629"},{"taxonomy":"product_cat","embeddable":true,"href":"https:\/\/www.editorialclaret.cat\/es\/wp-json\/wp\/v2\/product_cat?post=8629"},{"taxonomy":"product_tag","embeddable":true,"href":"https:\/\/www.editorialclaret.cat\/es\/wp-json\/wp\/v2\/product_tag?post=8629"}],"curies":[{"name":"wp","href":"https:\/\/api.w.org\/{rel}","templated":true}]}}