{"id":8626,"date":"2022-10-18T09:03:15","date_gmt":"2022-10-18T07:03:15","guid":{"rendered":"http:\/\/dev.editorialclaret.cat\/producte\/jesus-viu\/"},"modified":"2026-04-15T19:05:24","modified_gmt":"2026-04-15T17:05:24","slug":"jesus-viu-moments-de-la-historia-de-jesus-9788491360988","status":"publish","type":"product","link":"https:\/\/www.editorialclaret.cat\/es\/producto\/jesus-viu-moments-de-la-historia-de-jesus-9788491360988\/","title":{"rendered":"JES\u00daS VIU. MOMENTS DE LA HIST\u00d2RIA DE JES\u00daS"},"content":{"rendered":"<p><strong class='ql-size-large'>\u00c0lbum il\u00b7lustrat del Nou Testament per noies i nois d&#8217;entre 6-9 anys<\/strong><\/p>\n<p><em>Com creuran en Jes\u00fas si no han sentit el seu missatge? I com sentiran el seu missatge si ning\u00fa el proclama?<\/em><\/p>\n<p>El missatge de Jes\u00fas \u00e9s la seva pr\u00f2pia vida. \u00c9s una immensa sort de tenir l&#8217;oportunitat de con\u00e8ixer-la. Aquest llibre explica alguns dels seus moments. Qui coneix aquesta hist\u00f2ria meravellosa no nom\u00e9s queda fascinat per ella sin\u00f3 que guanya un company de viatge que l&#8217;acompanyar\u00e0 tota la vida.<\/p>\n","protected":false},"excerpt":{"rendered":"<p>BALLAZ, JESUS<\/p>\n","protected":false},"featured_media":68966,"template":"","meta":{"_acf_changed":false,"rs_blank_template":"","rs_page_bg_color":"","slide_template_v7":"","inline_featured_image":false,"_monsterinsights_skip_tracking":false,"_monsterinsights_sitenote_active":false,"_monsterinsights_sitenote_note":"","_monsterinsights_sitenote_category":0},"product_brand":[],"product_cat":[1051,813,825,1062,857,1094],"product_tag":[],"class_list":{"0":"post-8626","1":"product","2":"type-product","3":"status-publish","4":"has-post-thumbnail","6":"product_cat-biblia-espiritualidad","7":"product_cat-biblia","8":"product_cat-infantil","9":"product_cat-infantil-2","10":"product_cat-primera-comunio","11":"product_cat-primera-comunion","13":"first","14":"instock","15":"taxable","16":"shipping-taxable","17":"purchasable","18":"product-type-simple"},"acf":{"autor":"BALLAZ, JESUS","codart":"849136098","libros-coleccion":"Col\u00b7lecci\u00f3: -----","ediciones":"1","encuadernacion":"Carton\u00e9","fecha_de_publicacion":"15\/03\/2018","novedad":"0","paginas":"96","subtitulo":"MOMENTS DE LA HIST\u00d2RIA DE JES\u00daS","orden":"0","portada":"0","idioma":"cat","autores-libros":[{"ID":46562,"post_author":"3","post_date":"2022-10-24 13:03:44","post_date_gmt":"2022-10-24 11:03:44","post_content":"","post_title":"JES\u00daS BALLAZ","post_excerpt":"","post_status":"publish","comment_status":"closed","ping_status":"closed","post_password":"","post_name":"jesus-ballaz","to_ping":"","pinged":"","post_modified":"2022-10-24 13:03:44","post_modified_gmt":"2022-10-24 11:03:44","post_content_filtered":"","post_parent":0,"guid":"http:\/\/dev.editorialclaret.cat\/autor\/jesus-ballaz\/","menu_order":0,"post_type":"autor","post_mime_type":"","comment_count":"0","filter":"raw"}],"booktrailer":"<iframe width=\"949\" height=\"433\" src=\"https:\/\/www.youtube.com\/embed\/Xn1mZTf9aaA?si=4Hp0vArehd9Dj2tN\" title=\"YouTube video player\" frameborder=\"0\" allow=\"accelerometer; autoplay; clipboard-write; encrypted-media; gyroscope; picture-in-picture; web-share\" referrerpolicy=\"strict-origin-when-cross-origin\" allowfullscreen><\/iframe>","linkebook":"","ficha":"849136098_1688114386.pdf","muestra":"","precioebook":"0","presentacion":"","resenas":"","traductores-libros":"","ilustradores-libros":"","formato":"","ebookportada":false,"recomendamos":"","mas_vendido":""},"yoast_head":"<!-- This site is optimized with the Yoast SEO plugin v27.3 - https:\/\/yoast.com\/product\/yoast-seo-wordpress\/ -->\n<title>Editorial Claret<\/title>\n<meta name=\"robots\" content=\"noindex, follow, max-snippet:-1, max-image-preview:large, max-video-preview:-1\" \/>\n<meta property=\"og:locale\" content=\"es_ES\" \/>\n<meta property=\"og:type\" content=\"article\" \/>\n<meta property=\"og:title\" content=\"JES\u00daS VIU. MOMENTS DE LA HIST\u00d2RIA DE JES\u00daS - Editorial Claret\" \/>\n<meta property=\"og:description\" content=\"BALLAZ, JESUS\" \/>\n<meta property=\"og:url\" content=\"https:\/\/www.editorialclaret.cat\/producte\/jesus-viu-moments-de-la-historia-de-jesus-9788491360988\/\" \/>\n<meta property=\"og:site_name\" content=\"Editorial Claret\" \/>\n<meta property=\"article:modified_time\" content=\"2026-04-15T17:05:24+00:00\" \/>\n<meta property=\"og:image\" content=\"https:\/\/www.editorialclaret.cat\/wp-content\/uploads\/9788491360988-3.jpg\" \/>\n\t<meta property=\"og:image:width\" content=\"350\" \/>\n\t<meta property=\"og:image:height\" content=\"445\" \/>\n\t<meta property=\"og:image:type\" content=\"image\/jpeg\" \/>\n<meta name=\"twitter:card\" content=\"summary_large_image\" \/>\n<meta name=\"twitter:label1\" content=\"Tiempo de lectura\" \/>\n\t<meta name=\"twitter:data1\" content=\"1 minuto\" \/>\n<script type=\"application\/ld+json\" class=\"yoast-schema-graph\">{\"@context\":\"https:\\\/\\\/schema.org\",\"@graph\":[{\"@type\":\"WebPage\",\"@id\":\"https:\\\/\\\/www.editorialclaret.cat\\\/producte\\\/jesus-viu-moments-de-la-historia-de-jesus-9788491360988\\\/\",\"url\":\"https:\\\/\\\/www.editorialclaret.cat\\\/producte\\\/jesus-viu-moments-de-la-historia-de-jesus-9788491360988\\\/\",\"name\":\"JES\u00daS VIU. MOMENTS DE LA HIST\u00d2RIA DE JES\u00daS - Editorial Claret\",\"isPartOf\":{\"@id\":\"https:\\\/\\\/www.editorialclaret.cat\\\/#website\"},\"primaryImageOfPage\":{\"@id\":\"https:\\\/\\\/www.editorialclaret.cat\\\/producte\\\/jesus-viu-moments-de-la-historia-de-jesus-9788491360988\\\/#primaryimage\"},\"image\":{\"@id\":\"https:\\\/\\\/www.editorialclaret.cat\\\/producte\\\/jesus-viu-moments-de-la-historia-de-jesus-9788491360988\\\/#primaryimage\"},\"thumbnailUrl\":\"https:\\\/\\\/www.editorialclaret.cat\\\/wp-content\\\/uploads\\\/9788491360988-3.jpg\",\"datePublished\":\"2022-10-18T07:03:15+00:00\",\"dateModified\":\"2026-04-15T17:05:24+00:00\",\"breadcrumb\":{\"@id\":\"https:\\\/\\\/www.editorialclaret.cat\\\/producte\\\/jesus-viu-moments-de-la-historia-de-jesus-9788491360988\\\/#breadcrumb\"},\"inLanguage\":\"es\",\"potentialAction\":[{\"@type\":\"ReadAction\",\"target\":[\"https:\\\/\\\/www.editorialclaret.cat\\\/producte\\\/jesus-viu-moments-de-la-historia-de-jesus-9788491360988\\\/\"]}]},{\"@type\":\"ImageObject\",\"inLanguage\":\"es\",\"@id\":\"https:\\\/\\\/www.editorialclaret.cat\\\/producte\\\/jesus-viu-moments-de-la-historia-de-jesus-9788491360988\\\/#primaryimage\",\"url\":\"https:\\\/\\\/www.editorialclaret.cat\\\/wp-content\\\/uploads\\\/9788491360988-3.jpg\",\"contentUrl\":\"https:\\\/\\\/www.editorialclaret.cat\\\/wp-content\\\/uploads\\\/9788491360988-3.jpg\",\"width\":350,\"height\":445,\"caption\":\"9788491360988.jpg\"},{\"@type\":\"BreadcrumbList\",\"@id\":\"https:\\\/\\\/www.editorialclaret.cat\\\/producte\\\/jesus-viu-moments-de-la-historia-de-jesus-9788491360988\\\/#breadcrumb\",\"itemListElement\":[{\"@type\":\"ListItem\",\"position\":1,\"name\":\"Portada\",\"item\":\"https:\\\/\\\/www.editorialclaret.cat\\\/es\\\/\"},{\"@type\":\"ListItem\",\"position\":2,\"name\":\"Botiga\",\"item\":\"https:\\\/\\\/www.editorialclaret.cat\\\/?page_id=16\"},{\"@type\":\"ListItem\",\"position\":3,\"name\":\"JES\u00daS VIU. MOMENTS DE LA HIST\u00d2RIA DE JES\u00daS\"}]},{\"@type\":\"WebSite\",\"@id\":\"https:\\\/\\\/www.editorialclaret.cat\\\/#website\",\"url\":\"https:\\\/\\\/www.editorialclaret.cat\\\/\",\"name\":\"Editorial Claret\",\"description\":\"\",\"publisher\":{\"@id\":\"https:\\\/\\\/www.editorialclaret.cat\\\/#organization\"},\"potentialAction\":[{\"@type\":\"SearchAction\",\"target\":{\"@type\":\"EntryPoint\",\"urlTemplate\":\"https:\\\/\\\/www.editorialclaret.cat\\\/?s={search_term_string}\"},\"query-input\":{\"@type\":\"PropertyValueSpecification\",\"valueRequired\":true,\"valueName\":\"search_term_string\"}}],\"inLanguage\":\"es\"},{\"@type\":\"Organization\",\"@id\":\"https:\\\/\\\/www.editorialclaret.cat\\\/#organization\",\"name\":\"Editorial Claret\",\"url\":\"https:\\\/\\\/www.editorialclaret.cat\\\/\",\"logo\":{\"@type\":\"ImageObject\",\"inLanguage\":\"es\",\"@id\":\"https:\\\/\\\/www.editorialclaret.cat\\\/#\\\/schema\\\/logo\\\/image\\\/\",\"url\":\"https:\\\/\\\/www.editorialclaret.cat\\\/wp-content\\\/uploads\\\/.\\\/logo-claret.png\",\"contentUrl\":\"https:\\\/\\\/www.editorialclaret.cat\\\/wp-content\\\/uploads\\\/.\\\/logo-claret.png\",\"width\":194,\"height\":79,\"caption\":\"Editorial Claret\"},\"image\":{\"@id\":\"https:\\\/\\\/www.editorialclaret.cat\\\/#\\\/schema\\\/logo\\\/image\\\/\"}}]}<\/script>\n<!-- \/ Yoast SEO plugin. -->","yoast_head_json":{"title":"Editorial Claret","robots":{"index":"noindex","follow":"follow","max-snippet":"max-snippet:-1","max-image-preview":"max-image-preview:large","max-video-preview":"max-video-preview:-1"},"og_locale":"es_ES","og_type":"article","og_title":"JES\u00daS VIU. MOMENTS DE LA HIST\u00d2RIA DE JES\u00daS - Editorial Claret","og_description":"BALLAZ, JESUS","og_url":"https:\/\/www.editorialclaret.cat\/producte\/jesus-viu-moments-de-la-historia-de-jesus-9788491360988\/","og_site_name":"Editorial Claret","article_modified_time":"2026-04-15T17:05:24+00:00","og_image":[{"width":350,"height":445,"url":"https:\/\/www.editorialclaret.cat\/wp-content\/uploads\/9788491360988-3.jpg","type":"image\/jpeg"}],"twitter_card":"summary_large_image","twitter_misc":{"Tiempo de lectura":"1 minuto"},"schema":{"@context":"https:\/\/schema.org","@graph":[{"@type":"WebPage","@id":"https:\/\/www.editorialclaret.cat\/producte\/jesus-viu-moments-de-la-historia-de-jesus-9788491360988\/","url":"https:\/\/www.editorialclaret.cat\/producte\/jesus-viu-moments-de-la-historia-de-jesus-9788491360988\/","name":"JES\u00daS VIU. MOMENTS DE LA HIST\u00d2RIA DE JES\u00daS - Editorial Claret","isPartOf":{"@id":"https:\/\/www.editorialclaret.cat\/#website"},"primaryImageOfPage":{"@id":"https:\/\/www.editorialclaret.cat\/producte\/jesus-viu-moments-de-la-historia-de-jesus-9788491360988\/#primaryimage"},"image":{"@id":"https:\/\/www.editorialclaret.cat\/producte\/jesus-viu-moments-de-la-historia-de-jesus-9788491360988\/#primaryimage"},"thumbnailUrl":"https:\/\/www.editorialclaret.cat\/wp-content\/uploads\/9788491360988-3.jpg","datePublished":"2022-10-18T07:03:15+00:00","dateModified":"2026-04-15T17:05:24+00:00","breadcrumb":{"@id":"https:\/\/www.editorialclaret.cat\/producte\/jesus-viu-moments-de-la-historia-de-jesus-9788491360988\/#breadcrumb"},"inLanguage":"es","potentialAction":[{"@type":"ReadAction","target":["https:\/\/www.editorialclaret.cat\/producte\/jesus-viu-moments-de-la-historia-de-jesus-9788491360988\/"]}]},{"@type":"ImageObject","inLanguage":"es","@id":"https:\/\/www.editorialclaret.cat\/producte\/jesus-viu-moments-de-la-historia-de-jesus-9788491360988\/#primaryimage","url":"https:\/\/www.editorialclaret.cat\/wp-content\/uploads\/9788491360988-3.jpg","contentUrl":"https:\/\/www.editorialclaret.cat\/wp-content\/uploads\/9788491360988-3.jpg","width":350,"height":445,"caption":"9788491360988.jpg"},{"@type":"BreadcrumbList","@id":"https:\/\/www.editorialclaret.cat\/producte\/jesus-viu-moments-de-la-historia-de-jesus-9788491360988\/#breadcrumb","itemListElement":[{"@type":"ListItem","position":1,"name":"Portada","item":"https:\/\/www.editorialclaret.cat\/es\/"},{"@type":"ListItem","position":2,"name":"Botiga","item":"https:\/\/www.editorialclaret.cat\/?page_id=16"},{"@type":"ListItem","position":3,"name":"JES\u00daS VIU. MOMENTS DE LA HIST\u00d2RIA DE JES\u00daS"}]},{"@type":"WebSite","@id":"https:\/\/www.editorialclaret.cat\/#website","url":"https:\/\/www.editorialclaret.cat\/","name":"Editorial Claret","description":"","publisher":{"@id":"https:\/\/www.editorialclaret.cat\/#organization"},"potentialAction":[{"@type":"SearchAction","target":{"@type":"EntryPoint","urlTemplate":"https:\/\/www.editorialclaret.cat\/?s={search_term_string}"},"query-input":{"@type":"PropertyValueSpecification","valueRequired":true,"valueName":"search_term_string"}}],"inLanguage":"es"},{"@type":"Organization","@id":"https:\/\/www.editorialclaret.cat\/#organization","name":"Editorial Claret","url":"https:\/\/www.editorialclaret.cat\/","logo":{"@type":"ImageObject","inLanguage":"es","@id":"https:\/\/www.editorialclaret.cat\/#\/schema\/logo\/image\/","url":"https:\/\/www.editorialclaret.cat\/wp-content\/uploads\/.\/logo-claret.png","contentUrl":"https:\/\/www.editorialclaret.cat\/wp-content\/uploads\/.\/logo-claret.png","width":194,"height":79,"caption":"Editorial Claret"},"image":{"@id":"https:\/\/www.editorialclaret.cat\/#\/schema\/logo\/image\/"}}]}},"_links":{"self":[{"href":"https:\/\/www.editorialclaret.cat\/es\/wp-json\/wp\/v2\/product\/8626","targetHints":{"allow":["GET"]}}],"collection":[{"href":"https:\/\/www.editorialclaret.cat\/es\/wp-json\/wp\/v2\/product"}],"about":[{"href":"https:\/\/www.editorialclaret.cat\/es\/wp-json\/wp\/v2\/types\/product"}],"wp:featuredmedia":[{"embeddable":true,"href":"https:\/\/www.editorialclaret.cat\/es\/wp-json\/wp\/v2\/media\/68966"}],"wp:attachment":[{"href":"https:\/\/www.editorialclaret.cat\/es\/wp-json\/wp\/v2\/media?parent=8626"}],"wp:term":[{"taxonomy":"product_brand","embeddable":true,"href":"https:\/\/www.editorialclaret.cat\/es\/wp-json\/wp\/v2\/product_brand?post=8626"},{"taxonomy":"product_cat","embeddable":true,"href":"https:\/\/www.editorialclaret.cat\/es\/wp-json\/wp\/v2\/product_cat?post=8626"},{"taxonomy":"product_tag","embeddable":true,"href":"https:\/\/www.editorialclaret.cat\/es\/wp-json\/wp\/v2\/product_tag?post=8626"}],"curies":[{"name":"wp","href":"https:\/\/api.w.org\/{rel}","templated":true}]}}