{"id":8617,"date":"2022-10-18T09:03:09","date_gmt":"2022-10-18T07:03:09","guid":{"rendered":"http:\/\/dev.editorialclaret.cat\/producte\/el-secret-de-maria\/"},"modified":"2024-05-22T12:15:11","modified_gmt":"2024-05-22T10:15:11","slug":"el-secret-de-maria-9788491360292","status":"publish","type":"product","link":"https:\/\/www.editorialclaret.cat\/es\/producto\/el-secret-de-maria-9788491360292\/","title":{"rendered":"EL SECRET DE MARIA"},"content":{"rendered":"<p>\u00c0nima predestinada, heus ac\u00ed un secret que l&#8217;Alt\u00edssim m&#8217;ha ensenyat i que no he pogut trobar en cap llibre antic ni nou. El que et vull ensenyar \u00e9s a trobar un mitj\u00e0 f\u00e0cil per obtenir de D\u00e9u la gr\u00e0cia necess\u00e0ria per esdevenir sant. I dic que per trobar la gr\u00e0cia de D\u00e9u cal trobar Maria perqu\u00e8 nom\u00e9s ella ha rebut de D\u00e9u un particular domini sobre les \u00e0nimes per nodrir-les i fer-les cr\u00e9ixer en D\u00e9u, per aix\u00f2, el principal do que les \u00e0nimes posseeixen \u00e9s el d&#8217;establir aqu\u00ed baix la vida de Maria en una \u00e0nima, de manera que ja no \u00e9s l&#8217;\u00e0nima qui viu, sin\u00f3 Maria en ella, o, per dir-ho aix\u00ed, l&#8217;\u00e0nima de Maria esdev\u00e9 la seva \u00e0nima. Maria \u00e9s el motlle vivent de D\u00e9u, fet per l&#8217;Esperit Sant, per formar al natural un Home-D\u00e9u per la uni\u00f3 hipost\u00e0tica i per formar un home-D\u00e9u per la gr\u00e0cia. A aquest motlle no l&#8217;hi manca cap tret de la divinitat i tot aquell qui s&#8217;hi deixi anar, i manejar, hi rep tots els trets de Jesucrist d&#8217;una manera dol\u00e7a i proporcionada a la feblesa humana. Oh!, quina obra tant admirable! la pols transformada en llum, la brut\u00edcia en puresa, el pecat en santedat, la criatura en el Creador i l&#8217;home en D\u00e9u! i la creaci\u00f3 de tot l&#8217;univers no \u00e9s pas una obra mestra tan gran com aquesta Maria \u00e9s el parad\u00eds de D\u00e9u i el seu m\u00f3n inefable, un m\u00f3n desconegut, aqu\u00ed baix, de quasi tots els mortals.<\/p>\n","protected":false},"excerpt":{"rendered":"<p>SANT LLU\u00cdS MARIA GRIGNION DE MONTFORT<\/p>\n","protected":false},"featured_media":8618,"template":"","meta":{"_acf_changed":false,"rs_blank_template":"","rs_page_bg_color":"","slide_template_v7":"","inline_featured_image":false,"_monsterinsights_skip_tracking":false,"_monsterinsights_sitenote_active":false,"_monsterinsights_sitenote_note":"","_monsterinsights_sitenote_category":0},"product_brand":[],"product_cat":[1055,817],"product_tag":[],"class_list":{"0":"post-8617","1":"product","2":"type-product","3":"status-publish","4":"has-post-thumbnail","6":"product_cat-espiritualidad-espiritualidad","7":"product_cat-espiritualitat-espiritualitat","9":"first","10":"instock","11":"taxable","12":"shipping-taxable","13":"purchasable","14":"product-type-simple"},"acf":{"autor":"SANT LLU\u00cdS MARIA GRIGNION DE MONTFORT","codart":"849136029","libros-coleccion":"","ediciones":"1","encuadernacion":"R\u00fastica","fecha_de_publicacion":"10\/04\/2018","novedad":"0","paginas":"92","subtitulo":"SANT LLU\u00cdS MARIA GRIGNION DE MONTFORT","orden":"0","portada":"0","idioma":"cat","autores-libros":[],"booktrailer":"","linkebook":"","ficha":"849136029_1688473702.pdf","muestra":"","precioebook":"0","presentacion":"","resenas":""},"yoast_head":"<!-- This site is optimized with the Yoast SEO plugin v27.3 - https:\/\/yoast.com\/product\/yoast-seo-wordpress\/ -->\n<title>Editorial Claret<\/title>\n<meta name=\"robots\" content=\"noindex, follow, max-snippet:-1, max-image-preview:large, max-video-preview:-1\" \/>\n<meta property=\"og:locale\" content=\"es_ES\" \/>\n<meta property=\"og:type\" content=\"article\" \/>\n<meta property=\"og:title\" content=\"EL SECRET DE MARIA - Editorial Claret\" \/>\n<meta property=\"og:description\" content=\"SANT LLU\u00cdS MARIA GRIGNION DE MONTFORT\" \/>\n<meta property=\"og:url\" content=\"https:\/\/www.editorialclaret.cat\/producte\/el-secret-de-maria-9788491360292\/\" \/>\n<meta property=\"og:site_name\" content=\"Editorial Claret\" \/>\n<meta property=\"article:modified_time\" content=\"2024-05-22T10:15:11+00:00\" \/>\n<meta property=\"og:image\" content=\"https:\/\/www.editorialclaret.cat\/wp-content\/uploads\/.\/9788491360292.jpg\" \/>\n\t<meta property=\"og:image:width\" content=\"225\" \/>\n\t<meta property=\"og:image:height\" content=\"337\" \/>\n\t<meta property=\"og:image:type\" content=\"image\/jpeg\" \/>\n<meta name=\"twitter:card\" content=\"summary_large_image\" \/>\n<meta name=\"twitter:label1\" content=\"Tiempo de lectura\" \/>\n\t<meta name=\"twitter:data1\" content=\"1 minuto\" \/>\n<script type=\"application\/ld+json\" class=\"yoast-schema-graph\">{\"@context\":\"https:\\\/\\\/schema.org\",\"@graph\":[{\"@type\":\"WebPage\",\"@id\":\"https:\\\/\\\/www.editorialclaret.cat\\\/producte\\\/el-secret-de-maria-9788491360292\\\/\",\"url\":\"https:\\\/\\\/www.editorialclaret.cat\\\/producte\\\/el-secret-de-maria-9788491360292\\\/\",\"name\":\"EL SECRET DE MARIA - Editorial Claret\",\"isPartOf\":{\"@id\":\"https:\\\/\\\/www.editorialclaret.cat\\\/#website\"},\"primaryImageOfPage\":{\"@id\":\"https:\\\/\\\/www.editorialclaret.cat\\\/producte\\\/el-secret-de-maria-9788491360292\\\/#primaryimage\"},\"image\":{\"@id\":\"https:\\\/\\\/www.editorialclaret.cat\\\/producte\\\/el-secret-de-maria-9788491360292\\\/#primaryimage\"},\"thumbnailUrl\":\"https:\\\/\\\/www.editorialclaret.cat\\\/wp-content\\\/uploads\\\/.\\\/9788491360292.jpg\",\"datePublished\":\"2022-10-18T07:03:09+00:00\",\"dateModified\":\"2024-05-22T10:15:11+00:00\",\"breadcrumb\":{\"@id\":\"https:\\\/\\\/www.editorialclaret.cat\\\/producte\\\/el-secret-de-maria-9788491360292\\\/#breadcrumb\"},\"inLanguage\":\"es\",\"potentialAction\":[{\"@type\":\"ReadAction\",\"target\":[\"https:\\\/\\\/www.editorialclaret.cat\\\/producte\\\/el-secret-de-maria-9788491360292\\\/\"]}]},{\"@type\":\"ImageObject\",\"inLanguage\":\"es\",\"@id\":\"https:\\\/\\\/www.editorialclaret.cat\\\/producte\\\/el-secret-de-maria-9788491360292\\\/#primaryimage\",\"url\":\"https:\\\/\\\/www.editorialclaret.cat\\\/wp-content\\\/uploads\\\/.\\\/9788491360292.jpg\",\"contentUrl\":\"https:\\\/\\\/www.editorialclaret.cat\\\/wp-content\\\/uploads\\\/.\\\/9788491360292.jpg\",\"width\":225,\"height\":337,\"caption\":\"9788491360292.jpg\"},{\"@type\":\"BreadcrumbList\",\"@id\":\"https:\\\/\\\/www.editorialclaret.cat\\\/producte\\\/el-secret-de-maria-9788491360292\\\/#breadcrumb\",\"itemListElement\":[{\"@type\":\"ListItem\",\"position\":1,\"name\":\"Portada\",\"item\":\"https:\\\/\\\/www.editorialclaret.cat\\\/es\\\/\"},{\"@type\":\"ListItem\",\"position\":2,\"name\":\"Botiga\",\"item\":\"https:\\\/\\\/www.editorialclaret.cat\\\/?page_id=16\"},{\"@type\":\"ListItem\",\"position\":3,\"name\":\"EL SECRET DE MARIA\"}]},{\"@type\":\"WebSite\",\"@id\":\"https:\\\/\\\/www.editorialclaret.cat\\\/#website\",\"url\":\"https:\\\/\\\/www.editorialclaret.cat\\\/\",\"name\":\"Editorial Claret\",\"description\":\"\",\"publisher\":{\"@id\":\"https:\\\/\\\/www.editorialclaret.cat\\\/#organization\"},\"potentialAction\":[{\"@type\":\"SearchAction\",\"target\":{\"@type\":\"EntryPoint\",\"urlTemplate\":\"https:\\\/\\\/www.editorialclaret.cat\\\/?s={search_term_string}\"},\"query-input\":{\"@type\":\"PropertyValueSpecification\",\"valueRequired\":true,\"valueName\":\"search_term_string\"}}],\"inLanguage\":\"es\"},{\"@type\":\"Organization\",\"@id\":\"https:\\\/\\\/www.editorialclaret.cat\\\/#organization\",\"name\":\"Editorial Claret\",\"url\":\"https:\\\/\\\/www.editorialclaret.cat\\\/\",\"logo\":{\"@type\":\"ImageObject\",\"inLanguage\":\"es\",\"@id\":\"https:\\\/\\\/www.editorialclaret.cat\\\/#\\\/schema\\\/logo\\\/image\\\/\",\"url\":\"https:\\\/\\\/www.editorialclaret.cat\\\/wp-content\\\/uploads\\\/.\\\/logo-claret.png\",\"contentUrl\":\"https:\\\/\\\/www.editorialclaret.cat\\\/wp-content\\\/uploads\\\/.\\\/logo-claret.png\",\"width\":194,\"height\":79,\"caption\":\"Editorial Claret\"},\"image\":{\"@id\":\"https:\\\/\\\/www.editorialclaret.cat\\\/#\\\/schema\\\/logo\\\/image\\\/\"}}]}<\/script>\n<!-- \/ Yoast SEO plugin. -->","yoast_head_json":{"title":"Editorial Claret","robots":{"index":"noindex","follow":"follow","max-snippet":"max-snippet:-1","max-image-preview":"max-image-preview:large","max-video-preview":"max-video-preview:-1"},"og_locale":"es_ES","og_type":"article","og_title":"EL SECRET DE MARIA - Editorial Claret","og_description":"SANT LLU\u00cdS MARIA GRIGNION DE MONTFORT","og_url":"https:\/\/www.editorialclaret.cat\/producte\/el-secret-de-maria-9788491360292\/","og_site_name":"Editorial Claret","article_modified_time":"2024-05-22T10:15:11+00:00","og_image":[{"width":225,"height":337,"url":"https:\/\/www.editorialclaret.cat\/wp-content\/uploads\/.\/9788491360292.jpg","type":"image\/jpeg"}],"twitter_card":"summary_large_image","twitter_misc":{"Tiempo de lectura":"1 minuto"},"schema":{"@context":"https:\/\/schema.org","@graph":[{"@type":"WebPage","@id":"https:\/\/www.editorialclaret.cat\/producte\/el-secret-de-maria-9788491360292\/","url":"https:\/\/www.editorialclaret.cat\/producte\/el-secret-de-maria-9788491360292\/","name":"EL SECRET DE MARIA - Editorial Claret","isPartOf":{"@id":"https:\/\/www.editorialclaret.cat\/#website"},"primaryImageOfPage":{"@id":"https:\/\/www.editorialclaret.cat\/producte\/el-secret-de-maria-9788491360292\/#primaryimage"},"image":{"@id":"https:\/\/www.editorialclaret.cat\/producte\/el-secret-de-maria-9788491360292\/#primaryimage"},"thumbnailUrl":"https:\/\/www.editorialclaret.cat\/wp-content\/uploads\/.\/9788491360292.jpg","datePublished":"2022-10-18T07:03:09+00:00","dateModified":"2024-05-22T10:15:11+00:00","breadcrumb":{"@id":"https:\/\/www.editorialclaret.cat\/producte\/el-secret-de-maria-9788491360292\/#breadcrumb"},"inLanguage":"es","potentialAction":[{"@type":"ReadAction","target":["https:\/\/www.editorialclaret.cat\/producte\/el-secret-de-maria-9788491360292\/"]}]},{"@type":"ImageObject","inLanguage":"es","@id":"https:\/\/www.editorialclaret.cat\/producte\/el-secret-de-maria-9788491360292\/#primaryimage","url":"https:\/\/www.editorialclaret.cat\/wp-content\/uploads\/.\/9788491360292.jpg","contentUrl":"https:\/\/www.editorialclaret.cat\/wp-content\/uploads\/.\/9788491360292.jpg","width":225,"height":337,"caption":"9788491360292.jpg"},{"@type":"BreadcrumbList","@id":"https:\/\/www.editorialclaret.cat\/producte\/el-secret-de-maria-9788491360292\/#breadcrumb","itemListElement":[{"@type":"ListItem","position":1,"name":"Portada","item":"https:\/\/www.editorialclaret.cat\/es\/"},{"@type":"ListItem","position":2,"name":"Botiga","item":"https:\/\/www.editorialclaret.cat\/?page_id=16"},{"@type":"ListItem","position":3,"name":"EL SECRET DE MARIA"}]},{"@type":"WebSite","@id":"https:\/\/www.editorialclaret.cat\/#website","url":"https:\/\/www.editorialclaret.cat\/","name":"Editorial Claret","description":"","publisher":{"@id":"https:\/\/www.editorialclaret.cat\/#organization"},"potentialAction":[{"@type":"SearchAction","target":{"@type":"EntryPoint","urlTemplate":"https:\/\/www.editorialclaret.cat\/?s={search_term_string}"},"query-input":{"@type":"PropertyValueSpecification","valueRequired":true,"valueName":"search_term_string"}}],"inLanguage":"es"},{"@type":"Organization","@id":"https:\/\/www.editorialclaret.cat\/#organization","name":"Editorial Claret","url":"https:\/\/www.editorialclaret.cat\/","logo":{"@type":"ImageObject","inLanguage":"es","@id":"https:\/\/www.editorialclaret.cat\/#\/schema\/logo\/image\/","url":"https:\/\/www.editorialclaret.cat\/wp-content\/uploads\/.\/logo-claret.png","contentUrl":"https:\/\/www.editorialclaret.cat\/wp-content\/uploads\/.\/logo-claret.png","width":194,"height":79,"caption":"Editorial Claret"},"image":{"@id":"https:\/\/www.editorialclaret.cat\/#\/schema\/logo\/image\/"}}]}},"_links":{"self":[{"href":"https:\/\/www.editorialclaret.cat\/es\/wp-json\/wp\/v2\/product\/8617","targetHints":{"allow":["GET"]}}],"collection":[{"href":"https:\/\/www.editorialclaret.cat\/es\/wp-json\/wp\/v2\/product"}],"about":[{"href":"https:\/\/www.editorialclaret.cat\/es\/wp-json\/wp\/v2\/types\/product"}],"wp:featuredmedia":[{"embeddable":true,"href":"https:\/\/www.editorialclaret.cat\/es\/wp-json\/wp\/v2\/media\/8618"}],"wp:attachment":[{"href":"https:\/\/www.editorialclaret.cat\/es\/wp-json\/wp\/v2\/media?parent=8617"}],"wp:term":[{"taxonomy":"product_brand","embeddable":true,"href":"https:\/\/www.editorialclaret.cat\/es\/wp-json\/wp\/v2\/product_brand?post=8617"},{"taxonomy":"product_cat","embeddable":true,"href":"https:\/\/www.editorialclaret.cat\/es\/wp-json\/wp\/v2\/product_cat?post=8617"},{"taxonomy":"product_tag","embeddable":true,"href":"https:\/\/www.editorialclaret.cat\/es\/wp-json\/wp\/v2\/product_tag?post=8617"}],"curies":[{"name":"wp","href":"https:\/\/api.w.org\/{rel}","templated":true}]}}