{"id":8587,"date":"2022-10-18T09:02:49","date_gmt":"2022-10-18T07:02:49","guid":{"rendered":"http:\/\/dev.editorialclaret.cat\/producte\/blanques-juguen-i-guanyen\/"},"modified":"2025-10-23T16:45:20","modified_gmt":"2025-10-23T14:45:20","slug":"blanques-juguen-i-guanyen-9788491361343","status":"publish","type":"product","link":"https:\/\/www.editorialclaret.cat\/es\/producto\/blanques-juguen-i-guanyen-9788491361343\/","title":{"rendered":"BLANQUES JUGUEN I GUANYEN"},"content":{"rendered":"<p>Blanques juguen i guanyen \u00e9s una exposici\u00f3 de la tasca que duu a terme l\u2019educador social i pret\u00e9n, a partir de la presentaci\u00f3 de casos reals, reflexionar sobre l\u2019impacte de les accions que els anomenats \u00abagents educatius\u00bb tenen sobre les persones m\u00e9s vulnerables i, sovint, m\u00e9s vulnerades.<br \/>Escrit a partir d\u2019una reflexi\u00f3 cr\u00edtica i, sobretot, autocr\u00edtica al voltant del deure i la responsabilitat que assumeixen els i les professionals envers les persones que atenen, aquest llibre pot ser una eina molt \u00fatil, tant pels estudiants de ci\u00e8ncies socials i\/o educatives, com per a totes aquelles persones que vulguin dedicar-se professional o volunt\u00e0riament a l\u2019atenci\u00f3 a les persones.<\/p>\n","protected":false},"excerpt":{"rendered":"<p>DUE\u00d1AS FERR\u00c1NDIZ, JOAN<\/p>\n","protected":false},"featured_media":67113,"template":"","meta":{"_acf_changed":false,"rs_blank_template":"","rs_page_bg_color":"","slide_template_v7":"","inline_featured_image":false,"_monsterinsights_skip_tracking":false,"_monsterinsights_sitenote_active":false,"_monsterinsights_sitenote_note":"","_monsterinsights_sitenote_category":0},"product_brand":[],"product_cat":[838,1075,1304,1301],"product_tag":[],"class_list":{"0":"post-8587","1":"product","2":"type-product","3":"status-publish","4":"has-post-thumbnail","6":"product_cat-escola-de-pares","7":"product_cat-escuela-de-padres","8":"product_cat-universidad-y-accion-socioeducate","9":"product_cat-universitat-i-accio-socioeducat","11":"first","12":"instock","13":"taxable","14":"shipping-taxable","15":"purchasable","16":"product-type-simple"},"acf":{"autor":"DUE\u00d1AS FERR\u00c1NDIZ, JOAN","codart":"849136134","libros-coleccion":"Universitat i Acci\u00f3 Socioeducativa","ediciones":"1","encuadernacion":"R\u00fastica","fecha_de_publicacion":"04\/09\/2018","novedad":"0","paginas":"64","subtitulo":"REFLEXIONS \u00c8TIQUES D'UN EDUCADOR SOCIAL","orden":"0","portada":"0","idioma":"cat","autores-libros":[{"ID":46565,"post_author":"3","post_date":"2022-10-24 13:03:49","post_date_gmt":"2022-10-24 11:03:49","post_content":"","post_title":"JOAN DUE\u00d1AS FERR\u00c1NDIZ","post_excerpt":"","post_status":"publish","comment_status":"closed","ping_status":"closed","post_password":"","post_name":"joan-duenas-ferrandiz","to_ping":"","pinged":"","post_modified":"2022-10-24 13:03:49","post_modified_gmt":"2022-10-24 11:03:49","post_content_filtered":"","post_parent":0,"guid":"http:\/\/dev.editorialclaret.cat\/autor\/joan-duenas-ferrandiz\/","menu_order":0,"post_type":"autor","post_mime_type":"","comment_count":"0","filter":"raw"}],"booktrailer":"","linkebook":"","ficha":"849136134_1688550927.pdf","muestra":"","precioebook":"0","presentacion":"","resenas":""},"yoast_head":"<!-- This site is optimized with the Yoast SEO plugin v27.3 - https:\/\/yoast.com\/product\/yoast-seo-wordpress\/ -->\n<title>Editorial Claret<\/title>\n<meta name=\"robots\" content=\"noindex, follow, max-snippet:-1, max-image-preview:large, max-video-preview:-1\" \/>\n<meta property=\"og:locale\" content=\"es_ES\" \/>\n<meta property=\"og:type\" content=\"article\" \/>\n<meta property=\"og:title\" content=\"BLANQUES JUGUEN I GUANYEN - Editorial Claret\" \/>\n<meta property=\"og:description\" content=\"DUE\u00d1AS FERR\u00c1NDIZ, JOAN\" \/>\n<meta property=\"og:url\" content=\"https:\/\/www.editorialclaret.cat\/producte\/blanques-juguen-i-guanyen-9788491361343\/\" \/>\n<meta property=\"og:site_name\" content=\"Editorial Claret\" \/>\n<meta property=\"article:modified_time\" content=\"2025-10-23T14:45:20+00:00\" \/>\n<meta property=\"og:image\" content=\"https:\/\/www.editorialclaret.cat\/wp-content\/uploads\/9788491361343.png\" \/>\n\t<meta property=\"og:image:width\" content=\"350\" \/>\n\t<meta property=\"og:image:height\" content=\"488\" \/>\n\t<meta property=\"og:image:type\" content=\"image\/png\" \/>\n<meta name=\"twitter:card\" content=\"summary_large_image\" \/>\n<meta name=\"twitter:label1\" content=\"Tiempo de lectura\" \/>\n\t<meta name=\"twitter:data1\" content=\"1 minuto\" \/>\n<script type=\"application\/ld+json\" class=\"yoast-schema-graph\">{\"@context\":\"https:\\\/\\\/schema.org\",\"@graph\":[{\"@type\":\"WebPage\",\"@id\":\"https:\\\/\\\/www.editorialclaret.cat\\\/producte\\\/blanques-juguen-i-guanyen-9788491361343\\\/\",\"url\":\"https:\\\/\\\/www.editorialclaret.cat\\\/producte\\\/blanques-juguen-i-guanyen-9788491361343\\\/\",\"name\":\"BLANQUES JUGUEN I GUANYEN - Editorial Claret\",\"isPartOf\":{\"@id\":\"https:\\\/\\\/www.editorialclaret.cat\\\/#website\"},\"primaryImageOfPage\":{\"@id\":\"https:\\\/\\\/www.editorialclaret.cat\\\/producte\\\/blanques-juguen-i-guanyen-9788491361343\\\/#primaryimage\"},\"image\":{\"@id\":\"https:\\\/\\\/www.editorialclaret.cat\\\/producte\\\/blanques-juguen-i-guanyen-9788491361343\\\/#primaryimage\"},\"thumbnailUrl\":\"https:\\\/\\\/www.editorialclaret.cat\\\/wp-content\\\/uploads\\\/9788491361343.png\",\"datePublished\":\"2022-10-18T07:02:49+00:00\",\"dateModified\":\"2025-10-23T14:45:20+00:00\",\"breadcrumb\":{\"@id\":\"https:\\\/\\\/www.editorialclaret.cat\\\/producte\\\/blanques-juguen-i-guanyen-9788491361343\\\/#breadcrumb\"},\"inLanguage\":\"es\",\"potentialAction\":[{\"@type\":\"ReadAction\",\"target\":[\"https:\\\/\\\/www.editorialclaret.cat\\\/producte\\\/blanques-juguen-i-guanyen-9788491361343\\\/\"]}]},{\"@type\":\"ImageObject\",\"inLanguage\":\"es\",\"@id\":\"https:\\\/\\\/www.editorialclaret.cat\\\/producte\\\/blanques-juguen-i-guanyen-9788491361343\\\/#primaryimage\",\"url\":\"https:\\\/\\\/www.editorialclaret.cat\\\/wp-content\\\/uploads\\\/9788491361343.png\",\"contentUrl\":\"https:\\\/\\\/www.editorialclaret.cat\\\/wp-content\\\/uploads\\\/9788491361343.png\",\"width\":350,\"height\":488,\"caption\":\"9788491361343.png\"},{\"@type\":\"BreadcrumbList\",\"@id\":\"https:\\\/\\\/www.editorialclaret.cat\\\/producte\\\/blanques-juguen-i-guanyen-9788491361343\\\/#breadcrumb\",\"itemListElement\":[{\"@type\":\"ListItem\",\"position\":1,\"name\":\"Portada\",\"item\":\"https:\\\/\\\/www.editorialclaret.cat\\\/es\\\/\"},{\"@type\":\"ListItem\",\"position\":2,\"name\":\"Botiga\",\"item\":\"https:\\\/\\\/www.editorialclaret.cat\\\/?page_id=16\"},{\"@type\":\"ListItem\",\"position\":3,\"name\":\"BLANQUES JUGUEN I GUANYEN\"}]},{\"@type\":\"WebSite\",\"@id\":\"https:\\\/\\\/www.editorialclaret.cat\\\/#website\",\"url\":\"https:\\\/\\\/www.editorialclaret.cat\\\/\",\"name\":\"Editorial Claret\",\"description\":\"\",\"publisher\":{\"@id\":\"https:\\\/\\\/www.editorialclaret.cat\\\/#organization\"},\"potentialAction\":[{\"@type\":\"SearchAction\",\"target\":{\"@type\":\"EntryPoint\",\"urlTemplate\":\"https:\\\/\\\/www.editorialclaret.cat\\\/?s={search_term_string}\"},\"query-input\":{\"@type\":\"PropertyValueSpecification\",\"valueRequired\":true,\"valueName\":\"search_term_string\"}}],\"inLanguage\":\"es\"},{\"@type\":\"Organization\",\"@id\":\"https:\\\/\\\/www.editorialclaret.cat\\\/#organization\",\"name\":\"Editorial Claret\",\"url\":\"https:\\\/\\\/www.editorialclaret.cat\\\/\",\"logo\":{\"@type\":\"ImageObject\",\"inLanguage\":\"es\",\"@id\":\"https:\\\/\\\/www.editorialclaret.cat\\\/#\\\/schema\\\/logo\\\/image\\\/\",\"url\":\"https:\\\/\\\/www.editorialclaret.cat\\\/wp-content\\\/uploads\\\/.\\\/logo-claret.png\",\"contentUrl\":\"https:\\\/\\\/www.editorialclaret.cat\\\/wp-content\\\/uploads\\\/.\\\/logo-claret.png\",\"width\":194,\"height\":79,\"caption\":\"Editorial Claret\"},\"image\":{\"@id\":\"https:\\\/\\\/www.editorialclaret.cat\\\/#\\\/schema\\\/logo\\\/image\\\/\"}}]}<\/script>\n<!-- \/ Yoast SEO plugin. -->","yoast_head_json":{"title":"Editorial Claret","robots":{"index":"noindex","follow":"follow","max-snippet":"max-snippet:-1","max-image-preview":"max-image-preview:large","max-video-preview":"max-video-preview:-1"},"og_locale":"es_ES","og_type":"article","og_title":"BLANQUES JUGUEN I GUANYEN - Editorial Claret","og_description":"DUE\u00d1AS FERR\u00c1NDIZ, JOAN","og_url":"https:\/\/www.editorialclaret.cat\/producte\/blanques-juguen-i-guanyen-9788491361343\/","og_site_name":"Editorial Claret","article_modified_time":"2025-10-23T14:45:20+00:00","og_image":[{"width":350,"height":488,"url":"https:\/\/www.editorialclaret.cat\/wp-content\/uploads\/9788491361343.png","type":"image\/png"}],"twitter_card":"summary_large_image","twitter_misc":{"Tiempo de lectura":"1 minuto"},"schema":{"@context":"https:\/\/schema.org","@graph":[{"@type":"WebPage","@id":"https:\/\/www.editorialclaret.cat\/producte\/blanques-juguen-i-guanyen-9788491361343\/","url":"https:\/\/www.editorialclaret.cat\/producte\/blanques-juguen-i-guanyen-9788491361343\/","name":"BLANQUES JUGUEN I GUANYEN - Editorial Claret","isPartOf":{"@id":"https:\/\/www.editorialclaret.cat\/#website"},"primaryImageOfPage":{"@id":"https:\/\/www.editorialclaret.cat\/producte\/blanques-juguen-i-guanyen-9788491361343\/#primaryimage"},"image":{"@id":"https:\/\/www.editorialclaret.cat\/producte\/blanques-juguen-i-guanyen-9788491361343\/#primaryimage"},"thumbnailUrl":"https:\/\/www.editorialclaret.cat\/wp-content\/uploads\/9788491361343.png","datePublished":"2022-10-18T07:02:49+00:00","dateModified":"2025-10-23T14:45:20+00:00","breadcrumb":{"@id":"https:\/\/www.editorialclaret.cat\/producte\/blanques-juguen-i-guanyen-9788491361343\/#breadcrumb"},"inLanguage":"es","potentialAction":[{"@type":"ReadAction","target":["https:\/\/www.editorialclaret.cat\/producte\/blanques-juguen-i-guanyen-9788491361343\/"]}]},{"@type":"ImageObject","inLanguage":"es","@id":"https:\/\/www.editorialclaret.cat\/producte\/blanques-juguen-i-guanyen-9788491361343\/#primaryimage","url":"https:\/\/www.editorialclaret.cat\/wp-content\/uploads\/9788491361343.png","contentUrl":"https:\/\/www.editorialclaret.cat\/wp-content\/uploads\/9788491361343.png","width":350,"height":488,"caption":"9788491361343.png"},{"@type":"BreadcrumbList","@id":"https:\/\/www.editorialclaret.cat\/producte\/blanques-juguen-i-guanyen-9788491361343\/#breadcrumb","itemListElement":[{"@type":"ListItem","position":1,"name":"Portada","item":"https:\/\/www.editorialclaret.cat\/es\/"},{"@type":"ListItem","position":2,"name":"Botiga","item":"https:\/\/www.editorialclaret.cat\/?page_id=16"},{"@type":"ListItem","position":3,"name":"BLANQUES JUGUEN I GUANYEN"}]},{"@type":"WebSite","@id":"https:\/\/www.editorialclaret.cat\/#website","url":"https:\/\/www.editorialclaret.cat\/","name":"Editorial Claret","description":"","publisher":{"@id":"https:\/\/www.editorialclaret.cat\/#organization"},"potentialAction":[{"@type":"SearchAction","target":{"@type":"EntryPoint","urlTemplate":"https:\/\/www.editorialclaret.cat\/?s={search_term_string}"},"query-input":{"@type":"PropertyValueSpecification","valueRequired":true,"valueName":"search_term_string"}}],"inLanguage":"es"},{"@type":"Organization","@id":"https:\/\/www.editorialclaret.cat\/#organization","name":"Editorial Claret","url":"https:\/\/www.editorialclaret.cat\/","logo":{"@type":"ImageObject","inLanguage":"es","@id":"https:\/\/www.editorialclaret.cat\/#\/schema\/logo\/image\/","url":"https:\/\/www.editorialclaret.cat\/wp-content\/uploads\/.\/logo-claret.png","contentUrl":"https:\/\/www.editorialclaret.cat\/wp-content\/uploads\/.\/logo-claret.png","width":194,"height":79,"caption":"Editorial Claret"},"image":{"@id":"https:\/\/www.editorialclaret.cat\/#\/schema\/logo\/image\/"}}]}},"_links":{"self":[{"href":"https:\/\/www.editorialclaret.cat\/es\/wp-json\/wp\/v2\/product\/8587","targetHints":{"allow":["GET"]}}],"collection":[{"href":"https:\/\/www.editorialclaret.cat\/es\/wp-json\/wp\/v2\/product"}],"about":[{"href":"https:\/\/www.editorialclaret.cat\/es\/wp-json\/wp\/v2\/types\/product"}],"wp:featuredmedia":[{"embeddable":true,"href":"https:\/\/www.editorialclaret.cat\/es\/wp-json\/wp\/v2\/media\/67113"}],"wp:attachment":[{"href":"https:\/\/www.editorialclaret.cat\/es\/wp-json\/wp\/v2\/media?parent=8587"}],"wp:term":[{"taxonomy":"product_brand","embeddable":true,"href":"https:\/\/www.editorialclaret.cat\/es\/wp-json\/wp\/v2\/product_brand?post=8587"},{"taxonomy":"product_cat","embeddable":true,"href":"https:\/\/www.editorialclaret.cat\/es\/wp-json\/wp\/v2\/product_cat?post=8587"},{"taxonomy":"product_tag","embeddable":true,"href":"https:\/\/www.editorialclaret.cat\/es\/wp-json\/wp\/v2\/product_tag?post=8587"}],"curies":[{"name":"wp","href":"https:\/\/api.w.org\/{rel}","templated":true}]}}