{"id":8551,"date":"2022-10-18T09:02:26","date_gmt":"2022-10-18T07:02:26","guid":{"rendered":"http:\/\/dev.editorialclaret.cat\/producte\/els-joves-la-fe-i-el-discerniment-vocacional\/"},"modified":"2026-01-26T19:54:19","modified_gmt":"2026-01-26T18:54:19","slug":"els-joves-la-fe-i-el-discerniment-vocacional-9788491361794","status":"publish","type":"product","link":"https:\/\/www.editorialclaret.cat\/es\/producto\/els-joves-la-fe-i-el-discerniment-vocacional-9788491361794\/","title":{"rendered":"ELS JOVES, LA FE I EL DISCERNIMENT VOCACIONAL"},"content":{"rendered":"<p>Publicaci\u00f3 del text del Document Final del S\u00ednode dels Bisbes al Sant Pare Francesc, al final de la XV Assemblea General Ordin\u00e0ria (3-28 d\u2019octubre de 2018) sobre el tema \u00abEls joves, la fe i el discerniment vocacional\u00bb. <br \/>Aquesta publicaci\u00f3 final del S\u00ednode dels Bisbes sobre els Joves recull el document aprovat de 167 punts i els treballs preparatoris i les sessions del s\u00ednode. El text final vol orientar el treball i la pres\u00e8ncia dels joves en les comunitats eclesials. El document tamb\u00e9 respira les orientacions de renovaci\u00f3 pastoral i eclesial que promou el papa Francesc.<\/p>\n","protected":false},"excerpt":{"rendered":"<p>S\u00cdNODE DELS BISBES. XV ASSEMBLEA GENERAL ORDIN\u00c0RIA<\/p>\n","protected":false},"featured_media":70313,"template":"","meta":{"_acf_changed":false,"rs_blank_template":"","rs_page_bg_color":"","slide_template_v7":"","inline_featured_image":false,"_monsterinsights_skip_tracking":false,"_monsterinsights_sitenote_active":false,"_monsterinsights_sitenote_note":"","_monsterinsights_sitenote_category":0},"product_brand":[],"product_cat":[1288,816,1054],"product_tag":[],"class_list":{"0":"post-8551","1":"product","2":"type-product","3":"status-publish","4":"has-post-thumbnail","6":"product_cat-documents-dels-masgisteri","7":"product_cat-pastoral","8":"product_cat-pastoral-espiritualidad","10":"first","11":"instock","12":"taxable","13":"shipping-taxable","14":"purchasable","15":"product-type-simple"},"acf":{"autor":"S\u00cdNODE DELS BISBES. XV ASSEMBLEA GENERAL ORDIN\u00c0RIA","codart":"849136179","libros-coleccion":"DOCUMENTS DEL MAGISTERI","ediciones":"1","encuadernacion":"R\u00fastica","fecha_de_publicacion":"13\/11\/2018","novedad":"0","paginas":"156","subtitulo":"DOCUMENT FINAL","orden":"0","portada":"0","idioma":"cat","autores-libros":[{"ID":46623,"post_author":"3","post_date":"2022-10-24 13:04:27","post_date_gmt":"2022-10-24 11:04:27","post_content":"","post_title":"S\u00cdNODE DELS BISBES. XV ASSEMBLEA GENERAL ORDIN\u00c0RIA","post_excerpt":"","post_status":"publish","comment_status":"closed","ping_status":"closed","post_password":"","post_name":"sinode-dels-bisbes-xv-assemblea-general-ordinaria","to_ping":"","pinged":"","post_modified":"2022-10-24 13:04:27","post_modified_gmt":"2022-10-24 11:04:27","post_content_filtered":"","post_parent":0,"guid":"http:\/\/dev.editorialclaret.cat\/autor\/sinode-dels-bisbes-xv-assemblea-general-ordinaria\/","menu_order":0,"post_type":"autor","post_mime_type":"","comment_count":"0","filter":"raw"}],"booktrailer":"","linkebook":"","ficha":"849136179_1688649558.pdf","muestra":"","precioebook":"0","presentacion":"","resenas":""},"yoast_head":"<!-- This site is optimized with the Yoast SEO plugin v27.3 - https:\/\/yoast.com\/product\/yoast-seo-wordpress\/ -->\n<title>Editorial Claret<\/title>\n<meta name=\"robots\" content=\"noindex, follow, max-snippet:-1, max-image-preview:large, max-video-preview:-1\" \/>\n<meta property=\"og:locale\" content=\"es_ES\" \/>\n<meta property=\"og:type\" content=\"article\" \/>\n<meta property=\"og:title\" content=\"ELS JOVES, LA FE I EL DISCERNIMENT VOCACIONAL - Editorial Claret\" \/>\n<meta property=\"og:description\" content=\"S\u00cdNODE DELS BISBES. XV ASSEMBLEA GENERAL ORDIN\u00c0RIA\" \/>\n<meta property=\"og:url\" content=\"https:\/\/www.editorialclaret.cat\/producte\/els-joves-la-fe-i-el-discerniment-vocacional-9788491361794\/\" \/>\n<meta property=\"og:site_name\" content=\"Editorial Claret\" \/>\n<meta property=\"article:modified_time\" content=\"2026-01-26T18:54:19+00:00\" \/>\n<meta property=\"og:image\" content=\"https:\/\/www.editorialclaret.cat\/wp-content\/uploads\/9788491361794.png\" \/>\n\t<meta property=\"og:image:width\" content=\"350\" \/>\n\t<meta property=\"og:image:height\" content=\"600\" \/>\n\t<meta property=\"og:image:type\" content=\"image\/png\" \/>\n<meta name=\"twitter:card\" content=\"summary_large_image\" \/>\n<script type=\"application\/ld+json\" class=\"yoast-schema-graph\">{\"@context\":\"https:\\\/\\\/schema.org\",\"@graph\":[{\"@type\":\"WebPage\",\"@id\":\"https:\\\/\\\/www.editorialclaret.cat\\\/producte\\\/els-joves-la-fe-i-el-discerniment-vocacional-9788491361794\\\/\",\"url\":\"https:\\\/\\\/www.editorialclaret.cat\\\/producte\\\/els-joves-la-fe-i-el-discerniment-vocacional-9788491361794\\\/\",\"name\":\"ELS JOVES, LA FE I EL DISCERNIMENT VOCACIONAL - Editorial Claret\",\"isPartOf\":{\"@id\":\"https:\\\/\\\/www.editorialclaret.cat\\\/#website\"},\"primaryImageOfPage\":{\"@id\":\"https:\\\/\\\/www.editorialclaret.cat\\\/producte\\\/els-joves-la-fe-i-el-discerniment-vocacional-9788491361794\\\/#primaryimage\"},\"image\":{\"@id\":\"https:\\\/\\\/www.editorialclaret.cat\\\/producte\\\/els-joves-la-fe-i-el-discerniment-vocacional-9788491361794\\\/#primaryimage\"},\"thumbnailUrl\":\"https:\\\/\\\/www.editorialclaret.cat\\\/wp-content\\\/uploads\\\/9788491361794.png\",\"datePublished\":\"2022-10-18T07:02:26+00:00\",\"dateModified\":\"2026-01-26T18:54:19+00:00\",\"breadcrumb\":{\"@id\":\"https:\\\/\\\/www.editorialclaret.cat\\\/producte\\\/els-joves-la-fe-i-el-discerniment-vocacional-9788491361794\\\/#breadcrumb\"},\"inLanguage\":\"es\",\"potentialAction\":[{\"@type\":\"ReadAction\",\"target\":[\"https:\\\/\\\/www.editorialclaret.cat\\\/producte\\\/els-joves-la-fe-i-el-discerniment-vocacional-9788491361794\\\/\"]}]},{\"@type\":\"ImageObject\",\"inLanguage\":\"es\",\"@id\":\"https:\\\/\\\/www.editorialclaret.cat\\\/producte\\\/els-joves-la-fe-i-el-discerniment-vocacional-9788491361794\\\/#primaryimage\",\"url\":\"https:\\\/\\\/www.editorialclaret.cat\\\/wp-content\\\/uploads\\\/9788491361794.png\",\"contentUrl\":\"https:\\\/\\\/www.editorialclaret.cat\\\/wp-content\\\/uploads\\\/9788491361794.png\",\"width\":350,\"height\":600,\"caption\":\"9788491361794.png\"},{\"@type\":\"BreadcrumbList\",\"@id\":\"https:\\\/\\\/www.editorialclaret.cat\\\/producte\\\/els-joves-la-fe-i-el-discerniment-vocacional-9788491361794\\\/#breadcrumb\",\"itemListElement\":[{\"@type\":\"ListItem\",\"position\":1,\"name\":\"Portada\",\"item\":\"https:\\\/\\\/www.editorialclaret.cat\\\/es\\\/\"},{\"@type\":\"ListItem\",\"position\":2,\"name\":\"Botiga\",\"item\":\"https:\\\/\\\/www.editorialclaret.cat\\\/?page_id=16\"},{\"@type\":\"ListItem\",\"position\":3,\"name\":\"ELS JOVES, LA FE I EL DISCERNIMENT VOCACIONAL\"}]},{\"@type\":\"WebSite\",\"@id\":\"https:\\\/\\\/www.editorialclaret.cat\\\/#website\",\"url\":\"https:\\\/\\\/www.editorialclaret.cat\\\/\",\"name\":\"Editorial Claret\",\"description\":\"\",\"publisher\":{\"@id\":\"https:\\\/\\\/www.editorialclaret.cat\\\/#organization\"},\"potentialAction\":[{\"@type\":\"SearchAction\",\"target\":{\"@type\":\"EntryPoint\",\"urlTemplate\":\"https:\\\/\\\/www.editorialclaret.cat\\\/?s={search_term_string}\"},\"query-input\":{\"@type\":\"PropertyValueSpecification\",\"valueRequired\":true,\"valueName\":\"search_term_string\"}}],\"inLanguage\":\"es\"},{\"@type\":\"Organization\",\"@id\":\"https:\\\/\\\/www.editorialclaret.cat\\\/#organization\",\"name\":\"Editorial Claret\",\"url\":\"https:\\\/\\\/www.editorialclaret.cat\\\/\",\"logo\":{\"@type\":\"ImageObject\",\"inLanguage\":\"es\",\"@id\":\"https:\\\/\\\/www.editorialclaret.cat\\\/#\\\/schema\\\/logo\\\/image\\\/\",\"url\":\"https:\\\/\\\/www.editorialclaret.cat\\\/wp-content\\\/uploads\\\/.\\\/logo-claret.png\",\"contentUrl\":\"https:\\\/\\\/www.editorialclaret.cat\\\/wp-content\\\/uploads\\\/.\\\/logo-claret.png\",\"width\":194,\"height\":79,\"caption\":\"Editorial Claret\"},\"image\":{\"@id\":\"https:\\\/\\\/www.editorialclaret.cat\\\/#\\\/schema\\\/logo\\\/image\\\/\"}}]}<\/script>\n<!-- \/ Yoast SEO plugin. -->","yoast_head_json":{"title":"Editorial Claret","robots":{"index":"noindex","follow":"follow","max-snippet":"max-snippet:-1","max-image-preview":"max-image-preview:large","max-video-preview":"max-video-preview:-1"},"og_locale":"es_ES","og_type":"article","og_title":"ELS JOVES, LA FE I EL DISCERNIMENT VOCACIONAL - Editorial Claret","og_description":"S\u00cdNODE DELS BISBES. XV ASSEMBLEA GENERAL ORDIN\u00c0RIA","og_url":"https:\/\/www.editorialclaret.cat\/producte\/els-joves-la-fe-i-el-discerniment-vocacional-9788491361794\/","og_site_name":"Editorial Claret","article_modified_time":"2026-01-26T18:54:19+00:00","og_image":[{"width":350,"height":600,"url":"https:\/\/www.editorialclaret.cat\/wp-content\/uploads\/9788491361794.png","type":"image\/png"}],"twitter_card":"summary_large_image","schema":{"@context":"https:\/\/schema.org","@graph":[{"@type":"WebPage","@id":"https:\/\/www.editorialclaret.cat\/producte\/els-joves-la-fe-i-el-discerniment-vocacional-9788491361794\/","url":"https:\/\/www.editorialclaret.cat\/producte\/els-joves-la-fe-i-el-discerniment-vocacional-9788491361794\/","name":"ELS JOVES, LA FE I EL DISCERNIMENT VOCACIONAL - Editorial Claret","isPartOf":{"@id":"https:\/\/www.editorialclaret.cat\/#website"},"primaryImageOfPage":{"@id":"https:\/\/www.editorialclaret.cat\/producte\/els-joves-la-fe-i-el-discerniment-vocacional-9788491361794\/#primaryimage"},"image":{"@id":"https:\/\/www.editorialclaret.cat\/producte\/els-joves-la-fe-i-el-discerniment-vocacional-9788491361794\/#primaryimage"},"thumbnailUrl":"https:\/\/www.editorialclaret.cat\/wp-content\/uploads\/9788491361794.png","datePublished":"2022-10-18T07:02:26+00:00","dateModified":"2026-01-26T18:54:19+00:00","breadcrumb":{"@id":"https:\/\/www.editorialclaret.cat\/producte\/els-joves-la-fe-i-el-discerniment-vocacional-9788491361794\/#breadcrumb"},"inLanguage":"es","potentialAction":[{"@type":"ReadAction","target":["https:\/\/www.editorialclaret.cat\/producte\/els-joves-la-fe-i-el-discerniment-vocacional-9788491361794\/"]}]},{"@type":"ImageObject","inLanguage":"es","@id":"https:\/\/www.editorialclaret.cat\/producte\/els-joves-la-fe-i-el-discerniment-vocacional-9788491361794\/#primaryimage","url":"https:\/\/www.editorialclaret.cat\/wp-content\/uploads\/9788491361794.png","contentUrl":"https:\/\/www.editorialclaret.cat\/wp-content\/uploads\/9788491361794.png","width":350,"height":600,"caption":"9788491361794.png"},{"@type":"BreadcrumbList","@id":"https:\/\/www.editorialclaret.cat\/producte\/els-joves-la-fe-i-el-discerniment-vocacional-9788491361794\/#breadcrumb","itemListElement":[{"@type":"ListItem","position":1,"name":"Portada","item":"https:\/\/www.editorialclaret.cat\/es\/"},{"@type":"ListItem","position":2,"name":"Botiga","item":"https:\/\/www.editorialclaret.cat\/?page_id=16"},{"@type":"ListItem","position":3,"name":"ELS JOVES, LA FE I EL DISCERNIMENT VOCACIONAL"}]},{"@type":"WebSite","@id":"https:\/\/www.editorialclaret.cat\/#website","url":"https:\/\/www.editorialclaret.cat\/","name":"Editorial Claret","description":"","publisher":{"@id":"https:\/\/www.editorialclaret.cat\/#organization"},"potentialAction":[{"@type":"SearchAction","target":{"@type":"EntryPoint","urlTemplate":"https:\/\/www.editorialclaret.cat\/?s={search_term_string}"},"query-input":{"@type":"PropertyValueSpecification","valueRequired":true,"valueName":"search_term_string"}}],"inLanguage":"es"},{"@type":"Organization","@id":"https:\/\/www.editorialclaret.cat\/#organization","name":"Editorial Claret","url":"https:\/\/www.editorialclaret.cat\/","logo":{"@type":"ImageObject","inLanguage":"es","@id":"https:\/\/www.editorialclaret.cat\/#\/schema\/logo\/image\/","url":"https:\/\/www.editorialclaret.cat\/wp-content\/uploads\/.\/logo-claret.png","contentUrl":"https:\/\/www.editorialclaret.cat\/wp-content\/uploads\/.\/logo-claret.png","width":194,"height":79,"caption":"Editorial Claret"},"image":{"@id":"https:\/\/www.editorialclaret.cat\/#\/schema\/logo\/image\/"}}]}},"_links":{"self":[{"href":"https:\/\/www.editorialclaret.cat\/es\/wp-json\/wp\/v2\/product\/8551","targetHints":{"allow":["GET"]}}],"collection":[{"href":"https:\/\/www.editorialclaret.cat\/es\/wp-json\/wp\/v2\/product"}],"about":[{"href":"https:\/\/www.editorialclaret.cat\/es\/wp-json\/wp\/v2\/types\/product"}],"wp:featuredmedia":[{"embeddable":true,"href":"https:\/\/www.editorialclaret.cat\/es\/wp-json\/wp\/v2\/media\/70313"}],"wp:attachment":[{"href":"https:\/\/www.editorialclaret.cat\/es\/wp-json\/wp\/v2\/media?parent=8551"}],"wp:term":[{"taxonomy":"product_brand","embeddable":true,"href":"https:\/\/www.editorialclaret.cat\/es\/wp-json\/wp\/v2\/product_brand?post=8551"},{"taxonomy":"product_cat","embeddable":true,"href":"https:\/\/www.editorialclaret.cat\/es\/wp-json\/wp\/v2\/product_cat?post=8551"},{"taxonomy":"product_tag","embeddable":true,"href":"https:\/\/www.editorialclaret.cat\/es\/wp-json\/wp\/v2\/product_tag?post=8551"}],"curies":[{"name":"wp","href":"https:\/\/api.w.org\/{rel}","templated":true}]}}