{"id":8542,"date":"2022-10-18T09:02:20","date_gmt":"2022-10-18T07:02:20","guid":{"rendered":"http:\/\/dev.editorialclaret.cat\/producte\/la-biblia-bci-rustica\/"},"modified":"2026-04-01T14:47:09","modified_gmt":"2026-04-01T12:47:09","slug":"la-biblia-catalana-interconfessional-rustica-9788491361831","status":"publish","type":"product","link":"https:\/\/www.editorialclaret.cat\/es\/producto\/la-biblia-catalana-interconfessional-rustica-9788491361831\/","title":{"rendered":"LA B\u00cdBLIA CATALANA INTERCONFESSIONAL. R\u00daSTICA"},"content":{"rendered":"<p>Amb motiu de la III Setmana de la B\u00edblia, l&#8217;Editorial Claret publica aquesta edici\u00f3 de la B\u00edblia Catalana Interconfessional, en tapa r\u00fastica, amb un preu m\u00e9s econ\u00f2mic, que l&#8217;edici\u00f3 en tapa dura.<br \/>Publicada per primer cop en 1993, la B\u00edblia Catalana Interconfessional (BCI) va esdevenir ben aviat la B\u00edblia de refer\u00e8ncia en llengua catalana. Durant aquests anys ha conegut onze edicions, amb un total de m\u00e9s de cent mil exemplars, als quals es poden sumar les cinc edicions i vint-i-cinc mil exemplars en la versi\u00f3 de butxaca, les tretze edicions i cent deu mil exemplars del Nou Testament que es publica separadament, aix\u00ed com altres edicions de luxe, en format gran, en CD-Rom, etc.<br \/>Aquesta nova edici\u00f3 de la B\u00edblia, que es publica als vint-i-cinc anys de l\u2019inici dels treballs de la BCI, s\u2019ha revisat en profunditat per tal de mantenir-la vigent i ajustada a les investigacions m\u00e9s recents.<br \/>El text que es presenta, planer i expressiu, respon alhora a la necessitat de tenir un text b\u00edblic com\u00fa a totes les confessions cristianes, fidel als escrits originals i que sigui comprensible per tots aquells lectors d\u2019avui que tenen com a pr\u00f2pia la llengua catalana.<\/p>\n","protected":false},"excerpt":{"rendered":"<p>CLARET (BCI)<\/p>\n","protected":false},"featured_media":70380,"template":"","meta":{"_acf_changed":false,"rs_blank_template":"","rs_page_bg_color":"","slide_template_v7":"","inline_featured_image":false,"_monsterinsights_skip_tracking":false,"_monsterinsights_sitenote_active":false,"_monsterinsights_sitenote_note":"","_monsterinsights_sitenote_category":0},"product_brand":[],"product_cat":[813,1051],"product_tag":[],"class_list":{"0":"post-8542","1":"product","2":"type-product","3":"status-publish","4":"has-post-thumbnail","6":"product_cat-biblia","7":"product_cat-biblia-espiritualidad","9":"first","10":"instock","11":"taxable","12":"shipping-taxable","13":"purchasable","14":"product-type-simple"},"acf":{"autor":"CLARET (BCI)","codart":"849136183","libros-coleccion":"","ediciones":"1","encuadernacion":"R\u00fastica","fecha_de_publicacion":"28\/11\/2018","novedad":"0","paginas":"656","subtitulo":"","orden":"0","portada":"0","idioma":"cat","autores-libros":[{"ID":46535,"post_author":"3","post_date":"2022-10-24 13:03:26","post_date_gmt":"2022-10-24 11:03:26","post_content":"","post_title":"CLARET (BCI)","post_excerpt":"","post_status":"publish","comment_status":"closed","ping_status":"closed","post_password":"","post_name":"claret-bci","to_ping":"","pinged":"","post_modified":"2022-10-24 13:03:26","post_modified_gmt":"2022-10-24 11:03:26","post_content_filtered":"","post_parent":0,"guid":"http:\/\/dev.editorialclaret.cat\/autor\/claret-bci\/","menu_order":0,"post_type":"autor","post_mime_type":"","comment_count":"0","filter":"raw"}],"booktrailer":"","resenas":""},"yoast_head":"<!-- This site is optimized with the Yoast SEO plugin v27.3 - https:\/\/yoast.com\/product\/yoast-seo-wordpress\/ -->\n<title>Editorial Claret<\/title>\n<meta name=\"robots\" content=\"noindex, follow, max-snippet:-1, max-image-preview:large, max-video-preview:-1\" \/>\n<meta property=\"og:locale\" content=\"es_ES\" \/>\n<meta property=\"og:type\" content=\"article\" \/>\n<meta property=\"og:title\" content=\"LA B\u00cdBLIA CATALANA INTERCONFESSIONAL. R\u00daSTICA - Editorial Claret\" \/>\n<meta property=\"og:description\" content=\"CLARET (BCI)\" \/>\n<meta property=\"og:url\" content=\"https:\/\/www.editorialclaret.cat\/producte\/la-biblia-catalana-interconfessional-rustica-9788491361831\/\" \/>\n<meta property=\"og:site_name\" content=\"Editorial Claret\" \/>\n<meta property=\"article:modified_time\" content=\"2026-04-01T12:47:09+00:00\" \/>\n<meta property=\"og:image\" content=\"https:\/\/www.editorialclaret.cat\/wp-content\/uploads\/9788491361831-3.jpg\" \/>\n\t<meta property=\"og:image:width\" content=\"350\" \/>\n\t<meta property=\"og:image:height\" content=\"532\" \/>\n\t<meta property=\"og:image:type\" content=\"image\/jpeg\" \/>\n<meta name=\"twitter:card\" content=\"summary_large_image\" \/>\n<meta name=\"twitter:label1\" content=\"Tiempo de lectura\" \/>\n\t<meta name=\"twitter:data1\" content=\"1 minuto\" \/>\n<script type=\"application\/ld+json\" class=\"yoast-schema-graph\">{\"@context\":\"https:\\\/\\\/schema.org\",\"@graph\":[{\"@type\":\"WebPage\",\"@id\":\"https:\\\/\\\/www.editorialclaret.cat\\\/producte\\\/la-biblia-catalana-interconfessional-rustica-9788491361831\\\/\",\"url\":\"https:\\\/\\\/www.editorialclaret.cat\\\/producte\\\/la-biblia-catalana-interconfessional-rustica-9788491361831\\\/\",\"name\":\"LA B\u00cdBLIA CATALANA INTERCONFESSIONAL. R\u00daSTICA - Editorial Claret\",\"isPartOf\":{\"@id\":\"https:\\\/\\\/www.editorialclaret.cat\\\/#website\"},\"primaryImageOfPage\":{\"@id\":\"https:\\\/\\\/www.editorialclaret.cat\\\/producte\\\/la-biblia-catalana-interconfessional-rustica-9788491361831\\\/#primaryimage\"},\"image\":{\"@id\":\"https:\\\/\\\/www.editorialclaret.cat\\\/producte\\\/la-biblia-catalana-interconfessional-rustica-9788491361831\\\/#primaryimage\"},\"thumbnailUrl\":\"https:\\\/\\\/www.editorialclaret.cat\\\/wp-content\\\/uploads\\\/9788491361831-3.jpg\",\"datePublished\":\"2022-10-18T07:02:20+00:00\",\"dateModified\":\"2026-04-01T12:47:09+00:00\",\"breadcrumb\":{\"@id\":\"https:\\\/\\\/www.editorialclaret.cat\\\/producte\\\/la-biblia-catalana-interconfessional-rustica-9788491361831\\\/#breadcrumb\"},\"inLanguage\":\"es\",\"potentialAction\":[{\"@type\":\"ReadAction\",\"target\":[\"https:\\\/\\\/www.editorialclaret.cat\\\/producte\\\/la-biblia-catalana-interconfessional-rustica-9788491361831\\\/\"]}]},{\"@type\":\"ImageObject\",\"inLanguage\":\"es\",\"@id\":\"https:\\\/\\\/www.editorialclaret.cat\\\/producte\\\/la-biblia-catalana-interconfessional-rustica-9788491361831\\\/#primaryimage\",\"url\":\"https:\\\/\\\/www.editorialclaret.cat\\\/wp-content\\\/uploads\\\/9788491361831-3.jpg\",\"contentUrl\":\"https:\\\/\\\/www.editorialclaret.cat\\\/wp-content\\\/uploads\\\/9788491361831-3.jpg\",\"width\":350,\"height\":532,\"caption\":\"9788491361831.jpg\"},{\"@type\":\"BreadcrumbList\",\"@id\":\"https:\\\/\\\/www.editorialclaret.cat\\\/producte\\\/la-biblia-catalana-interconfessional-rustica-9788491361831\\\/#breadcrumb\",\"itemListElement\":[{\"@type\":\"ListItem\",\"position\":1,\"name\":\"Portada\",\"item\":\"https:\\\/\\\/www.editorialclaret.cat\\\/es\\\/\"},{\"@type\":\"ListItem\",\"position\":2,\"name\":\"Botiga\",\"item\":\"https:\\\/\\\/www.editorialclaret.cat\\\/?page_id=16\"},{\"@type\":\"ListItem\",\"position\":3,\"name\":\"LA B\u00cdBLIA CATALANA INTERCONFESSIONAL. R\u00daSTICA\"}]},{\"@type\":\"WebSite\",\"@id\":\"https:\\\/\\\/www.editorialclaret.cat\\\/#website\",\"url\":\"https:\\\/\\\/www.editorialclaret.cat\\\/\",\"name\":\"Editorial Claret\",\"description\":\"\",\"publisher\":{\"@id\":\"https:\\\/\\\/www.editorialclaret.cat\\\/#organization\"},\"potentialAction\":[{\"@type\":\"SearchAction\",\"target\":{\"@type\":\"EntryPoint\",\"urlTemplate\":\"https:\\\/\\\/www.editorialclaret.cat\\\/?s={search_term_string}\"},\"query-input\":{\"@type\":\"PropertyValueSpecification\",\"valueRequired\":true,\"valueName\":\"search_term_string\"}}],\"inLanguage\":\"es\"},{\"@type\":\"Organization\",\"@id\":\"https:\\\/\\\/www.editorialclaret.cat\\\/#organization\",\"name\":\"Editorial Claret\",\"url\":\"https:\\\/\\\/www.editorialclaret.cat\\\/\",\"logo\":{\"@type\":\"ImageObject\",\"inLanguage\":\"es\",\"@id\":\"https:\\\/\\\/www.editorialclaret.cat\\\/#\\\/schema\\\/logo\\\/image\\\/\",\"url\":\"https:\\\/\\\/www.editorialclaret.cat\\\/wp-content\\\/uploads\\\/.\\\/logo-claret.png\",\"contentUrl\":\"https:\\\/\\\/www.editorialclaret.cat\\\/wp-content\\\/uploads\\\/.\\\/logo-claret.png\",\"width\":194,\"height\":79,\"caption\":\"Editorial Claret\"},\"image\":{\"@id\":\"https:\\\/\\\/www.editorialclaret.cat\\\/#\\\/schema\\\/logo\\\/image\\\/\"}}]}<\/script>\n<!-- \/ Yoast SEO plugin. -->","yoast_head_json":{"title":"Editorial Claret","robots":{"index":"noindex","follow":"follow","max-snippet":"max-snippet:-1","max-image-preview":"max-image-preview:large","max-video-preview":"max-video-preview:-1"},"og_locale":"es_ES","og_type":"article","og_title":"LA B\u00cdBLIA CATALANA INTERCONFESSIONAL. R\u00daSTICA - Editorial Claret","og_description":"CLARET (BCI)","og_url":"https:\/\/www.editorialclaret.cat\/producte\/la-biblia-catalana-interconfessional-rustica-9788491361831\/","og_site_name":"Editorial Claret","article_modified_time":"2026-04-01T12:47:09+00:00","og_image":[{"width":350,"height":532,"url":"https:\/\/www.editorialclaret.cat\/wp-content\/uploads\/9788491361831-3.jpg","type":"image\/jpeg"}],"twitter_card":"summary_large_image","twitter_misc":{"Tiempo de lectura":"1 minuto"},"schema":{"@context":"https:\/\/schema.org","@graph":[{"@type":"WebPage","@id":"https:\/\/www.editorialclaret.cat\/producte\/la-biblia-catalana-interconfessional-rustica-9788491361831\/","url":"https:\/\/www.editorialclaret.cat\/producte\/la-biblia-catalana-interconfessional-rustica-9788491361831\/","name":"LA B\u00cdBLIA CATALANA INTERCONFESSIONAL. R\u00daSTICA - Editorial Claret","isPartOf":{"@id":"https:\/\/www.editorialclaret.cat\/#website"},"primaryImageOfPage":{"@id":"https:\/\/www.editorialclaret.cat\/producte\/la-biblia-catalana-interconfessional-rustica-9788491361831\/#primaryimage"},"image":{"@id":"https:\/\/www.editorialclaret.cat\/producte\/la-biblia-catalana-interconfessional-rustica-9788491361831\/#primaryimage"},"thumbnailUrl":"https:\/\/www.editorialclaret.cat\/wp-content\/uploads\/9788491361831-3.jpg","datePublished":"2022-10-18T07:02:20+00:00","dateModified":"2026-04-01T12:47:09+00:00","breadcrumb":{"@id":"https:\/\/www.editorialclaret.cat\/producte\/la-biblia-catalana-interconfessional-rustica-9788491361831\/#breadcrumb"},"inLanguage":"es","potentialAction":[{"@type":"ReadAction","target":["https:\/\/www.editorialclaret.cat\/producte\/la-biblia-catalana-interconfessional-rustica-9788491361831\/"]}]},{"@type":"ImageObject","inLanguage":"es","@id":"https:\/\/www.editorialclaret.cat\/producte\/la-biblia-catalana-interconfessional-rustica-9788491361831\/#primaryimage","url":"https:\/\/www.editorialclaret.cat\/wp-content\/uploads\/9788491361831-3.jpg","contentUrl":"https:\/\/www.editorialclaret.cat\/wp-content\/uploads\/9788491361831-3.jpg","width":350,"height":532,"caption":"9788491361831.jpg"},{"@type":"BreadcrumbList","@id":"https:\/\/www.editorialclaret.cat\/producte\/la-biblia-catalana-interconfessional-rustica-9788491361831\/#breadcrumb","itemListElement":[{"@type":"ListItem","position":1,"name":"Portada","item":"https:\/\/www.editorialclaret.cat\/es\/"},{"@type":"ListItem","position":2,"name":"Botiga","item":"https:\/\/www.editorialclaret.cat\/?page_id=16"},{"@type":"ListItem","position":3,"name":"LA B\u00cdBLIA CATALANA INTERCONFESSIONAL. R\u00daSTICA"}]},{"@type":"WebSite","@id":"https:\/\/www.editorialclaret.cat\/#website","url":"https:\/\/www.editorialclaret.cat\/","name":"Editorial Claret","description":"","publisher":{"@id":"https:\/\/www.editorialclaret.cat\/#organization"},"potentialAction":[{"@type":"SearchAction","target":{"@type":"EntryPoint","urlTemplate":"https:\/\/www.editorialclaret.cat\/?s={search_term_string}"},"query-input":{"@type":"PropertyValueSpecification","valueRequired":true,"valueName":"search_term_string"}}],"inLanguage":"es"},{"@type":"Organization","@id":"https:\/\/www.editorialclaret.cat\/#organization","name":"Editorial Claret","url":"https:\/\/www.editorialclaret.cat\/","logo":{"@type":"ImageObject","inLanguage":"es","@id":"https:\/\/www.editorialclaret.cat\/#\/schema\/logo\/image\/","url":"https:\/\/www.editorialclaret.cat\/wp-content\/uploads\/.\/logo-claret.png","contentUrl":"https:\/\/www.editorialclaret.cat\/wp-content\/uploads\/.\/logo-claret.png","width":194,"height":79,"caption":"Editorial Claret"},"image":{"@id":"https:\/\/www.editorialclaret.cat\/#\/schema\/logo\/image\/"}}]}},"_links":{"self":[{"href":"https:\/\/www.editorialclaret.cat\/es\/wp-json\/wp\/v2\/product\/8542","targetHints":{"allow":["GET"]}}],"collection":[{"href":"https:\/\/www.editorialclaret.cat\/es\/wp-json\/wp\/v2\/product"}],"about":[{"href":"https:\/\/www.editorialclaret.cat\/es\/wp-json\/wp\/v2\/types\/product"}],"wp:featuredmedia":[{"embeddable":true,"href":"https:\/\/www.editorialclaret.cat\/es\/wp-json\/wp\/v2\/media\/70380"}],"wp:attachment":[{"href":"https:\/\/www.editorialclaret.cat\/es\/wp-json\/wp\/v2\/media?parent=8542"}],"wp:term":[{"taxonomy":"product_brand","embeddable":true,"href":"https:\/\/www.editorialclaret.cat\/es\/wp-json\/wp\/v2\/product_brand?post=8542"},{"taxonomy":"product_cat","embeddable":true,"href":"https:\/\/www.editorialclaret.cat\/es\/wp-json\/wp\/v2\/product_cat?post=8542"},{"taxonomy":"product_tag","embeddable":true,"href":"https:\/\/www.editorialclaret.cat\/es\/wp-json\/wp\/v2\/product_tag?post=8542"}],"curies":[{"name":"wp","href":"https:\/\/api.w.org\/{rel}","templated":true}]}}