{"id":8527,"date":"2022-10-18T09:02:11","date_gmt":"2022-10-18T07:02:11","guid":{"rendered":"http:\/\/dev.editorialclaret.cat\/producte\/elogi-de-la-set\/"},"modified":"2025-10-14T11:46:14","modified_gmt":"2025-10-14T09:46:14","slug":"elogi-de-la-set-9788491361893","status":"publish","type":"product","link":"https:\/\/www.editorialclaret.cat\/es\/producto\/elogi-de-la-set-9788491361893\/","title":{"rendered":"ELOGI DE LA SET"},"content":{"rendered":"<p>Tenir set i sadollar-la: \u00e9s d\u2019aix\u00f2 que Jos\u00e9 Tolentino Mendon\u00e7a parla en les reflexions ofertes durant els exercicis espirituals que va dirigir, en la Quaresma de l\u2019any 2018, al papa Francesc i a la C\u00faria romana, i que ara es recullen en aquest volum.<br \/>\u00c9s la set veritable: la set de les perif\u00e8ries del m\u00f3n; la set del qui s\u2019est\u00e0 morint; la set que \u00e9s dolor de l\u2019\u00e0nima, \u00faltima vulnerabilitat d\u2019una vida que no troba el desllorigador. \u00c9s la set que constitueix la malaltia de la insatisfacci\u00f3 perenne, presoners de la mercantilitzaci\u00f3 del desig; per\u00f2 tamb\u00e9 \u00e9s la set que ens fa moure, que ens esperona a emprendre un nou viatge existencial. Per\u00f2 per damunt de tot, el que Tolentino vol posar en relleu \u00e9s l\u2019oportunitat que ofereix la set de creixement hum\u00e0 i espiritual, de la qual en rastreja l\u2019empremta en les Escriptures, per\u00f2 tamb\u00e9 en la literatura i en la poesia.<br \/>Es tracta d\u2019un llibre determinant que guia les reflexions de l\u2019Esgl\u00e9sia sobre el m\u00f3n. Un document d\u2019una bellesa i originalitat ins\u00f2lites.<\/p>\n","protected":false},"excerpt":{"rendered":"<p>TOLENTINO MENDON\u00c7A, JOS\u00c9<\/p>\n","protected":false},"featured_media":8528,"template":"","meta":{"_acf_changed":false,"rs_blank_template":"","rs_page_bg_color":"","slide_template_v7":"","inline_featured_image":false,"_monsterinsights_skip_tracking":false,"_monsterinsights_sitenote_active":false,"_monsterinsights_sitenote_note":"","_monsterinsights_sitenote_category":0},"product_brand":[],"product_cat":[1055,817],"product_tag":[],"class_list":{"0":"post-8527","1":"product","2":"type-product","3":"status-publish","4":"has-post-thumbnail","6":"product_cat-espiritualidad-espiritualidad","7":"product_cat-espiritualitat-espiritualitat","9":"first","10":"instock","11":"taxable","12":"shipping-taxable","13":"purchasable","14":"product-type-simple"},"acf":{"autor":"TOLENTINO MENDON\u00c7A, JOS\u00c9","codart":"849136189","libros-coleccion":"","ediciones":"1","encuadernacion":"R\u00fastica","fecha_de_publicacion":"15\/02\/2019","novedad":"0","paginas":"144","subtitulo":"","orden":"0","portada":"0","idioma":"cat","autores-libros":[{"ID":46572,"post_author":"3","post_date":"2022-10-24 13:03:53","post_date_gmt":"2022-10-24 11:03:53","post_content":"","post_title":"JOS\u00c9 TOLENTINO MENDON\u00c7A","post_excerpt":"","post_status":"publish","comment_status":"closed","ping_status":"closed","post_password":"","post_name":"jose-tolentino-mendonca","to_ping":"","pinged":"","post_modified":"2022-10-24 13:03:53","post_modified_gmt":"2022-10-24 11:03:53","post_content_filtered":"","post_parent":0,"guid":"http:\/\/dev.editorialclaret.cat\/autor\/jose-tolentino-mendonca\/","menu_order":0,"post_type":"autor","post_mime_type":"","comment_count":"0","filter":"raw"}],"booktrailer":"","linkebook":"","ficha":"849136189_1688383200.pdf","muestra":"","precioebook":"0","presentacion":"","resenas":""},"yoast_head":"<!-- This site is optimized with the Yoast SEO plugin v27.3 - https:\/\/yoast.com\/product\/yoast-seo-wordpress\/ -->\n<title>Editorial Claret<\/title>\n<meta name=\"robots\" content=\"noindex, follow, max-snippet:-1, max-image-preview:large, max-video-preview:-1\" \/>\n<meta property=\"og:locale\" content=\"es_ES\" \/>\n<meta property=\"og:type\" content=\"article\" \/>\n<meta property=\"og:title\" content=\"ELOGI DE LA SET - Editorial Claret\" \/>\n<meta property=\"og:description\" content=\"TOLENTINO MENDON\u00c7A, JOS\u00c9\" \/>\n<meta property=\"og:url\" content=\"https:\/\/www.editorialclaret.cat\/producte\/elogi-de-la-set-9788491361893\/\" \/>\n<meta property=\"og:site_name\" content=\"Editorial Claret\" \/>\n<meta property=\"article:modified_time\" content=\"2025-10-14T09:46:14+00:00\" \/>\n<meta property=\"og:image\" content=\"https:\/\/www.editorialclaret.cat\/wp-content\/uploads\/.\/9788491361893.jpg\" \/>\n\t<meta property=\"og:image:width\" content=\"225\" \/>\n\t<meta property=\"og:image:height\" content=\"333\" \/>\n\t<meta property=\"og:image:type\" content=\"image\/jpeg\" \/>\n<meta name=\"twitter:card\" content=\"summary_large_image\" \/>\n<meta name=\"twitter:label1\" content=\"Tiempo de lectura\" \/>\n\t<meta name=\"twitter:data1\" content=\"1 minuto\" \/>\n<script type=\"application\/ld+json\" class=\"yoast-schema-graph\">{\"@context\":\"https:\\\/\\\/schema.org\",\"@graph\":[{\"@type\":\"WebPage\",\"@id\":\"https:\\\/\\\/www.editorialclaret.cat\\\/producte\\\/elogi-de-la-set-9788491361893\\\/\",\"url\":\"https:\\\/\\\/www.editorialclaret.cat\\\/producte\\\/elogi-de-la-set-9788491361893\\\/\",\"name\":\"ELOGI DE LA SET - Editorial Claret\",\"isPartOf\":{\"@id\":\"https:\\\/\\\/www.editorialclaret.cat\\\/#website\"},\"primaryImageOfPage\":{\"@id\":\"https:\\\/\\\/www.editorialclaret.cat\\\/producte\\\/elogi-de-la-set-9788491361893\\\/#primaryimage\"},\"image\":{\"@id\":\"https:\\\/\\\/www.editorialclaret.cat\\\/producte\\\/elogi-de-la-set-9788491361893\\\/#primaryimage\"},\"thumbnailUrl\":\"https:\\\/\\\/www.editorialclaret.cat\\\/wp-content\\\/uploads\\\/.\\\/9788491361893.jpg\",\"datePublished\":\"2022-10-18T07:02:11+00:00\",\"dateModified\":\"2025-10-14T09:46:14+00:00\",\"breadcrumb\":{\"@id\":\"https:\\\/\\\/www.editorialclaret.cat\\\/producte\\\/elogi-de-la-set-9788491361893\\\/#breadcrumb\"},\"inLanguage\":\"es\",\"potentialAction\":[{\"@type\":\"ReadAction\",\"target\":[\"https:\\\/\\\/www.editorialclaret.cat\\\/producte\\\/elogi-de-la-set-9788491361893\\\/\"]}]},{\"@type\":\"ImageObject\",\"inLanguage\":\"es\",\"@id\":\"https:\\\/\\\/www.editorialclaret.cat\\\/producte\\\/elogi-de-la-set-9788491361893\\\/#primaryimage\",\"url\":\"https:\\\/\\\/www.editorialclaret.cat\\\/wp-content\\\/uploads\\\/.\\\/9788491361893.jpg\",\"contentUrl\":\"https:\\\/\\\/www.editorialclaret.cat\\\/wp-content\\\/uploads\\\/.\\\/9788491361893.jpg\",\"width\":225,\"height\":333,\"caption\":\"9788491361893.jpg\"},{\"@type\":\"BreadcrumbList\",\"@id\":\"https:\\\/\\\/www.editorialclaret.cat\\\/producte\\\/elogi-de-la-set-9788491361893\\\/#breadcrumb\",\"itemListElement\":[{\"@type\":\"ListItem\",\"position\":1,\"name\":\"Portada\",\"item\":\"https:\\\/\\\/www.editorialclaret.cat\\\/es\\\/\"},{\"@type\":\"ListItem\",\"position\":2,\"name\":\"Botiga\",\"item\":\"https:\\\/\\\/www.editorialclaret.cat\\\/?page_id=16\"},{\"@type\":\"ListItem\",\"position\":3,\"name\":\"ELOGI DE LA SET\"}]},{\"@type\":\"WebSite\",\"@id\":\"https:\\\/\\\/www.editorialclaret.cat\\\/#website\",\"url\":\"https:\\\/\\\/www.editorialclaret.cat\\\/\",\"name\":\"Editorial Claret\",\"description\":\"\",\"publisher\":{\"@id\":\"https:\\\/\\\/www.editorialclaret.cat\\\/#organization\"},\"potentialAction\":[{\"@type\":\"SearchAction\",\"target\":{\"@type\":\"EntryPoint\",\"urlTemplate\":\"https:\\\/\\\/www.editorialclaret.cat\\\/?s={search_term_string}\"},\"query-input\":{\"@type\":\"PropertyValueSpecification\",\"valueRequired\":true,\"valueName\":\"search_term_string\"}}],\"inLanguage\":\"es\"},{\"@type\":\"Organization\",\"@id\":\"https:\\\/\\\/www.editorialclaret.cat\\\/#organization\",\"name\":\"Editorial Claret\",\"url\":\"https:\\\/\\\/www.editorialclaret.cat\\\/\",\"logo\":{\"@type\":\"ImageObject\",\"inLanguage\":\"es\",\"@id\":\"https:\\\/\\\/www.editorialclaret.cat\\\/#\\\/schema\\\/logo\\\/image\\\/\",\"url\":\"https:\\\/\\\/www.editorialclaret.cat\\\/wp-content\\\/uploads\\\/.\\\/logo-claret.png\",\"contentUrl\":\"https:\\\/\\\/www.editorialclaret.cat\\\/wp-content\\\/uploads\\\/.\\\/logo-claret.png\",\"width\":194,\"height\":79,\"caption\":\"Editorial Claret\"},\"image\":{\"@id\":\"https:\\\/\\\/www.editorialclaret.cat\\\/#\\\/schema\\\/logo\\\/image\\\/\"}}]}<\/script>\n<!-- \/ Yoast SEO plugin. -->","yoast_head_json":{"title":"Editorial Claret","robots":{"index":"noindex","follow":"follow","max-snippet":"max-snippet:-1","max-image-preview":"max-image-preview:large","max-video-preview":"max-video-preview:-1"},"og_locale":"es_ES","og_type":"article","og_title":"ELOGI DE LA SET - Editorial Claret","og_description":"TOLENTINO MENDON\u00c7A, JOS\u00c9","og_url":"https:\/\/www.editorialclaret.cat\/producte\/elogi-de-la-set-9788491361893\/","og_site_name":"Editorial Claret","article_modified_time":"2025-10-14T09:46:14+00:00","og_image":[{"width":225,"height":333,"url":"https:\/\/www.editorialclaret.cat\/wp-content\/uploads\/.\/9788491361893.jpg","type":"image\/jpeg"}],"twitter_card":"summary_large_image","twitter_misc":{"Tiempo de lectura":"1 minuto"},"schema":{"@context":"https:\/\/schema.org","@graph":[{"@type":"WebPage","@id":"https:\/\/www.editorialclaret.cat\/producte\/elogi-de-la-set-9788491361893\/","url":"https:\/\/www.editorialclaret.cat\/producte\/elogi-de-la-set-9788491361893\/","name":"ELOGI DE LA SET - Editorial Claret","isPartOf":{"@id":"https:\/\/www.editorialclaret.cat\/#website"},"primaryImageOfPage":{"@id":"https:\/\/www.editorialclaret.cat\/producte\/elogi-de-la-set-9788491361893\/#primaryimage"},"image":{"@id":"https:\/\/www.editorialclaret.cat\/producte\/elogi-de-la-set-9788491361893\/#primaryimage"},"thumbnailUrl":"https:\/\/www.editorialclaret.cat\/wp-content\/uploads\/.\/9788491361893.jpg","datePublished":"2022-10-18T07:02:11+00:00","dateModified":"2025-10-14T09:46:14+00:00","breadcrumb":{"@id":"https:\/\/www.editorialclaret.cat\/producte\/elogi-de-la-set-9788491361893\/#breadcrumb"},"inLanguage":"es","potentialAction":[{"@type":"ReadAction","target":["https:\/\/www.editorialclaret.cat\/producte\/elogi-de-la-set-9788491361893\/"]}]},{"@type":"ImageObject","inLanguage":"es","@id":"https:\/\/www.editorialclaret.cat\/producte\/elogi-de-la-set-9788491361893\/#primaryimage","url":"https:\/\/www.editorialclaret.cat\/wp-content\/uploads\/.\/9788491361893.jpg","contentUrl":"https:\/\/www.editorialclaret.cat\/wp-content\/uploads\/.\/9788491361893.jpg","width":225,"height":333,"caption":"9788491361893.jpg"},{"@type":"BreadcrumbList","@id":"https:\/\/www.editorialclaret.cat\/producte\/elogi-de-la-set-9788491361893\/#breadcrumb","itemListElement":[{"@type":"ListItem","position":1,"name":"Portada","item":"https:\/\/www.editorialclaret.cat\/es\/"},{"@type":"ListItem","position":2,"name":"Botiga","item":"https:\/\/www.editorialclaret.cat\/?page_id=16"},{"@type":"ListItem","position":3,"name":"ELOGI DE LA SET"}]},{"@type":"WebSite","@id":"https:\/\/www.editorialclaret.cat\/#website","url":"https:\/\/www.editorialclaret.cat\/","name":"Editorial Claret","description":"","publisher":{"@id":"https:\/\/www.editorialclaret.cat\/#organization"},"potentialAction":[{"@type":"SearchAction","target":{"@type":"EntryPoint","urlTemplate":"https:\/\/www.editorialclaret.cat\/?s={search_term_string}"},"query-input":{"@type":"PropertyValueSpecification","valueRequired":true,"valueName":"search_term_string"}}],"inLanguage":"es"},{"@type":"Organization","@id":"https:\/\/www.editorialclaret.cat\/#organization","name":"Editorial Claret","url":"https:\/\/www.editorialclaret.cat\/","logo":{"@type":"ImageObject","inLanguage":"es","@id":"https:\/\/www.editorialclaret.cat\/#\/schema\/logo\/image\/","url":"https:\/\/www.editorialclaret.cat\/wp-content\/uploads\/.\/logo-claret.png","contentUrl":"https:\/\/www.editorialclaret.cat\/wp-content\/uploads\/.\/logo-claret.png","width":194,"height":79,"caption":"Editorial Claret"},"image":{"@id":"https:\/\/www.editorialclaret.cat\/#\/schema\/logo\/image\/"}}]}},"_links":{"self":[{"href":"https:\/\/www.editorialclaret.cat\/es\/wp-json\/wp\/v2\/product\/8527","targetHints":{"allow":["GET"]}}],"collection":[{"href":"https:\/\/www.editorialclaret.cat\/es\/wp-json\/wp\/v2\/product"}],"about":[{"href":"https:\/\/www.editorialclaret.cat\/es\/wp-json\/wp\/v2\/types\/product"}],"wp:featuredmedia":[{"embeddable":true,"href":"https:\/\/www.editorialclaret.cat\/es\/wp-json\/wp\/v2\/media\/8528"}],"wp:attachment":[{"href":"https:\/\/www.editorialclaret.cat\/es\/wp-json\/wp\/v2\/media?parent=8527"}],"wp:term":[{"taxonomy":"product_brand","embeddable":true,"href":"https:\/\/www.editorialclaret.cat\/es\/wp-json\/wp\/v2\/product_brand?post=8527"},{"taxonomy":"product_cat","embeddable":true,"href":"https:\/\/www.editorialclaret.cat\/es\/wp-json\/wp\/v2\/product_cat?post=8527"},{"taxonomy":"product_tag","embeddable":true,"href":"https:\/\/www.editorialclaret.cat\/es\/wp-json\/wp\/v2\/product_tag?post=8527"}],"curies":[{"name":"wp","href":"https:\/\/api.w.org\/{rel}","templated":true}]}}