{"id":8401,"date":"2022-10-18T09:00:48","date_gmt":"2022-10-18T07:00:48","guid":{"rendered":"http:\/\/dev.editorialclaret.cat\/producte\/esperanca-despres-de-la-covid-19\/"},"modified":"2024-05-22T12:32:56","modified_gmt":"2024-05-22T10:32:56","slug":"esperanca-despres-de-la-covid19-9788491362999","status":"publish","type":"product","link":"https:\/\/www.editorialclaret.cat\/es\/producto\/esperanca-despres-de-la-covid19-9788491362999\/","title":{"rendered":"ESPERAN\u00c7A DESPR\u00c9S DE LA COVID-19"},"content":{"rendered":"<p>Booktrailer:<\/p>\n<p>Presentaci\u00f3 del 30 de  juny de 2020:<\/p>\n<p>Hi ha un aspecte impl\u00edcit de l&#8217;esperan\u00e7a que, de tant en tant, \u2013i en les circumst\u00e0ncies  actuals\u2013 conv\u00e9 explicar i recordar. L&#8217;esperan\u00e7a va sempre associada a una dificultat o  un repte. Si no hi ha dificultat, si no hi ha el perill de fallar, si ja el resultat est\u00e0  assegurat, no parlarem d&#8217;esperan\u00e7a, sin\u00f3 d&#8217;espera. Aquesta pand\u00e8mia ens ha abocat  a una gran crisi social, pol\u00edtica i econ\u00f2mica. Tanmateix, tota crisi \u00e9s una oportunitat. No estem sols, D\u00e9u ens acompanya, per\u00f2 la seva acci\u00f3 necessita la nostra  col\u00b7laboraci\u00f3 per fer possible la comuni\u00f3, per treballar tots units, per posar la nostra atenci\u00f3, intel\u00b7lig\u00e8ncia i acci\u00f3 coordinada davant els reptes que se&#8217;ns presenten. No \u00e9s  moment per a cr\u00edtiques. \u00c9s cert que caldr\u00e0 avaluar el que ha succe\u00eft per aprendre  dels errors i demanar-nos perd\u00f3. Per\u00f2 ara \u00e9s el moment de treballar tots junts, d&#8217;ajudar-nos a treure el millor de cadascun de nosaltres. Cal que canviem la nostra  manera de viure ja que si continuem cometent els mateixos errors, no podem esperar  uns resultats diferents dels de sempre\u2026 \u00bfQu\u00e8 podem fer tota la fam\u00edlia de l&#8217;Esgl\u00e9sia  per refer l&#8217;esperan\u00e7a?<\/p>\n","protected":false},"excerpt":{"rendered":"<p>VV.AA.<\/p>\n","protected":false},"featured_media":8402,"template":"","meta":{"_acf_changed":false,"rs_blank_template":"","rs_page_bg_color":"","slide_template_v7":"","inline_featured_image":false,"_monsterinsights_skip_tracking":false,"_monsterinsights_sitenote_active":false,"_monsterinsights_sitenote_note":"","_monsterinsights_sitenote_category":0},"product_brand":[],"product_cat":[16],"product_tag":[],"class_list":{"0":"post-8401","1":"product","2":"type-product","3":"status-publish","4":"has-post-thumbnail","6":"product_cat-sense-categoria","8":"first","9":"instock","10":"taxable","11":"shipping-taxable","12":"purchasable","13":"product-type-simple"},"acf":{"autor":"VV.AA.","codart":"849136299","libros-coleccion":"FORA DE COL.LECCI\u00d3","ediciones":"1","encuadernacion":"R\u00fastica","fecha_de_publicacion":"30\/06\/2020","novedad":"0","paginas":"156","subtitulo":"","orden":"0","portada":"0","idioma":"cat","autores-libros":[{"ID":46629,"post_author":"3","post_date":"2022-10-24 13:04:31","post_date_gmt":"2022-10-24 11:04:31","post_content":"","post_title":"VV.AA.","post_excerpt":"","post_status":"publish","comment_status":"closed","ping_status":"closed","post_password":"","post_name":"vv-aa","to_ping":"","pinged":"","post_modified":"2022-10-24 13:04:31","post_modified_gmt":"2022-10-24 11:04:31","post_content_filtered":"","post_parent":0,"guid":"http:\/\/dev.editorialclaret.cat\/autor\/vv-aa\/","menu_order":0,"post_type":"autor","post_mime_type":"","comment_count":"0","filter":"raw"}],"booktrailer":"","linkebook":"","ficha":"849136299_1688651981.pdf","muestra":"","precioebook":"0","presentacion":"","resenas":""},"yoast_head":"<!-- This site is optimized with the Yoast SEO plugin v27.3 - https:\/\/yoast.com\/product\/yoast-seo-wordpress\/ -->\n<title>Editorial Claret<\/title>\n<meta name=\"robots\" content=\"noindex, follow, max-snippet:-1, max-image-preview:large, max-video-preview:-1\" \/>\n<meta property=\"og:locale\" content=\"es_ES\" \/>\n<meta property=\"og:type\" content=\"article\" \/>\n<meta property=\"og:title\" content=\"ESPERAN\u00c7A DESPR\u00c9S DE LA COVID-19 - Editorial Claret\" \/>\n<meta property=\"og:description\" content=\"VV.AA.\" \/>\n<meta property=\"og:url\" content=\"https:\/\/www.editorialclaret.cat\/producte\/esperanca-despres-de-la-covid19-9788491362999\/\" \/>\n<meta property=\"og:site_name\" content=\"Editorial Claret\" \/>\n<meta property=\"article:modified_time\" content=\"2024-05-22T10:32:56+00:00\" \/>\n<meta property=\"og:image\" content=\"https:\/\/www.editorialclaret.cat\/wp-content\/uploads\/.\/9788491362999.jpg\" \/>\n\t<meta property=\"og:image:width\" content=\"225\" \/>\n\t<meta property=\"og:image:height\" content=\"333\" \/>\n\t<meta property=\"og:image:type\" content=\"image\/jpeg\" \/>\n<meta name=\"twitter:card\" content=\"summary_large_image\" \/>\n<meta name=\"twitter:label1\" content=\"Tiempo de lectura\" \/>\n\t<meta name=\"twitter:data1\" content=\"1 minuto\" \/>\n<script type=\"application\/ld+json\" class=\"yoast-schema-graph\">{\"@context\":\"https:\\\/\\\/schema.org\",\"@graph\":[{\"@type\":\"WebPage\",\"@id\":\"https:\\\/\\\/www.editorialclaret.cat\\\/producte\\\/esperanca-despres-de-la-covid19-9788491362999\\\/\",\"url\":\"https:\\\/\\\/www.editorialclaret.cat\\\/producte\\\/esperanca-despres-de-la-covid19-9788491362999\\\/\",\"name\":\"ESPERAN\u00c7A DESPR\u00c9S DE LA COVID-19 - Editorial Claret\",\"isPartOf\":{\"@id\":\"https:\\\/\\\/www.editorialclaret.cat\\\/#website\"},\"primaryImageOfPage\":{\"@id\":\"https:\\\/\\\/www.editorialclaret.cat\\\/producte\\\/esperanca-despres-de-la-covid19-9788491362999\\\/#primaryimage\"},\"image\":{\"@id\":\"https:\\\/\\\/www.editorialclaret.cat\\\/producte\\\/esperanca-despres-de-la-covid19-9788491362999\\\/#primaryimage\"},\"thumbnailUrl\":\"https:\\\/\\\/www.editorialclaret.cat\\\/wp-content\\\/uploads\\\/.\\\/9788491362999.jpg\",\"datePublished\":\"2022-10-18T07:00:48+00:00\",\"dateModified\":\"2024-05-22T10:32:56+00:00\",\"breadcrumb\":{\"@id\":\"https:\\\/\\\/www.editorialclaret.cat\\\/producte\\\/esperanca-despres-de-la-covid19-9788491362999\\\/#breadcrumb\"},\"inLanguage\":\"es\",\"potentialAction\":[{\"@type\":\"ReadAction\",\"target\":[\"https:\\\/\\\/www.editorialclaret.cat\\\/producte\\\/esperanca-despres-de-la-covid19-9788491362999\\\/\"]}]},{\"@type\":\"ImageObject\",\"inLanguage\":\"es\",\"@id\":\"https:\\\/\\\/www.editorialclaret.cat\\\/producte\\\/esperanca-despres-de-la-covid19-9788491362999\\\/#primaryimage\",\"url\":\"https:\\\/\\\/www.editorialclaret.cat\\\/wp-content\\\/uploads\\\/.\\\/9788491362999.jpg\",\"contentUrl\":\"https:\\\/\\\/www.editorialclaret.cat\\\/wp-content\\\/uploads\\\/.\\\/9788491362999.jpg\",\"width\":225,\"height\":333,\"caption\":\"9788491362999.jpg\"},{\"@type\":\"BreadcrumbList\",\"@id\":\"https:\\\/\\\/www.editorialclaret.cat\\\/producte\\\/esperanca-despres-de-la-covid19-9788491362999\\\/#breadcrumb\",\"itemListElement\":[{\"@type\":\"ListItem\",\"position\":1,\"name\":\"Portada\",\"item\":\"https:\\\/\\\/www.editorialclaret.cat\\\/es\\\/\"},{\"@type\":\"ListItem\",\"position\":2,\"name\":\"Botiga\",\"item\":\"https:\\\/\\\/www.editorialclaret.cat\\\/?page_id=16\"},{\"@type\":\"ListItem\",\"position\":3,\"name\":\"ESPERAN\u00c7A DESPR\u00c9S DE LA COVID-19\"}]},{\"@type\":\"WebSite\",\"@id\":\"https:\\\/\\\/www.editorialclaret.cat\\\/#website\",\"url\":\"https:\\\/\\\/www.editorialclaret.cat\\\/\",\"name\":\"Editorial Claret\",\"description\":\"\",\"publisher\":{\"@id\":\"https:\\\/\\\/www.editorialclaret.cat\\\/#organization\"},\"potentialAction\":[{\"@type\":\"SearchAction\",\"target\":{\"@type\":\"EntryPoint\",\"urlTemplate\":\"https:\\\/\\\/www.editorialclaret.cat\\\/?s={search_term_string}\"},\"query-input\":{\"@type\":\"PropertyValueSpecification\",\"valueRequired\":true,\"valueName\":\"search_term_string\"}}],\"inLanguage\":\"es\"},{\"@type\":\"Organization\",\"@id\":\"https:\\\/\\\/www.editorialclaret.cat\\\/#organization\",\"name\":\"Editorial Claret\",\"url\":\"https:\\\/\\\/www.editorialclaret.cat\\\/\",\"logo\":{\"@type\":\"ImageObject\",\"inLanguage\":\"es\",\"@id\":\"https:\\\/\\\/www.editorialclaret.cat\\\/#\\\/schema\\\/logo\\\/image\\\/\",\"url\":\"https:\\\/\\\/www.editorialclaret.cat\\\/wp-content\\\/uploads\\\/.\\\/logo-claret.png\",\"contentUrl\":\"https:\\\/\\\/www.editorialclaret.cat\\\/wp-content\\\/uploads\\\/.\\\/logo-claret.png\",\"width\":194,\"height\":79,\"caption\":\"Editorial Claret\"},\"image\":{\"@id\":\"https:\\\/\\\/www.editorialclaret.cat\\\/#\\\/schema\\\/logo\\\/image\\\/\"}}]}<\/script>\n<!-- \/ Yoast SEO plugin. -->","yoast_head_json":{"title":"Editorial Claret","robots":{"index":"noindex","follow":"follow","max-snippet":"max-snippet:-1","max-image-preview":"max-image-preview:large","max-video-preview":"max-video-preview:-1"},"og_locale":"es_ES","og_type":"article","og_title":"ESPERAN\u00c7A DESPR\u00c9S DE LA COVID-19 - Editorial Claret","og_description":"VV.AA.","og_url":"https:\/\/www.editorialclaret.cat\/producte\/esperanca-despres-de-la-covid19-9788491362999\/","og_site_name":"Editorial Claret","article_modified_time":"2024-05-22T10:32:56+00:00","og_image":[{"width":225,"height":333,"url":"https:\/\/www.editorialclaret.cat\/wp-content\/uploads\/.\/9788491362999.jpg","type":"image\/jpeg"}],"twitter_card":"summary_large_image","twitter_misc":{"Tiempo de lectura":"1 minuto"},"schema":{"@context":"https:\/\/schema.org","@graph":[{"@type":"WebPage","@id":"https:\/\/www.editorialclaret.cat\/producte\/esperanca-despres-de-la-covid19-9788491362999\/","url":"https:\/\/www.editorialclaret.cat\/producte\/esperanca-despres-de-la-covid19-9788491362999\/","name":"ESPERAN\u00c7A DESPR\u00c9S DE LA COVID-19 - Editorial Claret","isPartOf":{"@id":"https:\/\/www.editorialclaret.cat\/#website"},"primaryImageOfPage":{"@id":"https:\/\/www.editorialclaret.cat\/producte\/esperanca-despres-de-la-covid19-9788491362999\/#primaryimage"},"image":{"@id":"https:\/\/www.editorialclaret.cat\/producte\/esperanca-despres-de-la-covid19-9788491362999\/#primaryimage"},"thumbnailUrl":"https:\/\/www.editorialclaret.cat\/wp-content\/uploads\/.\/9788491362999.jpg","datePublished":"2022-10-18T07:00:48+00:00","dateModified":"2024-05-22T10:32:56+00:00","breadcrumb":{"@id":"https:\/\/www.editorialclaret.cat\/producte\/esperanca-despres-de-la-covid19-9788491362999\/#breadcrumb"},"inLanguage":"es","potentialAction":[{"@type":"ReadAction","target":["https:\/\/www.editorialclaret.cat\/producte\/esperanca-despres-de-la-covid19-9788491362999\/"]}]},{"@type":"ImageObject","inLanguage":"es","@id":"https:\/\/www.editorialclaret.cat\/producte\/esperanca-despres-de-la-covid19-9788491362999\/#primaryimage","url":"https:\/\/www.editorialclaret.cat\/wp-content\/uploads\/.\/9788491362999.jpg","contentUrl":"https:\/\/www.editorialclaret.cat\/wp-content\/uploads\/.\/9788491362999.jpg","width":225,"height":333,"caption":"9788491362999.jpg"},{"@type":"BreadcrumbList","@id":"https:\/\/www.editorialclaret.cat\/producte\/esperanca-despres-de-la-covid19-9788491362999\/#breadcrumb","itemListElement":[{"@type":"ListItem","position":1,"name":"Portada","item":"https:\/\/www.editorialclaret.cat\/es\/"},{"@type":"ListItem","position":2,"name":"Botiga","item":"https:\/\/www.editorialclaret.cat\/?page_id=16"},{"@type":"ListItem","position":3,"name":"ESPERAN\u00c7A DESPR\u00c9S DE LA COVID-19"}]},{"@type":"WebSite","@id":"https:\/\/www.editorialclaret.cat\/#website","url":"https:\/\/www.editorialclaret.cat\/","name":"Editorial Claret","description":"","publisher":{"@id":"https:\/\/www.editorialclaret.cat\/#organization"},"potentialAction":[{"@type":"SearchAction","target":{"@type":"EntryPoint","urlTemplate":"https:\/\/www.editorialclaret.cat\/?s={search_term_string}"},"query-input":{"@type":"PropertyValueSpecification","valueRequired":true,"valueName":"search_term_string"}}],"inLanguage":"es"},{"@type":"Organization","@id":"https:\/\/www.editorialclaret.cat\/#organization","name":"Editorial Claret","url":"https:\/\/www.editorialclaret.cat\/","logo":{"@type":"ImageObject","inLanguage":"es","@id":"https:\/\/www.editorialclaret.cat\/#\/schema\/logo\/image\/","url":"https:\/\/www.editorialclaret.cat\/wp-content\/uploads\/.\/logo-claret.png","contentUrl":"https:\/\/www.editorialclaret.cat\/wp-content\/uploads\/.\/logo-claret.png","width":194,"height":79,"caption":"Editorial Claret"},"image":{"@id":"https:\/\/www.editorialclaret.cat\/#\/schema\/logo\/image\/"}}]}},"_links":{"self":[{"href":"https:\/\/www.editorialclaret.cat\/es\/wp-json\/wp\/v2\/product\/8401","targetHints":{"allow":["GET"]}}],"collection":[{"href":"https:\/\/www.editorialclaret.cat\/es\/wp-json\/wp\/v2\/product"}],"about":[{"href":"https:\/\/www.editorialclaret.cat\/es\/wp-json\/wp\/v2\/types\/product"}],"wp:featuredmedia":[{"embeddable":true,"href":"https:\/\/www.editorialclaret.cat\/es\/wp-json\/wp\/v2\/media\/8402"}],"wp:attachment":[{"href":"https:\/\/www.editorialclaret.cat\/es\/wp-json\/wp\/v2\/media?parent=8401"}],"wp:term":[{"taxonomy":"product_brand","embeddable":true,"href":"https:\/\/www.editorialclaret.cat\/es\/wp-json\/wp\/v2\/product_brand?post=8401"},{"taxonomy":"product_cat","embeddable":true,"href":"https:\/\/www.editorialclaret.cat\/es\/wp-json\/wp\/v2\/product_cat?post=8401"},{"taxonomy":"product_tag","embeddable":true,"href":"https:\/\/www.editorialclaret.cat\/es\/wp-json\/wp\/v2\/product_tag?post=8401"}],"curies":[{"name":"wp","href":"https:\/\/api.w.org\/{rel}","templated":true}]}}