{"id":8347,"date":"2022-10-18T09:00:12","date_gmt":"2022-10-18T07:00:12","guid":{"rendered":"http:\/\/dev.editorialclaret.cat\/producte\/directori-per-a-la-catequesi\/"},"modified":"2025-06-18T16:55:53","modified_gmt":"2025-06-18T14:55:53","slug":"directori-per-a-la-catequesi-9788491363422","status":"publish","type":"product","link":"https:\/\/www.editorialclaret.cat\/es\/producto\/directori-per-a-la-catequesi-9788491363422\/","title":{"rendered":"DIRECTORI PER A LA CATEQUESI"},"content":{"rendered":"<p>El cam\u00ed de la catequesi d&#8217;aquestes \u00faltimes d\u00e8cades ha estat marcat per l&#8217;Exhortaci\u00f3 apost\u00f2lica Catechesi tradendae. Aquest text representa no nom\u00e9s l&#8217;itinerari realitzat a partir de la renovaci\u00f3 del Concili Ecum\u00e8nic Vatic\u00e0 II, sin\u00f3 que tamb\u00e9 constitueix la s\u00edntesi de l&#8217;aportaci\u00f3 de nombrosos Bisbes del m\u00f3n reunits en el S\u00ednode de 1977. Utilitzant les paraules d&#8217;aquell document, la catequesi \u00abtendeix cap al doble objectiu de fer madurar la fe inicial i d&#8217;educar el veritable deixeble del Crist per mitj\u00e0 d&#8217;un coneixement m\u00e9s aprofundit i m\u00e9s sistem\u00e0tic de la persona i del missatge de nostre Senyor Jesucrist\u00bb<br \/> El 23 de mar\u00e7 de 2020, el papa Francesc va aprovar el nou Directori per a la catequesi. Aquest text \u00e9s un pas endavant en aquesta din\u00e0mica de renovaci\u00f3 que realitza la catequesi. A m\u00e9s, els estudis catequ\u00e8tics i els esfor\u00e7os constants de moltes Confer\u00e8ncies Episcopals han perm\u00e8s assolir objectius ben significatius per a la vida de l&#8217;Esgl\u00e9sia i la maduraci\u00f3 dels creients, que requereixen una nova sistematitzaci\u00f3.<\/p>\n","protected":false},"excerpt":{"rendered":"<p>EL PONTIFICI CONSELL PER A LA PROMOCI\u00d3 DE LA NOVA EVANGELITZACI\u00d3<\/p>\n","protected":false},"featured_media":8348,"template":"","meta":{"_acf_changed":false,"rs_blank_template":"","rs_page_bg_color":"","slide_template_v7":"","inline_featured_image":false,"_monsterinsights_skip_tracking":false,"_monsterinsights_sitenote_active":false,"_monsterinsights_sitenote_note":"","_monsterinsights_sitenote_category":0},"product_brand":[],"product_cat":[1288],"product_tag":[],"class_list":{"0":"post-8347","1":"product","2":"type-product","3":"status-publish","4":"has-post-thumbnail","6":"product_cat-documents-dels-masgisteri","8":"first","9":"instock","10":"taxable","11":"shipping-taxable","12":"purchasable","13":"product-type-simple"},"acf":{"autor":"EL PONTIFICI CONSELL PER A LA PROMOCI\u00d3 DE LA NOVA EVANGELITZACI\u00d3","codart":"849136342","libros-coleccion":"DOCUMENTS DEL MAGISTERI","ediciones":"1","encuadernacion":"R\u00fastica","fecha_de_publicacion":"05\/11\/2020","novedad":"0","paginas":"340","subtitulo":"","orden":"0","portada":"0","idioma":"cat","autores-libros":[{"ID":46542,"post_author":"3","post_date":"2022-10-24 13:03:31","post_date_gmt":"2022-10-24 11:03:31","post_content":"","post_title":"EL PONTIFICI CONSELL PER A LA PROMOCI\u00d3 DE LA NOVA EVANGELITZACI\u00d3","post_excerpt":"","post_status":"publish","comment_status":"closed","ping_status":"closed","post_password":"","post_name":"el-pontifici-consell-per-a-la-promocio-de-la-nova-evangelitzacio","to_ping":"","pinged":"","post_modified":"2022-10-24 13:03:31","post_modified_gmt":"2022-10-24 11:03:31","post_content_filtered":"","post_parent":0,"guid":"http:\/\/dev.editorialclaret.cat\/autor\/el-pontifici-consell-per-a-la-promocio-de-la-nova-evangelitzacio\/","menu_order":0,"post_type":"autor","post_mime_type":"","comment_count":"0","filter":"raw"}],"booktrailer":"","linkebook":"","ficha":"849136342_1688649491.pdf","muestra":"","precioebook":"0","presentacion":"","resenas":""},"yoast_head":"<!-- This site is optimized with the Yoast SEO plugin v27.3 - https:\/\/yoast.com\/product\/yoast-seo-wordpress\/ -->\n<title>Editorial Claret<\/title>\n<meta name=\"robots\" content=\"noindex, follow, max-snippet:-1, max-image-preview:large, max-video-preview:-1\" \/>\n<meta property=\"og:locale\" content=\"es_ES\" \/>\n<meta property=\"og:type\" content=\"article\" \/>\n<meta property=\"og:title\" content=\"DIRECTORI PER A LA CATEQUESI - Editorial Claret\" \/>\n<meta property=\"og:description\" content=\"EL PONTIFICI CONSELL PER A LA PROMOCI\u00d3 DE LA NOVA EVANGELITZACI\u00d3\" \/>\n<meta property=\"og:url\" content=\"https:\/\/www.editorialclaret.cat\/producte\/directori-per-a-la-catequesi-9788491363422\/\" \/>\n<meta property=\"og:site_name\" content=\"Editorial Claret\" \/>\n<meta property=\"article:modified_time\" content=\"2025-06-18T14:55:53+00:00\" \/>\n<meta property=\"og:image\" content=\"https:\/\/www.editorialclaret.cat\/wp-content\/uploads\/.\/9788491363422.jpg\" \/>\n\t<meta property=\"og:image:width\" content=\"225\" \/>\n\t<meta property=\"og:image:height\" content=\"339\" \/>\n\t<meta property=\"og:image:type\" content=\"image\/jpeg\" \/>\n<meta name=\"twitter:card\" content=\"summary_large_image\" \/>\n<meta name=\"twitter:label1\" content=\"Tiempo de lectura\" \/>\n\t<meta name=\"twitter:data1\" content=\"1 minuto\" \/>\n<script type=\"application\/ld+json\" class=\"yoast-schema-graph\">{\"@context\":\"https:\\\/\\\/schema.org\",\"@graph\":[{\"@type\":\"WebPage\",\"@id\":\"https:\\\/\\\/www.editorialclaret.cat\\\/producte\\\/directori-per-a-la-catequesi-9788491363422\\\/\",\"url\":\"https:\\\/\\\/www.editorialclaret.cat\\\/producte\\\/directori-per-a-la-catequesi-9788491363422\\\/\",\"name\":\"DIRECTORI PER A LA CATEQUESI - Editorial Claret\",\"isPartOf\":{\"@id\":\"https:\\\/\\\/www.editorialclaret.cat\\\/#website\"},\"primaryImageOfPage\":{\"@id\":\"https:\\\/\\\/www.editorialclaret.cat\\\/producte\\\/directori-per-a-la-catequesi-9788491363422\\\/#primaryimage\"},\"image\":{\"@id\":\"https:\\\/\\\/www.editorialclaret.cat\\\/producte\\\/directori-per-a-la-catequesi-9788491363422\\\/#primaryimage\"},\"thumbnailUrl\":\"https:\\\/\\\/www.editorialclaret.cat\\\/wp-content\\\/uploads\\\/.\\\/9788491363422.jpg\",\"datePublished\":\"2022-10-18T07:00:12+00:00\",\"dateModified\":\"2025-06-18T14:55:53+00:00\",\"breadcrumb\":{\"@id\":\"https:\\\/\\\/www.editorialclaret.cat\\\/producte\\\/directori-per-a-la-catequesi-9788491363422\\\/#breadcrumb\"},\"inLanguage\":\"es\",\"potentialAction\":[{\"@type\":\"ReadAction\",\"target\":[\"https:\\\/\\\/www.editorialclaret.cat\\\/producte\\\/directori-per-a-la-catequesi-9788491363422\\\/\"]}]},{\"@type\":\"ImageObject\",\"inLanguage\":\"es\",\"@id\":\"https:\\\/\\\/www.editorialclaret.cat\\\/producte\\\/directori-per-a-la-catequesi-9788491363422\\\/#primaryimage\",\"url\":\"https:\\\/\\\/www.editorialclaret.cat\\\/wp-content\\\/uploads\\\/.\\\/9788491363422.jpg\",\"contentUrl\":\"https:\\\/\\\/www.editorialclaret.cat\\\/wp-content\\\/uploads\\\/.\\\/9788491363422.jpg\",\"width\":225,\"height\":339,\"caption\":\"9788491363422.jpg\"},{\"@type\":\"BreadcrumbList\",\"@id\":\"https:\\\/\\\/www.editorialclaret.cat\\\/producte\\\/directori-per-a-la-catequesi-9788491363422\\\/#breadcrumb\",\"itemListElement\":[{\"@type\":\"ListItem\",\"position\":1,\"name\":\"Portada\",\"item\":\"https:\\\/\\\/www.editorialclaret.cat\\\/es\\\/\"},{\"@type\":\"ListItem\",\"position\":2,\"name\":\"Botiga\",\"item\":\"https:\\\/\\\/www.editorialclaret.cat\\\/?page_id=16\"},{\"@type\":\"ListItem\",\"position\":3,\"name\":\"DIRECTORI PER A LA CATEQUESI\"}]},{\"@type\":\"WebSite\",\"@id\":\"https:\\\/\\\/www.editorialclaret.cat\\\/#website\",\"url\":\"https:\\\/\\\/www.editorialclaret.cat\\\/\",\"name\":\"Editorial Claret\",\"description\":\"\",\"publisher\":{\"@id\":\"https:\\\/\\\/www.editorialclaret.cat\\\/#organization\"},\"potentialAction\":[{\"@type\":\"SearchAction\",\"target\":{\"@type\":\"EntryPoint\",\"urlTemplate\":\"https:\\\/\\\/www.editorialclaret.cat\\\/?s={search_term_string}\"},\"query-input\":{\"@type\":\"PropertyValueSpecification\",\"valueRequired\":true,\"valueName\":\"search_term_string\"}}],\"inLanguage\":\"es\"},{\"@type\":\"Organization\",\"@id\":\"https:\\\/\\\/www.editorialclaret.cat\\\/#organization\",\"name\":\"Editorial Claret\",\"url\":\"https:\\\/\\\/www.editorialclaret.cat\\\/\",\"logo\":{\"@type\":\"ImageObject\",\"inLanguage\":\"es\",\"@id\":\"https:\\\/\\\/www.editorialclaret.cat\\\/#\\\/schema\\\/logo\\\/image\\\/\",\"url\":\"https:\\\/\\\/www.editorialclaret.cat\\\/wp-content\\\/uploads\\\/.\\\/logo-claret.png\",\"contentUrl\":\"https:\\\/\\\/www.editorialclaret.cat\\\/wp-content\\\/uploads\\\/.\\\/logo-claret.png\",\"width\":194,\"height\":79,\"caption\":\"Editorial Claret\"},\"image\":{\"@id\":\"https:\\\/\\\/www.editorialclaret.cat\\\/#\\\/schema\\\/logo\\\/image\\\/\"}}]}<\/script>\n<!-- \/ Yoast SEO plugin. -->","yoast_head_json":{"title":"Editorial Claret","robots":{"index":"noindex","follow":"follow","max-snippet":"max-snippet:-1","max-image-preview":"max-image-preview:large","max-video-preview":"max-video-preview:-1"},"og_locale":"es_ES","og_type":"article","og_title":"DIRECTORI PER A LA CATEQUESI - Editorial Claret","og_description":"EL PONTIFICI CONSELL PER A LA PROMOCI\u00d3 DE LA NOVA EVANGELITZACI\u00d3","og_url":"https:\/\/www.editorialclaret.cat\/producte\/directori-per-a-la-catequesi-9788491363422\/","og_site_name":"Editorial Claret","article_modified_time":"2025-06-18T14:55:53+00:00","og_image":[{"width":225,"height":339,"url":"https:\/\/www.editorialclaret.cat\/wp-content\/uploads\/.\/9788491363422.jpg","type":"image\/jpeg"}],"twitter_card":"summary_large_image","twitter_misc":{"Tiempo de lectura":"1 minuto"},"schema":{"@context":"https:\/\/schema.org","@graph":[{"@type":"WebPage","@id":"https:\/\/www.editorialclaret.cat\/producte\/directori-per-a-la-catequesi-9788491363422\/","url":"https:\/\/www.editorialclaret.cat\/producte\/directori-per-a-la-catequesi-9788491363422\/","name":"DIRECTORI PER A LA CATEQUESI - Editorial Claret","isPartOf":{"@id":"https:\/\/www.editorialclaret.cat\/#website"},"primaryImageOfPage":{"@id":"https:\/\/www.editorialclaret.cat\/producte\/directori-per-a-la-catequesi-9788491363422\/#primaryimage"},"image":{"@id":"https:\/\/www.editorialclaret.cat\/producte\/directori-per-a-la-catequesi-9788491363422\/#primaryimage"},"thumbnailUrl":"https:\/\/www.editorialclaret.cat\/wp-content\/uploads\/.\/9788491363422.jpg","datePublished":"2022-10-18T07:00:12+00:00","dateModified":"2025-06-18T14:55:53+00:00","breadcrumb":{"@id":"https:\/\/www.editorialclaret.cat\/producte\/directori-per-a-la-catequesi-9788491363422\/#breadcrumb"},"inLanguage":"es","potentialAction":[{"@type":"ReadAction","target":["https:\/\/www.editorialclaret.cat\/producte\/directori-per-a-la-catequesi-9788491363422\/"]}]},{"@type":"ImageObject","inLanguage":"es","@id":"https:\/\/www.editorialclaret.cat\/producte\/directori-per-a-la-catequesi-9788491363422\/#primaryimage","url":"https:\/\/www.editorialclaret.cat\/wp-content\/uploads\/.\/9788491363422.jpg","contentUrl":"https:\/\/www.editorialclaret.cat\/wp-content\/uploads\/.\/9788491363422.jpg","width":225,"height":339,"caption":"9788491363422.jpg"},{"@type":"BreadcrumbList","@id":"https:\/\/www.editorialclaret.cat\/producte\/directori-per-a-la-catequesi-9788491363422\/#breadcrumb","itemListElement":[{"@type":"ListItem","position":1,"name":"Portada","item":"https:\/\/www.editorialclaret.cat\/es\/"},{"@type":"ListItem","position":2,"name":"Botiga","item":"https:\/\/www.editorialclaret.cat\/?page_id=16"},{"@type":"ListItem","position":3,"name":"DIRECTORI PER A LA CATEQUESI"}]},{"@type":"WebSite","@id":"https:\/\/www.editorialclaret.cat\/#website","url":"https:\/\/www.editorialclaret.cat\/","name":"Editorial Claret","description":"","publisher":{"@id":"https:\/\/www.editorialclaret.cat\/#organization"},"potentialAction":[{"@type":"SearchAction","target":{"@type":"EntryPoint","urlTemplate":"https:\/\/www.editorialclaret.cat\/?s={search_term_string}"},"query-input":{"@type":"PropertyValueSpecification","valueRequired":true,"valueName":"search_term_string"}}],"inLanguage":"es"},{"@type":"Organization","@id":"https:\/\/www.editorialclaret.cat\/#organization","name":"Editorial Claret","url":"https:\/\/www.editorialclaret.cat\/","logo":{"@type":"ImageObject","inLanguage":"es","@id":"https:\/\/www.editorialclaret.cat\/#\/schema\/logo\/image\/","url":"https:\/\/www.editorialclaret.cat\/wp-content\/uploads\/.\/logo-claret.png","contentUrl":"https:\/\/www.editorialclaret.cat\/wp-content\/uploads\/.\/logo-claret.png","width":194,"height":79,"caption":"Editorial Claret"},"image":{"@id":"https:\/\/www.editorialclaret.cat\/#\/schema\/logo\/image\/"}}]}},"_links":{"self":[{"href":"https:\/\/www.editorialclaret.cat\/es\/wp-json\/wp\/v2\/product\/8347","targetHints":{"allow":["GET"]}}],"collection":[{"href":"https:\/\/www.editorialclaret.cat\/es\/wp-json\/wp\/v2\/product"}],"about":[{"href":"https:\/\/www.editorialclaret.cat\/es\/wp-json\/wp\/v2\/types\/product"}],"wp:featuredmedia":[{"embeddable":true,"href":"https:\/\/www.editorialclaret.cat\/es\/wp-json\/wp\/v2\/media\/8348"}],"wp:attachment":[{"href":"https:\/\/www.editorialclaret.cat\/es\/wp-json\/wp\/v2\/media?parent=8347"}],"wp:term":[{"taxonomy":"product_brand","embeddable":true,"href":"https:\/\/www.editorialclaret.cat\/es\/wp-json\/wp\/v2\/product_brand?post=8347"},{"taxonomy":"product_cat","embeddable":true,"href":"https:\/\/www.editorialclaret.cat\/es\/wp-json\/wp\/v2\/product_cat?post=8347"},{"taxonomy":"product_tag","embeddable":true,"href":"https:\/\/www.editorialclaret.cat\/es\/wp-json\/wp\/v2\/product_tag?post=8347"}],"curies":[{"name":"wp","href":"https:\/\/api.w.org\/{rel}","templated":true}]}}