{"id":8281,"date":"2022-10-18T08:51:12","date_gmt":"2022-10-18T06:51:12","guid":{"rendered":"http:\/\/dev.editorialclaret.cat\/producte\/en-temps-dificils-un-xic-de-felicitat\/"},"modified":"2024-07-12T11:35:05","modified_gmt":"2024-07-12T09:35:05","slug":"en-temps-dificils-un-xic-de-felicitat-9788491364030","status":"publish","type":"product","link":"https:\/\/www.editorialclaret.cat\/es\/producto\/en-temps-dificils-un-xic-de-felicitat-9788491364030\/","title":{"rendered":"EN TEMPS DIF\u00cdCILS, UN XIC DE FELICITAT"},"content":{"rendered":"<p>\u201cVaig escriure aquest llibre a l&#8217;inici d&#8217;aquest temps tan dif\u00edcil que ens ha tocat de viure, i del que encara ens queda molt cam\u00ed per fer. Per a mi, redactar aquestes p\u00e0gines va ser una salvaci\u00f3. Em va ajudar a afrontar cada dia amb confian\u00e7a, serenor i coratge. Sempre he tingut clar que la vida \u00e9s una gran escola, que hi venim a aprendre; per\u00f2 sovint la lli\u00e7\u00f3 es presenta costeruda i escabrosa. Davant d&#8217;aix\u00f2, \u00e9s millor acceptar les adversitats de la millor manera possible, amb una gran dosi de perseveran\u00e7a. Alhora, conv\u00e9 desfer-nos d&#8217;all\u00f2 que ens impedeix aprendre i cr\u00e9ixer com a persones. Esfor\u00e7ant nos sempre per trobar la part positiva. Donant sempre gr\u00e0cies, perqu\u00e8 aix\u00f2 carregar\u00e0 les c\u00e8l\u00b7lules d&#8217;energia positiva. Sabem que despr\u00e9s de la tempesta, tard o d&#8217;hora, surt el sol. En aquest treball, fet amb esfor\u00e7 i il\u00b7lusi\u00f3, hi trobareu un feix de reflexions que us poden ajudar a ser cada dia un xic m\u00e9s feli\u00e7os. Compartir-les amb vosaltres \u00e9s per a mi una gran joia.\u201d De l&#8217;autora Josepa Forns.<\/p>\n<p>Tot comen\u00e7a el 13 de mar\u00e7 del 2020. La pand\u00e8mia de la Covid-19 paralitza el pa\u00eds. En aquesta data el m\u00f3n s\u2019enfonsa per a moltes persones, i per a d\u2019altres s\u2019obre un nou horitz\u00f3 i es proposen buscar nous camins. L\u2019autora ens exposa com ella mateixa es planteja buscar nous camins. Haur\u00e9 d\u2019equilibrar els meus pensaments, sentiments, emocions i valors\u2026 amb cor i ment, amb lluita di\u00e0ria, amb energia, coratge i molta serenor per aquest temps que ens toca viure que\u2026 no sabem quan durar\u00e0, diu. Ella t\u00e9 molt clar que sempre hi haur\u00e0 una llum d\u2019esperan\u00e7a. Tota aquesta situaci\u00f3 la porta a que avui tinguem a les mans aquest llibre.<\/p>\n","protected":false},"excerpt":{"rendered":"<p>FORNS PUJOL, JOSEPA<\/p>\n","protected":false},"featured_media":66679,"template":"","meta":{"_acf_changed":false,"rs_blank_template":"","rs_page_bg_color":"","slide_template_v7":"","inline_featured_image":false,"_monsterinsights_skip_tracking":false,"_monsterinsights_sitenote_active":false,"_monsterinsights_sitenote_note":"","_monsterinsights_sitenote_category":0},"product_brand":[],"product_cat":[1041],"product_tag":[],"class_list":{"0":"post-8281","1":"product","2":"type-product","3":"status-publish","4":"has-post-thumbnail","6":"product_cat-catala","8":"first","9":"instock","10":"taxable","11":"shipping-taxable","12":"purchasable","13":"product-type-simple"},"acf":{"autor":"FORNS PUJOL, JOSEPA","codart":"849136403","libros-coleccion":"Col\u00b7lecci\u00f3: -----","ediciones":"1","encuadernacion":"R\u00fastica","fecha_de_publicacion":"15\/02\/2022","novedad":"1","paginas":"136","subtitulo":"","orden":"1000","portada":"0","idioma":"cat","autores-libros":[{"ID":46582,"post_author":"3","post_date":"2022-10-24 13:04:00","post_date_gmt":"2022-10-24 11:04:00","post_content":"Va estudiar Psicologia i Logop\u00e8dia. Durant prop de quaranta anys s\u2019ha dedicat a l\u2019Educaci\u00f3 Especial, treballant, estimant i educant, formant molts alumnes perqu\u00e8 fossin persones aut\u00f2nomes, solid\u00e0ries i joioses dins la societat, per preparar-los per un ofici i millorar la seva formaci\u00f3. Tamb\u00e9 ha dirigit els gabinets psicopedag\u00f2gics de dues escoles.\r\nJunt amb altres mestres, psic\u00f2legs i pedagogs, va crear un Centre dedicat a l\u2019Educaci\u00f3 Especial, amb programes de garantia social i d\u2019inserci\u00f3 laboral. \u00c9s autora dels llibres\u00a0<em>Com reeducar: exercicis pr\u00e0ctics<\/em>,\u00a0<em>Treballem i aprenem amb el cos<\/em>,\u00a0<em>Reptes, amb motiu dels vinc-i-cinc anys de professi\u00f3<\/em>, i\u00a0<em>Donant un xic de felicitat<\/em>.\r\nDespr\u00e9s de jubilar-se prematurament a causa d\u2019un ictus \u2013que va superar amb una gran for\u00e7a de voluntat i il\u00b7lusi\u00f3 per viure\u2013 ha fet xerrades explicant aquesta experi\u00e8ncia, i tamb\u00e9 sobre \u00abbenestar personal\u00bb i \u00abeines per gaudir de la saviesa\u00bb.","post_title":"JOSEPA FORNS PUJOL","post_excerpt":"","post_status":"publish","comment_status":"closed","ping_status":"closed","post_password":"","post_name":"josepa-forns-pujol","to_ping":"","pinged":"","post_modified":"2024-03-07 13:42:10","post_modified_gmt":"2024-03-07 12:42:10","post_content_filtered":"","post_parent":0,"guid":"http:\/\/dev.editorialclaret.cat\/autor\/josepa-forns-pujol\/","menu_order":0,"post_type":"autor","post_mime_type":"","comment_count":"0","filter":"raw"}],"booktrailer":"","linkebook":"","ficha":"849136403_1688550728.pdf","muestra":"","precioebook":"0","presentacion":"","resenas":"<p>Diari de Caldes, 01\/12\/2022<\/p>\n<p><a href=\"https:\/\/drive.google.com\/file\/d\/17Cr0QALnDMkbPVjyW38m0BiKhH6NmcDC\/view?usp=share_link\" rel=\"noopener noreferrer\" target=\"_blank\">https:\/\/drive.google.com\/file\/d\/17Cr0QALnDMkbPVjyW38m0BiKhH6NmcDC\/view?usp=share_link<\/a><\/p>\n<p><\/p>\n<p>Ag\u00e8ncia Flama, 15\/02\/2022<\/p>\n<p><a href=\"https:\/\/www.flama.info\/modules.php?name=news&amp;d_op=new_pdf&amp;idnew=40322\" rel=\"noopener noreferrer\" target=\"_blank\">https:\/\/www.flama.info\/modules.php?name=news&amp;d_op=new_pdf&amp;idnew=40322<\/a><\/p>\n"},"yoast_head":"<!-- This site is optimized with the Yoast SEO plugin v27.3 - https:\/\/yoast.com\/product\/yoast-seo-wordpress\/ -->\n<title>Editorial Claret<\/title>\n<meta name=\"robots\" content=\"noindex, follow, max-snippet:-1, max-image-preview:large, max-video-preview:-1\" \/>\n<meta property=\"og:locale\" content=\"es_ES\" \/>\n<meta property=\"og:type\" content=\"article\" \/>\n<meta property=\"og:title\" content=\"EN TEMPS DIF\u00cdCILS, UN XIC DE FELICITAT - Editorial Claret\" \/>\n<meta property=\"og:description\" content=\"FORNS PUJOL, JOSEPA\" \/>\n<meta property=\"og:url\" content=\"https:\/\/www.editorialclaret.cat\/producte\/en-temps-dificils-un-xic-de-felicitat-9788491364030\/\" \/>\n<meta property=\"og:site_name\" content=\"Editorial Claret\" \/>\n<meta property=\"article:modified_time\" content=\"2024-07-12T09:35:05+00:00\" \/>\n<meta property=\"og:image\" content=\"https:\/\/www.editorialclaret.cat\/wp-content\/uploads\/9788491364030-4.jpg\" \/>\n\t<meta property=\"og:image:width\" content=\"250\" \/>\n\t<meta property=\"og:image:height\" content=\"389\" \/>\n\t<meta property=\"og:image:type\" content=\"image\/jpeg\" \/>\n<meta name=\"twitter:card\" content=\"summary_large_image\" \/>\n<meta name=\"twitter:label1\" content=\"Tiempo de lectura\" \/>\n\t<meta name=\"twitter:data1\" content=\"2 minutos\" \/>\n<script type=\"application\/ld+json\" class=\"yoast-schema-graph\">{\"@context\":\"https:\\\/\\\/schema.org\",\"@graph\":[{\"@type\":\"WebPage\",\"@id\":\"https:\\\/\\\/www.editorialclaret.cat\\\/producte\\\/en-temps-dificils-un-xic-de-felicitat-9788491364030\\\/\",\"url\":\"https:\\\/\\\/www.editorialclaret.cat\\\/producte\\\/en-temps-dificils-un-xic-de-felicitat-9788491364030\\\/\",\"name\":\"EN TEMPS DIF\u00cdCILS, UN XIC DE FELICITAT - Editorial Claret\",\"isPartOf\":{\"@id\":\"https:\\\/\\\/www.editorialclaret.cat\\\/#website\"},\"primaryImageOfPage\":{\"@id\":\"https:\\\/\\\/www.editorialclaret.cat\\\/producte\\\/en-temps-dificils-un-xic-de-felicitat-9788491364030\\\/#primaryimage\"},\"image\":{\"@id\":\"https:\\\/\\\/www.editorialclaret.cat\\\/producte\\\/en-temps-dificils-un-xic-de-felicitat-9788491364030\\\/#primaryimage\"},\"thumbnailUrl\":\"https:\\\/\\\/www.editorialclaret.cat\\\/wp-content\\\/uploads\\\/9788491364030-4.jpg\",\"datePublished\":\"2022-10-18T06:51:12+00:00\",\"dateModified\":\"2024-07-12T09:35:05+00:00\",\"breadcrumb\":{\"@id\":\"https:\\\/\\\/www.editorialclaret.cat\\\/producte\\\/en-temps-dificils-un-xic-de-felicitat-9788491364030\\\/#breadcrumb\"},\"inLanguage\":\"es\",\"potentialAction\":[{\"@type\":\"ReadAction\",\"target\":[\"https:\\\/\\\/www.editorialclaret.cat\\\/producte\\\/en-temps-dificils-un-xic-de-felicitat-9788491364030\\\/\"]}]},{\"@type\":\"ImageObject\",\"inLanguage\":\"es\",\"@id\":\"https:\\\/\\\/www.editorialclaret.cat\\\/producte\\\/en-temps-dificils-un-xic-de-felicitat-9788491364030\\\/#primaryimage\",\"url\":\"https:\\\/\\\/www.editorialclaret.cat\\\/wp-content\\\/uploads\\\/9788491364030-4.jpg\",\"contentUrl\":\"https:\\\/\\\/www.editorialclaret.cat\\\/wp-content\\\/uploads\\\/9788491364030-4.jpg\",\"width\":250,\"height\":389,\"caption\":\"9788491364030.jpg\"},{\"@type\":\"BreadcrumbList\",\"@id\":\"https:\\\/\\\/www.editorialclaret.cat\\\/producte\\\/en-temps-dificils-un-xic-de-felicitat-9788491364030\\\/#breadcrumb\",\"itemListElement\":[{\"@type\":\"ListItem\",\"position\":1,\"name\":\"Portada\",\"item\":\"https:\\\/\\\/www.editorialclaret.cat\\\/es\\\/\"},{\"@type\":\"ListItem\",\"position\":2,\"name\":\"Botiga\",\"item\":\"https:\\\/\\\/www.editorialclaret.cat\\\/?page_id=16\"},{\"@type\":\"ListItem\",\"position\":3,\"name\":\"EN TEMPS DIF\u00cdCILS, UN XIC DE FELICITAT\"}]},{\"@type\":\"WebSite\",\"@id\":\"https:\\\/\\\/www.editorialclaret.cat\\\/#website\",\"url\":\"https:\\\/\\\/www.editorialclaret.cat\\\/\",\"name\":\"Editorial Claret\",\"description\":\"\",\"publisher\":{\"@id\":\"https:\\\/\\\/www.editorialclaret.cat\\\/#organization\"},\"potentialAction\":[{\"@type\":\"SearchAction\",\"target\":{\"@type\":\"EntryPoint\",\"urlTemplate\":\"https:\\\/\\\/www.editorialclaret.cat\\\/?s={search_term_string}\"},\"query-input\":{\"@type\":\"PropertyValueSpecification\",\"valueRequired\":true,\"valueName\":\"search_term_string\"}}],\"inLanguage\":\"es\"},{\"@type\":\"Organization\",\"@id\":\"https:\\\/\\\/www.editorialclaret.cat\\\/#organization\",\"name\":\"Editorial Claret\",\"url\":\"https:\\\/\\\/www.editorialclaret.cat\\\/\",\"logo\":{\"@type\":\"ImageObject\",\"inLanguage\":\"es\",\"@id\":\"https:\\\/\\\/www.editorialclaret.cat\\\/#\\\/schema\\\/logo\\\/image\\\/\",\"url\":\"https:\\\/\\\/www.editorialclaret.cat\\\/wp-content\\\/uploads\\\/.\\\/logo-claret.png\",\"contentUrl\":\"https:\\\/\\\/www.editorialclaret.cat\\\/wp-content\\\/uploads\\\/.\\\/logo-claret.png\",\"width\":194,\"height\":79,\"caption\":\"Editorial Claret\"},\"image\":{\"@id\":\"https:\\\/\\\/www.editorialclaret.cat\\\/#\\\/schema\\\/logo\\\/image\\\/\"}}]}<\/script>\n<!-- \/ Yoast SEO plugin. -->","yoast_head_json":{"title":"Editorial Claret","robots":{"index":"noindex","follow":"follow","max-snippet":"max-snippet:-1","max-image-preview":"max-image-preview:large","max-video-preview":"max-video-preview:-1"},"og_locale":"es_ES","og_type":"article","og_title":"EN TEMPS DIF\u00cdCILS, UN XIC DE FELICITAT - Editorial Claret","og_description":"FORNS PUJOL, JOSEPA","og_url":"https:\/\/www.editorialclaret.cat\/producte\/en-temps-dificils-un-xic-de-felicitat-9788491364030\/","og_site_name":"Editorial Claret","article_modified_time":"2024-07-12T09:35:05+00:00","og_image":[{"width":250,"height":389,"url":"https:\/\/www.editorialclaret.cat\/wp-content\/uploads\/9788491364030-4.jpg","type":"image\/jpeg"}],"twitter_card":"summary_large_image","twitter_misc":{"Tiempo de lectura":"2 minutos"},"schema":{"@context":"https:\/\/schema.org","@graph":[{"@type":"WebPage","@id":"https:\/\/www.editorialclaret.cat\/producte\/en-temps-dificils-un-xic-de-felicitat-9788491364030\/","url":"https:\/\/www.editorialclaret.cat\/producte\/en-temps-dificils-un-xic-de-felicitat-9788491364030\/","name":"EN TEMPS DIF\u00cdCILS, UN XIC DE FELICITAT - Editorial Claret","isPartOf":{"@id":"https:\/\/www.editorialclaret.cat\/#website"},"primaryImageOfPage":{"@id":"https:\/\/www.editorialclaret.cat\/producte\/en-temps-dificils-un-xic-de-felicitat-9788491364030\/#primaryimage"},"image":{"@id":"https:\/\/www.editorialclaret.cat\/producte\/en-temps-dificils-un-xic-de-felicitat-9788491364030\/#primaryimage"},"thumbnailUrl":"https:\/\/www.editorialclaret.cat\/wp-content\/uploads\/9788491364030-4.jpg","datePublished":"2022-10-18T06:51:12+00:00","dateModified":"2024-07-12T09:35:05+00:00","breadcrumb":{"@id":"https:\/\/www.editorialclaret.cat\/producte\/en-temps-dificils-un-xic-de-felicitat-9788491364030\/#breadcrumb"},"inLanguage":"es","potentialAction":[{"@type":"ReadAction","target":["https:\/\/www.editorialclaret.cat\/producte\/en-temps-dificils-un-xic-de-felicitat-9788491364030\/"]}]},{"@type":"ImageObject","inLanguage":"es","@id":"https:\/\/www.editorialclaret.cat\/producte\/en-temps-dificils-un-xic-de-felicitat-9788491364030\/#primaryimage","url":"https:\/\/www.editorialclaret.cat\/wp-content\/uploads\/9788491364030-4.jpg","contentUrl":"https:\/\/www.editorialclaret.cat\/wp-content\/uploads\/9788491364030-4.jpg","width":250,"height":389,"caption":"9788491364030.jpg"},{"@type":"BreadcrumbList","@id":"https:\/\/www.editorialclaret.cat\/producte\/en-temps-dificils-un-xic-de-felicitat-9788491364030\/#breadcrumb","itemListElement":[{"@type":"ListItem","position":1,"name":"Portada","item":"https:\/\/www.editorialclaret.cat\/es\/"},{"@type":"ListItem","position":2,"name":"Botiga","item":"https:\/\/www.editorialclaret.cat\/?page_id=16"},{"@type":"ListItem","position":3,"name":"EN TEMPS DIF\u00cdCILS, UN XIC DE FELICITAT"}]},{"@type":"WebSite","@id":"https:\/\/www.editorialclaret.cat\/#website","url":"https:\/\/www.editorialclaret.cat\/","name":"Editorial Claret","description":"","publisher":{"@id":"https:\/\/www.editorialclaret.cat\/#organization"},"potentialAction":[{"@type":"SearchAction","target":{"@type":"EntryPoint","urlTemplate":"https:\/\/www.editorialclaret.cat\/?s={search_term_string}"},"query-input":{"@type":"PropertyValueSpecification","valueRequired":true,"valueName":"search_term_string"}}],"inLanguage":"es"},{"@type":"Organization","@id":"https:\/\/www.editorialclaret.cat\/#organization","name":"Editorial Claret","url":"https:\/\/www.editorialclaret.cat\/","logo":{"@type":"ImageObject","inLanguage":"es","@id":"https:\/\/www.editorialclaret.cat\/#\/schema\/logo\/image\/","url":"https:\/\/www.editorialclaret.cat\/wp-content\/uploads\/.\/logo-claret.png","contentUrl":"https:\/\/www.editorialclaret.cat\/wp-content\/uploads\/.\/logo-claret.png","width":194,"height":79,"caption":"Editorial Claret"},"image":{"@id":"https:\/\/www.editorialclaret.cat\/#\/schema\/logo\/image\/"}}]}},"_links":{"self":[{"href":"https:\/\/www.editorialclaret.cat\/es\/wp-json\/wp\/v2\/product\/8281","targetHints":{"allow":["GET"]}}],"collection":[{"href":"https:\/\/www.editorialclaret.cat\/es\/wp-json\/wp\/v2\/product"}],"about":[{"href":"https:\/\/www.editorialclaret.cat\/es\/wp-json\/wp\/v2\/types\/product"}],"wp:featuredmedia":[{"embeddable":true,"href":"https:\/\/www.editorialclaret.cat\/es\/wp-json\/wp\/v2\/media\/66679"}],"wp:attachment":[{"href":"https:\/\/www.editorialclaret.cat\/es\/wp-json\/wp\/v2\/media?parent=8281"}],"wp:term":[{"taxonomy":"product_brand","embeddable":true,"href":"https:\/\/www.editorialclaret.cat\/es\/wp-json\/wp\/v2\/product_brand?post=8281"},{"taxonomy":"product_cat","embeddable":true,"href":"https:\/\/www.editorialclaret.cat\/es\/wp-json\/wp\/v2\/product_cat?post=8281"},{"taxonomy":"product_tag","embeddable":true,"href":"https:\/\/www.editorialclaret.cat\/es\/wp-json\/wp\/v2\/product_tag?post=8281"}],"curies":[{"name":"wp","href":"https:\/\/api.w.org\/{rel}","templated":true}]}}