{"id":70347,"date":"2026-02-03T10:20:03","date_gmt":"2026-02-03T09:20:03","guid":{"rendered":"https:\/\/www.editorialclaret.cat\/producte\/la-dimensio-humana-el-jesus-dels-evangelis-9788491366430\/"},"modified":"2026-04-09T17:00:24","modified_gmt":"2026-04-09T15:00:24","slug":"la-dimensio-humana-el-jesus-dels-evangelis-9788491366430","status":"publish","type":"product","link":"https:\/\/www.editorialclaret.cat\/es\/producto\/la-dimensio-humana-el-jesus-dels-evangelis-9788491366430\/","title":{"rendered":"LA DIMENSI\u00d3 HUMANA. EL JES\u00daS DELS EVANGELIS"},"content":{"rendered":"<p>El <strong>Jes\u00fas dels Evangelis<\/strong> es revela com un <strong>home extraordinari<\/strong>, un \u00e9sser de <strong>carn i ossos<\/strong> que desperta <strong>admiraci\u00f3<\/strong> i <strong>tendresa<\/strong>. Els relats dels <strong>evangelistes<\/strong> ens conviden a descobrir la seva <strong>humanitat<\/strong> m\u00e9s entranyable i viva, apropant-nos intu\u00eftivament a les seves aut\u00e8ntiques <strong>quatre dimensions humanes<\/strong>.<\/p>\n<p>Aquesta <strong>lectura antropol\u00f2gica dels Evangelis<\/strong> \u2014<strong>Marc<\/strong>, <strong>Lluc<\/strong>, <strong>Mateu<\/strong> i <strong>Joan<\/strong>\u2014 esdev\u00e9 una suggeridora i estimulant aproximaci\u00f3 a la <strong>persona de Jes\u00fas de Natzaret<\/strong>, oferint una mirada profunda sobre la seva <strong>naturalesa humana<\/strong>, el seu <strong>missatge espiritual<\/strong> i la seva rellev\u00e0ncia dins la <strong>tradici\u00f3 b\u00edblica<\/strong> i el <strong>pensament cristi\u00e0<\/strong>.<\/p>\n<p><\/p>\n<p>Un llibre ideal per a:<\/p>\n<p><\/p>\n<ul>\n<li>Totes aquelles persones que volen con\u00e8ixer millor la figura de <strong>Jesucrist <\/strong>i endinsar-se en la fe cristiana.<\/li>\n<li>Creients i no-creients que vulguin estudiar el <strong>cristianisme <\/strong>des d&#8217;una visi\u00f3 antropol\u00f2gica i humanista.<\/li>\n<li>Sacerdots, professors i estudiosos de la <strong>religi\u00f3 <\/strong>que vulguin parlar de Crist des d&#8217;una perspectiva completa i informada.<\/li>\n<li>Amants dels<strong> assajos hist\u00f2rics i filos\u00f2fics<\/strong> especialitzats en el cristianisme.<\/li>\n<li>Tothom qui es pregunti sobre la tradici\u00f3 b\u00edblica i el pensament cristi\u00e0.<\/li>\n<\/ul>\n<p><strong><em>*Aquest llibre ha estat impr\u00e8s amb paper certificat pel&nbsp;<\/em><\/strong> <a href='https:\/\/fsc.org\/en' rel='noopener noreferrer' target='_blank'><strong><em>Forest Stewardship Council (FSC)<\/em><\/strong><\/a> <strong><em>, que compleix amb els principis de gesti\u00f3 econ\u00f2mica, social i ambiental sostenibles.<\/em><\/strong><\/p>\n","protected":false},"excerpt":{"rendered":"<p>DURAN I NAVARRO, JAUME<\/p>\n","protected":false},"featured_media":70510,"template":"","meta":{"_acf_changed":false,"rs_blank_template":"","rs_page_bg_color":"","slide_template_v7":"","inline_featured_image":false,"_monsterinsights_skip_tracking":false,"_monsterinsights_sitenote_active":false,"_monsterinsights_sitenote_note":"","_monsterinsights_sitenote_category":0},"product_brand":[],"product_cat":[1204,967,1247,1010],"product_tag":[],"class_list":{"0":"post-70347","1":"product","2":"type-product","3":"status-publish","4":"has-post-thumbnail","6":"product_cat-autores-espiritualidad-espiritualidad","7":"product_cat-autors-espiritualitat-espiritualitat","8":"product_cat-cristologia-teologia-espiritualidad","9":"product_cat-cristologia-teologia","11":"first","12":"instock","13":"taxable","14":"shipping-taxable","15":"purchasable","16":"product-type-simple"},"acf":{"autor":"DURAN I NAVARRO, JAUME","codart":"849136643","libros-coleccion":"FORA DE COL.LECCI\u00d3","ediciones":"1","encuadernacion":"R\u00fastica","fecha_de_publicacion":"17\/02\/2026","novedad":"1","paginas":"136","subtitulo":"","orden":"0","portada":"1","idioma":"cat","booktrailer":"<iframe width=\"948\" height=\"533\" src=\"https:\/\/www.youtube.com\/embed\/jBqwRcfmf9M?si=WSYSp_PskSfMycQB\" title=\"YouTube video player\" frameborder=\"0\" allow=\"accelerometer; autoplay; clipboard-write; encrypted-media; gyroscope; picture-in-picture; web-share\" referrerpolicy=\"strict-origin-when-cross-origin\" allowfullscreen><\/iframe>","resenas":"<p>Catalunya Religi\u00f3, 18\/02\/2026<\/p>\n<p><a href=\"https:\/\/www.catalunyareligio.cat\/ca\/jaume-duran-navarro-ens-cal-reconnectar-dimensio\" rel=\"noopener noreferrer\" target=\"_blank\">https:\/\/www.catalunyareligio.cat\/ca\/jaume-duran-navarro-ens-cal-reconnectar-dimensio<\/a><\/p>\n<p><\/p>\n<p>Catalunya Cristiana (castell\u00e0), 22\/03\/2026<\/p>\n<p><a href=\"https:\/\/drive.google.com\/file\/d\/1qeXopg1rcDUJABvilijiEPrStQyVc2Cv\/view?usp=sharing\" rel=\"noopener noreferrer\" target=\"_blank\">https:\/\/drive.google.com\/file\/d\/1qeXopg1rcDUJABvilijiEPrStQyVc2Cv\/view?usp=sharing<\/a><\/p>\n<p><\/p>\n<p>Catalunya Cristiana, 22\/03\/2026<\/p>\n<p><a href=\"https:\/\/drive.google.com\/file\/d\/1_nccKyO7w7et7E4_iEBShoI_STjeahmT\/view?usp=sharing\" rel=\"noopener noreferrer\" target=\"_blank\">https:\/\/drive.google.com\/file\/d\/1_nccKyO7w7et7E4_iEBShoI_STjeahmT\/view?usp=sharing<\/a><\/p>\n<p><\/p>\n<p>Catalunya Cristiana, 07\/04\/2026<\/p>\n<p><a href=\"https:\/\/www.catalunyacristiana.cat\/jaume-duran-nomes-amb-cos-i-anima-no-ens-podem-explicar\" rel=\"noopener noreferrer\" target=\"_blank\">https:\/\/www.catalunyacristiana.cat\/jaume-duran-nomes-amb-cos-i-anima-no-ens-podem-explicar<\/a><\/p>\n<p><\/p>\n<p>Catalunya Cristiana, 09\/04\/2026<\/p>\n<p><a href=\"https:\/\/www.catalunyacristiana.cat\/la-literatura-religiosa-guanya-pes-gaudi-i-el-papa-lleo-xiv-encapcalen-les-novetats-de-sant-jordi\" rel=\"noopener noreferrer\" target=\"_blank\">https:\/\/www.catalunyacristiana.cat\/la-literatura-religiosa-guanya-pes-gaudi-i-el-papa-lleo-xiv-encapcalen-les-novetats-de-sant-jordi<\/a><\/p>\n<p><\/p>\n<p>Catalunya Religi\u00f3, 09\/04\/2026<\/p>\n<p><a href=\"https:\/\/www.catalunyareligio.cat\/ca\/sant-jordi-2026-literatura-religiosa-espai-clau\" rel=\"noopener noreferrer\" target=\"_blank\">https:\/\/www.catalunyareligio.cat\/ca\/sant-jordi-2026-literatura-religiosa-espai-clau<\/a><\/p>\n<p><\/p>\n<p>Ag\u00e8ncia Flama, 09\/04\/2026<\/p>\n<p><a href=\"https:\/\/www.agenciaflama.cat\/novetats-editorials-reflexions-sant-jordi\/\" rel=\"noopener noreferrer\" target=\"_blank\">https:\/\/www.agenciaflama.cat\/novetats-editorials-reflexions-sant-jordi\/<\/a><\/p>\n","autores-libros":[{"ID":50012,"post_author":"3","post_date":"2023-02-11 21:58:41","post_date_gmt":"2023-02-11 20:58:41","post_content":"Jaume Duran \u00e9s doctor en medicina, llicenciat en Ci\u00e8ncia Religiosa \u2013Teologia B\u00edblica, i doctor en\u00a0filosofia. M\u00e0ster en Bio\u00e8tica, \u00e9s\u00a0membre del Comit\u00e8 deontol\u00f2gic\u00a0del Col\u00b7legi Oficial de Metges de\u00a0Barcelona i combina la tasca gerencial d\u2019una entitat no lucrativa de serveis sanitaris i socials amb\u00a0la doc\u00e8ncia en diferents programes universitaris a\u00a0Catalunya.","post_title":"JAUME DURAN I NAVARRO","post_excerpt":"","post_status":"publish","comment_status":"closed","ping_status":"closed","post_password":"","post_name":"jaume-duran-i-navarro","to_ping":"","pinged":"","post_modified":"2024-02-15 13:14:55","post_modified_gmt":"2024-02-15 12:14:55","post_content_filtered":"","post_parent":0,"guid":"http:\/\/dev.editorialclaret.cat\/autor\/jaume-duran-i-navarro\/","menu_order":0,"post_type":"autor","post_mime_type":"","comment_count":"0","filter":"raw"}],"linkebook":"","ficha":"849136643_1771251986.pdf","muestra":"","precioebook":"0","presentacion":""},"yoast_head":"<!-- This site is optimized with the Yoast SEO plugin v27.3 - https:\/\/yoast.com\/product\/yoast-seo-wordpress\/ -->\n<title>Editorial Claret<\/title>\n<meta name=\"robots\" content=\"noindex, follow, max-snippet:-1, max-image-preview:large, max-video-preview:-1\" \/>\n<meta property=\"og:locale\" content=\"es_ES\" \/>\n<meta property=\"og:type\" content=\"article\" \/>\n<meta property=\"og:title\" content=\"LA DIMENSI\u00d3 HUMANA. EL JES\u00daS DELS EVANGELIS - Editorial Claret\" \/>\n<meta property=\"og:description\" content=\"DURAN I NAVARRO, JAUME\" \/>\n<meta property=\"og:url\" content=\"https:\/\/www.editorialclaret.cat\/producte\/la-dimensio-humana-el-jesus-dels-evangelis-9788491366430\/\" \/>\n<meta property=\"og:site_name\" content=\"Editorial Claret\" \/>\n<meta property=\"article:modified_time\" content=\"2026-04-09T15:00:24+00:00\" \/>\n<meta property=\"og:image\" content=\"https:\/\/www.editorialclaret.cat\/wp-content\/uploads\/9788491366430-3.jpg\" \/>\n\t<meta property=\"og:image:width\" content=\"250\" \/>\n\t<meta property=\"og:image:height\" content=\"389\" \/>\n\t<meta property=\"og:image:type\" content=\"image\/jpeg\" \/>\n<meta name=\"twitter:card\" content=\"summary_large_image\" \/>\n<meta name=\"twitter:label1\" content=\"Tiempo de lectura\" \/>\n\t<meta name=\"twitter:data1\" content=\"1 minuto\" \/>\n<script type=\"application\/ld+json\" class=\"yoast-schema-graph\">{\"@context\":\"https:\\\/\\\/schema.org\",\"@graph\":[{\"@type\":\"WebPage\",\"@id\":\"https:\\\/\\\/www.editorialclaret.cat\\\/producte\\\/la-dimensio-humana-el-jesus-dels-evangelis-9788491366430\\\/\",\"url\":\"https:\\\/\\\/www.editorialclaret.cat\\\/producte\\\/la-dimensio-humana-el-jesus-dels-evangelis-9788491366430\\\/\",\"name\":\"LA DIMENSI\u00d3 HUMANA. EL JES\u00daS DELS EVANGELIS - Editorial Claret\",\"isPartOf\":{\"@id\":\"https:\\\/\\\/www.editorialclaret.cat\\\/#website\"},\"primaryImageOfPage\":{\"@id\":\"https:\\\/\\\/www.editorialclaret.cat\\\/producte\\\/la-dimensio-humana-el-jesus-dels-evangelis-9788491366430\\\/#primaryimage\"},\"image\":{\"@id\":\"https:\\\/\\\/www.editorialclaret.cat\\\/producte\\\/la-dimensio-humana-el-jesus-dels-evangelis-9788491366430\\\/#primaryimage\"},\"thumbnailUrl\":\"https:\\\/\\\/www.editorialclaret.cat\\\/wp-content\\\/uploads\\\/9788491366430-3.jpg\",\"datePublished\":\"2026-02-03T09:20:03+00:00\",\"dateModified\":\"2026-04-09T15:00:24+00:00\",\"breadcrumb\":{\"@id\":\"https:\\\/\\\/www.editorialclaret.cat\\\/producte\\\/la-dimensio-humana-el-jesus-dels-evangelis-9788491366430\\\/#breadcrumb\"},\"inLanguage\":\"es\",\"potentialAction\":[{\"@type\":\"ReadAction\",\"target\":[\"https:\\\/\\\/www.editorialclaret.cat\\\/producte\\\/la-dimensio-humana-el-jesus-dels-evangelis-9788491366430\\\/\"]}]},{\"@type\":\"ImageObject\",\"inLanguage\":\"es\",\"@id\":\"https:\\\/\\\/www.editorialclaret.cat\\\/producte\\\/la-dimensio-humana-el-jesus-dels-evangelis-9788491366430\\\/#primaryimage\",\"url\":\"https:\\\/\\\/www.editorialclaret.cat\\\/wp-content\\\/uploads\\\/9788491366430-3.jpg\",\"contentUrl\":\"https:\\\/\\\/www.editorialclaret.cat\\\/wp-content\\\/uploads\\\/9788491366430-3.jpg\",\"width\":250,\"height\":389,\"caption\":\"9788491366430.jpg\"},{\"@type\":\"BreadcrumbList\",\"@id\":\"https:\\\/\\\/www.editorialclaret.cat\\\/producte\\\/la-dimensio-humana-el-jesus-dels-evangelis-9788491366430\\\/#breadcrumb\",\"itemListElement\":[{\"@type\":\"ListItem\",\"position\":1,\"name\":\"Portada\",\"item\":\"https:\\\/\\\/www.editorialclaret.cat\\\/es\\\/\"},{\"@type\":\"ListItem\",\"position\":2,\"name\":\"Botiga\",\"item\":\"https:\\\/\\\/www.editorialclaret.cat\\\/?page_id=16\"},{\"@type\":\"ListItem\",\"position\":3,\"name\":\"LA DIMENSI\u00d3 HUMANA. EL JES\u00daS DELS EVANGELIS\"}]},{\"@type\":\"WebSite\",\"@id\":\"https:\\\/\\\/www.editorialclaret.cat\\\/#website\",\"url\":\"https:\\\/\\\/www.editorialclaret.cat\\\/\",\"name\":\"Editorial Claret\",\"description\":\"\",\"publisher\":{\"@id\":\"https:\\\/\\\/www.editorialclaret.cat\\\/#organization\"},\"potentialAction\":[{\"@type\":\"SearchAction\",\"target\":{\"@type\":\"EntryPoint\",\"urlTemplate\":\"https:\\\/\\\/www.editorialclaret.cat\\\/?s={search_term_string}\"},\"query-input\":{\"@type\":\"PropertyValueSpecification\",\"valueRequired\":true,\"valueName\":\"search_term_string\"}}],\"inLanguage\":\"es\"},{\"@type\":\"Organization\",\"@id\":\"https:\\\/\\\/www.editorialclaret.cat\\\/#organization\",\"name\":\"Editorial Claret\",\"url\":\"https:\\\/\\\/www.editorialclaret.cat\\\/\",\"logo\":{\"@type\":\"ImageObject\",\"inLanguage\":\"es\",\"@id\":\"https:\\\/\\\/www.editorialclaret.cat\\\/#\\\/schema\\\/logo\\\/image\\\/\",\"url\":\"https:\\\/\\\/www.editorialclaret.cat\\\/wp-content\\\/uploads\\\/.\\\/logo-claret.png\",\"contentUrl\":\"https:\\\/\\\/www.editorialclaret.cat\\\/wp-content\\\/uploads\\\/.\\\/logo-claret.png\",\"width\":194,\"height\":79,\"caption\":\"Editorial Claret\"},\"image\":{\"@id\":\"https:\\\/\\\/www.editorialclaret.cat\\\/#\\\/schema\\\/logo\\\/image\\\/\"}}]}<\/script>\n<!-- \/ Yoast SEO plugin. -->","yoast_head_json":{"title":"Editorial Claret","robots":{"index":"noindex","follow":"follow","max-snippet":"max-snippet:-1","max-image-preview":"max-image-preview:large","max-video-preview":"max-video-preview:-1"},"og_locale":"es_ES","og_type":"article","og_title":"LA DIMENSI\u00d3 HUMANA. EL JES\u00daS DELS EVANGELIS - Editorial Claret","og_description":"DURAN I NAVARRO, JAUME","og_url":"https:\/\/www.editorialclaret.cat\/producte\/la-dimensio-humana-el-jesus-dels-evangelis-9788491366430\/","og_site_name":"Editorial Claret","article_modified_time":"2026-04-09T15:00:24+00:00","og_image":[{"width":250,"height":389,"url":"https:\/\/www.editorialclaret.cat\/wp-content\/uploads\/9788491366430-3.jpg","type":"image\/jpeg"}],"twitter_card":"summary_large_image","twitter_misc":{"Tiempo de lectura":"1 minuto"},"schema":{"@context":"https:\/\/schema.org","@graph":[{"@type":"WebPage","@id":"https:\/\/www.editorialclaret.cat\/producte\/la-dimensio-humana-el-jesus-dels-evangelis-9788491366430\/","url":"https:\/\/www.editorialclaret.cat\/producte\/la-dimensio-humana-el-jesus-dels-evangelis-9788491366430\/","name":"LA DIMENSI\u00d3 HUMANA. EL JES\u00daS DELS EVANGELIS - Editorial Claret","isPartOf":{"@id":"https:\/\/www.editorialclaret.cat\/#website"},"primaryImageOfPage":{"@id":"https:\/\/www.editorialclaret.cat\/producte\/la-dimensio-humana-el-jesus-dels-evangelis-9788491366430\/#primaryimage"},"image":{"@id":"https:\/\/www.editorialclaret.cat\/producte\/la-dimensio-humana-el-jesus-dels-evangelis-9788491366430\/#primaryimage"},"thumbnailUrl":"https:\/\/www.editorialclaret.cat\/wp-content\/uploads\/9788491366430-3.jpg","datePublished":"2026-02-03T09:20:03+00:00","dateModified":"2026-04-09T15:00:24+00:00","breadcrumb":{"@id":"https:\/\/www.editorialclaret.cat\/producte\/la-dimensio-humana-el-jesus-dels-evangelis-9788491366430\/#breadcrumb"},"inLanguage":"es","potentialAction":[{"@type":"ReadAction","target":["https:\/\/www.editorialclaret.cat\/producte\/la-dimensio-humana-el-jesus-dels-evangelis-9788491366430\/"]}]},{"@type":"ImageObject","inLanguage":"es","@id":"https:\/\/www.editorialclaret.cat\/producte\/la-dimensio-humana-el-jesus-dels-evangelis-9788491366430\/#primaryimage","url":"https:\/\/www.editorialclaret.cat\/wp-content\/uploads\/9788491366430-3.jpg","contentUrl":"https:\/\/www.editorialclaret.cat\/wp-content\/uploads\/9788491366430-3.jpg","width":250,"height":389,"caption":"9788491366430.jpg"},{"@type":"BreadcrumbList","@id":"https:\/\/www.editorialclaret.cat\/producte\/la-dimensio-humana-el-jesus-dels-evangelis-9788491366430\/#breadcrumb","itemListElement":[{"@type":"ListItem","position":1,"name":"Portada","item":"https:\/\/www.editorialclaret.cat\/es\/"},{"@type":"ListItem","position":2,"name":"Botiga","item":"https:\/\/www.editorialclaret.cat\/?page_id=16"},{"@type":"ListItem","position":3,"name":"LA DIMENSI\u00d3 HUMANA. EL JES\u00daS DELS EVANGELIS"}]},{"@type":"WebSite","@id":"https:\/\/www.editorialclaret.cat\/#website","url":"https:\/\/www.editorialclaret.cat\/","name":"Editorial Claret","description":"","publisher":{"@id":"https:\/\/www.editorialclaret.cat\/#organization"},"potentialAction":[{"@type":"SearchAction","target":{"@type":"EntryPoint","urlTemplate":"https:\/\/www.editorialclaret.cat\/?s={search_term_string}"},"query-input":{"@type":"PropertyValueSpecification","valueRequired":true,"valueName":"search_term_string"}}],"inLanguage":"es"},{"@type":"Organization","@id":"https:\/\/www.editorialclaret.cat\/#organization","name":"Editorial Claret","url":"https:\/\/www.editorialclaret.cat\/","logo":{"@type":"ImageObject","inLanguage":"es","@id":"https:\/\/www.editorialclaret.cat\/#\/schema\/logo\/image\/","url":"https:\/\/www.editorialclaret.cat\/wp-content\/uploads\/.\/logo-claret.png","contentUrl":"https:\/\/www.editorialclaret.cat\/wp-content\/uploads\/.\/logo-claret.png","width":194,"height":79,"caption":"Editorial Claret"},"image":{"@id":"https:\/\/www.editorialclaret.cat\/#\/schema\/logo\/image\/"}}]}},"_links":{"self":[{"href":"https:\/\/www.editorialclaret.cat\/es\/wp-json\/wp\/v2\/product\/70347","targetHints":{"allow":["GET"]}}],"collection":[{"href":"https:\/\/www.editorialclaret.cat\/es\/wp-json\/wp\/v2\/product"}],"about":[{"href":"https:\/\/www.editorialclaret.cat\/es\/wp-json\/wp\/v2\/types\/product"}],"wp:featuredmedia":[{"embeddable":true,"href":"https:\/\/www.editorialclaret.cat\/es\/wp-json\/wp\/v2\/media\/70510"}],"wp:attachment":[{"href":"https:\/\/www.editorialclaret.cat\/es\/wp-json\/wp\/v2\/media?parent=70347"}],"wp:term":[{"taxonomy":"product_brand","embeddable":true,"href":"https:\/\/www.editorialclaret.cat\/es\/wp-json\/wp\/v2\/product_brand?post=70347"},{"taxonomy":"product_cat","embeddable":true,"href":"https:\/\/www.editorialclaret.cat\/es\/wp-json\/wp\/v2\/product_cat?post=70347"},{"taxonomy":"product_tag","embeddable":true,"href":"https:\/\/www.editorialclaret.cat\/es\/wp-json\/wp\/v2\/product_tag?post=70347"}],"curies":[{"name":"wp","href":"https:\/\/api.w.org\/{rel}","templated":true}]}}