{"id":70342,"date":"2026-02-03T09:50:03","date_gmt":"2026-02-03T08:50:03","guid":{"rendered":"https:\/\/www.editorialclaret.cat\/producte\/el-dia-es-lleva-la-tarda-es-colga-9788491366447\/"},"modified":"2026-04-07T10:05:37","modified_gmt":"2026-04-07T08:05:37","slug":"el-dia-es-lleva-la-tarda-es-colga-9788491366447","status":"publish","type":"product","link":"https:\/\/www.editorialclaret.cat\/es\/producto\/el-dia-es-lleva-la-tarda-es-colga-9788491366447\/","title":{"rendered":"EL DIA ES LLEVA, LA TARDA ES COLGA"},"content":{"rendered":"<p>Aquest <strong>poemari en catal\u00e0<\/strong> recull una gran varietat de <strong>composicions po\u00e8tiques<\/strong> incloent un ampli aplec de <strong>Nadales<\/strong>, les populars <strong>Can\u00e7ons dels Reis d\u2019Orient<\/strong>, aix\u00ed com <strong>himnes, goigs i caramelles<\/strong> i <strong>versos inspirats en passatges b\u00edblics<\/strong>. Aquesta obra de <strong>poesia catalana<\/strong> combina la tradici\u00f3 liter\u00e0ria i religiosa amb la riquesa de la <strong>cultura popular<\/strong>.<\/p>\n<p>En la segona part, el llibre presenta un conjunt de <strong>versos l\u00fadics<\/strong> que segueixen l\u2019estil desenfrenat del <strong>divertimento po\u00e8tic<\/strong> i el <strong>joc ling\u00fc\u00edstic<\/strong>, oferint un <strong>entreteniment literari<\/strong> que explora les infinites possibilitats expressives de la <strong>llengua catalana<\/strong> i posa en valor la seva capacitat creativa.<\/p>\n<p><\/p>\n<p>Un llibre ideal per a:<\/p>\n<ul>\n<li>Lectors que gaudeixen de la <strong>poesia l\u00edrica i cl\u00e0ssica en catal\u00e0<\/strong>.<\/li>\n<li>Persones interessades en m\u00e8trica, rima i tradici\u00f3 po\u00e8tica.<\/li>\n<li>Lectors recurrents de poesia contempor\u00e0nia catalana.<\/li>\n<li>Persones que gaudeixen de textos sobre <strong>natura, paisatge i el pas del temps<\/strong><\/li>\n<\/ul>\n<p><\/p>\n<p><strong><em>*Aquest llibre ha estat impr\u00e8s amb paper certificat pel&nbsp;<\/em>&nbsp;<\/strong><a href='https:\/\/fsc.org\/en' rel='noopener noreferrer' target='_blank'><strong><em>Forest Stewardship Council (FSC)<\/em><\/strong><\/a><strong>&nbsp;<em>, que compleix amb els principis de gesti\u00f3 econ\u00f2mica, social i ambiental sostenibles.<\/em><\/strong><\/p>\n","protected":false},"excerpt":{"rendered":"<p>RIERA FONTS, CARLES<\/p>\n","protected":false},"featured_media":70556,"template":"","meta":{"_acf_changed":false,"rs_blank_template":"","rs_page_bg_color":"","slide_template_v7":"","inline_featured_image":false,"_monsterinsights_skip_tracking":false,"_monsterinsights_sitenote_active":false,"_monsterinsights_sitenote_note":"","_monsterinsights_sitenote_category":0},"product_brand":[],"product_cat":[1204,967],"product_tag":[],"class_list":{"0":"post-70342","1":"product","2":"type-product","3":"status-publish","4":"has-post-thumbnail","6":"product_cat-autores-espiritualidad-espiritualidad","7":"product_cat-autors-espiritualitat-espiritualitat","9":"first","10":"instock","11":"taxable","12":"shipping-taxable","13":"purchasable","14":"product-type-simple"},"acf":{"autor":"RIERA FONTS, CARLES","codart":"849136644","libros-coleccion":"FORA DE COL.LECCI\u00d3","ediciones":"1","encuadernacion":"R\u00fastica","fecha_de_publicacion":"03\/03\/2026","novedad":"1","paginas":"282","subtitulo":"","orden":"0","portada":"1","idioma":"cat","booktrailer":"","resenas":"<p>Catalunya Religi\u00f3, 09\/03\/2026<\/p>\n<p><a href=\"https:\/\/www.catalunyareligio.cat\/ca\/blog\/llibres-recomanats\/dia-es-lleva-tarda-es-colga-325707\" rel=\"noopener noreferrer\" target=\"_blank\">https:\/\/www.catalunyareligio.cat\/ca\/blog\/llibres-recomanats\/dia-es-lleva-tarda-es-colga-325707<\/a><\/p>\n<p><\/p>\n<p>Catalunya Cristiana, 29\/03\/2026<\/p>\n<p><a href=\"https:\/\/drive.google.com\/file\/d\/1I6SJseyk9vOku-i7ycdS8YDIhPkciqen\/view?usp=sharing\" rel=\"noopener noreferrer\" target=\"_blank\">https:\/\/drive.google.com\/file\/d\/1I6SJseyk9vOku-i7ycdS8YDIhPkciqen\/view?usp=sharing<\/a><\/p>\n<p><\/p>\n<p>Catalunya Cristiana (castell\u00e0), 29\/03\/2026<\/p>\n<p><a href=\"https:\/\/drive.google.com\/file\/d\/14ulpWq5HNf0D8ACzq6VZpFVDZX2DLEoa\/view?usp=sharing\" rel=\"noopener noreferrer\" target=\"_blank\">https:\/\/drive.google.com\/file\/d\/14ulpWq5HNf0D8ACzq6VZpFVDZX2DLEoa\/view?usp=sharing<\/a><\/p>\n<p><\/p>\n<p>N\u00favol, 22\/03\/2026<\/p>\n<p><a href=\"https:\/\/www.nuvol.com\/llibres\/el-dia-es-lleva-la-tarda-es-colga-477711?utm_source=social&amp;utm_medium=share&amp;utm_campaign=email\" rel=\"noopener noreferrer\" target=\"_blank\">https:\/\/www.nuvol.com\/llibres\/el-dia-es-lleva-la-tarda-es-colga-477711?utm_source=social&amp;utm_medium=share&amp;utm_campaign=email<\/a><\/p>\n","autores-libros":[{"ID":67916,"post_author":"3","post_date":"2025-01-23 16:09:33","post_date_gmt":"2025-01-23 15:09:33","post_content":"Carles Riera (Moi\u00e0, 1959), doctor en filologia catalana, llicenciat en farm\u00e0cia i amb la carrera de teologia, \u00e9s un especialista en el camp del llenguatge cient\u00edfic, autor de diverses obres sobre el tema i docent d\u2019aquesta mat\u00e8ria des de l\u2019any 1987; actualment \u00e9s professor de la Universitat Ramon Llull.","post_title":"CARLES RIERA FONTS","post_excerpt":"","post_status":"publish","comment_status":"closed","ping_status":"closed","post_password":"","post_name":"carles-riera-fonts-6","to_ping":"","pinged":"","post_modified":"2025-02-14 12:35:52","post_modified_gmt":"2025-02-14 11:35:52","post_content_filtered":"","post_parent":0,"guid":"https:\/\/www.editorialclaret.cat\/autor\/carles-riera-fonts-6\/","menu_order":0,"post_type":"autor","post_mime_type":"","comment_count":"0","filter":"raw"}],"linkebook":"","ficha":"849136644_1772623235.pdf","muestra":"","precioebook":"0","presentacion":""},"yoast_head":"<!-- This site is optimized with the Yoast SEO plugin v27.3 - https:\/\/yoast.com\/product\/yoast-seo-wordpress\/ -->\n<title>Editorial Claret<\/title>\n<meta name=\"robots\" content=\"noindex, follow, max-snippet:-1, max-image-preview:large, max-video-preview:-1\" \/>\n<meta property=\"og:locale\" content=\"es_ES\" \/>\n<meta property=\"og:type\" content=\"article\" \/>\n<meta property=\"og:title\" content=\"EL DIA ES LLEVA, LA TARDA ES COLGA - Editorial Claret\" \/>\n<meta property=\"og:description\" content=\"RIERA FONTS, CARLES\" \/>\n<meta property=\"og:url\" content=\"https:\/\/www.editorialclaret.cat\/producte\/el-dia-es-lleva-la-tarda-es-colga-9788491366447\/\" \/>\n<meta property=\"og:site_name\" content=\"Editorial Claret\" \/>\n<meta property=\"article:modified_time\" content=\"2026-04-07T08:05:37+00:00\" \/>\n<meta property=\"og:image\" content=\"https:\/\/www.editorialclaret.cat\/wp-content\/uploads\/9788491366447-5.jpg\" \/>\n\t<meta property=\"og:image:width\" content=\"250\" \/>\n\t<meta property=\"og:image:height\" content=\"389\" \/>\n\t<meta property=\"og:image:type\" content=\"image\/jpeg\" \/>\n<meta name=\"twitter:card\" content=\"summary_large_image\" \/>\n<meta name=\"twitter:label1\" content=\"Tiempo de lectura\" \/>\n\t<meta name=\"twitter:data1\" content=\"1 minuto\" \/>\n<script type=\"application\/ld+json\" class=\"yoast-schema-graph\">{\"@context\":\"https:\\\/\\\/schema.org\",\"@graph\":[{\"@type\":\"WebPage\",\"@id\":\"https:\\\/\\\/www.editorialclaret.cat\\\/producte\\\/el-dia-es-lleva-la-tarda-es-colga-9788491366447\\\/\",\"url\":\"https:\\\/\\\/www.editorialclaret.cat\\\/producte\\\/el-dia-es-lleva-la-tarda-es-colga-9788491366447\\\/\",\"name\":\"EL DIA ES LLEVA, LA TARDA ES COLGA - Editorial Claret\",\"isPartOf\":{\"@id\":\"https:\\\/\\\/www.editorialclaret.cat\\\/#website\"},\"primaryImageOfPage\":{\"@id\":\"https:\\\/\\\/www.editorialclaret.cat\\\/producte\\\/el-dia-es-lleva-la-tarda-es-colga-9788491366447\\\/#primaryimage\"},\"image\":{\"@id\":\"https:\\\/\\\/www.editorialclaret.cat\\\/producte\\\/el-dia-es-lleva-la-tarda-es-colga-9788491366447\\\/#primaryimage\"},\"thumbnailUrl\":\"https:\\\/\\\/www.editorialclaret.cat\\\/wp-content\\\/uploads\\\/9788491366447-5.jpg\",\"datePublished\":\"2026-02-03T08:50:03+00:00\",\"dateModified\":\"2026-04-07T08:05:37+00:00\",\"breadcrumb\":{\"@id\":\"https:\\\/\\\/www.editorialclaret.cat\\\/producte\\\/el-dia-es-lleva-la-tarda-es-colga-9788491366447\\\/#breadcrumb\"},\"inLanguage\":\"es\",\"potentialAction\":[{\"@type\":\"ReadAction\",\"target\":[\"https:\\\/\\\/www.editorialclaret.cat\\\/producte\\\/el-dia-es-lleva-la-tarda-es-colga-9788491366447\\\/\"]}]},{\"@type\":\"ImageObject\",\"inLanguage\":\"es\",\"@id\":\"https:\\\/\\\/www.editorialclaret.cat\\\/producte\\\/el-dia-es-lleva-la-tarda-es-colga-9788491366447\\\/#primaryimage\",\"url\":\"https:\\\/\\\/www.editorialclaret.cat\\\/wp-content\\\/uploads\\\/9788491366447-5.jpg\",\"contentUrl\":\"https:\\\/\\\/www.editorialclaret.cat\\\/wp-content\\\/uploads\\\/9788491366447-5.jpg\",\"width\":250,\"height\":389,\"caption\":\"9788491366447.jpg\"},{\"@type\":\"BreadcrumbList\",\"@id\":\"https:\\\/\\\/www.editorialclaret.cat\\\/producte\\\/el-dia-es-lleva-la-tarda-es-colga-9788491366447\\\/#breadcrumb\",\"itemListElement\":[{\"@type\":\"ListItem\",\"position\":1,\"name\":\"Portada\",\"item\":\"https:\\\/\\\/www.editorialclaret.cat\\\/es\\\/\"},{\"@type\":\"ListItem\",\"position\":2,\"name\":\"Botiga\",\"item\":\"https:\\\/\\\/www.editorialclaret.cat\\\/?page_id=16\"},{\"@type\":\"ListItem\",\"position\":3,\"name\":\"EL DIA ES LLEVA, LA TARDA ES COLGA\"}]},{\"@type\":\"WebSite\",\"@id\":\"https:\\\/\\\/www.editorialclaret.cat\\\/#website\",\"url\":\"https:\\\/\\\/www.editorialclaret.cat\\\/\",\"name\":\"Editorial Claret\",\"description\":\"\",\"publisher\":{\"@id\":\"https:\\\/\\\/www.editorialclaret.cat\\\/#organization\"},\"potentialAction\":[{\"@type\":\"SearchAction\",\"target\":{\"@type\":\"EntryPoint\",\"urlTemplate\":\"https:\\\/\\\/www.editorialclaret.cat\\\/?s={search_term_string}\"},\"query-input\":{\"@type\":\"PropertyValueSpecification\",\"valueRequired\":true,\"valueName\":\"search_term_string\"}}],\"inLanguage\":\"es\"},{\"@type\":\"Organization\",\"@id\":\"https:\\\/\\\/www.editorialclaret.cat\\\/#organization\",\"name\":\"Editorial Claret\",\"url\":\"https:\\\/\\\/www.editorialclaret.cat\\\/\",\"logo\":{\"@type\":\"ImageObject\",\"inLanguage\":\"es\",\"@id\":\"https:\\\/\\\/www.editorialclaret.cat\\\/#\\\/schema\\\/logo\\\/image\\\/\",\"url\":\"https:\\\/\\\/www.editorialclaret.cat\\\/wp-content\\\/uploads\\\/.\\\/logo-claret.png\",\"contentUrl\":\"https:\\\/\\\/www.editorialclaret.cat\\\/wp-content\\\/uploads\\\/.\\\/logo-claret.png\",\"width\":194,\"height\":79,\"caption\":\"Editorial Claret\"},\"image\":{\"@id\":\"https:\\\/\\\/www.editorialclaret.cat\\\/#\\\/schema\\\/logo\\\/image\\\/\"}}]}<\/script>\n<!-- \/ Yoast SEO plugin. -->","yoast_head_json":{"title":"Editorial Claret","robots":{"index":"noindex","follow":"follow","max-snippet":"max-snippet:-1","max-image-preview":"max-image-preview:large","max-video-preview":"max-video-preview:-1"},"og_locale":"es_ES","og_type":"article","og_title":"EL DIA ES LLEVA, LA TARDA ES COLGA - Editorial Claret","og_description":"RIERA FONTS, CARLES","og_url":"https:\/\/www.editorialclaret.cat\/producte\/el-dia-es-lleva-la-tarda-es-colga-9788491366447\/","og_site_name":"Editorial Claret","article_modified_time":"2026-04-07T08:05:37+00:00","og_image":[{"width":250,"height":389,"url":"https:\/\/www.editorialclaret.cat\/wp-content\/uploads\/9788491366447-5.jpg","type":"image\/jpeg"}],"twitter_card":"summary_large_image","twitter_misc":{"Tiempo de lectura":"1 minuto"},"schema":{"@context":"https:\/\/schema.org","@graph":[{"@type":"WebPage","@id":"https:\/\/www.editorialclaret.cat\/producte\/el-dia-es-lleva-la-tarda-es-colga-9788491366447\/","url":"https:\/\/www.editorialclaret.cat\/producte\/el-dia-es-lleva-la-tarda-es-colga-9788491366447\/","name":"EL DIA ES LLEVA, LA TARDA ES COLGA - Editorial Claret","isPartOf":{"@id":"https:\/\/www.editorialclaret.cat\/#website"},"primaryImageOfPage":{"@id":"https:\/\/www.editorialclaret.cat\/producte\/el-dia-es-lleva-la-tarda-es-colga-9788491366447\/#primaryimage"},"image":{"@id":"https:\/\/www.editorialclaret.cat\/producte\/el-dia-es-lleva-la-tarda-es-colga-9788491366447\/#primaryimage"},"thumbnailUrl":"https:\/\/www.editorialclaret.cat\/wp-content\/uploads\/9788491366447-5.jpg","datePublished":"2026-02-03T08:50:03+00:00","dateModified":"2026-04-07T08:05:37+00:00","breadcrumb":{"@id":"https:\/\/www.editorialclaret.cat\/producte\/el-dia-es-lleva-la-tarda-es-colga-9788491366447\/#breadcrumb"},"inLanguage":"es","potentialAction":[{"@type":"ReadAction","target":["https:\/\/www.editorialclaret.cat\/producte\/el-dia-es-lleva-la-tarda-es-colga-9788491366447\/"]}]},{"@type":"ImageObject","inLanguage":"es","@id":"https:\/\/www.editorialclaret.cat\/producte\/el-dia-es-lleva-la-tarda-es-colga-9788491366447\/#primaryimage","url":"https:\/\/www.editorialclaret.cat\/wp-content\/uploads\/9788491366447-5.jpg","contentUrl":"https:\/\/www.editorialclaret.cat\/wp-content\/uploads\/9788491366447-5.jpg","width":250,"height":389,"caption":"9788491366447.jpg"},{"@type":"BreadcrumbList","@id":"https:\/\/www.editorialclaret.cat\/producte\/el-dia-es-lleva-la-tarda-es-colga-9788491366447\/#breadcrumb","itemListElement":[{"@type":"ListItem","position":1,"name":"Portada","item":"https:\/\/www.editorialclaret.cat\/es\/"},{"@type":"ListItem","position":2,"name":"Botiga","item":"https:\/\/www.editorialclaret.cat\/?page_id=16"},{"@type":"ListItem","position":3,"name":"EL DIA ES LLEVA, LA TARDA ES COLGA"}]},{"@type":"WebSite","@id":"https:\/\/www.editorialclaret.cat\/#website","url":"https:\/\/www.editorialclaret.cat\/","name":"Editorial Claret","description":"","publisher":{"@id":"https:\/\/www.editorialclaret.cat\/#organization"},"potentialAction":[{"@type":"SearchAction","target":{"@type":"EntryPoint","urlTemplate":"https:\/\/www.editorialclaret.cat\/?s={search_term_string}"},"query-input":{"@type":"PropertyValueSpecification","valueRequired":true,"valueName":"search_term_string"}}],"inLanguage":"es"},{"@type":"Organization","@id":"https:\/\/www.editorialclaret.cat\/#organization","name":"Editorial Claret","url":"https:\/\/www.editorialclaret.cat\/","logo":{"@type":"ImageObject","inLanguage":"es","@id":"https:\/\/www.editorialclaret.cat\/#\/schema\/logo\/image\/","url":"https:\/\/www.editorialclaret.cat\/wp-content\/uploads\/.\/logo-claret.png","contentUrl":"https:\/\/www.editorialclaret.cat\/wp-content\/uploads\/.\/logo-claret.png","width":194,"height":79,"caption":"Editorial Claret"},"image":{"@id":"https:\/\/www.editorialclaret.cat\/#\/schema\/logo\/image\/"}}]}},"_links":{"self":[{"href":"https:\/\/www.editorialclaret.cat\/es\/wp-json\/wp\/v2\/product\/70342","targetHints":{"allow":["GET"]}}],"collection":[{"href":"https:\/\/www.editorialclaret.cat\/es\/wp-json\/wp\/v2\/product"}],"about":[{"href":"https:\/\/www.editorialclaret.cat\/es\/wp-json\/wp\/v2\/types\/product"}],"wp:featuredmedia":[{"embeddable":true,"href":"https:\/\/www.editorialclaret.cat\/es\/wp-json\/wp\/v2\/media\/70556"}],"wp:attachment":[{"href":"https:\/\/www.editorialclaret.cat\/es\/wp-json\/wp\/v2\/media?parent=70342"}],"wp:term":[{"taxonomy":"product_brand","embeddable":true,"href":"https:\/\/www.editorialclaret.cat\/es\/wp-json\/wp\/v2\/product_brand?post=70342"},{"taxonomy":"product_cat","embeddable":true,"href":"https:\/\/www.editorialclaret.cat\/es\/wp-json\/wp\/v2\/product_cat?post=70342"},{"taxonomy":"product_tag","embeddable":true,"href":"https:\/\/www.editorialclaret.cat\/es\/wp-json\/wp\/v2\/product_tag?post=70342"}],"curies":[{"name":"wp","href":"https:\/\/api.w.org\/{rel}","templated":true}]}}