{"id":70215,"date":"2026-01-13T14:30:05","date_gmt":"2026-01-13T13:30:05","guid":{"rendered":"https:\/\/www.editorialclaret.cat\/producte\/el-deficit-de-atencion-con-hiperactividad-9788491365983\/"},"modified":"2026-03-25T10:51:04","modified_gmt":"2026-03-25T09:51:04","slug":"el-deficit-de-atencion-con-hiperactividad-9788491365983","status":"publish","type":"product","link":"https:\/\/www.editorialclaret.cat\/es\/producto\/el-deficit-de-atencion-con-hiperactividad-9788491365983\/","title":{"rendered":"EL D\u00c9FICIT DE ATENCI\u00d3N CON HIPERACTIVIDAD"},"content":{"rendered":"<p>En la <strong>infancia<\/strong> pueden aparecer <strong>conductas compatibles con el Trastorno por D\u00e9ficit de Atenci\u00f3n con Hiperactividad (TDAH)<\/strong>. Sin embargo, cuando se realiza una <strong>evaluaci\u00f3n en profundidad<\/strong> mediante un <strong>diagn\u00f3stico diferencial detallado<\/strong>, teniendo en cuenta las <strong>caracter\u00edsticas evolutivas<\/strong>, <strong>emocionales<\/strong>, <strong>sensoriales<\/strong> y el <strong>estado de salud general<\/strong>, es posible identificar <strong>causas no neurol\u00f3gicas<\/strong> que explican dichas conductas.<\/p>\n<p>En estos casos, no se trata de un <strong>Trastorno por D\u00e9ficit de Atenci\u00f3n con Hiperactividad<\/strong>, sino de un <strong>D\u00e9ficit de Atenci\u00f3n con Hiperactividad (DAH)<\/strong>, <strong>sin la T de trastorno<\/strong>. Este <strong>libro dirigido a profesionales<\/strong> ofrece <strong>herramientas cl\u00ednicas<\/strong>, <strong>criterios de an\u00e1lisis<\/strong> y <strong>elementos de reflexi\u00f3n<\/strong> que facilitan la correcta <strong>identificaci\u00f3n del DAH<\/strong> y la realizaci\u00f3n de un <strong>diagn\u00f3stico diferencial preciso<\/strong>, evitando errores diagn\u00f3sticos en la <strong>evaluaci\u00f3n infantil<\/strong>.<\/p>\n<p>Este libro es ideal para:<\/p>\n<ul>\n<li><strong>Profesionales de la educaci\u00f3n<\/strong> (maestros, tutores, orientadores y equipos psicopedag\u00f3gicos) que trabajan con ni\u00f1os y adolescentes con dificultades de atenci\u00f3n, conducta o aprendizaje, y buscan herramientas para prevenir diagn\u00f3sticos err\u00f3neos y mejorar la intervenci\u00f3n educativa.<\/li>\n<li><strong>Psic\u00f3logos, psiquiatras, pediatras y otros profesionales de la salud mental<\/strong>, interesados en una visi\u00f3n multidisciplinar del TDAH, que cuestiona el sobrediagn\u00f3stico, la sobremedicaci\u00f3n y pone el foco en las causas emocionales, educativas y relacionales.<\/li>\n<li><strong>Padres y madres<\/strong> preocupados por el desarrollo emocional, conductual y acad\u00e9mico de sus hijos, especialmente aquellos que han recibido \u2014o temen recibir\u2014 un diagn\u00f3stico de TDAH y desean comprender alternativas al enfoque exclusivamente farmacol\u00f3gico.<\/li>\n<li><strong>Estudiantes universitarios<\/strong> de psicolog\u00eda, pedagog\u00eda, educaci\u00f3n social, trabajo social o ciencias de la salud, como obra de referencia para el an\u00e1lisis cr\u00edtico del diagn\u00f3stico y tratamiento del TDAH.<\/li>\n<li><strong>Responsables institucionales y formadores<\/strong> implicados en pol\u00edticas educativas, prevenci\u00f3n del fracaso escolar y bienestar infantil y juvenil.<\/li>\n<\/ul>\n<p><\/p>\n<p><em>*Este libro ha sido impreso con papel certificado por el<\/em><a href='https:\/\/www.claret.cat\/ecoedicio\/' rel='noopener noreferrer' target='_blank'><em>&nbsp;Forest Stewardship Council (FSC)<\/em><\/a><em>, que cumple con los principios de gesti\u00f3n econ\u00f3mica, social y ambiental sostenibles.<\/em><\/p>\n","protected":false},"excerpt":{"rendered":"<p>ROVIRA TODA,  FRANCESC M.<\/p>\n","protected":false},"featured_media":70526,"template":"","meta":{"_acf_changed":false,"rs_blank_template":"","rs_page_bg_color":"","slide_template_v7":"","inline_featured_image":false,"_monsterinsights_skip_tracking":false,"_monsterinsights_sitenote_active":false,"_monsterinsights_sitenote_note":"","_monsterinsights_sitenote_category":0},"product_brand":[],"product_cat":[808,1048,917,1154],"product_tag":[],"class_list":{"0":"post-70215","1":"product","2":"type-product","3":"status-publish","4":"has-post-thumbnail","6":"product_cat-de-leducacio-i-la-salut","7":"product_cat-de-la-educacion-y-la-salud","8":"product_cat-psiquiatria-i-psicoterapia","9":"product_cat-psiquiatria-y-psicoterapia","11":"first","12":"instock","13":"taxable","14":"shipping-taxable","15":"purchasable","16":"product-type-simple"},"acf":{"autor":"ROVIRA TODA,  FRANCESC M.","codart":"849136598","libros-coleccion":"FUERA DE COLECCI\u00d3N","ediciones":"1","encuadernacion":"R\u00fastica","fecha_de_publicacion":"20\/01\/2026","novedad":"1","paginas":"500","subtitulo":"EL TDAH Y DAH EN NI\u00d1OS Y ADOLESCENTES","orden":"0","portada":"1","idioma":"spa","booktrailer":"","resenas":"<p>Catalunya Religi\u00f3, 20\/01\/2026<\/p>\n<p><a href=\"https:\/\/www.catalunyareligio.cat\/ca\/blog\/llibres-recomanats\/deficit-atencion-con-hiperactividad-324522\" rel=\"noopener noreferrer\" target=\"_blank\">https:\/\/www.catalunyareligio.cat\/ca\/blog\/llibres-recomanats\/deficit-atencion-con-hiperactividad-324522<\/a><\/p>\n<p><\/p>\n<p>Catalunya Cristiana (catal\u00e0), 22\/02\/2026<\/p>\n<p><a href=\"https:\/\/drive.google.com\/file\/d\/1Vew7Bhy8CqqnMDd7Z-dTVgXE-eS0ZLmf\/view?usp=sharing\" rel=\"noopener noreferrer\" target=\"_blank\">https:\/\/drive.google.com\/file\/d\/1Vew7Bhy8CqqnMDd7Z-dTVgXE-eS0ZLmf\/view?usp=sharing<\/a><\/p>\n<p><\/p>\n<p>Catalunya Cristiana (castellano), 22\/02\/2026<\/p>\n<p><a href=\"https:\/\/drive.google.com\/file\/d\/1mFHG9rx_Vl4M7Dg7eAaB0lmoCxjhySBR\/view?usp=sharing\" rel=\"noopener noreferrer\" target=\"_blank\">https:\/\/drive.google.com\/file\/d\/1mFHG9rx_Vl4M7Dg7eAaB0lmoCxjhySBR\/view?usp=sharing<\/a><\/p>\n","linkebook":"","ficha":"849136598_1768468918.pdf","muestra":"","precioebook":"0","presentacion":"<iframe width=\"949\" height=\"433\" src=\"https:\/\/www.youtube.com\/embed\/H2CJkhAxCIM?si=5eEWaiyW5AokJpOs\" title=\"YouTube video player\" frameborder=\"0\" allow=\"accelerometer; autoplay; clipboard-write; encrypted-media; gyroscope; picture-in-picture; web-share\" referrerpolicy=\"strict-origin-when-cross-origin\" allowfullscreen><\/iframe>","autores-libros":[{"ID":70222,"post_author":"3","post_date":"2026-01-13 15:57:00","post_date_gmt":"2026-01-13 14:57:00","post_content":"<strong>Francesc M. Rovira Toda<\/strong> \u00e9s llicenciat en Pedagogia i en Psicologia per la Universitat de Barcelona i doctor en Psicologia. Professor de Psicologia a la UB. Professor i director de l\u2019Escola de Mestres Blanquerna. Catedr\u00e0tic de Psicologia General a la Facultat de Psicologia, Ci\u00e8ncies de l\u2019Educaci\u00f3 i de l\u2019Esport Blanquerna \u2013 Universitat Ramon Llull (FPCEE-URL). Assessorament psicopedag\u00f2gic a centres educatius (Lyc\u00e9e Fran\u00e7ais de Barcelona i Z\u00fcrich Schule Barcelona \u2013 Escola Internacional).","post_title":"FRANCESC M.  ROVIRA TODA","post_excerpt":"","post_status":"publish","comment_status":"closed","ping_status":"closed","post_password":"","post_name":"francesc-m-rovira-toda-5","to_ping":"","pinged":"","post_modified":"2026-01-14 12:14:05","post_modified_gmt":"2026-01-14 11:14:05","post_content_filtered":"","post_parent":0,"guid":"https:\/\/www.editorialclaret.cat\/autor\/francesc-m-rovira-toda-5\/","menu_order":0,"post_type":"autor","post_mime_type":"","comment_count":"0","filter":"raw"}],"traductores-libros":"","ilustradores-libros":"","formato":"","ebookportada":false,"recomendamos":"","mas_vendido":""},"yoast_head":"<!-- This site is optimized with the Yoast SEO plugin v27.3 - https:\/\/yoast.com\/product\/yoast-seo-wordpress\/ -->\n<title>Editorial Claret<\/title>\n<meta name=\"robots\" content=\"noindex, follow, max-snippet:-1, max-image-preview:large, max-video-preview:-1\" \/>\n<meta property=\"og:locale\" content=\"es_ES\" \/>\n<meta property=\"og:type\" content=\"article\" \/>\n<meta property=\"og:title\" content=\"EL D\u00c9FICIT DE ATENCI\u00d3N CON HIPERACTIVIDAD - Editorial Claret\" \/>\n<meta property=\"og:description\" content=\"ROVIRA TODA, FRANCESC M.\" \/>\n<meta property=\"og:url\" content=\"https:\/\/www.editorialclaret.cat\/producte\/el-deficit-de-atencion-con-hiperactividad-9788491365983\/\" \/>\n<meta property=\"og:site_name\" content=\"Editorial Claret\" \/>\n<meta property=\"article:modified_time\" content=\"2026-03-25T09:51:04+00:00\" \/>\n<meta property=\"og:image\" content=\"https:\/\/www.editorialclaret.cat\/wp-content\/uploads\/9788491365983-5.jpg\" \/>\n\t<meta property=\"og:image:width\" content=\"250\" \/>\n\t<meta property=\"og:image:height\" content=\"389\" \/>\n\t<meta property=\"og:image:type\" content=\"image\/jpeg\" \/>\n<meta name=\"twitter:card\" content=\"summary_large_image\" \/>\n<meta name=\"twitter:label1\" content=\"Tiempo de lectura\" \/>\n\t<meta name=\"twitter:data1\" content=\"1 minuto\" \/>\n<script type=\"application\/ld+json\" class=\"yoast-schema-graph\">{\"@context\":\"https:\\\/\\\/schema.org\",\"@graph\":[{\"@type\":\"WebPage\",\"@id\":\"https:\\\/\\\/www.editorialclaret.cat\\\/producte\\\/el-deficit-de-atencion-con-hiperactividad-9788491365983\\\/\",\"url\":\"https:\\\/\\\/www.editorialclaret.cat\\\/producte\\\/el-deficit-de-atencion-con-hiperactividad-9788491365983\\\/\",\"name\":\"EL D\u00c9FICIT DE ATENCI\u00d3N CON HIPERACTIVIDAD - Editorial Claret\",\"isPartOf\":{\"@id\":\"https:\\\/\\\/www.editorialclaret.cat\\\/#website\"},\"primaryImageOfPage\":{\"@id\":\"https:\\\/\\\/www.editorialclaret.cat\\\/producte\\\/el-deficit-de-atencion-con-hiperactividad-9788491365983\\\/#primaryimage\"},\"image\":{\"@id\":\"https:\\\/\\\/www.editorialclaret.cat\\\/producte\\\/el-deficit-de-atencion-con-hiperactividad-9788491365983\\\/#primaryimage\"},\"thumbnailUrl\":\"https:\\\/\\\/www.editorialclaret.cat\\\/wp-content\\\/uploads\\\/9788491365983-5.jpg\",\"datePublished\":\"2026-01-13T13:30:05+00:00\",\"dateModified\":\"2026-03-25T09:51:04+00:00\",\"breadcrumb\":{\"@id\":\"https:\\\/\\\/www.editorialclaret.cat\\\/producte\\\/el-deficit-de-atencion-con-hiperactividad-9788491365983\\\/#breadcrumb\"},\"inLanguage\":\"es\",\"potentialAction\":[{\"@type\":\"ReadAction\",\"target\":[\"https:\\\/\\\/www.editorialclaret.cat\\\/producte\\\/el-deficit-de-atencion-con-hiperactividad-9788491365983\\\/\"]}]},{\"@type\":\"ImageObject\",\"inLanguage\":\"es\",\"@id\":\"https:\\\/\\\/www.editorialclaret.cat\\\/producte\\\/el-deficit-de-atencion-con-hiperactividad-9788491365983\\\/#primaryimage\",\"url\":\"https:\\\/\\\/www.editorialclaret.cat\\\/wp-content\\\/uploads\\\/9788491365983-5.jpg\",\"contentUrl\":\"https:\\\/\\\/www.editorialclaret.cat\\\/wp-content\\\/uploads\\\/9788491365983-5.jpg\",\"width\":250,\"height\":389,\"caption\":\"9788491365983.jpg\"},{\"@type\":\"BreadcrumbList\",\"@id\":\"https:\\\/\\\/www.editorialclaret.cat\\\/producte\\\/el-deficit-de-atencion-con-hiperactividad-9788491365983\\\/#breadcrumb\",\"itemListElement\":[{\"@type\":\"ListItem\",\"position\":1,\"name\":\"Portada\",\"item\":\"https:\\\/\\\/www.editorialclaret.cat\\\/es\\\/\"},{\"@type\":\"ListItem\",\"position\":2,\"name\":\"Botiga\",\"item\":\"https:\\\/\\\/www.editorialclaret.cat\\\/?page_id=16\"},{\"@type\":\"ListItem\",\"position\":3,\"name\":\"EL D\u00c9FICIT DE ATENCI\u00d3N CON HIPERACTIVIDAD\"}]},{\"@type\":\"WebSite\",\"@id\":\"https:\\\/\\\/www.editorialclaret.cat\\\/#website\",\"url\":\"https:\\\/\\\/www.editorialclaret.cat\\\/\",\"name\":\"Editorial Claret\",\"description\":\"\",\"publisher\":{\"@id\":\"https:\\\/\\\/www.editorialclaret.cat\\\/#organization\"},\"potentialAction\":[{\"@type\":\"SearchAction\",\"target\":{\"@type\":\"EntryPoint\",\"urlTemplate\":\"https:\\\/\\\/www.editorialclaret.cat\\\/?s={search_term_string}\"},\"query-input\":{\"@type\":\"PropertyValueSpecification\",\"valueRequired\":true,\"valueName\":\"search_term_string\"}}],\"inLanguage\":\"es\"},{\"@type\":\"Organization\",\"@id\":\"https:\\\/\\\/www.editorialclaret.cat\\\/#organization\",\"name\":\"Editorial Claret\",\"url\":\"https:\\\/\\\/www.editorialclaret.cat\\\/\",\"logo\":{\"@type\":\"ImageObject\",\"inLanguage\":\"es\",\"@id\":\"https:\\\/\\\/www.editorialclaret.cat\\\/#\\\/schema\\\/logo\\\/image\\\/\",\"url\":\"https:\\\/\\\/www.editorialclaret.cat\\\/wp-content\\\/uploads\\\/.\\\/logo-claret.png\",\"contentUrl\":\"https:\\\/\\\/www.editorialclaret.cat\\\/wp-content\\\/uploads\\\/.\\\/logo-claret.png\",\"width\":194,\"height\":79,\"caption\":\"Editorial Claret\"},\"image\":{\"@id\":\"https:\\\/\\\/www.editorialclaret.cat\\\/#\\\/schema\\\/logo\\\/image\\\/\"}}]}<\/script>\n<!-- \/ Yoast SEO plugin. -->","yoast_head_json":{"title":"Editorial Claret","robots":{"index":"noindex","follow":"follow","max-snippet":"max-snippet:-1","max-image-preview":"max-image-preview:large","max-video-preview":"max-video-preview:-1"},"og_locale":"es_ES","og_type":"article","og_title":"EL D\u00c9FICIT DE ATENCI\u00d3N CON HIPERACTIVIDAD - Editorial Claret","og_description":"ROVIRA TODA, FRANCESC M.","og_url":"https:\/\/www.editorialclaret.cat\/producte\/el-deficit-de-atencion-con-hiperactividad-9788491365983\/","og_site_name":"Editorial Claret","article_modified_time":"2026-03-25T09:51:04+00:00","og_image":[{"width":250,"height":389,"url":"https:\/\/www.editorialclaret.cat\/wp-content\/uploads\/9788491365983-5.jpg","type":"image\/jpeg"}],"twitter_card":"summary_large_image","twitter_misc":{"Tiempo de lectura":"1 minuto"},"schema":{"@context":"https:\/\/schema.org","@graph":[{"@type":"WebPage","@id":"https:\/\/www.editorialclaret.cat\/producte\/el-deficit-de-atencion-con-hiperactividad-9788491365983\/","url":"https:\/\/www.editorialclaret.cat\/producte\/el-deficit-de-atencion-con-hiperactividad-9788491365983\/","name":"EL D\u00c9FICIT DE ATENCI\u00d3N CON HIPERACTIVIDAD - Editorial Claret","isPartOf":{"@id":"https:\/\/www.editorialclaret.cat\/#website"},"primaryImageOfPage":{"@id":"https:\/\/www.editorialclaret.cat\/producte\/el-deficit-de-atencion-con-hiperactividad-9788491365983\/#primaryimage"},"image":{"@id":"https:\/\/www.editorialclaret.cat\/producte\/el-deficit-de-atencion-con-hiperactividad-9788491365983\/#primaryimage"},"thumbnailUrl":"https:\/\/www.editorialclaret.cat\/wp-content\/uploads\/9788491365983-5.jpg","datePublished":"2026-01-13T13:30:05+00:00","dateModified":"2026-03-25T09:51:04+00:00","breadcrumb":{"@id":"https:\/\/www.editorialclaret.cat\/producte\/el-deficit-de-atencion-con-hiperactividad-9788491365983\/#breadcrumb"},"inLanguage":"es","potentialAction":[{"@type":"ReadAction","target":["https:\/\/www.editorialclaret.cat\/producte\/el-deficit-de-atencion-con-hiperactividad-9788491365983\/"]}]},{"@type":"ImageObject","inLanguage":"es","@id":"https:\/\/www.editorialclaret.cat\/producte\/el-deficit-de-atencion-con-hiperactividad-9788491365983\/#primaryimage","url":"https:\/\/www.editorialclaret.cat\/wp-content\/uploads\/9788491365983-5.jpg","contentUrl":"https:\/\/www.editorialclaret.cat\/wp-content\/uploads\/9788491365983-5.jpg","width":250,"height":389,"caption":"9788491365983.jpg"},{"@type":"BreadcrumbList","@id":"https:\/\/www.editorialclaret.cat\/producte\/el-deficit-de-atencion-con-hiperactividad-9788491365983\/#breadcrumb","itemListElement":[{"@type":"ListItem","position":1,"name":"Portada","item":"https:\/\/www.editorialclaret.cat\/es\/"},{"@type":"ListItem","position":2,"name":"Botiga","item":"https:\/\/www.editorialclaret.cat\/?page_id=16"},{"@type":"ListItem","position":3,"name":"EL D\u00c9FICIT DE ATENCI\u00d3N CON HIPERACTIVIDAD"}]},{"@type":"WebSite","@id":"https:\/\/www.editorialclaret.cat\/#website","url":"https:\/\/www.editorialclaret.cat\/","name":"Editorial Claret","description":"","publisher":{"@id":"https:\/\/www.editorialclaret.cat\/#organization"},"potentialAction":[{"@type":"SearchAction","target":{"@type":"EntryPoint","urlTemplate":"https:\/\/www.editorialclaret.cat\/?s={search_term_string}"},"query-input":{"@type":"PropertyValueSpecification","valueRequired":true,"valueName":"search_term_string"}}],"inLanguage":"es"},{"@type":"Organization","@id":"https:\/\/www.editorialclaret.cat\/#organization","name":"Editorial Claret","url":"https:\/\/www.editorialclaret.cat\/","logo":{"@type":"ImageObject","inLanguage":"es","@id":"https:\/\/www.editorialclaret.cat\/#\/schema\/logo\/image\/","url":"https:\/\/www.editorialclaret.cat\/wp-content\/uploads\/.\/logo-claret.png","contentUrl":"https:\/\/www.editorialclaret.cat\/wp-content\/uploads\/.\/logo-claret.png","width":194,"height":79,"caption":"Editorial Claret"},"image":{"@id":"https:\/\/www.editorialclaret.cat\/#\/schema\/logo\/image\/"}}]}},"_links":{"self":[{"href":"https:\/\/www.editorialclaret.cat\/es\/wp-json\/wp\/v2\/product\/70215","targetHints":{"allow":["GET"]}}],"collection":[{"href":"https:\/\/www.editorialclaret.cat\/es\/wp-json\/wp\/v2\/product"}],"about":[{"href":"https:\/\/www.editorialclaret.cat\/es\/wp-json\/wp\/v2\/types\/product"}],"wp:featuredmedia":[{"embeddable":true,"href":"https:\/\/www.editorialclaret.cat\/es\/wp-json\/wp\/v2\/media\/70526"}],"wp:attachment":[{"href":"https:\/\/www.editorialclaret.cat\/es\/wp-json\/wp\/v2\/media?parent=70215"}],"wp:term":[{"taxonomy":"product_brand","embeddable":true,"href":"https:\/\/www.editorialclaret.cat\/es\/wp-json\/wp\/v2\/product_brand?post=70215"},{"taxonomy":"product_cat","embeddable":true,"href":"https:\/\/www.editorialclaret.cat\/es\/wp-json\/wp\/v2\/product_cat?post=70215"},{"taxonomy":"product_tag","embeddable":true,"href":"https:\/\/www.editorialclaret.cat\/es\/wp-json\/wp\/v2\/product_tag?post=70215"}],"curies":[{"name":"wp","href":"https:\/\/api.w.org\/{rel}","templated":true}]}}