{"id":69760,"date":"2025-11-11T18:15:21","date_gmt":"2025-11-11T17:15:21","guid":{"rendered":"https:\/\/www.editorialclaret.cat\/producte\/la-missa-de-cada-dia-marc-2026-9788491366140\/"},"modified":"2025-11-12T11:19:35","modified_gmt":"2025-11-12T10:19:35","slug":"la-missa-de-cada-dia-marc-2026-9788491366140","status":"publish","type":"product","link":"https:\/\/www.editorialclaret.cat\/es\/producto\/la-missa-de-cada-dia-marc-2026-9788491366140\/","title":{"rendered":"LA MISSA DE CADA DIA. MAR\u00c7 2026"},"content":{"rendered":"<p><strong>La missa de cada dia<\/strong>&nbsp;\u00e9s un llibre que t\u2019ajudar\u00e0 a seguir la missa de cada dia durant el mar\u00e7 de 2026. \u00c9s una publicaci\u00f3 que s\u2019edita tant en catal\u00e0 com en castell\u00e0, i que s\u2019adquireix per subscripci\u00f3, que es pot comen\u00e7ar en qualsevol mes de l\u2019any, tamb\u00e9 es pot comprar a la Llibreria Claret i a aquesta web.<\/p>\n<p>Hi trobar\u00e0s tots els textos de la lectura de la Paraula de D\u00e9u, tamb\u00e9 la resta de textos lit\u00fargics, aix\u00ed com introduccions, comentaris i preg\u00e0ries.<\/p>\n<p><a href='https:\/\/www.claret.cat\/llibreria\/la-missa\/alta-subscripcio\/' rel='noopener noreferrer' target='_blank'><strong>Subscriu-te aqu\u00ed<\/strong><\/a><\/p>\n","protected":false},"excerpt":{"rendered":"<p>CLARET<\/p>\n","protected":false},"featured_media":69780,"template":"","meta":{"_acf_changed":false,"rs_blank_template":"","rs_page_bg_color":"","slide_template_v7":"","inline_featured_image":false,"_monsterinsights_skip_tracking":false,"_monsterinsights_sitenote_active":false,"_monsterinsights_sitenote_note":"","_monsterinsights_sitenote_category":0},"product_brand":[],"product_cat":[1225,988],"product_tag":[],"class_list":{"0":"post-69760","1":"product","2":"type-product","3":"status-publish","4":"has-post-thumbnail","6":"product_cat-any-liturgic-liturgia-espiritualidad","7":"product_cat-any-liturgic","9":"first","10":"instock","11":"taxable","12":"shipping-taxable","13":"purchasable","14":"product-type-simple"},"acf":{"autor":"CLARET","codart":"849136614","libros-coleccion":"","ediciones":"1","encuadernacion":"R\u00fastica","fecha_de_publicacion":"11\/11\/2025","novedad":"0","paginas":"142","subtitulo":"","orden":"0","portada":"1","idioma":"cat","booktrailer":"","resenas":"","autores-libros":[{"ID":46534,"post_author":"3","post_date":"2022-10-24 13:03:25","post_date_gmt":"2022-10-24 11:03:25","post_content":"","post_title":"CLARET","post_excerpt":"","post_status":"publish","comment_status":"closed","ping_status":"closed","post_password":"","post_name":"claret","to_ping":"","pinged":"","post_modified":"2022-10-24 13:03:25","post_modified_gmt":"2022-10-24 11:03:25","post_content_filtered":"","post_parent":0,"guid":"http:\/\/dev.editorialclaret.cat\/autor\/claret\/","menu_order":0,"post_type":"autor","post_mime_type":"","comment_count":"0","filter":"raw"}]},"yoast_head":"<!-- This site is optimized with the Yoast SEO plugin v27.3 - https:\/\/yoast.com\/product\/yoast-seo-wordpress\/ -->\n<title>Editorial Claret<\/title>\n<meta name=\"robots\" content=\"noindex, follow, max-snippet:-1, max-image-preview:large, max-video-preview:-1\" \/>\n<meta property=\"og:locale\" content=\"es_ES\" \/>\n<meta property=\"og:type\" content=\"article\" \/>\n<meta property=\"og:title\" content=\"LA MISSA DE CADA DIA. MAR\u00c7 2026 - Editorial Claret\" \/>\n<meta property=\"og:description\" content=\"CLARET\" \/>\n<meta property=\"og:url\" content=\"https:\/\/www.editorialclaret.cat\/producte\/la-missa-de-cada-dia-marc-2026-9788491366140\/\" \/>\n<meta property=\"og:site_name\" content=\"Editorial Claret\" \/>\n<meta property=\"article:modified_time\" content=\"2025-11-12T10:19:35+00:00\" \/>\n<meta property=\"og:image\" content=\"https:\/\/www.editorialclaret.cat\/wp-content\/uploads\/9788491366140-1.jpg\" \/>\n\t<meta property=\"og:image:width\" content=\"1653\" \/>\n\t<meta property=\"og:image:height\" content=\"1453\" \/>\n\t<meta property=\"og:image:type\" content=\"image\/jpeg\" \/>\n<meta name=\"twitter:card\" content=\"summary_large_image\" \/>\n<script type=\"application\/ld+json\" class=\"yoast-schema-graph\">{\"@context\":\"https:\\\/\\\/schema.org\",\"@graph\":[{\"@type\":\"WebPage\",\"@id\":\"https:\\\/\\\/www.editorialclaret.cat\\\/producte\\\/la-missa-de-cada-dia-marc-2026-9788491366140\\\/\",\"url\":\"https:\\\/\\\/www.editorialclaret.cat\\\/producte\\\/la-missa-de-cada-dia-marc-2026-9788491366140\\\/\",\"name\":\"LA MISSA DE CADA DIA. MAR\u00c7 2026 - Editorial Claret\",\"isPartOf\":{\"@id\":\"https:\\\/\\\/www.editorialclaret.cat\\\/#website\"},\"primaryImageOfPage\":{\"@id\":\"https:\\\/\\\/www.editorialclaret.cat\\\/producte\\\/la-missa-de-cada-dia-marc-2026-9788491366140\\\/#primaryimage\"},\"image\":{\"@id\":\"https:\\\/\\\/www.editorialclaret.cat\\\/producte\\\/la-missa-de-cada-dia-marc-2026-9788491366140\\\/#primaryimage\"},\"thumbnailUrl\":\"https:\\\/\\\/www.editorialclaret.cat\\\/wp-content\\\/uploads\\\/9788491366140-1.jpg\",\"datePublished\":\"2025-11-11T17:15:21+00:00\",\"dateModified\":\"2025-11-12T10:19:35+00:00\",\"breadcrumb\":{\"@id\":\"https:\\\/\\\/www.editorialclaret.cat\\\/producte\\\/la-missa-de-cada-dia-marc-2026-9788491366140\\\/#breadcrumb\"},\"inLanguage\":\"es\",\"potentialAction\":[{\"@type\":\"ReadAction\",\"target\":[\"https:\\\/\\\/www.editorialclaret.cat\\\/producte\\\/la-missa-de-cada-dia-marc-2026-9788491366140\\\/\"]}]},{\"@type\":\"ImageObject\",\"inLanguage\":\"es\",\"@id\":\"https:\\\/\\\/www.editorialclaret.cat\\\/producte\\\/la-missa-de-cada-dia-marc-2026-9788491366140\\\/#primaryimage\",\"url\":\"https:\\\/\\\/www.editorialclaret.cat\\\/wp-content\\\/uploads\\\/9788491366140-1.jpg\",\"contentUrl\":\"https:\\\/\\\/www.editorialclaret.cat\\\/wp-content\\\/uploads\\\/9788491366140-1.jpg\",\"width\":1653,\"height\":1453,\"caption\":\"9788491366140.jpg\"},{\"@type\":\"BreadcrumbList\",\"@id\":\"https:\\\/\\\/www.editorialclaret.cat\\\/producte\\\/la-missa-de-cada-dia-marc-2026-9788491366140\\\/#breadcrumb\",\"itemListElement\":[{\"@type\":\"ListItem\",\"position\":1,\"name\":\"Portada\",\"item\":\"https:\\\/\\\/www.editorialclaret.cat\\\/es\\\/\"},{\"@type\":\"ListItem\",\"position\":2,\"name\":\"Botiga\",\"item\":\"https:\\\/\\\/www.editorialclaret.cat\\\/?page_id=16\"},{\"@type\":\"ListItem\",\"position\":3,\"name\":\"LA MISSA DE CADA DIA. MAR\u00c7 2026\"}]},{\"@type\":\"WebSite\",\"@id\":\"https:\\\/\\\/www.editorialclaret.cat\\\/#website\",\"url\":\"https:\\\/\\\/www.editorialclaret.cat\\\/\",\"name\":\"Editorial Claret\",\"description\":\"\",\"publisher\":{\"@id\":\"https:\\\/\\\/www.editorialclaret.cat\\\/#organization\"},\"potentialAction\":[{\"@type\":\"SearchAction\",\"target\":{\"@type\":\"EntryPoint\",\"urlTemplate\":\"https:\\\/\\\/www.editorialclaret.cat\\\/?s={search_term_string}\"},\"query-input\":{\"@type\":\"PropertyValueSpecification\",\"valueRequired\":true,\"valueName\":\"search_term_string\"}}],\"inLanguage\":\"es\"},{\"@type\":\"Organization\",\"@id\":\"https:\\\/\\\/www.editorialclaret.cat\\\/#organization\",\"name\":\"Editorial Claret\",\"url\":\"https:\\\/\\\/www.editorialclaret.cat\\\/\",\"logo\":{\"@type\":\"ImageObject\",\"inLanguage\":\"es\",\"@id\":\"https:\\\/\\\/www.editorialclaret.cat\\\/#\\\/schema\\\/logo\\\/image\\\/\",\"url\":\"https:\\\/\\\/www.editorialclaret.cat\\\/wp-content\\\/uploads\\\/.\\\/logo-claret.png\",\"contentUrl\":\"https:\\\/\\\/www.editorialclaret.cat\\\/wp-content\\\/uploads\\\/.\\\/logo-claret.png\",\"width\":194,\"height\":79,\"caption\":\"Editorial Claret\"},\"image\":{\"@id\":\"https:\\\/\\\/www.editorialclaret.cat\\\/#\\\/schema\\\/logo\\\/image\\\/\"}}]}<\/script>\n<!-- \/ Yoast SEO plugin. -->","yoast_head_json":{"title":"Editorial Claret","robots":{"index":"noindex","follow":"follow","max-snippet":"max-snippet:-1","max-image-preview":"max-image-preview:large","max-video-preview":"max-video-preview:-1"},"og_locale":"es_ES","og_type":"article","og_title":"LA MISSA DE CADA DIA. MAR\u00c7 2026 - Editorial Claret","og_description":"CLARET","og_url":"https:\/\/www.editorialclaret.cat\/producte\/la-missa-de-cada-dia-marc-2026-9788491366140\/","og_site_name":"Editorial Claret","article_modified_time":"2025-11-12T10:19:35+00:00","og_image":[{"width":1653,"height":1453,"url":"https:\/\/www.editorialclaret.cat\/wp-content\/uploads\/9788491366140-1.jpg","type":"image\/jpeg"}],"twitter_card":"summary_large_image","schema":{"@context":"https:\/\/schema.org","@graph":[{"@type":"WebPage","@id":"https:\/\/www.editorialclaret.cat\/producte\/la-missa-de-cada-dia-marc-2026-9788491366140\/","url":"https:\/\/www.editorialclaret.cat\/producte\/la-missa-de-cada-dia-marc-2026-9788491366140\/","name":"LA MISSA DE CADA DIA. MAR\u00c7 2026 - Editorial Claret","isPartOf":{"@id":"https:\/\/www.editorialclaret.cat\/#website"},"primaryImageOfPage":{"@id":"https:\/\/www.editorialclaret.cat\/producte\/la-missa-de-cada-dia-marc-2026-9788491366140\/#primaryimage"},"image":{"@id":"https:\/\/www.editorialclaret.cat\/producte\/la-missa-de-cada-dia-marc-2026-9788491366140\/#primaryimage"},"thumbnailUrl":"https:\/\/www.editorialclaret.cat\/wp-content\/uploads\/9788491366140-1.jpg","datePublished":"2025-11-11T17:15:21+00:00","dateModified":"2025-11-12T10:19:35+00:00","breadcrumb":{"@id":"https:\/\/www.editorialclaret.cat\/producte\/la-missa-de-cada-dia-marc-2026-9788491366140\/#breadcrumb"},"inLanguage":"es","potentialAction":[{"@type":"ReadAction","target":["https:\/\/www.editorialclaret.cat\/producte\/la-missa-de-cada-dia-marc-2026-9788491366140\/"]}]},{"@type":"ImageObject","inLanguage":"es","@id":"https:\/\/www.editorialclaret.cat\/producte\/la-missa-de-cada-dia-marc-2026-9788491366140\/#primaryimage","url":"https:\/\/www.editorialclaret.cat\/wp-content\/uploads\/9788491366140-1.jpg","contentUrl":"https:\/\/www.editorialclaret.cat\/wp-content\/uploads\/9788491366140-1.jpg","width":1653,"height":1453,"caption":"9788491366140.jpg"},{"@type":"BreadcrumbList","@id":"https:\/\/www.editorialclaret.cat\/producte\/la-missa-de-cada-dia-marc-2026-9788491366140\/#breadcrumb","itemListElement":[{"@type":"ListItem","position":1,"name":"Portada","item":"https:\/\/www.editorialclaret.cat\/es\/"},{"@type":"ListItem","position":2,"name":"Botiga","item":"https:\/\/www.editorialclaret.cat\/?page_id=16"},{"@type":"ListItem","position":3,"name":"LA MISSA DE CADA DIA. MAR\u00c7 2026"}]},{"@type":"WebSite","@id":"https:\/\/www.editorialclaret.cat\/#website","url":"https:\/\/www.editorialclaret.cat\/","name":"Editorial Claret","description":"","publisher":{"@id":"https:\/\/www.editorialclaret.cat\/#organization"},"potentialAction":[{"@type":"SearchAction","target":{"@type":"EntryPoint","urlTemplate":"https:\/\/www.editorialclaret.cat\/?s={search_term_string}"},"query-input":{"@type":"PropertyValueSpecification","valueRequired":true,"valueName":"search_term_string"}}],"inLanguage":"es"},{"@type":"Organization","@id":"https:\/\/www.editorialclaret.cat\/#organization","name":"Editorial Claret","url":"https:\/\/www.editorialclaret.cat\/","logo":{"@type":"ImageObject","inLanguage":"es","@id":"https:\/\/www.editorialclaret.cat\/#\/schema\/logo\/image\/","url":"https:\/\/www.editorialclaret.cat\/wp-content\/uploads\/.\/logo-claret.png","contentUrl":"https:\/\/www.editorialclaret.cat\/wp-content\/uploads\/.\/logo-claret.png","width":194,"height":79,"caption":"Editorial Claret"},"image":{"@id":"https:\/\/www.editorialclaret.cat\/#\/schema\/logo\/image\/"}}]}},"_links":{"self":[{"href":"https:\/\/www.editorialclaret.cat\/es\/wp-json\/wp\/v2\/product\/69760","targetHints":{"allow":["GET"]}}],"collection":[{"href":"https:\/\/www.editorialclaret.cat\/es\/wp-json\/wp\/v2\/product"}],"about":[{"href":"https:\/\/www.editorialclaret.cat\/es\/wp-json\/wp\/v2\/types\/product"}],"wp:featuredmedia":[{"embeddable":true,"href":"https:\/\/www.editorialclaret.cat\/es\/wp-json\/wp\/v2\/media\/69780"}],"wp:attachment":[{"href":"https:\/\/www.editorialclaret.cat\/es\/wp-json\/wp\/v2\/media?parent=69760"}],"wp:term":[{"taxonomy":"product_brand","embeddable":true,"href":"https:\/\/www.editorialclaret.cat\/es\/wp-json\/wp\/v2\/product_brand?post=69760"},{"taxonomy":"product_cat","embeddable":true,"href":"https:\/\/www.editorialclaret.cat\/es\/wp-json\/wp\/v2\/product_cat?post=69760"},{"taxonomy":"product_tag","embeddable":true,"href":"https:\/\/www.editorialclaret.cat\/es\/wp-json\/wp\/v2\/product_tag?post=69760"}],"curies":[{"name":"wp","href":"https:\/\/api.w.org\/{rel}","templated":true}]}}