{"id":68887,"date":"2025-07-24T16:55:03","date_gmt":"2025-07-24T14:55:03","guid":{"rendered":"https:\/\/www.editorialclaret.cat\/producte\/la-misa-de-cada-dia-octubre-2025-9788491365785\/"},"modified":"2025-07-25T18:20:51","modified_gmt":"2025-07-25T16:20:51","slug":"la-misa-de-cada-dia-octubre-2025-9788491365785","status":"publish","type":"product","link":"https:\/\/www.editorialclaret.cat\/es\/producto\/la-misa-de-cada-dia-octubre-2025-9788491365785\/","title":{"rendered":"LA MISA DE CADA D\u00cdA: OCTUBRE 2025"},"content":{"rendered":"<p>La Misa de cada d\u00eda es una publicaci\u00f3n mensual que ofrece, para cada d\u00eda de la semana, todos los textos de la lectura continua de la Palabra de Dios junto con el resto de los textos lit\u00fargicos para la celebraci\u00f3n de la Eucarist\u00eda.<\/p>\n<p>La intenci\u00f3n de La Misa de cada d\u00eda no se limita a ser un misal para seguir la Misa (si bien es muy \u00fatil para hacerlo) sino que va mucho m\u00e1s all\u00e1.<\/p>\n<p>Las introducciones, comentarios y plegarias que incluye La Misa de cada d\u00eda constituyen una gran ayuda para la comprensi\u00f3n de la Palabra de Dios.<\/p>\n<p>La Misa de cada d\u00eda quiere poner al alcance de todos los cristianos la lectura continua de la Palabra de Dios para cada d\u00eda del a\u00f1o, aunque no tengan posibilidad de participar diariamente en la misa.<\/p>\n<p><a href='https:\/\/www.claret.cat\/llibreria\/la-missa\/alta-subscripcio\/' rel='noopener noreferrer' target='_blank'><strong>Suscr\u00edbete aqu\u00ed<\/strong><\/a><\/p>\n","protected":false},"excerpt":{"rendered":"<p>CLARET<\/p>\n","protected":false},"featured_media":68921,"template":"","meta":{"_acf_changed":false,"rs_blank_template":"","rs_page_bg_color":"","slide_template_v7":"","inline_featured_image":false,"_monsterinsights_skip_tracking":false,"_monsterinsights_sitenote_active":false,"_monsterinsights_sitenote_note":"","_monsterinsights_sitenote_category":0},"product_brand":[],"product_cat":[988,1225],"product_tag":[],"class_list":{"0":"post-68887","1":"product","2":"type-product","3":"status-publish","4":"has-post-thumbnail","6":"product_cat-any-liturgic","7":"product_cat-any-liturgic-liturgia-espiritualidad","9":"first","10":"instock","11":"taxable","12":"shipping-taxable","13":"purchasable","14":"product-type-simple"},"acf":{"autor":"CLARET","codart":"849136578","libros-coleccion":"","ediciones":"1","encuadernacion":"R\u00fastica","fecha_de_publicacion":"24\/07\/2025","novedad":"0","paginas":"126","subtitulo":"","orden":"0","portada":"0","idioma":"spa","booktrailer":"","resenas":"","autores-libros":[{"ID":46534,"post_author":"3","post_date":"2022-10-24 13:03:25","post_date_gmt":"2022-10-24 11:03:25","post_content":"","post_title":"CLARET","post_excerpt":"","post_status":"publish","comment_status":"closed","ping_status":"closed","post_password":"","post_name":"claret","to_ping":"","pinged":"","post_modified":"2022-10-24 13:03:25","post_modified_gmt":"2022-10-24 11:03:25","post_content_filtered":"","post_parent":0,"guid":"http:\/\/dev.editorialclaret.cat\/autor\/claret\/","menu_order":0,"post_type":"autor","post_mime_type":"","comment_count":"0","filter":"raw"}],"linkebook":"","ficha":"","muestra":"","precioebook":"0","presentacion":""},"yoast_head":"<!-- This site is optimized with the Yoast SEO plugin v27.3 - https:\/\/yoast.com\/product\/yoast-seo-wordpress\/ -->\n<title>Editorial Claret<\/title>\n<meta name=\"robots\" content=\"noindex, follow, max-snippet:-1, max-image-preview:large, max-video-preview:-1\" \/>\n<meta property=\"og:locale\" content=\"es_ES\" \/>\n<meta property=\"og:type\" content=\"article\" \/>\n<meta property=\"og:title\" content=\"LA MISA DE CADA D\u00cdA: OCTUBRE 2025 - Editorial Claret\" \/>\n<meta property=\"og:description\" content=\"CLARET\" \/>\n<meta property=\"og:url\" content=\"https:\/\/www.editorialclaret.cat\/producte\/la-misa-de-cada-dia-octubre-2025-9788491365785\/\" \/>\n<meta property=\"og:site_name\" content=\"Editorial Claret\" \/>\n<meta property=\"article:modified_time\" content=\"2025-07-25T16:20:51+00:00\" \/>\n<meta property=\"og:image\" content=\"https:\/\/www.editorialclaret.cat\/wp-content\/uploads\/9788491365785-2.jpg\" \/>\n\t<meta property=\"og:image:width\" content=\"1653\" \/>\n\t<meta property=\"og:image:height\" content=\"1453\" \/>\n\t<meta property=\"og:image:type\" content=\"image\/jpeg\" \/>\n<meta name=\"twitter:card\" content=\"summary_large_image\" \/>\n<meta name=\"twitter:label1\" content=\"Tiempo de lectura\" \/>\n\t<meta name=\"twitter:data1\" content=\"1 minuto\" \/>\n<script type=\"application\/ld+json\" class=\"yoast-schema-graph\">{\"@context\":\"https:\\\/\\\/schema.org\",\"@graph\":[{\"@type\":\"WebPage\",\"@id\":\"https:\\\/\\\/www.editorialclaret.cat\\\/producte\\\/la-misa-de-cada-dia-octubre-2025-9788491365785\\\/\",\"url\":\"https:\\\/\\\/www.editorialclaret.cat\\\/producte\\\/la-misa-de-cada-dia-octubre-2025-9788491365785\\\/\",\"name\":\"LA MISA DE CADA D\u00cdA: OCTUBRE 2025 - Editorial Claret\",\"isPartOf\":{\"@id\":\"https:\\\/\\\/www.editorialclaret.cat\\\/#website\"},\"primaryImageOfPage\":{\"@id\":\"https:\\\/\\\/www.editorialclaret.cat\\\/producte\\\/la-misa-de-cada-dia-octubre-2025-9788491365785\\\/#primaryimage\"},\"image\":{\"@id\":\"https:\\\/\\\/www.editorialclaret.cat\\\/producte\\\/la-misa-de-cada-dia-octubre-2025-9788491365785\\\/#primaryimage\"},\"thumbnailUrl\":\"https:\\\/\\\/www.editorialclaret.cat\\\/wp-content\\\/uploads\\\/9788491365785-2.jpg\",\"datePublished\":\"2025-07-24T14:55:03+00:00\",\"dateModified\":\"2025-07-25T16:20:51+00:00\",\"breadcrumb\":{\"@id\":\"https:\\\/\\\/www.editorialclaret.cat\\\/producte\\\/la-misa-de-cada-dia-octubre-2025-9788491365785\\\/#breadcrumb\"},\"inLanguage\":\"es\",\"potentialAction\":[{\"@type\":\"ReadAction\",\"target\":[\"https:\\\/\\\/www.editorialclaret.cat\\\/producte\\\/la-misa-de-cada-dia-octubre-2025-9788491365785\\\/\"]}]},{\"@type\":\"ImageObject\",\"inLanguage\":\"es\",\"@id\":\"https:\\\/\\\/www.editorialclaret.cat\\\/producte\\\/la-misa-de-cada-dia-octubre-2025-9788491365785\\\/#primaryimage\",\"url\":\"https:\\\/\\\/www.editorialclaret.cat\\\/wp-content\\\/uploads\\\/9788491365785-2.jpg\",\"contentUrl\":\"https:\\\/\\\/www.editorialclaret.cat\\\/wp-content\\\/uploads\\\/9788491365785-2.jpg\",\"width\":1653,\"height\":1453,\"caption\":\"9788491365785.jpg\"},{\"@type\":\"BreadcrumbList\",\"@id\":\"https:\\\/\\\/www.editorialclaret.cat\\\/producte\\\/la-misa-de-cada-dia-octubre-2025-9788491365785\\\/#breadcrumb\",\"itemListElement\":[{\"@type\":\"ListItem\",\"position\":1,\"name\":\"Portada\",\"item\":\"https:\\\/\\\/www.editorialclaret.cat\\\/es\\\/\"},{\"@type\":\"ListItem\",\"position\":2,\"name\":\"Botiga\",\"item\":\"https:\\\/\\\/www.editorialclaret.cat\\\/?page_id=16\"},{\"@type\":\"ListItem\",\"position\":3,\"name\":\"LA MISA DE CADA D\u00cdA: OCTUBRE 2025\"}]},{\"@type\":\"WebSite\",\"@id\":\"https:\\\/\\\/www.editorialclaret.cat\\\/#website\",\"url\":\"https:\\\/\\\/www.editorialclaret.cat\\\/\",\"name\":\"Editorial Claret\",\"description\":\"\",\"publisher\":{\"@id\":\"https:\\\/\\\/www.editorialclaret.cat\\\/#organization\"},\"potentialAction\":[{\"@type\":\"SearchAction\",\"target\":{\"@type\":\"EntryPoint\",\"urlTemplate\":\"https:\\\/\\\/www.editorialclaret.cat\\\/?s={search_term_string}\"},\"query-input\":{\"@type\":\"PropertyValueSpecification\",\"valueRequired\":true,\"valueName\":\"search_term_string\"}}],\"inLanguage\":\"es\"},{\"@type\":\"Organization\",\"@id\":\"https:\\\/\\\/www.editorialclaret.cat\\\/#organization\",\"name\":\"Editorial Claret\",\"url\":\"https:\\\/\\\/www.editorialclaret.cat\\\/\",\"logo\":{\"@type\":\"ImageObject\",\"inLanguage\":\"es\",\"@id\":\"https:\\\/\\\/www.editorialclaret.cat\\\/#\\\/schema\\\/logo\\\/image\\\/\",\"url\":\"https:\\\/\\\/www.editorialclaret.cat\\\/wp-content\\\/uploads\\\/.\\\/logo-claret.png\",\"contentUrl\":\"https:\\\/\\\/www.editorialclaret.cat\\\/wp-content\\\/uploads\\\/.\\\/logo-claret.png\",\"width\":194,\"height\":79,\"caption\":\"Editorial Claret\"},\"image\":{\"@id\":\"https:\\\/\\\/www.editorialclaret.cat\\\/#\\\/schema\\\/logo\\\/image\\\/\"}}]}<\/script>\n<!-- \/ Yoast SEO plugin. -->","yoast_head_json":{"title":"Editorial Claret","robots":{"index":"noindex","follow":"follow","max-snippet":"max-snippet:-1","max-image-preview":"max-image-preview:large","max-video-preview":"max-video-preview:-1"},"og_locale":"es_ES","og_type":"article","og_title":"LA MISA DE CADA D\u00cdA: OCTUBRE 2025 - Editorial Claret","og_description":"CLARET","og_url":"https:\/\/www.editorialclaret.cat\/producte\/la-misa-de-cada-dia-octubre-2025-9788491365785\/","og_site_name":"Editorial Claret","article_modified_time":"2025-07-25T16:20:51+00:00","og_image":[{"width":1653,"height":1453,"url":"https:\/\/www.editorialclaret.cat\/wp-content\/uploads\/9788491365785-2.jpg","type":"image\/jpeg"}],"twitter_card":"summary_large_image","twitter_misc":{"Tiempo de lectura":"1 minuto"},"schema":{"@context":"https:\/\/schema.org","@graph":[{"@type":"WebPage","@id":"https:\/\/www.editorialclaret.cat\/producte\/la-misa-de-cada-dia-octubre-2025-9788491365785\/","url":"https:\/\/www.editorialclaret.cat\/producte\/la-misa-de-cada-dia-octubre-2025-9788491365785\/","name":"LA MISA DE CADA D\u00cdA: OCTUBRE 2025 - Editorial Claret","isPartOf":{"@id":"https:\/\/www.editorialclaret.cat\/#website"},"primaryImageOfPage":{"@id":"https:\/\/www.editorialclaret.cat\/producte\/la-misa-de-cada-dia-octubre-2025-9788491365785\/#primaryimage"},"image":{"@id":"https:\/\/www.editorialclaret.cat\/producte\/la-misa-de-cada-dia-octubre-2025-9788491365785\/#primaryimage"},"thumbnailUrl":"https:\/\/www.editorialclaret.cat\/wp-content\/uploads\/9788491365785-2.jpg","datePublished":"2025-07-24T14:55:03+00:00","dateModified":"2025-07-25T16:20:51+00:00","breadcrumb":{"@id":"https:\/\/www.editorialclaret.cat\/producte\/la-misa-de-cada-dia-octubre-2025-9788491365785\/#breadcrumb"},"inLanguage":"es","potentialAction":[{"@type":"ReadAction","target":["https:\/\/www.editorialclaret.cat\/producte\/la-misa-de-cada-dia-octubre-2025-9788491365785\/"]}]},{"@type":"ImageObject","inLanguage":"es","@id":"https:\/\/www.editorialclaret.cat\/producte\/la-misa-de-cada-dia-octubre-2025-9788491365785\/#primaryimage","url":"https:\/\/www.editorialclaret.cat\/wp-content\/uploads\/9788491365785-2.jpg","contentUrl":"https:\/\/www.editorialclaret.cat\/wp-content\/uploads\/9788491365785-2.jpg","width":1653,"height":1453,"caption":"9788491365785.jpg"},{"@type":"BreadcrumbList","@id":"https:\/\/www.editorialclaret.cat\/producte\/la-misa-de-cada-dia-octubre-2025-9788491365785\/#breadcrumb","itemListElement":[{"@type":"ListItem","position":1,"name":"Portada","item":"https:\/\/www.editorialclaret.cat\/es\/"},{"@type":"ListItem","position":2,"name":"Botiga","item":"https:\/\/www.editorialclaret.cat\/?page_id=16"},{"@type":"ListItem","position":3,"name":"LA MISA DE CADA D\u00cdA: OCTUBRE 2025"}]},{"@type":"WebSite","@id":"https:\/\/www.editorialclaret.cat\/#website","url":"https:\/\/www.editorialclaret.cat\/","name":"Editorial Claret","description":"","publisher":{"@id":"https:\/\/www.editorialclaret.cat\/#organization"},"potentialAction":[{"@type":"SearchAction","target":{"@type":"EntryPoint","urlTemplate":"https:\/\/www.editorialclaret.cat\/?s={search_term_string}"},"query-input":{"@type":"PropertyValueSpecification","valueRequired":true,"valueName":"search_term_string"}}],"inLanguage":"es"},{"@type":"Organization","@id":"https:\/\/www.editorialclaret.cat\/#organization","name":"Editorial Claret","url":"https:\/\/www.editorialclaret.cat\/","logo":{"@type":"ImageObject","inLanguage":"es","@id":"https:\/\/www.editorialclaret.cat\/#\/schema\/logo\/image\/","url":"https:\/\/www.editorialclaret.cat\/wp-content\/uploads\/.\/logo-claret.png","contentUrl":"https:\/\/www.editorialclaret.cat\/wp-content\/uploads\/.\/logo-claret.png","width":194,"height":79,"caption":"Editorial Claret"},"image":{"@id":"https:\/\/www.editorialclaret.cat\/#\/schema\/logo\/image\/"}}]}},"_links":{"self":[{"href":"https:\/\/www.editorialclaret.cat\/es\/wp-json\/wp\/v2\/product\/68887","targetHints":{"allow":["GET"]}}],"collection":[{"href":"https:\/\/www.editorialclaret.cat\/es\/wp-json\/wp\/v2\/product"}],"about":[{"href":"https:\/\/www.editorialclaret.cat\/es\/wp-json\/wp\/v2\/types\/product"}],"wp:featuredmedia":[{"embeddable":true,"href":"https:\/\/www.editorialclaret.cat\/es\/wp-json\/wp\/v2\/media\/68921"}],"wp:attachment":[{"href":"https:\/\/www.editorialclaret.cat\/es\/wp-json\/wp\/v2\/media?parent=68887"}],"wp:term":[{"taxonomy":"product_brand","embeddable":true,"href":"https:\/\/www.editorialclaret.cat\/es\/wp-json\/wp\/v2\/product_brand?post=68887"},{"taxonomy":"product_cat","embeddable":true,"href":"https:\/\/www.editorialclaret.cat\/es\/wp-json\/wp\/v2\/product_cat?post=68887"},{"taxonomy":"product_tag","embeddable":true,"href":"https:\/\/www.editorialclaret.cat\/es\/wp-json\/wp\/v2\/product_tag?post=68887"}],"curies":[{"name":"wp","href":"https:\/\/api.w.org\/{rel}","templated":true}]}}