{"id":68478,"date":"2025-06-03T14:35:05","date_gmt":"2025-06-03T12:35:05","guid":{"rendered":"https:\/\/www.editorialclaret.cat\/producte\/creure-en-deu-9788491365907\/"},"modified":"2026-02-16T12:20:31","modified_gmt":"2026-02-16T11:20:31","slug":"creure-en-deu-9788491365907","status":"publish","type":"product","link":"https:\/\/www.editorialclaret.cat\/es\/producto\/creure-en-deu-9788491365907\/","title":{"rendered":"CREURE EN D\u00c9U?"},"content":{"rendered":"<p>En plena <strong>era de la ci\u00e8ncia<\/strong> i la <strong>ra\u00f3<\/strong>, quan la societat rebutja creences com el <strong>terraplanisme<\/strong>, el <strong>negacionisme de les vacunes<\/strong> o el <strong>canvi clim\u00e0tic<\/strong>, podem continuar creient en l\u2019exist\u00e8ncia d\u2019un <strong>D\u00e9u invisible<\/strong>, <strong>omnipotent<\/strong> i situat en un <strong>cel m\u00edtic<\/strong>? Aquest llibre reflexiona sobre la <strong>fe en el m\u00f3n contemporani<\/strong> i planteja una pregunta inc\u00f2moda per\u00f2 necess\u00e0ria: quin paper t\u00e9 <strong>D\u00e9u<\/strong> en una societat <strong>cient\u00edfica<\/strong> i <strong>racional<\/strong>?<\/p>\n<p>Lluny de relegar-lo als n\u00favols o a les antigues escriptures, l&#8217;autor ens mostra com aquest <strong>D\u00e9u<\/strong> continua <strong>present en el nostre dia a dia<\/strong>, influenciant les nostres <strong>decisions<\/strong>, <strong>valors<\/strong> i <strong>formes de viure<\/strong>. Una lectura <strong>provocadora<\/strong> sobre <strong>religi\u00f3<\/strong>, <strong>ci\u00e8ncia<\/strong> i <strong>espiritualitat<\/strong> en el <strong>segle XXI<\/strong>.<\/p>\n<p><\/p>\n<p>Un llibre ideal per a:<\/p>\n<ul>\n<li><strong>Creients cr\u00edtics i madurs<\/strong>, que continuen preguntant-se qu\u00e8 vol dir creure avui, m\u00e9s enll\u00e0 de formulacions tradicionals que ja no els interpel\u00b7len.<\/li>\n<li><strong>Persones agn\u00f2stiques o en recerca<\/strong>, interessades a explorar la possibilitat de D\u00e9u des d\u2019una perspectiva racional, existencial i profundament humana, sense imposicions ni dogmatismes.<\/li>\n<li><strong>Lectors amb inquietuds filos\u00f2fiques i espirituals<\/strong>, que volen dialogar amb el pensament contemporani, la ci\u00e8ncia, l\u2019\u00e8tica i l\u2019experi\u00e8ncia interior.<\/li>\n<li><strong>Persones vinculades a la pastoral, la formaci\u00f3 d\u2019adults o l\u2019acompanyament espiritual<\/strong>, que cerquen eines per parlar de D\u00e9u amb un llenguatge comprensible i cre\u00efble per a l\u2019home i la dona d\u2019avui.<\/li>\n<li><strong>Estudiants i docents d\u2019humanitats, teologia, filosofia o ci\u00e8ncies socials<\/strong>, com a obra de reflexi\u00f3 profunda sobre la fe, el sentit i les \u201crealitats intangibles\u201d que configuren la vida humana.<\/li>\n<\/ul>\n<p><em>*Aquest llibre ha estat impr\u00e8s amb paper certificat pel&nbsp;<\/em>&nbsp;<a href='https:\/\/fsc.org\/en' rel='noopener noreferrer' target='_blank'><em>Forest Stewardship Council (FSC)<\/em><\/a>&nbsp;<em>, que compleix amb els principis de gesti\u00f3 econ\u00f2mica, social i ambiental sostenibles.<\/em><\/p>\n","protected":false},"excerpt":{"rendered":"<p>COMAS GIRALT, CARLES<\/p>\n","protected":false},"featured_media":70287,"template":"","meta":{"_acf_changed":false,"rs_blank_template":"","rs_page_bg_color":"","slide_template_v7":"","inline_featured_image":false,"_monsterinsights_skip_tracking":false,"_monsterinsights_sitenote_active":false,"_monsterinsights_sitenote_note":"","_monsterinsights_sitenote_category":0},"product_brand":[],"product_cat":[1204,967,1041],"product_tag":[],"class_list":{"0":"post-68478","1":"product","2":"type-product","3":"status-publish","4":"has-post-thumbnail","6":"product_cat-autores-espiritualidad-espiritualidad","7":"product_cat-autors-espiritualitat-espiritualitat","8":"product_cat-catala","10":"first","11":"instock","12":"taxable","13":"shipping-taxable","14":"purchasable","15":"product-type-simple"},"acf":{"autor":"COMAS GIRALT, CARLES","codart":"849136590","libros-coleccion":"FORA DE COL\u00b7LECCIO","ediciones":"1","encuadernacion":"R\u00fastica","fecha_de_publicacion":"17\/06\/2025","novedad":"1","paginas":"478","subtitulo":"","orden":"8","portada":"1","idioma":"cat","booktrailer":"","resenas":"<p>Catalunya Religi\u00f3, 18\/06\/2025<\/p>\n<p><a href=\"https:\/\/www.catalunyareligio.cat\/ca\/blog\/llibres-recomanats\/creure-en-deu-320232\" rel=\"noopener noreferrer\" target=\"_blank\">https:\/\/www.catalunyareligio.cat\/ca\/blog\/llibres-recomanats\/creure-en-deu-320232<\/a><\/p>\n<p><\/p>\n<p>Catalunya Cristiana, 29\/06\/2025<\/p>\n<p><a href=\"https:\/\/drive.google.com\/file\/d\/1ufW_Ps5OcsHJp1bF1zEWB5Pv9cN_WGJQ\/view?usp=sharing\" rel=\"noopener noreferrer\" target=\"_blank\">https:\/\/drive.google.com\/file\/d\/1ufW_Ps5OcsHJp1bF1zEWB5Pv9cN_WGJQ\/view?usp=sharing<\/a><\/p>\n<p><\/p>\n<p>Arquebisbat de Barcelona, 29\/07\/2025<\/p>\n<p><a href=\"https:\/\/esglesia.barcelona\/actualitat\/recomanacions-llibres-religiosos-estiu\/\" rel=\"noopener noreferrer\" target=\"_blank\">https:\/\/esglesia.barcelona\/actualitat\/recomanacions-llibres-religiosos-estiu\/<\/a><\/p>\n<p><\/p>\n<p>Catalunya Cristiana, 12\/10\/2025<\/p>\n<p><a href=\"https:\/\/drive.google.com\/file\/d\/1Fq2Rvv-xXzBDh9Qf1gSIQaBmHF4VYT9Q\/view?usp=sharing\" rel=\"noopener noreferrer\" target=\"_blank\">https:\/\/drive.google.com\/file\/d\/1Fq2Rvv-xXzBDh9Qf1gSIQaBmHF4VYT9Q\/view?usp=sharing<\/a><\/p>\n<p><\/p>\n<p>Catalunya Religi\u00f3, 16\/10\/2025<\/p>\n<p><a href=\"https:\/\/www.catalunyareligio.cat\/ca\/carles-comas-dona-sentit-vida-es-adonar-nos\" rel=\"noopener noreferrer\" target=\"_blank\">https:\/\/www.catalunyareligio.cat\/ca\/carles-comas-dona-sentit-vida-es-adonar-nos<\/a><\/p>\n<p><\/p>\n<p>Catalunya Cristiana (castell\u00e0), 29\/06\/2025<\/p>\n<p><a href=\"https:\/\/drive.google.com\/file\/d\/1pYV4sHg6wiASLjqzYpdZXq9lRYVv2Ysz\/view?usp=sharing\" rel=\"noopener noreferrer\" target=\"_blank\">https:\/\/drive.google.com\/file\/d\/1pYV4sHg6wiASLjqzYpdZXq9lRYVv2Ysz\/view?usp=sharing<\/a><\/p>\n<p><\/p>\n<p>Cristianisme i Just\u00edcia, 24\/11\/2025<\/p>\n<p><a href=\"https:\/\/blog.cristianismeijusticia.net\/ca\/critique\/la-bellesa-dun-deu-intangible\" rel=\"noopener noreferrer\" target=\"_blank\">https:\/\/blog.cristianismeijusticia.net\/ca\/critique\/la-bellesa-dun-deu-intangible<\/a><\/p>\n","autores-libros":[{"ID":68521,"post_author":"3","post_date":"2025-06-03 18:30:28","post_date_gmt":"2025-06-03 16:30:28","post_content":"Carles Comas va n\u00e9ixer a Barcelona el 1931. Va ser jesu\u00efta del 1952 al 1985. Llicenciat en filosofia i teologia. Doctor en Ci\u00e8ncies econ\u00f2miques. Professor a ESADE (URL) durant quaranta anys. Professor-resident de la Universitat de Managua durant 10 anys.","post_title":"CARLES COMAS GIRALT","post_excerpt":"","post_status":"publish","comment_status":"closed","ping_status":"closed","post_password":"","post_name":"carles-comas-giralt-41","to_ping":"","pinged":"","post_modified":"2025-06-13 13:04:49","post_modified_gmt":"2025-06-13 11:04:49","post_content_filtered":"","post_parent":0,"guid":"https:\/\/www.editorialclaret.cat\/autor\/carles-comas-giralt-41\/","menu_order":0,"post_type":"autor","post_mime_type":"","comment_count":"0","filter":"raw"}],"linkebook":"","ficha":"849136590_1749032184.pdf","muestra":"","precioebook":"0","presentacion":"<iframe width=\"949\" height=\"433\" src=\"https:\/\/www.youtube.com\/embed\/tp6inVv9d_Q?si=UlyCVRQiGXCBQzX8\" title=\"YouTube video player\" frameborder=\"0\" allow=\"accelerometer; autoplay; clipboard-write; encrypted-media; gyroscope; picture-in-picture; web-share\" referrerpolicy=\"strict-origin-when-cross-origin\" allowfullscreen><\/iframe>"},"yoast_head":"<!-- This site is optimized with the Yoast SEO plugin v27.3 - https:\/\/yoast.com\/product\/yoast-seo-wordpress\/ -->\n<title>Editorial Claret<\/title>\n<meta name=\"robots\" content=\"noindex, follow, max-snippet:-1, max-image-preview:large, max-video-preview:-1\" \/>\n<meta property=\"og:locale\" content=\"es_ES\" \/>\n<meta property=\"og:type\" content=\"article\" \/>\n<meta property=\"og:title\" content=\"CREURE EN D\u00c9U? - Editorial Claret\" \/>\n<meta property=\"og:description\" content=\"COMAS GIRALT, CARLES\" \/>\n<meta property=\"og:url\" content=\"https:\/\/www.editorialclaret.cat\/producte\/creure-en-deu-9788491365907\/\" \/>\n<meta property=\"og:site_name\" content=\"Editorial Claret\" \/>\n<meta property=\"article:modified_time\" content=\"2026-02-16T11:20:31+00:00\" \/>\n<meta property=\"og:image\" content=\"https:\/\/www.editorialclaret.cat\/wp-content\/uploads\/9788491365907-10.jpg\" \/>\n\t<meta property=\"og:image:width\" content=\"250\" \/>\n\t<meta property=\"og:image:height\" content=\"389\" \/>\n\t<meta property=\"og:image:type\" content=\"image\/jpeg\" \/>\n<meta name=\"twitter:card\" content=\"summary_large_image\" \/>\n<meta name=\"twitter:label1\" content=\"Tiempo de lectura\" \/>\n\t<meta name=\"twitter:data1\" content=\"2 minutos\" \/>\n<script type=\"application\/ld+json\" class=\"yoast-schema-graph\">{\"@context\":\"https:\\\/\\\/schema.org\",\"@graph\":[{\"@type\":\"WebPage\",\"@id\":\"https:\\\/\\\/www.editorialclaret.cat\\\/producte\\\/creure-en-deu-9788491365907\\\/\",\"url\":\"https:\\\/\\\/www.editorialclaret.cat\\\/producte\\\/creure-en-deu-9788491365907\\\/\",\"name\":\"CREURE EN D\u00c9U? - Editorial Claret\",\"isPartOf\":{\"@id\":\"https:\\\/\\\/www.editorialclaret.cat\\\/#website\"},\"primaryImageOfPage\":{\"@id\":\"https:\\\/\\\/www.editorialclaret.cat\\\/producte\\\/creure-en-deu-9788491365907\\\/#primaryimage\"},\"image\":{\"@id\":\"https:\\\/\\\/www.editorialclaret.cat\\\/producte\\\/creure-en-deu-9788491365907\\\/#primaryimage\"},\"thumbnailUrl\":\"https:\\\/\\\/www.editorialclaret.cat\\\/wp-content\\\/uploads\\\/9788491365907-10.jpg\",\"datePublished\":\"2025-06-03T12:35:05+00:00\",\"dateModified\":\"2026-02-16T11:20:31+00:00\",\"breadcrumb\":{\"@id\":\"https:\\\/\\\/www.editorialclaret.cat\\\/producte\\\/creure-en-deu-9788491365907\\\/#breadcrumb\"},\"inLanguage\":\"es\",\"potentialAction\":[{\"@type\":\"ReadAction\",\"target\":[\"https:\\\/\\\/www.editorialclaret.cat\\\/producte\\\/creure-en-deu-9788491365907\\\/\"]}]},{\"@type\":\"ImageObject\",\"inLanguage\":\"es\",\"@id\":\"https:\\\/\\\/www.editorialclaret.cat\\\/producte\\\/creure-en-deu-9788491365907\\\/#primaryimage\",\"url\":\"https:\\\/\\\/www.editorialclaret.cat\\\/wp-content\\\/uploads\\\/9788491365907-10.jpg\",\"contentUrl\":\"https:\\\/\\\/www.editorialclaret.cat\\\/wp-content\\\/uploads\\\/9788491365907-10.jpg\",\"width\":250,\"height\":389,\"caption\":\"9788491365907.jpg\"},{\"@type\":\"BreadcrumbList\",\"@id\":\"https:\\\/\\\/www.editorialclaret.cat\\\/producte\\\/creure-en-deu-9788491365907\\\/#breadcrumb\",\"itemListElement\":[{\"@type\":\"ListItem\",\"position\":1,\"name\":\"Portada\",\"item\":\"https:\\\/\\\/www.editorialclaret.cat\\\/es\\\/\"},{\"@type\":\"ListItem\",\"position\":2,\"name\":\"Botiga\",\"item\":\"https:\\\/\\\/www.editorialclaret.cat\\\/?page_id=16\"},{\"@type\":\"ListItem\",\"position\":3,\"name\":\"CREURE EN D\u00c9U?\"}]},{\"@type\":\"WebSite\",\"@id\":\"https:\\\/\\\/www.editorialclaret.cat\\\/#website\",\"url\":\"https:\\\/\\\/www.editorialclaret.cat\\\/\",\"name\":\"Editorial Claret\",\"description\":\"\",\"publisher\":{\"@id\":\"https:\\\/\\\/www.editorialclaret.cat\\\/#organization\"},\"potentialAction\":[{\"@type\":\"SearchAction\",\"target\":{\"@type\":\"EntryPoint\",\"urlTemplate\":\"https:\\\/\\\/www.editorialclaret.cat\\\/?s={search_term_string}\"},\"query-input\":{\"@type\":\"PropertyValueSpecification\",\"valueRequired\":true,\"valueName\":\"search_term_string\"}}],\"inLanguage\":\"es\"},{\"@type\":\"Organization\",\"@id\":\"https:\\\/\\\/www.editorialclaret.cat\\\/#organization\",\"name\":\"Editorial Claret\",\"url\":\"https:\\\/\\\/www.editorialclaret.cat\\\/\",\"logo\":{\"@type\":\"ImageObject\",\"inLanguage\":\"es\",\"@id\":\"https:\\\/\\\/www.editorialclaret.cat\\\/#\\\/schema\\\/logo\\\/image\\\/\",\"url\":\"https:\\\/\\\/www.editorialclaret.cat\\\/wp-content\\\/uploads\\\/.\\\/logo-claret.png\",\"contentUrl\":\"https:\\\/\\\/www.editorialclaret.cat\\\/wp-content\\\/uploads\\\/.\\\/logo-claret.png\",\"width\":194,\"height\":79,\"caption\":\"Editorial Claret\"},\"image\":{\"@id\":\"https:\\\/\\\/www.editorialclaret.cat\\\/#\\\/schema\\\/logo\\\/image\\\/\"}}]}<\/script>\n<!-- \/ Yoast SEO plugin. -->","yoast_head_json":{"title":"Editorial Claret","robots":{"index":"noindex","follow":"follow","max-snippet":"max-snippet:-1","max-image-preview":"max-image-preview:large","max-video-preview":"max-video-preview:-1"},"og_locale":"es_ES","og_type":"article","og_title":"CREURE EN D\u00c9U? - Editorial Claret","og_description":"COMAS GIRALT, CARLES","og_url":"https:\/\/www.editorialclaret.cat\/producte\/creure-en-deu-9788491365907\/","og_site_name":"Editorial Claret","article_modified_time":"2026-02-16T11:20:31+00:00","og_image":[{"width":250,"height":389,"url":"https:\/\/www.editorialclaret.cat\/wp-content\/uploads\/9788491365907-10.jpg","type":"image\/jpeg"}],"twitter_card":"summary_large_image","twitter_misc":{"Tiempo de lectura":"2 minutos"},"schema":{"@context":"https:\/\/schema.org","@graph":[{"@type":"WebPage","@id":"https:\/\/www.editorialclaret.cat\/producte\/creure-en-deu-9788491365907\/","url":"https:\/\/www.editorialclaret.cat\/producte\/creure-en-deu-9788491365907\/","name":"CREURE EN D\u00c9U? - Editorial Claret","isPartOf":{"@id":"https:\/\/www.editorialclaret.cat\/#website"},"primaryImageOfPage":{"@id":"https:\/\/www.editorialclaret.cat\/producte\/creure-en-deu-9788491365907\/#primaryimage"},"image":{"@id":"https:\/\/www.editorialclaret.cat\/producte\/creure-en-deu-9788491365907\/#primaryimage"},"thumbnailUrl":"https:\/\/www.editorialclaret.cat\/wp-content\/uploads\/9788491365907-10.jpg","datePublished":"2025-06-03T12:35:05+00:00","dateModified":"2026-02-16T11:20:31+00:00","breadcrumb":{"@id":"https:\/\/www.editorialclaret.cat\/producte\/creure-en-deu-9788491365907\/#breadcrumb"},"inLanguage":"es","potentialAction":[{"@type":"ReadAction","target":["https:\/\/www.editorialclaret.cat\/producte\/creure-en-deu-9788491365907\/"]}]},{"@type":"ImageObject","inLanguage":"es","@id":"https:\/\/www.editorialclaret.cat\/producte\/creure-en-deu-9788491365907\/#primaryimage","url":"https:\/\/www.editorialclaret.cat\/wp-content\/uploads\/9788491365907-10.jpg","contentUrl":"https:\/\/www.editorialclaret.cat\/wp-content\/uploads\/9788491365907-10.jpg","width":250,"height":389,"caption":"9788491365907.jpg"},{"@type":"BreadcrumbList","@id":"https:\/\/www.editorialclaret.cat\/producte\/creure-en-deu-9788491365907\/#breadcrumb","itemListElement":[{"@type":"ListItem","position":1,"name":"Portada","item":"https:\/\/www.editorialclaret.cat\/es\/"},{"@type":"ListItem","position":2,"name":"Botiga","item":"https:\/\/www.editorialclaret.cat\/?page_id=16"},{"@type":"ListItem","position":3,"name":"CREURE EN D\u00c9U?"}]},{"@type":"WebSite","@id":"https:\/\/www.editorialclaret.cat\/#website","url":"https:\/\/www.editorialclaret.cat\/","name":"Editorial Claret","description":"","publisher":{"@id":"https:\/\/www.editorialclaret.cat\/#organization"},"potentialAction":[{"@type":"SearchAction","target":{"@type":"EntryPoint","urlTemplate":"https:\/\/www.editorialclaret.cat\/?s={search_term_string}"},"query-input":{"@type":"PropertyValueSpecification","valueRequired":true,"valueName":"search_term_string"}}],"inLanguage":"es"},{"@type":"Organization","@id":"https:\/\/www.editorialclaret.cat\/#organization","name":"Editorial Claret","url":"https:\/\/www.editorialclaret.cat\/","logo":{"@type":"ImageObject","inLanguage":"es","@id":"https:\/\/www.editorialclaret.cat\/#\/schema\/logo\/image\/","url":"https:\/\/www.editorialclaret.cat\/wp-content\/uploads\/.\/logo-claret.png","contentUrl":"https:\/\/www.editorialclaret.cat\/wp-content\/uploads\/.\/logo-claret.png","width":194,"height":79,"caption":"Editorial Claret"},"image":{"@id":"https:\/\/www.editorialclaret.cat\/#\/schema\/logo\/image\/"}}]}},"_links":{"self":[{"href":"https:\/\/www.editorialclaret.cat\/es\/wp-json\/wp\/v2\/product\/68478","targetHints":{"allow":["GET"]}}],"collection":[{"href":"https:\/\/www.editorialclaret.cat\/es\/wp-json\/wp\/v2\/product"}],"about":[{"href":"https:\/\/www.editorialclaret.cat\/es\/wp-json\/wp\/v2\/types\/product"}],"wp:featuredmedia":[{"embeddable":true,"href":"https:\/\/www.editorialclaret.cat\/es\/wp-json\/wp\/v2\/media\/70287"}],"wp:attachment":[{"href":"https:\/\/www.editorialclaret.cat\/es\/wp-json\/wp\/v2\/media?parent=68478"}],"wp:term":[{"taxonomy":"product_brand","embeddable":true,"href":"https:\/\/www.editorialclaret.cat\/es\/wp-json\/wp\/v2\/product_brand?post=68478"},{"taxonomy":"product_cat","embeddable":true,"href":"https:\/\/www.editorialclaret.cat\/es\/wp-json\/wp\/v2\/product_cat?post=68478"},{"taxonomy":"product_tag","embeddable":true,"href":"https:\/\/www.editorialclaret.cat\/es\/wp-json\/wp\/v2\/product_tag?post=68478"}],"curies":[{"name":"wp","href":"https:\/\/api.w.org\/{rel}","templated":true}]}}