{"id":68367,"date":"2025-04-29T10:55:02","date_gmt":"2025-04-29T08:55:02","guid":{"rendered":"https:\/\/www.editorialclaret.cat\/producte\/entorn-de-llibres-9788491365952\/"},"modified":"2025-09-25T14:10:30","modified_gmt":"2025-09-25T12:10:30","slug":"entorn-de-llibres-9788491365952","status":"publish","type":"product","link":"https:\/\/www.editorialclaret.cat\/es\/producto\/entorn-de-llibres-9788491365952\/","title":{"rendered":"ENTORN DE LLIBRES"},"content":{"rendered":"<p>Aquesta obra \u00e9s una <strong>recopilaci\u00f3 de pr\u00f2legs, ressenyes i presentacions de llibres<\/strong> escrits per Josep Ruaix i Vinyet entre el 1968 i el primer trimestre del 2025, ambd\u00f3s inclosos. El recull tamb\u00e9 inclou refer\u00e8ncies a <strong>recensions i comentaris cr\u00edtics d\u2019altres autors sobre l\u2019obra de J. Ruaix<\/strong>. Amb vista a la futura edici\u00f3 de la seva <strong>Prosa completa<\/strong>, actualment en preparaci\u00f3, aquest volum serveix com a preludi i complement. Entre les seves finalitats, destaca la voluntat de facilitar la consulta als lectors que desitgin recordar o <strong>con\u00e8ixer determinades experi\u00e8ncies o intervencions de l\u2019autor en l\u2019\u00e0mbit literari, acad\u00e8mic o pastoral<\/strong>.<\/p>\n<p><\/p>\n<p> <strong><em>*Aquest llibre ha estat impr\u00e8s amb paper certificat pel&nbsp;<\/em><\/strong> <a href='https:\/\/fsc.org\/en' rel='noopener noreferrer' target='_blank'><strong><em>Forest Stewardship Council (FSC)<\/em><\/strong><\/a> <strong><em>, que compleix amb els principis de gesti\u00f3 econ\u00f2mica, social i ambiental sostenibles.<\/em><\/strong><\/p>\n","protected":false},"excerpt":{"rendered":"<p>RUAIX I VINYET, JOSEP<\/p>\n","protected":false},"featured_media":68474,"template":"","meta":{"_acf_changed":false,"rs_blank_template":"","rs_page_bg_color":"","slide_template_v7":"","inline_featured_image":false,"_monsterinsights_skip_tracking":false,"_monsterinsights_sitenote_active":false,"_monsterinsights_sitenote_note":"","_monsterinsights_sitenote_category":0},"product_brand":[],"product_cat":[828,1074,837,1065],"product_tag":[],"class_list":{"0":"post-68367","1":"product","2":"type-product","3":"status-publish","4":"has-post-thumbnail","6":"product_cat-altres-altres","7":"product_cat-biografias","8":"product_cat-biografies","9":"product_cat-otros","11":"first","12":"instock","13":"taxable","14":"shipping-taxable","15":"purchasable","16":"product-type-simple"},"acf":{"autor":"RUAIX I VINYET, JOSEP","codart":"849136595","libros-coleccion":"","ediciones":"1","encuadernacion":"R\u00fastica","fecha_de_publicacion":"20\/05\/2025","novedad":"1","paginas":"312","subtitulo":"","orden":"0","portada":"1","idioma":"cat","booktrailer":"","resenas":"<p>Catalunya Religi\u00f3, 24\/05\/2025<\/p>\n<p><a href=\"https:\/\/www.catalunyareligio.cat\/ca\/josep-ruaix-recull-en-nou-llibre-seva-prosa\" rel=\"noopener noreferrer\" target=\"_blank\">https:\/\/www.catalunyareligio.cat\/ca\/josep-ruaix-recull-en-nou-llibre-seva-prosa<\/a><\/p>\n<p><\/p>\n<p>Catalunya Religi\u00f3, 30\/05\/2025<\/p>\n<p><a href=\"https:\/\/www.catalunyareligio.cat\/ca\/blog\/llibres-recomanats\/entorn-llibres-319890\" rel=\"noopener noreferrer\" target=\"_blank\">https:\/\/www.catalunyareligio.cat\/ca\/blog\/llibres-recomanats\/entorn-llibres-319890<\/a><\/p>\n<p><\/p>\n<p>Catalunya Cristiana (castell\u00e0), 29\/06\/2025<\/p>\n<p><a href=\"https:\/\/drive.google.com\/file\/d\/1zmmsjDacMRekiPKe9RwSyfxaR9wAwPuc\/view?usp=sharing\" rel=\"noopener noreferrer\" target=\"_blank\">https:\/\/drive.google.com\/file\/d\/1zmmsjDacMRekiPKe9RwSyfxaR9wAwPuc\/view?usp=sharing<\/a><\/p>\n<p><\/p>\n<p>Catalunya Cristiana, 29\/06\/2025<\/p>\n<p><a href=\"https:\/\/drive.google.com\/file\/d\/19JyT2QvxxHck9rh5fnA1jlIGhRab_ZVD\/view?usp=sharing\" rel=\"noopener noreferrer\" target=\"_blank\">https:\/\/drive.google.com\/file\/d\/19JyT2QvxxHck9rh5fnA1jlIGhRab_ZVD\/view?usp=sharing<\/a><\/p>\n<p><\/p>\n<p>Catalunya Cristiana (castell\u00e0), 15\/06\/2025<\/p>\n<p><a href=\"https:\/\/drive.google.com\/file\/d\/1WxvhUlRlyleW9AjlypNCqgywhjOLKmiC\/view?usp=sharing\" rel=\"noopener noreferrer\" target=\"_blank\">https:\/\/drive.google.com\/file\/d\/1WxvhUlRlyleW9AjlypNCqgywhjOLKmiC\/view?usp=sharing<\/a><\/p>\n<p><\/p>\n<p>Catalunya Cristiana, 15\/06\/2025<\/p>\n<p><a href=\"https:\/\/drive.google.com\/file\/d\/1E7k2iF8xrlF_brjZitVm3AGi4cZ3gVbL\/view?usp=sharing\" rel=\"noopener noreferrer\" target=\"_blank\">https:\/\/drive.google.com\/file\/d\/1E7k2iF8xrlF_brjZitVm3AGi4cZ3gVbL\/view?usp=sharing<\/a><\/p>\n<p><\/p>\n<p>Llengua Nacional, 01\/09\/2025<\/p>\n<p><a href=\"https:\/\/llenguanacional.cat\/revistes\/llengua-nacional-no-132\/\" rel=\"noopener noreferrer\" target=\"_blank\">https:\/\/llenguanacional.cat\/revistes\/llengua-nacional-no-132\/<\/a><\/p>\n","autores-libros":[{"ID":17467,"post_author":"3","post_date":"2022-10-19 01:12:42","post_date_gmt":"2022-10-18 23:12:42","post_content":"Eclesi\u00e0stic, gram\u00e0tic i escriptor. Estudi\u00e0\u00a0la carrera eclesi\u00e0stica i la de magisteri al\u00a0Seminari de Vic i a la Facultat de Teologia de Catalunya; es llicenci\u00e0 en humanitats al Pontifici Institut Superior de\u00a0Llatinitat en 1969 i en filologia cl\u00e0ssica a\u00a0la Universitat de Barcelona en 1979. Ordenat de prevere en 1966, ha exercit el ministeri sacerdotal en diverses parr\u00f2quies de Roma i del bisbat de Vic. Ha exercit\u00a0com a docent en nombrosos centres i ha publicat una\u00a0seixantena de t\u00edtols d\u2019obres sobre gram\u00e0tica.","post_title":"JOSEP RUAIX I VINYET","post_excerpt":"","post_status":"publish","comment_status":"closed","ping_status":"closed","post_password":"","post_name":"josep-ruaix-i-vinyet","to_ping":"","pinged":"","post_modified":"2025-07-02 13:12:52","post_modified_gmt":"2025-07-02 11:12:52","post_content_filtered":"","post_parent":0,"guid":"http:\/\/dev.editorialclaret.cat\/autor\/josep-ruaix-i-vinyet\/","menu_order":0,"post_type":"autor","post_mime_type":"","comment_count":"0","filter":"raw"}],"linkebook":"","ficha":"849136595_1746706095.pdf","muestra":"","precioebook":"0","presentacion":""},"yoast_head":"<!-- This site is optimized with the Yoast SEO plugin v27.3 - https:\/\/yoast.com\/product\/yoast-seo-wordpress\/ -->\n<title>Editorial Claret<\/title>\n<meta name=\"robots\" content=\"noindex, follow, max-snippet:-1, max-image-preview:large, max-video-preview:-1\" \/>\n<meta property=\"og:locale\" content=\"es_ES\" \/>\n<meta property=\"og:type\" content=\"article\" \/>\n<meta property=\"og:title\" content=\"ENTORN DE LLIBRES - Editorial Claret\" \/>\n<meta property=\"og:description\" content=\"RUAIX I VINYET, JOSEP\" \/>\n<meta property=\"og:url\" content=\"https:\/\/www.editorialclaret.cat\/producte\/entorn-de-llibres-9788491365952\/\" \/>\n<meta property=\"og:site_name\" content=\"Editorial Claret\" \/>\n<meta property=\"article:modified_time\" content=\"2025-09-25T12:10:30+00:00\" \/>\n<meta property=\"og:image\" content=\"https:\/\/www.editorialclaret.cat\/wp-content\/uploads\/9788491365952-8.jpg\" \/>\n\t<meta property=\"og:image:width\" content=\"250\" \/>\n\t<meta property=\"og:image:height\" content=\"389\" \/>\n\t<meta property=\"og:image:type\" content=\"image\/jpeg\" \/>\n<meta name=\"twitter:card\" content=\"summary_large_image\" \/>\n<meta name=\"twitter:label1\" content=\"Tiempo de lectura\" \/>\n\t<meta name=\"twitter:data1\" content=\"1 minuto\" \/>\n<script type=\"application\/ld+json\" class=\"yoast-schema-graph\">{\"@context\":\"https:\\\/\\\/schema.org\",\"@graph\":[{\"@type\":\"WebPage\",\"@id\":\"https:\\\/\\\/www.editorialclaret.cat\\\/producte\\\/entorn-de-llibres-9788491365952\\\/\",\"url\":\"https:\\\/\\\/www.editorialclaret.cat\\\/producte\\\/entorn-de-llibres-9788491365952\\\/\",\"name\":\"ENTORN DE LLIBRES - Editorial Claret\",\"isPartOf\":{\"@id\":\"https:\\\/\\\/www.editorialclaret.cat\\\/#website\"},\"primaryImageOfPage\":{\"@id\":\"https:\\\/\\\/www.editorialclaret.cat\\\/producte\\\/entorn-de-llibres-9788491365952\\\/#primaryimage\"},\"image\":{\"@id\":\"https:\\\/\\\/www.editorialclaret.cat\\\/producte\\\/entorn-de-llibres-9788491365952\\\/#primaryimage\"},\"thumbnailUrl\":\"https:\\\/\\\/www.editorialclaret.cat\\\/wp-content\\\/uploads\\\/9788491365952-8.jpg\",\"datePublished\":\"2025-04-29T08:55:02+00:00\",\"dateModified\":\"2025-09-25T12:10:30+00:00\",\"breadcrumb\":{\"@id\":\"https:\\\/\\\/www.editorialclaret.cat\\\/producte\\\/entorn-de-llibres-9788491365952\\\/#breadcrumb\"},\"inLanguage\":\"es\",\"potentialAction\":[{\"@type\":\"ReadAction\",\"target\":[\"https:\\\/\\\/www.editorialclaret.cat\\\/producte\\\/entorn-de-llibres-9788491365952\\\/\"]}]},{\"@type\":\"ImageObject\",\"inLanguage\":\"es\",\"@id\":\"https:\\\/\\\/www.editorialclaret.cat\\\/producte\\\/entorn-de-llibres-9788491365952\\\/#primaryimage\",\"url\":\"https:\\\/\\\/www.editorialclaret.cat\\\/wp-content\\\/uploads\\\/9788491365952-8.jpg\",\"contentUrl\":\"https:\\\/\\\/www.editorialclaret.cat\\\/wp-content\\\/uploads\\\/9788491365952-8.jpg\",\"width\":250,\"height\":389,\"caption\":\"9788491365952.jpg\"},{\"@type\":\"BreadcrumbList\",\"@id\":\"https:\\\/\\\/www.editorialclaret.cat\\\/producte\\\/entorn-de-llibres-9788491365952\\\/#breadcrumb\",\"itemListElement\":[{\"@type\":\"ListItem\",\"position\":1,\"name\":\"Portada\",\"item\":\"https:\\\/\\\/www.editorialclaret.cat\\\/es\\\/\"},{\"@type\":\"ListItem\",\"position\":2,\"name\":\"Botiga\",\"item\":\"https:\\\/\\\/www.editorialclaret.cat\\\/?page_id=16\"},{\"@type\":\"ListItem\",\"position\":3,\"name\":\"ENTORN DE LLIBRES\"}]},{\"@type\":\"WebSite\",\"@id\":\"https:\\\/\\\/www.editorialclaret.cat\\\/#website\",\"url\":\"https:\\\/\\\/www.editorialclaret.cat\\\/\",\"name\":\"Editorial Claret\",\"description\":\"\",\"publisher\":{\"@id\":\"https:\\\/\\\/www.editorialclaret.cat\\\/#organization\"},\"potentialAction\":[{\"@type\":\"SearchAction\",\"target\":{\"@type\":\"EntryPoint\",\"urlTemplate\":\"https:\\\/\\\/www.editorialclaret.cat\\\/?s={search_term_string}\"},\"query-input\":{\"@type\":\"PropertyValueSpecification\",\"valueRequired\":true,\"valueName\":\"search_term_string\"}}],\"inLanguage\":\"es\"},{\"@type\":\"Organization\",\"@id\":\"https:\\\/\\\/www.editorialclaret.cat\\\/#organization\",\"name\":\"Editorial Claret\",\"url\":\"https:\\\/\\\/www.editorialclaret.cat\\\/\",\"logo\":{\"@type\":\"ImageObject\",\"inLanguage\":\"es\",\"@id\":\"https:\\\/\\\/www.editorialclaret.cat\\\/#\\\/schema\\\/logo\\\/image\\\/\",\"url\":\"https:\\\/\\\/www.editorialclaret.cat\\\/wp-content\\\/uploads\\\/.\\\/logo-claret.png\",\"contentUrl\":\"https:\\\/\\\/www.editorialclaret.cat\\\/wp-content\\\/uploads\\\/.\\\/logo-claret.png\",\"width\":194,\"height\":79,\"caption\":\"Editorial Claret\"},\"image\":{\"@id\":\"https:\\\/\\\/www.editorialclaret.cat\\\/#\\\/schema\\\/logo\\\/image\\\/\"}}]}<\/script>\n<!-- \/ Yoast SEO plugin. -->","yoast_head_json":{"title":"Editorial Claret","robots":{"index":"noindex","follow":"follow","max-snippet":"max-snippet:-1","max-image-preview":"max-image-preview:large","max-video-preview":"max-video-preview:-1"},"og_locale":"es_ES","og_type":"article","og_title":"ENTORN DE LLIBRES - Editorial Claret","og_description":"RUAIX I VINYET, JOSEP","og_url":"https:\/\/www.editorialclaret.cat\/producte\/entorn-de-llibres-9788491365952\/","og_site_name":"Editorial Claret","article_modified_time":"2025-09-25T12:10:30+00:00","og_image":[{"width":250,"height":389,"url":"https:\/\/www.editorialclaret.cat\/wp-content\/uploads\/9788491365952-8.jpg","type":"image\/jpeg"}],"twitter_card":"summary_large_image","twitter_misc":{"Tiempo de lectura":"1 minuto"},"schema":{"@context":"https:\/\/schema.org","@graph":[{"@type":"WebPage","@id":"https:\/\/www.editorialclaret.cat\/producte\/entorn-de-llibres-9788491365952\/","url":"https:\/\/www.editorialclaret.cat\/producte\/entorn-de-llibres-9788491365952\/","name":"ENTORN DE LLIBRES - Editorial Claret","isPartOf":{"@id":"https:\/\/www.editorialclaret.cat\/#website"},"primaryImageOfPage":{"@id":"https:\/\/www.editorialclaret.cat\/producte\/entorn-de-llibres-9788491365952\/#primaryimage"},"image":{"@id":"https:\/\/www.editorialclaret.cat\/producte\/entorn-de-llibres-9788491365952\/#primaryimage"},"thumbnailUrl":"https:\/\/www.editorialclaret.cat\/wp-content\/uploads\/9788491365952-8.jpg","datePublished":"2025-04-29T08:55:02+00:00","dateModified":"2025-09-25T12:10:30+00:00","breadcrumb":{"@id":"https:\/\/www.editorialclaret.cat\/producte\/entorn-de-llibres-9788491365952\/#breadcrumb"},"inLanguage":"es","potentialAction":[{"@type":"ReadAction","target":["https:\/\/www.editorialclaret.cat\/producte\/entorn-de-llibres-9788491365952\/"]}]},{"@type":"ImageObject","inLanguage":"es","@id":"https:\/\/www.editorialclaret.cat\/producte\/entorn-de-llibres-9788491365952\/#primaryimage","url":"https:\/\/www.editorialclaret.cat\/wp-content\/uploads\/9788491365952-8.jpg","contentUrl":"https:\/\/www.editorialclaret.cat\/wp-content\/uploads\/9788491365952-8.jpg","width":250,"height":389,"caption":"9788491365952.jpg"},{"@type":"BreadcrumbList","@id":"https:\/\/www.editorialclaret.cat\/producte\/entorn-de-llibres-9788491365952\/#breadcrumb","itemListElement":[{"@type":"ListItem","position":1,"name":"Portada","item":"https:\/\/www.editorialclaret.cat\/es\/"},{"@type":"ListItem","position":2,"name":"Botiga","item":"https:\/\/www.editorialclaret.cat\/?page_id=16"},{"@type":"ListItem","position":3,"name":"ENTORN DE LLIBRES"}]},{"@type":"WebSite","@id":"https:\/\/www.editorialclaret.cat\/#website","url":"https:\/\/www.editorialclaret.cat\/","name":"Editorial Claret","description":"","publisher":{"@id":"https:\/\/www.editorialclaret.cat\/#organization"},"potentialAction":[{"@type":"SearchAction","target":{"@type":"EntryPoint","urlTemplate":"https:\/\/www.editorialclaret.cat\/?s={search_term_string}"},"query-input":{"@type":"PropertyValueSpecification","valueRequired":true,"valueName":"search_term_string"}}],"inLanguage":"es"},{"@type":"Organization","@id":"https:\/\/www.editorialclaret.cat\/#organization","name":"Editorial Claret","url":"https:\/\/www.editorialclaret.cat\/","logo":{"@type":"ImageObject","inLanguage":"es","@id":"https:\/\/www.editorialclaret.cat\/#\/schema\/logo\/image\/","url":"https:\/\/www.editorialclaret.cat\/wp-content\/uploads\/.\/logo-claret.png","contentUrl":"https:\/\/www.editorialclaret.cat\/wp-content\/uploads\/.\/logo-claret.png","width":194,"height":79,"caption":"Editorial Claret"},"image":{"@id":"https:\/\/www.editorialclaret.cat\/#\/schema\/logo\/image\/"}}]}},"_links":{"self":[{"href":"https:\/\/www.editorialclaret.cat\/es\/wp-json\/wp\/v2\/product\/68367","targetHints":{"allow":["GET"]}}],"collection":[{"href":"https:\/\/www.editorialclaret.cat\/es\/wp-json\/wp\/v2\/product"}],"about":[{"href":"https:\/\/www.editorialclaret.cat\/es\/wp-json\/wp\/v2\/types\/product"}],"wp:featuredmedia":[{"embeddable":true,"href":"https:\/\/www.editorialclaret.cat\/es\/wp-json\/wp\/v2\/media\/68474"}],"wp:attachment":[{"href":"https:\/\/www.editorialclaret.cat\/es\/wp-json\/wp\/v2\/media?parent=68367"}],"wp:term":[{"taxonomy":"product_brand","embeddable":true,"href":"https:\/\/www.editorialclaret.cat\/es\/wp-json\/wp\/v2\/product_brand?post=68367"},{"taxonomy":"product_cat","embeddable":true,"href":"https:\/\/www.editorialclaret.cat\/es\/wp-json\/wp\/v2\/product_cat?post=68367"},{"taxonomy":"product_tag","embeddable":true,"href":"https:\/\/www.editorialclaret.cat\/es\/wp-json\/wp\/v2\/product_tag?post=68367"}],"curies":[{"name":"wp","href":"https:\/\/api.w.org\/{rel}","templated":true}]}}