{"id":67867,"date":"2025-01-07T17:35:13","date_gmt":"2025-01-07T16:35:13","guid":{"rendered":"https:\/\/www.editorialclaret.cat\/producte\/humanos-en-auschwitz-9788491365839\/"},"modified":"2025-10-27T14:36:16","modified_gmt":"2025-10-27T13:36:16","slug":"humanos-en-auschwitz-9788491365839","status":"publish","type":"product","link":"https:\/\/www.editorialclaret.cat\/es\/producto\/humanos-en-auschwitz-9788491365839\/","title":{"rendered":"HUMANOS EN AUSCHWITZ"},"content":{"rendered":"<p><strong>\u00bfQu\u00e9 significa ser humano en condiciones extremas?<\/strong> <\/p>\n<p><em>Humanos en Auschwitz<\/em> explora esta pregunta a partir de los testimonios reales de figuras como Primo Levi, Robert Antelme y Etty Hillesum, prisioneros en campos de trabajo y exterminio nazis, y desde la perspectiva de Franz Stangl, comandante de Treblinka.<\/p>\n<p>Este libro ofrece un an\u00e1lisis profundo sobre la condici\u00f3n humana en el contexto de los campos nazis, abordando temas como la lucha por la dignidad y la supervivencia, la presencia simult\u00e1nea de bondad y maldad en situaciones l\u00edmite, o la esperanza y el amor incondicional en medio del sufrimiento m\u00e1s extremo.<\/p>\n<p>A pesar del terror y la degradaci\u00f3n, este conmovedor relato destaca la fuerza del esp\u00edritu humano para resistir y encontrar sentido, incluso en los momentos de mayor desesperaci\u00f3n.<\/p>\n<blockquote><p><em>Humanos en Auschwitz<\/em> no solo es un libro sobre la memoria hist\u00f3rica; es una reflexi\u00f3n profunda sobre la <strong>condici\u00f3n humana<\/strong> y lo que nos define en las circunstancias m\u00e1s adversas.<\/p><\/blockquote>\n<p><em>*Este&nbsp;libro ha sido imprimido con <\/em><a href='https:\/\/www.claret.cat\/es\/ecoedicion\/' rel='noopener noreferrer' target='_blank'><strong><em>papel certificado <\/em><\/strong><\/a><em>por el Forest Stewardship&nbsp;Council&nbsp;(FSC), que cumple con los principios de gesti\u00f3n econ\u00f3mica, social y ambiental sostenibles.<\/em><\/p>\n<p><a href='https:\/\/www.editorialclaret.cat\/producte\/humans-a-auschwitz-9788491365822\/' rel='noopener noreferrer' target='_blank'>Disponible en catal\u00e1n<\/a><\/p>\n<p><\/p>\n","protected":false},"excerpt":{"rendered":"<p>VICENS FOLGUEIRA, JOAN ALBERT<\/p>\n","protected":false},"featured_media":68976,"template":"","meta":{"_acf_changed":false,"rs_blank_template":"","rs_page_bg_color":"","slide_template_v7":"","inline_featured_image":false,"_monsterinsights_skip_tracking":false,"_monsterinsights_sitenote_active":false,"_monsterinsights_sitenote_note":"","_monsterinsights_sitenote_category":0},"product_brand":[],"product_cat":[980,1217],"product_tag":[],"class_list":{"0":"post-67867","1":"product","2":"type-product","3":"status-publish","4":"has-post-thumbnail","6":"product_cat-diversa","7":"product_cat-diversa-espiritualidad-espiritualidad","9":"first","10":"instock","11":"taxable","12":"shipping-taxable","13":"purchasable","14":"product-type-simple"},"acf":{"autor":"VICENS FOLGUEIRA, JOAN ALBERT","codart":"849136583","libros-coleccion":"","ediciones":"1","encuadernacion":"R\u00fastica","fecha_de_publicacion":"21\/01\/2025","novedad":"1","paginas":"346","subtitulo":"PRIMO LEVI, ROBERT ANTELME, FRANZ STANGL, ETTY HILLESUM. FIGURAS DE HUMANIDAD EN","orden":"8","portada":"1","idioma":"spa","autores-libros":[{"ID":67866,"post_author":"3","post_date":"2025-01-07 17:34:31","post_date_gmt":"2025-01-07 16:34:31","post_content":"Joan Albert Vicens Folgueira \u00e9s doctor en Filosofia per la Universitat de Barcelona amb la tesi La meditaci\u00f3 com a forma del pensament metaf\u00edsic de R. Descartes, dirigida per Jordi Sales i Coderch (1988).\r\nHa estat professor i catedr\u00e0tic a secund\u00e0ria i director de l'Institut Sabadell. Del 1998 al 2020 va ser professor titular de la Facultat de Filosofia de la Universitat Ramon Llull, on va impartir assignatures de Filosofia Moderna i Filosofia espanyola.\r\n\r\nEl 1994 va ser co-fundador del Servei Ciutad\u00e0 d'Acolliment als Immigrants (SCAI) de Sabadell \u2013ciutat on viu\u2013, entitat que va presidir durant deu anys. Del 2002 al 2012 fou, a m\u00e9s, patr\u00f3 de la Fundaci\u00f3 Jaume Bofill.\r\n\u00c9s editor del llibre Aquesta foscor en qu\u00e8 confio (Editorial Claret, 2023).","post_title":"JOAN ALBERT VICENS FOLGUEIRA","post_excerpt":"","post_status":"publish","comment_status":"closed","ping_status":"closed","post_password":"","post_name":"joan-albert-vicens-folgueira-9","to_ping":"","pinged":"","post_modified":"2025-02-04 12:10:20","post_modified_gmt":"2025-02-04 11:10:20","post_content_filtered":"","post_parent":0,"guid":"https:\/\/www.editorialclaret.cat\/autor\/joan-albert-vicens-folgueira-9\/","menu_order":0,"post_type":"autor","post_mime_type":"","comment_count":"0","filter":"raw"}],"booktrailer":"<iframe width=\"948\" height=\"533\" src=\"https:\/\/www.youtube.com\/embed\/JDPNrJbHluU?si=jSHBKU9g8eMrzC17\" title=\"YouTube video player\" frameborder=\"0\" allow=\"accelerometer; autoplay; clipboard-write; encrypted-media; gyroscope; picture-in-picture; web-share\" referrerpolicy=\"strict-origin-when-cross-origin\" allowfullscreen><\/iframe>","linkebook":"","ficha":"849136583_1736415986.pdf","muestra":"","precioebook":"0","presentacion":"<iframe width=\"948\" height=\"533\" src=\"https:\/\/www.youtube.com\/embed\/0uaTxc-fva8?si=5dPR-WRkzNB6ve8d\" title=\"YouTube video player\" frameborder=\"0\" allow=\"accelerometer; autoplay; clipboard-write; encrypted-media; gyroscope; picture-in-picture; web-share\" referrerpolicy=\"strict-origin-when-cross-origin\" allowfullscreen><\/iframe>","resenas":"<p>Europa Press, 21\/01\/2025<\/p>\n<p><a href=\"https:\/\/www.europapress.es\/comunicados\/sociedad-00909\/noticia-comunicado-nuevo-libro-indaga-horror-auschwitz-80-anos-despues-liberacion-campo-exterminio-20250121140504.html\" rel=\"noopener noreferrer\" target=\"_blank\">https:\/\/www.europapress.es\/comunicados\/sociedad-00909\/noticia-comunicado-nuevo-libro-indaga-horror-auschwitz-80-anos-despues-liberacion-campo-exterminio-20250121140504.html<\/a><\/p>\n<p><\/p>\n<p>El Peri\u00f3dico, 27\/01\/2025<\/p>\n<p><a href=\"https:\/\/www.elperiodico.com\/es\/ocio-y-cultura\/20250127\/auschwitz-libros-holocausto-nazismo-113754594\" rel=\"noopener noreferrer\" target=\"_blank\">https:\/\/www.elperiodico.com\/es\/ocio-y-cultura\/20250127\/auschwitz-libros-holocausto-nazismo-113754594<\/a><\/p>\n<p><\/p>\n<p>Catalunya Religi\u00f3, 22\/01\/2025<\/p>\n<p><a href=\"https:\/\/www.catalunyareligio.cat\/es\/node\/317536\" rel=\"noopener noreferrer\" target=\"_blank\">https:\/\/www.catalunyareligio.cat\/es\/node\/317536<\/a><\/p>\n<p><\/p>\n<p>El D\u00eda, 27\/01\/2025<\/p>\n<p><a href=\"https:\/\/www.eldia.es\/cultura\/2025\/01\/27\/auschwitz-10-libros-reviven-horrores-113757969.html\" rel=\"noopener noreferrer\" target=\"_blank\">https:\/\/www.eldia.es\/cultura\/2025\/01\/27\/auschwitz-10-libros-reviven-horrores-113757969.html<\/a><\/p>\n<p><\/p>\n<p>Catalunya Cristiana (castellano), 16\/02\/2025<\/p>\n<p><a href=\"https:\/\/drive.google.com\/file\/d\/1pBVIXRIOXnN5ozXDic1YUBIQk29LFBIw\/view?usp=sharing\" rel=\"noopener noreferrer\" target=\"_blank\">https:\/\/drive.google.com\/file\/d\/1pBVIXRIOXnN5ozXDic1YUBIQk29LFBIw\/view?usp=sharing<\/a><\/p>\n<p><\/p>\n<p>ISCREB, 16\/02\/2025<\/p>\n<p><a href=\"https:\/\/www.iscreb.org\/es\/comunicacio\/humanos-en-auschwitz\" rel=\"noopener noreferrer\" target=\"_blank\" style=\"background-color: rgb(255, 255, 255);\">https:\/\/www.iscreb.org\/es\/comunicacio\/humanos-en-auschwitz<\/a><\/p>\n<p><\/p>\n<p>Alfa y Omega (p\u00e1gina 32), 27\/02\/2025<\/p>\n<p><a href=\"https:\/\/alfayomega.es\/wp-content\/uploads\/2025\/02\/1389_27-02-2025.pdf\" rel=\"noopener noreferrer\" target=\"_blank\">https:\/\/alfayomega.es\/wp-content\/uploads\/2025\/02\/1389_27-02-2025.pdf<\/a><\/p>\n<p><\/p>\n<p>Catalunya Cristiana, 08\/06\/2025<\/p>\n<p><a href=\"https:\/\/drive.google.com\/file\/d\/1cknW6umnOPt0Xy-O230W0SV7ubbLi7kt\/view?usp=sharing\" rel=\"noopener noreferrer\" target=\"_blank\">https:\/\/drive.google.com\/file\/d\/1cknW6umnOPt0Xy-O230W0SV7ubbLi7kt\/view?usp=sharing<\/a><\/p>\n<p><\/p>\n<p>Catalunya Cristiana, 08\/06\/2025<\/p>\n<p><a href=\"https:\/\/drive.google.com\/file\/d\/1Z8ZB0L0su-p4onPF3o8QGWrBx5uAMvxT\/view?usp=sharing\" rel=\"noopener noreferrer\" target=\"_blank\">https:\/\/drive.google.com\/file\/d\/1Z8ZB0L0su-p4onPF3o8QGWrBx5uAMvxT\/view?usp=sharing<\/a><\/p>\n<p><\/p>\n<p>Catalunya Cristiana (castellano), 12\/10\/2025<\/p>\n<p><a href=\"https:\/\/drive.google.com\/file\/d\/1Lr5zlKEw4_wMmSyXIhl2ZNY_nVKggNKc\/view?usp=sharing\" rel=\"noopener noreferrer\" target=\"_blank\">https:\/\/drive.google.com\/file\/d\/1Lr5zlKEw4_wMmSyXIhl2ZNY_nVKggNKc\/view?usp=sharing<\/a><\/p>\n"},"yoast_head":"<!-- This site is optimized with the Yoast SEO plugin v27.3 - https:\/\/yoast.com\/product\/yoast-seo-wordpress\/ -->\n<title>Editorial Claret<\/title>\n<meta name=\"robots\" content=\"noindex, follow, max-snippet:-1, max-image-preview:large, max-video-preview:-1\" \/>\n<meta property=\"og:locale\" content=\"es_ES\" \/>\n<meta property=\"og:type\" content=\"article\" \/>\n<meta property=\"og:title\" content=\"HUMANOS EN AUSCHWITZ - Editorial Claret\" \/>\n<meta property=\"og:description\" content=\"VICENS FOLGUEIRA, JOAN ALBERT\" \/>\n<meta property=\"og:url\" content=\"https:\/\/www.editorialclaret.cat\/producte\/humanos-en-auschwitz-9788491365839\/\" \/>\n<meta property=\"og:site_name\" content=\"Editorial Claret\" \/>\n<meta property=\"article:modified_time\" content=\"2025-10-27T13:36:16+00:00\" \/>\n<meta property=\"og:image\" content=\"https:\/\/www.editorialclaret.cat\/wp-content\/uploads\/9788491365839-10.jpg\" \/>\n\t<meta property=\"og:image:width\" content=\"250\" \/>\n\t<meta property=\"og:image:height\" content=\"389\" \/>\n\t<meta property=\"og:image:type\" content=\"image\/jpeg\" \/>\n<meta name=\"twitter:card\" content=\"summary_large_image\" \/>\n<meta name=\"twitter:label1\" content=\"Tiempo de lectura\" \/>\n\t<meta name=\"twitter:data1\" content=\"1 minuto\" \/>\n<script type=\"application\/ld+json\" class=\"yoast-schema-graph\">{\"@context\":\"https:\\\/\\\/schema.org\",\"@graph\":[{\"@type\":\"WebPage\",\"@id\":\"https:\\\/\\\/www.editorialclaret.cat\\\/producte\\\/humanos-en-auschwitz-9788491365839\\\/\",\"url\":\"https:\\\/\\\/www.editorialclaret.cat\\\/producte\\\/humanos-en-auschwitz-9788491365839\\\/\",\"name\":\"HUMANOS EN AUSCHWITZ - Editorial Claret\",\"isPartOf\":{\"@id\":\"https:\\\/\\\/www.editorialclaret.cat\\\/#website\"},\"primaryImageOfPage\":{\"@id\":\"https:\\\/\\\/www.editorialclaret.cat\\\/producte\\\/humanos-en-auschwitz-9788491365839\\\/#primaryimage\"},\"image\":{\"@id\":\"https:\\\/\\\/www.editorialclaret.cat\\\/producte\\\/humanos-en-auschwitz-9788491365839\\\/#primaryimage\"},\"thumbnailUrl\":\"https:\\\/\\\/www.editorialclaret.cat\\\/wp-content\\\/uploads\\\/9788491365839-10.jpg\",\"datePublished\":\"2025-01-07T16:35:13+00:00\",\"dateModified\":\"2025-10-27T13:36:16+00:00\",\"breadcrumb\":{\"@id\":\"https:\\\/\\\/www.editorialclaret.cat\\\/producte\\\/humanos-en-auschwitz-9788491365839\\\/#breadcrumb\"},\"inLanguage\":\"es\",\"potentialAction\":[{\"@type\":\"ReadAction\",\"target\":[\"https:\\\/\\\/www.editorialclaret.cat\\\/producte\\\/humanos-en-auschwitz-9788491365839\\\/\"]}]},{\"@type\":\"ImageObject\",\"inLanguage\":\"es\",\"@id\":\"https:\\\/\\\/www.editorialclaret.cat\\\/producte\\\/humanos-en-auschwitz-9788491365839\\\/#primaryimage\",\"url\":\"https:\\\/\\\/www.editorialclaret.cat\\\/wp-content\\\/uploads\\\/9788491365839-10.jpg\",\"contentUrl\":\"https:\\\/\\\/www.editorialclaret.cat\\\/wp-content\\\/uploads\\\/9788491365839-10.jpg\",\"width\":250,\"height\":389,\"caption\":\"9788491365839.jpg\"},{\"@type\":\"BreadcrumbList\",\"@id\":\"https:\\\/\\\/www.editorialclaret.cat\\\/producte\\\/humanos-en-auschwitz-9788491365839\\\/#breadcrumb\",\"itemListElement\":[{\"@type\":\"ListItem\",\"position\":1,\"name\":\"Portada\",\"item\":\"https:\\\/\\\/www.editorialclaret.cat\\\/es\\\/\"},{\"@type\":\"ListItem\",\"position\":2,\"name\":\"Botiga\",\"item\":\"https:\\\/\\\/www.editorialclaret.cat\\\/?page_id=16\"},{\"@type\":\"ListItem\",\"position\":3,\"name\":\"HUMANOS EN AUSCHWITZ\"}]},{\"@type\":\"WebSite\",\"@id\":\"https:\\\/\\\/www.editorialclaret.cat\\\/#website\",\"url\":\"https:\\\/\\\/www.editorialclaret.cat\\\/\",\"name\":\"Editorial Claret\",\"description\":\"\",\"publisher\":{\"@id\":\"https:\\\/\\\/www.editorialclaret.cat\\\/#organization\"},\"potentialAction\":[{\"@type\":\"SearchAction\",\"target\":{\"@type\":\"EntryPoint\",\"urlTemplate\":\"https:\\\/\\\/www.editorialclaret.cat\\\/?s={search_term_string}\"},\"query-input\":{\"@type\":\"PropertyValueSpecification\",\"valueRequired\":true,\"valueName\":\"search_term_string\"}}],\"inLanguage\":\"es\"},{\"@type\":\"Organization\",\"@id\":\"https:\\\/\\\/www.editorialclaret.cat\\\/#organization\",\"name\":\"Editorial Claret\",\"url\":\"https:\\\/\\\/www.editorialclaret.cat\\\/\",\"logo\":{\"@type\":\"ImageObject\",\"inLanguage\":\"es\",\"@id\":\"https:\\\/\\\/www.editorialclaret.cat\\\/#\\\/schema\\\/logo\\\/image\\\/\",\"url\":\"https:\\\/\\\/www.editorialclaret.cat\\\/wp-content\\\/uploads\\\/.\\\/logo-claret.png\",\"contentUrl\":\"https:\\\/\\\/www.editorialclaret.cat\\\/wp-content\\\/uploads\\\/.\\\/logo-claret.png\",\"width\":194,\"height\":79,\"caption\":\"Editorial Claret\"},\"image\":{\"@id\":\"https:\\\/\\\/www.editorialclaret.cat\\\/#\\\/schema\\\/logo\\\/image\\\/\"}}]}<\/script>\n<!-- \/ Yoast SEO plugin. -->","yoast_head_json":{"title":"Editorial Claret","robots":{"index":"noindex","follow":"follow","max-snippet":"max-snippet:-1","max-image-preview":"max-image-preview:large","max-video-preview":"max-video-preview:-1"},"og_locale":"es_ES","og_type":"article","og_title":"HUMANOS EN AUSCHWITZ - Editorial Claret","og_description":"VICENS FOLGUEIRA, JOAN ALBERT","og_url":"https:\/\/www.editorialclaret.cat\/producte\/humanos-en-auschwitz-9788491365839\/","og_site_name":"Editorial Claret","article_modified_time":"2025-10-27T13:36:16+00:00","og_image":[{"width":250,"height":389,"url":"https:\/\/www.editorialclaret.cat\/wp-content\/uploads\/9788491365839-10.jpg","type":"image\/jpeg"}],"twitter_card":"summary_large_image","twitter_misc":{"Tiempo de lectura":"1 minuto"},"schema":{"@context":"https:\/\/schema.org","@graph":[{"@type":"WebPage","@id":"https:\/\/www.editorialclaret.cat\/producte\/humanos-en-auschwitz-9788491365839\/","url":"https:\/\/www.editorialclaret.cat\/producte\/humanos-en-auschwitz-9788491365839\/","name":"HUMANOS EN AUSCHWITZ - Editorial Claret","isPartOf":{"@id":"https:\/\/www.editorialclaret.cat\/#website"},"primaryImageOfPage":{"@id":"https:\/\/www.editorialclaret.cat\/producte\/humanos-en-auschwitz-9788491365839\/#primaryimage"},"image":{"@id":"https:\/\/www.editorialclaret.cat\/producte\/humanos-en-auschwitz-9788491365839\/#primaryimage"},"thumbnailUrl":"https:\/\/www.editorialclaret.cat\/wp-content\/uploads\/9788491365839-10.jpg","datePublished":"2025-01-07T16:35:13+00:00","dateModified":"2025-10-27T13:36:16+00:00","breadcrumb":{"@id":"https:\/\/www.editorialclaret.cat\/producte\/humanos-en-auschwitz-9788491365839\/#breadcrumb"},"inLanguage":"es","potentialAction":[{"@type":"ReadAction","target":["https:\/\/www.editorialclaret.cat\/producte\/humanos-en-auschwitz-9788491365839\/"]}]},{"@type":"ImageObject","inLanguage":"es","@id":"https:\/\/www.editorialclaret.cat\/producte\/humanos-en-auschwitz-9788491365839\/#primaryimage","url":"https:\/\/www.editorialclaret.cat\/wp-content\/uploads\/9788491365839-10.jpg","contentUrl":"https:\/\/www.editorialclaret.cat\/wp-content\/uploads\/9788491365839-10.jpg","width":250,"height":389,"caption":"9788491365839.jpg"},{"@type":"BreadcrumbList","@id":"https:\/\/www.editorialclaret.cat\/producte\/humanos-en-auschwitz-9788491365839\/#breadcrumb","itemListElement":[{"@type":"ListItem","position":1,"name":"Portada","item":"https:\/\/www.editorialclaret.cat\/es\/"},{"@type":"ListItem","position":2,"name":"Botiga","item":"https:\/\/www.editorialclaret.cat\/?page_id=16"},{"@type":"ListItem","position":3,"name":"HUMANOS EN AUSCHWITZ"}]},{"@type":"WebSite","@id":"https:\/\/www.editorialclaret.cat\/#website","url":"https:\/\/www.editorialclaret.cat\/","name":"Editorial Claret","description":"","publisher":{"@id":"https:\/\/www.editorialclaret.cat\/#organization"},"potentialAction":[{"@type":"SearchAction","target":{"@type":"EntryPoint","urlTemplate":"https:\/\/www.editorialclaret.cat\/?s={search_term_string}"},"query-input":{"@type":"PropertyValueSpecification","valueRequired":true,"valueName":"search_term_string"}}],"inLanguage":"es"},{"@type":"Organization","@id":"https:\/\/www.editorialclaret.cat\/#organization","name":"Editorial Claret","url":"https:\/\/www.editorialclaret.cat\/","logo":{"@type":"ImageObject","inLanguage":"es","@id":"https:\/\/www.editorialclaret.cat\/#\/schema\/logo\/image\/","url":"https:\/\/www.editorialclaret.cat\/wp-content\/uploads\/.\/logo-claret.png","contentUrl":"https:\/\/www.editorialclaret.cat\/wp-content\/uploads\/.\/logo-claret.png","width":194,"height":79,"caption":"Editorial Claret"},"image":{"@id":"https:\/\/www.editorialclaret.cat\/#\/schema\/logo\/image\/"}}]}},"_links":{"self":[{"href":"https:\/\/www.editorialclaret.cat\/es\/wp-json\/wp\/v2\/product\/67867","targetHints":{"allow":["GET"]}}],"collection":[{"href":"https:\/\/www.editorialclaret.cat\/es\/wp-json\/wp\/v2\/product"}],"about":[{"href":"https:\/\/www.editorialclaret.cat\/es\/wp-json\/wp\/v2\/types\/product"}],"wp:featuredmedia":[{"embeddable":true,"href":"https:\/\/www.editorialclaret.cat\/es\/wp-json\/wp\/v2\/media\/68976"}],"wp:attachment":[{"href":"https:\/\/www.editorialclaret.cat\/es\/wp-json\/wp\/v2\/media?parent=67867"}],"wp:term":[{"taxonomy":"product_brand","embeddable":true,"href":"https:\/\/www.editorialclaret.cat\/es\/wp-json\/wp\/v2\/product_brand?post=67867"},{"taxonomy":"product_cat","embeddable":true,"href":"https:\/\/www.editorialclaret.cat\/es\/wp-json\/wp\/v2\/product_cat?post=67867"},{"taxonomy":"product_tag","embeddable":true,"href":"https:\/\/www.editorialclaret.cat\/es\/wp-json\/wp\/v2\/product_tag?post=67867"}],"curies":[{"name":"wp","href":"https:\/\/api.w.org\/{rel}","templated":true}]}}