{"id":67399,"date":"2024-12-10T16:35:02","date_gmt":"2024-12-10T15:35:02","guid":{"rendered":"https:\/\/www.editorialclaret.cat\/producte\/per-una-esglesia-sinodal-comunio-participacio-missio-9788491365846\/"},"modified":"2026-01-30T19:05:51","modified_gmt":"2026-01-30T18:05:51","slug":"per-una-esglesia-sinodal-comunio-participacio-missio-9788491365846","status":"publish","type":"product","link":"https:\/\/www.editorialclaret.cat\/es\/producto\/per-una-esglesia-sinodal-comunio-participacio-missio-9788491365846\/","title":{"rendered":"PER UNA ESGL\u00c9SIA SINODAL: COMUNI\u00d3, PARTICIPACI\u00d3, MISSI\u00d3"},"content":{"rendered":"<p>El papa Francesc ha expressat el seu suport total al document final de la <strong>XVI Assemblea General Ordin\u00e0ria del S\u00ednode dels Bisbes<\/strong>, que porta per lema <strong>\u00abPer una Esgl\u00e9sia sinodal: comuni\u00f3, participaci\u00f3, missi\u00f3\u00bb<\/strong>.<\/p>\n<p>Aquesta obra \u00e9s una fita important en el cam\u00ed cap a una Esgl\u00e9sia m\u00e9s participativa i compromesa amb els reptes actuals.<\/p>\n<p>El document est\u00e0 dividit en <strong>cinc apartats<\/strong> que exploren:<\/p>\n<ul>\n<li>La conversi\u00f3 espiritual i eclesial necess\u00e0ria per avan\u00e7ar.<\/li>\n<li>La construcci\u00f3 d\u2019una missi\u00f3 comuna en un m\u00f3n divers.<\/li>\n<li>Els desafiaments d\u2019una Esgl\u00e9sia que escolta i actua.<\/li>\n<\/ul>\n<p>Aquest enfocament aprofundeix en la <strong>sinodalitat<\/strong>, fent \u00e8mfasi en la comuni\u00f3, la participaci\u00f3 i la missi\u00f3 compartida.<\/p>\n<p>El papa Francesc anima els fidels a <strong>no esperar indicacions des de la c\u00faspide de l\u2019Esgl\u00e9sia<\/strong>, sin\u00f3 a assumir la seva responsabilitat en l\u2019estudi i aplicaci\u00f3 de les conclusions sinodals. Aquesta invitaci\u00f3 marca un canvi significatiu cap a una Esgl\u00e9sia on <strong>les veus de la base<\/strong> tenen un paper fonamental en el futur eclesial.<\/p>\n<p><\/p>\n<p><em>*Aquest llibre ha estat impr\u00e8s amb <\/em><a href='https:\/\/www.claret.cat\/ecoedicio\/' rel='noopener noreferrer' target='_blank'><strong><em>paper certificat <\/em><\/strong><\/a><em>pel Forest Stewardship Council (FSC), que compleix amb els principis de gesti\u00f3 econ\u00f2mica, social i ambiental sostenibles.<\/em><\/p>\n<p><\/p>\n<p><\/p>\n","protected":false},"excerpt":{"rendered":"<p>PAPA FRANCESC ; XVI ASSEMBLEA GENERAL ORDIN\u00c0RIA DEL S\u00cdNODE DELS BISBES<\/p>\n","protected":false},"featured_media":67963,"template":"","meta":{"_acf_changed":false,"rs_blank_template":"","rs_page_bg_color":"","slide_template_v7":"","inline_featured_image":false,"_monsterinsights_skip_tracking":false,"_monsterinsights_sitenote_active":false,"_monsterinsights_sitenote_note":"","_monsterinsights_sitenote_category":0},"product_brand":[],"product_cat":[1288,831,1068],"product_tag":[],"class_list":{"0":"post-67399","1":"product","2":"type-product","3":"status-publish","4":"has-post-thumbnail","6":"product_cat-documents-dels-masgisteri","7":"product_cat-eclesiologia","8":"product_cat-eclesiologia-espiritualidad","10":"first","11":"instock","12":"taxable","13":"shipping-taxable","14":"purchasable","15":"product-type-simple"},"acf":{"autor":"PAPA FRANCESC ; XVI ASSEMBLEA GENERAL ORDIN\u00c0RIA DEL S\u00cdNODE DELS BISBES","codart":"849136584","libros-coleccion":"DOCUMENTS DEL MAGISTERI","ediciones":"1","encuadernacion":"R\u00fastica","fecha_de_publicacion":"11\/12\/2024","novedad":"1","paginas":"150","subtitulo":"DOCUMENT FINAL DEL S\u00cdNODE DE BISBES 2021-2024","orden":"0","portada":"1","idioma":"cat","autores-libros":[{"ID":66513,"post_author":"3","post_date":"2024-06-11 13:30:30","post_date_gmt":"2024-06-11 11:30:30","post_content":"<strong>Jorge Mario Bergoglio<\/strong>\u00a0(Buenos Aires, 17 de desembre de 1936), \u00e9s des del 13 de mar\u00e7 de 2013 el<strong>\u00a0Papa de l\u2019Esgl\u00e9sia Cat\u00f2lica<\/strong>, sent el primer pont\u00edfex americ\u00e0. Va entrar al noviciat de l\u2019orde jesu\u00efta de Santiago de Xile, on es llicenci\u00e0 en humanitats. Ordenat sacerdot l\u2019any 1969, va tenir una llarga traject\u00f2ria dins l\u2019orde religi\u00f3s, arribant a ser provincial. Abans d\u2019arribar al Vatic\u00e0 com a cardenal, va ser arquebisbe de Buenos Aires.\r\n\r\nCom a pont\u00edfex, el Papa Francesc ha redactat diverses enc\u00edcliques i exhortacions apost\u00f2liques com\u00a0<a href=\"https:\/\/www.editorialclaret.cat\/producte\/la-joia-de-levangeli-evangelii-gaudium-9788498468281\/?c\" target=\"_blank\" rel=\"noopener\"><em><strong>Evangelii Gaudium<\/strong><\/em><\/a>\u00a0(2013),\u00a0<a href=\"https:\/\/www.claret.cat\/llibre\/lalegria-de-lamor-amoris-laetitiano-9788498469974\/?c=\"><em><strong>Amoris Laetitia<\/strong>\u00a0<\/em><\/a>(2016),\u00a0<a href=\"https:\/\/www.claret.cat\/llibre\/constitucio-apostolica-vultum-dei-quaerere-sobre-la-vida-contemplativa-femenina-9788498465471\/?c=\"><em><strong>Vultum Dei quaerere<\/strong><\/em><\/a>\u00a0(2016),\u00a0<a href=\"https:\/\/www.editorialclaret.cat\/producte\/alegreuvosen-i-celebreuho-gaudete-et-exsultate-9788491360360\/?c\" target=\"_blank\" rel=\"noopener\"><em><strong>Gaudete et exultate<\/strong>\u00a0<\/em><\/a>(2018),\u00a0<a href=\"https:\/\/www.claret.cat\/llibre\/veritatis-gaudium-la-alegria-de-la-verdad-9788428554800\/?c=\"><em><strong>Veritatis gaudium<\/strong>\u00a0<\/em><\/a>(2018) o\u00a0<a href=\"https:\/\/www.claret.cat\/llibre\/praedicate-evangelium-predicad-el-evangelio-9788428567060\/?c=\"><em><strong>Praedicate Evangelium<\/strong>\u00a0<\/em><\/a>(2022).","post_title":"PAPA FRANCESC","post_excerpt":"","post_status":"publish","comment_status":"closed","ping_status":"closed","post_password":"","post_name":"papa-francesc-4","to_ping":"","pinged":"","post_modified":"2024-09-16 13:50:53","post_modified_gmt":"2024-09-16 11:50:53","post_content_filtered":"","post_parent":0,"guid":"https:\/\/www.editorialclaret.cat\/autor\/papa-francesc-4\/","menu_order":0,"post_type":"autor","post_mime_type":"","comment_count":"0","filter":"raw"},{"ID":67779,"post_author":"3","post_date":"2024-12-11 09:19:18","post_date_gmt":"2024-12-11 08:19:18","post_content":"","post_title":"XVI ASSEMBLEA GENERAL ORDIN\u00c0RIA DEL S\u00cdNODE DELS BISBES","post_excerpt":"","post_status":"publish","comment_status":"closed","ping_status":"closed","post_password":"","post_name":"xvi-assemblea-general-ordinaria-del-sinode-dels-bisbes-378","to_ping":"","pinged":"","post_modified":"2024-12-11 09:19:18","post_modified_gmt":"2024-12-11 08:19:18","post_content_filtered":"","post_parent":0,"guid":"https:\/\/www.editorialclaret.cat\/autor\/xvi-assemblea-general-ordinaria-del-sinode-dels-bisbes-378\/","menu_order":0,"post_type":"autor","post_mime_type":"","comment_count":"0","filter":"raw"}],"booktrailer":"","linkebook":"","ficha":"849136584_1734009912.pdf","muestra":"","precioebook":"0","presentacion":"","resenas":"<p>Ag\u00e8ncia Flama, 12\/12\/2024<\/p>\n<p><a href=\"https:\/\/www.agenciaflama.cat\/leditorial-claret-publica-en-catala-el-document-final-del-sinode-signat-per-francesc\/\" rel=\"noopener noreferrer\" target=\"_blank\">https:\/\/www.agenciaflama.cat\/leditorial-claret-publica-en-catala-el-document-final-del-sinode-signat-per-francesc\/<\/a><\/p>\n<p><\/p>\n<p>Catalunya Religi\u00f3, 13\/12\/2024<\/p>\n<p><a href=\"https:\/\/www.catalunyareligio.cat\/ca\/blog\/llibres-recomanats\/esglesia-sinodal-comunio-participacio-missio-316949\" rel=\"noopener noreferrer\" target=\"_blank\">https:\/\/www.catalunyareligio.cat\/ca\/blog\/llibres-recomanats\/esglesia-sinodal-comunio-participacio-missio-316949<\/a><\/p>\n<p><\/p>\n<p>Catalunya Religi\u00f3, 21\/12\/2024<\/p>\n<p><a href=\"https:\/\/www.catalunyareligio.cat\/ca\/editorial-claret-publica-en-catala-document-final\" rel=\"noopener noreferrer\" target=\"_blank\">https:\/\/www.catalunyareligio.cat\/ca\/editorial-claret-publica-en-catala-document-final<\/a><\/p>\n<p><\/p>\n<p>Catalunya Cristiana, 02\/02\/2025<\/p>\n<p><a href=\"https:\/\/drive.google.com\/file\/d\/1pCPkI-blHJYq6Ecd0jfVHjLul7fPp-Rh\/view?usp=sharing\" rel=\"noopener noreferrer\" target=\"_blank\">https:\/\/drive.google.com\/file\/d\/1pCPkI-blHJYq6Ecd0jfVHjLul7fPp-Rh\/view?usp=sharing<\/a><\/p>\n<p><\/p>\n<p>Catalunya Cristiana (castellano), 02\/02\/2025<\/p>\n<p><a href=\"https:\/\/drive.google.com\/file\/d\/1N8kbjipwv254pRBwteDEmIBgOlZLoGVX\/view?usp=sharing\" rel=\"noopener noreferrer\" target=\"_blank\">https:\/\/drive.google.com\/file\/d\/1N8kbjipwv254pRBwteDEmIBgOlZLoGVX\/view?usp=sharing<\/a><\/p>\n"},"yoast_head":"<!-- This site is optimized with the Yoast SEO plugin v27.3 - https:\/\/yoast.com\/product\/yoast-seo-wordpress\/ -->\n<title>Editorial Claret<\/title>\n<meta name=\"robots\" content=\"noindex, follow, max-snippet:-1, max-image-preview:large, max-video-preview:-1\" \/>\n<meta property=\"og:locale\" content=\"es_ES\" \/>\n<meta property=\"og:type\" content=\"article\" \/>\n<meta property=\"og:title\" content=\"PER UNA ESGL\u00c9SIA SINODAL: COMUNI\u00d3, PARTICIPACI\u00d3, MISSI\u00d3 - Editorial Claret\" \/>\n<meta property=\"og:description\" content=\"PAPA FRANCESC ; XVI ASSEMBLEA GENERAL ORDIN\u00c0RIA DEL S\u00cdNODE DELS BISBES\" \/>\n<meta property=\"og:url\" content=\"https:\/\/www.editorialclaret.cat\/producte\/per-una-esglesia-sinodal-comunio-participacio-missio-9788491365846\/\" \/>\n<meta property=\"og:site_name\" content=\"Editorial Claret\" \/>\n<meta property=\"article:modified_time\" content=\"2026-01-30T18:05:51+00:00\" \/>\n<meta property=\"og:image\" content=\"https:\/\/www.editorialclaret.cat\/wp-content\/uploads\/9788491365846-24.jpg\" \/>\n\t<meta property=\"og:image:width\" content=\"250\" \/>\n\t<meta property=\"og:image:height\" content=\"389\" \/>\n\t<meta property=\"og:image:type\" content=\"image\/jpeg\" \/>\n<meta name=\"twitter:card\" content=\"summary_large_image\" \/>\n<meta name=\"twitter:label1\" content=\"Tiempo de lectura\" \/>\n\t<meta name=\"twitter:data1\" content=\"1 minuto\" \/>\n<script type=\"application\/ld+json\" class=\"yoast-schema-graph\">{\"@context\":\"https:\\\/\\\/schema.org\",\"@graph\":[{\"@type\":\"WebPage\",\"@id\":\"https:\\\/\\\/www.editorialclaret.cat\\\/producte\\\/per-una-esglesia-sinodal-comunio-participacio-missio-9788491365846\\\/\",\"url\":\"https:\\\/\\\/www.editorialclaret.cat\\\/producte\\\/per-una-esglesia-sinodal-comunio-participacio-missio-9788491365846\\\/\",\"name\":\"PER UNA ESGL\u00c9SIA SINODAL: COMUNI\u00d3, PARTICIPACI\u00d3, MISSI\u00d3 - Editorial Claret\",\"isPartOf\":{\"@id\":\"https:\\\/\\\/www.editorialclaret.cat\\\/#website\"},\"primaryImageOfPage\":{\"@id\":\"https:\\\/\\\/www.editorialclaret.cat\\\/producte\\\/per-una-esglesia-sinodal-comunio-participacio-missio-9788491365846\\\/#primaryimage\"},\"image\":{\"@id\":\"https:\\\/\\\/www.editorialclaret.cat\\\/producte\\\/per-una-esglesia-sinodal-comunio-participacio-missio-9788491365846\\\/#primaryimage\"},\"thumbnailUrl\":\"https:\\\/\\\/www.editorialclaret.cat\\\/wp-content\\\/uploads\\\/9788491365846-24.jpg\",\"datePublished\":\"2024-12-10T15:35:02+00:00\",\"dateModified\":\"2026-01-30T18:05:51+00:00\",\"breadcrumb\":{\"@id\":\"https:\\\/\\\/www.editorialclaret.cat\\\/producte\\\/per-una-esglesia-sinodal-comunio-participacio-missio-9788491365846\\\/#breadcrumb\"},\"inLanguage\":\"es\",\"potentialAction\":[{\"@type\":\"ReadAction\",\"target\":[\"https:\\\/\\\/www.editorialclaret.cat\\\/producte\\\/per-una-esglesia-sinodal-comunio-participacio-missio-9788491365846\\\/\"]}]},{\"@type\":\"ImageObject\",\"inLanguage\":\"es\",\"@id\":\"https:\\\/\\\/www.editorialclaret.cat\\\/producte\\\/per-una-esglesia-sinodal-comunio-participacio-missio-9788491365846\\\/#primaryimage\",\"url\":\"https:\\\/\\\/www.editorialclaret.cat\\\/wp-content\\\/uploads\\\/9788491365846-24.jpg\",\"contentUrl\":\"https:\\\/\\\/www.editorialclaret.cat\\\/wp-content\\\/uploads\\\/9788491365846-24.jpg\",\"width\":250,\"height\":389,\"caption\":\"9788491365846.jpg\"},{\"@type\":\"BreadcrumbList\",\"@id\":\"https:\\\/\\\/www.editorialclaret.cat\\\/producte\\\/per-una-esglesia-sinodal-comunio-participacio-missio-9788491365846\\\/#breadcrumb\",\"itemListElement\":[{\"@type\":\"ListItem\",\"position\":1,\"name\":\"Portada\",\"item\":\"https:\\\/\\\/www.editorialclaret.cat\\\/es\\\/\"},{\"@type\":\"ListItem\",\"position\":2,\"name\":\"Botiga\",\"item\":\"https:\\\/\\\/www.editorialclaret.cat\\\/?page_id=16\"},{\"@type\":\"ListItem\",\"position\":3,\"name\":\"PER UNA ESGL\u00c9SIA SINODAL: COMUNI\u00d3, PARTICIPACI\u00d3, MISSI\u00d3\"}]},{\"@type\":\"WebSite\",\"@id\":\"https:\\\/\\\/www.editorialclaret.cat\\\/#website\",\"url\":\"https:\\\/\\\/www.editorialclaret.cat\\\/\",\"name\":\"Editorial Claret\",\"description\":\"\",\"publisher\":{\"@id\":\"https:\\\/\\\/www.editorialclaret.cat\\\/#organization\"},\"potentialAction\":[{\"@type\":\"SearchAction\",\"target\":{\"@type\":\"EntryPoint\",\"urlTemplate\":\"https:\\\/\\\/www.editorialclaret.cat\\\/?s={search_term_string}\"},\"query-input\":{\"@type\":\"PropertyValueSpecification\",\"valueRequired\":true,\"valueName\":\"search_term_string\"}}],\"inLanguage\":\"es\"},{\"@type\":\"Organization\",\"@id\":\"https:\\\/\\\/www.editorialclaret.cat\\\/#organization\",\"name\":\"Editorial Claret\",\"url\":\"https:\\\/\\\/www.editorialclaret.cat\\\/\",\"logo\":{\"@type\":\"ImageObject\",\"inLanguage\":\"es\",\"@id\":\"https:\\\/\\\/www.editorialclaret.cat\\\/#\\\/schema\\\/logo\\\/image\\\/\",\"url\":\"https:\\\/\\\/www.editorialclaret.cat\\\/wp-content\\\/uploads\\\/.\\\/logo-claret.png\",\"contentUrl\":\"https:\\\/\\\/www.editorialclaret.cat\\\/wp-content\\\/uploads\\\/.\\\/logo-claret.png\",\"width\":194,\"height\":79,\"caption\":\"Editorial Claret\"},\"image\":{\"@id\":\"https:\\\/\\\/www.editorialclaret.cat\\\/#\\\/schema\\\/logo\\\/image\\\/\"}}]}<\/script>\n<!-- \/ Yoast SEO plugin. -->","yoast_head_json":{"title":"Editorial Claret","robots":{"index":"noindex","follow":"follow","max-snippet":"max-snippet:-1","max-image-preview":"max-image-preview:large","max-video-preview":"max-video-preview:-1"},"og_locale":"es_ES","og_type":"article","og_title":"PER UNA ESGL\u00c9SIA SINODAL: COMUNI\u00d3, PARTICIPACI\u00d3, MISSI\u00d3 - Editorial Claret","og_description":"PAPA FRANCESC ; XVI ASSEMBLEA GENERAL ORDIN\u00c0RIA DEL S\u00cdNODE DELS BISBES","og_url":"https:\/\/www.editorialclaret.cat\/producte\/per-una-esglesia-sinodal-comunio-participacio-missio-9788491365846\/","og_site_name":"Editorial Claret","article_modified_time":"2026-01-30T18:05:51+00:00","og_image":[{"width":250,"height":389,"url":"https:\/\/www.editorialclaret.cat\/wp-content\/uploads\/9788491365846-24.jpg","type":"image\/jpeg"}],"twitter_card":"summary_large_image","twitter_misc":{"Tiempo de lectura":"1 minuto"},"schema":{"@context":"https:\/\/schema.org","@graph":[{"@type":"WebPage","@id":"https:\/\/www.editorialclaret.cat\/producte\/per-una-esglesia-sinodal-comunio-participacio-missio-9788491365846\/","url":"https:\/\/www.editorialclaret.cat\/producte\/per-una-esglesia-sinodal-comunio-participacio-missio-9788491365846\/","name":"PER UNA ESGL\u00c9SIA SINODAL: COMUNI\u00d3, PARTICIPACI\u00d3, MISSI\u00d3 - Editorial Claret","isPartOf":{"@id":"https:\/\/www.editorialclaret.cat\/#website"},"primaryImageOfPage":{"@id":"https:\/\/www.editorialclaret.cat\/producte\/per-una-esglesia-sinodal-comunio-participacio-missio-9788491365846\/#primaryimage"},"image":{"@id":"https:\/\/www.editorialclaret.cat\/producte\/per-una-esglesia-sinodal-comunio-participacio-missio-9788491365846\/#primaryimage"},"thumbnailUrl":"https:\/\/www.editorialclaret.cat\/wp-content\/uploads\/9788491365846-24.jpg","datePublished":"2024-12-10T15:35:02+00:00","dateModified":"2026-01-30T18:05:51+00:00","breadcrumb":{"@id":"https:\/\/www.editorialclaret.cat\/producte\/per-una-esglesia-sinodal-comunio-participacio-missio-9788491365846\/#breadcrumb"},"inLanguage":"es","potentialAction":[{"@type":"ReadAction","target":["https:\/\/www.editorialclaret.cat\/producte\/per-una-esglesia-sinodal-comunio-participacio-missio-9788491365846\/"]}]},{"@type":"ImageObject","inLanguage":"es","@id":"https:\/\/www.editorialclaret.cat\/producte\/per-una-esglesia-sinodal-comunio-participacio-missio-9788491365846\/#primaryimage","url":"https:\/\/www.editorialclaret.cat\/wp-content\/uploads\/9788491365846-24.jpg","contentUrl":"https:\/\/www.editorialclaret.cat\/wp-content\/uploads\/9788491365846-24.jpg","width":250,"height":389,"caption":"9788491365846.jpg"},{"@type":"BreadcrumbList","@id":"https:\/\/www.editorialclaret.cat\/producte\/per-una-esglesia-sinodal-comunio-participacio-missio-9788491365846\/#breadcrumb","itemListElement":[{"@type":"ListItem","position":1,"name":"Portada","item":"https:\/\/www.editorialclaret.cat\/es\/"},{"@type":"ListItem","position":2,"name":"Botiga","item":"https:\/\/www.editorialclaret.cat\/?page_id=16"},{"@type":"ListItem","position":3,"name":"PER UNA ESGL\u00c9SIA SINODAL: COMUNI\u00d3, PARTICIPACI\u00d3, MISSI\u00d3"}]},{"@type":"WebSite","@id":"https:\/\/www.editorialclaret.cat\/#website","url":"https:\/\/www.editorialclaret.cat\/","name":"Editorial Claret","description":"","publisher":{"@id":"https:\/\/www.editorialclaret.cat\/#organization"},"potentialAction":[{"@type":"SearchAction","target":{"@type":"EntryPoint","urlTemplate":"https:\/\/www.editorialclaret.cat\/?s={search_term_string}"},"query-input":{"@type":"PropertyValueSpecification","valueRequired":true,"valueName":"search_term_string"}}],"inLanguage":"es"},{"@type":"Organization","@id":"https:\/\/www.editorialclaret.cat\/#organization","name":"Editorial Claret","url":"https:\/\/www.editorialclaret.cat\/","logo":{"@type":"ImageObject","inLanguage":"es","@id":"https:\/\/www.editorialclaret.cat\/#\/schema\/logo\/image\/","url":"https:\/\/www.editorialclaret.cat\/wp-content\/uploads\/.\/logo-claret.png","contentUrl":"https:\/\/www.editorialclaret.cat\/wp-content\/uploads\/.\/logo-claret.png","width":194,"height":79,"caption":"Editorial Claret"},"image":{"@id":"https:\/\/www.editorialclaret.cat\/#\/schema\/logo\/image\/"}}]}},"_links":{"self":[{"href":"https:\/\/www.editorialclaret.cat\/es\/wp-json\/wp\/v2\/product\/67399","targetHints":{"allow":["GET"]}}],"collection":[{"href":"https:\/\/www.editorialclaret.cat\/es\/wp-json\/wp\/v2\/product"}],"about":[{"href":"https:\/\/www.editorialclaret.cat\/es\/wp-json\/wp\/v2\/types\/product"}],"wp:featuredmedia":[{"embeddable":true,"href":"https:\/\/www.editorialclaret.cat\/es\/wp-json\/wp\/v2\/media\/67963"}],"wp:attachment":[{"href":"https:\/\/www.editorialclaret.cat\/es\/wp-json\/wp\/v2\/media?parent=67399"}],"wp:term":[{"taxonomy":"product_brand","embeddable":true,"href":"https:\/\/www.editorialclaret.cat\/es\/wp-json\/wp\/v2\/product_brand?post=67399"},{"taxonomy":"product_cat","embeddable":true,"href":"https:\/\/www.editorialclaret.cat\/es\/wp-json\/wp\/v2\/product_cat?post=67399"},{"taxonomy":"product_tag","embeddable":true,"href":"https:\/\/www.editorialclaret.cat\/es\/wp-json\/wp\/v2\/product_tag?post=67399"}],"curies":[{"name":"wp","href":"https:\/\/api.w.org\/{rel}","templated":true}]}}