{"id":67210,"date":"2024-10-17T18:15:02","date_gmt":"2024-10-17T16:15:02","guid":{"rendered":"https:\/\/www.editorialclaret.cat\/producte\/un-jesus-exigente-pero-apasionante-9788491365525\/"},"modified":"2025-06-17T13:43:33","modified_gmt":"2025-06-17T11:43:33","slug":"un-jesus-exigente-pero-apasionante-9788491365525","status":"publish","type":"product","link":"https:\/\/www.editorialclaret.cat\/es\/producto\/un-jesus-exigente-pero-apasionante-9788491365525\/","title":{"rendered":"UN JES\u00daS EXIGENTE PERO APASIONANTE"},"content":{"rendered":"<p><em>Un Jes\u00fas exigente pero apasionante<\/em>, revela a trav\u00e9s de la ex\u00e9gesis actual de <strong>John D. Crossan<\/strong> y <strong>Gerd Theissen<\/strong> la turbulenta situaci\u00f3n social y el ambiente cultural apocal\u00edptico de la <strong>Palestina del siglo I<\/strong>. Este contexto hist\u00f3rico permite comprender el mensaje de <strong>Juan Bautista<\/strong> y el papel de <strong>Jes\u00fas<\/strong> como su disc\u00edpulo y apasionado mensajero del <strong>Reino de Dios<\/strong>.<\/p>\n<p>El libro explora c\u00f3mo Jes\u00fas asumi\u00f3 este desaf\u00edo radical, respetando la <strong>libertad humana<\/strong> hasta el punto de aceptar la crucifixi\u00f3n. Sin embargo, el ofrecimiento del Reino es imparable y culmina en la <strong>victoria de la Resurrecci\u00f3n<\/strong> y <strong>Pentecost\u00e9s<\/strong>. Una obra imprescindible para quienes desean entender la fuerza transformadora del mensaje de Cristo en su contexto hist\u00f3rico y espiritual.<\/p>\n<p><em>*Este&nbsp;libro ha sido imprimido con <\/em><a href='https:\/\/www.claret.cat\/es\/ecoedicion\/' rel='noopener noreferrer' target='_blank'><strong><em>papel certificado <\/em><\/strong><\/a><em>por el Forest Stewardship&nbsp;Council&nbsp;(FSC), que cumple con los principios de gesti\u00f3n econ\u00f3mica, social y ambiental sostenibles.<\/em><\/p>\n","protected":false},"excerpt":{"rendered":"<p>COMAS GIRALT, CARLES<\/p>\n","protected":false},"featured_media":68551,"template":"","meta":{"_acf_changed":false,"rs_blank_template":"","rs_page_bg_color":"","slide_template_v7":"","inline_featured_image":false,"_monsterinsights_skip_tracking":false,"_monsterinsights_sitenote_active":false,"_monsterinsights_sitenote_note":"","_monsterinsights_sitenote_category":0},"product_brand":[],"product_cat":[829,1066],"product_tag":[],"class_list":{"0":"post-67210","1":"product","2":"type-product","3":"status-publish","4":"has-post-thumbnail","6":"product_cat-cristologia","7":"product_cat-cristologia-espiritualidad","9":"first","10":"instock","11":"taxable","12":"shipping-taxable","13":"purchasable","14":"product-type-simple"},"acf":{"autor":"COMAS GIRALT, CARLES","codart":"849136552","libros-coleccion":"","ediciones":"1","encuadernacion":"R\u00fastica","fecha_de_publicacion":"05\/11\/2024","novedad":"1","paginas":"346","subtitulo":"EN LAS EX\u00c9GESIS DE JOHN DOMINIC CROSSAN Y DE GERD THEISSEN","orden":"0","portada":"1","idioma":"spa","autores-libros":[{"ID":68521,"post_author":"3","post_date":"2025-06-03 18:30:28","post_date_gmt":"2025-06-03 16:30:28","post_content":"Carles Comas va n\u00e9ixer a Barcelona el 1931. Va ser jesu\u00efta del 1952 al 1985. Llicenciat en filosofia i teologia. Doctor en Ci\u00e8ncies econ\u00f2miques. Professor a ESADE (URL) durant quaranta anys. Professor-resident de la Universitat de Managua durant 10 anys.","post_title":"CARLES COMAS GIRALT","post_excerpt":"","post_status":"publish","comment_status":"closed","ping_status":"closed","post_password":"","post_name":"carles-comas-giralt-41","to_ping":"","pinged":"","post_modified":"2025-06-13 13:04:49","post_modified_gmt":"2025-06-13 11:04:49","post_content_filtered":"","post_parent":0,"guid":"https:\/\/www.editorialclaret.cat\/autor\/carles-comas-giralt-41\/","menu_order":0,"post_type":"autor","post_mime_type":"","comment_count":"0","filter":"raw"}],"booktrailer":"","linkebook":"","ficha":"849136552_1729780361.pdf","muestra":"","precioebook":"0","presentacion":"","resenas":"<p>Catalunya Cristiana (catal\u00e0), 11\/11\/2024<\/p>\n<p><a href=\"https:\/\/www.catalunyacristiana.cat\/un-estudi-analitza-la-situacio-cultural-i-social-de-palestina-en-temps-de-jesus\/\" rel=\"noopener noreferrer\" target=\"_blank\">https:\/\/www.catalunyacristiana.cat\/un-estudi-analitza-la-situacio-cultural-i-social-de-palestina-en-temps-de-jesus\/<\/a><\/p>\n<p><\/p>\n<p><\/p>\n<p>Catalunya Religi\u00f3, 05\/11\/2024<\/p>\n<p><a href=\"https:\/\/www.catalunyareligio.cat\/ca\/blog\/llibres-recomanats\/jesus-exigente-pero-apasionante-en-las-exegesis-316309\" rel=\"noopener noreferrer\" target=\"_blank\">https:\/\/www.catalunyareligio.cat\/ca\/blog\/llibres-recomanats\/jesus-exigente-pero-apasionante-en-las-exegesis-316309<\/a><\/p>\n"},"yoast_head":"<!-- This site is optimized with the Yoast SEO plugin v27.3 - https:\/\/yoast.com\/product\/yoast-seo-wordpress\/ -->\n<title>Editorial Claret<\/title>\n<meta name=\"robots\" content=\"noindex, follow, max-snippet:-1, max-image-preview:large, max-video-preview:-1\" \/>\n<meta property=\"og:locale\" content=\"es_ES\" \/>\n<meta property=\"og:type\" content=\"article\" \/>\n<meta property=\"og:title\" content=\"UN JES\u00daS EXIGENTE PERO APASIONANTE - Editorial Claret\" \/>\n<meta property=\"og:description\" content=\"COMAS GIRALT, CARLES\" \/>\n<meta property=\"og:url\" content=\"https:\/\/www.editorialclaret.cat\/producte\/un-jesus-exigente-pero-apasionante-9788491365525\/\" \/>\n<meta property=\"og:site_name\" content=\"Editorial Claret\" \/>\n<meta property=\"article:modified_time\" content=\"2025-06-17T11:43:33+00:00\" \/>\n<meta property=\"og:image\" content=\"https:\/\/www.editorialclaret.cat\/wp-content\/uploads\/9788491365525-6.jpg\" \/>\n\t<meta property=\"og:image:width\" content=\"250\" \/>\n\t<meta property=\"og:image:height\" content=\"389\" \/>\n\t<meta property=\"og:image:type\" content=\"image\/jpeg\" \/>\n<meta name=\"twitter:card\" content=\"summary_large_image\" \/>\n<meta name=\"twitter:label1\" content=\"Tiempo de lectura\" \/>\n\t<meta name=\"twitter:data1\" content=\"1 minuto\" \/>\n<script type=\"application\/ld+json\" class=\"yoast-schema-graph\">{\"@context\":\"https:\\\/\\\/schema.org\",\"@graph\":[{\"@type\":\"WebPage\",\"@id\":\"https:\\\/\\\/www.editorialclaret.cat\\\/producte\\\/un-jesus-exigente-pero-apasionante-9788491365525\\\/\",\"url\":\"https:\\\/\\\/www.editorialclaret.cat\\\/producte\\\/un-jesus-exigente-pero-apasionante-9788491365525\\\/\",\"name\":\"UN JES\u00daS EXIGENTE PERO APASIONANTE - Editorial Claret\",\"isPartOf\":{\"@id\":\"https:\\\/\\\/www.editorialclaret.cat\\\/#website\"},\"primaryImageOfPage\":{\"@id\":\"https:\\\/\\\/www.editorialclaret.cat\\\/producte\\\/un-jesus-exigente-pero-apasionante-9788491365525\\\/#primaryimage\"},\"image\":{\"@id\":\"https:\\\/\\\/www.editorialclaret.cat\\\/producte\\\/un-jesus-exigente-pero-apasionante-9788491365525\\\/#primaryimage\"},\"thumbnailUrl\":\"https:\\\/\\\/www.editorialclaret.cat\\\/wp-content\\\/uploads\\\/9788491365525-6.jpg\",\"datePublished\":\"2024-10-17T16:15:02+00:00\",\"dateModified\":\"2025-06-17T11:43:33+00:00\",\"breadcrumb\":{\"@id\":\"https:\\\/\\\/www.editorialclaret.cat\\\/producte\\\/un-jesus-exigente-pero-apasionante-9788491365525\\\/#breadcrumb\"},\"inLanguage\":\"es\",\"potentialAction\":[{\"@type\":\"ReadAction\",\"target\":[\"https:\\\/\\\/www.editorialclaret.cat\\\/producte\\\/un-jesus-exigente-pero-apasionante-9788491365525\\\/\"]}]},{\"@type\":\"ImageObject\",\"inLanguage\":\"es\",\"@id\":\"https:\\\/\\\/www.editorialclaret.cat\\\/producte\\\/un-jesus-exigente-pero-apasionante-9788491365525\\\/#primaryimage\",\"url\":\"https:\\\/\\\/www.editorialclaret.cat\\\/wp-content\\\/uploads\\\/9788491365525-6.jpg\",\"contentUrl\":\"https:\\\/\\\/www.editorialclaret.cat\\\/wp-content\\\/uploads\\\/9788491365525-6.jpg\",\"width\":250,\"height\":389,\"caption\":\"9788491365525.jpg\"},{\"@type\":\"BreadcrumbList\",\"@id\":\"https:\\\/\\\/www.editorialclaret.cat\\\/producte\\\/un-jesus-exigente-pero-apasionante-9788491365525\\\/#breadcrumb\",\"itemListElement\":[{\"@type\":\"ListItem\",\"position\":1,\"name\":\"Portada\",\"item\":\"https:\\\/\\\/www.editorialclaret.cat\\\/es\\\/\"},{\"@type\":\"ListItem\",\"position\":2,\"name\":\"Botiga\",\"item\":\"https:\\\/\\\/www.editorialclaret.cat\\\/?page_id=16\"},{\"@type\":\"ListItem\",\"position\":3,\"name\":\"UN JES\u00daS EXIGENTE PERO APASIONANTE\"}]},{\"@type\":\"WebSite\",\"@id\":\"https:\\\/\\\/www.editorialclaret.cat\\\/#website\",\"url\":\"https:\\\/\\\/www.editorialclaret.cat\\\/\",\"name\":\"Editorial Claret\",\"description\":\"\",\"publisher\":{\"@id\":\"https:\\\/\\\/www.editorialclaret.cat\\\/#organization\"},\"potentialAction\":[{\"@type\":\"SearchAction\",\"target\":{\"@type\":\"EntryPoint\",\"urlTemplate\":\"https:\\\/\\\/www.editorialclaret.cat\\\/?s={search_term_string}\"},\"query-input\":{\"@type\":\"PropertyValueSpecification\",\"valueRequired\":true,\"valueName\":\"search_term_string\"}}],\"inLanguage\":\"es\"},{\"@type\":\"Organization\",\"@id\":\"https:\\\/\\\/www.editorialclaret.cat\\\/#organization\",\"name\":\"Editorial Claret\",\"url\":\"https:\\\/\\\/www.editorialclaret.cat\\\/\",\"logo\":{\"@type\":\"ImageObject\",\"inLanguage\":\"es\",\"@id\":\"https:\\\/\\\/www.editorialclaret.cat\\\/#\\\/schema\\\/logo\\\/image\\\/\",\"url\":\"https:\\\/\\\/www.editorialclaret.cat\\\/wp-content\\\/uploads\\\/.\\\/logo-claret.png\",\"contentUrl\":\"https:\\\/\\\/www.editorialclaret.cat\\\/wp-content\\\/uploads\\\/.\\\/logo-claret.png\",\"width\":194,\"height\":79,\"caption\":\"Editorial Claret\"},\"image\":{\"@id\":\"https:\\\/\\\/www.editorialclaret.cat\\\/#\\\/schema\\\/logo\\\/image\\\/\"}}]}<\/script>\n<!-- \/ Yoast SEO plugin. -->","yoast_head_json":{"title":"Editorial Claret","robots":{"index":"noindex","follow":"follow","max-snippet":"max-snippet:-1","max-image-preview":"max-image-preview:large","max-video-preview":"max-video-preview:-1"},"og_locale":"es_ES","og_type":"article","og_title":"UN JES\u00daS EXIGENTE PERO APASIONANTE - Editorial Claret","og_description":"COMAS GIRALT, CARLES","og_url":"https:\/\/www.editorialclaret.cat\/producte\/un-jesus-exigente-pero-apasionante-9788491365525\/","og_site_name":"Editorial Claret","article_modified_time":"2025-06-17T11:43:33+00:00","og_image":[{"width":250,"height":389,"url":"https:\/\/www.editorialclaret.cat\/wp-content\/uploads\/9788491365525-6.jpg","type":"image\/jpeg"}],"twitter_card":"summary_large_image","twitter_misc":{"Tiempo de lectura":"1 minuto"},"schema":{"@context":"https:\/\/schema.org","@graph":[{"@type":"WebPage","@id":"https:\/\/www.editorialclaret.cat\/producte\/un-jesus-exigente-pero-apasionante-9788491365525\/","url":"https:\/\/www.editorialclaret.cat\/producte\/un-jesus-exigente-pero-apasionante-9788491365525\/","name":"UN JES\u00daS EXIGENTE PERO APASIONANTE - Editorial Claret","isPartOf":{"@id":"https:\/\/www.editorialclaret.cat\/#website"},"primaryImageOfPage":{"@id":"https:\/\/www.editorialclaret.cat\/producte\/un-jesus-exigente-pero-apasionante-9788491365525\/#primaryimage"},"image":{"@id":"https:\/\/www.editorialclaret.cat\/producte\/un-jesus-exigente-pero-apasionante-9788491365525\/#primaryimage"},"thumbnailUrl":"https:\/\/www.editorialclaret.cat\/wp-content\/uploads\/9788491365525-6.jpg","datePublished":"2024-10-17T16:15:02+00:00","dateModified":"2025-06-17T11:43:33+00:00","breadcrumb":{"@id":"https:\/\/www.editorialclaret.cat\/producte\/un-jesus-exigente-pero-apasionante-9788491365525\/#breadcrumb"},"inLanguage":"es","potentialAction":[{"@type":"ReadAction","target":["https:\/\/www.editorialclaret.cat\/producte\/un-jesus-exigente-pero-apasionante-9788491365525\/"]}]},{"@type":"ImageObject","inLanguage":"es","@id":"https:\/\/www.editorialclaret.cat\/producte\/un-jesus-exigente-pero-apasionante-9788491365525\/#primaryimage","url":"https:\/\/www.editorialclaret.cat\/wp-content\/uploads\/9788491365525-6.jpg","contentUrl":"https:\/\/www.editorialclaret.cat\/wp-content\/uploads\/9788491365525-6.jpg","width":250,"height":389,"caption":"9788491365525.jpg"},{"@type":"BreadcrumbList","@id":"https:\/\/www.editorialclaret.cat\/producte\/un-jesus-exigente-pero-apasionante-9788491365525\/#breadcrumb","itemListElement":[{"@type":"ListItem","position":1,"name":"Portada","item":"https:\/\/www.editorialclaret.cat\/es\/"},{"@type":"ListItem","position":2,"name":"Botiga","item":"https:\/\/www.editorialclaret.cat\/?page_id=16"},{"@type":"ListItem","position":3,"name":"UN JES\u00daS EXIGENTE PERO APASIONANTE"}]},{"@type":"WebSite","@id":"https:\/\/www.editorialclaret.cat\/#website","url":"https:\/\/www.editorialclaret.cat\/","name":"Editorial Claret","description":"","publisher":{"@id":"https:\/\/www.editorialclaret.cat\/#organization"},"potentialAction":[{"@type":"SearchAction","target":{"@type":"EntryPoint","urlTemplate":"https:\/\/www.editorialclaret.cat\/?s={search_term_string}"},"query-input":{"@type":"PropertyValueSpecification","valueRequired":true,"valueName":"search_term_string"}}],"inLanguage":"es"},{"@type":"Organization","@id":"https:\/\/www.editorialclaret.cat\/#organization","name":"Editorial Claret","url":"https:\/\/www.editorialclaret.cat\/","logo":{"@type":"ImageObject","inLanguage":"es","@id":"https:\/\/www.editorialclaret.cat\/#\/schema\/logo\/image\/","url":"https:\/\/www.editorialclaret.cat\/wp-content\/uploads\/.\/logo-claret.png","contentUrl":"https:\/\/www.editorialclaret.cat\/wp-content\/uploads\/.\/logo-claret.png","width":194,"height":79,"caption":"Editorial Claret"},"image":{"@id":"https:\/\/www.editorialclaret.cat\/#\/schema\/logo\/image\/"}}]}},"_links":{"self":[{"href":"https:\/\/www.editorialclaret.cat\/es\/wp-json\/wp\/v2\/product\/67210","targetHints":{"allow":["GET"]}}],"collection":[{"href":"https:\/\/www.editorialclaret.cat\/es\/wp-json\/wp\/v2\/product"}],"about":[{"href":"https:\/\/www.editorialclaret.cat\/es\/wp-json\/wp\/v2\/types\/product"}],"wp:featuredmedia":[{"embeddable":true,"href":"https:\/\/www.editorialclaret.cat\/es\/wp-json\/wp\/v2\/media\/68551"}],"wp:attachment":[{"href":"https:\/\/www.editorialclaret.cat\/es\/wp-json\/wp\/v2\/media?parent=67210"}],"wp:term":[{"taxonomy":"product_brand","embeddable":true,"href":"https:\/\/www.editorialclaret.cat\/es\/wp-json\/wp\/v2\/product_brand?post=67210"},{"taxonomy":"product_cat","embeddable":true,"href":"https:\/\/www.editorialclaret.cat\/es\/wp-json\/wp\/v2\/product_cat?post=67210"},{"taxonomy":"product_tag","embeddable":true,"href":"https:\/\/www.editorialclaret.cat\/es\/wp-json\/wp\/v2\/product_tag?post=67210"}],"curies":[{"name":"wp","href":"https:\/\/api.w.org\/{rel}","templated":true}]}}