{"id":52817,"date":"2023-09-22T13:36:33","date_gmt":"2023-09-22T11:36:33","guid":{"rendered":"https:\/\/www.editorialclaret.cat\/producte\/laudato-si-9788491364849\/"},"modified":"2025-07-23T10:26:11","modified_gmt":"2025-07-23T08:26:11","slug":"laudato-si-9788491364849","status":"publish","type":"product","link":"https:\/\/www.editorialclaret.cat\/es\/producto\/laudato-si-9788491364849\/","title":{"rendered":"LAUDATO SI&#8221;"},"content":{"rendered":"<p><span>En el marc del projecte Parr\u00f2quies Ecosolid\u00e0ries sorgeix la iniciativa Laudato si&#8217;. Reflexions per a les celebracions dominicals. Es tracta d\u2019uns suggeriments per endinsar-se en l\u2019evangeli del diumenge a partir de les aportacions de l\u2019enc\u00edclica. Poden ser d\u2019utilitat per preparar la celebraci\u00f3 pr\u00f2piament dita (homilia, monicions, preg\u00e0ria\u2026) o b\u00e9 es poden fer servir per meditar a nivell individual o en petit grup (revisi\u00f3 de vida, estudi d\u2019evangeli, catequesi d\u2019adults, etc.). Aix\u00ed, en aquesta obra trobareu, per a cada diumenge del cicle B, l&#8217;evangeli corresponent, una cita de l\u2019enc\u00edclica Laudato si&#8217; relacionada amb el text de l\u2019evangeli, un comentari de l\u2019evangeli, alguna q\u00fcesti\u00f3 oberta per continuar pensanant-hi i una preg\u00e0ria molt curta.<\/span><\/p>\n","protected":false},"excerpt":{"rendered":"<p>JAUME DUCH FUMAD\u00d3 \/ MARIA BARGALL\u00d3 CASTELL\u00d3N<\/p>\n","protected":false},"featured_media":67822,"template":"","meta":{"_acf_changed":false,"rs_blank_template":"","rs_page_bg_color":"","slide_template_v7":"","inline_featured_image":false,"_monsterinsights_skip_tracking":false,"_monsterinsights_sitenote_active":false,"_monsterinsights_sitenote_note":"","_monsterinsights_sitenote_category":0},"product_brand":[],"product_cat":[988,1225],"product_tag":[],"class_list":{"0":"post-52817","1":"product","2":"type-product","3":"status-publish","4":"has-post-thumbnail","6":"product_cat-any-liturgic","7":"product_cat-any-liturgic-liturgia-espiritualidad","9":"first","10":"instock","11":"taxable","12":"shipping-taxable","13":"purchasable","14":"product-type-simple"},"acf":{"autor":"JAUME DUCH FUMAD\u00d3 \/ MARIA BARGALL\u00d3 CASTELL\u00d3N","codart":"849136484","libros-coleccion":"","ediciones":"1","encuadernacion":"R\u00fastica","fecha_de_publicacion":"24\/10\/2023","novedad":"1","paginas":"310","subtitulo":"REFLEXIONS PER A LES CELEBRACIONS DOMINICALS. CICLE B ","orden":"0","portada":"1","idioma":"cat","booktrailer":"<iframe width=\"905\" height=\"509\" src=\"https:\/\/www.youtube.com\/embed\/VPTsxjtnhbg\" title=\"Laudato Si&#39; Reflexions per a les celebracions dominicals. Booktr\u00e0iler.\" frameborder=\"0\" allow=\"accelerometer; autoplay; clipboard-write; encrypted-media; gyroscope; picture-in-picture; web-share\" allowfullscreen><\/iframe>","linkebook":"","ficha":"849136484_1695293463.pdf","muestra":"","precioebook":"0","presentacion":"","resenas":"<p>Catalunya Religi\u00f3, 23\/12\/2023<\/p>\n<p><a href=\"https:\/\/www.catalunyareligio.cat\/ca\/recomanacions-llibreria-claret-aquest-nadal \" rel=\"noopener noreferrer\" target=\"_blank\">https:\/\/www.catalunyareligio.cat\/ca\/recomanacions-llibreria-claret-aquest-nadal <\/a><\/p>\n","autores-libros":[{"ID":52815,"post_author":"3","post_date":"2023-09-22 13:36:28","post_date_gmt":"2023-09-22 11:36:28","post_content":"<div class=\"datos\">\r\n\r\nMoss\u00e8n Jaume Duch Fumad\u00f3 va n\u00e9ixer a Sant Vicen\u00e7 dels Horts el 1934. Va ser ordenat prevere de la di\u00f2cesi de Barcelona l\u2019any1959 i ha exercit el seu servei pastoral durant cinquanta anys en diverses parr\u00f2quies de la ciutat de Barcelona i en altres comunitats del territori dioces\u00e0. Actualment jubilat, col\u00b7labora amb JP participant en el grup de treball que impulsa el projecte ECOPARR\u00d2QUIA.\r\n\r\n<\/div>","post_title":"JAUME DUCH FUMAD\u00d3","post_excerpt":"","post_status":"publish","comment_status":"closed","ping_status":"closed","post_password":"","post_name":"jaume-duch-fumado-2","to_ping":"","pinged":"","post_modified":"2024-12-12 11:00:55","post_modified_gmt":"2024-12-12 10:00:55","post_content_filtered":"","post_parent":0,"guid":"https:\/\/www.editorialclaret.cat\/autor\/jaume-duch-fumado-2\/","menu_order":0,"post_type":"autor","post_mime_type":"","comment_count":"0","filter":"raw"},{"ID":52816,"post_author":"3","post_date":"2023-09-22 13:36:30","post_date_gmt":"2023-09-22 11:36:30","post_content":"<span class=\"fontstyle0\">Maria Bargall\u00f3 Castell\u00f3n va n\u00e9ixer a Molins de Rei l\u2019any 1955. Est\u00e0 casada, t\u00e9 quatre filles i deu nets. \u00c9s llicenciada en biologia i ha dedicat la major part de la seva vida professional a l\u2019educaci\u00f3. Vinculada als Moviments d\u2019Acci\u00f3 Cat\u00f2lica Obrera des de l\u2019any 1977, ha estat consili\u00e0ria de grups de la JOBAC, de la JOC i d\u2019ACO. Actualment \u00e9s vicepresidenta de JP i coordina el grup de treball que impulsa el projecte ECOPARR\u00d2QUIA.<\/span>","post_title":"MARIA BARGALL\u00d3 CASTELL\u00d3N","post_excerpt":"","post_status":"publish","comment_status":"closed","ping_status":"closed","post_password":"","post_name":"maria-bargallo-castellon-2","to_ping":"","pinged":"","post_modified":"2023-10-26 15:47:02","post_modified_gmt":"2023-10-26 13:47:02","post_content_filtered":"","post_parent":0,"guid":"https:\/\/www.editorialclaret.cat\/autor\/maria-bargallo-castellon-2\/","menu_order":0,"post_type":"autor","post_mime_type":"","comment_count":"0","filter":"raw"}],"traductores-libros":"","ilustradores-libros":"","formato":"","ebookportada":false,"recomendamos":"","mas_vendido":""},"yoast_head":"<!-- This site is optimized with the Yoast SEO plugin v27.3 - https:\/\/yoast.com\/product\/yoast-seo-wordpress\/ -->\n<title>Editorial Claret<\/title>\n<meta name=\"robots\" content=\"noindex, follow, max-snippet:-1, max-image-preview:large, max-video-preview:-1\" \/>\n<meta property=\"og:locale\" content=\"es_ES\" \/>\n<meta property=\"og:type\" content=\"article\" \/>\n<meta property=\"og:title\" content=\"LAUDATO SI&#039;&#039; - Editorial Claret\" \/>\n<meta property=\"og:description\" content=\"JAUME DUCH FUMAD\u00d3 \/ MARIA BARGALL\u00d3 CASTELL\u00d3N\" \/>\n<meta property=\"og:url\" content=\"https:\/\/www.editorialclaret.cat\/producte\/laudato-si-9788491364849\/\" \/>\n<meta property=\"og:site_name\" content=\"Editorial Claret\" \/>\n<meta property=\"article:modified_time\" content=\"2025-07-23T08:26:11+00:00\" \/>\n<meta property=\"og:image\" content=\"https:\/\/www.editorialclaret.cat\/wp-content\/uploads\/9788491364849-4.jpg\" \/>\n\t<meta property=\"og:image:width\" content=\"250\" \/>\n\t<meta property=\"og:image:height\" content=\"389\" \/>\n\t<meta property=\"og:image:type\" content=\"image\/jpeg\" \/>\n<meta name=\"twitter:card\" content=\"summary_large_image\" \/>\n<meta name=\"twitter:label1\" content=\"Tiempo de lectura\" \/>\n\t<meta name=\"twitter:data1\" content=\"1 minuto\" \/>\n<script type=\"application\/ld+json\" class=\"yoast-schema-graph\">{\"@context\":\"https:\\\/\\\/schema.org\",\"@graph\":[{\"@type\":\"WebPage\",\"@id\":\"https:\\\/\\\/www.editorialclaret.cat\\\/producte\\\/laudato-si-9788491364849\\\/\",\"url\":\"https:\\\/\\\/www.editorialclaret.cat\\\/producte\\\/laudato-si-9788491364849\\\/\",\"name\":\"LAUDATO SI'' - Editorial Claret\",\"isPartOf\":{\"@id\":\"https:\\\/\\\/www.editorialclaret.cat\\\/#website\"},\"primaryImageOfPage\":{\"@id\":\"https:\\\/\\\/www.editorialclaret.cat\\\/producte\\\/laudato-si-9788491364849\\\/#primaryimage\"},\"image\":{\"@id\":\"https:\\\/\\\/www.editorialclaret.cat\\\/producte\\\/laudato-si-9788491364849\\\/#primaryimage\"},\"thumbnailUrl\":\"https:\\\/\\\/www.editorialclaret.cat\\\/wp-content\\\/uploads\\\/9788491364849-4.jpg\",\"datePublished\":\"2023-09-22T11:36:33+00:00\",\"dateModified\":\"2025-07-23T08:26:11+00:00\",\"breadcrumb\":{\"@id\":\"https:\\\/\\\/www.editorialclaret.cat\\\/producte\\\/laudato-si-9788491364849\\\/#breadcrumb\"},\"inLanguage\":\"es\",\"potentialAction\":[{\"@type\":\"ReadAction\",\"target\":[\"https:\\\/\\\/www.editorialclaret.cat\\\/producte\\\/laudato-si-9788491364849\\\/\"]}]},{\"@type\":\"ImageObject\",\"inLanguage\":\"es\",\"@id\":\"https:\\\/\\\/www.editorialclaret.cat\\\/producte\\\/laudato-si-9788491364849\\\/#primaryimage\",\"url\":\"https:\\\/\\\/www.editorialclaret.cat\\\/wp-content\\\/uploads\\\/9788491364849-4.jpg\",\"contentUrl\":\"https:\\\/\\\/www.editorialclaret.cat\\\/wp-content\\\/uploads\\\/9788491364849-4.jpg\",\"width\":250,\"height\":389,\"caption\":\"9788491364849.jpg\"},{\"@type\":\"BreadcrumbList\",\"@id\":\"https:\\\/\\\/www.editorialclaret.cat\\\/producte\\\/laudato-si-9788491364849\\\/#breadcrumb\",\"itemListElement\":[{\"@type\":\"ListItem\",\"position\":1,\"name\":\"Portada\",\"item\":\"https:\\\/\\\/www.editorialclaret.cat\\\/es\\\/\"},{\"@type\":\"ListItem\",\"position\":2,\"name\":\"Botiga\",\"item\":\"https:\\\/\\\/www.editorialclaret.cat\\\/?page_id=16\"},{\"@type\":\"ListItem\",\"position\":3,\"name\":\"LAUDATO SI&#8221;\"}]},{\"@type\":\"WebSite\",\"@id\":\"https:\\\/\\\/www.editorialclaret.cat\\\/#website\",\"url\":\"https:\\\/\\\/www.editorialclaret.cat\\\/\",\"name\":\"Editorial Claret\",\"description\":\"\",\"publisher\":{\"@id\":\"https:\\\/\\\/www.editorialclaret.cat\\\/#organization\"},\"potentialAction\":[{\"@type\":\"SearchAction\",\"target\":{\"@type\":\"EntryPoint\",\"urlTemplate\":\"https:\\\/\\\/www.editorialclaret.cat\\\/?s={search_term_string}\"},\"query-input\":{\"@type\":\"PropertyValueSpecification\",\"valueRequired\":true,\"valueName\":\"search_term_string\"}}],\"inLanguage\":\"es\"},{\"@type\":\"Organization\",\"@id\":\"https:\\\/\\\/www.editorialclaret.cat\\\/#organization\",\"name\":\"Editorial Claret\",\"url\":\"https:\\\/\\\/www.editorialclaret.cat\\\/\",\"logo\":{\"@type\":\"ImageObject\",\"inLanguage\":\"es\",\"@id\":\"https:\\\/\\\/www.editorialclaret.cat\\\/#\\\/schema\\\/logo\\\/image\\\/\",\"url\":\"https:\\\/\\\/www.editorialclaret.cat\\\/wp-content\\\/uploads\\\/.\\\/logo-claret.png\",\"contentUrl\":\"https:\\\/\\\/www.editorialclaret.cat\\\/wp-content\\\/uploads\\\/.\\\/logo-claret.png\",\"width\":194,\"height\":79,\"caption\":\"Editorial Claret\"},\"image\":{\"@id\":\"https:\\\/\\\/www.editorialclaret.cat\\\/#\\\/schema\\\/logo\\\/image\\\/\"}}]}<\/script>\n<!-- \/ Yoast SEO plugin. -->","yoast_head_json":{"title":"Editorial Claret","robots":{"index":"noindex","follow":"follow","max-snippet":"max-snippet:-1","max-image-preview":"max-image-preview:large","max-video-preview":"max-video-preview:-1"},"og_locale":"es_ES","og_type":"article","og_title":"LAUDATO SI'' - Editorial Claret","og_description":"JAUME DUCH FUMAD\u00d3 \/ MARIA BARGALL\u00d3 CASTELL\u00d3N","og_url":"https:\/\/www.editorialclaret.cat\/producte\/laudato-si-9788491364849\/","og_site_name":"Editorial Claret","article_modified_time":"2025-07-23T08:26:11+00:00","og_image":[{"width":250,"height":389,"url":"https:\/\/www.editorialclaret.cat\/wp-content\/uploads\/9788491364849-4.jpg","type":"image\/jpeg"}],"twitter_card":"summary_large_image","twitter_misc":{"Tiempo de lectura":"1 minuto"},"schema":{"@context":"https:\/\/schema.org","@graph":[{"@type":"WebPage","@id":"https:\/\/www.editorialclaret.cat\/producte\/laudato-si-9788491364849\/","url":"https:\/\/www.editorialclaret.cat\/producte\/laudato-si-9788491364849\/","name":"LAUDATO SI'' - Editorial Claret","isPartOf":{"@id":"https:\/\/www.editorialclaret.cat\/#website"},"primaryImageOfPage":{"@id":"https:\/\/www.editorialclaret.cat\/producte\/laudato-si-9788491364849\/#primaryimage"},"image":{"@id":"https:\/\/www.editorialclaret.cat\/producte\/laudato-si-9788491364849\/#primaryimage"},"thumbnailUrl":"https:\/\/www.editorialclaret.cat\/wp-content\/uploads\/9788491364849-4.jpg","datePublished":"2023-09-22T11:36:33+00:00","dateModified":"2025-07-23T08:26:11+00:00","breadcrumb":{"@id":"https:\/\/www.editorialclaret.cat\/producte\/laudato-si-9788491364849\/#breadcrumb"},"inLanguage":"es","potentialAction":[{"@type":"ReadAction","target":["https:\/\/www.editorialclaret.cat\/producte\/laudato-si-9788491364849\/"]}]},{"@type":"ImageObject","inLanguage":"es","@id":"https:\/\/www.editorialclaret.cat\/producte\/laudato-si-9788491364849\/#primaryimage","url":"https:\/\/www.editorialclaret.cat\/wp-content\/uploads\/9788491364849-4.jpg","contentUrl":"https:\/\/www.editorialclaret.cat\/wp-content\/uploads\/9788491364849-4.jpg","width":250,"height":389,"caption":"9788491364849.jpg"},{"@type":"BreadcrumbList","@id":"https:\/\/www.editorialclaret.cat\/producte\/laudato-si-9788491364849\/#breadcrumb","itemListElement":[{"@type":"ListItem","position":1,"name":"Portada","item":"https:\/\/www.editorialclaret.cat\/es\/"},{"@type":"ListItem","position":2,"name":"Botiga","item":"https:\/\/www.editorialclaret.cat\/?page_id=16"},{"@type":"ListItem","position":3,"name":"LAUDATO SI&#8221;"}]},{"@type":"WebSite","@id":"https:\/\/www.editorialclaret.cat\/#website","url":"https:\/\/www.editorialclaret.cat\/","name":"Editorial Claret","description":"","publisher":{"@id":"https:\/\/www.editorialclaret.cat\/#organization"},"potentialAction":[{"@type":"SearchAction","target":{"@type":"EntryPoint","urlTemplate":"https:\/\/www.editorialclaret.cat\/?s={search_term_string}"},"query-input":{"@type":"PropertyValueSpecification","valueRequired":true,"valueName":"search_term_string"}}],"inLanguage":"es"},{"@type":"Organization","@id":"https:\/\/www.editorialclaret.cat\/#organization","name":"Editorial Claret","url":"https:\/\/www.editorialclaret.cat\/","logo":{"@type":"ImageObject","inLanguage":"es","@id":"https:\/\/www.editorialclaret.cat\/#\/schema\/logo\/image\/","url":"https:\/\/www.editorialclaret.cat\/wp-content\/uploads\/.\/logo-claret.png","contentUrl":"https:\/\/www.editorialclaret.cat\/wp-content\/uploads\/.\/logo-claret.png","width":194,"height":79,"caption":"Editorial Claret"},"image":{"@id":"https:\/\/www.editorialclaret.cat\/#\/schema\/logo\/image\/"}}]}},"_links":{"self":[{"href":"https:\/\/www.editorialclaret.cat\/es\/wp-json\/wp\/v2\/product\/52817","targetHints":{"allow":["GET"]}}],"collection":[{"href":"https:\/\/www.editorialclaret.cat\/es\/wp-json\/wp\/v2\/product"}],"about":[{"href":"https:\/\/www.editorialclaret.cat\/es\/wp-json\/wp\/v2\/types\/product"}],"wp:featuredmedia":[{"embeddable":true,"href":"https:\/\/www.editorialclaret.cat\/es\/wp-json\/wp\/v2\/media\/67822"}],"wp:attachment":[{"href":"https:\/\/www.editorialclaret.cat\/es\/wp-json\/wp\/v2\/media?parent=52817"}],"wp:term":[{"taxonomy":"product_brand","embeddable":true,"href":"https:\/\/www.editorialclaret.cat\/es\/wp-json\/wp\/v2\/product_brand?post=52817"},{"taxonomy":"product_cat","embeddable":true,"href":"https:\/\/www.editorialclaret.cat\/es\/wp-json\/wp\/v2\/product_cat?post=52817"},{"taxonomy":"product_tag","embeddable":true,"href":"https:\/\/www.editorialclaret.cat\/es\/wp-json\/wp\/v2\/product_tag?post=52817"}],"curies":[{"name":"wp","href":"https:\/\/api.w.org\/{rel}","templated":true}]}}