{"id":50251,"date":"2023-05-18T14:32:30","date_gmt":"2023-05-18T12:32:30","guid":{"rendered":"http:\/\/dev.editorialclaret.cat\/producte\/la-biblia-fuente-de-sentido-8498460735\/"},"modified":"2025-07-17T12:30:29","modified_gmt":"2025-07-17T10:30:29","slug":"la-biblia-fuente-de-sentido-8498460735","status":"publish","type":"product","link":"https:\/\/www.editorialclaret.cat\/es\/producto\/la-biblia-fuente-de-sentido-8498460735\/","title":{"rendered":"LA BIBLIA, FUENTE DE SENTIDO"},"content":{"rendered":"<p>\u00abEn La Biblia, fuente de sentido, Brueggemann nos propone emprender un viaje [\u2026] para ver la vida desde la perspectiva de las Escrituras y leer la Biblia desde su interior. El libro nos llama a hacernos presentes en el texto b\u00edblico de modo que el tiempo se convierta en un v\u00ednculo y no en un obst\u00e1culo y las palabras hablen por s\u00ed mismas. Me ha interesado mucho la capacidad de Brueggemann de emplear el lenguaje b\u00edblico con convicci\u00f3n y de ir al fondo de la cuesti\u00f3n\u00bb. Carolyn Osiek, National Catholic Reporter<br \/> \u00abEn este breve y espl\u00e9ndido libro, Brueggemann pone su inmensa erudici\u00f3n al servicio de los lectores, personas que andan buscando una especie de mapa de carreteras para orientarse en el inc\u00f3gnito territorio de la Biblia. Me di cuenta de que era la obra que me hac\u00eda falta en las parroquias para trabajar con adultos e iniciarlos en el estudio de la Biblia\u00bb. Michael Warren, Religious Education<br \/>La presente edici\u00f3n revisada de La Biblia, fuente de sentido es una oportunidad \u00fanica de aproximarse a la Biblia. El autor no se limita a presentar a los lectores los temas m\u00e1s importantes, sino que ofrece una interpretaci\u00f3n del mundo pasada por el tamiz de la Biblia que resulta muy atractiva y conduce a una vida de alegr\u00eda, paz e integridad. Brueggemann describe esta visi\u00f3n del mundo mediante una perspicaz s\u00edntesis que consigue dar vida a les Escrituras.<\/p>\n","protected":false},"excerpt":{"rendered":"<p>BRUEGGEMANN, WALTER<\/p>\n","protected":false},"featured_media":50350,"template":"","meta":{"_acf_changed":false,"rs_blank_template":"","rs_page_bg_color":"","slide_template_v7":"","inline_featured_image":false,"_monsterinsights_skip_tracking":false,"_monsterinsights_sitenote_active":false,"_monsterinsights_sitenote_note":"","_monsterinsights_sitenote_category":0},"product_brand":[],"product_cat":[1298,1306],"product_tag":[],"class_list":{"0":"post-50251","1":"product","2":"type-product","3":"status-publish","4":"has-post-thumbnail","6":"product_cat-la-gran-biblioteca","7":"product_cat-la-gran-biblioteca-2","9":"first","10":"instock","11":"taxable","12":"shipping-taxable","13":"purchasable","14":"product-type-simple"},"acf":{"autor":"BRUEGGEMANN, WALTER","codart":"849846073","libros-coleccion":"La Gran Biblioteca","ediciones":"1","encuadernacion":"R\u00fastica","fecha_de_publicacion":"13\/12\/2007","novedad":"0","paginas":"136","subtitulo":"","orden":"0","portada":"0","idioma":"spa","autores-libros":[{"ID":47110,"post_author":"3","post_date":"2022-11-06 20:33:34","post_date_gmt":"2022-11-06 19:33:34","post_content":"","post_title":"WALTER BRUEGGEMANN","post_excerpt":"","post_status":"publish","comment_status":"closed","ping_status":"closed","post_password":"","post_name":"walter-brueggemann","to_ping":"","pinged":"","post_modified":"2022-11-06 20:33:34","post_modified_gmt":"2022-11-06 19:33:34","post_content_filtered":"","post_parent":0,"guid":"http:\/\/dev.editorialclaret.cat\/autor\/walter-brueggemann\/","menu_order":0,"post_type":"autor","post_mime_type":"","comment_count":"0","filter":"raw"}],"booktrailer":"","linkebook":"","ficha":"849846073_1688653426.pdf","muestra":"","precioebook":"0","presentacion":"","resenas":""},"yoast_head":"<!-- This site is optimized with the Yoast SEO plugin v27.3 - https:\/\/yoast.com\/product\/yoast-seo-wordpress\/ -->\n<title>Editorial Claret<\/title>\n<meta name=\"robots\" content=\"noindex, follow, max-snippet:-1, max-image-preview:large, max-video-preview:-1\" \/>\n<meta property=\"og:locale\" content=\"es_ES\" \/>\n<meta property=\"og:type\" content=\"article\" \/>\n<meta property=\"og:title\" content=\"LA BIBLIA, FUENTE DE SENTIDO - Editorial Claret\" \/>\n<meta property=\"og:description\" content=\"BRUEGGEMANN, WALTER\" \/>\n<meta property=\"og:url\" content=\"https:\/\/www.editorialclaret.cat\/producte\/la-biblia-fuente-de-sentido-8498460735\/\" \/>\n<meta property=\"og:site_name\" content=\"Editorial Claret\" \/>\n<meta property=\"article:modified_time\" content=\"2025-07-17T10:30:29+00:00\" \/>\n<meta property=\"og:image\" content=\"https:\/\/www.editorialclaret.cat\/wp-content\/uploads\/.\/9788498460735-1.jpg\" \/>\n\t<meta property=\"og:image:width\" content=\"350\" \/>\n\t<meta property=\"og:image:height\" content=\"519\" \/>\n\t<meta property=\"og:image:type\" content=\"image\/jpeg\" \/>\n<meta name=\"twitter:card\" content=\"summary_large_image\" \/>\n<meta name=\"twitter:label1\" content=\"Tiempo de lectura\" \/>\n\t<meta name=\"twitter:data1\" content=\"1 minuto\" \/>\n<script type=\"application\/ld+json\" class=\"yoast-schema-graph\">{\"@context\":\"https:\\\/\\\/schema.org\",\"@graph\":[{\"@type\":\"WebPage\",\"@id\":\"https:\\\/\\\/www.editorialclaret.cat\\\/producte\\\/la-biblia-fuente-de-sentido-8498460735\\\/\",\"url\":\"https:\\\/\\\/www.editorialclaret.cat\\\/producte\\\/la-biblia-fuente-de-sentido-8498460735\\\/\",\"name\":\"LA BIBLIA, FUENTE DE SENTIDO - Editorial Claret\",\"isPartOf\":{\"@id\":\"https:\\\/\\\/www.editorialclaret.cat\\\/#website\"},\"primaryImageOfPage\":{\"@id\":\"https:\\\/\\\/www.editorialclaret.cat\\\/producte\\\/la-biblia-fuente-de-sentido-8498460735\\\/#primaryimage\"},\"image\":{\"@id\":\"https:\\\/\\\/www.editorialclaret.cat\\\/producte\\\/la-biblia-fuente-de-sentido-8498460735\\\/#primaryimage\"},\"thumbnailUrl\":\"https:\\\/\\\/www.editorialclaret.cat\\\/wp-content\\\/uploads\\\/.\\\/9788498460735-1.jpg\",\"datePublished\":\"2023-05-18T12:32:30+00:00\",\"dateModified\":\"2025-07-17T10:30:29+00:00\",\"breadcrumb\":{\"@id\":\"https:\\\/\\\/www.editorialclaret.cat\\\/producte\\\/la-biblia-fuente-de-sentido-8498460735\\\/#breadcrumb\"},\"inLanguage\":\"es\",\"potentialAction\":[{\"@type\":\"ReadAction\",\"target\":[\"https:\\\/\\\/www.editorialclaret.cat\\\/producte\\\/la-biblia-fuente-de-sentido-8498460735\\\/\"]}]},{\"@type\":\"ImageObject\",\"inLanguage\":\"es\",\"@id\":\"https:\\\/\\\/www.editorialclaret.cat\\\/producte\\\/la-biblia-fuente-de-sentido-8498460735\\\/#primaryimage\",\"url\":\"https:\\\/\\\/www.editorialclaret.cat\\\/wp-content\\\/uploads\\\/.\\\/9788498460735-1.jpg\",\"contentUrl\":\"https:\\\/\\\/www.editorialclaret.cat\\\/wp-content\\\/uploads\\\/.\\\/9788498460735-1.jpg\",\"width\":350,\"height\":519,\"caption\":\"9788498460735.jpg\"},{\"@type\":\"BreadcrumbList\",\"@id\":\"https:\\\/\\\/www.editorialclaret.cat\\\/producte\\\/la-biblia-fuente-de-sentido-8498460735\\\/#breadcrumb\",\"itemListElement\":[{\"@type\":\"ListItem\",\"position\":1,\"name\":\"Portada\",\"item\":\"https:\\\/\\\/www.editorialclaret.cat\\\/es\\\/\"},{\"@type\":\"ListItem\",\"position\":2,\"name\":\"Botiga\",\"item\":\"https:\\\/\\\/www.editorialclaret.cat\\\/?page_id=16\"},{\"@type\":\"ListItem\",\"position\":3,\"name\":\"LA BIBLIA, FUENTE DE SENTIDO\"}]},{\"@type\":\"WebSite\",\"@id\":\"https:\\\/\\\/www.editorialclaret.cat\\\/#website\",\"url\":\"https:\\\/\\\/www.editorialclaret.cat\\\/\",\"name\":\"Editorial Claret\",\"description\":\"\",\"publisher\":{\"@id\":\"https:\\\/\\\/www.editorialclaret.cat\\\/#organization\"},\"potentialAction\":[{\"@type\":\"SearchAction\",\"target\":{\"@type\":\"EntryPoint\",\"urlTemplate\":\"https:\\\/\\\/www.editorialclaret.cat\\\/?s={search_term_string}\"},\"query-input\":{\"@type\":\"PropertyValueSpecification\",\"valueRequired\":true,\"valueName\":\"search_term_string\"}}],\"inLanguage\":\"es\"},{\"@type\":\"Organization\",\"@id\":\"https:\\\/\\\/www.editorialclaret.cat\\\/#organization\",\"name\":\"Editorial Claret\",\"url\":\"https:\\\/\\\/www.editorialclaret.cat\\\/\",\"logo\":{\"@type\":\"ImageObject\",\"inLanguage\":\"es\",\"@id\":\"https:\\\/\\\/www.editorialclaret.cat\\\/#\\\/schema\\\/logo\\\/image\\\/\",\"url\":\"https:\\\/\\\/www.editorialclaret.cat\\\/wp-content\\\/uploads\\\/.\\\/logo-claret.png\",\"contentUrl\":\"https:\\\/\\\/www.editorialclaret.cat\\\/wp-content\\\/uploads\\\/.\\\/logo-claret.png\",\"width\":194,\"height\":79,\"caption\":\"Editorial Claret\"},\"image\":{\"@id\":\"https:\\\/\\\/www.editorialclaret.cat\\\/#\\\/schema\\\/logo\\\/image\\\/\"}}]}<\/script>\n<!-- \/ Yoast SEO plugin. -->","yoast_head_json":{"title":"Editorial Claret","robots":{"index":"noindex","follow":"follow","max-snippet":"max-snippet:-1","max-image-preview":"max-image-preview:large","max-video-preview":"max-video-preview:-1"},"og_locale":"es_ES","og_type":"article","og_title":"LA BIBLIA, FUENTE DE SENTIDO - Editorial Claret","og_description":"BRUEGGEMANN, WALTER","og_url":"https:\/\/www.editorialclaret.cat\/producte\/la-biblia-fuente-de-sentido-8498460735\/","og_site_name":"Editorial Claret","article_modified_time":"2025-07-17T10:30:29+00:00","og_image":[{"width":350,"height":519,"url":"https:\/\/www.editorialclaret.cat\/wp-content\/uploads\/.\/9788498460735-1.jpg","type":"image\/jpeg"}],"twitter_card":"summary_large_image","twitter_misc":{"Tiempo de lectura":"1 minuto"},"schema":{"@context":"https:\/\/schema.org","@graph":[{"@type":"WebPage","@id":"https:\/\/www.editorialclaret.cat\/producte\/la-biblia-fuente-de-sentido-8498460735\/","url":"https:\/\/www.editorialclaret.cat\/producte\/la-biblia-fuente-de-sentido-8498460735\/","name":"LA BIBLIA, FUENTE DE SENTIDO - Editorial Claret","isPartOf":{"@id":"https:\/\/www.editorialclaret.cat\/#website"},"primaryImageOfPage":{"@id":"https:\/\/www.editorialclaret.cat\/producte\/la-biblia-fuente-de-sentido-8498460735\/#primaryimage"},"image":{"@id":"https:\/\/www.editorialclaret.cat\/producte\/la-biblia-fuente-de-sentido-8498460735\/#primaryimage"},"thumbnailUrl":"https:\/\/www.editorialclaret.cat\/wp-content\/uploads\/.\/9788498460735-1.jpg","datePublished":"2023-05-18T12:32:30+00:00","dateModified":"2025-07-17T10:30:29+00:00","breadcrumb":{"@id":"https:\/\/www.editorialclaret.cat\/producte\/la-biblia-fuente-de-sentido-8498460735\/#breadcrumb"},"inLanguage":"es","potentialAction":[{"@type":"ReadAction","target":["https:\/\/www.editorialclaret.cat\/producte\/la-biblia-fuente-de-sentido-8498460735\/"]}]},{"@type":"ImageObject","inLanguage":"es","@id":"https:\/\/www.editorialclaret.cat\/producte\/la-biblia-fuente-de-sentido-8498460735\/#primaryimage","url":"https:\/\/www.editorialclaret.cat\/wp-content\/uploads\/.\/9788498460735-1.jpg","contentUrl":"https:\/\/www.editorialclaret.cat\/wp-content\/uploads\/.\/9788498460735-1.jpg","width":350,"height":519,"caption":"9788498460735.jpg"},{"@type":"BreadcrumbList","@id":"https:\/\/www.editorialclaret.cat\/producte\/la-biblia-fuente-de-sentido-8498460735\/#breadcrumb","itemListElement":[{"@type":"ListItem","position":1,"name":"Portada","item":"https:\/\/www.editorialclaret.cat\/es\/"},{"@type":"ListItem","position":2,"name":"Botiga","item":"https:\/\/www.editorialclaret.cat\/?page_id=16"},{"@type":"ListItem","position":3,"name":"LA BIBLIA, FUENTE DE SENTIDO"}]},{"@type":"WebSite","@id":"https:\/\/www.editorialclaret.cat\/#website","url":"https:\/\/www.editorialclaret.cat\/","name":"Editorial Claret","description":"","publisher":{"@id":"https:\/\/www.editorialclaret.cat\/#organization"},"potentialAction":[{"@type":"SearchAction","target":{"@type":"EntryPoint","urlTemplate":"https:\/\/www.editorialclaret.cat\/?s={search_term_string}"},"query-input":{"@type":"PropertyValueSpecification","valueRequired":true,"valueName":"search_term_string"}}],"inLanguage":"es"},{"@type":"Organization","@id":"https:\/\/www.editorialclaret.cat\/#organization","name":"Editorial Claret","url":"https:\/\/www.editorialclaret.cat\/","logo":{"@type":"ImageObject","inLanguage":"es","@id":"https:\/\/www.editorialclaret.cat\/#\/schema\/logo\/image\/","url":"https:\/\/www.editorialclaret.cat\/wp-content\/uploads\/.\/logo-claret.png","contentUrl":"https:\/\/www.editorialclaret.cat\/wp-content\/uploads\/.\/logo-claret.png","width":194,"height":79,"caption":"Editorial Claret"},"image":{"@id":"https:\/\/www.editorialclaret.cat\/#\/schema\/logo\/image\/"}}]}},"_links":{"self":[{"href":"https:\/\/www.editorialclaret.cat\/es\/wp-json\/wp\/v2\/product\/50251","targetHints":{"allow":["GET"]}}],"collection":[{"href":"https:\/\/www.editorialclaret.cat\/es\/wp-json\/wp\/v2\/product"}],"about":[{"href":"https:\/\/www.editorialclaret.cat\/es\/wp-json\/wp\/v2\/types\/product"}],"wp:featuredmedia":[{"embeddable":true,"href":"https:\/\/www.editorialclaret.cat\/es\/wp-json\/wp\/v2\/media\/50350"}],"wp:attachment":[{"href":"https:\/\/www.editorialclaret.cat\/es\/wp-json\/wp\/v2\/media?parent=50251"}],"wp:term":[{"taxonomy":"product_brand","embeddable":true,"href":"https:\/\/www.editorialclaret.cat\/es\/wp-json\/wp\/v2\/product_brand?post=50251"},{"taxonomy":"product_cat","embeddable":true,"href":"https:\/\/www.editorialclaret.cat\/es\/wp-json\/wp\/v2\/product_cat?post=50251"},{"taxonomy":"product_tag","embeddable":true,"href":"https:\/\/www.editorialclaret.cat\/es\/wp-json\/wp\/v2\/product_tag?post=50251"}],"curies":[{"name":"wp","href":"https:\/\/api.w.org\/{rel}","templated":true}]}}