{"id":50230,"date":"2023-05-17T18:21:14","date_gmt":"2023-05-17T16:21:14","guid":{"rendered":"http:\/\/dev.editorialclaret.cat\/producte\/aprender-para-transformar-9788491362241\/"},"modified":"2024-05-22T12:27:46","modified_gmt":"2024-05-22T10:27:46","slug":"aprender-para-transformar-9788491362241","status":"publish","type":"product","link":"https:\/\/www.editorialclaret.cat\/es\/producto\/aprender-para-transformar-9788491362241\/","title":{"rendered":"APRENDER PARA TRANSFORMAR"},"content":{"rendered":"<p>Transformar es una de las palabras recurrentes en los documentos que definen el papel de las y los profesionales de la intervenci\u00f3n social y educativa. Es una palabra cargada de perspectiva sociopol\u00edtica, que expresa la voluntad de incidir en los mecanismos que generan injusticia, violencia o desigualdad de oportunidades para vivir con plenitud todas las vidas.<br \/>Aprender es otra de esas palabras que conviene releer de vez en cuando. Cuando aprendemos, aceptamos que no tenemos todas las respuestas y, sobre todo, que no siempre nos hemos formulado las preguntas adecuadas.<\/p>\n","protected":false},"excerpt":{"rendered":"<p>L\u00d3PEZ JIM\u00c9NEZ, PACO; NAVARRO-SEGURA, LISETTE (COORD.)<\/p>\n","protected":false},"featured_media":50332,"template":"","meta":{"_acf_changed":false,"rs_blank_template":"","rs_page_bg_color":"","slide_template_v7":"","inline_featured_image":false,"_monsterinsights_skip_tracking":false,"_monsterinsights_sitenote_active":false,"_monsterinsights_sitenote_note":"","_monsterinsights_sitenote_category":0},"product_brand":[],"product_cat":[1133,896,1304,1301],"product_tag":[],"class_list":{"0":"post-50230","1":"product","2":"type-product","3":"status-publish","4":"has-post-thumbnail","6":"product_cat-autores","7":"product_cat-autors","8":"product_cat-universidad-y-accion-socioeducate","9":"product_cat-universitat-i-accio-socioeducat","11":"first","12":"instock","13":"taxable","14":"shipping-taxable","15":"purchasable","16":"product-type-simple"},"acf":{"autor":"L\u00d3PEZ JIM\u00c9NEZ, PACO; NAVARRO-SEGURA, LISETTE (COORD.)","codart":"849136224","libros-coleccion":"","ediciones":"1","encuadernacion":"R\u00fastica","fecha_de_publicacion":"04\/07\/2019","novedad":"0","paginas":"200","subtitulo":"PROPUESTAS PR\u00c1CTICAS DE DID\u00c1CTICA DE LA ACCI\u00d3N SOCIOEDUCATIVA","orden":"0","portada":"0","idioma":"spa","autores-libros":[{"ID":47034,"post_author":"3","post_date":"2022-11-06 20:33:02","post_date_gmt":"2022-11-06 19:33:02","post_content":"","post_title":"PACO L\u00d3PEZ JIM\u00c9NEZ","post_excerpt":"","post_status":"publish","comment_status":"closed","ping_status":"closed","post_password":"","post_name":"paco-lopez-jimenez","to_ping":"","pinged":"","post_modified":"2022-11-06 20:33:02","post_modified_gmt":"2022-11-06 19:33:02","post_content_filtered":"","post_parent":0,"guid":"http:\/\/dev.editorialclaret.cat\/autor\/paco-lopez-jimenez\/","menu_order":0,"post_type":"autor","post_mime_type":"","comment_count":"0","filter":"raw"},{"ID":46962,"post_author":"3","post_date":"2022-11-06 20:32:26","post_date_gmt":"2022-11-06 19:32:26","post_content":"","post_title":"LISETTE (COORD.) NAVARRO-SEGURA","post_excerpt":"","post_status":"publish","comment_status":"closed","ping_status":"closed","post_password":"","post_name":"lisette-coord-navarro-segura","to_ping":"","pinged":"","post_modified":"2022-11-06 20:32:26","post_modified_gmt":"2022-11-06 19:32:26","post_content_filtered":"","post_parent":0,"guid":"http:\/\/dev.editorialclaret.cat\/autor\/lisette-coord-navarro-segura\/","menu_order":0,"post_type":"autor","post_mime_type":"","comment_count":"0","filter":"raw"}],"traductores-libros":"","ilustradores-libros":"","formato":"","linkebook":"","precioebook":"0","ebookportada":false,"ficha":"849136224_1688645915.pdf","muestra":"","presentacion":"","booktrailer":"","resenas":"","recomendamos":"","mas_vendido":""},"yoast_head":"<!-- This site is optimized with the Yoast SEO plugin v27.3 - https:\/\/yoast.com\/product\/yoast-seo-wordpress\/ -->\n<title>Editorial Claret<\/title>\n<meta name=\"robots\" content=\"noindex, follow, max-snippet:-1, max-image-preview:large, max-video-preview:-1\" \/>\n<meta property=\"og:locale\" content=\"es_ES\" \/>\n<meta property=\"og:type\" content=\"article\" \/>\n<meta property=\"og:title\" content=\"APRENDER PARA TRANSFORMAR - Editorial Claret\" \/>\n<meta property=\"og:description\" content=\"L\u00d3PEZ JIM\u00c9NEZ, PACO; NAVARRO-SEGURA, LISETTE (COORD.)\" \/>\n<meta property=\"og:url\" content=\"https:\/\/www.editorialclaret.cat\/producte\/aprender-para-transformar-9788491362241\/\" \/>\n<meta property=\"og:site_name\" content=\"Editorial Claret\" \/>\n<meta property=\"article:modified_time\" content=\"2024-05-22T10:27:46+00:00\" \/>\n<meta property=\"og:image\" content=\"https:\/\/www.editorialclaret.cat\/wp-content\/uploads\/.\/9788491362241-1.jpg\" \/>\n\t<meta property=\"og:image:width\" content=\"350\" \/>\n\t<meta property=\"og:image:height\" content=\"485\" \/>\n\t<meta property=\"og:image:type\" content=\"image\/jpeg\" \/>\n<meta name=\"twitter:card\" content=\"summary_large_image\" \/>\n<meta name=\"twitter:label1\" content=\"Tiempo de lectura\" \/>\n\t<meta name=\"twitter:data1\" content=\"1 minuto\" \/>\n<script type=\"application\/ld+json\" class=\"yoast-schema-graph\">{\"@context\":\"https:\\\/\\\/schema.org\",\"@graph\":[{\"@type\":\"WebPage\",\"@id\":\"https:\\\/\\\/www.editorialclaret.cat\\\/producte\\\/aprender-para-transformar-9788491362241\\\/\",\"url\":\"https:\\\/\\\/www.editorialclaret.cat\\\/producte\\\/aprender-para-transformar-9788491362241\\\/\",\"name\":\"APRENDER PARA TRANSFORMAR - Editorial Claret\",\"isPartOf\":{\"@id\":\"https:\\\/\\\/www.editorialclaret.cat\\\/#website\"},\"primaryImageOfPage\":{\"@id\":\"https:\\\/\\\/www.editorialclaret.cat\\\/producte\\\/aprender-para-transformar-9788491362241\\\/#primaryimage\"},\"image\":{\"@id\":\"https:\\\/\\\/www.editorialclaret.cat\\\/producte\\\/aprender-para-transformar-9788491362241\\\/#primaryimage\"},\"thumbnailUrl\":\"https:\\\/\\\/www.editorialclaret.cat\\\/wp-content\\\/uploads\\\/.\\\/9788491362241-1.jpg\",\"datePublished\":\"2023-05-17T16:21:14+00:00\",\"dateModified\":\"2024-05-22T10:27:46+00:00\",\"breadcrumb\":{\"@id\":\"https:\\\/\\\/www.editorialclaret.cat\\\/producte\\\/aprender-para-transformar-9788491362241\\\/#breadcrumb\"},\"inLanguage\":\"es\",\"potentialAction\":[{\"@type\":\"ReadAction\",\"target\":[\"https:\\\/\\\/www.editorialclaret.cat\\\/producte\\\/aprender-para-transformar-9788491362241\\\/\"]}]},{\"@type\":\"ImageObject\",\"inLanguage\":\"es\",\"@id\":\"https:\\\/\\\/www.editorialclaret.cat\\\/producte\\\/aprender-para-transformar-9788491362241\\\/#primaryimage\",\"url\":\"https:\\\/\\\/www.editorialclaret.cat\\\/wp-content\\\/uploads\\\/.\\\/9788491362241-1.jpg\",\"contentUrl\":\"https:\\\/\\\/www.editorialclaret.cat\\\/wp-content\\\/uploads\\\/.\\\/9788491362241-1.jpg\",\"width\":350,\"height\":485,\"caption\":\"9788491362241.jpg\"},{\"@type\":\"BreadcrumbList\",\"@id\":\"https:\\\/\\\/www.editorialclaret.cat\\\/producte\\\/aprender-para-transformar-9788491362241\\\/#breadcrumb\",\"itemListElement\":[{\"@type\":\"ListItem\",\"position\":1,\"name\":\"Portada\",\"item\":\"https:\\\/\\\/www.editorialclaret.cat\\\/es\\\/\"},{\"@type\":\"ListItem\",\"position\":2,\"name\":\"Botiga\",\"item\":\"https:\\\/\\\/www.editorialclaret.cat\\\/?page_id=16\"},{\"@type\":\"ListItem\",\"position\":3,\"name\":\"APRENDER PARA TRANSFORMAR\"}]},{\"@type\":\"WebSite\",\"@id\":\"https:\\\/\\\/www.editorialclaret.cat\\\/#website\",\"url\":\"https:\\\/\\\/www.editorialclaret.cat\\\/\",\"name\":\"Editorial Claret\",\"description\":\"\",\"publisher\":{\"@id\":\"https:\\\/\\\/www.editorialclaret.cat\\\/#organization\"},\"potentialAction\":[{\"@type\":\"SearchAction\",\"target\":{\"@type\":\"EntryPoint\",\"urlTemplate\":\"https:\\\/\\\/www.editorialclaret.cat\\\/?s={search_term_string}\"},\"query-input\":{\"@type\":\"PropertyValueSpecification\",\"valueRequired\":true,\"valueName\":\"search_term_string\"}}],\"inLanguage\":\"es\"},{\"@type\":\"Organization\",\"@id\":\"https:\\\/\\\/www.editorialclaret.cat\\\/#organization\",\"name\":\"Editorial Claret\",\"url\":\"https:\\\/\\\/www.editorialclaret.cat\\\/\",\"logo\":{\"@type\":\"ImageObject\",\"inLanguage\":\"es\",\"@id\":\"https:\\\/\\\/www.editorialclaret.cat\\\/#\\\/schema\\\/logo\\\/image\\\/\",\"url\":\"https:\\\/\\\/www.editorialclaret.cat\\\/wp-content\\\/uploads\\\/.\\\/logo-claret.png\",\"contentUrl\":\"https:\\\/\\\/www.editorialclaret.cat\\\/wp-content\\\/uploads\\\/.\\\/logo-claret.png\",\"width\":194,\"height\":79,\"caption\":\"Editorial Claret\"},\"image\":{\"@id\":\"https:\\\/\\\/www.editorialclaret.cat\\\/#\\\/schema\\\/logo\\\/image\\\/\"}}]}<\/script>\n<!-- \/ Yoast SEO plugin. -->","yoast_head_json":{"title":"Editorial Claret","robots":{"index":"noindex","follow":"follow","max-snippet":"max-snippet:-1","max-image-preview":"max-image-preview:large","max-video-preview":"max-video-preview:-1"},"og_locale":"es_ES","og_type":"article","og_title":"APRENDER PARA TRANSFORMAR - Editorial Claret","og_description":"L\u00d3PEZ JIM\u00c9NEZ, PACO; NAVARRO-SEGURA, LISETTE (COORD.)","og_url":"https:\/\/www.editorialclaret.cat\/producte\/aprender-para-transformar-9788491362241\/","og_site_name":"Editorial Claret","article_modified_time":"2024-05-22T10:27:46+00:00","og_image":[{"width":350,"height":485,"url":"https:\/\/www.editorialclaret.cat\/wp-content\/uploads\/.\/9788491362241-1.jpg","type":"image\/jpeg"}],"twitter_card":"summary_large_image","twitter_misc":{"Tiempo de lectura":"1 minuto"},"schema":{"@context":"https:\/\/schema.org","@graph":[{"@type":"WebPage","@id":"https:\/\/www.editorialclaret.cat\/producte\/aprender-para-transformar-9788491362241\/","url":"https:\/\/www.editorialclaret.cat\/producte\/aprender-para-transformar-9788491362241\/","name":"APRENDER PARA TRANSFORMAR - Editorial Claret","isPartOf":{"@id":"https:\/\/www.editorialclaret.cat\/#website"},"primaryImageOfPage":{"@id":"https:\/\/www.editorialclaret.cat\/producte\/aprender-para-transformar-9788491362241\/#primaryimage"},"image":{"@id":"https:\/\/www.editorialclaret.cat\/producte\/aprender-para-transformar-9788491362241\/#primaryimage"},"thumbnailUrl":"https:\/\/www.editorialclaret.cat\/wp-content\/uploads\/.\/9788491362241-1.jpg","datePublished":"2023-05-17T16:21:14+00:00","dateModified":"2024-05-22T10:27:46+00:00","breadcrumb":{"@id":"https:\/\/www.editorialclaret.cat\/producte\/aprender-para-transformar-9788491362241\/#breadcrumb"},"inLanguage":"es","potentialAction":[{"@type":"ReadAction","target":["https:\/\/www.editorialclaret.cat\/producte\/aprender-para-transformar-9788491362241\/"]}]},{"@type":"ImageObject","inLanguage":"es","@id":"https:\/\/www.editorialclaret.cat\/producte\/aprender-para-transformar-9788491362241\/#primaryimage","url":"https:\/\/www.editorialclaret.cat\/wp-content\/uploads\/.\/9788491362241-1.jpg","contentUrl":"https:\/\/www.editorialclaret.cat\/wp-content\/uploads\/.\/9788491362241-1.jpg","width":350,"height":485,"caption":"9788491362241.jpg"},{"@type":"BreadcrumbList","@id":"https:\/\/www.editorialclaret.cat\/producte\/aprender-para-transformar-9788491362241\/#breadcrumb","itemListElement":[{"@type":"ListItem","position":1,"name":"Portada","item":"https:\/\/www.editorialclaret.cat\/es\/"},{"@type":"ListItem","position":2,"name":"Botiga","item":"https:\/\/www.editorialclaret.cat\/?page_id=16"},{"@type":"ListItem","position":3,"name":"APRENDER PARA TRANSFORMAR"}]},{"@type":"WebSite","@id":"https:\/\/www.editorialclaret.cat\/#website","url":"https:\/\/www.editorialclaret.cat\/","name":"Editorial Claret","description":"","publisher":{"@id":"https:\/\/www.editorialclaret.cat\/#organization"},"potentialAction":[{"@type":"SearchAction","target":{"@type":"EntryPoint","urlTemplate":"https:\/\/www.editorialclaret.cat\/?s={search_term_string}"},"query-input":{"@type":"PropertyValueSpecification","valueRequired":true,"valueName":"search_term_string"}}],"inLanguage":"es"},{"@type":"Organization","@id":"https:\/\/www.editorialclaret.cat\/#organization","name":"Editorial Claret","url":"https:\/\/www.editorialclaret.cat\/","logo":{"@type":"ImageObject","inLanguage":"es","@id":"https:\/\/www.editorialclaret.cat\/#\/schema\/logo\/image\/","url":"https:\/\/www.editorialclaret.cat\/wp-content\/uploads\/.\/logo-claret.png","contentUrl":"https:\/\/www.editorialclaret.cat\/wp-content\/uploads\/.\/logo-claret.png","width":194,"height":79,"caption":"Editorial Claret"},"image":{"@id":"https:\/\/www.editorialclaret.cat\/#\/schema\/logo\/image\/"}}]}},"_links":{"self":[{"href":"https:\/\/www.editorialclaret.cat\/es\/wp-json\/wp\/v2\/product\/50230","targetHints":{"allow":["GET"]}}],"collection":[{"href":"https:\/\/www.editorialclaret.cat\/es\/wp-json\/wp\/v2\/product"}],"about":[{"href":"https:\/\/www.editorialclaret.cat\/es\/wp-json\/wp\/v2\/types\/product"}],"wp:featuredmedia":[{"embeddable":true,"href":"https:\/\/www.editorialclaret.cat\/es\/wp-json\/wp\/v2\/media\/50332"}],"wp:attachment":[{"href":"https:\/\/www.editorialclaret.cat\/es\/wp-json\/wp\/v2\/media?parent=50230"}],"wp:term":[{"taxonomy":"product_brand","embeddable":true,"href":"https:\/\/www.editorialclaret.cat\/es\/wp-json\/wp\/v2\/product_brand?post=50230"},{"taxonomy":"product_cat","embeddable":true,"href":"https:\/\/www.editorialclaret.cat\/es\/wp-json\/wp\/v2\/product_cat?post=50230"},{"taxonomy":"product_tag","embeddable":true,"href":"https:\/\/www.editorialclaret.cat\/es\/wp-json\/wp\/v2\/product_tag?post=50230"}],"curies":[{"name":"wp","href":"https:\/\/api.w.org\/{rel}","templated":true}]}}