{"id":50178,"date":"2023-04-27T10:25:04","date_gmt":"2023-04-27T08:25:04","guid":{"rendered":"http:\/\/dev.editorialclaret.cat\/producte\/abracades-9788491364665\/"},"modified":"2026-02-02T12:15:22","modified_gmt":"2026-02-02T11:15:22","slug":"abracades-de-viqui-molins-9788491364665","status":"publish","type":"product","link":"https:\/\/www.editorialclaret.cat\/es\/producto\/abracades-de-viqui-molins-9788491364665\/","title":{"rendered":"ABRA\u00c7ADES, DE VIQUI MOLINS"},"content":{"rendered":"<p>Despr\u00e9s d\u2019haver viscut molt, haver vist i haver escoltat moltes coses, i despr\u00e9s de la terrible abstin\u00e8ncia de contacte f\u00edsic durant els anys de la pand\u00e8mia de la Covid-19 la monja teresiana<a href='https:\/\/www.claret.cat\/cataleg\/?b=vict%C3%B2ria+molins' rel='noopener noreferrer' target='_blank'> <strong>Viqui Molins<\/strong><\/a> ens presenta un llibre sobre abra\u00e7ades. <\/p>\n<p>Un llibre sobre <strong>hist\u00f2ries d\u2019abra\u00e7ades<\/strong> que ha viscut durant els seus llargs anys de vida: unes les ha rebudes, altres les ha donades, d\u2019altres ha estat testimoni i d\u2019algunes li han parlat o consultat&#8230; <\/p>\n<p>L\u2019autora narra un conjunt d\u2019hist\u00f2ries bell\u00edssimes tot mostrant, no tantel poder curatiu de les abra\u00e7ades des de la psicologia sin\u00f3 de de la caritat que \u00e9s el cim de l\u2019amor i que converteix en el goig m\u00e9s preg\u00f3 qualsevol acci\u00f3 humana.<\/p>\n","protected":false},"excerpt":{"rendered":"<p>MOLINS GOMILA, MARIA VICT\u00d2RIA<\/p>\n","protected":false},"featured_media":68217,"template":"","meta":{"_acf_changed":false,"rs_blank_template":"","rs_page_bg_color":"","slide_template_v7":"","inline_featured_image":false,"_monsterinsights_skip_tracking":false,"_monsterinsights_sitenote_active":false,"_monsterinsights_sitenote_note":"","_monsterinsights_sitenote_category":0},"product_brand":[],"product_cat":[1204,967,1074,837,1041,1213,976],"product_tag":[],"class_list":{"0":"post-50178","1":"product","2":"type-product","3":"status-publish","4":"has-post-thumbnail","6":"product_cat-autores-espiritualidad-espiritualidad","7":"product_cat-autors-espiritualitat-espiritualitat","8":"product_cat-biografias","9":"product_cat-biografies","10":"product_cat-catala","11":"product_cat-testimonios","12":"product_cat-testimonis","14":"first","15":"instock","16":"taxable","17":"shipping-taxable","18":"purchasable","19":"product-type-simple"},"acf":{"autor":"MOLINS GOMILA, MARIA VICT\u00d2RIA","codart":"849136466","libros-coleccion":"","ediciones":"1","encuadernacion":"R\u00fastica","fecha_de_publicacion":"21\/03\/2023","novedad":"1","paginas":"88","subtitulo":"CADA ABRA\u00c7ADA, UNA HIST\u00d2RIA ","orden":"1000","portada":"1","idioma":"cat","autores-libros":[{"ID":18734,"post_author":"3","post_date":"2022-10-19 01:21:16","post_date_gmt":"2022-10-18 23:21:16","post_content":"M. Vict\u00f2ria Molins neix el 1936 a Barcelona. \u00c9s la cinquena de mou germans.\u00a0Despr\u00e9s d\u2019ingressar a la Companyia de\u00a0Santa Teresa de Jes\u00fas, es va llicenciar\u00a0en Filosofia i Lletres, i va ser professora\u00a0de filosofia i literatura i directora en una escola teresiana.\u00a0Va ser directora de l\u2019Editorial STJ, ha fet cr\u00edtica de llibres\u00a0i pel\u00b7l\u00edcules i \u00e9s autora de m\u00e9s de seixanta obres sobre\u00a0q\u00fcestions d\u2019educaci\u00f3, pastoral i sobre pobresa i marginaci\u00f3. Actualment segueix dedicant-se plenament als\u00a0marginats del barri del Raval de Barcelona, sense abandonar la seva vocaci\u00f3 d\u2019escriptora de llibre i articles.\u00a0El 2015 fou investida Doctora Honoris Causa per la\u00a0Universitat Ramon Llull. Ha rebut tamb\u00e9 el 32\u00e8 Premi\u00a0Internacional Alfons Com\u00edn, la creu de Sant Jordi de la\u00a0Generalitat de Catalunya i el premi Persona i Democr\u00e0cia Joaquim Xicoy.","post_title":"MARIA VICTORIA MOLINS GOMILA","post_excerpt":"","post_status":"publish","comment_status":"closed","ping_status":"closed","post_password":"","post_name":"maria-victoria-molins-gomila","to_ping":"","pinged":"","post_modified":"2023-06-28 12:08:54","post_modified_gmt":"2023-06-28 10:08:54","post_content_filtered":"","post_parent":0,"guid":"http:\/\/dev.editorialclaret.cat\/autor\/maria-victoria-molins-gomila\/","menu_order":0,"post_type":"autor","post_mime_type":"","comment_count":"0","filter":"raw"}],"traductores-libros":"","ilustradores-libros":"","formato":"","linkebook":"","precioebook":"0","ficha":"849136466_1685023759.pdf","muestra":"","presentacion":"<iframe width=\"861\" height=\"484\" src=\"https:\/\/www.youtube.com\/embed\/9Omr46Cl6cY\" title=\"Presentaci\u00f3 Abra\u00e7ades\" frameborder=\"0\" allow=\"accelerometer; autoplay; clipboard-write; encrypted-media; gyroscope; picture-in-picture; web-share\" allowfullscreen><\/iframe>","booktrailer":"<iframe width=\"905\" height=\"509\" src=\"https:\/\/www.youtube.com\/embed\/HT_ovDh9KLs\" title=\"Booktr\u00e0iler del llibre Abra\u00e7ades\" frameborder=\"0\" allow=\"accelerometer; autoplay; clipboard-write; encrypted-media; gyroscope; picture-in-picture; web-share\" allowfullscreen><\/iframe>","resenas":"<p>La Vanguardia<\/p>\n<p><a href=\"https:\/\/www.lavanguardia.com\/libros\/libro\/abracades-edicion-en-catalan-9788491364665\" rel=\"noopener noreferrer\" target=\"_blank\">https:\/\/www.lavanguardia.com\/libros\/libro\/abracades-edicion-en-catalan-9788491364665<\/a><\/p>\n<p><\/p>\n<p>Catalunya Religi\u00f3, 21\/03\/2023<\/p>\n<p><a href=\"https:\/\/www.catalunyareligio.cat\/ca\/blog\/llibres-recomanats\/abracades-304260\" rel=\"noopener noreferrer\" target=\"_blank\">https:\/\/www.catalunyareligio.cat\/ca\/blog\/llibres-recomanats\/abracades-304260<\/a><\/p>\n<p><\/p>\n<p>Catalunya Cristiana, 17\/04\/2023<\/p>\n<p><a href=\"https:\/\/www.catalunyacristiana.cat\/cada-mati-en-arribar-a-santa-anna-rebo-mes-abracades-que-mai-a-la-vida\/\" rel=\"noopener noreferrer\" target=\"_blank\">https:\/\/www.catalunyacristiana.cat\/cada-mati-en-arribar-a-santa-anna-rebo-mes-abracades-que-mai-a-la-vida\/<\/a><\/p>\n<p><\/p>\n<p>Catalunya Religi\u00f3, 17\/04\/2023<\/p>\n<p><a href=\"https:\/\/www.catalunyareligio.cat\/ca\/viqui-molins-millor-regal-puc-rebre-son-abracades\" rel=\"noopener noreferrer\" target=\"_blank\">https:\/\/www.catalunyareligio.cat\/ca\/viqui-molins-millor-regal-puc-rebre-son-abracades<\/a><\/p>\n<p><\/p>\n<p>RAC 1, 06\/04\/2023<\/p>\n<p><a href=\"https:\/\/www.rac1.cat\/a-la-carta\/detail\/8b6ee31b-1b19-4122-96f2-afdc01548ddd\" rel=\"noopener noreferrer\" target=\"_blank\">https:\/\/www.rac1.cat\/a-la-carta\/detail\/8b6ee31b-1b19-4122-96f2-afdc01548ddd<\/a><\/p>\n<p><\/p>\n<p>Catalunya Cristiana, 28\/06\/2023<\/p>\n<p><a href=\"https:\/\/www.catalunyacristiana.cat\/abracades-guaridores\/\" rel=\"noopener noreferrer\" target=\"_blank\">https:\/\/www.catalunyacristiana.cat\/abracades-guaridores\/<\/a><\/p>\n<p><\/p>\n<p>Ag\u00e8ncia Flama, 26\/06\/2023<\/p>\n<p><a href=\"https:\/\/www.agenciaflama.cat\/viqui-molins-no-desaprofiteu-les-abracades-no-se-sap-quan-no-podrem-fer-ne-mes\/\" rel=\"noopener noreferrer\" target=\"_blank\">https:\/\/www.agenciaflama.cat\/viqui-molins-no-desaprofiteu-les-abracades-no-se-sap-quan-no-podrem-fer-ne-mes\/<\/a><\/p>\n","recomendamos":"","mas_vendido":""},"yoast_head":"<!-- This site is optimized with the Yoast SEO plugin v27.3 - https:\/\/yoast.com\/product\/yoast-seo-wordpress\/ -->\n<title>Editorial Claret<\/title>\n<meta name=\"robots\" content=\"noindex, follow, max-snippet:-1, max-image-preview:large, max-video-preview:-1\" \/>\n<meta property=\"og:locale\" content=\"es_ES\" \/>\n<meta property=\"og:type\" content=\"article\" \/>\n<meta property=\"og:title\" content=\"ABRA\u00c7ADES, DE VIQUI MOLINS - Editorial Claret\" \/>\n<meta property=\"og:description\" content=\"MOLINS GOMILA, MARIA VICT\u00d2RIA\" \/>\n<meta property=\"og:url\" content=\"https:\/\/www.editorialclaret.cat\/producte\/abracades-de-viqui-molins-9788491364665\/\" \/>\n<meta property=\"og:site_name\" content=\"Editorial Claret\" \/>\n<meta property=\"article:modified_time\" content=\"2026-02-02T11:15:22+00:00\" \/>\n<meta property=\"og:image\" content=\"https:\/\/www.editorialclaret.cat\/wp-content\/uploads\/9788491364665-6.jpg\" \/>\n\t<meta property=\"og:image:width\" content=\"1713\" \/>\n\t<meta property=\"og:image:height\" content=\"2539\" \/>\n\t<meta property=\"og:image:type\" content=\"image\/jpeg\" \/>\n<meta name=\"twitter:card\" content=\"summary_large_image\" \/>\n<meta name=\"twitter:label1\" content=\"Tiempo de lectura\" \/>\n\t<meta name=\"twitter:data1\" content=\"1 minuto\" \/>\n<script type=\"application\/ld+json\" class=\"yoast-schema-graph\">{\"@context\":\"https:\\\/\\\/schema.org\",\"@graph\":[{\"@type\":\"WebPage\",\"@id\":\"https:\\\/\\\/www.editorialclaret.cat\\\/producte\\\/abracades-de-viqui-molins-9788491364665\\\/\",\"url\":\"https:\\\/\\\/www.editorialclaret.cat\\\/producte\\\/abracades-de-viqui-molins-9788491364665\\\/\",\"name\":\"ABRA\u00c7ADES, DE VIQUI MOLINS - Editorial Claret\",\"isPartOf\":{\"@id\":\"https:\\\/\\\/www.editorialclaret.cat\\\/#website\"},\"primaryImageOfPage\":{\"@id\":\"https:\\\/\\\/www.editorialclaret.cat\\\/producte\\\/abracades-de-viqui-molins-9788491364665\\\/#primaryimage\"},\"image\":{\"@id\":\"https:\\\/\\\/www.editorialclaret.cat\\\/producte\\\/abracades-de-viqui-molins-9788491364665\\\/#primaryimage\"},\"thumbnailUrl\":\"https:\\\/\\\/www.editorialclaret.cat\\\/wp-content\\\/uploads\\\/9788491364665-6.jpg\",\"datePublished\":\"2023-04-27T08:25:04+00:00\",\"dateModified\":\"2026-02-02T11:15:22+00:00\",\"breadcrumb\":{\"@id\":\"https:\\\/\\\/www.editorialclaret.cat\\\/producte\\\/abracades-de-viqui-molins-9788491364665\\\/#breadcrumb\"},\"inLanguage\":\"es\",\"potentialAction\":[{\"@type\":\"ReadAction\",\"target\":[\"https:\\\/\\\/www.editorialclaret.cat\\\/producte\\\/abracades-de-viqui-molins-9788491364665\\\/\"]}]},{\"@type\":\"ImageObject\",\"inLanguage\":\"es\",\"@id\":\"https:\\\/\\\/www.editorialclaret.cat\\\/producte\\\/abracades-de-viqui-molins-9788491364665\\\/#primaryimage\",\"url\":\"https:\\\/\\\/www.editorialclaret.cat\\\/wp-content\\\/uploads\\\/9788491364665-6.jpg\",\"contentUrl\":\"https:\\\/\\\/www.editorialclaret.cat\\\/wp-content\\\/uploads\\\/9788491364665-6.jpg\",\"width\":1713,\"height\":2539,\"caption\":\"9788491364665.jpg\"},{\"@type\":\"BreadcrumbList\",\"@id\":\"https:\\\/\\\/www.editorialclaret.cat\\\/producte\\\/abracades-de-viqui-molins-9788491364665\\\/#breadcrumb\",\"itemListElement\":[{\"@type\":\"ListItem\",\"position\":1,\"name\":\"Portada\",\"item\":\"https:\\\/\\\/www.editorialclaret.cat\\\/es\\\/\"},{\"@type\":\"ListItem\",\"position\":2,\"name\":\"Botiga\",\"item\":\"https:\\\/\\\/www.editorialclaret.cat\\\/?page_id=16\"},{\"@type\":\"ListItem\",\"position\":3,\"name\":\"ABRA\u00c7ADES, DE VIQUI MOLINS\"}]},{\"@type\":\"WebSite\",\"@id\":\"https:\\\/\\\/www.editorialclaret.cat\\\/#website\",\"url\":\"https:\\\/\\\/www.editorialclaret.cat\\\/\",\"name\":\"Editorial Claret\",\"description\":\"\",\"publisher\":{\"@id\":\"https:\\\/\\\/www.editorialclaret.cat\\\/#organization\"},\"potentialAction\":[{\"@type\":\"SearchAction\",\"target\":{\"@type\":\"EntryPoint\",\"urlTemplate\":\"https:\\\/\\\/www.editorialclaret.cat\\\/?s={search_term_string}\"},\"query-input\":{\"@type\":\"PropertyValueSpecification\",\"valueRequired\":true,\"valueName\":\"search_term_string\"}}],\"inLanguage\":\"es\"},{\"@type\":\"Organization\",\"@id\":\"https:\\\/\\\/www.editorialclaret.cat\\\/#organization\",\"name\":\"Editorial Claret\",\"url\":\"https:\\\/\\\/www.editorialclaret.cat\\\/\",\"logo\":{\"@type\":\"ImageObject\",\"inLanguage\":\"es\",\"@id\":\"https:\\\/\\\/www.editorialclaret.cat\\\/#\\\/schema\\\/logo\\\/image\\\/\",\"url\":\"https:\\\/\\\/www.editorialclaret.cat\\\/wp-content\\\/uploads\\\/.\\\/logo-claret.png\",\"contentUrl\":\"https:\\\/\\\/www.editorialclaret.cat\\\/wp-content\\\/uploads\\\/.\\\/logo-claret.png\",\"width\":194,\"height\":79,\"caption\":\"Editorial Claret\"},\"image\":{\"@id\":\"https:\\\/\\\/www.editorialclaret.cat\\\/#\\\/schema\\\/logo\\\/image\\\/\"}}]}<\/script>\n<!-- \/ Yoast SEO plugin. -->","yoast_head_json":{"title":"Editorial Claret","robots":{"index":"noindex","follow":"follow","max-snippet":"max-snippet:-1","max-image-preview":"max-image-preview:large","max-video-preview":"max-video-preview:-1"},"og_locale":"es_ES","og_type":"article","og_title":"ABRA\u00c7ADES, DE VIQUI MOLINS - Editorial Claret","og_description":"MOLINS GOMILA, MARIA VICT\u00d2RIA","og_url":"https:\/\/www.editorialclaret.cat\/producte\/abracades-de-viqui-molins-9788491364665\/","og_site_name":"Editorial Claret","article_modified_time":"2026-02-02T11:15:22+00:00","og_image":[{"width":1713,"height":2539,"url":"https:\/\/www.editorialclaret.cat\/wp-content\/uploads\/9788491364665-6.jpg","type":"image\/jpeg"}],"twitter_card":"summary_large_image","twitter_misc":{"Tiempo de lectura":"1 minuto"},"schema":{"@context":"https:\/\/schema.org","@graph":[{"@type":"WebPage","@id":"https:\/\/www.editorialclaret.cat\/producte\/abracades-de-viqui-molins-9788491364665\/","url":"https:\/\/www.editorialclaret.cat\/producte\/abracades-de-viqui-molins-9788491364665\/","name":"ABRA\u00c7ADES, DE VIQUI MOLINS - Editorial Claret","isPartOf":{"@id":"https:\/\/www.editorialclaret.cat\/#website"},"primaryImageOfPage":{"@id":"https:\/\/www.editorialclaret.cat\/producte\/abracades-de-viqui-molins-9788491364665\/#primaryimage"},"image":{"@id":"https:\/\/www.editorialclaret.cat\/producte\/abracades-de-viqui-molins-9788491364665\/#primaryimage"},"thumbnailUrl":"https:\/\/www.editorialclaret.cat\/wp-content\/uploads\/9788491364665-6.jpg","datePublished":"2023-04-27T08:25:04+00:00","dateModified":"2026-02-02T11:15:22+00:00","breadcrumb":{"@id":"https:\/\/www.editorialclaret.cat\/producte\/abracades-de-viqui-molins-9788491364665\/#breadcrumb"},"inLanguage":"es","potentialAction":[{"@type":"ReadAction","target":["https:\/\/www.editorialclaret.cat\/producte\/abracades-de-viqui-molins-9788491364665\/"]}]},{"@type":"ImageObject","inLanguage":"es","@id":"https:\/\/www.editorialclaret.cat\/producte\/abracades-de-viqui-molins-9788491364665\/#primaryimage","url":"https:\/\/www.editorialclaret.cat\/wp-content\/uploads\/9788491364665-6.jpg","contentUrl":"https:\/\/www.editorialclaret.cat\/wp-content\/uploads\/9788491364665-6.jpg","width":1713,"height":2539,"caption":"9788491364665.jpg"},{"@type":"BreadcrumbList","@id":"https:\/\/www.editorialclaret.cat\/producte\/abracades-de-viqui-molins-9788491364665\/#breadcrumb","itemListElement":[{"@type":"ListItem","position":1,"name":"Portada","item":"https:\/\/www.editorialclaret.cat\/es\/"},{"@type":"ListItem","position":2,"name":"Botiga","item":"https:\/\/www.editorialclaret.cat\/?page_id=16"},{"@type":"ListItem","position":3,"name":"ABRA\u00c7ADES, DE VIQUI MOLINS"}]},{"@type":"WebSite","@id":"https:\/\/www.editorialclaret.cat\/#website","url":"https:\/\/www.editorialclaret.cat\/","name":"Editorial Claret","description":"","publisher":{"@id":"https:\/\/www.editorialclaret.cat\/#organization"},"potentialAction":[{"@type":"SearchAction","target":{"@type":"EntryPoint","urlTemplate":"https:\/\/www.editorialclaret.cat\/?s={search_term_string}"},"query-input":{"@type":"PropertyValueSpecification","valueRequired":true,"valueName":"search_term_string"}}],"inLanguage":"es"},{"@type":"Organization","@id":"https:\/\/www.editorialclaret.cat\/#organization","name":"Editorial Claret","url":"https:\/\/www.editorialclaret.cat\/","logo":{"@type":"ImageObject","inLanguage":"es","@id":"https:\/\/www.editorialclaret.cat\/#\/schema\/logo\/image\/","url":"https:\/\/www.editorialclaret.cat\/wp-content\/uploads\/.\/logo-claret.png","contentUrl":"https:\/\/www.editorialclaret.cat\/wp-content\/uploads\/.\/logo-claret.png","width":194,"height":79,"caption":"Editorial Claret"},"image":{"@id":"https:\/\/www.editorialclaret.cat\/#\/schema\/logo\/image\/"}}]}},"_links":{"self":[{"href":"https:\/\/www.editorialclaret.cat\/es\/wp-json\/wp\/v2\/product\/50178","targetHints":{"allow":["GET"]}}],"collection":[{"href":"https:\/\/www.editorialclaret.cat\/es\/wp-json\/wp\/v2\/product"}],"about":[{"href":"https:\/\/www.editorialclaret.cat\/es\/wp-json\/wp\/v2\/types\/product"}],"wp:featuredmedia":[{"embeddable":true,"href":"https:\/\/www.editorialclaret.cat\/es\/wp-json\/wp\/v2\/media\/68217"}],"wp:attachment":[{"href":"https:\/\/www.editorialclaret.cat\/es\/wp-json\/wp\/v2\/media?parent=50178"}],"wp:term":[{"taxonomy":"product_brand","embeddable":true,"href":"https:\/\/www.editorialclaret.cat\/es\/wp-json\/wp\/v2\/product_brand?post=50178"},{"taxonomy":"product_cat","embeddable":true,"href":"https:\/\/www.editorialclaret.cat\/es\/wp-json\/wp\/v2\/product_cat?post=50178"},{"taxonomy":"product_tag","embeddable":true,"href":"https:\/\/www.editorialclaret.cat\/es\/wp-json\/wp\/v2\/product_tag?post=50178"}],"curies":[{"name":"wp","href":"https:\/\/api.w.org\/{rel}","templated":true}]}}