{"id":49994,"date":"2023-02-11T21:58:17","date_gmt":"2023-02-11T20:58:17","guid":{"rendered":"http:\/\/dev.editorialclaret.cat\/producte\/aquesta-foscor-en-que-confio\/"},"modified":"2024-07-10T11:23:14","modified_gmt":"2024-07-10T09:23:14","slug":"aquesta-foscor-en-que-confio-9788491364672","status":"publish","type":"product","link":"https:\/\/www.editorialclaret.cat\/es\/producto\/aquesta-foscor-en-que-confio-9788491364672\/","title":{"rendered":"AQUESTA FOSCOR EN QU\u00c8 CONFIO"},"content":{"rendered":"<p>\u00abPer qu\u00e8 dius D\u00e9u?\u00bb. Aquesta era la pregunta amb qu\u00e8 Joan Casa\u00f1as iniciava moltes converses amb les persones que volien dialogar amb ell sobre el Sentit \u00daltim de la Vida i sobre all\u00f2 que en \u00faltima inst\u00e0ncia les impulsava a fer pol\u00edtica, a participar d&#8217;entitats al servei dels marginats, a donar-se als altres. Tota la vida va reflexionar sobre el Misteri-D\u00e9u i les pr\u00e0ctiques que se&#8217;n derivem, obert a totes les respostes, cr\u00edtic, com Jesucrist ho va ser, amb qualsevol alian\u00e7a entre religi\u00f3 i injust\u00edcia. Tot aix\u00f2 traspua en les p\u00e0gines del llibre Aquesta foscor en qu\u00e8 confio. El lector hi trobar\u00e0 un recull d&#8217;articles, poemes, anotacions del final de la vida, que manifesten la mirada profunda, cr\u00edtica, actual i sensible de Joan Casa\u00f1as sobre els ressorts \u00faltims que mouen la vida humana.<\/p>\n","protected":false},"excerpt":{"rendered":"<p>CASA\u00d1AS GURI, JOAN<\/p>\n","protected":false},"featured_media":66711,"template":"","meta":{"_acf_changed":false,"rs_blank_template":"","rs_page_bg_color":"","slide_template_v7":"","inline_featured_image":false,"_monsterinsights_skip_tracking":false,"_monsterinsights_sitenote_active":false,"_monsterinsights_sitenote_note":"","_monsterinsights_sitenote_category":0},"product_brand":[],"product_cat":[1255,1018],"product_tag":[],"class_list":{"0":"post-49994","1":"product","2":"type-product","3":"status-publish","4":"has-post-thumbnail","6":"product_cat-espiritual-teologia-espiritualidad","7":"product_cat-espiritual","9":"first","10":"instock","11":"taxable","12":"shipping-taxable","13":"purchasable","14":"product-type-simple"},"acf":{"autor":"CASA\u00d1AS GURI, JOAN","codart":"849136467","libros-coleccion":"","ediciones":"1","encuadernacion":"R\u00fastica","fecha_de_publicacion":"21\/03\/2023","novedad":"1","paginas":"186","subtitulo":"","orden":"0","portada":"0","idioma":"cat","autores-libros":[{"ID":50015,"post_author":"3","post_date":"2023-02-11 21:58:42","post_date_gmt":"2023-02-11 20:58:42","post_content":"","post_title":"JOAN CASA\u00d1AS GURI","post_excerpt":"","post_status":"publish","comment_status":"closed","ping_status":"closed","post_password":"","post_name":"joan-casanas-guri","to_ping":"","pinged":"","post_modified":"2023-02-11 21:58:42","post_modified_gmt":"2023-02-11 20:58:42","post_content_filtered":"","post_parent":0,"guid":"http:\/\/dev.editorialclaret.cat\/autor\/joan-casanas-guri\/","menu_order":0,"post_type":"autor","post_mime_type":"","comment_count":"0","filter":"raw"}],"traductores-libros":"","ilustradores-libros":"","formato":"","linkebook":"","precioebook":"0","ficha":"849136467_1685023686.pdf","muestra":"","presentacion":"","booktrailer":"","resenas":"<p>Catalunya Religi\u00f3, 10\/05\/2023<\/p>\n<p><a href=\"https:\/\/www.catalunyareligio.cat\/ca\/aquesta-foscor-en-confio-llibre-compila-escrits\" rel=\"noopener noreferrer\" target=\"_blank\">https:\/\/www.catalunyareligio.cat\/ca\/aquesta-foscor-en-confio-llibre-compila-escrits<\/a> <\/p>\n<p><\/p>\n<p>Papers \u2013 Lliga pels drets dels pobles, 01\/06\/2023<\/p>\n<p><a href=\"https:\/\/drive.google.com\/file\/d\/1J_lt0xqsTg_VhfCyImGTGQrWtr3PJjRZ\/view?usp=sharing\" rel=\"noopener noreferrer\" target=\"_blank\">https:\/\/drive.google.com\/file\/d\/1J_lt0xqsTg_VhfCyImGTGQrWtr3PJjRZ\/view?usp=sharing<\/a><\/p>\n<p><\/p>\n<p><\/p>\n<p>Catalunya Cristiana (CAT), 11\/06\/2023<\/p>\n<p><a href=\"https:\/\/drive.google.com\/file\/d\/1eQcllPy0YKF-XatvoZMmOUORIfAAjjSd\/view?usp=sharing\" rel=\"noopener noreferrer\" target=\"_blank\">https:\/\/drive.google.com\/file\/d\/1eQcllPy0YKF-XatvoZMmOUORIfAAjjSd\/view?usp=sharing<\/a><\/p>\n<p><\/p>\n<p>Catalunya Cristiana (CAST), 11\/06\/2023<\/p>\n<p><a href=\"https:\/\/drive.google.com\/file\/d\/1BdbcW-pO5b56u0imAkEt2ETHHoCpg_vT\/view?usp=sharing\" rel=\"noopener noreferrer\" target=\"_blank\">https:\/\/drive.google.com\/file\/d\/1BdbcW-pO5b56u0imAkEt2ETHHoCpg_vT\/view?usp=sharing<\/a><\/p>\n","recomendamos":"","mas_vendido":"","ebookportada":false},"yoast_head":"<!-- This site is optimized with the Yoast SEO plugin v27.3 - https:\/\/yoast.com\/product\/yoast-seo-wordpress\/ -->\n<title>Editorial Claret<\/title>\n<meta name=\"robots\" content=\"noindex, follow, max-snippet:-1, max-image-preview:large, max-video-preview:-1\" \/>\n<meta property=\"og:locale\" content=\"es_ES\" \/>\n<meta property=\"og:type\" content=\"article\" \/>\n<meta property=\"og:title\" content=\"AQUESTA FOSCOR EN QU\u00c8 CONFIO - Editorial Claret\" \/>\n<meta property=\"og:description\" content=\"CASA\u00d1AS GURI, JOAN\" \/>\n<meta property=\"og:url\" content=\"https:\/\/www.editorialclaret.cat\/producte\/aquesta-foscor-en-que-confio-9788491364672\/\" \/>\n<meta property=\"og:site_name\" content=\"Editorial Claret\" \/>\n<meta property=\"article:modified_time\" content=\"2024-07-10T09:23:14+00:00\" \/>\n<meta property=\"og:image\" content=\"https:\/\/www.editorialclaret.cat\/wp-content\/uploads\/9788491364672-1-768x1146.png\" \/>\n\t<meta property=\"og:image:width\" content=\"768\" \/>\n\t<meta property=\"og:image:height\" content=\"1146\" \/>\n\t<meta property=\"og:image:type\" content=\"image\/png\" \/>\n<meta name=\"twitter:card\" content=\"summary_large_image\" \/>\n<meta name=\"twitter:label1\" content=\"Tiempo de lectura\" \/>\n\t<meta name=\"twitter:data1\" content=\"1 minuto\" \/>\n<script type=\"application\/ld+json\" class=\"yoast-schema-graph\">{\"@context\":\"https:\\\/\\\/schema.org\",\"@graph\":[{\"@type\":\"WebPage\",\"@id\":\"https:\\\/\\\/www.editorialclaret.cat\\\/producte\\\/aquesta-foscor-en-que-confio-9788491364672\\\/\",\"url\":\"https:\\\/\\\/www.editorialclaret.cat\\\/producte\\\/aquesta-foscor-en-que-confio-9788491364672\\\/\",\"name\":\"AQUESTA FOSCOR EN QU\u00c8 CONFIO - Editorial Claret\",\"isPartOf\":{\"@id\":\"https:\\\/\\\/www.editorialclaret.cat\\\/#website\"},\"primaryImageOfPage\":{\"@id\":\"https:\\\/\\\/www.editorialclaret.cat\\\/producte\\\/aquesta-foscor-en-que-confio-9788491364672\\\/#primaryimage\"},\"image\":{\"@id\":\"https:\\\/\\\/www.editorialclaret.cat\\\/producte\\\/aquesta-foscor-en-que-confio-9788491364672\\\/#primaryimage\"},\"thumbnailUrl\":\"https:\\\/\\\/www.editorialclaret.cat\\\/wp-content\\\/uploads\\\/9788491364672-1.png\",\"datePublished\":\"2023-02-11T20:58:17+00:00\",\"dateModified\":\"2024-07-10T09:23:14+00:00\",\"breadcrumb\":{\"@id\":\"https:\\\/\\\/www.editorialclaret.cat\\\/producte\\\/aquesta-foscor-en-que-confio-9788491364672\\\/#breadcrumb\"},\"inLanguage\":\"es\",\"potentialAction\":[{\"@type\":\"ReadAction\",\"target\":[\"https:\\\/\\\/www.editorialclaret.cat\\\/producte\\\/aquesta-foscor-en-que-confio-9788491364672\\\/\"]}]},{\"@type\":\"ImageObject\",\"inLanguage\":\"es\",\"@id\":\"https:\\\/\\\/www.editorialclaret.cat\\\/producte\\\/aquesta-foscor-en-que-confio-9788491364672\\\/#primaryimage\",\"url\":\"https:\\\/\\\/www.editorialclaret.cat\\\/wp-content\\\/uploads\\\/9788491364672-1.png\",\"contentUrl\":\"https:\\\/\\\/www.editorialclaret.cat\\\/wp-content\\\/uploads\\\/9788491364672-1.png\",\"width\":930,\"height\":1388,\"caption\":\"9788491364672.png\"},{\"@type\":\"BreadcrumbList\",\"@id\":\"https:\\\/\\\/www.editorialclaret.cat\\\/producte\\\/aquesta-foscor-en-que-confio-9788491364672\\\/#breadcrumb\",\"itemListElement\":[{\"@type\":\"ListItem\",\"position\":1,\"name\":\"Portada\",\"item\":\"https:\\\/\\\/www.editorialclaret.cat\\\/es\\\/\"},{\"@type\":\"ListItem\",\"position\":2,\"name\":\"Botiga\",\"item\":\"https:\\\/\\\/www.editorialclaret.cat\\\/?page_id=16\"},{\"@type\":\"ListItem\",\"position\":3,\"name\":\"AQUESTA FOSCOR EN QU\u00c8 CONFIO\"}]},{\"@type\":\"WebSite\",\"@id\":\"https:\\\/\\\/www.editorialclaret.cat\\\/#website\",\"url\":\"https:\\\/\\\/www.editorialclaret.cat\\\/\",\"name\":\"Editorial Claret\",\"description\":\"\",\"publisher\":{\"@id\":\"https:\\\/\\\/www.editorialclaret.cat\\\/#organization\"},\"potentialAction\":[{\"@type\":\"SearchAction\",\"target\":{\"@type\":\"EntryPoint\",\"urlTemplate\":\"https:\\\/\\\/www.editorialclaret.cat\\\/?s={search_term_string}\"},\"query-input\":{\"@type\":\"PropertyValueSpecification\",\"valueRequired\":true,\"valueName\":\"search_term_string\"}}],\"inLanguage\":\"es\"},{\"@type\":\"Organization\",\"@id\":\"https:\\\/\\\/www.editorialclaret.cat\\\/#organization\",\"name\":\"Editorial Claret\",\"url\":\"https:\\\/\\\/www.editorialclaret.cat\\\/\",\"logo\":{\"@type\":\"ImageObject\",\"inLanguage\":\"es\",\"@id\":\"https:\\\/\\\/www.editorialclaret.cat\\\/#\\\/schema\\\/logo\\\/image\\\/\",\"url\":\"https:\\\/\\\/www.editorialclaret.cat\\\/wp-content\\\/uploads\\\/.\\\/logo-claret.png\",\"contentUrl\":\"https:\\\/\\\/www.editorialclaret.cat\\\/wp-content\\\/uploads\\\/.\\\/logo-claret.png\",\"width\":194,\"height\":79,\"caption\":\"Editorial Claret\"},\"image\":{\"@id\":\"https:\\\/\\\/www.editorialclaret.cat\\\/#\\\/schema\\\/logo\\\/image\\\/\"}}]}<\/script>\n<!-- \/ Yoast SEO plugin. -->","yoast_head_json":{"title":"Editorial Claret","robots":{"index":"noindex","follow":"follow","max-snippet":"max-snippet:-1","max-image-preview":"max-image-preview:large","max-video-preview":"max-video-preview:-1"},"og_locale":"es_ES","og_type":"article","og_title":"AQUESTA FOSCOR EN QU\u00c8 CONFIO - Editorial Claret","og_description":"CASA\u00d1AS GURI, JOAN","og_url":"https:\/\/www.editorialclaret.cat\/producte\/aquesta-foscor-en-que-confio-9788491364672\/","og_site_name":"Editorial Claret","article_modified_time":"2024-07-10T09:23:14+00:00","og_image":[{"width":768,"height":1146,"url":"https:\/\/www.editorialclaret.cat\/wp-content\/uploads\/9788491364672-1-768x1146.png","type":"image\/png"}],"twitter_card":"summary_large_image","twitter_misc":{"Tiempo de lectura":"1 minuto"},"schema":{"@context":"https:\/\/schema.org","@graph":[{"@type":"WebPage","@id":"https:\/\/www.editorialclaret.cat\/producte\/aquesta-foscor-en-que-confio-9788491364672\/","url":"https:\/\/www.editorialclaret.cat\/producte\/aquesta-foscor-en-que-confio-9788491364672\/","name":"AQUESTA FOSCOR EN QU\u00c8 CONFIO - Editorial Claret","isPartOf":{"@id":"https:\/\/www.editorialclaret.cat\/#website"},"primaryImageOfPage":{"@id":"https:\/\/www.editorialclaret.cat\/producte\/aquesta-foscor-en-que-confio-9788491364672\/#primaryimage"},"image":{"@id":"https:\/\/www.editorialclaret.cat\/producte\/aquesta-foscor-en-que-confio-9788491364672\/#primaryimage"},"thumbnailUrl":"https:\/\/www.editorialclaret.cat\/wp-content\/uploads\/9788491364672-1.png","datePublished":"2023-02-11T20:58:17+00:00","dateModified":"2024-07-10T09:23:14+00:00","breadcrumb":{"@id":"https:\/\/www.editorialclaret.cat\/producte\/aquesta-foscor-en-que-confio-9788491364672\/#breadcrumb"},"inLanguage":"es","potentialAction":[{"@type":"ReadAction","target":["https:\/\/www.editorialclaret.cat\/producte\/aquesta-foscor-en-que-confio-9788491364672\/"]}]},{"@type":"ImageObject","inLanguage":"es","@id":"https:\/\/www.editorialclaret.cat\/producte\/aquesta-foscor-en-que-confio-9788491364672\/#primaryimage","url":"https:\/\/www.editorialclaret.cat\/wp-content\/uploads\/9788491364672-1.png","contentUrl":"https:\/\/www.editorialclaret.cat\/wp-content\/uploads\/9788491364672-1.png","width":930,"height":1388,"caption":"9788491364672.png"},{"@type":"BreadcrumbList","@id":"https:\/\/www.editorialclaret.cat\/producte\/aquesta-foscor-en-que-confio-9788491364672\/#breadcrumb","itemListElement":[{"@type":"ListItem","position":1,"name":"Portada","item":"https:\/\/www.editorialclaret.cat\/es\/"},{"@type":"ListItem","position":2,"name":"Botiga","item":"https:\/\/www.editorialclaret.cat\/?page_id=16"},{"@type":"ListItem","position":3,"name":"AQUESTA FOSCOR EN QU\u00c8 CONFIO"}]},{"@type":"WebSite","@id":"https:\/\/www.editorialclaret.cat\/#website","url":"https:\/\/www.editorialclaret.cat\/","name":"Editorial Claret","description":"","publisher":{"@id":"https:\/\/www.editorialclaret.cat\/#organization"},"potentialAction":[{"@type":"SearchAction","target":{"@type":"EntryPoint","urlTemplate":"https:\/\/www.editorialclaret.cat\/?s={search_term_string}"},"query-input":{"@type":"PropertyValueSpecification","valueRequired":true,"valueName":"search_term_string"}}],"inLanguage":"es"},{"@type":"Organization","@id":"https:\/\/www.editorialclaret.cat\/#organization","name":"Editorial Claret","url":"https:\/\/www.editorialclaret.cat\/","logo":{"@type":"ImageObject","inLanguage":"es","@id":"https:\/\/www.editorialclaret.cat\/#\/schema\/logo\/image\/","url":"https:\/\/www.editorialclaret.cat\/wp-content\/uploads\/.\/logo-claret.png","contentUrl":"https:\/\/www.editorialclaret.cat\/wp-content\/uploads\/.\/logo-claret.png","width":194,"height":79,"caption":"Editorial Claret"},"image":{"@id":"https:\/\/www.editorialclaret.cat\/#\/schema\/logo\/image\/"}}]}},"_links":{"self":[{"href":"https:\/\/www.editorialclaret.cat\/es\/wp-json\/wp\/v2\/product\/49994","targetHints":{"allow":["GET"]}}],"collection":[{"href":"https:\/\/www.editorialclaret.cat\/es\/wp-json\/wp\/v2\/product"}],"about":[{"href":"https:\/\/www.editorialclaret.cat\/es\/wp-json\/wp\/v2\/types\/product"}],"wp:featuredmedia":[{"embeddable":true,"href":"https:\/\/www.editorialclaret.cat\/es\/wp-json\/wp\/v2\/media\/66711"}],"wp:attachment":[{"href":"https:\/\/www.editorialclaret.cat\/es\/wp-json\/wp\/v2\/media?parent=49994"}],"wp:term":[{"taxonomy":"product_brand","embeddable":true,"href":"https:\/\/www.editorialclaret.cat\/es\/wp-json\/wp\/v2\/product_brand?post=49994"},{"taxonomy":"product_cat","embeddable":true,"href":"https:\/\/www.editorialclaret.cat\/es\/wp-json\/wp\/v2\/product_cat?post=49994"},{"taxonomy":"product_tag","embeddable":true,"href":"https:\/\/www.editorialclaret.cat\/es\/wp-json\/wp\/v2\/product_tag?post=49994"}],"curies":[{"name":"wp","href":"https:\/\/api.w.org\/{rel}","templated":true}]}}