{"id":49907,"date":"2022-12-02T11:23:38","date_gmt":"2022-12-02T10:23:38","guid":{"rendered":"http:\/\/dev.editorialclaret.cat\/producte\/san-felipe-neri\/"},"modified":"2024-05-22T11:13:03","modified_gmt":"2024-05-22T09:13:03","slug":"san-felipe-neri-8482972537","status":"publish","type":"product","link":"https:\/\/www.editorialclaret.cat\/es\/producto\/san-felipe-neri-8482972537\/","title":{"rendered":"SAN FELIPE NERI"},"content":{"rendered":"<p>Felipe Neri es un santo muy especial. Su libertad de esp\u00edritu y su sentido del humor son constantes a lo largo de su vida; por ejemplo, el papa Clemente VII le dijo en una ocasi\u00f3n: \u00abPadre Felipe, os nombramos cardenal\u00bb, y Felipe respondi\u00f3 sin dudarlo:<br \/>\u2013Acepto, Santidad, pero con la condici\u00f3n de que me permit\u00e1is que os avise cuando sea el mejor momento para recibir el nombramiento.<br \/>Por supuesto, nunca fue nombrado cardenal&#8230; Un santo as\u00ed desconcert\u00f3 a muchos. Pero un santo as\u00ed mantuvo una gran amistad con los j\u00f3venes, y tenemos un testimonio excepcional, el de J. W. Goethe, que escribe en su \u00abViaje a Italia\u00bb:<br \/>\u00abA su alrededor se congregan j\u00f3venes que quieren imitar sus buenas costumbres y su piedad; practican con diligencia la misericordia con los pobres y los enfermos; (&#8230;) dan y se dan generosamente.\u00bb<br \/>Este libro honra \u2013tanto por su estilo como por su contenido\u2013 la figura singular de san Felipe Neri.<\/p>\n","protected":false},"excerpt":{"rendered":"<p>ORATORIO DE SAN FELIPE NERI DE ALBACETE<\/p>\n","protected":false},"featured_media":0,"template":"","meta":{"_acf_changed":false,"rs_blank_template":"","rs_page_bg_color":"","slide_template_v7":"","inline_featured_image":false,"_monsterinsights_skip_tracking":false,"_monsterinsights_sitenote_active":false,"_monsterinsights_sitenote_note":"","_monsterinsights_sitenote_category":0},"product_brand":[],"product_cat":[1213,976],"product_tag":[],"class_list":{"0":"post-49907","1":"product","2":"type-product","3":"status-publish","5":"product_cat-testimonios","6":"product_cat-testimonis","8":"first","9":"outofstock","10":"taxable","11":"shipping-taxable","12":"purchasable","13":"product-type-simple"},"acf":{"autor":"ORATORIO DE SAN FELIPE NERI DE ALBACETE","codart":"848297253","libros-coleccion":"Testimonio cristiano","ediciones":"1","encuadernacion":"R\u00fastica","fecha_de_publicacion":"01\/03\/1998","novedad":"0","paginas":"240","subtitulo":"LA FIGURA, EL ESP\u00cdRITU Y LA OBRA DEL FUNDADOR DEL ORATORIO","orden":"999","portada":"0","idioma":"spa","autores-libros":[{"ID":19618,"post_author":"3","post_date":"2022-10-19 01:27:11","post_date_gmt":"2022-10-18 23:27:11","post_content":"","post_title":"ORATORIO DE SAN FELIPE NERI DE ALBACETE","post_excerpt":"","post_status":"publish","comment_status":"closed","ping_status":"closed","post_password":"","post_name":"oratorio-de-san-felipe-neri-de-albacete","to_ping":"","pinged":"","post_modified":"2022-10-19 01:27:11","post_modified_gmt":"2022-10-18 23:27:11","post_content_filtered":"","post_parent":0,"guid":"http:\/\/dev.editorialclaret.cat\/autor\/oratorio-de-san-felipe-neri-de-albacete\/","menu_order":0,"post_type":"autor","post_mime_type":"","comment_count":"0","filter":"raw"}]},"yoast_head":"<!-- This site is optimized with the Yoast SEO plugin v27.3 - https:\/\/yoast.com\/product\/yoast-seo-wordpress\/ -->\n<title>Editorial Claret<\/title>\n<meta name=\"robots\" content=\"noindex, follow, max-snippet:-1, max-image-preview:large, max-video-preview:-1\" \/>\n<meta property=\"og:locale\" content=\"es_ES\" \/>\n<meta property=\"og:type\" content=\"article\" \/>\n<meta property=\"og:title\" content=\"SAN FELIPE NERI - Editorial Claret\" \/>\n<meta property=\"og:description\" content=\"ORATORIO DE SAN FELIPE NERI DE ALBACETE\" \/>\n<meta property=\"og:url\" content=\"https:\/\/www.editorialclaret.cat\/producte\/san-felipe-neri-8482972537\/\" \/>\n<meta property=\"og:site_name\" content=\"Editorial Claret\" \/>\n<meta property=\"article:modified_time\" content=\"2024-05-22T09:13:03+00:00\" \/>\n<meta name=\"twitter:card\" content=\"summary_large_image\" \/>\n<meta name=\"twitter:label1\" content=\"Tiempo de lectura\" \/>\n\t<meta name=\"twitter:data1\" content=\"1 minuto\" \/>\n<script type=\"application\/ld+json\" class=\"yoast-schema-graph\">{\"@context\":\"https:\\\/\\\/schema.org\",\"@graph\":[{\"@type\":\"WebPage\",\"@id\":\"https:\\\/\\\/www.editorialclaret.cat\\\/producte\\\/san-felipe-neri-8482972537\\\/\",\"url\":\"https:\\\/\\\/www.editorialclaret.cat\\\/producte\\\/san-felipe-neri-8482972537\\\/\",\"name\":\"SAN FELIPE NERI - Editorial Claret\",\"isPartOf\":{\"@id\":\"https:\\\/\\\/www.editorialclaret.cat\\\/#website\"},\"datePublished\":\"2022-12-02T10:23:38+00:00\",\"dateModified\":\"2024-05-22T09:13:03+00:00\",\"breadcrumb\":{\"@id\":\"https:\\\/\\\/www.editorialclaret.cat\\\/producte\\\/san-felipe-neri-8482972537\\\/#breadcrumb\"},\"inLanguage\":\"es\",\"potentialAction\":[{\"@type\":\"ReadAction\",\"target\":[\"https:\\\/\\\/www.editorialclaret.cat\\\/producte\\\/san-felipe-neri-8482972537\\\/\"]}]},{\"@type\":\"BreadcrumbList\",\"@id\":\"https:\\\/\\\/www.editorialclaret.cat\\\/producte\\\/san-felipe-neri-8482972537\\\/#breadcrumb\",\"itemListElement\":[{\"@type\":\"ListItem\",\"position\":1,\"name\":\"Portada\",\"item\":\"https:\\\/\\\/www.editorialclaret.cat\\\/es\\\/\"},{\"@type\":\"ListItem\",\"position\":2,\"name\":\"Botiga\",\"item\":\"https:\\\/\\\/www.editorialclaret.cat\\\/?page_id=16\"},{\"@type\":\"ListItem\",\"position\":3,\"name\":\"SAN FELIPE NERI\"}]},{\"@type\":\"WebSite\",\"@id\":\"https:\\\/\\\/www.editorialclaret.cat\\\/#website\",\"url\":\"https:\\\/\\\/www.editorialclaret.cat\\\/\",\"name\":\"Editorial Claret\",\"description\":\"\",\"publisher\":{\"@id\":\"https:\\\/\\\/www.editorialclaret.cat\\\/#organization\"},\"potentialAction\":[{\"@type\":\"SearchAction\",\"target\":{\"@type\":\"EntryPoint\",\"urlTemplate\":\"https:\\\/\\\/www.editorialclaret.cat\\\/?s={search_term_string}\"},\"query-input\":{\"@type\":\"PropertyValueSpecification\",\"valueRequired\":true,\"valueName\":\"search_term_string\"}}],\"inLanguage\":\"es\"},{\"@type\":\"Organization\",\"@id\":\"https:\\\/\\\/www.editorialclaret.cat\\\/#organization\",\"name\":\"Editorial Claret\",\"url\":\"https:\\\/\\\/www.editorialclaret.cat\\\/\",\"logo\":{\"@type\":\"ImageObject\",\"inLanguage\":\"es\",\"@id\":\"https:\\\/\\\/www.editorialclaret.cat\\\/#\\\/schema\\\/logo\\\/image\\\/\",\"url\":\"https:\\\/\\\/www.editorialclaret.cat\\\/wp-content\\\/uploads\\\/.\\\/logo-claret.png\",\"contentUrl\":\"https:\\\/\\\/www.editorialclaret.cat\\\/wp-content\\\/uploads\\\/.\\\/logo-claret.png\",\"width\":194,\"height\":79,\"caption\":\"Editorial Claret\"},\"image\":{\"@id\":\"https:\\\/\\\/www.editorialclaret.cat\\\/#\\\/schema\\\/logo\\\/image\\\/\"}}]}<\/script>\n<!-- \/ Yoast SEO plugin. -->","yoast_head_json":{"title":"Editorial Claret","robots":{"index":"noindex","follow":"follow","max-snippet":"max-snippet:-1","max-image-preview":"max-image-preview:large","max-video-preview":"max-video-preview:-1"},"og_locale":"es_ES","og_type":"article","og_title":"SAN FELIPE NERI - Editorial Claret","og_description":"ORATORIO DE SAN FELIPE NERI DE ALBACETE","og_url":"https:\/\/www.editorialclaret.cat\/producte\/san-felipe-neri-8482972537\/","og_site_name":"Editorial Claret","article_modified_time":"2024-05-22T09:13:03+00:00","twitter_card":"summary_large_image","twitter_misc":{"Tiempo de lectura":"1 minuto"},"schema":{"@context":"https:\/\/schema.org","@graph":[{"@type":"WebPage","@id":"https:\/\/www.editorialclaret.cat\/producte\/san-felipe-neri-8482972537\/","url":"https:\/\/www.editorialclaret.cat\/producte\/san-felipe-neri-8482972537\/","name":"SAN FELIPE NERI - Editorial Claret","isPartOf":{"@id":"https:\/\/www.editorialclaret.cat\/#website"},"datePublished":"2022-12-02T10:23:38+00:00","dateModified":"2024-05-22T09:13:03+00:00","breadcrumb":{"@id":"https:\/\/www.editorialclaret.cat\/producte\/san-felipe-neri-8482972537\/#breadcrumb"},"inLanguage":"es","potentialAction":[{"@type":"ReadAction","target":["https:\/\/www.editorialclaret.cat\/producte\/san-felipe-neri-8482972537\/"]}]},{"@type":"BreadcrumbList","@id":"https:\/\/www.editorialclaret.cat\/producte\/san-felipe-neri-8482972537\/#breadcrumb","itemListElement":[{"@type":"ListItem","position":1,"name":"Portada","item":"https:\/\/www.editorialclaret.cat\/es\/"},{"@type":"ListItem","position":2,"name":"Botiga","item":"https:\/\/www.editorialclaret.cat\/?page_id=16"},{"@type":"ListItem","position":3,"name":"SAN FELIPE NERI"}]},{"@type":"WebSite","@id":"https:\/\/www.editorialclaret.cat\/#website","url":"https:\/\/www.editorialclaret.cat\/","name":"Editorial Claret","description":"","publisher":{"@id":"https:\/\/www.editorialclaret.cat\/#organization"},"potentialAction":[{"@type":"SearchAction","target":{"@type":"EntryPoint","urlTemplate":"https:\/\/www.editorialclaret.cat\/?s={search_term_string}"},"query-input":{"@type":"PropertyValueSpecification","valueRequired":true,"valueName":"search_term_string"}}],"inLanguage":"es"},{"@type":"Organization","@id":"https:\/\/www.editorialclaret.cat\/#organization","name":"Editorial Claret","url":"https:\/\/www.editorialclaret.cat\/","logo":{"@type":"ImageObject","inLanguage":"es","@id":"https:\/\/www.editorialclaret.cat\/#\/schema\/logo\/image\/","url":"https:\/\/www.editorialclaret.cat\/wp-content\/uploads\/.\/logo-claret.png","contentUrl":"https:\/\/www.editorialclaret.cat\/wp-content\/uploads\/.\/logo-claret.png","width":194,"height":79,"caption":"Editorial Claret"},"image":{"@id":"https:\/\/www.editorialclaret.cat\/#\/schema\/logo\/image\/"}}]}},"_links":{"self":[{"href":"https:\/\/www.editorialclaret.cat\/es\/wp-json\/wp\/v2\/product\/49907","targetHints":{"allow":["GET"]}}],"collection":[{"href":"https:\/\/www.editorialclaret.cat\/es\/wp-json\/wp\/v2\/product"}],"about":[{"href":"https:\/\/www.editorialclaret.cat\/es\/wp-json\/wp\/v2\/types\/product"}],"wp:attachment":[{"href":"https:\/\/www.editorialclaret.cat\/es\/wp-json\/wp\/v2\/media?parent=49907"}],"wp:term":[{"taxonomy":"product_brand","embeddable":true,"href":"https:\/\/www.editorialclaret.cat\/es\/wp-json\/wp\/v2\/product_brand?post=49907"},{"taxonomy":"product_cat","embeddable":true,"href":"https:\/\/www.editorialclaret.cat\/es\/wp-json\/wp\/v2\/product_cat?post=49907"},{"taxonomy":"product_tag","embeddable":true,"href":"https:\/\/www.editorialclaret.cat\/es\/wp-json\/wp\/v2\/product_tag?post=49907"}],"curies":[{"name":"wp","href":"https:\/\/api.w.org\/{rel}","templated":true}]}}