{"id":48887,"date":"2022-11-07T08:02:02","date_gmt":"2022-11-07T07:02:02","guid":{"rendered":"http:\/\/dev.editorialclaret.cat\/producte\/toni-el-petit-lladregot\/"},"modified":"2024-05-22T11:23:52","modified_gmt":"2024-05-22T09:23:52","slug":"toni-el-petit-lladregot-8482974122","status":"publish","type":"product","link":"https:\/\/www.editorialclaret.cat\/es\/producto\/toni-el-petit-lladregot-8482974122\/","title":{"rendered":"TONI, EL PETIT LLADREGOT"},"content":{"rendered":"<p>La hist\u00f2ria del petit lladregot Toni \u00e9s un conte destinat a adults, joves i infants. Els lectors, en un moment o altre de la lectura, se sentiran identificats amb el nostre protagonista.<br \/>Un conte que \u00e9s un curs de fe on els fonaments es miren d&#8217;inculcar amb grans dosis de tendresa.<br \/>Qu\u00e8 significa ser cristi\u00e0, qu\u00e8 significa el Regne, qu\u00e8 significa estimar D\u00e9u Pare i ser estimat per aquest D\u00e9u Pare.<br \/>Aquest rei del conte realment existeix!<br \/>Toni, el petit lladregot, es desperta un dia en un castell.<br \/>La sorpresa \u00e9s maj\u00fascula. Alg\u00fa l&#8217;ha alliberat de la cova on els lladres l&#8217;havien tancat. Aquest despertar \u00e9s el comen\u00e7ament de l&#8217;aventura que en Toni viur\u00e0, ara com a fill del rei que l&#8217;ha alliberat.<br \/>El castell \u00e9s molt diferent que cals lladres, per\u00f2 d&#8217;aventures i emocions no en faltaran&#8230; En Toni, juntament amb el fill del rei, viur\u00e0 experi\u00e8ncies sorprenents i colpidores.<br \/>La hist\u00f2ria del petit lladregot Toni \u00e9s un conte destinat a adults, joves i infants. Els lectors, en un moment o altre de la lectura, se sentiran identificats amb el nostre protagonista.<br \/>Qu\u00e8 significa ser cristi\u00e0, qu\u00e8 significa el Regne, qu\u00e8 significa estimar D\u00e9u Pare i ser estimat per aquest D\u00e9u Pare.<br \/>Aquest rei del conte, realment existeix!<br \/>Un conte que \u00e9s un curs de fe on els fonaments es miren d&#8217;inculcar amb grans dosis de tendresa.<br \/>L&#8217;autora, membre de la Comunitat Emmanuel de Ravensburg, ha fet arribar la joia de con\u00e8ixer D\u00e9u Pare a milers de persones a trav\u00e9s d&#8217;aquesta petita obra, commovedora i tendra.<\/p>\n","protected":false},"excerpt":{"rendered":"<p>MARC, URSULA<\/p>\n","protected":false},"featured_media":48888,"template":"","meta":{"_acf_changed":false,"rs_blank_template":"","rs_page_bg_color":"","slide_template_v7":"","inline_featured_image":false,"_monsterinsights_skip_tracking":false,"_monsterinsights_sitenote_active":false,"_monsterinsights_sitenote_note":"","_monsterinsights_sitenote_category":0},"product_brand":[],"product_cat":[1107,870,1208,971],"product_tag":[],"class_list":{"0":"post-48887","1":"product","2":"type-product","3":"status-publish","4":"has-post-thumbnail","6":"product_cat-lecturas-por-preadolescentes-6-12-anos","7":"product_cat-lectures-per-preadolescents-6-12-anys","8":"product_cat-vida-cotidiana","9":"product_cat-vida-quotidiana","11":"first","12":"outofstock","13":"taxable","14":"shipping-taxable","15":"purchasable","16":"product-type-simple"},"acf":{"autor":"MARC, URSULA","codart":"848297412","libros-coleccion":"Festa","ediciones":"1","encuadernacion":"R\u00fastica","fecha_de_publicacion":"01\/02\/2000","novedad":"0","paginas":"88","subtitulo":"CATORZE AVENTURES PER A MENUTS I GRANS","orden":"999","portada":"0","idioma":"cat","autores-libros":[{"ID":21642,"post_author":"3","post_date":"2022-10-19 01:40:41","post_date_gmt":"2022-10-18 23:40:41","post_content":"","post_title":"URSULA MARC","post_excerpt":"","post_status":"publish","comment_status":"closed","ping_status":"closed","post_password":"","post_name":"ursula-marc","to_ping":"","pinged":"","post_modified":"2022-10-19 01:40:41","post_modified_gmt":"2022-10-18 23:40:41","post_content_filtered":"","post_parent":0,"guid":"http:\/\/dev.editorialclaret.cat\/autor\/ursula-marc\/","menu_order":0,"post_type":"autor","post_mime_type":"","comment_count":"0","filter":"raw"}]},"yoast_head":"<!-- This site is optimized with the Yoast SEO plugin v27.5 - https:\/\/yoast.com\/product\/yoast-seo-wordpress\/ -->\n<title>Editorial Claret<\/title>\n<meta name=\"robots\" content=\"noindex, follow, max-snippet:-1, max-image-preview:large, max-video-preview:-1\" \/>\n<meta property=\"og:locale\" content=\"es_ES\" \/>\n<meta property=\"og:type\" content=\"article\" \/>\n<meta property=\"og:title\" content=\"TONI, EL PETIT LLADREGOT - Editorial Claret\" \/>\n<meta property=\"og:description\" content=\"MARC, URSULA\" \/>\n<meta property=\"og:url\" content=\"https:\/\/www.editorialclaret.cat\/producte\/toni-el-petit-lladregot-8482974122\/\" \/>\n<meta property=\"og:site_name\" content=\"Editorial Claret\" \/>\n<meta property=\"article:modified_time\" content=\"2024-05-22T09:23:52+00:00\" \/>\n<meta property=\"og:image\" content=\"https:\/\/www.editorialclaret.cat\/wp-content\/uploads\/.\/9788482974125.jpg\" \/>\n\t<meta property=\"og:image:width\" content=\"225\" \/>\n\t<meta property=\"og:image:height\" content=\"225\" \/>\n\t<meta property=\"og:image:type\" content=\"image\/jpeg\" \/>\n<meta name=\"twitter:card\" content=\"summary_large_image\" \/>\n<meta name=\"twitter:label1\" content=\"Tiempo de lectura\" \/>\n\t<meta name=\"twitter:data1\" content=\"1 minuto\" \/>\n<script type=\"application\/ld+json\" class=\"yoast-schema-graph\">{\"@context\":\"https:\\\/\\\/schema.org\",\"@graph\":[{\"@type\":\"WebPage\",\"@id\":\"https:\\\/\\\/www.editorialclaret.cat\\\/producte\\\/toni-el-petit-lladregot-8482974122\\\/\",\"url\":\"https:\\\/\\\/www.editorialclaret.cat\\\/producte\\\/toni-el-petit-lladregot-8482974122\\\/\",\"name\":\"TONI, EL PETIT LLADREGOT - Editorial Claret\",\"isPartOf\":{\"@id\":\"https:\\\/\\\/www.editorialclaret.cat\\\/#website\"},\"primaryImageOfPage\":{\"@id\":\"https:\\\/\\\/www.editorialclaret.cat\\\/producte\\\/toni-el-petit-lladregot-8482974122\\\/#primaryimage\"},\"image\":{\"@id\":\"https:\\\/\\\/www.editorialclaret.cat\\\/producte\\\/toni-el-petit-lladregot-8482974122\\\/#primaryimage\"},\"thumbnailUrl\":\"https:\\\/\\\/www.editorialclaret.cat\\\/wp-content\\\/uploads\\\/.\\\/9788482974125.jpg\",\"datePublished\":\"2022-11-07T07:02:02+00:00\",\"dateModified\":\"2024-05-22T09:23:52+00:00\",\"breadcrumb\":{\"@id\":\"https:\\\/\\\/www.editorialclaret.cat\\\/producte\\\/toni-el-petit-lladregot-8482974122\\\/#breadcrumb\"},\"inLanguage\":\"es\",\"potentialAction\":[{\"@type\":\"ReadAction\",\"target\":[\"https:\\\/\\\/www.editorialclaret.cat\\\/producte\\\/toni-el-petit-lladregot-8482974122\\\/\"]}]},{\"@type\":\"ImageObject\",\"inLanguage\":\"es\",\"@id\":\"https:\\\/\\\/www.editorialclaret.cat\\\/producte\\\/toni-el-petit-lladregot-8482974122\\\/#primaryimage\",\"url\":\"https:\\\/\\\/www.editorialclaret.cat\\\/wp-content\\\/uploads\\\/.\\\/9788482974125.jpg\",\"contentUrl\":\"https:\\\/\\\/www.editorialclaret.cat\\\/wp-content\\\/uploads\\\/.\\\/9788482974125.jpg\",\"width\":225,\"height\":225,\"caption\":\"9788482974125.jpg\"},{\"@type\":\"BreadcrumbList\",\"@id\":\"https:\\\/\\\/www.editorialclaret.cat\\\/producte\\\/toni-el-petit-lladregot-8482974122\\\/#breadcrumb\",\"itemListElement\":[{\"@type\":\"ListItem\",\"position\":1,\"name\":\"Portada\",\"item\":\"https:\\\/\\\/www.editorialclaret.cat\\\/es\\\/\"},{\"@type\":\"ListItem\",\"position\":2,\"name\":\"Botiga\",\"item\":\"https:\\\/\\\/www.editorialclaret.cat\\\/?page_id=16\"},{\"@type\":\"ListItem\",\"position\":3,\"name\":\"TONI, EL PETIT LLADREGOT\"}]},{\"@type\":\"WebSite\",\"@id\":\"https:\\\/\\\/www.editorialclaret.cat\\\/#website\",\"url\":\"https:\\\/\\\/www.editorialclaret.cat\\\/\",\"name\":\"Editorial Claret\",\"description\":\"\",\"publisher\":{\"@id\":\"https:\\\/\\\/www.editorialclaret.cat\\\/#organization\"},\"potentialAction\":[{\"@type\":\"SearchAction\",\"target\":{\"@type\":\"EntryPoint\",\"urlTemplate\":\"https:\\\/\\\/www.editorialclaret.cat\\\/?s={search_term_string}\"},\"query-input\":{\"@type\":\"PropertyValueSpecification\",\"valueRequired\":true,\"valueName\":\"search_term_string\"}}],\"inLanguage\":\"es\"},{\"@type\":\"Organization\",\"@id\":\"https:\\\/\\\/www.editorialclaret.cat\\\/#organization\",\"name\":\"Editorial Claret\",\"url\":\"https:\\\/\\\/www.editorialclaret.cat\\\/\",\"logo\":{\"@type\":\"ImageObject\",\"inLanguage\":\"es\",\"@id\":\"https:\\\/\\\/www.editorialclaret.cat\\\/#\\\/schema\\\/logo\\\/image\\\/\",\"url\":\"https:\\\/\\\/www.editorialclaret.cat\\\/wp-content\\\/uploads\\\/.\\\/logo-claret.png\",\"contentUrl\":\"https:\\\/\\\/www.editorialclaret.cat\\\/wp-content\\\/uploads\\\/.\\\/logo-claret.png\",\"width\":194,\"height\":79,\"caption\":\"Editorial Claret\"},\"image\":{\"@id\":\"https:\\\/\\\/www.editorialclaret.cat\\\/#\\\/schema\\\/logo\\\/image\\\/\"}}]}<\/script>\n<!-- \/ Yoast SEO plugin. -->","yoast_head_json":{"title":"Editorial Claret","robots":{"index":"noindex","follow":"follow","max-snippet":"max-snippet:-1","max-image-preview":"max-image-preview:large","max-video-preview":"max-video-preview:-1"},"og_locale":"es_ES","og_type":"article","og_title":"TONI, EL PETIT LLADREGOT - Editorial Claret","og_description":"MARC, URSULA","og_url":"https:\/\/www.editorialclaret.cat\/producte\/toni-el-petit-lladregot-8482974122\/","og_site_name":"Editorial Claret","article_modified_time":"2024-05-22T09:23:52+00:00","og_image":[{"width":225,"height":225,"url":"https:\/\/www.editorialclaret.cat\/wp-content\/uploads\/.\/9788482974125.jpg","type":"image\/jpeg"}],"twitter_card":"summary_large_image","twitter_misc":{"Tiempo de lectura":"1 minuto"},"schema":{"@context":"https:\/\/schema.org","@graph":[{"@type":"WebPage","@id":"https:\/\/www.editorialclaret.cat\/producte\/toni-el-petit-lladregot-8482974122\/","url":"https:\/\/www.editorialclaret.cat\/producte\/toni-el-petit-lladregot-8482974122\/","name":"TONI, EL PETIT LLADREGOT - Editorial Claret","isPartOf":{"@id":"https:\/\/www.editorialclaret.cat\/#website"},"primaryImageOfPage":{"@id":"https:\/\/www.editorialclaret.cat\/producte\/toni-el-petit-lladregot-8482974122\/#primaryimage"},"image":{"@id":"https:\/\/www.editorialclaret.cat\/producte\/toni-el-petit-lladregot-8482974122\/#primaryimage"},"thumbnailUrl":"https:\/\/www.editorialclaret.cat\/wp-content\/uploads\/.\/9788482974125.jpg","datePublished":"2022-11-07T07:02:02+00:00","dateModified":"2024-05-22T09:23:52+00:00","breadcrumb":{"@id":"https:\/\/www.editorialclaret.cat\/producte\/toni-el-petit-lladregot-8482974122\/#breadcrumb"},"inLanguage":"es","potentialAction":[{"@type":"ReadAction","target":["https:\/\/www.editorialclaret.cat\/producte\/toni-el-petit-lladregot-8482974122\/"]}]},{"@type":"ImageObject","inLanguage":"es","@id":"https:\/\/www.editorialclaret.cat\/producte\/toni-el-petit-lladregot-8482974122\/#primaryimage","url":"https:\/\/www.editorialclaret.cat\/wp-content\/uploads\/.\/9788482974125.jpg","contentUrl":"https:\/\/www.editorialclaret.cat\/wp-content\/uploads\/.\/9788482974125.jpg","width":225,"height":225,"caption":"9788482974125.jpg"},{"@type":"BreadcrumbList","@id":"https:\/\/www.editorialclaret.cat\/producte\/toni-el-petit-lladregot-8482974122\/#breadcrumb","itemListElement":[{"@type":"ListItem","position":1,"name":"Portada","item":"https:\/\/www.editorialclaret.cat\/es\/"},{"@type":"ListItem","position":2,"name":"Botiga","item":"https:\/\/www.editorialclaret.cat\/?page_id=16"},{"@type":"ListItem","position":3,"name":"TONI, EL PETIT LLADREGOT"}]},{"@type":"WebSite","@id":"https:\/\/www.editorialclaret.cat\/#website","url":"https:\/\/www.editorialclaret.cat\/","name":"Editorial Claret","description":"","publisher":{"@id":"https:\/\/www.editorialclaret.cat\/#organization"},"potentialAction":[{"@type":"SearchAction","target":{"@type":"EntryPoint","urlTemplate":"https:\/\/www.editorialclaret.cat\/?s={search_term_string}"},"query-input":{"@type":"PropertyValueSpecification","valueRequired":true,"valueName":"search_term_string"}}],"inLanguage":"es"},{"@type":"Organization","@id":"https:\/\/www.editorialclaret.cat\/#organization","name":"Editorial Claret","url":"https:\/\/www.editorialclaret.cat\/","logo":{"@type":"ImageObject","inLanguage":"es","@id":"https:\/\/www.editorialclaret.cat\/#\/schema\/logo\/image\/","url":"https:\/\/www.editorialclaret.cat\/wp-content\/uploads\/.\/logo-claret.png","contentUrl":"https:\/\/www.editorialclaret.cat\/wp-content\/uploads\/.\/logo-claret.png","width":194,"height":79,"caption":"Editorial Claret"},"image":{"@id":"https:\/\/www.editorialclaret.cat\/#\/schema\/logo\/image\/"}}]}},"_links":{"self":[{"href":"https:\/\/www.editorialclaret.cat\/es\/wp-json\/wp\/v2\/product\/48887","targetHints":{"allow":["GET"]}}],"collection":[{"href":"https:\/\/www.editorialclaret.cat\/es\/wp-json\/wp\/v2\/product"}],"about":[{"href":"https:\/\/www.editorialclaret.cat\/es\/wp-json\/wp\/v2\/types\/product"}],"wp:featuredmedia":[{"embeddable":true,"href":"https:\/\/www.editorialclaret.cat\/es\/wp-json\/wp\/v2\/media\/48888"}],"wp:attachment":[{"href":"https:\/\/www.editorialclaret.cat\/es\/wp-json\/wp\/v2\/media?parent=48887"}],"wp:term":[{"taxonomy":"product_brand","embeddable":true,"href":"https:\/\/www.editorialclaret.cat\/es\/wp-json\/wp\/v2\/product_brand?post=48887"},{"taxonomy":"product_cat","embeddable":true,"href":"https:\/\/www.editorialclaret.cat\/es\/wp-json\/wp\/v2\/product_cat?post=48887"},{"taxonomy":"product_tag","embeddable":true,"href":"https:\/\/www.editorialclaret.cat\/es\/wp-json\/wp\/v2\/product_tag?post=48887"}],"curies":[{"name":"wp","href":"https:\/\/api.w.org\/{rel}","templated":true}]}}