{"id":48863,"date":"2022-11-07T08:01:37","date_gmt":"2022-11-07T07:01:37","guid":{"rendered":"http:\/\/dev.editorialclaret.cat\/producte\/jesus-hijo-de-maria-en-el-coran-y-el-evangelio\/"},"modified":"2025-04-14T10:55:51","modified_gmt":"2025-04-14T08:55:51","slug":"jesus-hijo-de-maria-en-el-coran-y-el-evangelio-8482974165","status":"publish","type":"product","link":"https:\/\/www.editorialclaret.cat\/es\/producto\/jesus-hijo-de-maria-en-el-coran-y-el-evangelio-8482974165\/","title":{"rendered":"JES\u00daS HIJO DE MARIA, EN EL CORAN Y EL EVANGELIO"},"content":{"rendered":"<p>Este libro es una invitaci\u00f3n a musulmanes y cristianos para entablar un di\u00e1logo constructivo y libre de todo prejuicio. Un encuentro de esta \u00edndole producir\u00e1 frutos abundantes en el campo de la amistad y la fraternidad entre los seguidores de las dos mayores religiones monote\u00edstas del mundo. Por eso, lejos de toda intenci\u00f3n pol\u00e9mica, el autor ha tratado de presentar la persona de Jes\u00fas, Hijo de Mar\u00eda, tal como aparece en el Cor\u00e1n, y mostrarla tanto a musulmanes como a cristianos. A los primeros les servir\u00e1 para recordarles los datos tradicionales de su fe en Jes\u00fas; a los segundos les har\u00e1 comprender que los que hasta ahora han sido considerados enemigos mortales pueden ser sus amigos, que luchan y viven por un mismo ideal.<br \/>El autor, religioso franciscano, autor de una gram\u00e1tica \u00e1rabe que cuenta con numerosas ediciones, lleva cerca de medio siglo viviendo ininterrumpidamente en Israel.<\/p>\n","protected":false},"excerpt":{"rendered":"<p>RILOBA ALCALDE, FORTUNATO<\/p>\n","protected":false},"featured_media":48864,"template":"","meta":{"_acf_changed":false,"rs_blank_template":"","rs_page_bg_color":"","slide_template_v7":"","inline_featured_image":false,"_monsterinsights_skip_tracking":false,"_monsterinsights_sitenote_active":false,"_monsterinsights_sitenote_note":"","_monsterinsights_sitenote_category":0},"product_brand":[],"product_cat":[829,1066,1069,832],"product_tag":[],"class_list":{"0":"post-48863","1":"product","2":"type-product","3":"status-publish","4":"has-post-thumbnail","6":"product_cat-cristologia","7":"product_cat-cristologia-espiritualidad","8":"product_cat-religiones","9":"product_cat-religions","11":"first","12":"instock","13":"taxable","14":"shipping-taxable","15":"purchasable","16":"product-type-simple"},"acf":{"autor":"RILOBA ALCALDE, FORTUNATO","codart":"848297416","libros-coleccion":"PUNTO DE ENCUENTRO","ediciones":"1","encuadernacion":"R\u00fastica","fecha_de_publicacion":"01\/04\/2000","novedad":"0","paginas":"336","subtitulo":"BASES PARA UN DI\u00c1LOGO ISLAMO-CRISTIANO","orden":"999","portada":"0","idioma":"spa","autores-libros":[{"ID":14888,"post_author":"3","post_date":"2022-10-19 00:55:15","post_date_gmt":"2022-10-18 22:55:15","post_content":"","post_title":"FORTUNATO RILOBA ALCALDE","post_excerpt":"","post_status":"publish","comment_status":"closed","ping_status":"closed","post_password":"","post_name":"fortunato-riloba-alcalde","to_ping":"","pinged":"","post_modified":"2022-10-19 00:55:15","post_modified_gmt":"2022-10-18 22:55:15","post_content_filtered":"","post_parent":0,"guid":"http:\/\/dev.editorialclaret.cat\/autor\/fortunato-riloba-alcalde\/","menu_order":0,"post_type":"autor","post_mime_type":"","comment_count":"0","filter":"raw"}],"booktrailer":"","resenas":""},"yoast_head":"<!-- This site is optimized with the Yoast SEO plugin v27.3 - https:\/\/yoast.com\/product\/yoast-seo-wordpress\/ -->\n<title>Editorial Claret<\/title>\n<meta name=\"robots\" content=\"noindex, follow, max-snippet:-1, max-image-preview:large, max-video-preview:-1\" \/>\n<meta property=\"og:locale\" content=\"es_ES\" \/>\n<meta property=\"og:type\" content=\"article\" \/>\n<meta property=\"og:title\" content=\"JES\u00daS HIJO DE MARIA, EN EL CORAN Y EL EVANGELIO - Editorial Claret\" \/>\n<meta property=\"og:description\" content=\"RILOBA ALCALDE, FORTUNATO\" \/>\n<meta property=\"og:url\" content=\"https:\/\/www.editorialclaret.cat\/producte\/jesus-hijo-de-maria-en-el-coran-y-el-evangelio-8482974165\/\" \/>\n<meta property=\"og:site_name\" content=\"Editorial Claret\" \/>\n<meta property=\"article:modified_time\" content=\"2025-04-14T08:55:51+00:00\" \/>\n<meta property=\"og:image\" content=\"https:\/\/www.editorialclaret.cat\/wp-content\/uploads\/.\/9788482974163.jpg\" \/>\n\t<meta property=\"og:image:width\" content=\"221\" \/>\n\t<meta property=\"og:image:height\" content=\"345\" \/>\n\t<meta property=\"og:image:type\" content=\"image\/jpeg\" \/>\n<meta name=\"twitter:card\" content=\"summary_large_image\" \/>\n<meta name=\"twitter:label1\" content=\"Tiempo de lectura\" \/>\n\t<meta name=\"twitter:data1\" content=\"1 minuto\" \/>\n<script type=\"application\/ld+json\" class=\"yoast-schema-graph\">{\"@context\":\"https:\\\/\\\/schema.org\",\"@graph\":[{\"@type\":\"WebPage\",\"@id\":\"https:\\\/\\\/www.editorialclaret.cat\\\/producte\\\/jesus-hijo-de-maria-en-el-coran-y-el-evangelio-8482974165\\\/\",\"url\":\"https:\\\/\\\/www.editorialclaret.cat\\\/producte\\\/jesus-hijo-de-maria-en-el-coran-y-el-evangelio-8482974165\\\/\",\"name\":\"JES\u00daS HIJO DE MARIA, EN EL CORAN Y EL EVANGELIO - Editorial Claret\",\"isPartOf\":{\"@id\":\"https:\\\/\\\/www.editorialclaret.cat\\\/#website\"},\"primaryImageOfPage\":{\"@id\":\"https:\\\/\\\/www.editorialclaret.cat\\\/producte\\\/jesus-hijo-de-maria-en-el-coran-y-el-evangelio-8482974165\\\/#primaryimage\"},\"image\":{\"@id\":\"https:\\\/\\\/www.editorialclaret.cat\\\/producte\\\/jesus-hijo-de-maria-en-el-coran-y-el-evangelio-8482974165\\\/#primaryimage\"},\"thumbnailUrl\":\"https:\\\/\\\/www.editorialclaret.cat\\\/wp-content\\\/uploads\\\/.\\\/9788482974163.jpg\",\"datePublished\":\"2022-11-07T07:01:37+00:00\",\"dateModified\":\"2025-04-14T08:55:51+00:00\",\"breadcrumb\":{\"@id\":\"https:\\\/\\\/www.editorialclaret.cat\\\/producte\\\/jesus-hijo-de-maria-en-el-coran-y-el-evangelio-8482974165\\\/#breadcrumb\"},\"inLanguage\":\"es\",\"potentialAction\":[{\"@type\":\"ReadAction\",\"target\":[\"https:\\\/\\\/www.editorialclaret.cat\\\/producte\\\/jesus-hijo-de-maria-en-el-coran-y-el-evangelio-8482974165\\\/\"]}]},{\"@type\":\"ImageObject\",\"inLanguage\":\"es\",\"@id\":\"https:\\\/\\\/www.editorialclaret.cat\\\/producte\\\/jesus-hijo-de-maria-en-el-coran-y-el-evangelio-8482974165\\\/#primaryimage\",\"url\":\"https:\\\/\\\/www.editorialclaret.cat\\\/wp-content\\\/uploads\\\/.\\\/9788482974163.jpg\",\"contentUrl\":\"https:\\\/\\\/www.editorialclaret.cat\\\/wp-content\\\/uploads\\\/.\\\/9788482974163.jpg\",\"width\":221,\"height\":345,\"caption\":\"9788482974163.jpg\"},{\"@type\":\"BreadcrumbList\",\"@id\":\"https:\\\/\\\/www.editorialclaret.cat\\\/producte\\\/jesus-hijo-de-maria-en-el-coran-y-el-evangelio-8482974165\\\/#breadcrumb\",\"itemListElement\":[{\"@type\":\"ListItem\",\"position\":1,\"name\":\"Portada\",\"item\":\"https:\\\/\\\/www.editorialclaret.cat\\\/es\\\/\"},{\"@type\":\"ListItem\",\"position\":2,\"name\":\"Botiga\",\"item\":\"https:\\\/\\\/www.editorialclaret.cat\\\/?page_id=16\"},{\"@type\":\"ListItem\",\"position\":3,\"name\":\"JES\u00daS HIJO DE MARIA, EN EL CORAN Y EL EVANGELIO\"}]},{\"@type\":\"WebSite\",\"@id\":\"https:\\\/\\\/www.editorialclaret.cat\\\/#website\",\"url\":\"https:\\\/\\\/www.editorialclaret.cat\\\/\",\"name\":\"Editorial Claret\",\"description\":\"\",\"publisher\":{\"@id\":\"https:\\\/\\\/www.editorialclaret.cat\\\/#organization\"},\"potentialAction\":[{\"@type\":\"SearchAction\",\"target\":{\"@type\":\"EntryPoint\",\"urlTemplate\":\"https:\\\/\\\/www.editorialclaret.cat\\\/?s={search_term_string}\"},\"query-input\":{\"@type\":\"PropertyValueSpecification\",\"valueRequired\":true,\"valueName\":\"search_term_string\"}}],\"inLanguage\":\"es\"},{\"@type\":\"Organization\",\"@id\":\"https:\\\/\\\/www.editorialclaret.cat\\\/#organization\",\"name\":\"Editorial Claret\",\"url\":\"https:\\\/\\\/www.editorialclaret.cat\\\/\",\"logo\":{\"@type\":\"ImageObject\",\"inLanguage\":\"es\",\"@id\":\"https:\\\/\\\/www.editorialclaret.cat\\\/#\\\/schema\\\/logo\\\/image\\\/\",\"url\":\"https:\\\/\\\/www.editorialclaret.cat\\\/wp-content\\\/uploads\\\/.\\\/logo-claret.png\",\"contentUrl\":\"https:\\\/\\\/www.editorialclaret.cat\\\/wp-content\\\/uploads\\\/.\\\/logo-claret.png\",\"width\":194,\"height\":79,\"caption\":\"Editorial Claret\"},\"image\":{\"@id\":\"https:\\\/\\\/www.editorialclaret.cat\\\/#\\\/schema\\\/logo\\\/image\\\/\"}}]}<\/script>\n<!-- \/ Yoast SEO plugin. -->","yoast_head_json":{"title":"Editorial Claret","robots":{"index":"noindex","follow":"follow","max-snippet":"max-snippet:-1","max-image-preview":"max-image-preview:large","max-video-preview":"max-video-preview:-1"},"og_locale":"es_ES","og_type":"article","og_title":"JES\u00daS HIJO DE MARIA, EN EL CORAN Y EL EVANGELIO - Editorial Claret","og_description":"RILOBA ALCALDE, FORTUNATO","og_url":"https:\/\/www.editorialclaret.cat\/producte\/jesus-hijo-de-maria-en-el-coran-y-el-evangelio-8482974165\/","og_site_name":"Editorial Claret","article_modified_time":"2025-04-14T08:55:51+00:00","og_image":[{"width":221,"height":345,"url":"https:\/\/www.editorialclaret.cat\/wp-content\/uploads\/.\/9788482974163.jpg","type":"image\/jpeg"}],"twitter_card":"summary_large_image","twitter_misc":{"Tiempo de lectura":"1 minuto"},"schema":{"@context":"https:\/\/schema.org","@graph":[{"@type":"WebPage","@id":"https:\/\/www.editorialclaret.cat\/producte\/jesus-hijo-de-maria-en-el-coran-y-el-evangelio-8482974165\/","url":"https:\/\/www.editorialclaret.cat\/producte\/jesus-hijo-de-maria-en-el-coran-y-el-evangelio-8482974165\/","name":"JES\u00daS HIJO DE MARIA, EN EL CORAN Y EL EVANGELIO - Editorial Claret","isPartOf":{"@id":"https:\/\/www.editorialclaret.cat\/#website"},"primaryImageOfPage":{"@id":"https:\/\/www.editorialclaret.cat\/producte\/jesus-hijo-de-maria-en-el-coran-y-el-evangelio-8482974165\/#primaryimage"},"image":{"@id":"https:\/\/www.editorialclaret.cat\/producte\/jesus-hijo-de-maria-en-el-coran-y-el-evangelio-8482974165\/#primaryimage"},"thumbnailUrl":"https:\/\/www.editorialclaret.cat\/wp-content\/uploads\/.\/9788482974163.jpg","datePublished":"2022-11-07T07:01:37+00:00","dateModified":"2025-04-14T08:55:51+00:00","breadcrumb":{"@id":"https:\/\/www.editorialclaret.cat\/producte\/jesus-hijo-de-maria-en-el-coran-y-el-evangelio-8482974165\/#breadcrumb"},"inLanguage":"es","potentialAction":[{"@type":"ReadAction","target":["https:\/\/www.editorialclaret.cat\/producte\/jesus-hijo-de-maria-en-el-coran-y-el-evangelio-8482974165\/"]}]},{"@type":"ImageObject","inLanguage":"es","@id":"https:\/\/www.editorialclaret.cat\/producte\/jesus-hijo-de-maria-en-el-coran-y-el-evangelio-8482974165\/#primaryimage","url":"https:\/\/www.editorialclaret.cat\/wp-content\/uploads\/.\/9788482974163.jpg","contentUrl":"https:\/\/www.editorialclaret.cat\/wp-content\/uploads\/.\/9788482974163.jpg","width":221,"height":345,"caption":"9788482974163.jpg"},{"@type":"BreadcrumbList","@id":"https:\/\/www.editorialclaret.cat\/producte\/jesus-hijo-de-maria-en-el-coran-y-el-evangelio-8482974165\/#breadcrumb","itemListElement":[{"@type":"ListItem","position":1,"name":"Portada","item":"https:\/\/www.editorialclaret.cat\/es\/"},{"@type":"ListItem","position":2,"name":"Botiga","item":"https:\/\/www.editorialclaret.cat\/?page_id=16"},{"@type":"ListItem","position":3,"name":"JES\u00daS HIJO DE MARIA, EN EL CORAN Y EL EVANGELIO"}]},{"@type":"WebSite","@id":"https:\/\/www.editorialclaret.cat\/#website","url":"https:\/\/www.editorialclaret.cat\/","name":"Editorial Claret","description":"","publisher":{"@id":"https:\/\/www.editorialclaret.cat\/#organization"},"potentialAction":[{"@type":"SearchAction","target":{"@type":"EntryPoint","urlTemplate":"https:\/\/www.editorialclaret.cat\/?s={search_term_string}"},"query-input":{"@type":"PropertyValueSpecification","valueRequired":true,"valueName":"search_term_string"}}],"inLanguage":"es"},{"@type":"Organization","@id":"https:\/\/www.editorialclaret.cat\/#organization","name":"Editorial Claret","url":"https:\/\/www.editorialclaret.cat\/","logo":{"@type":"ImageObject","inLanguage":"es","@id":"https:\/\/www.editorialclaret.cat\/#\/schema\/logo\/image\/","url":"https:\/\/www.editorialclaret.cat\/wp-content\/uploads\/.\/logo-claret.png","contentUrl":"https:\/\/www.editorialclaret.cat\/wp-content\/uploads\/.\/logo-claret.png","width":194,"height":79,"caption":"Editorial Claret"},"image":{"@id":"https:\/\/www.editorialclaret.cat\/#\/schema\/logo\/image\/"}}]}},"_links":{"self":[{"href":"https:\/\/www.editorialclaret.cat\/es\/wp-json\/wp\/v2\/product\/48863","targetHints":{"allow":["GET"]}}],"collection":[{"href":"https:\/\/www.editorialclaret.cat\/es\/wp-json\/wp\/v2\/product"}],"about":[{"href":"https:\/\/www.editorialclaret.cat\/es\/wp-json\/wp\/v2\/types\/product"}],"wp:featuredmedia":[{"embeddable":true,"href":"https:\/\/www.editorialclaret.cat\/es\/wp-json\/wp\/v2\/media\/48864"}],"wp:attachment":[{"href":"https:\/\/www.editorialclaret.cat\/es\/wp-json\/wp\/v2\/media?parent=48863"}],"wp:term":[{"taxonomy":"product_brand","embeddable":true,"href":"https:\/\/www.editorialclaret.cat\/es\/wp-json\/wp\/v2\/product_brand?post=48863"},{"taxonomy":"product_cat","embeddable":true,"href":"https:\/\/www.editorialclaret.cat\/es\/wp-json\/wp\/v2\/product_cat?post=48863"},{"taxonomy":"product_tag","embeddable":true,"href":"https:\/\/www.editorialclaret.cat\/es\/wp-json\/wp\/v2\/product_tag?post=48863"}],"curies":[{"name":"wp","href":"https:\/\/api.w.org\/{rel}","templated":true}]}}