{"id":48755,"date":"2022-11-07T07:59:35","date_gmt":"2022-11-07T06:59:35","guid":{"rendered":"http:\/\/dev.editorialclaret.cat\/producte\/culte-i-iconografia-de-sant-marti-a-catalunya\/"},"modified":"2025-02-14T17:06:15","modified_gmt":"2025-02-14T16:06:15","slug":"culte-i-iconografia-de-sant-marti-a-catalunya","status":"publish","type":"product","link":"https:\/\/www.editorialclaret.cat\/es\/producto\/culte-i-iconografia-de-sant-marti-a-catalunya\/","title":{"rendered":"CULTE I ICONOGRAFIA DE SANT MART\u00cd A CATALUNYA"},"content":{"rendered":"<p>El culte de Sant Mart\u00ed va ser molt important a tot Europa i a la ciutat de Tours se LI va construir una bas\u00edlica que va ser la m\u00e9s gran d\u2019occident fins a l\u2019\u00e8poca de l\u2019imperi de Carlemany. Pel que fa a Catalunya la devoci\u00f3 a Sant Mart\u00ed adquir\u00ed una gran import\u00e0ncia des de l\u2019\u00e8poca visig\u00f2tica. El seu culte, sobretot a la zona de la Catalunya vella, i especialment als bisbats de Girona, Elna, Perpiny\u00e0 o Solsona, va superar el de Santa Maria. Sant Mart\u00ed va ser el primer sant venerat sense ser m\u00e0rtir i hi havia diverses festes i tradicions lligades al seu culte. La iconografia \u00e9s molt rica i les representacions pict\u00f2riques, escult\u00f2riques, vidrieres, mosaics, tapissos,<br \/>miniatures, han estat m\u00faltiples en les diferents etapes de la historia de l\u2019art, des del segle VI fins el segle XIX. L\u2019estudi del frontal de Sant Mart\u00ed de Puigbo, prop de Gombren, actualment en el Museu Episcopal de Vic, ens endinsa en l&#8217;extraordin\u00e0ria riquesa de la simbologia religiosa durant l\u2019\u00e8poca medieval i \u00e9s un exemple de la qualitat de la pintura rom\u00e0nica catalana.<\/p>\n","protected":false},"excerpt":{"rendered":"<p>RIBAS GARRIGA, ROSA<\/p>\n","protected":false},"featured_media":68114,"template":"","meta":{"_acf_changed":false,"rs_blank_template":"","rs_page_bg_color":"","slide_template_v7":"","inline_featured_image":false,"_monsterinsights_skip_tracking":false,"_monsterinsights_sitenote_active":false,"_monsterinsights_sitenote_note":"","_monsterinsights_sitenote_category":0},"product_brand":[],"product_cat":[16],"product_tag":[],"class_list":{"0":"post-48755","1":"product","2":"type-product","3":"status-publish","4":"has-post-thumbnail","6":"product_cat-sense-categoria","8":"first","9":"instock","10":"taxable","11":"shipping-taxable","12":"purchasable","13":"product-type-simple"},"acf":{"autor":"RIBAS GARRIGA, ROSA","codart":"848297895","libros-coleccion":"","ediciones":"1","encuadernacion":"R\u00fastica","fecha_de_publicacion":"14\/03\/2006","novedad":"0","paginas":"119","subtitulo":"UNA PROPOSTA DID\u00c0CTICA","orden":"999","portada":"0","idioma":"cat","autores-libros":[{"ID":47066,"post_author":"3","post_date":"2022-11-06 20:33:15","post_date_gmt":"2022-11-06 19:33:15","post_content":"","post_title":"ROSA RIBAS GARRIGA","post_excerpt":"","post_status":"publish","comment_status":"closed","ping_status":"closed","post_password":"","post_name":"rosa-ribas-garriga","to_ping":"","pinged":"","post_modified":"2022-11-06 20:33:15","post_modified_gmt":"2022-11-06 19:33:15","post_content_filtered":"","post_parent":0,"guid":"http:\/\/dev.editorialclaret.cat\/autor\/rosa-ribas-garriga\/","menu_order":0,"post_type":"autor","post_mime_type":"","comment_count":"0","filter":"raw"}]},"yoast_head":"<!-- This site is optimized with the Yoast SEO plugin v27.3 - https:\/\/yoast.com\/product\/yoast-seo-wordpress\/ -->\n<title>Editorial Claret<\/title>\n<meta name=\"robots\" content=\"noindex, follow, max-snippet:-1, max-image-preview:large, max-video-preview:-1\" \/>\n<meta property=\"og:locale\" content=\"es_ES\" \/>\n<meta property=\"og:type\" content=\"article\" \/>\n<meta property=\"og:title\" content=\"CULTE I ICONOGRAFIA DE SANT MART\u00cd A CATALUNYA - Editorial Claret\" \/>\n<meta property=\"og:description\" content=\"RIBAS GARRIGA, ROSA\" \/>\n<meta property=\"og:url\" content=\"https:\/\/www.editorialclaret.cat\/producte\/culte-i-iconografia-de-sant-marti-a-catalunya\/\" \/>\n<meta property=\"og:site_name\" content=\"Editorial Claret\" \/>\n<meta property=\"article:modified_time\" content=\"2025-02-14T16:06:15+00:00\" \/>\n<meta property=\"og:image\" content=\"https:\/\/www.editorialclaret.cat\/wp-content\/uploads\/9788482978956-1.jpg\" \/>\n\t<meta property=\"og:image:width\" content=\"244\" \/>\n\t<meta property=\"og:image:height\" content=\"350\" \/>\n\t<meta property=\"og:image:type\" content=\"image\/jpeg\" \/>\n<meta name=\"twitter:card\" content=\"summary_large_image\" \/>\n<meta name=\"twitter:label1\" content=\"Tiempo de lectura\" \/>\n\t<meta name=\"twitter:data1\" content=\"1 minuto\" \/>\n<script type=\"application\/ld+json\" class=\"yoast-schema-graph\">{\"@context\":\"https:\\\/\\\/schema.org\",\"@graph\":[{\"@type\":\"WebPage\",\"@id\":\"https:\\\/\\\/www.editorialclaret.cat\\\/producte\\\/culte-i-iconografia-de-sant-marti-a-catalunya\\\/\",\"url\":\"https:\\\/\\\/www.editorialclaret.cat\\\/producte\\\/culte-i-iconografia-de-sant-marti-a-catalunya\\\/\",\"name\":\"CULTE I ICONOGRAFIA DE SANT MART\u00cd A CATALUNYA - Editorial Claret\",\"isPartOf\":{\"@id\":\"https:\\\/\\\/www.editorialclaret.cat\\\/#website\"},\"primaryImageOfPage\":{\"@id\":\"https:\\\/\\\/www.editorialclaret.cat\\\/producte\\\/culte-i-iconografia-de-sant-marti-a-catalunya\\\/#primaryimage\"},\"image\":{\"@id\":\"https:\\\/\\\/www.editorialclaret.cat\\\/producte\\\/culte-i-iconografia-de-sant-marti-a-catalunya\\\/#primaryimage\"},\"thumbnailUrl\":\"https:\\\/\\\/www.editorialclaret.cat\\\/wp-content\\\/uploads\\\/9788482978956-1.jpg\",\"datePublished\":\"2022-11-07T06:59:35+00:00\",\"dateModified\":\"2025-02-14T16:06:15+00:00\",\"breadcrumb\":{\"@id\":\"https:\\\/\\\/www.editorialclaret.cat\\\/producte\\\/culte-i-iconografia-de-sant-marti-a-catalunya\\\/#breadcrumb\"},\"inLanguage\":\"es\",\"potentialAction\":[{\"@type\":\"ReadAction\",\"target\":[\"https:\\\/\\\/www.editorialclaret.cat\\\/producte\\\/culte-i-iconografia-de-sant-marti-a-catalunya\\\/\"]}]},{\"@type\":\"ImageObject\",\"inLanguage\":\"es\",\"@id\":\"https:\\\/\\\/www.editorialclaret.cat\\\/producte\\\/culte-i-iconografia-de-sant-marti-a-catalunya\\\/#primaryimage\",\"url\":\"https:\\\/\\\/www.editorialclaret.cat\\\/wp-content\\\/uploads\\\/9788482978956-1.jpg\",\"contentUrl\":\"https:\\\/\\\/www.editorialclaret.cat\\\/wp-content\\\/uploads\\\/9788482978956-1.jpg\",\"width\":244,\"height\":350,\"caption\":\"9788482978956.jpg\"},{\"@type\":\"BreadcrumbList\",\"@id\":\"https:\\\/\\\/www.editorialclaret.cat\\\/producte\\\/culte-i-iconografia-de-sant-marti-a-catalunya\\\/#breadcrumb\",\"itemListElement\":[{\"@type\":\"ListItem\",\"position\":1,\"name\":\"Portada\",\"item\":\"https:\\\/\\\/www.editorialclaret.cat\\\/es\\\/\"},{\"@type\":\"ListItem\",\"position\":2,\"name\":\"Botiga\",\"item\":\"https:\\\/\\\/www.editorialclaret.cat\\\/?page_id=16\"},{\"@type\":\"ListItem\",\"position\":3,\"name\":\"CULTE I ICONOGRAFIA DE SANT MART\u00cd A CATALUNYA\"}]},{\"@type\":\"WebSite\",\"@id\":\"https:\\\/\\\/www.editorialclaret.cat\\\/#website\",\"url\":\"https:\\\/\\\/www.editorialclaret.cat\\\/\",\"name\":\"Editorial Claret\",\"description\":\"\",\"publisher\":{\"@id\":\"https:\\\/\\\/www.editorialclaret.cat\\\/#organization\"},\"potentialAction\":[{\"@type\":\"SearchAction\",\"target\":{\"@type\":\"EntryPoint\",\"urlTemplate\":\"https:\\\/\\\/www.editorialclaret.cat\\\/?s={search_term_string}\"},\"query-input\":{\"@type\":\"PropertyValueSpecification\",\"valueRequired\":true,\"valueName\":\"search_term_string\"}}],\"inLanguage\":\"es\"},{\"@type\":\"Organization\",\"@id\":\"https:\\\/\\\/www.editorialclaret.cat\\\/#organization\",\"name\":\"Editorial Claret\",\"url\":\"https:\\\/\\\/www.editorialclaret.cat\\\/\",\"logo\":{\"@type\":\"ImageObject\",\"inLanguage\":\"es\",\"@id\":\"https:\\\/\\\/www.editorialclaret.cat\\\/#\\\/schema\\\/logo\\\/image\\\/\",\"url\":\"https:\\\/\\\/www.editorialclaret.cat\\\/wp-content\\\/uploads\\\/.\\\/logo-claret.png\",\"contentUrl\":\"https:\\\/\\\/www.editorialclaret.cat\\\/wp-content\\\/uploads\\\/.\\\/logo-claret.png\",\"width\":194,\"height\":79,\"caption\":\"Editorial Claret\"},\"image\":{\"@id\":\"https:\\\/\\\/www.editorialclaret.cat\\\/#\\\/schema\\\/logo\\\/image\\\/\"}}]}<\/script>\n<!-- \/ Yoast SEO plugin. -->","yoast_head_json":{"title":"Editorial Claret","robots":{"index":"noindex","follow":"follow","max-snippet":"max-snippet:-1","max-image-preview":"max-image-preview:large","max-video-preview":"max-video-preview:-1"},"og_locale":"es_ES","og_type":"article","og_title":"CULTE I ICONOGRAFIA DE SANT MART\u00cd A CATALUNYA - Editorial Claret","og_description":"RIBAS GARRIGA, ROSA","og_url":"https:\/\/www.editorialclaret.cat\/producte\/culte-i-iconografia-de-sant-marti-a-catalunya\/","og_site_name":"Editorial Claret","article_modified_time":"2025-02-14T16:06:15+00:00","og_image":[{"width":244,"height":350,"url":"https:\/\/www.editorialclaret.cat\/wp-content\/uploads\/9788482978956-1.jpg","type":"image\/jpeg"}],"twitter_card":"summary_large_image","twitter_misc":{"Tiempo de lectura":"1 minuto"},"schema":{"@context":"https:\/\/schema.org","@graph":[{"@type":"WebPage","@id":"https:\/\/www.editorialclaret.cat\/producte\/culte-i-iconografia-de-sant-marti-a-catalunya\/","url":"https:\/\/www.editorialclaret.cat\/producte\/culte-i-iconografia-de-sant-marti-a-catalunya\/","name":"CULTE I ICONOGRAFIA DE SANT MART\u00cd A CATALUNYA - Editorial Claret","isPartOf":{"@id":"https:\/\/www.editorialclaret.cat\/#website"},"primaryImageOfPage":{"@id":"https:\/\/www.editorialclaret.cat\/producte\/culte-i-iconografia-de-sant-marti-a-catalunya\/#primaryimage"},"image":{"@id":"https:\/\/www.editorialclaret.cat\/producte\/culte-i-iconografia-de-sant-marti-a-catalunya\/#primaryimage"},"thumbnailUrl":"https:\/\/www.editorialclaret.cat\/wp-content\/uploads\/9788482978956-1.jpg","datePublished":"2022-11-07T06:59:35+00:00","dateModified":"2025-02-14T16:06:15+00:00","breadcrumb":{"@id":"https:\/\/www.editorialclaret.cat\/producte\/culte-i-iconografia-de-sant-marti-a-catalunya\/#breadcrumb"},"inLanguage":"es","potentialAction":[{"@type":"ReadAction","target":["https:\/\/www.editorialclaret.cat\/producte\/culte-i-iconografia-de-sant-marti-a-catalunya\/"]}]},{"@type":"ImageObject","inLanguage":"es","@id":"https:\/\/www.editorialclaret.cat\/producte\/culte-i-iconografia-de-sant-marti-a-catalunya\/#primaryimage","url":"https:\/\/www.editorialclaret.cat\/wp-content\/uploads\/9788482978956-1.jpg","contentUrl":"https:\/\/www.editorialclaret.cat\/wp-content\/uploads\/9788482978956-1.jpg","width":244,"height":350,"caption":"9788482978956.jpg"},{"@type":"BreadcrumbList","@id":"https:\/\/www.editorialclaret.cat\/producte\/culte-i-iconografia-de-sant-marti-a-catalunya\/#breadcrumb","itemListElement":[{"@type":"ListItem","position":1,"name":"Portada","item":"https:\/\/www.editorialclaret.cat\/es\/"},{"@type":"ListItem","position":2,"name":"Botiga","item":"https:\/\/www.editorialclaret.cat\/?page_id=16"},{"@type":"ListItem","position":3,"name":"CULTE I ICONOGRAFIA DE SANT MART\u00cd A CATALUNYA"}]},{"@type":"WebSite","@id":"https:\/\/www.editorialclaret.cat\/#website","url":"https:\/\/www.editorialclaret.cat\/","name":"Editorial Claret","description":"","publisher":{"@id":"https:\/\/www.editorialclaret.cat\/#organization"},"potentialAction":[{"@type":"SearchAction","target":{"@type":"EntryPoint","urlTemplate":"https:\/\/www.editorialclaret.cat\/?s={search_term_string}"},"query-input":{"@type":"PropertyValueSpecification","valueRequired":true,"valueName":"search_term_string"}}],"inLanguage":"es"},{"@type":"Organization","@id":"https:\/\/www.editorialclaret.cat\/#organization","name":"Editorial Claret","url":"https:\/\/www.editorialclaret.cat\/","logo":{"@type":"ImageObject","inLanguage":"es","@id":"https:\/\/www.editorialclaret.cat\/#\/schema\/logo\/image\/","url":"https:\/\/www.editorialclaret.cat\/wp-content\/uploads\/.\/logo-claret.png","contentUrl":"https:\/\/www.editorialclaret.cat\/wp-content\/uploads\/.\/logo-claret.png","width":194,"height":79,"caption":"Editorial Claret"},"image":{"@id":"https:\/\/www.editorialclaret.cat\/#\/schema\/logo\/image\/"}}]}},"_links":{"self":[{"href":"https:\/\/www.editorialclaret.cat\/es\/wp-json\/wp\/v2\/product\/48755","targetHints":{"allow":["GET"]}}],"collection":[{"href":"https:\/\/www.editorialclaret.cat\/es\/wp-json\/wp\/v2\/product"}],"about":[{"href":"https:\/\/www.editorialclaret.cat\/es\/wp-json\/wp\/v2\/types\/product"}],"wp:featuredmedia":[{"embeddable":true,"href":"https:\/\/www.editorialclaret.cat\/es\/wp-json\/wp\/v2\/media\/68114"}],"wp:attachment":[{"href":"https:\/\/www.editorialclaret.cat\/es\/wp-json\/wp\/v2\/media?parent=48755"}],"wp:term":[{"taxonomy":"product_brand","embeddable":true,"href":"https:\/\/www.editorialclaret.cat\/es\/wp-json\/wp\/v2\/product_brand?post=48755"},{"taxonomy":"product_cat","embeddable":true,"href":"https:\/\/www.editorialclaret.cat\/es\/wp-json\/wp\/v2\/product_cat?post=48755"},{"taxonomy":"product_tag","embeddable":true,"href":"https:\/\/www.editorialclaret.cat\/es\/wp-json\/wp\/v2\/product_tag?post=48755"}],"curies":[{"name":"wp","href":"https:\/\/api.w.org\/{rel}","templated":true}]}}