{"id":48516,"date":"2022-11-07T07:55:10","date_gmt":"2022-11-07T06:55:10","guid":{"rendered":"http:\/\/dev.editorialclaret.cat\/producte\/santa-teresa-de-jesus-i-sant-joan-de-la-creu\/"},"modified":"2024-05-22T12:53:16","modified_gmt":"2024-05-22T10:53:16","slug":"santa-teresa-de-jesus-i-sant-joan-de-la-creu-8498461324","status":"publish","type":"product","link":"https:\/\/www.editorialclaret.cat\/es\/producto\/santa-teresa-de-jesus-i-sant-joan-de-la-creu-8498461324\/","title":{"rendered":"SANTA TERESA DE JES\u00dcS I SANT JOAN DE LA CREU"},"content":{"rendered":"<p>L\u2019anomenat Llibre de la Vida de Teresa de Jes\u00fas \u00e9s reconegut com una de les millors obres de la literatura universal. Tanmateix, la seva autora no era ni de bon tros una escriptora professional, si b\u00e9 posse\u00efa una cultura notable i una capacitat liter\u00e0ria innegable, que u permetien escriure amb un estil alhora popular i de gran qualitat est\u00e8tica.<br \/>Una lectura atenta de l\u2019obra revela que els aspectes formals estan totalment al servei d\u2019un projecte molt ambici\u00f3s: l\u2019expressi\u00f3 de 1\u2019experi\u00e8ncia interior de Teresa de Jes\u00fas i la defensa conven\u00e7uda de l\u2019autenticitat de la seva relaci\u00f3 personal amb D\u00e9u. De fet, el veritable protagonista de l\u2019obra, malgrat el t\u00edtol habitual, \u00e9s D\u00e9u. Segurament resulta molt m\u00e9s encertada i descriptiva la denominaci\u00f3 que u d\u00f3na l\u2019autora quan diu: \u00abIntitul\u00e9 este libro \u201cde las misericordias de Dios\u201d.\u00bb<br \/>El Llibre de la Vida \u00e9s una obra apassionant, complexa, amb m\u00faltiples dimensions. Un escrit que atrau per la seva bellesa liter\u00e0ria i encara m\u00e9s per la seva for\u00e7a testimonial. Pocs llibres hi deu haver en la hist\u00f2ria de la literatura amb una implicaci\u00f3 personal tan profunda de l\u2019autor. Per tot plegat, \u00e9s un mitj\u00e0, extraordinari per acostar-se al coneixement de Teresa de Jes\u00fas. Amb tot, cal tenir en compte que \u00e9s un text que es desvela progressivament, perqu\u00e8 cada lectura hi descobreix noves capes i nous matisos. Es un llibre, doncs, que cal llegir entre l\u00ednies i demana una participaci\u00f3 activa del lector.<\/p>\n","protected":false},"excerpt":{"rendered":"<p>BORRELL, AGUSTI<\/p>\n","protected":false},"featured_media":48517,"template":"","meta":{"_acf_changed":false,"rs_blank_template":"","rs_page_bg_color":"","slide_template_v7":"","inline_featured_image":false,"_monsterinsights_skip_tracking":false,"_monsterinsights_sitenote_active":false,"_monsterinsights_sitenote_note":"","_monsterinsights_sitenote_category":0},"product_brand":[],"product_cat":[16],"product_tag":[],"class_list":{"0":"post-48516","1":"product","2":"type-product","3":"status-publish","4":"has-post-thumbnail","6":"product_cat-sense-categoria","8":"first","9":"instock","10":"taxable","11":"shipping-taxable","12":"purchasable","13":"product-type-simple"},"acf":{"autor":"BORRELL, AGUSTI","codart":"849846132","libros-coleccion":"FUNDACIO JOAN MARAGALL","ediciones":"1","encuadernacion":"R\u00fastica","fecha_de_publicacion":"18\/12\/2007","novedad":"0","paginas":"51","subtitulo":"MESTRES DE L'ESPIRITUALITAT CRISTIANA","orden":"0","portada":"0","idioma":"cat","autores-libros":[{"ID":46714,"post_author":"3","post_date":"2022-11-06 20:30:34","post_date_gmt":"2022-11-06 19:30:34","post_content":"","post_title":"AGUSTI BORRELL","post_excerpt":"","post_status":"publish","comment_status":"closed","ping_status":"closed","post_password":"","post_name":"agusti-borrell","to_ping":"","pinged":"","post_modified":"2022-11-06 20:30:34","post_modified_gmt":"2022-11-06 19:30:34","post_content_filtered":"","post_parent":0,"guid":"http:\/\/dev.editorialclaret.cat\/autor\/agusti-borrell\/","menu_order":0,"post_type":"autor","post_mime_type":"","comment_count":"0","filter":"raw"}]},"yoast_head":"<!-- This site is optimized with the Yoast SEO plugin v27.3 - https:\/\/yoast.com\/product\/yoast-seo-wordpress\/ -->\n<title>Editorial Claret<\/title>\n<meta name=\"robots\" content=\"noindex, follow, max-snippet:-1, max-image-preview:large, max-video-preview:-1\" \/>\n<meta property=\"og:locale\" content=\"es_ES\" \/>\n<meta property=\"og:type\" content=\"article\" \/>\n<meta property=\"og:title\" content=\"SANTA TERESA DE JES\u00dcS I SANT JOAN DE LA CREU - Editorial Claret\" \/>\n<meta property=\"og:description\" content=\"BORRELL, AGUSTI\" \/>\n<meta property=\"og:url\" content=\"https:\/\/www.editorialclaret.cat\/producte\/santa-teresa-de-jesus-i-sant-joan-de-la-creu-8498461324\/\" \/>\n<meta property=\"og:site_name\" content=\"Editorial Claret\" \/>\n<meta property=\"article:modified_time\" content=\"2024-05-22T10:53:16+00:00\" \/>\n<meta property=\"og:image\" content=\"https:\/\/www.editorialclaret.cat\/wp-content\/uploads\/.\/9788498461329.jpg\" \/>\n\t<meta property=\"og:image:width\" content=\"225\" \/>\n\t<meta property=\"og:image:height\" content=\"311\" \/>\n\t<meta property=\"og:image:type\" content=\"image\/jpeg\" \/>\n<meta name=\"twitter:card\" content=\"summary_large_image\" \/>\n<meta name=\"twitter:label1\" content=\"Tiempo de lectura\" \/>\n\t<meta name=\"twitter:data1\" content=\"1 minuto\" \/>\n<script type=\"application\/ld+json\" class=\"yoast-schema-graph\">{\"@context\":\"https:\\\/\\\/schema.org\",\"@graph\":[{\"@type\":\"WebPage\",\"@id\":\"https:\\\/\\\/www.editorialclaret.cat\\\/producte\\\/santa-teresa-de-jesus-i-sant-joan-de-la-creu-8498461324\\\/\",\"url\":\"https:\\\/\\\/www.editorialclaret.cat\\\/producte\\\/santa-teresa-de-jesus-i-sant-joan-de-la-creu-8498461324\\\/\",\"name\":\"SANTA TERESA DE JES\u00dcS I SANT JOAN DE LA CREU - Editorial Claret\",\"isPartOf\":{\"@id\":\"https:\\\/\\\/www.editorialclaret.cat\\\/#website\"},\"primaryImageOfPage\":{\"@id\":\"https:\\\/\\\/www.editorialclaret.cat\\\/producte\\\/santa-teresa-de-jesus-i-sant-joan-de-la-creu-8498461324\\\/#primaryimage\"},\"image\":{\"@id\":\"https:\\\/\\\/www.editorialclaret.cat\\\/producte\\\/santa-teresa-de-jesus-i-sant-joan-de-la-creu-8498461324\\\/#primaryimage\"},\"thumbnailUrl\":\"https:\\\/\\\/www.editorialclaret.cat\\\/wp-content\\\/uploads\\\/.\\\/9788498461329.jpg\",\"datePublished\":\"2022-11-07T06:55:10+00:00\",\"dateModified\":\"2024-05-22T10:53:16+00:00\",\"breadcrumb\":{\"@id\":\"https:\\\/\\\/www.editorialclaret.cat\\\/producte\\\/santa-teresa-de-jesus-i-sant-joan-de-la-creu-8498461324\\\/#breadcrumb\"},\"inLanguage\":\"es\",\"potentialAction\":[{\"@type\":\"ReadAction\",\"target\":[\"https:\\\/\\\/www.editorialclaret.cat\\\/producte\\\/santa-teresa-de-jesus-i-sant-joan-de-la-creu-8498461324\\\/\"]}]},{\"@type\":\"ImageObject\",\"inLanguage\":\"es\",\"@id\":\"https:\\\/\\\/www.editorialclaret.cat\\\/producte\\\/santa-teresa-de-jesus-i-sant-joan-de-la-creu-8498461324\\\/#primaryimage\",\"url\":\"https:\\\/\\\/www.editorialclaret.cat\\\/wp-content\\\/uploads\\\/.\\\/9788498461329.jpg\",\"contentUrl\":\"https:\\\/\\\/www.editorialclaret.cat\\\/wp-content\\\/uploads\\\/.\\\/9788498461329.jpg\",\"width\":225,\"height\":311,\"caption\":\"9788498461329.jpg\"},{\"@type\":\"BreadcrumbList\",\"@id\":\"https:\\\/\\\/www.editorialclaret.cat\\\/producte\\\/santa-teresa-de-jesus-i-sant-joan-de-la-creu-8498461324\\\/#breadcrumb\",\"itemListElement\":[{\"@type\":\"ListItem\",\"position\":1,\"name\":\"Portada\",\"item\":\"https:\\\/\\\/www.editorialclaret.cat\\\/es\\\/\"},{\"@type\":\"ListItem\",\"position\":2,\"name\":\"Botiga\",\"item\":\"https:\\\/\\\/www.editorialclaret.cat\\\/?page_id=16\"},{\"@type\":\"ListItem\",\"position\":3,\"name\":\"SANTA TERESA DE JES\u00dcS I SANT JOAN DE LA CREU\"}]},{\"@type\":\"WebSite\",\"@id\":\"https:\\\/\\\/www.editorialclaret.cat\\\/#website\",\"url\":\"https:\\\/\\\/www.editorialclaret.cat\\\/\",\"name\":\"Editorial Claret\",\"description\":\"\",\"publisher\":{\"@id\":\"https:\\\/\\\/www.editorialclaret.cat\\\/#organization\"},\"potentialAction\":[{\"@type\":\"SearchAction\",\"target\":{\"@type\":\"EntryPoint\",\"urlTemplate\":\"https:\\\/\\\/www.editorialclaret.cat\\\/?s={search_term_string}\"},\"query-input\":{\"@type\":\"PropertyValueSpecification\",\"valueRequired\":true,\"valueName\":\"search_term_string\"}}],\"inLanguage\":\"es\"},{\"@type\":\"Organization\",\"@id\":\"https:\\\/\\\/www.editorialclaret.cat\\\/#organization\",\"name\":\"Editorial Claret\",\"url\":\"https:\\\/\\\/www.editorialclaret.cat\\\/\",\"logo\":{\"@type\":\"ImageObject\",\"inLanguage\":\"es\",\"@id\":\"https:\\\/\\\/www.editorialclaret.cat\\\/#\\\/schema\\\/logo\\\/image\\\/\",\"url\":\"https:\\\/\\\/www.editorialclaret.cat\\\/wp-content\\\/uploads\\\/.\\\/logo-claret.png\",\"contentUrl\":\"https:\\\/\\\/www.editorialclaret.cat\\\/wp-content\\\/uploads\\\/.\\\/logo-claret.png\",\"width\":194,\"height\":79,\"caption\":\"Editorial Claret\"},\"image\":{\"@id\":\"https:\\\/\\\/www.editorialclaret.cat\\\/#\\\/schema\\\/logo\\\/image\\\/\"}}]}<\/script>\n<!-- \/ Yoast SEO plugin. -->","yoast_head_json":{"title":"Editorial Claret","robots":{"index":"noindex","follow":"follow","max-snippet":"max-snippet:-1","max-image-preview":"max-image-preview:large","max-video-preview":"max-video-preview:-1"},"og_locale":"es_ES","og_type":"article","og_title":"SANTA TERESA DE JES\u00dcS I SANT JOAN DE LA CREU - Editorial Claret","og_description":"BORRELL, AGUSTI","og_url":"https:\/\/www.editorialclaret.cat\/producte\/santa-teresa-de-jesus-i-sant-joan-de-la-creu-8498461324\/","og_site_name":"Editorial Claret","article_modified_time":"2024-05-22T10:53:16+00:00","og_image":[{"width":225,"height":311,"url":"https:\/\/www.editorialclaret.cat\/wp-content\/uploads\/.\/9788498461329.jpg","type":"image\/jpeg"}],"twitter_card":"summary_large_image","twitter_misc":{"Tiempo de lectura":"1 minuto"},"schema":{"@context":"https:\/\/schema.org","@graph":[{"@type":"WebPage","@id":"https:\/\/www.editorialclaret.cat\/producte\/santa-teresa-de-jesus-i-sant-joan-de-la-creu-8498461324\/","url":"https:\/\/www.editorialclaret.cat\/producte\/santa-teresa-de-jesus-i-sant-joan-de-la-creu-8498461324\/","name":"SANTA TERESA DE JES\u00dcS I SANT JOAN DE LA CREU - Editorial Claret","isPartOf":{"@id":"https:\/\/www.editorialclaret.cat\/#website"},"primaryImageOfPage":{"@id":"https:\/\/www.editorialclaret.cat\/producte\/santa-teresa-de-jesus-i-sant-joan-de-la-creu-8498461324\/#primaryimage"},"image":{"@id":"https:\/\/www.editorialclaret.cat\/producte\/santa-teresa-de-jesus-i-sant-joan-de-la-creu-8498461324\/#primaryimage"},"thumbnailUrl":"https:\/\/www.editorialclaret.cat\/wp-content\/uploads\/.\/9788498461329.jpg","datePublished":"2022-11-07T06:55:10+00:00","dateModified":"2024-05-22T10:53:16+00:00","breadcrumb":{"@id":"https:\/\/www.editorialclaret.cat\/producte\/santa-teresa-de-jesus-i-sant-joan-de-la-creu-8498461324\/#breadcrumb"},"inLanguage":"es","potentialAction":[{"@type":"ReadAction","target":["https:\/\/www.editorialclaret.cat\/producte\/santa-teresa-de-jesus-i-sant-joan-de-la-creu-8498461324\/"]}]},{"@type":"ImageObject","inLanguage":"es","@id":"https:\/\/www.editorialclaret.cat\/producte\/santa-teresa-de-jesus-i-sant-joan-de-la-creu-8498461324\/#primaryimage","url":"https:\/\/www.editorialclaret.cat\/wp-content\/uploads\/.\/9788498461329.jpg","contentUrl":"https:\/\/www.editorialclaret.cat\/wp-content\/uploads\/.\/9788498461329.jpg","width":225,"height":311,"caption":"9788498461329.jpg"},{"@type":"BreadcrumbList","@id":"https:\/\/www.editorialclaret.cat\/producte\/santa-teresa-de-jesus-i-sant-joan-de-la-creu-8498461324\/#breadcrumb","itemListElement":[{"@type":"ListItem","position":1,"name":"Portada","item":"https:\/\/www.editorialclaret.cat\/es\/"},{"@type":"ListItem","position":2,"name":"Botiga","item":"https:\/\/www.editorialclaret.cat\/?page_id=16"},{"@type":"ListItem","position":3,"name":"SANTA TERESA DE JES\u00dcS I SANT JOAN DE LA CREU"}]},{"@type":"WebSite","@id":"https:\/\/www.editorialclaret.cat\/#website","url":"https:\/\/www.editorialclaret.cat\/","name":"Editorial Claret","description":"","publisher":{"@id":"https:\/\/www.editorialclaret.cat\/#organization"},"potentialAction":[{"@type":"SearchAction","target":{"@type":"EntryPoint","urlTemplate":"https:\/\/www.editorialclaret.cat\/?s={search_term_string}"},"query-input":{"@type":"PropertyValueSpecification","valueRequired":true,"valueName":"search_term_string"}}],"inLanguage":"es"},{"@type":"Organization","@id":"https:\/\/www.editorialclaret.cat\/#organization","name":"Editorial Claret","url":"https:\/\/www.editorialclaret.cat\/","logo":{"@type":"ImageObject","inLanguage":"es","@id":"https:\/\/www.editorialclaret.cat\/#\/schema\/logo\/image\/","url":"https:\/\/www.editorialclaret.cat\/wp-content\/uploads\/.\/logo-claret.png","contentUrl":"https:\/\/www.editorialclaret.cat\/wp-content\/uploads\/.\/logo-claret.png","width":194,"height":79,"caption":"Editorial Claret"},"image":{"@id":"https:\/\/www.editorialclaret.cat\/#\/schema\/logo\/image\/"}}]}},"_links":{"self":[{"href":"https:\/\/www.editorialclaret.cat\/es\/wp-json\/wp\/v2\/product\/48516","targetHints":{"allow":["GET"]}}],"collection":[{"href":"https:\/\/www.editorialclaret.cat\/es\/wp-json\/wp\/v2\/product"}],"about":[{"href":"https:\/\/www.editorialclaret.cat\/es\/wp-json\/wp\/v2\/types\/product"}],"wp:featuredmedia":[{"embeddable":true,"href":"https:\/\/www.editorialclaret.cat\/es\/wp-json\/wp\/v2\/media\/48517"}],"wp:attachment":[{"href":"https:\/\/www.editorialclaret.cat\/es\/wp-json\/wp\/v2\/media?parent=48516"}],"wp:term":[{"taxonomy":"product_brand","embeddable":true,"href":"https:\/\/www.editorialclaret.cat\/es\/wp-json\/wp\/v2\/product_brand?post=48516"},{"taxonomy":"product_cat","embeddable":true,"href":"https:\/\/www.editorialclaret.cat\/es\/wp-json\/wp\/v2\/product_cat?post=48516"},{"taxonomy":"product_tag","embeddable":true,"href":"https:\/\/www.editorialclaret.cat\/es\/wp-json\/wp\/v2\/product_tag?post=48516"}],"curies":[{"name":"wp","href":"https:\/\/api.w.org\/{rel}","templated":true}]}}