{"id":48471,"date":"2022-11-07T07:54:22","date_gmt":"2022-11-07T06:54:22","guid":{"rendered":"http:\/\/dev.editorialclaret.cat\/producte\/invitacio-a-la-biblia\/"},"modified":"2025-12-31T13:10:32","modified_gmt":"2025-12-31T12:10:32","slug":"invitacio-a-la-biblia-9788498461480","status":"publish","type":"product","link":"https:\/\/www.editorialclaret.cat\/es\/producto\/invitacio-a-la-biblia-9788498461480\/","title":{"rendered":"INVITACI\u00d3 A LA B\u00cdBLIA"},"content":{"rendered":"<p>Aquesta \u00abInvitaci\u00f3 a la B\u00edblia\u00bb, a trav\u00e9s d&#8217;un conjunt espl\u00e8ndid d&#8217;esquemes, mapes, cronologies i mapes conceptuals, acompanyats d&#8217;explicacions precises de car\u00e0cter teol\u00f2gic, hist\u00f2ric i literari, es proposa servir d&#8217;introducci\u00f3 al \u00abLlibre dels llibres\u00bb, la gran biblioteca, que sovint resulta tan estranya i enigm\u00e0tica per als lectors d&#8217;avui.<br \/>Un manual que des d&#8217;ara els ser\u00e0 imprescindible als estudiants i als estudiosos, als professors de religi\u00f3, als catequistes&#8230; i en general, a tots aquells que s&#8217;acosten a la B\u00edblia i la volen entendre millor.<\/p>\n","protected":false},"excerpt":{"rendered":"<p>OHLER, ANNEMARIE<\/p>\n","protected":false},"featured_media":48472,"template":"","meta":{"_acf_changed":false,"rs_blank_template":"","rs_page_bg_color":"","slide_template_v7":"","inline_featured_image":false,"_monsterinsights_skip_tracking":false,"_monsterinsights_sitenote_active":false,"_monsterinsights_sitenote_note":"","_monsterinsights_sitenote_category":0},"product_brand":[],"product_cat":[1298,1306],"product_tag":[],"class_list":{"0":"post-48471","1":"product","2":"type-product","3":"status-publish","4":"has-post-thumbnail","6":"product_cat-la-gran-biblioteca","7":"product_cat-la-gran-biblioteca-2","9":"first","10":"instock","11":"taxable","12":"shipping-taxable","13":"purchasable","14":"product-type-simple"},"acf":{"autor":"OHLER, ANNEMARIE","codart":"849846148","libros-coleccion":"La Gran Biblioteca","ediciones":"1","encuadernacion":"R\u00fastica","fecha_de_publicacion":"29\/02\/2008","novedad":"0","paginas":"240","subtitulo":"AMB 115 P\u00c0GINES D'IL\u00b7LUSTRACIONS EN COLOR","orden":"0","portada":"0","idioma":"cat","autores-libros":[{"ID":46732,"post_author":"3","post_date":"2022-11-06 20:30:42","post_date_gmt":"2022-11-06 19:30:42","post_content":"","post_title":"ANNEMARIE OHLER","post_excerpt":"","post_status":"publish","comment_status":"closed","ping_status":"closed","post_password":"","post_name":"annemarie-ohler","to_ping":"","pinged":"","post_modified":"2022-11-06 20:30:42","post_modified_gmt":"2022-11-06 19:30:42","post_content_filtered":"","post_parent":0,"guid":"http:\/\/dev.editorialclaret.cat\/autor\/annemarie-ohler\/","menu_order":0,"post_type":"autor","post_mime_type":"","comment_count":"0","filter":"raw"}],"traductores-libros":"","ilustradores-libros":"","formato":"","linkebook":"","precioebook":"0","ficha":"849846148_1688652914.pdf","muestra":"","presentacion":"","booktrailer":"","resenas":"","recomendamos":"","mas_vendido":""},"yoast_head":"<!-- This site is optimized with the Yoast SEO plugin v27.3 - https:\/\/yoast.com\/product\/yoast-seo-wordpress\/ -->\n<title>Editorial Claret<\/title>\n<meta name=\"robots\" content=\"noindex, follow, max-snippet:-1, max-image-preview:large, max-video-preview:-1\" \/>\n<meta property=\"og:locale\" content=\"es_ES\" \/>\n<meta property=\"og:type\" content=\"article\" \/>\n<meta property=\"og:title\" content=\"INVITACI\u00d3 A LA B\u00cdBLIA - Editorial Claret\" \/>\n<meta property=\"og:description\" content=\"OHLER, ANNEMARIE\" \/>\n<meta property=\"og:url\" content=\"https:\/\/www.editorialclaret.cat\/producte\/invitacio-a-la-biblia-9788498461480\/\" \/>\n<meta property=\"og:site_name\" content=\"Editorial Claret\" \/>\n<meta property=\"article:modified_time\" content=\"2025-12-31T12:10:32+00:00\" \/>\n<meta property=\"og:image\" content=\"https:\/\/www.editorialclaret.cat\/wp-content\/uploads\/.\/9788498461480.png\" \/>\n\t<meta property=\"og:image:width\" content=\"225\" \/>\n\t<meta property=\"og:image:height\" content=\"333\" \/>\n\t<meta property=\"og:image:type\" content=\"image\/png\" \/>\n<meta name=\"twitter:card\" content=\"summary_large_image\" \/>\n<meta name=\"twitter:label1\" content=\"Tiempo de lectura\" \/>\n\t<meta name=\"twitter:data1\" content=\"1 minuto\" \/>\n<script type=\"application\/ld+json\" class=\"yoast-schema-graph\">{\"@context\":\"https:\\\/\\\/schema.org\",\"@graph\":[{\"@type\":\"WebPage\",\"@id\":\"https:\\\/\\\/www.editorialclaret.cat\\\/producte\\\/invitacio-a-la-biblia-9788498461480\\\/\",\"url\":\"https:\\\/\\\/www.editorialclaret.cat\\\/producte\\\/invitacio-a-la-biblia-9788498461480\\\/\",\"name\":\"INVITACI\u00d3 A LA B\u00cdBLIA - Editorial Claret\",\"isPartOf\":{\"@id\":\"https:\\\/\\\/www.editorialclaret.cat\\\/#website\"},\"primaryImageOfPage\":{\"@id\":\"https:\\\/\\\/www.editorialclaret.cat\\\/producte\\\/invitacio-a-la-biblia-9788498461480\\\/#primaryimage\"},\"image\":{\"@id\":\"https:\\\/\\\/www.editorialclaret.cat\\\/producte\\\/invitacio-a-la-biblia-9788498461480\\\/#primaryimage\"},\"thumbnailUrl\":\"https:\\\/\\\/www.editorialclaret.cat\\\/wp-content\\\/uploads\\\/.\\\/9788498461480.png\",\"datePublished\":\"2022-11-07T06:54:22+00:00\",\"dateModified\":\"2025-12-31T12:10:32+00:00\",\"breadcrumb\":{\"@id\":\"https:\\\/\\\/www.editorialclaret.cat\\\/producte\\\/invitacio-a-la-biblia-9788498461480\\\/#breadcrumb\"},\"inLanguage\":\"es\",\"potentialAction\":[{\"@type\":\"ReadAction\",\"target\":[\"https:\\\/\\\/www.editorialclaret.cat\\\/producte\\\/invitacio-a-la-biblia-9788498461480\\\/\"]}]},{\"@type\":\"ImageObject\",\"inLanguage\":\"es\",\"@id\":\"https:\\\/\\\/www.editorialclaret.cat\\\/producte\\\/invitacio-a-la-biblia-9788498461480\\\/#primaryimage\",\"url\":\"https:\\\/\\\/www.editorialclaret.cat\\\/wp-content\\\/uploads\\\/.\\\/9788498461480.png\",\"contentUrl\":\"https:\\\/\\\/www.editorialclaret.cat\\\/wp-content\\\/uploads\\\/.\\\/9788498461480.png\",\"width\":225,\"height\":333,\"caption\":\"9788498461480.png\"},{\"@type\":\"BreadcrumbList\",\"@id\":\"https:\\\/\\\/www.editorialclaret.cat\\\/producte\\\/invitacio-a-la-biblia-9788498461480\\\/#breadcrumb\",\"itemListElement\":[{\"@type\":\"ListItem\",\"position\":1,\"name\":\"Portada\",\"item\":\"https:\\\/\\\/www.editorialclaret.cat\\\/es\\\/\"},{\"@type\":\"ListItem\",\"position\":2,\"name\":\"Botiga\",\"item\":\"https:\\\/\\\/www.editorialclaret.cat\\\/?page_id=16\"},{\"@type\":\"ListItem\",\"position\":3,\"name\":\"INVITACI\u00d3 A LA B\u00cdBLIA\"}]},{\"@type\":\"WebSite\",\"@id\":\"https:\\\/\\\/www.editorialclaret.cat\\\/#website\",\"url\":\"https:\\\/\\\/www.editorialclaret.cat\\\/\",\"name\":\"Editorial Claret\",\"description\":\"\",\"publisher\":{\"@id\":\"https:\\\/\\\/www.editorialclaret.cat\\\/#organization\"},\"potentialAction\":[{\"@type\":\"SearchAction\",\"target\":{\"@type\":\"EntryPoint\",\"urlTemplate\":\"https:\\\/\\\/www.editorialclaret.cat\\\/?s={search_term_string}\"},\"query-input\":{\"@type\":\"PropertyValueSpecification\",\"valueRequired\":true,\"valueName\":\"search_term_string\"}}],\"inLanguage\":\"es\"},{\"@type\":\"Organization\",\"@id\":\"https:\\\/\\\/www.editorialclaret.cat\\\/#organization\",\"name\":\"Editorial Claret\",\"url\":\"https:\\\/\\\/www.editorialclaret.cat\\\/\",\"logo\":{\"@type\":\"ImageObject\",\"inLanguage\":\"es\",\"@id\":\"https:\\\/\\\/www.editorialclaret.cat\\\/#\\\/schema\\\/logo\\\/image\\\/\",\"url\":\"https:\\\/\\\/www.editorialclaret.cat\\\/wp-content\\\/uploads\\\/.\\\/logo-claret.png\",\"contentUrl\":\"https:\\\/\\\/www.editorialclaret.cat\\\/wp-content\\\/uploads\\\/.\\\/logo-claret.png\",\"width\":194,\"height\":79,\"caption\":\"Editorial Claret\"},\"image\":{\"@id\":\"https:\\\/\\\/www.editorialclaret.cat\\\/#\\\/schema\\\/logo\\\/image\\\/\"}}]}<\/script>\n<!-- \/ Yoast SEO plugin. -->","yoast_head_json":{"title":"Editorial Claret","robots":{"index":"noindex","follow":"follow","max-snippet":"max-snippet:-1","max-image-preview":"max-image-preview:large","max-video-preview":"max-video-preview:-1"},"og_locale":"es_ES","og_type":"article","og_title":"INVITACI\u00d3 A LA B\u00cdBLIA - Editorial Claret","og_description":"OHLER, ANNEMARIE","og_url":"https:\/\/www.editorialclaret.cat\/producte\/invitacio-a-la-biblia-9788498461480\/","og_site_name":"Editorial Claret","article_modified_time":"2025-12-31T12:10:32+00:00","og_image":[{"width":225,"height":333,"url":"https:\/\/www.editorialclaret.cat\/wp-content\/uploads\/.\/9788498461480.png","type":"image\/png"}],"twitter_card":"summary_large_image","twitter_misc":{"Tiempo de lectura":"1 minuto"},"schema":{"@context":"https:\/\/schema.org","@graph":[{"@type":"WebPage","@id":"https:\/\/www.editorialclaret.cat\/producte\/invitacio-a-la-biblia-9788498461480\/","url":"https:\/\/www.editorialclaret.cat\/producte\/invitacio-a-la-biblia-9788498461480\/","name":"INVITACI\u00d3 A LA B\u00cdBLIA - Editorial Claret","isPartOf":{"@id":"https:\/\/www.editorialclaret.cat\/#website"},"primaryImageOfPage":{"@id":"https:\/\/www.editorialclaret.cat\/producte\/invitacio-a-la-biblia-9788498461480\/#primaryimage"},"image":{"@id":"https:\/\/www.editorialclaret.cat\/producte\/invitacio-a-la-biblia-9788498461480\/#primaryimage"},"thumbnailUrl":"https:\/\/www.editorialclaret.cat\/wp-content\/uploads\/.\/9788498461480.png","datePublished":"2022-11-07T06:54:22+00:00","dateModified":"2025-12-31T12:10:32+00:00","breadcrumb":{"@id":"https:\/\/www.editorialclaret.cat\/producte\/invitacio-a-la-biblia-9788498461480\/#breadcrumb"},"inLanguage":"es","potentialAction":[{"@type":"ReadAction","target":["https:\/\/www.editorialclaret.cat\/producte\/invitacio-a-la-biblia-9788498461480\/"]}]},{"@type":"ImageObject","inLanguage":"es","@id":"https:\/\/www.editorialclaret.cat\/producte\/invitacio-a-la-biblia-9788498461480\/#primaryimage","url":"https:\/\/www.editorialclaret.cat\/wp-content\/uploads\/.\/9788498461480.png","contentUrl":"https:\/\/www.editorialclaret.cat\/wp-content\/uploads\/.\/9788498461480.png","width":225,"height":333,"caption":"9788498461480.png"},{"@type":"BreadcrumbList","@id":"https:\/\/www.editorialclaret.cat\/producte\/invitacio-a-la-biblia-9788498461480\/#breadcrumb","itemListElement":[{"@type":"ListItem","position":1,"name":"Portada","item":"https:\/\/www.editorialclaret.cat\/es\/"},{"@type":"ListItem","position":2,"name":"Botiga","item":"https:\/\/www.editorialclaret.cat\/?page_id=16"},{"@type":"ListItem","position":3,"name":"INVITACI\u00d3 A LA B\u00cdBLIA"}]},{"@type":"WebSite","@id":"https:\/\/www.editorialclaret.cat\/#website","url":"https:\/\/www.editorialclaret.cat\/","name":"Editorial Claret","description":"","publisher":{"@id":"https:\/\/www.editorialclaret.cat\/#organization"},"potentialAction":[{"@type":"SearchAction","target":{"@type":"EntryPoint","urlTemplate":"https:\/\/www.editorialclaret.cat\/?s={search_term_string}"},"query-input":{"@type":"PropertyValueSpecification","valueRequired":true,"valueName":"search_term_string"}}],"inLanguage":"es"},{"@type":"Organization","@id":"https:\/\/www.editorialclaret.cat\/#organization","name":"Editorial Claret","url":"https:\/\/www.editorialclaret.cat\/","logo":{"@type":"ImageObject","inLanguage":"es","@id":"https:\/\/www.editorialclaret.cat\/#\/schema\/logo\/image\/","url":"https:\/\/www.editorialclaret.cat\/wp-content\/uploads\/.\/logo-claret.png","contentUrl":"https:\/\/www.editorialclaret.cat\/wp-content\/uploads\/.\/logo-claret.png","width":194,"height":79,"caption":"Editorial Claret"},"image":{"@id":"https:\/\/www.editorialclaret.cat\/#\/schema\/logo\/image\/"}}]}},"_links":{"self":[{"href":"https:\/\/www.editorialclaret.cat\/es\/wp-json\/wp\/v2\/product\/48471","targetHints":{"allow":["GET"]}}],"collection":[{"href":"https:\/\/www.editorialclaret.cat\/es\/wp-json\/wp\/v2\/product"}],"about":[{"href":"https:\/\/www.editorialclaret.cat\/es\/wp-json\/wp\/v2\/types\/product"}],"wp:featuredmedia":[{"embeddable":true,"href":"https:\/\/www.editorialclaret.cat\/es\/wp-json\/wp\/v2\/media\/48472"}],"wp:attachment":[{"href":"https:\/\/www.editorialclaret.cat\/es\/wp-json\/wp\/v2\/media?parent=48471"}],"wp:term":[{"taxonomy":"product_brand","embeddable":true,"href":"https:\/\/www.editorialclaret.cat\/es\/wp-json\/wp\/v2\/product_brand?post=48471"},{"taxonomy":"product_cat","embeddable":true,"href":"https:\/\/www.editorialclaret.cat\/es\/wp-json\/wp\/v2\/product_cat?post=48471"},{"taxonomy":"product_tag","embeddable":true,"href":"https:\/\/www.editorialclaret.cat\/es\/wp-json\/wp\/v2\/product_tag?post=48471"}],"curies":[{"name":"wp","href":"https:\/\/api.w.org\/{rel}","templated":true}]}}