{"id":48445,"date":"2022-11-07T07:53:52","date_gmt":"2022-11-07T06:53:52","guid":{"rendered":"http:\/\/dev.editorialclaret.cat\/producte\/el-rey-que-deseaba-el-tiempo\/"},"modified":"2024-05-22T12:54:06","modified_gmt":"2024-05-22T10:54:06","slug":"el-rey-que-deseaba-el-tiempo-8498461383","status":"publish","type":"product","link":"https:\/\/www.editorialclaret.cat\/es\/producto\/el-rey-que-deseaba-el-tiempo-8498461383\/","title":{"rendered":"EL REY QUE DESEABA EL TIEMPO"},"content":{"rendered":"<p>En un reino remoto y olvidado en el que no transcurre el tiempo gobierna un rey insatisfecho. Todo en su vida es siempre igual. Jam\u00e1s ha habido el menor cambio: ni sus s\u00fabditos, ni sus tierras, ni siquiera \u00e9l mismo. Y todo permanecer\u00e1 perpetuamente inmutable&#8230; a menos que obtenga un secreto que se encuentra m\u00e1s all\u00e1 de las fronteras de su reino, un secreto que est\u00e1 en posesi\u00f3n de un ermita\u00f1o a quien nadie conoce&#8230; O, mejor dicho, casi nadie&#8230;<br \/>Un cuento que habla del Tiempo, de las estaciones del a\u00f1o y de la importancia de vivir plenamente cada instante.<\/p>\n","protected":false},"excerpt":{"rendered":"<p>JOS\u00c9PHINE, R\u00c9GINE; MANDIN<\/p>\n","protected":false},"featured_media":51983,"template":"","meta":{"_acf_changed":false,"rs_blank_template":"","rs_page_bg_color":"","slide_template_v7":"","inline_featured_image":false,"_monsterinsights_skip_tracking":false,"_monsterinsights_sitenote_active":false,"_monsterinsights_sitenote_note":"","_monsterinsights_sitenote_category":0},"product_brand":[],"product_cat":[869,1106,927,1164],"product_tag":[],"class_list":{"0":"post-48445","1":"product","2":"type-product","3":"status-publish","4":"has-post-thumbnail","6":"product_cat-contes-per-infants-0-6-anys","7":"product_cat-cuentos-para-ninos-0-6-anos","8":"product_cat-educacio-en-valors-pedagogia","9":"product_cat-educacion-en-valores-pedagogia-humanidades","11":"first","12":"instock","13":"taxable","14":"shipping-taxable","15":"purchasable","16":"product-type-simple"},"acf":{"autor":"JOS\u00c9PHINE, R\u00c9GINE; MANDIN","codart":"849846138","libros-coleccion":"","ediciones":"1","encuadernacion":"Carton\u00e9","fecha_de_publicacion":"09\/04\/2008","novedad":"0","paginas":"38","subtitulo":"","orden":"999","portada":"0","idioma":"spa","autores-libros":[{"ID":47055,"post_author":"3","post_date":"2022-11-06 20:33:11","post_date_gmt":"2022-11-06 19:33:11","post_content":"","post_title":"R\u00c9GINE JOS\u00c9PHINE","post_excerpt":"","post_status":"publish","comment_status":"closed","ping_status":"closed","post_password":"","post_name":"regine-josephine","to_ping":"","pinged":"","post_modified":"2022-11-06 20:33:11","post_modified_gmt":"2022-11-06 19:33:11","post_content_filtered":"","post_parent":0,"guid":"http:\/\/dev.editorialclaret.cat\/autor\/regine-josephine\/","menu_order":0,"post_type":"autor","post_mime_type":"","comment_count":"0","filter":"raw"},{"ID":47085,"post_author":"3","post_date":"2022-11-06 20:33:24","post_date_gmt":"2022-11-06 19:33:24","post_content":"","post_title":"SELMA (il) MANDINE","post_excerpt":"","post_status":"publish","comment_status":"closed","ping_status":"closed","post_password":"","post_name":"selma-il-mandine","to_ping":"","pinged":"","post_modified":"2022-11-06 20:33:24","post_modified_gmt":"2022-11-06 19:33:24","post_content_filtered":"","post_parent":0,"guid":"http:\/\/dev.editorialclaret.cat\/autor\/selma-il-mandine\/","menu_order":0,"post_type":"autor","post_mime_type":"","comment_count":"0","filter":"raw"}]},"yoast_head":"<!-- This site is optimized with the Yoast SEO plugin v27.5 - https:\/\/yoast.com\/product\/yoast-seo-wordpress\/ -->\n<title>Editorial Claret<\/title>\n<meta name=\"robots\" content=\"noindex, follow, max-snippet:-1, max-image-preview:large, max-video-preview:-1\" \/>\n<meta property=\"og:locale\" content=\"es_ES\" \/>\n<meta property=\"og:type\" content=\"article\" \/>\n<meta property=\"og:title\" content=\"EL REY QUE DESEABA EL TIEMPO - Editorial Claret\" \/>\n<meta property=\"og:description\" content=\"JOS\u00c9PHINE, R\u00c9GINE; MANDIN\" \/>\n<meta property=\"og:url\" content=\"https:\/\/www.editorialclaret.cat\/producte\/el-rey-que-deseaba-el-tiempo-8498461383\/\" \/>\n<meta property=\"og:site_name\" content=\"Editorial Claret\" \/>\n<meta property=\"article:modified_time\" content=\"2024-05-22T10:54:06+00:00\" \/>\n<meta property=\"og:image\" content=\"https:\/\/www.editorialclaret.cat\/wp-content\/uploads\/.\/9788498461381-1.jpg\" \/>\n\t<meta property=\"og:image:width\" content=\"257\" \/>\n\t<meta property=\"og:image:height\" content=\"350\" \/>\n\t<meta property=\"og:image:type\" content=\"image\/jpeg\" \/>\n<meta name=\"twitter:card\" content=\"summary_large_image\" \/>\n<meta name=\"twitter:label1\" content=\"Tiempo de lectura\" \/>\n\t<meta name=\"twitter:data1\" content=\"1 minuto\" \/>\n<script type=\"application\/ld+json\" class=\"yoast-schema-graph\">{\"@context\":\"https:\\\/\\\/schema.org\",\"@graph\":[{\"@type\":\"WebPage\",\"@id\":\"https:\\\/\\\/www.editorialclaret.cat\\\/producte\\\/el-rey-que-deseaba-el-tiempo-8498461383\\\/\",\"url\":\"https:\\\/\\\/www.editorialclaret.cat\\\/producte\\\/el-rey-que-deseaba-el-tiempo-8498461383\\\/\",\"name\":\"EL REY QUE DESEABA EL TIEMPO - Editorial Claret\",\"isPartOf\":{\"@id\":\"https:\\\/\\\/www.editorialclaret.cat\\\/#website\"},\"primaryImageOfPage\":{\"@id\":\"https:\\\/\\\/www.editorialclaret.cat\\\/producte\\\/el-rey-que-deseaba-el-tiempo-8498461383\\\/#primaryimage\"},\"image\":{\"@id\":\"https:\\\/\\\/www.editorialclaret.cat\\\/producte\\\/el-rey-que-deseaba-el-tiempo-8498461383\\\/#primaryimage\"},\"thumbnailUrl\":\"https:\\\/\\\/www.editorialclaret.cat\\\/wp-content\\\/uploads\\\/.\\\/9788498461381-1.jpg\",\"datePublished\":\"2022-11-07T06:53:52+00:00\",\"dateModified\":\"2024-05-22T10:54:06+00:00\",\"breadcrumb\":{\"@id\":\"https:\\\/\\\/www.editorialclaret.cat\\\/producte\\\/el-rey-que-deseaba-el-tiempo-8498461383\\\/#breadcrumb\"},\"inLanguage\":\"es\",\"potentialAction\":[{\"@type\":\"ReadAction\",\"target\":[\"https:\\\/\\\/www.editorialclaret.cat\\\/producte\\\/el-rey-que-deseaba-el-tiempo-8498461383\\\/\"]}]},{\"@type\":\"ImageObject\",\"inLanguage\":\"es\",\"@id\":\"https:\\\/\\\/www.editorialclaret.cat\\\/producte\\\/el-rey-que-deseaba-el-tiempo-8498461383\\\/#primaryimage\",\"url\":\"https:\\\/\\\/www.editorialclaret.cat\\\/wp-content\\\/uploads\\\/.\\\/9788498461381-1.jpg\",\"contentUrl\":\"https:\\\/\\\/www.editorialclaret.cat\\\/wp-content\\\/uploads\\\/.\\\/9788498461381-1.jpg\",\"width\":257,\"height\":350,\"caption\":\"9788498461381.jpg\"},{\"@type\":\"BreadcrumbList\",\"@id\":\"https:\\\/\\\/www.editorialclaret.cat\\\/producte\\\/el-rey-que-deseaba-el-tiempo-8498461383\\\/#breadcrumb\",\"itemListElement\":[{\"@type\":\"ListItem\",\"position\":1,\"name\":\"Portada\",\"item\":\"https:\\\/\\\/www.editorialclaret.cat\\\/es\\\/\"},{\"@type\":\"ListItem\",\"position\":2,\"name\":\"Botiga\",\"item\":\"https:\\\/\\\/www.editorialclaret.cat\\\/?page_id=16\"},{\"@type\":\"ListItem\",\"position\":3,\"name\":\"EL REY QUE DESEABA EL TIEMPO\"}]},{\"@type\":\"WebSite\",\"@id\":\"https:\\\/\\\/www.editorialclaret.cat\\\/#website\",\"url\":\"https:\\\/\\\/www.editorialclaret.cat\\\/\",\"name\":\"Editorial Claret\",\"description\":\"\",\"publisher\":{\"@id\":\"https:\\\/\\\/www.editorialclaret.cat\\\/#organization\"},\"potentialAction\":[{\"@type\":\"SearchAction\",\"target\":{\"@type\":\"EntryPoint\",\"urlTemplate\":\"https:\\\/\\\/www.editorialclaret.cat\\\/?s={search_term_string}\"},\"query-input\":{\"@type\":\"PropertyValueSpecification\",\"valueRequired\":true,\"valueName\":\"search_term_string\"}}],\"inLanguage\":\"es\"},{\"@type\":\"Organization\",\"@id\":\"https:\\\/\\\/www.editorialclaret.cat\\\/#organization\",\"name\":\"Editorial Claret\",\"url\":\"https:\\\/\\\/www.editorialclaret.cat\\\/\",\"logo\":{\"@type\":\"ImageObject\",\"inLanguage\":\"es\",\"@id\":\"https:\\\/\\\/www.editorialclaret.cat\\\/#\\\/schema\\\/logo\\\/image\\\/\",\"url\":\"https:\\\/\\\/www.editorialclaret.cat\\\/wp-content\\\/uploads\\\/.\\\/logo-claret.png\",\"contentUrl\":\"https:\\\/\\\/www.editorialclaret.cat\\\/wp-content\\\/uploads\\\/.\\\/logo-claret.png\",\"width\":194,\"height\":79,\"caption\":\"Editorial Claret\"},\"image\":{\"@id\":\"https:\\\/\\\/www.editorialclaret.cat\\\/#\\\/schema\\\/logo\\\/image\\\/\"}}]}<\/script>\n<!-- \/ Yoast SEO plugin. -->","yoast_head_json":{"title":"Editorial Claret","robots":{"index":"noindex","follow":"follow","max-snippet":"max-snippet:-1","max-image-preview":"max-image-preview:large","max-video-preview":"max-video-preview:-1"},"og_locale":"es_ES","og_type":"article","og_title":"EL REY QUE DESEABA EL TIEMPO - Editorial Claret","og_description":"JOS\u00c9PHINE, R\u00c9GINE; MANDIN","og_url":"https:\/\/www.editorialclaret.cat\/producte\/el-rey-que-deseaba-el-tiempo-8498461383\/","og_site_name":"Editorial Claret","article_modified_time":"2024-05-22T10:54:06+00:00","og_image":[{"width":257,"height":350,"url":"https:\/\/www.editorialclaret.cat\/wp-content\/uploads\/.\/9788498461381-1.jpg","type":"image\/jpeg"}],"twitter_card":"summary_large_image","twitter_misc":{"Tiempo de lectura":"1 minuto"},"schema":{"@context":"https:\/\/schema.org","@graph":[{"@type":"WebPage","@id":"https:\/\/www.editorialclaret.cat\/producte\/el-rey-que-deseaba-el-tiempo-8498461383\/","url":"https:\/\/www.editorialclaret.cat\/producte\/el-rey-que-deseaba-el-tiempo-8498461383\/","name":"EL REY QUE DESEABA EL TIEMPO - Editorial Claret","isPartOf":{"@id":"https:\/\/www.editorialclaret.cat\/#website"},"primaryImageOfPage":{"@id":"https:\/\/www.editorialclaret.cat\/producte\/el-rey-que-deseaba-el-tiempo-8498461383\/#primaryimage"},"image":{"@id":"https:\/\/www.editorialclaret.cat\/producte\/el-rey-que-deseaba-el-tiempo-8498461383\/#primaryimage"},"thumbnailUrl":"https:\/\/www.editorialclaret.cat\/wp-content\/uploads\/.\/9788498461381-1.jpg","datePublished":"2022-11-07T06:53:52+00:00","dateModified":"2024-05-22T10:54:06+00:00","breadcrumb":{"@id":"https:\/\/www.editorialclaret.cat\/producte\/el-rey-que-deseaba-el-tiempo-8498461383\/#breadcrumb"},"inLanguage":"es","potentialAction":[{"@type":"ReadAction","target":["https:\/\/www.editorialclaret.cat\/producte\/el-rey-que-deseaba-el-tiempo-8498461383\/"]}]},{"@type":"ImageObject","inLanguage":"es","@id":"https:\/\/www.editorialclaret.cat\/producte\/el-rey-que-deseaba-el-tiempo-8498461383\/#primaryimage","url":"https:\/\/www.editorialclaret.cat\/wp-content\/uploads\/.\/9788498461381-1.jpg","contentUrl":"https:\/\/www.editorialclaret.cat\/wp-content\/uploads\/.\/9788498461381-1.jpg","width":257,"height":350,"caption":"9788498461381.jpg"},{"@type":"BreadcrumbList","@id":"https:\/\/www.editorialclaret.cat\/producte\/el-rey-que-deseaba-el-tiempo-8498461383\/#breadcrumb","itemListElement":[{"@type":"ListItem","position":1,"name":"Portada","item":"https:\/\/www.editorialclaret.cat\/es\/"},{"@type":"ListItem","position":2,"name":"Botiga","item":"https:\/\/www.editorialclaret.cat\/?page_id=16"},{"@type":"ListItem","position":3,"name":"EL REY QUE DESEABA EL TIEMPO"}]},{"@type":"WebSite","@id":"https:\/\/www.editorialclaret.cat\/#website","url":"https:\/\/www.editorialclaret.cat\/","name":"Editorial Claret","description":"","publisher":{"@id":"https:\/\/www.editorialclaret.cat\/#organization"},"potentialAction":[{"@type":"SearchAction","target":{"@type":"EntryPoint","urlTemplate":"https:\/\/www.editorialclaret.cat\/?s={search_term_string}"},"query-input":{"@type":"PropertyValueSpecification","valueRequired":true,"valueName":"search_term_string"}}],"inLanguage":"es"},{"@type":"Organization","@id":"https:\/\/www.editorialclaret.cat\/#organization","name":"Editorial Claret","url":"https:\/\/www.editorialclaret.cat\/","logo":{"@type":"ImageObject","inLanguage":"es","@id":"https:\/\/www.editorialclaret.cat\/#\/schema\/logo\/image\/","url":"https:\/\/www.editorialclaret.cat\/wp-content\/uploads\/.\/logo-claret.png","contentUrl":"https:\/\/www.editorialclaret.cat\/wp-content\/uploads\/.\/logo-claret.png","width":194,"height":79,"caption":"Editorial Claret"},"image":{"@id":"https:\/\/www.editorialclaret.cat\/#\/schema\/logo\/image\/"}}]}},"_links":{"self":[{"href":"https:\/\/www.editorialclaret.cat\/es\/wp-json\/wp\/v2\/product\/48445","targetHints":{"allow":["GET"]}}],"collection":[{"href":"https:\/\/www.editorialclaret.cat\/es\/wp-json\/wp\/v2\/product"}],"about":[{"href":"https:\/\/www.editorialclaret.cat\/es\/wp-json\/wp\/v2\/types\/product"}],"wp:featuredmedia":[{"embeddable":true,"href":"https:\/\/www.editorialclaret.cat\/es\/wp-json\/wp\/v2\/media\/51983"}],"wp:attachment":[{"href":"https:\/\/www.editorialclaret.cat\/es\/wp-json\/wp\/v2\/media?parent=48445"}],"wp:term":[{"taxonomy":"product_brand","embeddable":true,"href":"https:\/\/www.editorialclaret.cat\/es\/wp-json\/wp\/v2\/product_brand?post=48445"},{"taxonomy":"product_cat","embeddable":true,"href":"https:\/\/www.editorialclaret.cat\/es\/wp-json\/wp\/v2\/product_cat?post=48445"},{"taxonomy":"product_tag","embeddable":true,"href":"https:\/\/www.editorialclaret.cat\/es\/wp-json\/wp\/v2\/product_tag?post=48445"}],"curies":[{"name":"wp","href":"https:\/\/api.w.org\/{rel}","templated":true}]}}