{"id":48357,"date":"2022-11-07T07:52:12","date_gmt":"2022-11-07T06:52:12","guid":{"rendered":"http:\/\/dev.editorialclaret.cat\/producte\/la-setena-direccio-el-conreu-de-la-interioritat\/"},"modified":"2024-05-22T12:59:08","modified_gmt":"2024-05-22T10:59:08","slug":"la-setena-direccio-el-conreu-de-la-interioritat-9788498462043","status":"publish","type":"product","link":"https:\/\/www.editorialclaret.cat\/es\/producto\/la-setena-direccio-el-conreu-de-la-interioritat-9788498462043\/","title":{"rendered":"LA SETENA DIRECCI\u00d3. EL CONREU DE LA INTERIORITAT"},"content":{"rendered":"<p>Conten els indis lakotes que quan Wakan Tanka havia disposat ja les sis direccions (l\u2019Est, el Sud, l\u2019Oest, el Nord, a dalt i a baix), s\u2019adon\u00e0 que li quedava per fixar la setena. Wakan Tanka sabia que la setena direcci\u00f3 era la m\u00e9s poderosa, la que contenia m\u00e9s saviesa, i volia situar-la all\u00e0 on no fos massa f\u00e0cil trobar-la. I va triar l\u2019\u00faltim lloc on pensen en buscar els \u00e9ssers humans: en el cor de cada persona.<br \/>Des d\u2019aleshores aquesta \u00e9s la direcci\u00f3 de la saviesa.<br \/>I sembla ser que no va establir l\u00edmits d\u2019edat per a la recerca de la setena direcci\u00f3&#8230; Potser pressuposava que al costat dels adults, i amb el seu ajut, els infants podrien desenvolupar aquelles eines tan necess\u00e0ries per poder rec\u00f3rrer els camins de la saviesa: l\u2019atenci\u00f3 sostinguda, el silenci interior, l\u2019inter\u00e8s per la realitat, la gratu\u00eftat&#8230;<br \/>Qui vulgui saber-ne m\u00e9s, trobar\u00e0 en aquestes p\u00e0gines algunes orientacions i propostes pr\u00e0ctiques que tenen per objectiu fer m\u00e9s planera la tasca.<br \/>Propostes aptes per a un ventall d\u2019edat ampli, pensades per poder ser adaptades en entorns educatius diversos (escola, lleure, fam\u00edlia&#8230;). Com m\u00e9s clar es veu el valor de cada una de les actituds que fonamenten el creixement interior, m\u00e9s f\u00e0cil resulta treure profit de les oportunitats que ofereix una situaci\u00f3, un grup, una edat, una activitat determinada&#8230; i all\u00f2 que podia semblar complicat, acaba resultant planer!<\/p>\n","protected":false},"excerpt":{"rendered":"<p>FRADERA, MARIA; GUARDANS,<\/p>\n","protected":false},"featured_media":48358,"template":"","meta":{"_acf_changed":false,"rs_blank_template":"","rs_page_bg_color":"","slide_template_v7":"","inline_featured_image":false,"_monsterinsights_skip_tracking":false,"_monsterinsights_sitenote_active":false,"_monsterinsights_sitenote_note":"","_monsterinsights_sitenote_category":0},"product_brand":[],"product_cat":[1290,1293,972,1209,1242,1005,1220,983,1219,982],"product_tag":[],"class_list":{"0":"post-48357","1":"product","2":"type-product","3":"status-publish","4":"has-post-thumbnail","6":"product_cat-a-cel-obert","7":"product_cat-a-cielo-abierto","8":"product_cat-cami-de-perfeccionament","9":"product_cat-camino-de-perfeccionamiento","10":"product_cat-en-general-pastoral-espiritualidad","11":"product_cat-en-general","12":"product_cat-meditaciones","13":"product_cat-meditacions","14":"product_cat-oracion","15":"product_cat-pregaria","17":"first","18":"instock","19":"taxable","20":"shipping-taxable","21":"purchasable","22":"product-type-simple"},"acf":{"autor":"FRADERA, MARIA; GUARDANS,","codart":"849846204","libros-coleccion":"A cel obert","ediciones":"1","encuadernacion":"R\u00fastica","fecha_de_publicacion":"25\/09\/2008","novedad":"0","paginas":"102","subtitulo":"EL CONREU DE LA INTERIORITAT","orden":"999","portada":"0","idioma":"cat","autores-libros":[{"ID":46981,"post_author":"3","post_date":"2022-11-06 20:32:36","post_date_gmt":"2022-11-06 19:32:36","post_content":"","post_title":"MARIA FRADERA","post_excerpt":"","post_status":"publish","comment_status":"closed","ping_status":"closed","post_password":"","post_name":"maria-fradera","to_ping":"","pinged":"","post_modified":"2022-11-06 20:32:36","post_modified_gmt":"2022-11-06 19:32:36","post_content_filtered":"","post_parent":0,"guid":"http:\/\/dev.editorialclaret.cat\/autor\/maria-fradera\/","menu_order":0,"post_type":"autor","post_mime_type":"","comment_count":"0","filter":"raw"},{"ID":47097,"post_author":"3","post_date":"2022-11-06 20:33:29","post_date_gmt":"2022-11-06 19:33:29","post_content":"","post_title":"TERESA GUARDANS","post_excerpt":"","post_status":"publish","comment_status":"closed","ping_status":"closed","post_password":"","post_name":"teresa-guardans","to_ping":"","pinged":"","post_modified":"2022-11-06 20:33:29","post_modified_gmt":"2022-11-06 19:33:29","post_content_filtered":"","post_parent":0,"guid":"http:\/\/dev.editorialclaret.cat\/autor\/teresa-guardans\/","menu_order":0,"post_type":"autor","post_mime_type":"","comment_count":"0","filter":"raw"}]},"yoast_head":"<!-- This site is optimized with the Yoast SEO plugin v27.3 - https:\/\/yoast.com\/product\/yoast-seo-wordpress\/ -->\n<title>Editorial Claret<\/title>\n<meta name=\"robots\" content=\"noindex, follow, max-snippet:-1, max-image-preview:large, max-video-preview:-1\" \/>\n<meta property=\"og:locale\" content=\"es_ES\" \/>\n<meta property=\"og:type\" content=\"article\" \/>\n<meta property=\"og:title\" content=\"LA SETENA DIRECCI\u00d3. EL CONREU DE LA INTERIORITAT - Editorial Claret\" \/>\n<meta property=\"og:description\" content=\"FRADERA, MARIA; GUARDANS,\" \/>\n<meta property=\"og:url\" content=\"https:\/\/www.editorialclaret.cat\/producte\/la-setena-direccio-el-conreu-de-la-interioritat-9788498462043\/\" \/>\n<meta property=\"og:site_name\" content=\"Editorial Claret\" \/>\n<meta property=\"article:modified_time\" content=\"2024-05-22T10:59:08+00:00\" \/>\n<meta property=\"og:image\" content=\"https:\/\/www.editorialclaret.cat\/wp-content\/uploads\/.\/9788498462043.jpg\" \/>\n\t<meta property=\"og:image:width\" content=\"225\" \/>\n\t<meta property=\"og:image:height\" content=\"333\" \/>\n\t<meta property=\"og:image:type\" content=\"image\/jpeg\" \/>\n<meta name=\"twitter:card\" content=\"summary_large_image\" \/>\n<meta name=\"twitter:label1\" content=\"Tiempo de lectura\" \/>\n\t<meta name=\"twitter:data1\" content=\"1 minuto\" \/>\n<script type=\"application\/ld+json\" class=\"yoast-schema-graph\">{\"@context\":\"https:\\\/\\\/schema.org\",\"@graph\":[{\"@type\":\"WebPage\",\"@id\":\"https:\\\/\\\/www.editorialclaret.cat\\\/producte\\\/la-setena-direccio-el-conreu-de-la-interioritat-9788498462043\\\/\",\"url\":\"https:\\\/\\\/www.editorialclaret.cat\\\/producte\\\/la-setena-direccio-el-conreu-de-la-interioritat-9788498462043\\\/\",\"name\":\"LA SETENA DIRECCI\u00d3. EL CONREU DE LA INTERIORITAT - Editorial Claret\",\"isPartOf\":{\"@id\":\"https:\\\/\\\/www.editorialclaret.cat\\\/#website\"},\"primaryImageOfPage\":{\"@id\":\"https:\\\/\\\/www.editorialclaret.cat\\\/producte\\\/la-setena-direccio-el-conreu-de-la-interioritat-9788498462043\\\/#primaryimage\"},\"image\":{\"@id\":\"https:\\\/\\\/www.editorialclaret.cat\\\/producte\\\/la-setena-direccio-el-conreu-de-la-interioritat-9788498462043\\\/#primaryimage\"},\"thumbnailUrl\":\"https:\\\/\\\/www.editorialclaret.cat\\\/wp-content\\\/uploads\\\/.\\\/9788498462043.jpg\",\"datePublished\":\"2022-11-07T06:52:12+00:00\",\"dateModified\":\"2024-05-22T10:59:08+00:00\",\"breadcrumb\":{\"@id\":\"https:\\\/\\\/www.editorialclaret.cat\\\/producte\\\/la-setena-direccio-el-conreu-de-la-interioritat-9788498462043\\\/#breadcrumb\"},\"inLanguage\":\"es\",\"potentialAction\":[{\"@type\":\"ReadAction\",\"target\":[\"https:\\\/\\\/www.editorialclaret.cat\\\/producte\\\/la-setena-direccio-el-conreu-de-la-interioritat-9788498462043\\\/\"]}]},{\"@type\":\"ImageObject\",\"inLanguage\":\"es\",\"@id\":\"https:\\\/\\\/www.editorialclaret.cat\\\/producte\\\/la-setena-direccio-el-conreu-de-la-interioritat-9788498462043\\\/#primaryimage\",\"url\":\"https:\\\/\\\/www.editorialclaret.cat\\\/wp-content\\\/uploads\\\/.\\\/9788498462043.jpg\",\"contentUrl\":\"https:\\\/\\\/www.editorialclaret.cat\\\/wp-content\\\/uploads\\\/.\\\/9788498462043.jpg\",\"width\":225,\"height\":333,\"caption\":\"9788498462043.jpg\"},{\"@type\":\"BreadcrumbList\",\"@id\":\"https:\\\/\\\/www.editorialclaret.cat\\\/producte\\\/la-setena-direccio-el-conreu-de-la-interioritat-9788498462043\\\/#breadcrumb\",\"itemListElement\":[{\"@type\":\"ListItem\",\"position\":1,\"name\":\"Portada\",\"item\":\"https:\\\/\\\/www.editorialclaret.cat\\\/es\\\/\"},{\"@type\":\"ListItem\",\"position\":2,\"name\":\"Botiga\",\"item\":\"https:\\\/\\\/www.editorialclaret.cat\\\/?page_id=16\"},{\"@type\":\"ListItem\",\"position\":3,\"name\":\"LA SETENA DIRECCI\u00d3. EL CONREU DE LA INTERIORITAT\"}]},{\"@type\":\"WebSite\",\"@id\":\"https:\\\/\\\/www.editorialclaret.cat\\\/#website\",\"url\":\"https:\\\/\\\/www.editorialclaret.cat\\\/\",\"name\":\"Editorial Claret\",\"description\":\"\",\"publisher\":{\"@id\":\"https:\\\/\\\/www.editorialclaret.cat\\\/#organization\"},\"potentialAction\":[{\"@type\":\"SearchAction\",\"target\":{\"@type\":\"EntryPoint\",\"urlTemplate\":\"https:\\\/\\\/www.editorialclaret.cat\\\/?s={search_term_string}\"},\"query-input\":{\"@type\":\"PropertyValueSpecification\",\"valueRequired\":true,\"valueName\":\"search_term_string\"}}],\"inLanguage\":\"es\"},{\"@type\":\"Organization\",\"@id\":\"https:\\\/\\\/www.editorialclaret.cat\\\/#organization\",\"name\":\"Editorial Claret\",\"url\":\"https:\\\/\\\/www.editorialclaret.cat\\\/\",\"logo\":{\"@type\":\"ImageObject\",\"inLanguage\":\"es\",\"@id\":\"https:\\\/\\\/www.editorialclaret.cat\\\/#\\\/schema\\\/logo\\\/image\\\/\",\"url\":\"https:\\\/\\\/www.editorialclaret.cat\\\/wp-content\\\/uploads\\\/.\\\/logo-claret.png\",\"contentUrl\":\"https:\\\/\\\/www.editorialclaret.cat\\\/wp-content\\\/uploads\\\/.\\\/logo-claret.png\",\"width\":194,\"height\":79,\"caption\":\"Editorial Claret\"},\"image\":{\"@id\":\"https:\\\/\\\/www.editorialclaret.cat\\\/#\\\/schema\\\/logo\\\/image\\\/\"}}]}<\/script>\n<!-- \/ Yoast SEO plugin. -->","yoast_head_json":{"title":"Editorial Claret","robots":{"index":"noindex","follow":"follow","max-snippet":"max-snippet:-1","max-image-preview":"max-image-preview:large","max-video-preview":"max-video-preview:-1"},"og_locale":"es_ES","og_type":"article","og_title":"LA SETENA DIRECCI\u00d3. EL CONREU DE LA INTERIORITAT - Editorial Claret","og_description":"FRADERA, MARIA; GUARDANS,","og_url":"https:\/\/www.editorialclaret.cat\/producte\/la-setena-direccio-el-conreu-de-la-interioritat-9788498462043\/","og_site_name":"Editorial Claret","article_modified_time":"2024-05-22T10:59:08+00:00","og_image":[{"width":225,"height":333,"url":"https:\/\/www.editorialclaret.cat\/wp-content\/uploads\/.\/9788498462043.jpg","type":"image\/jpeg"}],"twitter_card":"summary_large_image","twitter_misc":{"Tiempo de lectura":"1 minuto"},"schema":{"@context":"https:\/\/schema.org","@graph":[{"@type":"WebPage","@id":"https:\/\/www.editorialclaret.cat\/producte\/la-setena-direccio-el-conreu-de-la-interioritat-9788498462043\/","url":"https:\/\/www.editorialclaret.cat\/producte\/la-setena-direccio-el-conreu-de-la-interioritat-9788498462043\/","name":"LA SETENA DIRECCI\u00d3. EL CONREU DE LA INTERIORITAT - Editorial Claret","isPartOf":{"@id":"https:\/\/www.editorialclaret.cat\/#website"},"primaryImageOfPage":{"@id":"https:\/\/www.editorialclaret.cat\/producte\/la-setena-direccio-el-conreu-de-la-interioritat-9788498462043\/#primaryimage"},"image":{"@id":"https:\/\/www.editorialclaret.cat\/producte\/la-setena-direccio-el-conreu-de-la-interioritat-9788498462043\/#primaryimage"},"thumbnailUrl":"https:\/\/www.editorialclaret.cat\/wp-content\/uploads\/.\/9788498462043.jpg","datePublished":"2022-11-07T06:52:12+00:00","dateModified":"2024-05-22T10:59:08+00:00","breadcrumb":{"@id":"https:\/\/www.editorialclaret.cat\/producte\/la-setena-direccio-el-conreu-de-la-interioritat-9788498462043\/#breadcrumb"},"inLanguage":"es","potentialAction":[{"@type":"ReadAction","target":["https:\/\/www.editorialclaret.cat\/producte\/la-setena-direccio-el-conreu-de-la-interioritat-9788498462043\/"]}]},{"@type":"ImageObject","inLanguage":"es","@id":"https:\/\/www.editorialclaret.cat\/producte\/la-setena-direccio-el-conreu-de-la-interioritat-9788498462043\/#primaryimage","url":"https:\/\/www.editorialclaret.cat\/wp-content\/uploads\/.\/9788498462043.jpg","contentUrl":"https:\/\/www.editorialclaret.cat\/wp-content\/uploads\/.\/9788498462043.jpg","width":225,"height":333,"caption":"9788498462043.jpg"},{"@type":"BreadcrumbList","@id":"https:\/\/www.editorialclaret.cat\/producte\/la-setena-direccio-el-conreu-de-la-interioritat-9788498462043\/#breadcrumb","itemListElement":[{"@type":"ListItem","position":1,"name":"Portada","item":"https:\/\/www.editorialclaret.cat\/es\/"},{"@type":"ListItem","position":2,"name":"Botiga","item":"https:\/\/www.editorialclaret.cat\/?page_id=16"},{"@type":"ListItem","position":3,"name":"LA SETENA DIRECCI\u00d3. EL CONREU DE LA INTERIORITAT"}]},{"@type":"WebSite","@id":"https:\/\/www.editorialclaret.cat\/#website","url":"https:\/\/www.editorialclaret.cat\/","name":"Editorial Claret","description":"","publisher":{"@id":"https:\/\/www.editorialclaret.cat\/#organization"},"potentialAction":[{"@type":"SearchAction","target":{"@type":"EntryPoint","urlTemplate":"https:\/\/www.editorialclaret.cat\/?s={search_term_string}"},"query-input":{"@type":"PropertyValueSpecification","valueRequired":true,"valueName":"search_term_string"}}],"inLanguage":"es"},{"@type":"Organization","@id":"https:\/\/www.editorialclaret.cat\/#organization","name":"Editorial Claret","url":"https:\/\/www.editorialclaret.cat\/","logo":{"@type":"ImageObject","inLanguage":"es","@id":"https:\/\/www.editorialclaret.cat\/#\/schema\/logo\/image\/","url":"https:\/\/www.editorialclaret.cat\/wp-content\/uploads\/.\/logo-claret.png","contentUrl":"https:\/\/www.editorialclaret.cat\/wp-content\/uploads\/.\/logo-claret.png","width":194,"height":79,"caption":"Editorial Claret"},"image":{"@id":"https:\/\/www.editorialclaret.cat\/#\/schema\/logo\/image\/"}}]}},"_links":{"self":[{"href":"https:\/\/www.editorialclaret.cat\/es\/wp-json\/wp\/v2\/product\/48357","targetHints":{"allow":["GET"]}}],"collection":[{"href":"https:\/\/www.editorialclaret.cat\/es\/wp-json\/wp\/v2\/product"}],"about":[{"href":"https:\/\/www.editorialclaret.cat\/es\/wp-json\/wp\/v2\/types\/product"}],"wp:featuredmedia":[{"embeddable":true,"href":"https:\/\/www.editorialclaret.cat\/es\/wp-json\/wp\/v2\/media\/48358"}],"wp:attachment":[{"href":"https:\/\/www.editorialclaret.cat\/es\/wp-json\/wp\/v2\/media?parent=48357"}],"wp:term":[{"taxonomy":"product_brand","embeddable":true,"href":"https:\/\/www.editorialclaret.cat\/es\/wp-json\/wp\/v2\/product_brand?post=48357"},{"taxonomy":"product_cat","embeddable":true,"href":"https:\/\/www.editorialclaret.cat\/es\/wp-json\/wp\/v2\/product_cat?post=48357"},{"taxonomy":"product_tag","embeddable":true,"href":"https:\/\/www.editorialclaret.cat\/es\/wp-json\/wp\/v2\/product_tag?post=48357"}],"curies":[{"name":"wp","href":"https:\/\/api.w.org\/{rel}","templated":true}]}}