{"id":48342,"date":"2022-11-07T07:51:54","date_gmt":"2022-11-07T06:51:54","guid":{"rendered":"http:\/\/dev.editorialclaret.cat\/producte\/riquesa-global-pobresa-mundial\/"},"modified":"2024-05-22T13:03:30","modified_gmt":"2024-05-22T11:03:30","slug":"riquesa-global-pobresa-mundial-9788498462463","status":"publish","type":"product","link":"https:\/\/www.editorialclaret.cat\/es\/producto\/riquesa-global-pobresa-mundial-9788498462463\/","title":{"rendered":"RIQUESA GLOBAL, POBRESA MUNDIAL"},"content":{"rendered":"<p>El mot crisi s\u2019ha posat damunt la taula i probablement amb m\u00e9s ra\u00f3 que mai. Al marge dels daltabaixos financers, connaturals a l\u2019economia de lliure mercat, els d\u00e8ficits energ\u00e8tics i alimentaris han esdevingut una preocupaci\u00f3 rellevant. En el cas energ\u00e8tic sobretot pels pa\u00efsos del Nord i en l\u2019alimentari pels del Sud.<br \/>El treball que aqu\u00ed es presenta t\u00e9 un ben fonamentat car\u00e0cter multidisciplinar, imprescindible. S\u2019hi relliguen din\u00e0micament i amb tota naturalitat, les desigualtats econ\u00f2miques, els d\u00e8ficits pol\u00edtics, les dificultats socials, i les mancances jur\u00eddiques.<br \/>Pere Codinachs ens presenta la visi\u00f3 de l\u2019economia solid\u00e0ria, del creixement comunitari, de la diversitat cultural, de la responsabilitat \u00e8tica, de l\u2019actitud dialogada i no violenta i del car\u00e0cter interdependent  dels fen\u00f2mens socials.<br \/>Ens trobem, doncs, davant d\u2019un llibre que sens dubte representa un meritori esfor\u00e7 d\u2019explicaci\u00f3 del m\u00f3n que ens envolta, un balan\u00e7 dels seus valors i unes compromeses i engrescadores propostes d\u2019acci\u00f3. Per\u00f2 sobretot ens trobem davant d\u2019un acte de fe en la condici\u00f3 humana i d\u2019esperan\u00e7a en la seva positiva evoluci\u00f3.<\/p>\n","protected":false},"excerpt":{"rendered":"<p>CODINACHS VERDAGUER, PERE<\/p>\n","protected":false},"featured_media":48343,"template":"","meta":{"_acf_changed":false,"rs_blank_template":"","rs_page_bg_color":"","slide_template_v7":"","inline_featured_image":false,"_monsterinsights_skip_tracking":false,"_monsterinsights_sitenote_active":false,"_monsterinsights_sitenote_note":"","_monsterinsights_sitenote_category":0},"product_brand":[],"product_cat":[899,1136,1025,1262,919,1156,1235,998,1137,900],"product_tag":[],"class_list":{"0":"post-48342","1":"product","2":"type-product","3":"status-publish","4":"has-post-thumbnail","6":"product_cat-economica-i-politica","7":"product_cat-economica-y-politica","8":"product_cat-moral-social-i-politica","9":"product_cat-moral-social-y-politica","10":"product_cat-social-i-economica","11":"product_cat-social-y-economica","12":"product_cat-sociales-y-obrera","13":"product_cat-socials-i-obrera","14":"product_cat-valores-y-convivencia","15":"product_cat-valors-i-convivencia","17":"first","18":"instock","19":"taxable","20":"shipping-taxable","21":"purchasable","22":"product-type-simple"},"acf":{"autor":"CODINACHS VERDAGUER, PERE","codart":"849846246","libros-coleccion":"","ediciones":"1","encuadernacion":"R\u00fastica","fecha_de_publicacion":"07\/11\/2008","novedad":"0","paginas":"206","subtitulo":"UN FUTUR INQUIETANT","orden":"999","portada":"0","idioma":"cat","autores-libros":[{"ID":46742,"post_author":"3","post_date":"2022-11-06 20:30:47","post_date_gmt":"2022-11-06 19:30:47","post_content":"","post_title":"ARCADI (prol) OLIVERES","post_excerpt":"","post_status":"publish","comment_status":"closed","ping_status":"closed","post_password":"","post_name":"arcadi-prol-oliveres","to_ping":"","pinged":"","post_modified":"2022-11-06 20:30:47","post_modified_gmt":"2022-11-06 19:30:47","post_content_filtered":"","post_parent":0,"guid":"http:\/\/dev.editorialclaret.cat\/autor\/arcadi-prol-oliveres\/","menu_order":0,"post_type":"autor","post_mime_type":"","comment_count":"0","filter":"raw"},{"ID":47038,"post_author":"3","post_date":"2022-11-06 20:33:03","post_date_gmt":"2022-11-06 19:33:03","post_content":"","post_title":"PERE CODINACHS VERDAGUER","post_excerpt":"","post_status":"publish","comment_status":"closed","ping_status":"closed","post_password":"","post_name":"pere-codinachs-verdaguer","to_ping":"","pinged":"","post_modified":"2022-11-06 20:33:03","post_modified_gmt":"2022-11-06 19:33:03","post_content_filtered":"","post_parent":0,"guid":"http:\/\/dev.editorialclaret.cat\/autor\/pere-codinachs-verdaguer\/","menu_order":0,"post_type":"autor","post_mime_type":"","comment_count":"0","filter":"raw"}]},"yoast_head":"<!-- This site is optimized with the Yoast SEO plugin v27.3 - https:\/\/yoast.com\/product\/yoast-seo-wordpress\/ -->\n<title>Editorial Claret<\/title>\n<meta name=\"robots\" content=\"noindex, follow, max-snippet:-1, max-image-preview:large, max-video-preview:-1\" \/>\n<meta property=\"og:locale\" content=\"es_ES\" \/>\n<meta property=\"og:type\" content=\"article\" \/>\n<meta property=\"og:title\" content=\"RIQUESA GLOBAL, POBRESA MUNDIAL - Editorial Claret\" \/>\n<meta property=\"og:description\" content=\"CODINACHS VERDAGUER, PERE\" \/>\n<meta property=\"og:url\" content=\"https:\/\/www.editorialclaret.cat\/producte\/riquesa-global-pobresa-mundial-9788498462463\/\" \/>\n<meta property=\"og:site_name\" content=\"Editorial Claret\" \/>\n<meta property=\"article:modified_time\" content=\"2024-05-22T11:03:30+00:00\" \/>\n<meta property=\"og:image\" content=\"https:\/\/www.editorialclaret.cat\/wp-content\/uploads\/.\/9788498462463.jpg\" \/>\n\t<meta property=\"og:image:width\" content=\"221\" \/>\n\t<meta property=\"og:image:height\" content=\"345\" \/>\n\t<meta property=\"og:image:type\" content=\"image\/jpeg\" \/>\n<meta name=\"twitter:card\" content=\"summary_large_image\" \/>\n<meta name=\"twitter:label1\" content=\"Tiempo de lectura\" \/>\n\t<meta name=\"twitter:data1\" content=\"1 minuto\" \/>\n<script type=\"application\/ld+json\" class=\"yoast-schema-graph\">{\"@context\":\"https:\\\/\\\/schema.org\",\"@graph\":[{\"@type\":\"WebPage\",\"@id\":\"https:\\\/\\\/www.editorialclaret.cat\\\/producte\\\/riquesa-global-pobresa-mundial-9788498462463\\\/\",\"url\":\"https:\\\/\\\/www.editorialclaret.cat\\\/producte\\\/riquesa-global-pobresa-mundial-9788498462463\\\/\",\"name\":\"RIQUESA GLOBAL, POBRESA MUNDIAL - Editorial Claret\",\"isPartOf\":{\"@id\":\"https:\\\/\\\/www.editorialclaret.cat\\\/#website\"},\"primaryImageOfPage\":{\"@id\":\"https:\\\/\\\/www.editorialclaret.cat\\\/producte\\\/riquesa-global-pobresa-mundial-9788498462463\\\/#primaryimage\"},\"image\":{\"@id\":\"https:\\\/\\\/www.editorialclaret.cat\\\/producte\\\/riquesa-global-pobresa-mundial-9788498462463\\\/#primaryimage\"},\"thumbnailUrl\":\"https:\\\/\\\/www.editorialclaret.cat\\\/wp-content\\\/uploads\\\/.\\\/9788498462463.jpg\",\"datePublished\":\"2022-11-07T06:51:54+00:00\",\"dateModified\":\"2024-05-22T11:03:30+00:00\",\"breadcrumb\":{\"@id\":\"https:\\\/\\\/www.editorialclaret.cat\\\/producte\\\/riquesa-global-pobresa-mundial-9788498462463\\\/#breadcrumb\"},\"inLanguage\":\"es\",\"potentialAction\":[{\"@type\":\"ReadAction\",\"target\":[\"https:\\\/\\\/www.editorialclaret.cat\\\/producte\\\/riquesa-global-pobresa-mundial-9788498462463\\\/\"]}]},{\"@type\":\"ImageObject\",\"inLanguage\":\"es\",\"@id\":\"https:\\\/\\\/www.editorialclaret.cat\\\/producte\\\/riquesa-global-pobresa-mundial-9788498462463\\\/#primaryimage\",\"url\":\"https:\\\/\\\/www.editorialclaret.cat\\\/wp-content\\\/uploads\\\/.\\\/9788498462463.jpg\",\"contentUrl\":\"https:\\\/\\\/www.editorialclaret.cat\\\/wp-content\\\/uploads\\\/.\\\/9788498462463.jpg\",\"width\":221,\"height\":345,\"caption\":\"9788498462463.jpg\"},{\"@type\":\"BreadcrumbList\",\"@id\":\"https:\\\/\\\/www.editorialclaret.cat\\\/producte\\\/riquesa-global-pobresa-mundial-9788498462463\\\/#breadcrumb\",\"itemListElement\":[{\"@type\":\"ListItem\",\"position\":1,\"name\":\"Portada\",\"item\":\"https:\\\/\\\/www.editorialclaret.cat\\\/es\\\/\"},{\"@type\":\"ListItem\",\"position\":2,\"name\":\"Botiga\",\"item\":\"https:\\\/\\\/www.editorialclaret.cat\\\/?page_id=16\"},{\"@type\":\"ListItem\",\"position\":3,\"name\":\"RIQUESA GLOBAL, POBRESA MUNDIAL\"}]},{\"@type\":\"WebSite\",\"@id\":\"https:\\\/\\\/www.editorialclaret.cat\\\/#website\",\"url\":\"https:\\\/\\\/www.editorialclaret.cat\\\/\",\"name\":\"Editorial Claret\",\"description\":\"\",\"publisher\":{\"@id\":\"https:\\\/\\\/www.editorialclaret.cat\\\/#organization\"},\"potentialAction\":[{\"@type\":\"SearchAction\",\"target\":{\"@type\":\"EntryPoint\",\"urlTemplate\":\"https:\\\/\\\/www.editorialclaret.cat\\\/?s={search_term_string}\"},\"query-input\":{\"@type\":\"PropertyValueSpecification\",\"valueRequired\":true,\"valueName\":\"search_term_string\"}}],\"inLanguage\":\"es\"},{\"@type\":\"Organization\",\"@id\":\"https:\\\/\\\/www.editorialclaret.cat\\\/#organization\",\"name\":\"Editorial Claret\",\"url\":\"https:\\\/\\\/www.editorialclaret.cat\\\/\",\"logo\":{\"@type\":\"ImageObject\",\"inLanguage\":\"es\",\"@id\":\"https:\\\/\\\/www.editorialclaret.cat\\\/#\\\/schema\\\/logo\\\/image\\\/\",\"url\":\"https:\\\/\\\/www.editorialclaret.cat\\\/wp-content\\\/uploads\\\/.\\\/logo-claret.png\",\"contentUrl\":\"https:\\\/\\\/www.editorialclaret.cat\\\/wp-content\\\/uploads\\\/.\\\/logo-claret.png\",\"width\":194,\"height\":79,\"caption\":\"Editorial Claret\"},\"image\":{\"@id\":\"https:\\\/\\\/www.editorialclaret.cat\\\/#\\\/schema\\\/logo\\\/image\\\/\"}}]}<\/script>\n<!-- \/ Yoast SEO plugin. -->","yoast_head_json":{"title":"Editorial Claret","robots":{"index":"noindex","follow":"follow","max-snippet":"max-snippet:-1","max-image-preview":"max-image-preview:large","max-video-preview":"max-video-preview:-1"},"og_locale":"es_ES","og_type":"article","og_title":"RIQUESA GLOBAL, POBRESA MUNDIAL - Editorial Claret","og_description":"CODINACHS VERDAGUER, PERE","og_url":"https:\/\/www.editorialclaret.cat\/producte\/riquesa-global-pobresa-mundial-9788498462463\/","og_site_name":"Editorial Claret","article_modified_time":"2024-05-22T11:03:30+00:00","og_image":[{"width":221,"height":345,"url":"https:\/\/www.editorialclaret.cat\/wp-content\/uploads\/.\/9788498462463.jpg","type":"image\/jpeg"}],"twitter_card":"summary_large_image","twitter_misc":{"Tiempo de lectura":"1 minuto"},"schema":{"@context":"https:\/\/schema.org","@graph":[{"@type":"WebPage","@id":"https:\/\/www.editorialclaret.cat\/producte\/riquesa-global-pobresa-mundial-9788498462463\/","url":"https:\/\/www.editorialclaret.cat\/producte\/riquesa-global-pobresa-mundial-9788498462463\/","name":"RIQUESA GLOBAL, POBRESA MUNDIAL - Editorial Claret","isPartOf":{"@id":"https:\/\/www.editorialclaret.cat\/#website"},"primaryImageOfPage":{"@id":"https:\/\/www.editorialclaret.cat\/producte\/riquesa-global-pobresa-mundial-9788498462463\/#primaryimage"},"image":{"@id":"https:\/\/www.editorialclaret.cat\/producte\/riquesa-global-pobresa-mundial-9788498462463\/#primaryimage"},"thumbnailUrl":"https:\/\/www.editorialclaret.cat\/wp-content\/uploads\/.\/9788498462463.jpg","datePublished":"2022-11-07T06:51:54+00:00","dateModified":"2024-05-22T11:03:30+00:00","breadcrumb":{"@id":"https:\/\/www.editorialclaret.cat\/producte\/riquesa-global-pobresa-mundial-9788498462463\/#breadcrumb"},"inLanguage":"es","potentialAction":[{"@type":"ReadAction","target":["https:\/\/www.editorialclaret.cat\/producte\/riquesa-global-pobresa-mundial-9788498462463\/"]}]},{"@type":"ImageObject","inLanguage":"es","@id":"https:\/\/www.editorialclaret.cat\/producte\/riquesa-global-pobresa-mundial-9788498462463\/#primaryimage","url":"https:\/\/www.editorialclaret.cat\/wp-content\/uploads\/.\/9788498462463.jpg","contentUrl":"https:\/\/www.editorialclaret.cat\/wp-content\/uploads\/.\/9788498462463.jpg","width":221,"height":345,"caption":"9788498462463.jpg"},{"@type":"BreadcrumbList","@id":"https:\/\/www.editorialclaret.cat\/producte\/riquesa-global-pobresa-mundial-9788498462463\/#breadcrumb","itemListElement":[{"@type":"ListItem","position":1,"name":"Portada","item":"https:\/\/www.editorialclaret.cat\/es\/"},{"@type":"ListItem","position":2,"name":"Botiga","item":"https:\/\/www.editorialclaret.cat\/?page_id=16"},{"@type":"ListItem","position":3,"name":"RIQUESA GLOBAL, POBRESA MUNDIAL"}]},{"@type":"WebSite","@id":"https:\/\/www.editorialclaret.cat\/#website","url":"https:\/\/www.editorialclaret.cat\/","name":"Editorial Claret","description":"","publisher":{"@id":"https:\/\/www.editorialclaret.cat\/#organization"},"potentialAction":[{"@type":"SearchAction","target":{"@type":"EntryPoint","urlTemplate":"https:\/\/www.editorialclaret.cat\/?s={search_term_string}"},"query-input":{"@type":"PropertyValueSpecification","valueRequired":true,"valueName":"search_term_string"}}],"inLanguage":"es"},{"@type":"Organization","@id":"https:\/\/www.editorialclaret.cat\/#organization","name":"Editorial Claret","url":"https:\/\/www.editorialclaret.cat\/","logo":{"@type":"ImageObject","inLanguage":"es","@id":"https:\/\/www.editorialclaret.cat\/#\/schema\/logo\/image\/","url":"https:\/\/www.editorialclaret.cat\/wp-content\/uploads\/.\/logo-claret.png","contentUrl":"https:\/\/www.editorialclaret.cat\/wp-content\/uploads\/.\/logo-claret.png","width":194,"height":79,"caption":"Editorial Claret"},"image":{"@id":"https:\/\/www.editorialclaret.cat\/#\/schema\/logo\/image\/"}}]}},"_links":{"self":[{"href":"https:\/\/www.editorialclaret.cat\/es\/wp-json\/wp\/v2\/product\/48342","targetHints":{"allow":["GET"]}}],"collection":[{"href":"https:\/\/www.editorialclaret.cat\/es\/wp-json\/wp\/v2\/product"}],"about":[{"href":"https:\/\/www.editorialclaret.cat\/es\/wp-json\/wp\/v2\/types\/product"}],"wp:featuredmedia":[{"embeddable":true,"href":"https:\/\/www.editorialclaret.cat\/es\/wp-json\/wp\/v2\/media\/48343"}],"wp:attachment":[{"href":"https:\/\/www.editorialclaret.cat\/es\/wp-json\/wp\/v2\/media?parent=48342"}],"wp:term":[{"taxonomy":"product_brand","embeddable":true,"href":"https:\/\/www.editorialclaret.cat\/es\/wp-json\/wp\/v2\/product_brand?post=48342"},{"taxonomy":"product_cat","embeddable":true,"href":"https:\/\/www.editorialclaret.cat\/es\/wp-json\/wp\/v2\/product_cat?post=48342"},{"taxonomy":"product_tag","embeddable":true,"href":"https:\/\/www.editorialclaret.cat\/es\/wp-json\/wp\/v2\/product_tag?post=48342"}],"curies":[{"name":"wp","href":"https:\/\/api.w.org\/{rel}","templated":true}]}}