{"id":48222,"date":"2022-11-07T07:49:46","date_gmt":"2022-11-07T06:49:46","guid":{"rendered":"http:\/\/dev.editorialclaret.cat\/producte\/el-beato-josep-samso-i-elias\/"},"modified":"2024-05-22T13:07:54","modified_gmt":"2024-05-22T11:07:54","slug":"el-beato-josep-samso-i-elias-9788498463781","status":"publish","type":"product","link":"https:\/\/www.editorialclaret.cat\/es\/producto\/el-beato-josep-samso-i-elias-9788498463781\/","title":{"rendered":"EL BEATO JOSEP SAMS\u00d3 I ELIAS"},"content":{"rendered":"<p>A finales de agosto de 1936 se concentr\u00f3 en Matar\u00f3 una columna de milicianos, procedentes de varias localidades del Maresme, que se dirig\u00edan al frente de Arag\u00f3n para combatir. Antes de dejar la ciudad, los milicianos exigieron pasar por las armas a cuantos estaban encerrados en la prisi\u00f3n por motivos antirrevolucionarios, como compensaci\u00f3n per la sangre que ellos iban a derramar. Las autoridades de la ciudad quisieron evitar la masacre, y finalmente se lleg\u00f3 a una soluci\u00f3n de compromiso: \u00fanicamente ser\u00eda fusilado el p\u00e1rroco de Santa Mar\u00eda, el Dr. Josep Sams\u00f3 i Elias. Su vida fue el precio de rescate de sus compa\u00f1eros de cautiverio.<br \/>Ahora, casi 75 a\u00f1os despu\u00e9s de su martirio, el Dr. Sams\u00f3 ha sido beatificado en la misma ciudad de Matar\u00f3 en donde fue fusilado. Esta biograf\u00eda recuerda su figura, que es principalmente la de un pastor entregado al servicio de su parroquia y de sus feligreses. El recuerdo del Dr. Sams\u00f3 y su beatificaci\u00f3n son especialmente oportunos en este A\u00f1o Sacerdotal 2009-2010 convocado por el Papa.<\/p>\n","protected":false},"excerpt":{"rendered":"<p>REIXACH PUIG, RAMON<\/p>\n","protected":false},"featured_media":48223,"template":"","meta":{"_acf_changed":false,"rs_blank_template":"","rs_page_bg_color":"","slide_template_v7":"","inline_featured_image":false,"_monsterinsights_skip_tracking":false,"_monsterinsights_sitenote_active":false,"_monsterinsights_sitenote_note":"","_monsterinsights_sitenote_category":0},"product_brand":[],"product_cat":[16],"product_tag":[],"class_list":{"0":"post-48222","1":"product","2":"type-product","3":"status-publish","4":"has-post-thumbnail","6":"product_cat-sense-categoria","8":"first","9":"instock","10":"taxable","11":"shipping-taxable","12":"purchasable","13":"product-type-simple"},"acf":{"autor":"REIXACH PUIG, RAMON","codart":"849846378","libros-coleccion":"","ediciones":"1","encuadernacion":"[Vac\u00edo]","fecha_de_publicacion":"05\/03\/2010","novedad":"0","paginas":"192","subtitulo":"1887-1936","orden":"999","portada":"0","idioma":"spa","autores-libros":[{"ID":47050,"post_author":"3","post_date":"2022-11-06 20:33:09","post_date_gmt":"2022-11-06 19:33:09","post_content":"","post_title":"RAMON REIXACH PUIG","post_excerpt":"","post_status":"publish","comment_status":"closed","ping_status":"closed","post_password":"","post_name":"ramon-reixach-puig","to_ping":"","pinged":"","post_modified":"2022-11-06 20:33:09","post_modified_gmt":"2022-11-06 19:33:09","post_content_filtered":"","post_parent":0,"guid":"http:\/\/dev.editorialclaret.cat\/autor\/ramon-reixach-puig\/","menu_order":0,"post_type":"autor","post_mime_type":"","comment_count":"0","filter":"raw"}]},"yoast_head":"<!-- This site is optimized with the Yoast SEO plugin v27.3 - https:\/\/yoast.com\/product\/yoast-seo-wordpress\/ -->\n<title>Editorial Claret<\/title>\n<meta name=\"robots\" content=\"noindex, follow, max-snippet:-1, max-image-preview:large, max-video-preview:-1\" \/>\n<meta property=\"og:locale\" content=\"es_ES\" \/>\n<meta property=\"og:type\" content=\"article\" \/>\n<meta property=\"og:title\" content=\"EL BEATO JOSEP SAMS\u00d3 I ELIAS - Editorial Claret\" \/>\n<meta property=\"og:description\" content=\"REIXACH PUIG, RAMON\" \/>\n<meta property=\"og:url\" content=\"https:\/\/www.editorialclaret.cat\/producte\/el-beato-josep-samso-i-elias-9788498463781\/\" \/>\n<meta property=\"og:site_name\" content=\"Editorial Claret\" \/>\n<meta property=\"article:modified_time\" content=\"2024-05-22T11:07:54+00:00\" \/>\n<meta property=\"og:image\" content=\"https:\/\/www.editorialclaret.cat\/wp-content\/uploads\/.\/9788498463781.jpg\" \/>\n\t<meta property=\"og:image:width\" content=\"225\" \/>\n\t<meta property=\"og:image:height\" content=\"331\" \/>\n\t<meta property=\"og:image:type\" content=\"image\/jpeg\" \/>\n<meta name=\"twitter:card\" content=\"summary_large_image\" \/>\n<meta name=\"twitter:label1\" content=\"Tiempo de lectura\" \/>\n\t<meta name=\"twitter:data1\" content=\"1 minuto\" \/>\n<script type=\"application\/ld+json\" class=\"yoast-schema-graph\">{\"@context\":\"https:\\\/\\\/schema.org\",\"@graph\":[{\"@type\":\"WebPage\",\"@id\":\"https:\\\/\\\/www.editorialclaret.cat\\\/producte\\\/el-beato-josep-samso-i-elias-9788498463781\\\/\",\"url\":\"https:\\\/\\\/www.editorialclaret.cat\\\/producte\\\/el-beato-josep-samso-i-elias-9788498463781\\\/\",\"name\":\"EL BEATO JOSEP SAMS\u00d3 I ELIAS - Editorial Claret\",\"isPartOf\":{\"@id\":\"https:\\\/\\\/www.editorialclaret.cat\\\/#website\"},\"primaryImageOfPage\":{\"@id\":\"https:\\\/\\\/www.editorialclaret.cat\\\/producte\\\/el-beato-josep-samso-i-elias-9788498463781\\\/#primaryimage\"},\"image\":{\"@id\":\"https:\\\/\\\/www.editorialclaret.cat\\\/producte\\\/el-beato-josep-samso-i-elias-9788498463781\\\/#primaryimage\"},\"thumbnailUrl\":\"https:\\\/\\\/www.editorialclaret.cat\\\/wp-content\\\/uploads\\\/.\\\/9788498463781.jpg\",\"datePublished\":\"2022-11-07T06:49:46+00:00\",\"dateModified\":\"2024-05-22T11:07:54+00:00\",\"breadcrumb\":{\"@id\":\"https:\\\/\\\/www.editorialclaret.cat\\\/producte\\\/el-beato-josep-samso-i-elias-9788498463781\\\/#breadcrumb\"},\"inLanguage\":\"es\",\"potentialAction\":[{\"@type\":\"ReadAction\",\"target\":[\"https:\\\/\\\/www.editorialclaret.cat\\\/producte\\\/el-beato-josep-samso-i-elias-9788498463781\\\/\"]}]},{\"@type\":\"ImageObject\",\"inLanguage\":\"es\",\"@id\":\"https:\\\/\\\/www.editorialclaret.cat\\\/producte\\\/el-beato-josep-samso-i-elias-9788498463781\\\/#primaryimage\",\"url\":\"https:\\\/\\\/www.editorialclaret.cat\\\/wp-content\\\/uploads\\\/.\\\/9788498463781.jpg\",\"contentUrl\":\"https:\\\/\\\/www.editorialclaret.cat\\\/wp-content\\\/uploads\\\/.\\\/9788498463781.jpg\",\"width\":225,\"height\":331,\"caption\":\"9788498463781.jpg\"},{\"@type\":\"BreadcrumbList\",\"@id\":\"https:\\\/\\\/www.editorialclaret.cat\\\/producte\\\/el-beato-josep-samso-i-elias-9788498463781\\\/#breadcrumb\",\"itemListElement\":[{\"@type\":\"ListItem\",\"position\":1,\"name\":\"Portada\",\"item\":\"https:\\\/\\\/www.editorialclaret.cat\\\/es\\\/\"},{\"@type\":\"ListItem\",\"position\":2,\"name\":\"Botiga\",\"item\":\"https:\\\/\\\/www.editorialclaret.cat\\\/?page_id=16\"},{\"@type\":\"ListItem\",\"position\":3,\"name\":\"EL BEATO JOSEP SAMS\u00d3 I ELIAS\"}]},{\"@type\":\"WebSite\",\"@id\":\"https:\\\/\\\/www.editorialclaret.cat\\\/#website\",\"url\":\"https:\\\/\\\/www.editorialclaret.cat\\\/\",\"name\":\"Editorial Claret\",\"description\":\"\",\"publisher\":{\"@id\":\"https:\\\/\\\/www.editorialclaret.cat\\\/#organization\"},\"potentialAction\":[{\"@type\":\"SearchAction\",\"target\":{\"@type\":\"EntryPoint\",\"urlTemplate\":\"https:\\\/\\\/www.editorialclaret.cat\\\/?s={search_term_string}\"},\"query-input\":{\"@type\":\"PropertyValueSpecification\",\"valueRequired\":true,\"valueName\":\"search_term_string\"}}],\"inLanguage\":\"es\"},{\"@type\":\"Organization\",\"@id\":\"https:\\\/\\\/www.editorialclaret.cat\\\/#organization\",\"name\":\"Editorial Claret\",\"url\":\"https:\\\/\\\/www.editorialclaret.cat\\\/\",\"logo\":{\"@type\":\"ImageObject\",\"inLanguage\":\"es\",\"@id\":\"https:\\\/\\\/www.editorialclaret.cat\\\/#\\\/schema\\\/logo\\\/image\\\/\",\"url\":\"https:\\\/\\\/www.editorialclaret.cat\\\/wp-content\\\/uploads\\\/.\\\/logo-claret.png\",\"contentUrl\":\"https:\\\/\\\/www.editorialclaret.cat\\\/wp-content\\\/uploads\\\/.\\\/logo-claret.png\",\"width\":194,\"height\":79,\"caption\":\"Editorial Claret\"},\"image\":{\"@id\":\"https:\\\/\\\/www.editorialclaret.cat\\\/#\\\/schema\\\/logo\\\/image\\\/\"}}]}<\/script>\n<!-- \/ Yoast SEO plugin. -->","yoast_head_json":{"title":"Editorial Claret","robots":{"index":"noindex","follow":"follow","max-snippet":"max-snippet:-1","max-image-preview":"max-image-preview:large","max-video-preview":"max-video-preview:-1"},"og_locale":"es_ES","og_type":"article","og_title":"EL BEATO JOSEP SAMS\u00d3 I ELIAS - Editorial Claret","og_description":"REIXACH PUIG, RAMON","og_url":"https:\/\/www.editorialclaret.cat\/producte\/el-beato-josep-samso-i-elias-9788498463781\/","og_site_name":"Editorial Claret","article_modified_time":"2024-05-22T11:07:54+00:00","og_image":[{"width":225,"height":331,"url":"https:\/\/www.editorialclaret.cat\/wp-content\/uploads\/.\/9788498463781.jpg","type":"image\/jpeg"}],"twitter_card":"summary_large_image","twitter_misc":{"Tiempo de lectura":"1 minuto"},"schema":{"@context":"https:\/\/schema.org","@graph":[{"@type":"WebPage","@id":"https:\/\/www.editorialclaret.cat\/producte\/el-beato-josep-samso-i-elias-9788498463781\/","url":"https:\/\/www.editorialclaret.cat\/producte\/el-beato-josep-samso-i-elias-9788498463781\/","name":"EL BEATO JOSEP SAMS\u00d3 I ELIAS - Editorial Claret","isPartOf":{"@id":"https:\/\/www.editorialclaret.cat\/#website"},"primaryImageOfPage":{"@id":"https:\/\/www.editorialclaret.cat\/producte\/el-beato-josep-samso-i-elias-9788498463781\/#primaryimage"},"image":{"@id":"https:\/\/www.editorialclaret.cat\/producte\/el-beato-josep-samso-i-elias-9788498463781\/#primaryimage"},"thumbnailUrl":"https:\/\/www.editorialclaret.cat\/wp-content\/uploads\/.\/9788498463781.jpg","datePublished":"2022-11-07T06:49:46+00:00","dateModified":"2024-05-22T11:07:54+00:00","breadcrumb":{"@id":"https:\/\/www.editorialclaret.cat\/producte\/el-beato-josep-samso-i-elias-9788498463781\/#breadcrumb"},"inLanguage":"es","potentialAction":[{"@type":"ReadAction","target":["https:\/\/www.editorialclaret.cat\/producte\/el-beato-josep-samso-i-elias-9788498463781\/"]}]},{"@type":"ImageObject","inLanguage":"es","@id":"https:\/\/www.editorialclaret.cat\/producte\/el-beato-josep-samso-i-elias-9788498463781\/#primaryimage","url":"https:\/\/www.editorialclaret.cat\/wp-content\/uploads\/.\/9788498463781.jpg","contentUrl":"https:\/\/www.editorialclaret.cat\/wp-content\/uploads\/.\/9788498463781.jpg","width":225,"height":331,"caption":"9788498463781.jpg"},{"@type":"BreadcrumbList","@id":"https:\/\/www.editorialclaret.cat\/producte\/el-beato-josep-samso-i-elias-9788498463781\/#breadcrumb","itemListElement":[{"@type":"ListItem","position":1,"name":"Portada","item":"https:\/\/www.editorialclaret.cat\/es\/"},{"@type":"ListItem","position":2,"name":"Botiga","item":"https:\/\/www.editorialclaret.cat\/?page_id=16"},{"@type":"ListItem","position":3,"name":"EL BEATO JOSEP SAMS\u00d3 I ELIAS"}]},{"@type":"WebSite","@id":"https:\/\/www.editorialclaret.cat\/#website","url":"https:\/\/www.editorialclaret.cat\/","name":"Editorial Claret","description":"","publisher":{"@id":"https:\/\/www.editorialclaret.cat\/#organization"},"potentialAction":[{"@type":"SearchAction","target":{"@type":"EntryPoint","urlTemplate":"https:\/\/www.editorialclaret.cat\/?s={search_term_string}"},"query-input":{"@type":"PropertyValueSpecification","valueRequired":true,"valueName":"search_term_string"}}],"inLanguage":"es"},{"@type":"Organization","@id":"https:\/\/www.editorialclaret.cat\/#organization","name":"Editorial Claret","url":"https:\/\/www.editorialclaret.cat\/","logo":{"@type":"ImageObject","inLanguage":"es","@id":"https:\/\/www.editorialclaret.cat\/#\/schema\/logo\/image\/","url":"https:\/\/www.editorialclaret.cat\/wp-content\/uploads\/.\/logo-claret.png","contentUrl":"https:\/\/www.editorialclaret.cat\/wp-content\/uploads\/.\/logo-claret.png","width":194,"height":79,"caption":"Editorial Claret"},"image":{"@id":"https:\/\/www.editorialclaret.cat\/#\/schema\/logo\/image\/"}}]}},"_links":{"self":[{"href":"https:\/\/www.editorialclaret.cat\/es\/wp-json\/wp\/v2\/product\/48222","targetHints":{"allow":["GET"]}}],"collection":[{"href":"https:\/\/www.editorialclaret.cat\/es\/wp-json\/wp\/v2\/product"}],"about":[{"href":"https:\/\/www.editorialclaret.cat\/es\/wp-json\/wp\/v2\/types\/product"}],"wp:featuredmedia":[{"embeddable":true,"href":"https:\/\/www.editorialclaret.cat\/es\/wp-json\/wp\/v2\/media\/48223"}],"wp:attachment":[{"href":"https:\/\/www.editorialclaret.cat\/es\/wp-json\/wp\/v2\/media?parent=48222"}],"wp:term":[{"taxonomy":"product_brand","embeddable":true,"href":"https:\/\/www.editorialclaret.cat\/es\/wp-json\/wp\/v2\/product_brand?post=48222"},{"taxonomy":"product_cat","embeddable":true,"href":"https:\/\/www.editorialclaret.cat\/es\/wp-json\/wp\/v2\/product_cat?post=48222"},{"taxonomy":"product_tag","embeddable":true,"href":"https:\/\/www.editorialclaret.cat\/es\/wp-json\/wp\/v2\/product_tag?post=48222"}],"curies":[{"name":"wp","href":"https:\/\/api.w.org\/{rel}","templated":true}]}}