{"id":48209,"date":"2022-11-07T07:49:32","date_gmt":"2022-11-07T06:49:32","guid":{"rendered":"http:\/\/dev.editorialclaret.cat\/producte\/jacint-verdaguer-caritat\/"},"modified":"2026-01-03T11:35:53","modified_gmt":"2026-01-03T10:35:53","slug":"jacint-verdaguer-caritat-9788498463873","status":"publish","type":"product","link":"https:\/\/www.editorialclaret.cat\/es\/producto\/jacint-verdaguer-caritat-9788498463873\/","title":{"rendered":"JACINT VERDAGUER. CARITAT"},"content":{"rendered":"<p>Enguany ha fet 125 anys de la primera edici\u00f3 del llibre Caritat de Jacint Verdaguer, que l\u2019ofer\u00ed al bisbe de Barcelona, Jaume Catal\u00e0, com a \u00f2bol per als damnificats dels terratr\u00e8mols d\u2019Andalusia del 27 de desembre del 1884. El poeta explicava al bisbe que, veient la generositat amb qu\u00e8 tantes persones dipositaven els seus dons i almoines al palau episcopal, avergonyit, se\u2019n an\u00e0 a casa a cercar el seu \u00f2bol humil, i aix\u00ed com si hagu\u00e9s estat flequer hauria dat un parell de pans, essent poeta es cregu\u00e9 obligat a donar algun b\u00e9 de D\u00e9u de poesia.<br \/>Joan Carreres ens presenta els poemes de Caritat acompanyats d\u2019un ampli estudi que ens mostra de<br \/>quina manera aquesta virtut, la caritat, va ser la clau de volta de la vida del poeta. A Els goigs de<br \/>Moss\u00e8n Cinto, Carreres ens presentava els papers volanders amagats en els llibres de Verdaguer; a Verdaguer i l\u2019Esgl\u00e9sia ens feia descobrir el poeta capell\u00e0 que mai no deix\u00e0 de ser capell\u00e0-poeta; en aquest Jacint Verdaguer: Caritat, ens mostra una nova faceta de la complexa personalitat de Moss\u00e8n Cinto: l\u2019home gener\u00f3s d\u2019una profunda c\u00e0rrega humana i solid\u00e0ria.<\/p>\n","protected":false},"excerpt":{"rendered":"<p>CARRERES I P\u00c9RA, JOAN<\/p>\n","protected":false},"featured_media":66262,"template":"","meta":{"_acf_changed":false,"rs_blank_template":"","rs_page_bg_color":"","slide_template_v7":"","inline_featured_image":false,"_monsterinsights_skip_tracking":false,"_monsterinsights_sitenote_active":false,"_monsterinsights_sitenote_note":"","_monsterinsights_sitenote_category":0},"product_brand":[],"product_cat":[16],"product_tag":[],"class_list":{"0":"post-48209","1":"product","2":"type-product","3":"status-publish","4":"has-post-thumbnail","6":"product_cat-sense-categoria","8":"first","9":"instock","10":"taxable","11":"shipping-taxable","12":"purchasable","13":"product-type-simple"},"acf":{"autor":"CARRERES I P\u00c9RA, JOAN","codart":"849846387","libros-coleccion":"","ediciones":"1","encuadernacion":"R\u00fastica","fecha_de_publicacion":"21\/04\/2010","novedad":"0","paginas":"0","subtitulo":"","orden":"999","portada":"0","idioma":"cat","autores-libros":[{"ID":16584,"post_author":"3","post_date":"2022-10-19 01:06:47","post_date_gmt":"2022-10-18 23:06:47","post_content":"","post_title":"JOAN CARRERES I P\u00c9RA","post_excerpt":"","post_status":"publish","comment_status":"closed","ping_status":"closed","post_password":"","post_name":"joan-carreres-i-pera","to_ping":"","pinged":"","post_modified":"2022-10-19 01:06:47","post_modified_gmt":"2022-10-18 23:06:47","post_content_filtered":"","post_parent":0,"guid":"http:\/\/dev.editorialclaret.cat\/autor\/joan-carreres-i-pera\/","menu_order":0,"post_type":"autor","post_mime_type":"","comment_count":"0","filter":"raw"}],"booktrailer":"","resenas":""},"yoast_head":"<!-- This site is optimized with the Yoast SEO plugin v27.3 - https:\/\/yoast.com\/product\/yoast-seo-wordpress\/ -->\n<title>Editorial Claret<\/title>\n<meta name=\"robots\" content=\"noindex, follow, max-snippet:-1, max-image-preview:large, max-video-preview:-1\" \/>\n<meta property=\"og:locale\" content=\"es_ES\" \/>\n<meta property=\"og:type\" content=\"article\" \/>\n<meta property=\"og:title\" content=\"JACINT VERDAGUER. CARITAT - Editorial Claret\" \/>\n<meta property=\"og:description\" content=\"CARRERES I P\u00c9RA, JOAN\" \/>\n<meta property=\"og:url\" content=\"https:\/\/www.editorialclaret.cat\/producte\/jacint-verdaguer-caritat-9788498463873\/\" \/>\n<meta property=\"og:site_name\" content=\"Editorial Claret\" \/>\n<meta property=\"article:modified_time\" content=\"2026-01-03T10:35:53+00:00\" \/>\n<meta property=\"og:image\" content=\"https:\/\/www.editorialclaret.cat\/wp-content\/uploads\/9788498463873-2.jpg\" \/>\n\t<meta property=\"og:image:width\" content=\"350\" \/>\n\t<meta property=\"og:image:height\" content=\"500\" \/>\n\t<meta property=\"og:image:type\" content=\"image\/jpeg\" \/>\n<meta name=\"twitter:card\" content=\"summary_large_image\" \/>\n<meta name=\"twitter:label1\" content=\"Tiempo de lectura\" \/>\n\t<meta name=\"twitter:data1\" content=\"1 minuto\" \/>\n<script type=\"application\/ld+json\" class=\"yoast-schema-graph\">{\"@context\":\"https:\\\/\\\/schema.org\",\"@graph\":[{\"@type\":\"WebPage\",\"@id\":\"https:\\\/\\\/www.editorialclaret.cat\\\/producte\\\/jacint-verdaguer-caritat-9788498463873\\\/\",\"url\":\"https:\\\/\\\/www.editorialclaret.cat\\\/producte\\\/jacint-verdaguer-caritat-9788498463873\\\/\",\"name\":\"JACINT VERDAGUER. CARITAT - Editorial Claret\",\"isPartOf\":{\"@id\":\"https:\\\/\\\/www.editorialclaret.cat\\\/#website\"},\"primaryImageOfPage\":{\"@id\":\"https:\\\/\\\/www.editorialclaret.cat\\\/producte\\\/jacint-verdaguer-caritat-9788498463873\\\/#primaryimage\"},\"image\":{\"@id\":\"https:\\\/\\\/www.editorialclaret.cat\\\/producte\\\/jacint-verdaguer-caritat-9788498463873\\\/#primaryimage\"},\"thumbnailUrl\":\"https:\\\/\\\/www.editorialclaret.cat\\\/wp-content\\\/uploads\\\/9788498463873-2.jpg\",\"datePublished\":\"2022-11-07T06:49:32+00:00\",\"dateModified\":\"2026-01-03T10:35:53+00:00\",\"breadcrumb\":{\"@id\":\"https:\\\/\\\/www.editorialclaret.cat\\\/producte\\\/jacint-verdaguer-caritat-9788498463873\\\/#breadcrumb\"},\"inLanguage\":\"es\",\"potentialAction\":[{\"@type\":\"ReadAction\",\"target\":[\"https:\\\/\\\/www.editorialclaret.cat\\\/producte\\\/jacint-verdaguer-caritat-9788498463873\\\/\"]}]},{\"@type\":\"ImageObject\",\"inLanguage\":\"es\",\"@id\":\"https:\\\/\\\/www.editorialclaret.cat\\\/producte\\\/jacint-verdaguer-caritat-9788498463873\\\/#primaryimage\",\"url\":\"https:\\\/\\\/www.editorialclaret.cat\\\/wp-content\\\/uploads\\\/9788498463873-2.jpg\",\"contentUrl\":\"https:\\\/\\\/www.editorialclaret.cat\\\/wp-content\\\/uploads\\\/9788498463873-2.jpg\",\"width\":350,\"height\":500,\"caption\":\"9788498463873.jpg\"},{\"@type\":\"BreadcrumbList\",\"@id\":\"https:\\\/\\\/www.editorialclaret.cat\\\/producte\\\/jacint-verdaguer-caritat-9788498463873\\\/#breadcrumb\",\"itemListElement\":[{\"@type\":\"ListItem\",\"position\":1,\"name\":\"Portada\",\"item\":\"https:\\\/\\\/www.editorialclaret.cat\\\/es\\\/\"},{\"@type\":\"ListItem\",\"position\":2,\"name\":\"Botiga\",\"item\":\"https:\\\/\\\/www.editorialclaret.cat\\\/?page_id=16\"},{\"@type\":\"ListItem\",\"position\":3,\"name\":\"JACINT VERDAGUER. CARITAT\"}]},{\"@type\":\"WebSite\",\"@id\":\"https:\\\/\\\/www.editorialclaret.cat\\\/#website\",\"url\":\"https:\\\/\\\/www.editorialclaret.cat\\\/\",\"name\":\"Editorial Claret\",\"description\":\"\",\"publisher\":{\"@id\":\"https:\\\/\\\/www.editorialclaret.cat\\\/#organization\"},\"potentialAction\":[{\"@type\":\"SearchAction\",\"target\":{\"@type\":\"EntryPoint\",\"urlTemplate\":\"https:\\\/\\\/www.editorialclaret.cat\\\/?s={search_term_string}\"},\"query-input\":{\"@type\":\"PropertyValueSpecification\",\"valueRequired\":true,\"valueName\":\"search_term_string\"}}],\"inLanguage\":\"es\"},{\"@type\":\"Organization\",\"@id\":\"https:\\\/\\\/www.editorialclaret.cat\\\/#organization\",\"name\":\"Editorial Claret\",\"url\":\"https:\\\/\\\/www.editorialclaret.cat\\\/\",\"logo\":{\"@type\":\"ImageObject\",\"inLanguage\":\"es\",\"@id\":\"https:\\\/\\\/www.editorialclaret.cat\\\/#\\\/schema\\\/logo\\\/image\\\/\",\"url\":\"https:\\\/\\\/www.editorialclaret.cat\\\/wp-content\\\/uploads\\\/.\\\/logo-claret.png\",\"contentUrl\":\"https:\\\/\\\/www.editorialclaret.cat\\\/wp-content\\\/uploads\\\/.\\\/logo-claret.png\",\"width\":194,\"height\":79,\"caption\":\"Editorial Claret\"},\"image\":{\"@id\":\"https:\\\/\\\/www.editorialclaret.cat\\\/#\\\/schema\\\/logo\\\/image\\\/\"}}]}<\/script>\n<!-- \/ Yoast SEO plugin. -->","yoast_head_json":{"title":"Editorial Claret","robots":{"index":"noindex","follow":"follow","max-snippet":"max-snippet:-1","max-image-preview":"max-image-preview:large","max-video-preview":"max-video-preview:-1"},"og_locale":"es_ES","og_type":"article","og_title":"JACINT VERDAGUER. CARITAT - Editorial Claret","og_description":"CARRERES I P\u00c9RA, JOAN","og_url":"https:\/\/www.editorialclaret.cat\/producte\/jacint-verdaguer-caritat-9788498463873\/","og_site_name":"Editorial Claret","article_modified_time":"2026-01-03T10:35:53+00:00","og_image":[{"width":350,"height":500,"url":"https:\/\/www.editorialclaret.cat\/wp-content\/uploads\/9788498463873-2.jpg","type":"image\/jpeg"}],"twitter_card":"summary_large_image","twitter_misc":{"Tiempo de lectura":"1 minuto"},"schema":{"@context":"https:\/\/schema.org","@graph":[{"@type":"WebPage","@id":"https:\/\/www.editorialclaret.cat\/producte\/jacint-verdaguer-caritat-9788498463873\/","url":"https:\/\/www.editorialclaret.cat\/producte\/jacint-verdaguer-caritat-9788498463873\/","name":"JACINT VERDAGUER. CARITAT - Editorial Claret","isPartOf":{"@id":"https:\/\/www.editorialclaret.cat\/#website"},"primaryImageOfPage":{"@id":"https:\/\/www.editorialclaret.cat\/producte\/jacint-verdaguer-caritat-9788498463873\/#primaryimage"},"image":{"@id":"https:\/\/www.editorialclaret.cat\/producte\/jacint-verdaguer-caritat-9788498463873\/#primaryimage"},"thumbnailUrl":"https:\/\/www.editorialclaret.cat\/wp-content\/uploads\/9788498463873-2.jpg","datePublished":"2022-11-07T06:49:32+00:00","dateModified":"2026-01-03T10:35:53+00:00","breadcrumb":{"@id":"https:\/\/www.editorialclaret.cat\/producte\/jacint-verdaguer-caritat-9788498463873\/#breadcrumb"},"inLanguage":"es","potentialAction":[{"@type":"ReadAction","target":["https:\/\/www.editorialclaret.cat\/producte\/jacint-verdaguer-caritat-9788498463873\/"]}]},{"@type":"ImageObject","inLanguage":"es","@id":"https:\/\/www.editorialclaret.cat\/producte\/jacint-verdaguer-caritat-9788498463873\/#primaryimage","url":"https:\/\/www.editorialclaret.cat\/wp-content\/uploads\/9788498463873-2.jpg","contentUrl":"https:\/\/www.editorialclaret.cat\/wp-content\/uploads\/9788498463873-2.jpg","width":350,"height":500,"caption":"9788498463873.jpg"},{"@type":"BreadcrumbList","@id":"https:\/\/www.editorialclaret.cat\/producte\/jacint-verdaguer-caritat-9788498463873\/#breadcrumb","itemListElement":[{"@type":"ListItem","position":1,"name":"Portada","item":"https:\/\/www.editorialclaret.cat\/es\/"},{"@type":"ListItem","position":2,"name":"Botiga","item":"https:\/\/www.editorialclaret.cat\/?page_id=16"},{"@type":"ListItem","position":3,"name":"JACINT VERDAGUER. CARITAT"}]},{"@type":"WebSite","@id":"https:\/\/www.editorialclaret.cat\/#website","url":"https:\/\/www.editorialclaret.cat\/","name":"Editorial Claret","description":"","publisher":{"@id":"https:\/\/www.editorialclaret.cat\/#organization"},"potentialAction":[{"@type":"SearchAction","target":{"@type":"EntryPoint","urlTemplate":"https:\/\/www.editorialclaret.cat\/?s={search_term_string}"},"query-input":{"@type":"PropertyValueSpecification","valueRequired":true,"valueName":"search_term_string"}}],"inLanguage":"es"},{"@type":"Organization","@id":"https:\/\/www.editorialclaret.cat\/#organization","name":"Editorial Claret","url":"https:\/\/www.editorialclaret.cat\/","logo":{"@type":"ImageObject","inLanguage":"es","@id":"https:\/\/www.editorialclaret.cat\/#\/schema\/logo\/image\/","url":"https:\/\/www.editorialclaret.cat\/wp-content\/uploads\/.\/logo-claret.png","contentUrl":"https:\/\/www.editorialclaret.cat\/wp-content\/uploads\/.\/logo-claret.png","width":194,"height":79,"caption":"Editorial Claret"},"image":{"@id":"https:\/\/www.editorialclaret.cat\/#\/schema\/logo\/image\/"}}]}},"_links":{"self":[{"href":"https:\/\/www.editorialclaret.cat\/es\/wp-json\/wp\/v2\/product\/48209","targetHints":{"allow":["GET"]}}],"collection":[{"href":"https:\/\/www.editorialclaret.cat\/es\/wp-json\/wp\/v2\/product"}],"about":[{"href":"https:\/\/www.editorialclaret.cat\/es\/wp-json\/wp\/v2\/types\/product"}],"wp:featuredmedia":[{"embeddable":true,"href":"https:\/\/www.editorialclaret.cat\/es\/wp-json\/wp\/v2\/media\/66262"}],"wp:attachment":[{"href":"https:\/\/www.editorialclaret.cat\/es\/wp-json\/wp\/v2\/media?parent=48209"}],"wp:term":[{"taxonomy":"product_brand","embeddable":true,"href":"https:\/\/www.editorialclaret.cat\/es\/wp-json\/wp\/v2\/product_brand?post=48209"},{"taxonomy":"product_cat","embeddable":true,"href":"https:\/\/www.editorialclaret.cat\/es\/wp-json\/wp\/v2\/product_cat?post=48209"},{"taxonomy":"product_tag","embeddable":true,"href":"https:\/\/www.editorialclaret.cat\/es\/wp-json\/wp\/v2\/product_tag?post=48209"}],"curies":[{"name":"wp","href":"https:\/\/api.w.org\/{rel}","templated":true}]}}